{"id":70087,"date":"2022-02-21T16:08:48","date_gmt":"2022-02-21T15:08:48","guid":{"rendered":"https:\/\/www.eliassen.nl\/?product=sierstenen-groen-verdemadra-40-100mm"},"modified":"2024-12-05T16:00:23","modified_gmt":"2024-12-05T15:00:23","slug":"dekosteine-grun-verdemadra-4-10cm-20kg","status":"publish","type":"product","link":"https:\/\/dev.eliassen.nl\/de\/dekosteine-grun-verdemadra-4-10cm-20kg\/","title":{"rendered":"Dekosteine gr\u00fcn Verdemadra 4-10cm 20kg"},"content":{"rendered":"<p><video controls=\"controls\" width=\"300\" height=\"150\"><source src=\"https:\/\/cdn.webshopapp.com\/shops\/289658\/files\/443750375\/sierstenene-vedamadra-eliassennl.mp4\" type=\"video\/mp4\" \/><\/video><\/p>\n<p>M\u00f6chten Sie gr\u00fcnliche Dekokiesel f\u00fcr Ihr Wasserspiel, f\u00fcr den Garten oder Ihr Denkmal kaufen? Wundersch\u00f6ne, sehr harte runde Marmorsteine in gr\u00fcnlicher Farbe, die kaum gr\u00fcn werden. Passt wunderbar zu Ihrer Dekoration, in Ihrem Garten oder an einer Gedenkst\u00e4tte. Sortierung nach Gr\u00f6\u00dfe 40-100 mm, <strong>eine Grobsortierung mit gro\u00dfen Gr\u00f6\u00dfenunterschieden.<\/strong> Pro m2 werden ca. 3-4 S\u00e4cke dieser Sortierung ben\u00f6tigt, sodass Sie ungef\u00e4hr kalkulieren k\u00f6nnen, was Sie ben\u00f6tigen.<\/p>\n<ul>\n<li>gewaschene Kieselsteine<\/li>\n<li>Gr\u00f6\u00dfe 40\u2013100 mm<\/li>\n<li>20 kg pro Sack<\/li>\n<li><strong>Sehen Sie genau die gleichen Felsbrocken woanders g\u00fcnstiger? Wir zahlen die Differenz!!<\/strong><\/li>\n<li>Sehr harter Marmortyp, wird nicht schnell gr\u00fcn<\/li>\n<li>L\u00e4sst sich wunderbar mit Wasserspielen kombinieren, aber auch an anderer Stelle im Garten oder Denkmal wunderbar<\/li>\n<li>Erh\u00e4ltlich aus eigenem Lagerbestand<\/li>\n<\/ul>\n","protected":false},"excerpt":{"rendered":"<p>M\u00f6chten Sie gr\u00fcnliche Dekokiesel f\u00fcr Ihr Wasserspiel, f\u00fcr den Garten oder Ihr Denkmal kaufen? Wundersch\u00f6ne, sehr harte runde Marmorsteine in gr\u00fcnlicher Farbe, die kaum gr\u00fcn werden. Passt wunderbar zu Ihrer Dekoration, in Ihrem Garten oder an einer Gedenkst\u00e4tte. Sortierung nach Gr\u00f6\u00dfe 40-100 mm, eine Grobsortierung mit gro\u00dfen Gr\u00f6\u00dfenunterschieden. Pro m2 werden ca. 3-4 S\u00e4cke dieser &hellip;<\/p>\n","protected":false},"featured_media":70081,"template":"","meta":{"_acf_changed":false},"product_brand":[],"product_cat":[770,752],"product_tag":[],"class_list":{"0":"post-70087","1":"product","2":"type-product","3":"status-publish","4":"has-post-thumbnail","6":"product_cat-edelsteine","7":"product_cat-weitere-artikel","9":"first","10":"instock","11":"sale","12":"taxable","13":"shipping-taxable","14":"purchasable","15":"product-type-simple"},"acf":[],"yoast_head":"<!-- This site is optimized with the Yoast SEO plugin v23.8 - https:\/\/yoast.com\/wordpress\/plugins\/seo\/ -->\n<title>Dekosteine gr\u00fcn Verdemadra 40-100mm<\/title>\n<meta name=\"description\" content=\"Alle Arten von dekorativen Findlingen und Kieselsteinen k\u00f6nnen online in unserem Webshop bestellt, aber auch live abgeholt werden!! Anderswo g\u00fcnstiger? Wir z...\" \/>\n<meta name=\"robots\" content=\"noindex, follow, max-snippet:-1, max-image-preview:large, max-video-preview:-1\" \/>\n<meta property=\"og:locale\" content=\"de_DE\" \/>\n<meta property=\"og:type\" content=\"article\" \/>\n<meta property=\"og:title\" content=\"Dekosteine gr\u00fcn Verdemadra 40-100mm\" \/>\n<meta property=\"og:description\" content=\"Alle Arten von dekorativen Findlingen und Kieselsteinen k\u00f6nnen online in unserem Webshop bestellt, aber auch live abgeholt werden!! Anderswo g\u00fcnstiger? Wir z...\" \/>\n<meta property=\"og:url\" content=\"https:\/\/dev.eliassen.nl\/de\/dekosteine-grun-verdemadra-4-10cm-20kg\/\" \/>\n<meta property=\"og:site_name\" content=\"Eliassen.nl\" \/>\n<meta property=\"article:publisher\" content=\"https:\/\/www.facebook.com\/TuincentrumEliassenAmmerzoden\" \/>\n<meta property=\"article:modified_time\" content=\"2024-12-05T15:00:23+00:00\" \/>\n<meta property=\"og:image\" content=\"https:\/\/dev.eliassen.nl\/wp-content\/uploads\/2024\/01\/img20220322wa0006.jpg\" \/>\n\t<meta property=\"og:image:width\" content=\"1080\" \/>\n\t<meta property=\"og:image:height\" content=\"1920\" \/>\n\t<meta property=\"og:image:type\" content=\"image\/jpeg\" \/>\n<meta name=\"twitter:card\" content=\"summary_large_image\" \/>\n<script type=\"application\/ld+json\" class=\"yoast-schema-graph\">{\"@context\":\"https:\/\/schema.org\",\"@graph\":[{\"@type\":\"WebPage\",\"@id\":\"https:\/\/dev.eliassen.nl\/de\/dekosteine-grun-verdemadra-4-10cm-20kg\/\",\"url\":\"https:\/\/dev.eliassen.nl\/de\/dekosteine-grun-verdemadra-4-10cm-20kg\/\",\"name\":\"Dekosteine gr\u00fcn Verdemadra 40-100mm\",\"isPartOf\":{\"@id\":\"https:\/\/dev.eliassen.nl\/de\/#website\"},\"primaryImageOfPage\":{\"@id\":\"https:\/\/dev.eliassen.nl\/de\/dekosteine-grun-verdemadra-4-10cm-20kg\/#primaryimage\"},\"image\":{\"@id\":\"https:\/\/dev.eliassen.nl\/de\/dekosteine-grun-verdemadra-4-10cm-20kg\/#primaryimage\"},\"thumbnailUrl\":\"https:\/\/dev.eliassen.nl\/wp-content\/uploads\/2024\/01\/img20220322wa0006.jpg\",\"datePublished\":\"2022-02-21T15:08:48+00:00\",\"dateModified\":\"2024-12-05T15:00:23+00:00\",\"description\":\"Alle Arten von dekorativen Findlingen und Kieselsteinen k\u00f6nnen online in unserem Webshop bestellt, aber auch live abgeholt werden!! Anderswo g\u00fcnstiger? Wir z...\",\"breadcrumb\":{\"@id\":\"https:\/\/dev.eliassen.nl\/de\/dekosteine-grun-verdemadra-4-10cm-20kg\/#breadcrumb\"},\"inLanguage\":\"de\",\"potentialAction\":[{\"@type\":\"ReadAction\",\"target\":[\"https:\/\/dev.eliassen.nl\/de\/dekosteine-grun-verdemadra-4-10cm-20kg\/\"]}]},{\"@type\":\"ImageObject\",\"inLanguage\":\"de\",\"@id\":\"https:\/\/dev.eliassen.nl\/de\/dekosteine-grun-verdemadra-4-10cm-20kg\/#primaryimage\",\"url\":\"https:\/\/dev.eliassen.nl\/wp-content\/uploads\/2024\/01\/img20220322wa0006.jpg\",\"contentUrl\":\"https:\/\/dev.eliassen.nl\/wp-content\/uploads\/2024\/01\/img20220322wa0006.jpg\",\"width\":1080,\"height\":1920,\"caption\":\"IMG-20220322-WA0006\"},{\"@type\":\"BreadcrumbList\",\"@id\":\"https:\/\/dev.eliassen.nl\/de\/dekosteine-grun-verdemadra-4-10cm-20kg\/#breadcrumb\",\"itemListElement\":[{\"@type\":\"ListItem\",\"position\":1,\"name\":\"Home\",\"item\":\"https:\/\/dev.eliassen.nl\/de\/\"},{\"@type\":\"ListItem\",\"position\":2,\"name\":\"Shop\",\"item\":\"https:\/\/dev.eliassen.nl\/nl\/winkel\/\"},{\"@type\":\"ListItem\",\"position\":3,\"name\":\"Weitere Artikel\",\"item\":\"https:\/\/dev.eliassen.nl\/de\/weitere-artikel\/\"},{\"@type\":\"ListItem\",\"position\":4,\"name\":\"Edelsteine\",\"item\":\"https:\/\/dev.eliassen.nl\/de\/garten-andere\/edelsteine\/\"},{\"@type\":\"ListItem\",\"position\":5,\"name\":\"Dekosteine gr\u00fcn Verdemadra 4-10cm 20kg\"}]},{\"@type\":\"WebSite\",\"@id\":\"https:\/\/dev.eliassen.nl\/de\/#website\",\"url\":\"https:\/\/dev.eliassen.nl\/de\/\",\"name\":\"Eliassen Home & Garden Pleasure\",\"description\":\"\",\"publisher\":{\"@id\":\"https:\/\/dev.eliassen.nl\/de\/#organization\"},\"alternateName\":\"Eliassen.nl\",\"potentialAction\":[{\"@type\":\"SearchAction\",\"target\":{\"@type\":\"EntryPoint\",\"urlTemplate\":\"https:\/\/dev.eliassen.nl\/de\/?s={search_term_string}\"},\"query-input\":{\"@type\":\"PropertyValueSpecification\",\"valueRequired\":true,\"valueName\":\"search_term_string\"}}],\"inLanguage\":\"de\"},{\"@type\":\"Organization\",\"@id\":\"https:\/\/dev.eliassen.nl\/de\/#organization\",\"name\":\"Eliassen Home & Garden Pleasure\",\"url\":\"https:\/\/dev.eliassen.nl\/de\/\",\"logo\":{\"@type\":\"ImageObject\",\"inLanguage\":\"de\",\"@id\":\"https:\/\/dev.eliassen.nl\/de\/#\/schema\/logo\/image\/\",\"url\":\"https:\/\/www.eliassen.nl\/wp-content\/uploads\/2024\/01\/logo_4nd.jpg\",\"contentUrl\":\"https:\/\/www.eliassen.nl\/wp-content\/uploads\/2024\/01\/logo_4nd.jpg\",\"width\":500,\"height\":500,\"caption\":\"Eliassen Home & Garden Pleasure\"},\"image\":{\"@id\":\"https:\/\/dev.eliassen.nl\/de\/#\/schema\/logo\/image\/\"},\"sameAs\":[\"https:\/\/www.facebook.com\/TuincentrumEliassenAmmerzoden\",\"https:\/\/www.instagram.com\/eliassenhomeandgarden\/\",\"https:\/\/nl.pinterest.com\/eliassenhomeandgarden\/\",\"https:\/\/www.youtube.com\/@eliassenhomegardenpleasure4558\"]}]}<\/script>\n<!-- \/ Yoast SEO plugin. -->","yoast_head_json":{"title":"Dekosteine gr\u00fcn Verdemadra 40-100mm","description":"Alle Arten von dekorativen Findlingen und Kieselsteinen k\u00f6nnen online in unserem Webshop bestellt, aber auch live abgeholt werden!! Anderswo g\u00fcnstiger? Wir z...","robots":{"index":"noindex","follow":"follow","max-snippet":"max-snippet:-1","max-image-preview":"max-image-preview:large","max-video-preview":"max-video-preview:-1"},"og_locale":"de_DE","og_type":"article","og_title":"Dekosteine gr\u00fcn Verdemadra 40-100mm","og_description":"Alle Arten von dekorativen Findlingen und Kieselsteinen k\u00f6nnen online in unserem Webshop bestellt, aber auch live abgeholt werden!! Anderswo g\u00fcnstiger? Wir z...","og_url":"https:\/\/dev.eliassen.nl\/de\/dekosteine-grun-verdemadra-4-10cm-20kg\/","og_site_name":"Eliassen.nl","article_publisher":"https:\/\/www.facebook.com\/TuincentrumEliassenAmmerzoden","article_modified_time":"2024-12-05T15:00:23+00:00","og_image":[{"width":1080,"height":1920,"url":"https:\/\/dev.eliassen.nl\/wp-content\/uploads\/2024\/01\/img20220322wa0006.jpg","type":"image\/jpeg"}],"twitter_card":"summary_large_image","schema":{"@context":"https:\/\/schema.org","@graph":[{"@type":"WebPage","@id":"https:\/\/dev.eliassen.nl\/de\/dekosteine-grun-verdemadra-4-10cm-20kg\/","url":"https:\/\/dev.eliassen.nl\/de\/dekosteine-grun-verdemadra-4-10cm-20kg\/","name":"Dekosteine gr\u00fcn Verdemadra 40-100mm","isPartOf":{"@id":"https:\/\/dev.eliassen.nl\/de\/#website"},"primaryImageOfPage":{"@id":"https:\/\/dev.eliassen.nl\/de\/dekosteine-grun-verdemadra-4-10cm-20kg\/#primaryimage"},"image":{"@id":"https:\/\/dev.eliassen.nl\/de\/dekosteine-grun-verdemadra-4-10cm-20kg\/#primaryimage"},"thumbnailUrl":"https:\/\/dev.eliassen.nl\/wp-content\/uploads\/2024\/01\/img20220322wa0006.jpg","datePublished":"2022-02-21T15:08:48+00:00","dateModified":"2024-12-05T15:00:23+00:00","description":"Alle Arten von dekorativen Findlingen und Kieselsteinen k\u00f6nnen online in unserem Webshop bestellt, aber auch live abgeholt werden!! Anderswo g\u00fcnstiger? Wir z...","breadcrumb":{"@id":"https:\/\/dev.eliassen.nl\/de\/dekosteine-grun-verdemadra-4-10cm-20kg\/#breadcrumb"},"inLanguage":"de","potentialAction":[{"@type":"ReadAction","target":["https:\/\/dev.eliassen.nl\/de\/dekosteine-grun-verdemadra-4-10cm-20kg\/"]}]},{"@type":"ImageObject","inLanguage":"de","@id":"https:\/\/dev.eliassen.nl\/de\/dekosteine-grun-verdemadra-4-10cm-20kg\/#primaryimage","url":"https:\/\/dev.eliassen.nl\/wp-content\/uploads\/2024\/01\/img20220322wa0006.jpg","contentUrl":"https:\/\/dev.eliassen.nl\/wp-content\/uploads\/2024\/01\/img20220322wa0006.jpg","width":1080,"height":1920,"caption":"IMG-20220322-WA0006"},{"@type":"BreadcrumbList","@id":"https:\/\/dev.eliassen.nl\/de\/dekosteine-grun-verdemadra-4-10cm-20kg\/#breadcrumb","itemListElement":[{"@type":"ListItem","position":1,"name":"Home","item":"https:\/\/dev.eliassen.nl\/de\/"},{"@type":"ListItem","position":2,"name":"Shop","item":"https:\/\/dev.eliassen.nl\/nl\/winkel\/"},{"@type":"ListItem","position":3,"name":"Weitere Artikel","item":"https:\/\/dev.eliassen.nl\/de\/weitere-artikel\/"},{"@type":"ListItem","position":4,"name":"Edelsteine","item":"https:\/\/dev.eliassen.nl\/de\/garten-andere\/edelsteine\/"},{"@type":"ListItem","position":5,"name":"Dekosteine gr\u00fcn Verdemadra 4-10cm 20kg"}]},{"@type":"WebSite","@id":"https:\/\/dev.eliassen.nl\/de\/#website","url":"https:\/\/dev.eliassen.nl\/de\/","name":"Eliassen Home & Garden Pleasure","description":"","publisher":{"@id":"https:\/\/dev.eliassen.nl\/de\/#organization"},"alternateName":"Eliassen.nl","potentialAction":[{"@type":"SearchAction","target":{"@type":"EntryPoint","urlTemplate":"https:\/\/dev.eliassen.nl\/de\/?s={search_term_string}"},"query-input":{"@type":"PropertyValueSpecification","valueRequired":true,"valueName":"search_term_string"}}],"inLanguage":"de"},{"@type":"Organization","@id":"https:\/\/dev.eliassen.nl\/de\/#organization","name":"Eliassen Home & Garden Pleasure","url":"https:\/\/dev.eliassen.nl\/de\/","logo":{"@type":"ImageObject","inLanguage":"de","@id":"https:\/\/dev.eliassen.nl\/de\/#\/schema\/logo\/image\/","url":"https:\/\/www.eliassen.nl\/wp-content\/uploads\/2024\/01\/logo_4nd.jpg","contentUrl":"https:\/\/www.eliassen.nl\/wp-content\/uploads\/2024\/01\/logo_4nd.jpg","width":500,"height":500,"caption":"Eliassen Home & Garden Pleasure"},"image":{"@id":"https:\/\/dev.eliassen.nl\/de\/#\/schema\/logo\/image\/"},"sameAs":["https:\/\/www.facebook.com\/TuincentrumEliassenAmmerzoden","https:\/\/www.instagram.com\/eliassenhomeandgarden\/","https:\/\/nl.pinterest.com\/eliassenhomeandgarden\/","https:\/\/www.youtube.com\/@eliassenhomegardenpleasure4558"]}]}},"df_price":9.95,"df_sale_price":9.95,"df_regular_price":12.5,"df_image_link":"https:\/\/dev.eliassen.nl\/wp-content\/uploads\/2024\/01\/img20220322wa0006.jpg","image":"https:\/\/dev.eliassen.nl\/wp-content\/uploads\/2024\/01\/img20220322wa0006.jpg","price_search":"<span class=\"woocommerce-Price-amount amount\"><bdi><span class=\"woocommerce-Price-currencySymbol\">&euro;<\/span>&nbsp;9,95<\/bdi><\/span>","category":"Edelsteine","_links":{"self":[{"href":"https:\/\/dev.eliassen.nl\/de\/wp-json\/wp\/v2\/product\/70087","targetHints":{"allow":["GET"]}}],"collection":[{"href":"https:\/\/dev.eliassen.nl\/de\/wp-json\/wp\/v2\/product"}],"about":[{"href":"https:\/\/dev.eliassen.nl\/de\/wp-json\/wp\/v2\/types\/product"}],"wp:featuredmedia":[{"embeddable":true,"href":"https:\/\/dev.eliassen.nl\/de\/wp-json\/wp\/v2\/media\/70081"}],"wp:attachment":[{"href":"https:\/\/dev.eliassen.nl\/de\/wp-json\/wp\/v2\/media?parent=70087"}],"wp:term":[{"taxonomy":"product_brand","embeddable":true,"href":"https:\/\/dev.eliassen.nl\/de\/wp-json\/wp\/v2\/product_brand?post=70087"},{"taxonomy":"product_cat","embeddable":true,"href":"https:\/\/dev.eliassen.nl\/de\/wp-json\/wp\/v2\/product_cat?post=70087"},{"taxonomy":"product_tag","embeddable":true,"href":"https:\/\/dev.eliassen.nl\/de\/wp-json\/wp\/v2\/product_tag?post=70087"}],"curies":[{"name":"wp","href":"https:\/\/api.w.org\/{rel}","templated":true}]}}