{"id":70150,"date":"2022-02-26T09:16:53","date_gmt":"2022-02-26T08:16:53","guid":{"rendered":"https:\/\/www.eliassen.nl\/?product=fonteinpomp-pondocompact-2000"},"modified":"2024-12-05T16:00:30","modified_gmt":"2024-12-05T15:00:30","slug":"springbrunnenpumpe-pondocompact-2000","status":"publish","type":"product","link":"https:\/\/dev.eliassen.nl\/de\/springbrunnenpumpe-pondocompact-2000\/","title":{"rendered":"Springbrunnenpumpe Pondocompact 2000"},"content":{"rendered":"<p>Wasserpumpentyp, der speziell f\u00fcr Springbrunnen und Wasserspiele im Innen- und Au\u00dfenbereich entwickelt wurde.<\/p>\n<p>Diese Springbrunnenpumpe kann unter Wasser, aber auch im Trockenbetrieb betrieben werden. Allerdings m\u00fcssen Sie dann noch eine Saugleitung installieren bzw. anschlie\u00dfen. Diese Pumpen verf\u00fcgen \u00fcber einen Schieber, mit dem Sie die Wassermenge einstellen k\u00f6nnen. Pontec: hergestellt von Oase<\/p>\n<h3>Technische Daten PondoCompact 2000<\/h3>\n<ul>\n<li>Maximale Kapazit\u00e4t von 2,2 m\u00b3\/h<\/li>\n<li>Verbrauch von 32 Watt<\/li>\n<li>Abmessungen 170x75x120mm INKLUSIVE FILTERGEH\u00c4USE, bei Bedarf kann dieses Filtergeh\u00e4use entfernt werden.<\/li>\n<li>Maximale F\u00f6rderh\u00f6he bis zu 2,2 Meter<\/li>\n<li>Pumpenleistung bei 1 Meter H\u00f6he 1,35 m3 pro Stunde<\/li>\n<li>Pumpenleistung in 2 Metern H\u00f6he 300 Liter pro Stunde<\/li>\n<li>Druckseitiger Anschluss 3\/4 Innengewinde<\/li>\n<li>Kabell\u00e4nge 10 m<\/li>\n<li>Schlauchanschluss 19mm und 25mm<\/li>\n<li>Thermisch gesch\u00fctzt, f\u00e4llt bei Trockenlauf aus<\/li>\n<li>2 Jahre Garantie bei bestimmungsgem\u00e4\u00dfer Verwendung<\/li>\n<\/ul>\n","protected":false},"excerpt":{"rendered":"<p>\u2713 Kabel 10 m \u2713 Schlauchanschluss 19 mm und 25 mm \u2713 Leistung 32 Watt<\/p>\n","protected":false},"featured_media":70138,"template":"","meta":{"_acf_changed":false},"product_brand":[6936],"product_cat":[545,536],"product_tag":[],"class_list":{"0":"post-70150","1":"product","2":"type-product","3":"status-publish","4":"has-post-thumbnail","6":"product_brand-pontec-de","7":"product_cat-teile-wasserspiele","8":"product_cat-wassereigenschaften","10":"first","11":"instock","12":"taxable","13":"shipping-taxable","14":"purchasable","15":"product-type-simple"},"acf":[],"yoast_head":"<!-- This site is optimized with the Yoast SEO plugin v23.8 - https:\/\/yoast.com\/wordpress\/plugins\/seo\/ -->\n<title>Fonteinpomp Pondocompact 2000<\/title>\n<meta name=\"description\" content=\"Eliassen.nl; voor alle onderdelen van uw waterornament of fontein en goed advies !!\" \/>\n<meta name=\"robots\" content=\"noindex, follow, max-snippet:-1, max-image-preview:large, max-video-preview:-1\" \/>\n<meta property=\"og:locale\" content=\"de_DE\" \/>\n<meta property=\"og:type\" content=\"article\" \/>\n<meta property=\"og:title\" content=\"Fonteinpomp Pondocompact 2000\" \/>\n<meta property=\"og:description\" content=\"Eliassen.nl; voor alle onderdelen van uw waterornament of fontein en goed advies !!\" \/>\n<meta property=\"og:url\" content=\"https:\/\/dev.eliassen.nl\/de\/springbrunnenpumpe-pondocompact-2000\/\" \/>\n<meta property=\"og:site_name\" content=\"Eliassen.nl\" \/>\n<meta property=\"article:publisher\" content=\"https:\/\/www.facebook.com\/TuincentrumEliassenAmmerzoden\" \/>\n<meta property=\"article:modified_time\" content=\"2024-12-05T15:00:30+00:00\" \/>\n<meta property=\"og:image\" content=\"https:\/\/dev.eliassen.nl\/wp-content\/uploads\/2024\/01\/pontecpondocompact2000int.jpg\" \/>\n\t<meta property=\"og:image:width\" content=\"700\" \/>\n\t<meta property=\"og:image:height\" content=\"627\" \/>\n\t<meta property=\"og:image:type\" content=\"image\/jpeg\" \/>\n<meta name=\"twitter:card\" content=\"summary_large_image\" \/>\n<script type=\"application\/ld+json\" class=\"yoast-schema-graph\">{\"@context\":\"https:\/\/schema.org\",\"@graph\":[{\"@type\":\"WebPage\",\"@id\":\"https:\/\/dev.eliassen.nl\/de\/springbrunnenpumpe-pondocompact-2000\/\",\"url\":\"https:\/\/dev.eliassen.nl\/de\/springbrunnenpumpe-pondocompact-2000\/\",\"name\":\"Fonteinpomp Pondocompact 2000\",\"isPartOf\":{\"@id\":\"https:\/\/dev.eliassen.nl\/de\/#website\"},\"primaryImageOfPage\":{\"@id\":\"https:\/\/dev.eliassen.nl\/de\/springbrunnenpumpe-pondocompact-2000\/#primaryimage\"},\"image\":{\"@id\":\"https:\/\/dev.eliassen.nl\/de\/springbrunnenpumpe-pondocompact-2000\/#primaryimage\"},\"thumbnailUrl\":\"https:\/\/dev.eliassen.nl\/wp-content\/uploads\/2024\/01\/pontecpondocompact2000int.jpg\",\"datePublished\":\"2022-02-26T08:16:53+00:00\",\"dateModified\":\"2024-12-05T15:00:30+00:00\",\"description\":\"Eliassen.nl; voor alle onderdelen van uw waterornament of fontein en goed advies !!\",\"breadcrumb\":{\"@id\":\"https:\/\/dev.eliassen.nl\/de\/springbrunnenpumpe-pondocompact-2000\/#breadcrumb\"},\"inLanguage\":\"de\",\"potentialAction\":[{\"@type\":\"ReadAction\",\"target\":[\"https:\/\/dev.eliassen.nl\/de\/springbrunnenpumpe-pondocompact-2000\/\"]}]},{\"@type\":\"ImageObject\",\"inLanguage\":\"de\",\"@id\":\"https:\/\/dev.eliassen.nl\/de\/springbrunnenpumpe-pondocompact-2000\/#primaryimage\",\"url\":\"https:\/\/dev.eliassen.nl\/wp-content\/uploads\/2024\/01\/pontecpondocompact2000int.jpg\",\"contentUrl\":\"https:\/\/dev.eliassen.nl\/wp-content\/uploads\/2024\/01\/pontecpondocompact2000int.jpg\",\"width\":700,\"height\":627,\"caption\":\"Pontec-PondoCompact-2000INT\"},{\"@type\":\"BreadcrumbList\",\"@id\":\"https:\/\/dev.eliassen.nl\/de\/springbrunnenpumpe-pondocompact-2000\/#breadcrumb\",\"itemListElement\":[{\"@type\":\"ListItem\",\"position\":1,\"name\":\"Home\",\"item\":\"https:\/\/dev.eliassen.nl\/de\/\"},{\"@type\":\"ListItem\",\"position\":2,\"name\":\"Shop\",\"item\":\"https:\/\/dev.eliassen.nl\/nl\/winkel\/\"},{\"@type\":\"ListItem\",\"position\":3,\"name\":\"Wasserspiele\",\"item\":\"https:\/\/dev.eliassen.nl\/de\/wassereigenschaften\/\"},{\"@type\":\"ListItem\",\"position\":4,\"name\":\"Teile Wasserspiele\",\"item\":\"https:\/\/dev.eliassen.nl\/de\/wassereigenschaften\/teile-wasserspiele\/\"},{\"@type\":\"ListItem\",\"position\":5,\"name\":\"Springbrunnenpumpe Pondocompact 2000\"}]},{\"@type\":\"WebSite\",\"@id\":\"https:\/\/dev.eliassen.nl\/de\/#website\",\"url\":\"https:\/\/dev.eliassen.nl\/de\/\",\"name\":\"Eliassen Home & Garden Pleasure\",\"description\":\"\",\"publisher\":{\"@id\":\"https:\/\/dev.eliassen.nl\/de\/#organization\"},\"alternateName\":\"Eliassen.nl\",\"potentialAction\":[{\"@type\":\"SearchAction\",\"target\":{\"@type\":\"EntryPoint\",\"urlTemplate\":\"https:\/\/dev.eliassen.nl\/de\/?s={search_term_string}\"},\"query-input\":{\"@type\":\"PropertyValueSpecification\",\"valueRequired\":true,\"valueName\":\"search_term_string\"}}],\"inLanguage\":\"de\"},{\"@type\":\"Organization\",\"@id\":\"https:\/\/dev.eliassen.nl\/de\/#organization\",\"name\":\"Eliassen Home & Garden Pleasure\",\"url\":\"https:\/\/dev.eliassen.nl\/de\/\",\"logo\":{\"@type\":\"ImageObject\",\"inLanguage\":\"de\",\"@id\":\"https:\/\/dev.eliassen.nl\/de\/#\/schema\/logo\/image\/\",\"url\":\"https:\/\/www.eliassen.nl\/wp-content\/uploads\/2024\/01\/logo_4nd.jpg\",\"contentUrl\":\"https:\/\/www.eliassen.nl\/wp-content\/uploads\/2024\/01\/logo_4nd.jpg\",\"width\":500,\"height\":500,\"caption\":\"Eliassen Home & Garden Pleasure\"},\"image\":{\"@id\":\"https:\/\/dev.eliassen.nl\/de\/#\/schema\/logo\/image\/\"},\"sameAs\":[\"https:\/\/www.facebook.com\/TuincentrumEliassenAmmerzoden\",\"https:\/\/www.instagram.com\/eliassenhomeandgarden\/\",\"https:\/\/nl.pinterest.com\/eliassenhomeandgarden\/\",\"https:\/\/www.youtube.com\/@eliassenhomegardenpleasure4558\"]}]}<\/script>\n<!-- \/ Yoast SEO plugin. -->","yoast_head_json":{"title":"Fonteinpomp Pondocompact 2000","description":"Eliassen.nl; voor alle onderdelen van uw waterornament of fontein en goed advies !!","robots":{"index":"noindex","follow":"follow","max-snippet":"max-snippet:-1","max-image-preview":"max-image-preview:large","max-video-preview":"max-video-preview:-1"},"og_locale":"de_DE","og_type":"article","og_title":"Fonteinpomp Pondocompact 2000","og_description":"Eliassen.nl; voor alle onderdelen van uw waterornament of fontein en goed advies !!","og_url":"https:\/\/dev.eliassen.nl\/de\/springbrunnenpumpe-pondocompact-2000\/","og_site_name":"Eliassen.nl","article_publisher":"https:\/\/www.facebook.com\/TuincentrumEliassenAmmerzoden","article_modified_time":"2024-12-05T15:00:30+00:00","og_image":[{"width":700,"height":627,"url":"https:\/\/dev.eliassen.nl\/wp-content\/uploads\/2024\/01\/pontecpondocompact2000int.jpg","type":"image\/jpeg"}],"twitter_card":"summary_large_image","schema":{"@context":"https:\/\/schema.org","@graph":[{"@type":"WebPage","@id":"https:\/\/dev.eliassen.nl\/de\/springbrunnenpumpe-pondocompact-2000\/","url":"https:\/\/dev.eliassen.nl\/de\/springbrunnenpumpe-pondocompact-2000\/","name":"Fonteinpomp Pondocompact 2000","isPartOf":{"@id":"https:\/\/dev.eliassen.nl\/de\/#website"},"primaryImageOfPage":{"@id":"https:\/\/dev.eliassen.nl\/de\/springbrunnenpumpe-pondocompact-2000\/#primaryimage"},"image":{"@id":"https:\/\/dev.eliassen.nl\/de\/springbrunnenpumpe-pondocompact-2000\/#primaryimage"},"thumbnailUrl":"https:\/\/dev.eliassen.nl\/wp-content\/uploads\/2024\/01\/pontecpondocompact2000int.jpg","datePublished":"2022-02-26T08:16:53+00:00","dateModified":"2024-12-05T15:00:30+00:00","description":"Eliassen.nl; voor alle onderdelen van uw waterornament of fontein en goed advies !!","breadcrumb":{"@id":"https:\/\/dev.eliassen.nl\/de\/springbrunnenpumpe-pondocompact-2000\/#breadcrumb"},"inLanguage":"de","potentialAction":[{"@type":"ReadAction","target":["https:\/\/dev.eliassen.nl\/de\/springbrunnenpumpe-pondocompact-2000\/"]}]},{"@type":"ImageObject","inLanguage":"de","@id":"https:\/\/dev.eliassen.nl\/de\/springbrunnenpumpe-pondocompact-2000\/#primaryimage","url":"https:\/\/dev.eliassen.nl\/wp-content\/uploads\/2024\/01\/pontecpondocompact2000int.jpg","contentUrl":"https:\/\/dev.eliassen.nl\/wp-content\/uploads\/2024\/01\/pontecpondocompact2000int.jpg","width":700,"height":627,"caption":"Pontec-PondoCompact-2000INT"},{"@type":"BreadcrumbList","@id":"https:\/\/dev.eliassen.nl\/de\/springbrunnenpumpe-pondocompact-2000\/#breadcrumb","itemListElement":[{"@type":"ListItem","position":1,"name":"Home","item":"https:\/\/dev.eliassen.nl\/de\/"},{"@type":"ListItem","position":2,"name":"Shop","item":"https:\/\/dev.eliassen.nl\/nl\/winkel\/"},{"@type":"ListItem","position":3,"name":"Wasserspiele","item":"https:\/\/dev.eliassen.nl\/de\/wassereigenschaften\/"},{"@type":"ListItem","position":4,"name":"Teile Wasserspiele","item":"https:\/\/dev.eliassen.nl\/de\/wassereigenschaften\/teile-wasserspiele\/"},{"@type":"ListItem","position":5,"name":"Springbrunnenpumpe Pondocompact 2000"}]},{"@type":"WebSite","@id":"https:\/\/dev.eliassen.nl\/de\/#website","url":"https:\/\/dev.eliassen.nl\/de\/","name":"Eliassen Home & Garden Pleasure","description":"","publisher":{"@id":"https:\/\/dev.eliassen.nl\/de\/#organization"},"alternateName":"Eliassen.nl","potentialAction":[{"@type":"SearchAction","target":{"@type":"EntryPoint","urlTemplate":"https:\/\/dev.eliassen.nl\/de\/?s={search_term_string}"},"query-input":{"@type":"PropertyValueSpecification","valueRequired":true,"valueName":"search_term_string"}}],"inLanguage":"de"},{"@type":"Organization","@id":"https:\/\/dev.eliassen.nl\/de\/#organization","name":"Eliassen Home & Garden Pleasure","url":"https:\/\/dev.eliassen.nl\/de\/","logo":{"@type":"ImageObject","inLanguage":"de","@id":"https:\/\/dev.eliassen.nl\/de\/#\/schema\/logo\/image\/","url":"https:\/\/www.eliassen.nl\/wp-content\/uploads\/2024\/01\/logo_4nd.jpg","contentUrl":"https:\/\/www.eliassen.nl\/wp-content\/uploads\/2024\/01\/logo_4nd.jpg","width":500,"height":500,"caption":"Eliassen Home & Garden Pleasure"},"image":{"@id":"https:\/\/dev.eliassen.nl\/de\/#\/schema\/logo\/image\/"},"sameAs":["https:\/\/www.facebook.com\/TuincentrumEliassenAmmerzoden","https:\/\/www.instagram.com\/eliassenhomeandgarden\/","https:\/\/nl.pinterest.com\/eliassenhomeandgarden\/","https:\/\/www.youtube.com\/@eliassenhomegardenpleasure4558"]}]}},"df_price":67.5,"df_sale_price":"","df_regular_price":67.5,"df_image_link":"https:\/\/dev.eliassen.nl\/wp-content\/uploads\/2024\/01\/pontecpondocompact2000int.jpg","image":"https:\/\/dev.eliassen.nl\/wp-content\/uploads\/2024\/01\/pontecpondocompact2000int.jpg","price_search":"<span class=\"woocommerce-Price-amount amount\"><bdi><span class=\"woocommerce-Price-currencySymbol\">&euro;<\/span>&nbsp;67,50<\/bdi><\/span>","category":"Teile Wasserspiele","_links":{"self":[{"href":"https:\/\/dev.eliassen.nl\/de\/wp-json\/wp\/v2\/product\/70150","targetHints":{"allow":["GET"]}}],"collection":[{"href":"https:\/\/dev.eliassen.nl\/de\/wp-json\/wp\/v2\/product"}],"about":[{"href":"https:\/\/dev.eliassen.nl\/de\/wp-json\/wp\/v2\/types\/product"}],"wp:featuredmedia":[{"embeddable":true,"href":"https:\/\/dev.eliassen.nl\/de\/wp-json\/wp\/v2\/media\/70138"}],"wp:attachment":[{"href":"https:\/\/dev.eliassen.nl\/de\/wp-json\/wp\/v2\/media?parent=70150"}],"wp:term":[{"taxonomy":"product_brand","embeddable":true,"href":"https:\/\/dev.eliassen.nl\/de\/wp-json\/wp\/v2\/product_brand?post=70150"},{"taxonomy":"product_cat","embeddable":true,"href":"https:\/\/dev.eliassen.nl\/de\/wp-json\/wp\/v2\/product_cat?post=70150"},{"taxonomy":"product_tag","embeddable":true,"href":"https:\/\/dev.eliassen.nl\/de\/wp-json\/wp\/v2\/product_tag?post=70150"}],"curies":[{"name":"wp","href":"https:\/\/api.w.org\/{rel}","templated":true}]}}