{"id":70180,"date":"2022-02-26T09:21:05","date_gmt":"2022-02-26T08:21:05","guid":{"rendered":"https:\/\/www.eliassen.nl\/?product=fonteinpomp-pondocompact-5000"},"modified":"2024-12-05T16:00:34","modified_gmt":"2024-12-05T15:00:34","slug":"springbrunnenpumpe-pondocompact-5000","status":"publish","type":"product","link":"https:\/\/dev.eliassen.nl\/de\/springbrunnenpumpe-pondocompact-5000\/","title":{"rendered":"Springbrunnenpumpe Pondocompact 5000"},"content":{"rendered":"<p>Wasserpumpentyp, der speziell f\u00fcr Springbrunnen und Wasserspiele im Innen- und Au\u00dfenbereich entwickelt wurde.<\/p>\n<p>Diese Springbrunnenpumpe kann unter Wasser, aber auch bei einer Trockenaufstellung verwendet werden. Anschlie\u00dfend m\u00fcssen Sie einen Saughub einbauen bzw. anschlie\u00dfen. Diese Pumpen haben einen Schieber, mit dem Sie die Wassermenge an der Seite einstellen k\u00f6nnen. Pontec: hergestellt von Oase<\/p>\n<h3>Technische Daten PondoCompact 5000<\/h3>\n<ul>\n<li>Maximale Kapazit\u00e4t von 5 m\u00b3\/h<\/li>\n<li>Verbrauch von 82 Watt<\/li>\n<li>Abmessungen 170x75x120mm INKLUSIVE FILTERGEH\u00c4USE, dieses Filtergeh\u00e4use kann bei Bedarf entfernt werden.<\/li>\n<li>Maximale Fallh\u00f6he von bis zu 3,1 Metern<\/li>\n<li>Kabell\u00e4nge 10mtr<\/li>\n<li>Schlauchanschluss 25mm oder 1\/1 Zoll<\/li>\n<li>Thermisch gesch\u00fctzt, schaltet bei Trockenlauf aus<\/li>\n<li>2 Jahre Garantie bei bestimmungsgem\u00e4\u00dfer Verwendung<\/li>\n<\/ul>\n","protected":false},"excerpt":{"rendered":"<p>Wasserpumpentyp, der speziell f\u00fcr Springbrunnen und Wasserspiele im Innen- und Au\u00dfenbereich entwickelt wurde. Diese Springbrunnenpumpe kann unter Wasser, aber auch bei einer Trockenaufstellung verwendet werden. Anschlie\u00dfend m\u00fcssen Sie einen Saughub einbauen bzw. anschlie\u00dfen. Diese Pumpen haben einen Schieber, mit dem Sie die Wassermenge an der Seite einstellen k\u00f6nnen. Pontec: hergestellt von Oase Technische Daten PondoCompact &hellip;<\/p>\n","protected":false},"featured_media":70168,"template":"","meta":{"_acf_changed":false},"product_brand":[6936],"product_cat":[545,536],"product_tag":[],"class_list":{"0":"post-70180","1":"product","2":"type-product","3":"status-publish","4":"has-post-thumbnail","6":"product_brand-pontec-de","7":"product_cat-teile-wasserspiele","8":"product_cat-wassereigenschaften","10":"first","11":"instock","12":"taxable","13":"shipping-taxable","14":"purchasable","15":"product-type-simple"},"acf":[],"yoast_head":"<!-- This site is optimized with the Yoast SEO plugin v23.8 - https:\/\/yoast.com\/wordpress\/plugins\/seo\/ -->\n<title>Fonteinpomp Pondocompact 5000<\/title>\n<meta name=\"description\" content=\"Eliassen.nl; voor alle onderdelen van uw waterornament of fontein en goed advies !!\" \/>\n<meta name=\"robots\" content=\"noindex, follow, max-snippet:-1, max-image-preview:large, max-video-preview:-1\" \/>\n<meta property=\"og:locale\" content=\"de_DE\" \/>\n<meta property=\"og:type\" content=\"article\" \/>\n<meta property=\"og:title\" content=\"Fonteinpomp Pondocompact 5000\" \/>\n<meta property=\"og:description\" content=\"Eliassen.nl; voor alle onderdelen van uw waterornament of fontein en goed advies !!\" \/>\n<meta property=\"og:url\" content=\"https:\/\/dev.eliassen.nl\/de\/springbrunnenpumpe-pondocompact-5000\/\" \/>\n<meta property=\"og:site_name\" content=\"Eliassen.nl\" \/>\n<meta property=\"article:publisher\" content=\"https:\/\/www.facebook.com\/TuincentrumEliassenAmmerzoden\" \/>\n<meta property=\"article:modified_time\" content=\"2024-12-05T15:00:34+00:00\" \/>\n<meta property=\"og:image\" content=\"https:\/\/dev.eliassen.nl\/wp-content\/uploads\/2024\/01\/pontecpondocompact5000int.jpg\" \/>\n\t<meta property=\"og:image:width\" content=\"700\" \/>\n\t<meta property=\"og:image:height\" content=\"627\" \/>\n\t<meta property=\"og:image:type\" content=\"image\/jpeg\" \/>\n<meta name=\"twitter:card\" content=\"summary_large_image\" \/>\n<script type=\"application\/ld+json\" class=\"yoast-schema-graph\">{\"@context\":\"https:\/\/schema.org\",\"@graph\":[{\"@type\":\"WebPage\",\"@id\":\"https:\/\/dev.eliassen.nl\/de\/springbrunnenpumpe-pondocompact-5000\/\",\"url\":\"https:\/\/dev.eliassen.nl\/de\/springbrunnenpumpe-pondocompact-5000\/\",\"name\":\"Fonteinpomp Pondocompact 5000\",\"isPartOf\":{\"@id\":\"https:\/\/dev.eliassen.nl\/de\/#website\"},\"primaryImageOfPage\":{\"@id\":\"https:\/\/dev.eliassen.nl\/de\/springbrunnenpumpe-pondocompact-5000\/#primaryimage\"},\"image\":{\"@id\":\"https:\/\/dev.eliassen.nl\/de\/springbrunnenpumpe-pondocompact-5000\/#primaryimage\"},\"thumbnailUrl\":\"https:\/\/dev.eliassen.nl\/wp-content\/uploads\/2024\/01\/pontecpondocompact5000int.jpg\",\"datePublished\":\"2022-02-26T08:21:05+00:00\",\"dateModified\":\"2024-12-05T15:00:34+00:00\",\"description\":\"Eliassen.nl; voor alle onderdelen van uw waterornament of fontein en goed advies !!\",\"breadcrumb\":{\"@id\":\"https:\/\/dev.eliassen.nl\/de\/springbrunnenpumpe-pondocompact-5000\/#breadcrumb\"},\"inLanguage\":\"de\",\"potentialAction\":[{\"@type\":\"ReadAction\",\"target\":[\"https:\/\/dev.eliassen.nl\/de\/springbrunnenpumpe-pondocompact-5000\/\"]}]},{\"@type\":\"ImageObject\",\"inLanguage\":\"de\",\"@id\":\"https:\/\/dev.eliassen.nl\/de\/springbrunnenpumpe-pondocompact-5000\/#primaryimage\",\"url\":\"https:\/\/dev.eliassen.nl\/wp-content\/uploads\/2024\/01\/pontecpondocompact5000int.jpg\",\"contentUrl\":\"https:\/\/dev.eliassen.nl\/wp-content\/uploads\/2024\/01\/pontecpondocompact5000int.jpg\",\"width\":700,\"height\":627,\"caption\":\"Pontec-PondoCompact-5000INT\"},{\"@type\":\"BreadcrumbList\",\"@id\":\"https:\/\/dev.eliassen.nl\/de\/springbrunnenpumpe-pondocompact-5000\/#breadcrumb\",\"itemListElement\":[{\"@type\":\"ListItem\",\"position\":1,\"name\":\"Home\",\"item\":\"https:\/\/dev.eliassen.nl\/de\/\"},{\"@type\":\"ListItem\",\"position\":2,\"name\":\"Shop\",\"item\":\"https:\/\/dev.eliassen.nl\/nl\/winkel\/\"},{\"@type\":\"ListItem\",\"position\":3,\"name\":\"Wasserspiele\",\"item\":\"https:\/\/dev.eliassen.nl\/de\/wassereigenschaften\/\"},{\"@type\":\"ListItem\",\"position\":4,\"name\":\"Teile Wasserspiele\",\"item\":\"https:\/\/dev.eliassen.nl\/de\/wassereigenschaften\/teile-wasserspiele\/\"},{\"@type\":\"ListItem\",\"position\":5,\"name\":\"Springbrunnenpumpe Pondocompact 5000\"}]},{\"@type\":\"WebSite\",\"@id\":\"https:\/\/dev.eliassen.nl\/de\/#website\",\"url\":\"https:\/\/dev.eliassen.nl\/de\/\",\"name\":\"Eliassen Home & Garden Pleasure\",\"description\":\"\",\"publisher\":{\"@id\":\"https:\/\/dev.eliassen.nl\/de\/#organization\"},\"alternateName\":\"Eliassen.nl\",\"potentialAction\":[{\"@type\":\"SearchAction\",\"target\":{\"@type\":\"EntryPoint\",\"urlTemplate\":\"https:\/\/dev.eliassen.nl\/de\/?s={search_term_string}\"},\"query-input\":{\"@type\":\"PropertyValueSpecification\",\"valueRequired\":true,\"valueName\":\"search_term_string\"}}],\"inLanguage\":\"de\"},{\"@type\":\"Organization\",\"@id\":\"https:\/\/dev.eliassen.nl\/de\/#organization\",\"name\":\"Eliassen Home & Garden Pleasure\",\"url\":\"https:\/\/dev.eliassen.nl\/de\/\",\"logo\":{\"@type\":\"ImageObject\",\"inLanguage\":\"de\",\"@id\":\"https:\/\/dev.eliassen.nl\/de\/#\/schema\/logo\/image\/\",\"url\":\"https:\/\/www.eliassen.nl\/wp-content\/uploads\/2024\/01\/logo_4nd.jpg\",\"contentUrl\":\"https:\/\/www.eliassen.nl\/wp-content\/uploads\/2024\/01\/logo_4nd.jpg\",\"width\":500,\"height\":500,\"caption\":\"Eliassen Home & Garden Pleasure\"},\"image\":{\"@id\":\"https:\/\/dev.eliassen.nl\/de\/#\/schema\/logo\/image\/\"},\"sameAs\":[\"https:\/\/www.facebook.com\/TuincentrumEliassenAmmerzoden\",\"https:\/\/www.instagram.com\/eliassenhomeandgarden\/\",\"https:\/\/nl.pinterest.com\/eliassenhomeandgarden\/\",\"https:\/\/www.youtube.com\/@eliassenhomegardenpleasure4558\"]}]}<\/script>\n<!-- \/ Yoast SEO plugin. -->","yoast_head_json":{"title":"Fonteinpomp Pondocompact 5000","description":"Eliassen.nl; voor alle onderdelen van uw waterornament of fontein en goed advies !!","robots":{"index":"noindex","follow":"follow","max-snippet":"max-snippet:-1","max-image-preview":"max-image-preview:large","max-video-preview":"max-video-preview:-1"},"og_locale":"de_DE","og_type":"article","og_title":"Fonteinpomp Pondocompact 5000","og_description":"Eliassen.nl; voor alle onderdelen van uw waterornament of fontein en goed advies !!","og_url":"https:\/\/dev.eliassen.nl\/de\/springbrunnenpumpe-pondocompact-5000\/","og_site_name":"Eliassen.nl","article_publisher":"https:\/\/www.facebook.com\/TuincentrumEliassenAmmerzoden","article_modified_time":"2024-12-05T15:00:34+00:00","og_image":[{"width":700,"height":627,"url":"https:\/\/dev.eliassen.nl\/wp-content\/uploads\/2024\/01\/pontecpondocompact5000int.jpg","type":"image\/jpeg"}],"twitter_card":"summary_large_image","schema":{"@context":"https:\/\/schema.org","@graph":[{"@type":"WebPage","@id":"https:\/\/dev.eliassen.nl\/de\/springbrunnenpumpe-pondocompact-5000\/","url":"https:\/\/dev.eliassen.nl\/de\/springbrunnenpumpe-pondocompact-5000\/","name":"Fonteinpomp Pondocompact 5000","isPartOf":{"@id":"https:\/\/dev.eliassen.nl\/de\/#website"},"primaryImageOfPage":{"@id":"https:\/\/dev.eliassen.nl\/de\/springbrunnenpumpe-pondocompact-5000\/#primaryimage"},"image":{"@id":"https:\/\/dev.eliassen.nl\/de\/springbrunnenpumpe-pondocompact-5000\/#primaryimage"},"thumbnailUrl":"https:\/\/dev.eliassen.nl\/wp-content\/uploads\/2024\/01\/pontecpondocompact5000int.jpg","datePublished":"2022-02-26T08:21:05+00:00","dateModified":"2024-12-05T15:00:34+00:00","description":"Eliassen.nl; voor alle onderdelen van uw waterornament of fontein en goed advies !!","breadcrumb":{"@id":"https:\/\/dev.eliassen.nl\/de\/springbrunnenpumpe-pondocompact-5000\/#breadcrumb"},"inLanguage":"de","potentialAction":[{"@type":"ReadAction","target":["https:\/\/dev.eliassen.nl\/de\/springbrunnenpumpe-pondocompact-5000\/"]}]},{"@type":"ImageObject","inLanguage":"de","@id":"https:\/\/dev.eliassen.nl\/de\/springbrunnenpumpe-pondocompact-5000\/#primaryimage","url":"https:\/\/dev.eliassen.nl\/wp-content\/uploads\/2024\/01\/pontecpondocompact5000int.jpg","contentUrl":"https:\/\/dev.eliassen.nl\/wp-content\/uploads\/2024\/01\/pontecpondocompact5000int.jpg","width":700,"height":627,"caption":"Pontec-PondoCompact-5000INT"},{"@type":"BreadcrumbList","@id":"https:\/\/dev.eliassen.nl\/de\/springbrunnenpumpe-pondocompact-5000\/#breadcrumb","itemListElement":[{"@type":"ListItem","position":1,"name":"Home","item":"https:\/\/dev.eliassen.nl\/de\/"},{"@type":"ListItem","position":2,"name":"Shop","item":"https:\/\/dev.eliassen.nl\/nl\/winkel\/"},{"@type":"ListItem","position":3,"name":"Wasserspiele","item":"https:\/\/dev.eliassen.nl\/de\/wassereigenschaften\/"},{"@type":"ListItem","position":4,"name":"Teile Wasserspiele","item":"https:\/\/dev.eliassen.nl\/de\/wassereigenschaften\/teile-wasserspiele\/"},{"@type":"ListItem","position":5,"name":"Springbrunnenpumpe Pondocompact 5000"}]},{"@type":"WebSite","@id":"https:\/\/dev.eliassen.nl\/de\/#website","url":"https:\/\/dev.eliassen.nl\/de\/","name":"Eliassen Home & Garden Pleasure","description":"","publisher":{"@id":"https:\/\/dev.eliassen.nl\/de\/#organization"},"alternateName":"Eliassen.nl","potentialAction":[{"@type":"SearchAction","target":{"@type":"EntryPoint","urlTemplate":"https:\/\/dev.eliassen.nl\/de\/?s={search_term_string}"},"query-input":{"@type":"PropertyValueSpecification","valueRequired":true,"valueName":"search_term_string"}}],"inLanguage":"de"},{"@type":"Organization","@id":"https:\/\/dev.eliassen.nl\/de\/#organization","name":"Eliassen Home & Garden Pleasure","url":"https:\/\/dev.eliassen.nl\/de\/","logo":{"@type":"ImageObject","inLanguage":"de","@id":"https:\/\/dev.eliassen.nl\/de\/#\/schema\/logo\/image\/","url":"https:\/\/www.eliassen.nl\/wp-content\/uploads\/2024\/01\/logo_4nd.jpg","contentUrl":"https:\/\/www.eliassen.nl\/wp-content\/uploads\/2024\/01\/logo_4nd.jpg","width":500,"height":500,"caption":"Eliassen Home & Garden Pleasure"},"image":{"@id":"https:\/\/dev.eliassen.nl\/de\/#\/schema\/logo\/image\/"},"sameAs":["https:\/\/www.facebook.com\/TuincentrumEliassenAmmerzoden","https:\/\/www.instagram.com\/eliassenhomeandgarden\/","https:\/\/nl.pinterest.com\/eliassenhomeandgarden\/","https:\/\/www.youtube.com\/@eliassenhomegardenpleasure4558"]}]}},"df_price":139.5,"df_sale_price":"","df_regular_price":139.5,"df_image_link":"https:\/\/dev.eliassen.nl\/wp-content\/uploads\/2024\/01\/pontecpondocompact5000int.jpg","image":"https:\/\/dev.eliassen.nl\/wp-content\/uploads\/2024\/01\/pontecpondocompact5000int.jpg","price_search":"<span class=\"woocommerce-Price-amount amount\"><bdi><span class=\"woocommerce-Price-currencySymbol\">&euro;<\/span>&nbsp;139,50<\/bdi><\/span>","category":"Teile Wasserspiele","_links":{"self":[{"href":"https:\/\/dev.eliassen.nl\/de\/wp-json\/wp\/v2\/product\/70180","targetHints":{"allow":["GET"]}}],"collection":[{"href":"https:\/\/dev.eliassen.nl\/de\/wp-json\/wp\/v2\/product"}],"about":[{"href":"https:\/\/dev.eliassen.nl\/de\/wp-json\/wp\/v2\/types\/product"}],"wp:featuredmedia":[{"embeddable":true,"href":"https:\/\/dev.eliassen.nl\/de\/wp-json\/wp\/v2\/media\/70168"}],"wp:attachment":[{"href":"https:\/\/dev.eliassen.nl\/de\/wp-json\/wp\/v2\/media?parent=70180"}],"wp:term":[{"taxonomy":"product_brand","embeddable":true,"href":"https:\/\/dev.eliassen.nl\/de\/wp-json\/wp\/v2\/product_brand?post=70180"},{"taxonomy":"product_cat","embeddable":true,"href":"https:\/\/dev.eliassen.nl\/de\/wp-json\/wp\/v2\/product_cat?post=70180"},{"taxonomy":"product_tag","embeddable":true,"href":"https:\/\/dev.eliassen.nl\/de\/wp-json\/wp\/v2\/product_tag?post=70180"}],"curies":[{"name":"wp","href":"https:\/\/api.w.org\/{rel}","templated":true}]}}