{"id":70267,"date":"2022-03-15T16:53:34","date_gmt":"2022-03-15T15:53:34","guid":{"rendered":"https:\/\/www.eliassen.nl\/?product=algo-fontein-en-waterornamenten-onderhoud-500-cc"},"modified":"2024-12-05T16:00:44","modified_gmt":"2024-12-05T15:00:44","slug":"springbrunnen-wartung-von-springbrunnen-und-wasserspielen","status":"publish","type":"product","link":"https:\/\/dev.eliassen.nl\/de\/springbrunnen-wartung-von-springbrunnen-und-wasserspielen\/","title":{"rendered":"Springbrunnen Wartung von Springbrunnen und Wasserspielen"},"content":{"rendered":"<p>Dieses Produkt der Top-Marke AquaForte h\u00e4lt das Wasser in Ihrem Brunnen oder Wasserspiel ohne Pflanzen oder Fische lange klar, beugt zudem unsch\u00f6nem Algenwachstum vor und wirkt zudem gegen Kalk. Da dieses Desinfektionsmittel auch Bakterien und Pilze bek\u00e4mpft, werden auch unangenehme Ger\u00fcche und ein glitschiger Biofilm wirksam verhindert. Fountain Clear ist kompatibel mit g\u00e4ngigen Oberfl\u00e4chen und technischen Produkten. Fountain Clear h\u00e4lt Ihr Wasserspiel sch\u00f6n und frisch.<\/p>\n<ul class=\"op-list op-list--colorfont\">\n<li>H\u00e4lt Wasserspiele und Springbrunnen strahlend frisch und klar<\/li>\n<li>Schnelle Hilfe gegen Algen<\/li>\n<li>Wirkt auch gegen Kalk<\/li>\n<li>Langlebiger Betrieb<\/li>\n<li>Sicher f\u00fcr Haustiere und V\u00f6gel, nicht f\u00fcr Fische<\/li>\n<li>Inhalt 1 Liter, f\u00fcr 10.000 Liter Wasser<\/li>\n<li>Verbrauch: 1 ml auf 10 Liter Wasser<\/li>\n<\/ul>\n","protected":false},"excerpt":{"rendered":"<p>Dieses Produkt der Top-Marke AquaForte h\u00e4lt das Wasser in Ihrem Brunnen oder Wasserspiel ohne Pflanzen oder Fische lange klar, beugt zudem unsch\u00f6nem Algenwachstum vor und wirkt zudem gegen Kalk. Da dieses Desinfektionsmittel auch Bakterien und Pilze bek\u00e4mpft, werden auch unangenehme Ger\u00fcche und ein glitschiger Biofilm wirksam verhindert. Fountain Clear ist kompatibel mit g\u00e4ngigen Oberfl\u00e4chen und &hellip;<\/p>\n","protected":false},"featured_media":70258,"template":"","meta":{"_acf_changed":false},"product_brand":[],"product_cat":[545,536],"product_tag":[],"class_list":{"0":"post-70267","1":"product","2":"type-product","3":"status-publish","4":"has-post-thumbnail","6":"product_cat-teile-wasserspiele","7":"product_cat-wassereigenschaften","9":"first","10":"outofstock","11":"taxable","12":"shipping-taxable","13":"purchasable","14":"product-type-simple"},"acf":[],"yoast_head":"<!-- This site is optimized with the Yoast SEO plugin v23.8 - https:\/\/yoast.com\/wordpress\/plugins\/seo\/ -->\n<title>Fountain Clear fontein en waterornamenten onderhoud<\/title>\n<meta name=\"robots\" content=\"noindex, follow, max-snippet:-1, max-image-preview:large, max-video-preview:-1\" \/>\n<meta property=\"og:locale\" content=\"de_DE\" \/>\n<meta property=\"og:type\" content=\"article\" \/>\n<meta property=\"og:title\" content=\"Fountain Clear fontein en waterornamenten onderhoud\" \/>\n<meta property=\"og:description\" content=\"Dieses Produkt der Top-Marke AquaForte h\u00e4lt das Wasser in Ihrem Brunnen oder Wasserspiel ohne Pflanzen oder Fische lange klar, beugt zudem unsch\u00f6nem Algenwachstum vor und wirkt zudem gegen Kalk. Da dieses Desinfektionsmittel auch Bakterien und Pilze bek\u00e4mpft, werden auch unangenehme Ger\u00fcche und ein glitschiger Biofilm wirksam verhindert. Fountain Clear ist kompatibel mit g\u00e4ngigen Oberfl\u00e4chen und &hellip;\" \/>\n<meta property=\"og:url\" content=\"https:\/\/dev.eliassen.nl\/de\/springbrunnen-wartung-von-springbrunnen-und-wasserspielen\/\" \/>\n<meta property=\"og:site_name\" content=\"Eliassen.nl\" \/>\n<meta property=\"article:publisher\" content=\"https:\/\/www.facebook.com\/TuincentrumEliassenAmmerzoden\" \/>\n<meta property=\"article:modified_time\" content=\"2024-12-05T15:00:44+00:00\" \/>\n<meta property=\"og:image\" content=\"https:\/\/dev.eliassen.nl\/wp-content\/uploads\/2024\/01\/20220301110823aquafortefonteinhelder1ltr.jpg\" \/>\n\t<meta property=\"og:image:width\" content=\"377\" \/>\n\t<meta property=\"og:image:height\" content=\"393\" \/>\n\t<meta property=\"og:image:type\" content=\"image\/jpeg\" \/>\n<meta name=\"twitter:card\" content=\"summary_large_image\" \/>\n<script type=\"application\/ld+json\" class=\"yoast-schema-graph\">{\"@context\":\"https:\/\/schema.org\",\"@graph\":[{\"@type\":\"WebPage\",\"@id\":\"https:\/\/dev.eliassen.nl\/de\/springbrunnen-wartung-von-springbrunnen-und-wasserspielen\/\",\"url\":\"https:\/\/dev.eliassen.nl\/de\/springbrunnen-wartung-von-springbrunnen-und-wasserspielen\/\",\"name\":\"Fountain Clear fontein en waterornamenten onderhoud\",\"isPartOf\":{\"@id\":\"https:\/\/dev.eliassen.nl\/de\/#website\"},\"primaryImageOfPage\":{\"@id\":\"https:\/\/dev.eliassen.nl\/de\/springbrunnen-wartung-von-springbrunnen-und-wasserspielen\/#primaryimage\"},\"image\":{\"@id\":\"https:\/\/dev.eliassen.nl\/de\/springbrunnen-wartung-von-springbrunnen-und-wasserspielen\/#primaryimage\"},\"thumbnailUrl\":\"https:\/\/dev.eliassen.nl\/wp-content\/uploads\/2024\/01\/20220301110823aquafortefonteinhelder1ltr.jpg\",\"datePublished\":\"2022-03-15T15:53:34+00:00\",\"dateModified\":\"2024-12-05T15:00:44+00:00\",\"breadcrumb\":{\"@id\":\"https:\/\/dev.eliassen.nl\/de\/springbrunnen-wartung-von-springbrunnen-und-wasserspielen\/#breadcrumb\"},\"inLanguage\":\"de\",\"potentialAction\":[{\"@type\":\"ReadAction\",\"target\":[\"https:\/\/dev.eliassen.nl\/de\/springbrunnen-wartung-von-springbrunnen-und-wasserspielen\/\"]}]},{\"@type\":\"ImageObject\",\"inLanguage\":\"de\",\"@id\":\"https:\/\/dev.eliassen.nl\/de\/springbrunnen-wartung-von-springbrunnen-und-wasserspielen\/#primaryimage\",\"url\":\"https:\/\/dev.eliassen.nl\/wp-content\/uploads\/2024\/01\/20220301110823aquafortefonteinhelder1ltr.jpg\",\"contentUrl\":\"https:\/\/dev.eliassen.nl\/wp-content\/uploads\/2024\/01\/20220301110823aquafortefonteinhelder1ltr.jpg\",\"width\":377,\"height\":393,\"caption\":\"2022-03-01 11_08_23-AquaForte Fontein helder 1ltr\"},{\"@type\":\"BreadcrumbList\",\"@id\":\"https:\/\/dev.eliassen.nl\/de\/springbrunnen-wartung-von-springbrunnen-und-wasserspielen\/#breadcrumb\",\"itemListElement\":[{\"@type\":\"ListItem\",\"position\":1,\"name\":\"Home\",\"item\":\"https:\/\/dev.eliassen.nl\/de\/\"},{\"@type\":\"ListItem\",\"position\":2,\"name\":\"Shop\",\"item\":\"https:\/\/dev.eliassen.nl\/nl\/winkel\/\"},{\"@type\":\"ListItem\",\"position\":3,\"name\":\"Wasserspiele\",\"item\":\"https:\/\/dev.eliassen.nl\/de\/wassereigenschaften\/\"},{\"@type\":\"ListItem\",\"position\":4,\"name\":\"Teile Wasserspiele\",\"item\":\"https:\/\/dev.eliassen.nl\/de\/wassereigenschaften\/teile-wasserspiele\/\"},{\"@type\":\"ListItem\",\"position\":5,\"name\":\"Springbrunnen Wartung von Springbrunnen und Wasserspielen\"}]},{\"@type\":\"WebSite\",\"@id\":\"https:\/\/dev.eliassen.nl\/de\/#website\",\"url\":\"https:\/\/dev.eliassen.nl\/de\/\",\"name\":\"Eliassen Home & Garden Pleasure\",\"description\":\"\",\"publisher\":{\"@id\":\"https:\/\/dev.eliassen.nl\/de\/#organization\"},\"alternateName\":\"Eliassen.nl\",\"potentialAction\":[{\"@type\":\"SearchAction\",\"target\":{\"@type\":\"EntryPoint\",\"urlTemplate\":\"https:\/\/dev.eliassen.nl\/de\/?s={search_term_string}\"},\"query-input\":{\"@type\":\"PropertyValueSpecification\",\"valueRequired\":true,\"valueName\":\"search_term_string\"}}],\"inLanguage\":\"de\"},{\"@type\":\"Organization\",\"@id\":\"https:\/\/dev.eliassen.nl\/de\/#organization\",\"name\":\"Eliassen Home & Garden Pleasure\",\"url\":\"https:\/\/dev.eliassen.nl\/de\/\",\"logo\":{\"@type\":\"ImageObject\",\"inLanguage\":\"de\",\"@id\":\"https:\/\/dev.eliassen.nl\/de\/#\/schema\/logo\/image\/\",\"url\":\"https:\/\/www.eliassen.nl\/wp-content\/uploads\/2024\/01\/logo_4nd.jpg\",\"contentUrl\":\"https:\/\/www.eliassen.nl\/wp-content\/uploads\/2024\/01\/logo_4nd.jpg\",\"width\":500,\"height\":500,\"caption\":\"Eliassen Home & Garden Pleasure\"},\"image\":{\"@id\":\"https:\/\/dev.eliassen.nl\/de\/#\/schema\/logo\/image\/\"},\"sameAs\":[\"https:\/\/www.facebook.com\/TuincentrumEliassenAmmerzoden\",\"https:\/\/www.instagram.com\/eliassenhomeandgarden\/\",\"https:\/\/nl.pinterest.com\/eliassenhomeandgarden\/\",\"https:\/\/www.youtube.com\/@eliassenhomegardenpleasure4558\"]}]}<\/script>\n<!-- \/ Yoast SEO plugin. -->","yoast_head_json":{"title":"Fountain Clear fontein en waterornamenten onderhoud","robots":{"index":"noindex","follow":"follow","max-snippet":"max-snippet:-1","max-image-preview":"max-image-preview:large","max-video-preview":"max-video-preview:-1"},"og_locale":"de_DE","og_type":"article","og_title":"Fountain Clear fontein en waterornamenten onderhoud","og_description":"Dieses Produkt der Top-Marke AquaForte h\u00e4lt das Wasser in Ihrem Brunnen oder Wasserspiel ohne Pflanzen oder Fische lange klar, beugt zudem unsch\u00f6nem Algenwachstum vor und wirkt zudem gegen Kalk. Da dieses Desinfektionsmittel auch Bakterien und Pilze bek\u00e4mpft, werden auch unangenehme Ger\u00fcche und ein glitschiger Biofilm wirksam verhindert. Fountain Clear ist kompatibel mit g\u00e4ngigen Oberfl\u00e4chen und &hellip;","og_url":"https:\/\/dev.eliassen.nl\/de\/springbrunnen-wartung-von-springbrunnen-und-wasserspielen\/","og_site_name":"Eliassen.nl","article_publisher":"https:\/\/www.facebook.com\/TuincentrumEliassenAmmerzoden","article_modified_time":"2024-12-05T15:00:44+00:00","og_image":[{"width":377,"height":393,"url":"https:\/\/dev.eliassen.nl\/wp-content\/uploads\/2024\/01\/20220301110823aquafortefonteinhelder1ltr.jpg","type":"image\/jpeg"}],"twitter_card":"summary_large_image","schema":{"@context":"https:\/\/schema.org","@graph":[{"@type":"WebPage","@id":"https:\/\/dev.eliassen.nl\/de\/springbrunnen-wartung-von-springbrunnen-und-wasserspielen\/","url":"https:\/\/dev.eliassen.nl\/de\/springbrunnen-wartung-von-springbrunnen-und-wasserspielen\/","name":"Fountain Clear fontein en waterornamenten onderhoud","isPartOf":{"@id":"https:\/\/dev.eliassen.nl\/de\/#website"},"primaryImageOfPage":{"@id":"https:\/\/dev.eliassen.nl\/de\/springbrunnen-wartung-von-springbrunnen-und-wasserspielen\/#primaryimage"},"image":{"@id":"https:\/\/dev.eliassen.nl\/de\/springbrunnen-wartung-von-springbrunnen-und-wasserspielen\/#primaryimage"},"thumbnailUrl":"https:\/\/dev.eliassen.nl\/wp-content\/uploads\/2024\/01\/20220301110823aquafortefonteinhelder1ltr.jpg","datePublished":"2022-03-15T15:53:34+00:00","dateModified":"2024-12-05T15:00:44+00:00","breadcrumb":{"@id":"https:\/\/dev.eliassen.nl\/de\/springbrunnen-wartung-von-springbrunnen-und-wasserspielen\/#breadcrumb"},"inLanguage":"de","potentialAction":[{"@type":"ReadAction","target":["https:\/\/dev.eliassen.nl\/de\/springbrunnen-wartung-von-springbrunnen-und-wasserspielen\/"]}]},{"@type":"ImageObject","inLanguage":"de","@id":"https:\/\/dev.eliassen.nl\/de\/springbrunnen-wartung-von-springbrunnen-und-wasserspielen\/#primaryimage","url":"https:\/\/dev.eliassen.nl\/wp-content\/uploads\/2024\/01\/20220301110823aquafortefonteinhelder1ltr.jpg","contentUrl":"https:\/\/dev.eliassen.nl\/wp-content\/uploads\/2024\/01\/20220301110823aquafortefonteinhelder1ltr.jpg","width":377,"height":393,"caption":"2022-03-01 11_08_23-AquaForte Fontein helder 1ltr"},{"@type":"BreadcrumbList","@id":"https:\/\/dev.eliassen.nl\/de\/springbrunnen-wartung-von-springbrunnen-und-wasserspielen\/#breadcrumb","itemListElement":[{"@type":"ListItem","position":1,"name":"Home","item":"https:\/\/dev.eliassen.nl\/de\/"},{"@type":"ListItem","position":2,"name":"Shop","item":"https:\/\/dev.eliassen.nl\/nl\/winkel\/"},{"@type":"ListItem","position":3,"name":"Wasserspiele","item":"https:\/\/dev.eliassen.nl\/de\/wassereigenschaften\/"},{"@type":"ListItem","position":4,"name":"Teile Wasserspiele","item":"https:\/\/dev.eliassen.nl\/de\/wassereigenschaften\/teile-wasserspiele\/"},{"@type":"ListItem","position":5,"name":"Springbrunnen Wartung von Springbrunnen und Wasserspielen"}]},{"@type":"WebSite","@id":"https:\/\/dev.eliassen.nl\/de\/#website","url":"https:\/\/dev.eliassen.nl\/de\/","name":"Eliassen Home & Garden Pleasure","description":"","publisher":{"@id":"https:\/\/dev.eliassen.nl\/de\/#organization"},"alternateName":"Eliassen.nl","potentialAction":[{"@type":"SearchAction","target":{"@type":"EntryPoint","urlTemplate":"https:\/\/dev.eliassen.nl\/de\/?s={search_term_string}"},"query-input":{"@type":"PropertyValueSpecification","valueRequired":true,"valueName":"search_term_string"}}],"inLanguage":"de"},{"@type":"Organization","@id":"https:\/\/dev.eliassen.nl\/de\/#organization","name":"Eliassen Home & Garden Pleasure","url":"https:\/\/dev.eliassen.nl\/de\/","logo":{"@type":"ImageObject","inLanguage":"de","@id":"https:\/\/dev.eliassen.nl\/de\/#\/schema\/logo\/image\/","url":"https:\/\/www.eliassen.nl\/wp-content\/uploads\/2024\/01\/logo_4nd.jpg","contentUrl":"https:\/\/www.eliassen.nl\/wp-content\/uploads\/2024\/01\/logo_4nd.jpg","width":500,"height":500,"caption":"Eliassen Home & Garden Pleasure"},"image":{"@id":"https:\/\/dev.eliassen.nl\/de\/#\/schema\/logo\/image\/"},"sameAs":["https:\/\/www.facebook.com\/TuincentrumEliassenAmmerzoden","https:\/\/www.instagram.com\/eliassenhomeandgarden\/","https:\/\/nl.pinterest.com\/eliassenhomeandgarden\/","https:\/\/www.youtube.com\/@eliassenhomegardenpleasure4558"]}]}},"df_price":19.5,"df_sale_price":"","df_regular_price":19.5,"df_image_link":"https:\/\/dev.eliassen.nl\/wp-content\/uploads\/2024\/01\/20220301110823aquafortefonteinhelder1ltr.jpg","image":"https:\/\/dev.eliassen.nl\/wp-content\/uploads\/2024\/01\/20220301110823aquafortefonteinhelder1ltr.jpg","price_search":"<span class=\"woocommerce-Price-amount amount\"><bdi><span class=\"woocommerce-Price-currencySymbol\">&euro;<\/span>&nbsp;19,50<\/bdi><\/span>","category":"Teile Wasserspiele","_links":{"self":[{"href":"https:\/\/dev.eliassen.nl\/de\/wp-json\/wp\/v2\/product\/70267","targetHints":{"allow":["GET"]}}],"collection":[{"href":"https:\/\/dev.eliassen.nl\/de\/wp-json\/wp\/v2\/product"}],"about":[{"href":"https:\/\/dev.eliassen.nl\/de\/wp-json\/wp\/v2\/types\/product"}],"wp:featuredmedia":[{"embeddable":true,"href":"https:\/\/dev.eliassen.nl\/de\/wp-json\/wp\/v2\/media\/70258"}],"wp:attachment":[{"href":"https:\/\/dev.eliassen.nl\/de\/wp-json\/wp\/v2\/media?parent=70267"}],"wp:term":[{"taxonomy":"product_brand","embeddable":true,"href":"https:\/\/dev.eliassen.nl\/de\/wp-json\/wp\/v2\/product_brand?post=70267"},{"taxonomy":"product_cat","embeddable":true,"href":"https:\/\/dev.eliassen.nl\/de\/wp-json\/wp\/v2\/product_cat?post=70267"},{"taxonomy":"product_tag","embeddable":true,"href":"https:\/\/dev.eliassen.nl\/de\/wp-json\/wp\/v2\/product_tag?post=70267"}],"curies":[{"name":"wp","href":"https:\/\/api.w.org\/{rel}","templated":true}]}}