{"id":70372,"date":"2022-03-31T13:18:59","date_gmt":"2022-03-31T11:18:59","guid":{"rendered":"https:\/\/www.eliassen.nl\/?product=metalen-voederschaal-ijsvogel"},"modified":"2024-12-05T16:00:52","modified_gmt":"2024-12-05T15:00:52","slug":"metallnapf-eisvogel-auf-pin","status":"publish","type":"product","link":"https:\/\/dev.eliassen.nl\/de\/metallnapf-eisvogel-auf-pin\/","title":{"rendered":"Eisvogel-Futternapf aus Metall auf einer Nadel"},"content":{"rendered":"<p>Bieten Sie den V\u00f6geln einen sicheren kleinen Trink-\/Futterplatz mit diesem dekorativen Vogelnapf aus Metall auf einem Fu\u00df.<br \/>Am Rand haben sich bereits zwei Eisv\u00f6gel niedergelassen, es liegt an anderen V\u00f6geln, diesem Beispiel so schnell wie m\u00f6glich zu folgen. Auch als Futternapf eignet sich dieser Vogeltrinknapf hervorragend.<\/p>\n<ul>\n<li>Sowohl als Trinknapf als auch als Futternapf geeignet (Achtung: Der Boden ist nicht ganz flach)<\/li>\n<li>Abmessungen 30x28x13cm hoch.<\/li>\n<li>Material: Metall<\/li>\n<li>Farbe graue Metallschale mit handbemalten Eisv\u00f6geln<\/li>\n<\/ul>\n","protected":false},"excerpt":{"rendered":"<p>Bieten Sie den V\u00f6geln einen sicheren kleinen Trink-\/Futterplatz mit diesem dekorativen Vogelnapf aus Metall auf einem Fu\u00df.Am Rand haben sich bereits zwei Eisv\u00f6gel niedergelassen, es liegt an anderen V\u00f6geln, diesem Beispiel so schnell wie m\u00f6glich zu folgen. Auch als Futternapf eignet sich dieser Vogeltrinknapf hervorragend. Sowohl als Trinknapf als auch als Futternapf geeignet (Achtung: Der &hellip;<\/p>\n","protected":false},"featured_media":70366,"template":"","meta":{"_acf_changed":false},"product_brand":[],"product_cat":[707],"product_tag":[],"class_list":{"0":"post-70372","1":"product","2":"type-product","3":"status-publish","4":"has-post-thumbnail","6":"product_cat-vogeltraenken","8":"first","9":"instock","10":"taxable","11":"shipping-taxable","12":"purchasable","13":"product-type-simple"},"acf":[],"yoast_head":"<!-- This site is optimized with the Yoast SEO plugin v23.8 - https:\/\/yoast.com\/wordpress\/plugins\/seo\/ -->\n<title>Metallnapf Eisvogel auf Pin<\/title>\n<meta name=\"description\" content=\"M\u00f6chten Sie einen Vogelh\u00e4uschen aus Metall an einer Nadel kaufen? Eliassen bietet Ihnen eine gro\u00dfe Auswahl an Gartenpf\u00e4hlen in einem gro\u00dfen Ausstellungsraum ...\" \/>\n<meta name=\"robots\" content=\"noindex, follow, max-snippet:-1, max-image-preview:large, max-video-preview:-1\" \/>\n<meta property=\"og:locale\" content=\"de_DE\" \/>\n<meta property=\"og:type\" content=\"article\" \/>\n<meta property=\"og:title\" content=\"Metallnapf Eisvogel auf Pin\" \/>\n<meta property=\"og:description\" content=\"M\u00f6chten Sie einen Vogelh\u00e4uschen aus Metall an einer Nadel kaufen? Eliassen bietet Ihnen eine gro\u00dfe Auswahl an Gartenpf\u00e4hlen in einem gro\u00dfen Ausstellungsraum ...\" \/>\n<meta property=\"og:url\" content=\"https:\/\/dev.eliassen.nl\/de\/metallnapf-eisvogel-auf-pin\/\" \/>\n<meta property=\"og:site_name\" content=\"Eliassen.nl\" \/>\n<meta property=\"article:publisher\" content=\"https:\/\/www.facebook.com\/TuincentrumEliassenAmmerzoden\" \/>\n<meta property=\"article:modified_time\" content=\"2024-12-05T15:00:52+00:00\" \/>\n<meta property=\"og:image\" content=\"https:\/\/dev.eliassen.nl\/wp-content\/uploads\/2024\/01\/metal2clkingfishertableheartbowl.jpg\" \/>\n\t<meta property=\"og:image:width\" content=\"2048\" \/>\n\t<meta property=\"og:image:height\" content=\"1365\" \/>\n\t<meta property=\"og:image:type\" content=\"image\/jpeg\" \/>\n<meta name=\"twitter:card\" content=\"summary_large_image\" \/>\n<script type=\"application\/ld+json\" class=\"yoast-schema-graph\">{\"@context\":\"https:\/\/schema.org\",\"@graph\":[{\"@type\":\"WebPage\",\"@id\":\"https:\/\/dev.eliassen.nl\/de\/metallnapf-eisvogel-auf-pin\/\",\"url\":\"https:\/\/dev.eliassen.nl\/de\/metallnapf-eisvogel-auf-pin\/\",\"name\":\"Metallnapf Eisvogel auf Pin\",\"isPartOf\":{\"@id\":\"https:\/\/dev.eliassen.nl\/de\/#website\"},\"primaryImageOfPage\":{\"@id\":\"https:\/\/dev.eliassen.nl\/de\/metallnapf-eisvogel-auf-pin\/#primaryimage\"},\"image\":{\"@id\":\"https:\/\/dev.eliassen.nl\/de\/metallnapf-eisvogel-auf-pin\/#primaryimage\"},\"thumbnailUrl\":\"https:\/\/dev.eliassen.nl\/wp-content\/uploads\/2024\/01\/metal2clkingfishertableheartbowl.jpg\",\"datePublished\":\"2022-03-31T11:18:59+00:00\",\"dateModified\":\"2024-12-05T15:00:52+00:00\",\"description\":\"M\u00f6chten Sie einen Vogelh\u00e4uschen aus Metall an einer Nadel kaufen? Eliassen bietet Ihnen eine gro\u00dfe Auswahl an Gartenpf\u00e4hlen in einem gro\u00dfen Ausstellungsraum ...\",\"breadcrumb\":{\"@id\":\"https:\/\/dev.eliassen.nl\/de\/metallnapf-eisvogel-auf-pin\/#breadcrumb\"},\"inLanguage\":\"de\",\"potentialAction\":[{\"@type\":\"ReadAction\",\"target\":[\"https:\/\/dev.eliassen.nl\/de\/metallnapf-eisvogel-auf-pin\/\"]}]},{\"@type\":\"ImageObject\",\"inLanguage\":\"de\",\"@id\":\"https:\/\/dev.eliassen.nl\/de\/metallnapf-eisvogel-auf-pin\/#primaryimage\",\"url\":\"https:\/\/dev.eliassen.nl\/wp-content\/uploads\/2024\/01\/metal2clkingfishertableheartbowl.jpg\",\"contentUrl\":\"https:\/\/dev.eliassen.nl\/wp-content\/uploads\/2024\/01\/metal2clkingfishertableheartbowl.jpg\",\"width\":2048,\"height\":1365,\"caption\":\"METAL 2 CL KINGFISHER TABLE HEART BOWL\"},{\"@type\":\"BreadcrumbList\",\"@id\":\"https:\/\/dev.eliassen.nl\/de\/metallnapf-eisvogel-auf-pin\/#breadcrumb\",\"itemListElement\":[{\"@type\":\"ListItem\",\"position\":1,\"name\":\"Home\",\"item\":\"https:\/\/dev.eliassen.nl\/de\/\"},{\"@type\":\"ListItem\",\"position\":2,\"name\":\"Shop\",\"item\":\"https:\/\/dev.eliassen.nl\/nl\/winkel\/\"},{\"@type\":\"ListItem\",\"position\":3,\"name\":\"Vogeltr\u00e4nken\",\"item\":\"https:\/\/dev.eliassen.nl\/de\/vogeltraenken\/\"},{\"@type\":\"ListItem\",\"position\":4,\"name\":\"Eisvogel-Futternapf aus Metall auf einer Nadel\"}]},{\"@type\":\"WebSite\",\"@id\":\"https:\/\/dev.eliassen.nl\/de\/#website\",\"url\":\"https:\/\/dev.eliassen.nl\/de\/\",\"name\":\"Eliassen Home & Garden Pleasure\",\"description\":\"\",\"publisher\":{\"@id\":\"https:\/\/dev.eliassen.nl\/de\/#organization\"},\"alternateName\":\"Eliassen.nl\",\"potentialAction\":[{\"@type\":\"SearchAction\",\"target\":{\"@type\":\"EntryPoint\",\"urlTemplate\":\"https:\/\/dev.eliassen.nl\/de\/?s={search_term_string}\"},\"query-input\":{\"@type\":\"PropertyValueSpecification\",\"valueRequired\":true,\"valueName\":\"search_term_string\"}}],\"inLanguage\":\"de\"},{\"@type\":\"Organization\",\"@id\":\"https:\/\/dev.eliassen.nl\/de\/#organization\",\"name\":\"Eliassen Home & Garden Pleasure\",\"url\":\"https:\/\/dev.eliassen.nl\/de\/\",\"logo\":{\"@type\":\"ImageObject\",\"inLanguage\":\"de\",\"@id\":\"https:\/\/dev.eliassen.nl\/de\/#\/schema\/logo\/image\/\",\"url\":\"https:\/\/www.eliassen.nl\/wp-content\/uploads\/2024\/01\/logo_4nd.jpg\",\"contentUrl\":\"https:\/\/www.eliassen.nl\/wp-content\/uploads\/2024\/01\/logo_4nd.jpg\",\"width\":500,\"height\":500,\"caption\":\"Eliassen Home & Garden Pleasure\"},\"image\":{\"@id\":\"https:\/\/dev.eliassen.nl\/de\/#\/schema\/logo\/image\/\"},\"sameAs\":[\"https:\/\/www.facebook.com\/TuincentrumEliassenAmmerzoden\",\"https:\/\/www.instagram.com\/eliassenhomeandgarden\/\",\"https:\/\/nl.pinterest.com\/eliassenhomeandgarden\/\",\"https:\/\/www.youtube.com\/@eliassenhomegardenpleasure4558\"]}]}<\/script>\n<!-- \/ Yoast SEO plugin. -->","yoast_head_json":{"title":"Metallnapf Eisvogel auf Pin","description":"M\u00f6chten Sie einen Vogelh\u00e4uschen aus Metall an einer Nadel kaufen? Eliassen bietet Ihnen eine gro\u00dfe Auswahl an Gartenpf\u00e4hlen in einem gro\u00dfen Ausstellungsraum ...","robots":{"index":"noindex","follow":"follow","max-snippet":"max-snippet:-1","max-image-preview":"max-image-preview:large","max-video-preview":"max-video-preview:-1"},"og_locale":"de_DE","og_type":"article","og_title":"Metallnapf Eisvogel auf Pin","og_description":"M\u00f6chten Sie einen Vogelh\u00e4uschen aus Metall an einer Nadel kaufen? Eliassen bietet Ihnen eine gro\u00dfe Auswahl an Gartenpf\u00e4hlen in einem gro\u00dfen Ausstellungsraum ...","og_url":"https:\/\/dev.eliassen.nl\/de\/metallnapf-eisvogel-auf-pin\/","og_site_name":"Eliassen.nl","article_publisher":"https:\/\/www.facebook.com\/TuincentrumEliassenAmmerzoden","article_modified_time":"2024-12-05T15:00:52+00:00","og_image":[{"width":2048,"height":1365,"url":"https:\/\/dev.eliassen.nl\/wp-content\/uploads\/2024\/01\/metal2clkingfishertableheartbowl.jpg","type":"image\/jpeg"}],"twitter_card":"summary_large_image","schema":{"@context":"https:\/\/schema.org","@graph":[{"@type":"WebPage","@id":"https:\/\/dev.eliassen.nl\/de\/metallnapf-eisvogel-auf-pin\/","url":"https:\/\/dev.eliassen.nl\/de\/metallnapf-eisvogel-auf-pin\/","name":"Metallnapf Eisvogel auf Pin","isPartOf":{"@id":"https:\/\/dev.eliassen.nl\/de\/#website"},"primaryImageOfPage":{"@id":"https:\/\/dev.eliassen.nl\/de\/metallnapf-eisvogel-auf-pin\/#primaryimage"},"image":{"@id":"https:\/\/dev.eliassen.nl\/de\/metallnapf-eisvogel-auf-pin\/#primaryimage"},"thumbnailUrl":"https:\/\/dev.eliassen.nl\/wp-content\/uploads\/2024\/01\/metal2clkingfishertableheartbowl.jpg","datePublished":"2022-03-31T11:18:59+00:00","dateModified":"2024-12-05T15:00:52+00:00","description":"M\u00f6chten Sie einen Vogelh\u00e4uschen aus Metall an einer Nadel kaufen? Eliassen bietet Ihnen eine gro\u00dfe Auswahl an Gartenpf\u00e4hlen in einem gro\u00dfen Ausstellungsraum ...","breadcrumb":{"@id":"https:\/\/dev.eliassen.nl\/de\/metallnapf-eisvogel-auf-pin\/#breadcrumb"},"inLanguage":"de","potentialAction":[{"@type":"ReadAction","target":["https:\/\/dev.eliassen.nl\/de\/metallnapf-eisvogel-auf-pin\/"]}]},{"@type":"ImageObject","inLanguage":"de","@id":"https:\/\/dev.eliassen.nl\/de\/metallnapf-eisvogel-auf-pin\/#primaryimage","url":"https:\/\/dev.eliassen.nl\/wp-content\/uploads\/2024\/01\/metal2clkingfishertableheartbowl.jpg","contentUrl":"https:\/\/dev.eliassen.nl\/wp-content\/uploads\/2024\/01\/metal2clkingfishertableheartbowl.jpg","width":2048,"height":1365,"caption":"METAL 2 CL KINGFISHER TABLE HEART BOWL"},{"@type":"BreadcrumbList","@id":"https:\/\/dev.eliassen.nl\/de\/metallnapf-eisvogel-auf-pin\/#breadcrumb","itemListElement":[{"@type":"ListItem","position":1,"name":"Home","item":"https:\/\/dev.eliassen.nl\/de\/"},{"@type":"ListItem","position":2,"name":"Shop","item":"https:\/\/dev.eliassen.nl\/nl\/winkel\/"},{"@type":"ListItem","position":3,"name":"Vogeltr\u00e4nken","item":"https:\/\/dev.eliassen.nl\/de\/vogeltraenken\/"},{"@type":"ListItem","position":4,"name":"Eisvogel-Futternapf aus Metall auf einer Nadel"}]},{"@type":"WebSite","@id":"https:\/\/dev.eliassen.nl\/de\/#website","url":"https:\/\/dev.eliassen.nl\/de\/","name":"Eliassen Home & Garden Pleasure","description":"","publisher":{"@id":"https:\/\/dev.eliassen.nl\/de\/#organization"},"alternateName":"Eliassen.nl","potentialAction":[{"@type":"SearchAction","target":{"@type":"EntryPoint","urlTemplate":"https:\/\/dev.eliassen.nl\/de\/?s={search_term_string}"},"query-input":{"@type":"PropertyValueSpecification","valueRequired":true,"valueName":"search_term_string"}}],"inLanguage":"de"},{"@type":"Organization","@id":"https:\/\/dev.eliassen.nl\/de\/#organization","name":"Eliassen Home & Garden Pleasure","url":"https:\/\/dev.eliassen.nl\/de\/","logo":{"@type":"ImageObject","inLanguage":"de","@id":"https:\/\/dev.eliassen.nl\/de\/#\/schema\/logo\/image\/","url":"https:\/\/www.eliassen.nl\/wp-content\/uploads\/2024\/01\/logo_4nd.jpg","contentUrl":"https:\/\/www.eliassen.nl\/wp-content\/uploads\/2024\/01\/logo_4nd.jpg","width":500,"height":500,"caption":"Eliassen Home & Garden Pleasure"},"image":{"@id":"https:\/\/dev.eliassen.nl\/de\/#\/schema\/logo\/image\/"},"sameAs":["https:\/\/www.facebook.com\/TuincentrumEliassenAmmerzoden","https:\/\/www.instagram.com\/eliassenhomeandgarden\/","https:\/\/nl.pinterest.com\/eliassenhomeandgarden\/","https:\/\/www.youtube.com\/@eliassenhomegardenpleasure4558"]}]}},"df_price":37.5,"df_sale_price":"","df_regular_price":37.5,"df_image_link":"https:\/\/dev.eliassen.nl\/wp-content\/uploads\/2024\/01\/metal2clkingfishertableheartbowl.jpg","image":"https:\/\/dev.eliassen.nl\/wp-content\/uploads\/2024\/01\/metal2clkingfishertableheartbowl.jpg","price_search":"<span class=\"woocommerce-Price-amount amount\"><bdi><span class=\"woocommerce-Price-currencySymbol\">&euro;<\/span>&nbsp;37,50<\/bdi><\/span>","category":"Vogeltr\u00e4nken","_links":{"self":[{"href":"https:\/\/dev.eliassen.nl\/de\/wp-json\/wp\/v2\/product\/70372","targetHints":{"allow":["GET"]}}],"collection":[{"href":"https:\/\/dev.eliassen.nl\/de\/wp-json\/wp\/v2\/product"}],"about":[{"href":"https:\/\/dev.eliassen.nl\/de\/wp-json\/wp\/v2\/types\/product"}],"wp:featuredmedia":[{"embeddable":true,"href":"https:\/\/dev.eliassen.nl\/de\/wp-json\/wp\/v2\/media\/70366"}],"wp:attachment":[{"href":"https:\/\/dev.eliassen.nl\/de\/wp-json\/wp\/v2\/media?parent=70372"}],"wp:term":[{"taxonomy":"product_brand","embeddable":true,"href":"https:\/\/dev.eliassen.nl\/de\/wp-json\/wp\/v2\/product_brand?post=70372"},{"taxonomy":"product_cat","embeddable":true,"href":"https:\/\/dev.eliassen.nl\/de\/wp-json\/wp\/v2\/product_cat?post=70372"},{"taxonomy":"product_tag","embeddable":true,"href":"https:\/\/dev.eliassen.nl\/de\/wp-json\/wp\/v2\/product_tag?post=70372"}],"curies":[{"name":"wp","href":"https:\/\/api.w.org\/{rel}","templated":true}]}}