{"id":70378,"date":"2022-03-31T13:21:13","date_gmt":"2022-03-31T11:21:13","guid":{"rendered":"https:\/\/www.eliassen.nl\/?product=sokkel-cortenstaal-34x34x100cm"},"modified":"2024-12-05T16:00:53","modified_gmt":"2024-12-05T15:00:53","slug":"sockel-aus-cortenstahl-34-x-34-x-100-cm","status":"publish","type":"product","link":"https:\/\/dev.eliassen.nl\/de\/product\/sockel-aus-cortenstahl-34-x-34-x-100-cm\/","title":{"rendered":"Sockel aus Cortenstahl, 34 x 34 x 100 cm"},"content":{"rendered":"<p>Massive S\u00e4ule aus 1,2 mm dickem Cortenstahl. Dieser Sockel eignet sich f\u00fcr Bronzestatuen, Sonnenuhren, aber auch f\u00fcr T\u00f6pfe und Steinstatuen. In Kombination mit Kunstwerken, Statuen und \u00c4hnlichem sieht es wundersch\u00f6n aus! Da diese S\u00e4ule bereits eine Behandlung erhalten hat, durch die sich eine Rostfarbe gebildet hat, ist es am besten, diese S\u00e4ule nur im Innenbereich zu verwenden.<\/p>\n<ul>\n<li>Material: Cortenstahl 1,2 mm vorgerostet<\/li>\n<li>Gr\u00f6\u00dfe 34x34x100cm hoch<\/li>\n<li>Ausgestattet mit verstellbaren F\u00fc\u00dfen<\/li>\n<li>1 Jahr Garantie<\/li>\n<\/ul>\n<p>Besuchen Sie uns und sehen Sie einen gro\u00dfen Teil unserer Kollektion <strong>live<\/strong> in unserem Showroom!<\/p>\n","protected":false},"excerpt":{"rendered":"<p>Massive S\u00e4ule aus 1,2 mm dickem Cortenstahl. Dieser Sockel eignet sich f\u00fcr Bronzestatuen, Sonnenuhren, aber auch f\u00fcr T\u00f6pfe und Steinstatuen. In Kombination mit Kunstwerken, Statuen und \u00c4hnlichem sieht es wundersch\u00f6n aus! Da diese S\u00e4ule bereits eine Behandlung erhalten hat, durch die sich eine Rostfarbe gebildet hat, ist es am besten, diese S\u00e4ule nur im Innenbereich &hellip;<\/p>\n","protected":false},"featured_media":70375,"template":"","meta":{"_acf_changed":false},"product_brand":[],"product_cat":[797,782],"product_tag":[],"class_list":{"0":"post-70378","1":"product","2":"type-product","3":"status-publish","4":"has-post-thumbnail","6":"product_cat-metallsockel","7":"product_cat-sockel","9":"first","10":"instock","11":"taxable","12":"shipping-taxable","13":"purchasable","14":"product-type-simple"},"acf":[],"yoast_head":"<!-- This site is optimized with the Yoast SEO plugin v23.8 - https:\/\/yoast.com\/wordpress\/plugins\/seo\/ -->\n<title>Sockel aus Cortenstahl, 34 x 34 x 100 cm<\/title>\n<meta name=\"description\" content=\"Sockel aus Cortenstahl? Wir haben sie in vielen Gr\u00f6\u00dfen, auch zur Live-Ansicht verf\u00fcgbar!!\" \/>\n<meta name=\"robots\" content=\"noindex, follow, max-snippet:-1, max-image-preview:large, max-video-preview:-1\" \/>\n<meta property=\"og:locale\" content=\"de_DE\" \/>\n<meta property=\"og:type\" content=\"article\" \/>\n<meta property=\"og:title\" content=\"Sockel aus Cortenstahl, 34 x 34 x 100 cm\" \/>\n<meta property=\"og:description\" content=\"Sockel aus Cortenstahl? Wir haben sie in vielen Gr\u00f6\u00dfen, auch zur Live-Ansicht verf\u00fcgbar!!\" \/>\n<meta property=\"og:url\" content=\"https:\/\/dev.eliassen.nl\/de\/product\/sockel-aus-cortenstahl-34-x-34-x-100-cm\/\" \/>\n<meta property=\"og:site_name\" content=\"Eliassen.nl\" \/>\n<meta property=\"article:publisher\" content=\"https:\/\/www.facebook.com\/TuincentrumEliassenAmmerzoden\" \/>\n<meta property=\"article:modified_time\" content=\"2024-12-05T15:00:53+00:00\" \/>\n<meta property=\"og:image\" content=\"https:\/\/dev.eliassen.nl\/wp-content\/uploads\/2024\/01\/sokkelcortenstaal34x34x100cmeliassennl.jpg\" \/>\n\t<meta property=\"og:image:width\" content=\"221\" \/>\n\t<meta property=\"og:image:height\" content=\"341\" \/>\n\t<meta property=\"og:image:type\" content=\"image\/jpeg\" \/>\n<meta name=\"twitter:card\" content=\"summary_large_image\" \/>\n<script type=\"application\/ld+json\" class=\"yoast-schema-graph\">{\"@context\":\"https:\/\/schema.org\",\"@graph\":[{\"@type\":\"WebPage\",\"@id\":\"https:\/\/dev.eliassen.nl\/de\/product\/sockel-aus-cortenstahl-34-x-34-x-100-cm\/\",\"url\":\"https:\/\/dev.eliassen.nl\/de\/product\/sockel-aus-cortenstahl-34-x-34-x-100-cm\/\",\"name\":\"Sockel aus Cortenstahl, 34 x 34 x 100 cm\",\"isPartOf\":{\"@id\":\"https:\/\/dev.eliassen.nl\/de\/#website\"},\"primaryImageOfPage\":{\"@id\":\"https:\/\/dev.eliassen.nl\/de\/product\/sockel-aus-cortenstahl-34-x-34-x-100-cm\/#primaryimage\"},\"image\":{\"@id\":\"https:\/\/dev.eliassen.nl\/de\/product\/sockel-aus-cortenstahl-34-x-34-x-100-cm\/#primaryimage\"},\"thumbnailUrl\":\"https:\/\/dev.eliassen.nl\/wp-content\/uploads\/2024\/01\/sokkelcortenstaal34x34x100cmeliassennl.jpg\",\"datePublished\":\"2022-03-31T11:21:13+00:00\",\"dateModified\":\"2024-12-05T15:00:53+00:00\",\"description\":\"Sockel aus Cortenstahl? Wir haben sie in vielen Gr\u00f6\u00dfen, auch zur Live-Ansicht verf\u00fcgbar!!\",\"breadcrumb\":{\"@id\":\"https:\/\/dev.eliassen.nl\/de\/product\/sockel-aus-cortenstahl-34-x-34-x-100-cm\/#breadcrumb\"},\"inLanguage\":\"de\",\"potentialAction\":[{\"@type\":\"ReadAction\",\"target\":[\"https:\/\/dev.eliassen.nl\/de\/product\/sockel-aus-cortenstahl-34-x-34-x-100-cm\/\"]}]},{\"@type\":\"ImageObject\",\"inLanguage\":\"de\",\"@id\":\"https:\/\/dev.eliassen.nl\/de\/product\/sockel-aus-cortenstahl-34-x-34-x-100-cm\/#primaryimage\",\"url\":\"https:\/\/dev.eliassen.nl\/wp-content\/uploads\/2024\/01\/sokkelcortenstaal34x34x100cmeliassennl.jpg\",\"contentUrl\":\"https:\/\/dev.eliassen.nl\/wp-content\/uploads\/2024\/01\/sokkelcortenstaal34x34x100cmeliassennl.jpg\",\"width\":221,\"height\":341,\"caption\":\"Sokkel cortenstaal 34x34x100cm - eliassen.nl\"},{\"@type\":\"BreadcrumbList\",\"@id\":\"https:\/\/dev.eliassen.nl\/de\/product\/sockel-aus-cortenstahl-34-x-34-x-100-cm\/#breadcrumb\",\"itemListElement\":[{\"@type\":\"ListItem\",\"position\":1,\"name\":\"Home\",\"item\":\"https:\/\/dev.eliassen.nl\/de\/\"},{\"@type\":\"ListItem\",\"position\":2,\"name\":\"Shop\",\"item\":\"https:\/\/dev.eliassen.nl\/nl\/winkel\/\"},{\"@type\":\"ListItem\",\"position\":3,\"name\":\"Sockel\",\"item\":\"https:\/\/dev.eliassen.nl\/de\/sockel\/\"},{\"@type\":\"ListItem\",\"position\":4,\"name\":\"Metallsockel\",\"item\":\"https:\/\/dev.eliassen.nl\/de\/sockel\/metallsockel\/\"},{\"@type\":\"ListItem\",\"position\":5,\"name\":\"Sockel aus Cortenstahl, 34 x 34 x 100 cm\"}]},{\"@type\":\"WebSite\",\"@id\":\"https:\/\/dev.eliassen.nl\/de\/#website\",\"url\":\"https:\/\/dev.eliassen.nl\/de\/\",\"name\":\"Eliassen Home & Garden Pleasure\",\"description\":\"\",\"publisher\":{\"@id\":\"https:\/\/dev.eliassen.nl\/de\/#organization\"},\"alternateName\":\"Eliassen.nl\",\"potentialAction\":[{\"@type\":\"SearchAction\",\"target\":{\"@type\":\"EntryPoint\",\"urlTemplate\":\"https:\/\/dev.eliassen.nl\/de\/?s={search_term_string}\"},\"query-input\":{\"@type\":\"PropertyValueSpecification\",\"valueRequired\":true,\"valueName\":\"search_term_string\"}}],\"inLanguage\":\"de\"},{\"@type\":\"Organization\",\"@id\":\"https:\/\/dev.eliassen.nl\/de\/#organization\",\"name\":\"Eliassen Home & Garden Pleasure\",\"url\":\"https:\/\/dev.eliassen.nl\/de\/\",\"logo\":{\"@type\":\"ImageObject\",\"inLanguage\":\"de\",\"@id\":\"https:\/\/dev.eliassen.nl\/de\/#\/schema\/logo\/image\/\",\"url\":\"https:\/\/www.eliassen.nl\/wp-content\/uploads\/2024\/01\/logo_4nd.jpg\",\"contentUrl\":\"https:\/\/www.eliassen.nl\/wp-content\/uploads\/2024\/01\/logo_4nd.jpg\",\"width\":500,\"height\":500,\"caption\":\"Eliassen Home & Garden Pleasure\"},\"image\":{\"@id\":\"https:\/\/dev.eliassen.nl\/de\/#\/schema\/logo\/image\/\"},\"sameAs\":[\"https:\/\/www.facebook.com\/TuincentrumEliassenAmmerzoden\",\"https:\/\/www.instagram.com\/eliassenhomeandgarden\/\",\"https:\/\/nl.pinterest.com\/eliassenhomeandgarden\/\",\"https:\/\/www.youtube.com\/@eliassenhomegardenpleasure4558\"]}]}<\/script>\n<!-- \/ Yoast SEO plugin. -->","yoast_head_json":{"title":"Sockel aus Cortenstahl, 34 x 34 x 100 cm","description":"Sockel aus Cortenstahl? Wir haben sie in vielen Gr\u00f6\u00dfen, auch zur Live-Ansicht verf\u00fcgbar!!","robots":{"index":"noindex","follow":"follow","max-snippet":"max-snippet:-1","max-image-preview":"max-image-preview:large","max-video-preview":"max-video-preview:-1"},"og_locale":"de_DE","og_type":"article","og_title":"Sockel aus Cortenstahl, 34 x 34 x 100 cm","og_description":"Sockel aus Cortenstahl? Wir haben sie in vielen Gr\u00f6\u00dfen, auch zur Live-Ansicht verf\u00fcgbar!!","og_url":"https:\/\/dev.eliassen.nl\/de\/product\/sockel-aus-cortenstahl-34-x-34-x-100-cm\/","og_site_name":"Eliassen.nl","article_publisher":"https:\/\/www.facebook.com\/TuincentrumEliassenAmmerzoden","article_modified_time":"2024-12-05T15:00:53+00:00","og_image":[{"width":221,"height":341,"url":"https:\/\/dev.eliassen.nl\/wp-content\/uploads\/2024\/01\/sokkelcortenstaal34x34x100cmeliassennl.jpg","type":"image\/jpeg"}],"twitter_card":"summary_large_image","schema":{"@context":"https:\/\/schema.org","@graph":[{"@type":"WebPage","@id":"https:\/\/dev.eliassen.nl\/de\/product\/sockel-aus-cortenstahl-34-x-34-x-100-cm\/","url":"https:\/\/dev.eliassen.nl\/de\/product\/sockel-aus-cortenstahl-34-x-34-x-100-cm\/","name":"Sockel aus Cortenstahl, 34 x 34 x 100 cm","isPartOf":{"@id":"https:\/\/dev.eliassen.nl\/de\/#website"},"primaryImageOfPage":{"@id":"https:\/\/dev.eliassen.nl\/de\/product\/sockel-aus-cortenstahl-34-x-34-x-100-cm\/#primaryimage"},"image":{"@id":"https:\/\/dev.eliassen.nl\/de\/product\/sockel-aus-cortenstahl-34-x-34-x-100-cm\/#primaryimage"},"thumbnailUrl":"https:\/\/dev.eliassen.nl\/wp-content\/uploads\/2024\/01\/sokkelcortenstaal34x34x100cmeliassennl.jpg","datePublished":"2022-03-31T11:21:13+00:00","dateModified":"2024-12-05T15:00:53+00:00","description":"Sockel aus Cortenstahl? Wir haben sie in vielen Gr\u00f6\u00dfen, auch zur Live-Ansicht verf\u00fcgbar!!","breadcrumb":{"@id":"https:\/\/dev.eliassen.nl\/de\/product\/sockel-aus-cortenstahl-34-x-34-x-100-cm\/#breadcrumb"},"inLanguage":"de","potentialAction":[{"@type":"ReadAction","target":["https:\/\/dev.eliassen.nl\/de\/product\/sockel-aus-cortenstahl-34-x-34-x-100-cm\/"]}]},{"@type":"ImageObject","inLanguage":"de","@id":"https:\/\/dev.eliassen.nl\/de\/product\/sockel-aus-cortenstahl-34-x-34-x-100-cm\/#primaryimage","url":"https:\/\/dev.eliassen.nl\/wp-content\/uploads\/2024\/01\/sokkelcortenstaal34x34x100cmeliassennl.jpg","contentUrl":"https:\/\/dev.eliassen.nl\/wp-content\/uploads\/2024\/01\/sokkelcortenstaal34x34x100cmeliassennl.jpg","width":221,"height":341,"caption":"Sokkel cortenstaal 34x34x100cm - eliassen.nl"},{"@type":"BreadcrumbList","@id":"https:\/\/dev.eliassen.nl\/de\/product\/sockel-aus-cortenstahl-34-x-34-x-100-cm\/#breadcrumb","itemListElement":[{"@type":"ListItem","position":1,"name":"Home","item":"https:\/\/dev.eliassen.nl\/de\/"},{"@type":"ListItem","position":2,"name":"Shop","item":"https:\/\/dev.eliassen.nl\/nl\/winkel\/"},{"@type":"ListItem","position":3,"name":"Sockel","item":"https:\/\/dev.eliassen.nl\/de\/sockel\/"},{"@type":"ListItem","position":4,"name":"Metallsockel","item":"https:\/\/dev.eliassen.nl\/de\/sockel\/metallsockel\/"},{"@type":"ListItem","position":5,"name":"Sockel aus Cortenstahl, 34 x 34 x 100 cm"}]},{"@type":"WebSite","@id":"https:\/\/dev.eliassen.nl\/de\/#website","url":"https:\/\/dev.eliassen.nl\/de\/","name":"Eliassen Home & Garden Pleasure","description":"","publisher":{"@id":"https:\/\/dev.eliassen.nl\/de\/#organization"},"alternateName":"Eliassen.nl","potentialAction":[{"@type":"SearchAction","target":{"@type":"EntryPoint","urlTemplate":"https:\/\/dev.eliassen.nl\/de\/?s={search_term_string}"},"query-input":{"@type":"PropertyValueSpecification","valueRequired":true,"valueName":"search_term_string"}}],"inLanguage":"de"},{"@type":"Organization","@id":"https:\/\/dev.eliassen.nl\/de\/#organization","name":"Eliassen Home & Garden Pleasure","url":"https:\/\/dev.eliassen.nl\/de\/","logo":{"@type":"ImageObject","inLanguage":"de","@id":"https:\/\/dev.eliassen.nl\/de\/#\/schema\/logo\/image\/","url":"https:\/\/www.eliassen.nl\/wp-content\/uploads\/2024\/01\/logo_4nd.jpg","contentUrl":"https:\/\/www.eliassen.nl\/wp-content\/uploads\/2024\/01\/logo_4nd.jpg","width":500,"height":500,"caption":"Eliassen Home & Garden Pleasure"},"image":{"@id":"https:\/\/dev.eliassen.nl\/de\/#\/schema\/logo\/image\/"},"sameAs":["https:\/\/www.facebook.com\/TuincentrumEliassenAmmerzoden","https:\/\/www.instagram.com\/eliassenhomeandgarden\/","https:\/\/nl.pinterest.com\/eliassenhomeandgarden\/","https:\/\/www.youtube.com\/@eliassenhomegardenpleasure4558"]}]}},"df_price":179,"df_sale_price":"","df_regular_price":179,"df_image_link":"https:\/\/dev.eliassen.nl\/wp-content\/uploads\/2024\/01\/sokkelcortenstaal34x34x100cmeliassennl.jpg","image":"https:\/\/dev.eliassen.nl\/wp-content\/uploads\/2024\/01\/sokkelcortenstaal34x34x100cmeliassennl.jpg","price_search":"<span class=\"woocommerce-Price-amount amount\"><bdi><span class=\"woocommerce-Price-currencySymbol\">&euro;<\/span>&nbsp;179,00<\/bdi><\/span>","category":"Metallsockel","_links":{"self":[{"href":"https:\/\/dev.eliassen.nl\/de\/wp-json\/wp\/v2\/product\/70378","targetHints":{"allow":["GET"]}}],"collection":[{"href":"https:\/\/dev.eliassen.nl\/de\/wp-json\/wp\/v2\/product"}],"about":[{"href":"https:\/\/dev.eliassen.nl\/de\/wp-json\/wp\/v2\/types\/product"}],"wp:featuredmedia":[{"embeddable":true,"href":"https:\/\/dev.eliassen.nl\/de\/wp-json\/wp\/v2\/media\/70375"}],"wp:attachment":[{"href":"https:\/\/dev.eliassen.nl\/de\/wp-json\/wp\/v2\/media?parent=70378"}],"wp:term":[{"taxonomy":"product_brand","embeddable":true,"href":"https:\/\/dev.eliassen.nl\/de\/wp-json\/wp\/v2\/product_brand?post=70378"},{"taxonomy":"product_cat","embeddable":true,"href":"https:\/\/dev.eliassen.nl\/de\/wp-json\/wp\/v2\/product_cat?post=70378"},{"taxonomy":"product_tag","embeddable":true,"href":"https:\/\/dev.eliassen.nl\/de\/wp-json\/wp\/v2\/product_tag?post=70378"}],"curies":[{"name":"wp","href":"https:\/\/api.w.org\/{rel}","templated":true}]}}