{"id":70456,"date":"2022-04-01T12:38:42","date_gmt":"2022-04-01T10:38:42","guid":{"rendered":"https:\/\/www.eliassen.nl\/?product=glazen-bloem-rood"},"modified":"2024-12-05T16:01:03","modified_gmt":"2024-12-05T15:01:03","slug":"glasblume-rot","status":"publish","type":"product","link":"https:\/\/dev.eliassen.nl\/de\/product\/glasblume-rot\/","title":{"rendered":"Glasblume rot"},"content":{"rendered":"<p>Diese einzigartige rote Glasblume ist ein sch\u00f6nes Dekorationsst\u00fcck f\u00fcr Ihr Zuhause oder B\u00fcro. Die Qualit\u00e4t dieser Blume ist gut, denn sie wurde von einem traditionellen Glasbl\u00e4ser aus dem ber\u00fchmten B\u00f6hmen, der europ\u00e4ischen Glasregion schlechthin, hergestellt.<\/p>\n<p>Da diese Glasdekoration auf traditionelle Weise hergestellt wird, ist jedes St\u00fcck dieser Serie ein Unikat in Form und Farbe, sodass Ihre Glasdekoration vom Foto abweichen kann.<\/p>\n<p>Sie k\u00f6nnen diese Serie von Glaskunst auch in unserem Shop ansehen.<\/p>\n<ul>\n<li>Marke: Loranto<\/li>\n<li>Gr\u00f6\u00dfe: ca. 50 cm lang<\/li>\n<li>Aus massivem Glas<\/li>\n<li>1 Jahr Garantie<\/li>\n<li>Europ\u00e4ische Qualit\u00e4t, mundgeblasenes Vollglas<\/li>\n<li>Schnell geliefert<\/li>\n<\/ul>\n","protected":false},"excerpt":{"rendered":"<p>Diese einzigartige rote Glasblume ist ein sch\u00f6nes Dekorationsst\u00fcck f\u00fcr Ihr Zuhause oder B\u00fcro. Die Qualit\u00e4t dieser Blume ist gut, denn sie wurde von einem traditionellen Glasbl\u00e4ser aus dem ber\u00fchmten B\u00f6hmen, der europ\u00e4ischen Glasregion schlechthin, hergestellt. Da diese Glasdekoration auf traditionelle Weise hergestellt wird, ist jedes St\u00fcck dieser Serie ein Unikat in Form und Farbe, sodass &hellip;<\/p>\n","protected":false},"featured_media":70450,"template":"","meta":{"_acf_changed":false},"product_brand":[],"product_cat":[818,800],"product_tag":[],"class_list":{"0":"post-70456","1":"product","2":"type-product","3":"status-publish","4":"has-post-thumbnail","6":"product_cat-blumen-und-fruechte-aus-glas","7":"product_cat-glaskunst","9":"first","10":"outofstock","11":"taxable","12":"shipping-taxable","13":"purchasable","14":"product-type-simple"},"acf":[],"yoast_head":"<!-- This site is optimized with the Yoast SEO plugin v23.8 - https:\/\/yoast.com\/wordpress\/plugins\/seo\/ -->\n<title>Glasblume rot<\/title>\n<meta name=\"description\" content=\"Brille kaufen, rote Blume? Eliassen bietet Ihnen eine gro\u00dfe Auswahl an Glasblumen, Tulpen und Objekten in einem gro\u00dfen Showroom und schnelle Online-Lieferzei...\" \/>\n<meta name=\"robots\" content=\"noindex, follow, max-snippet:-1, max-image-preview:large, max-video-preview:-1\" \/>\n<meta property=\"og:locale\" content=\"de_DE\" \/>\n<meta property=\"og:type\" content=\"article\" \/>\n<meta property=\"og:title\" content=\"Glasblume rot\" \/>\n<meta property=\"og:description\" content=\"Brille kaufen, rote Blume? Eliassen bietet Ihnen eine gro\u00dfe Auswahl an Glasblumen, Tulpen und Objekten in einem gro\u00dfen Showroom und schnelle Online-Lieferzei...\" \/>\n<meta property=\"og:url\" content=\"https:\/\/dev.eliassen.nl\/de\/product\/glasblume-rot\/\" \/>\n<meta property=\"og:site_name\" content=\"Eliassen.nl\" \/>\n<meta property=\"article:publisher\" content=\"https:\/\/www.facebook.com\/TuincentrumEliassenAmmerzoden\" \/>\n<meta property=\"article:modified_time\" content=\"2024-12-05T15:01:03+00:00\" \/>\n<meta property=\"og:image\" content=\"https:\/\/dev.eliassen.nl\/wp-content\/uploads\/2024\/01\/glazenbloemenrood.jpg\" \/>\n\t<meta property=\"og:image:width\" content=\"2048\" \/>\n\t<meta property=\"og:image:height\" content=\"1365\" \/>\n\t<meta property=\"og:image:type\" content=\"image\/jpeg\" \/>\n<meta name=\"twitter:card\" content=\"summary_large_image\" \/>\n<script type=\"application\/ld+json\" class=\"yoast-schema-graph\">{\"@context\":\"https:\/\/schema.org\",\"@graph\":[{\"@type\":\"WebPage\",\"@id\":\"https:\/\/dev.eliassen.nl\/de\/product\/glasblume-rot\/\",\"url\":\"https:\/\/dev.eliassen.nl\/de\/product\/glasblume-rot\/\",\"name\":\"Glasblume rot\",\"isPartOf\":{\"@id\":\"https:\/\/dev.eliassen.nl\/de\/#website\"},\"primaryImageOfPage\":{\"@id\":\"https:\/\/dev.eliassen.nl\/de\/product\/glasblume-rot\/#primaryimage\"},\"image\":{\"@id\":\"https:\/\/dev.eliassen.nl\/de\/product\/glasblume-rot\/#primaryimage\"},\"thumbnailUrl\":\"https:\/\/dev.eliassen.nl\/wp-content\/uploads\/2024\/01\/glazenbloemenrood.jpg\",\"datePublished\":\"2022-04-01T10:38:42+00:00\",\"dateModified\":\"2024-12-05T15:01:03+00:00\",\"description\":\"Brille kaufen, rote Blume? Eliassen bietet Ihnen eine gro\u00dfe Auswahl an Glasblumen, Tulpen und Objekten in einem gro\u00dfen Showroom und schnelle Online-Lieferzei...\",\"breadcrumb\":{\"@id\":\"https:\/\/dev.eliassen.nl\/de\/product\/glasblume-rot\/#breadcrumb\"},\"inLanguage\":\"de\",\"potentialAction\":[{\"@type\":\"ReadAction\",\"target\":[\"https:\/\/dev.eliassen.nl\/de\/product\/glasblume-rot\/\"]}]},{\"@type\":\"ImageObject\",\"inLanguage\":\"de\",\"@id\":\"https:\/\/dev.eliassen.nl\/de\/product\/glasblume-rot\/#primaryimage\",\"url\":\"https:\/\/dev.eliassen.nl\/wp-content\/uploads\/2024\/01\/glazenbloemenrood.jpg\",\"contentUrl\":\"https:\/\/dev.eliassen.nl\/wp-content\/uploads\/2024\/01\/glazenbloemenrood.jpg\",\"width\":2048,\"height\":1365,\"caption\":\"Glazen bloemen Rood\"},{\"@type\":\"BreadcrumbList\",\"@id\":\"https:\/\/dev.eliassen.nl\/de\/product\/glasblume-rot\/#breadcrumb\",\"itemListElement\":[{\"@type\":\"ListItem\",\"position\":1,\"name\":\"Home\",\"item\":\"https:\/\/dev.eliassen.nl\/de\/\"},{\"@type\":\"ListItem\",\"position\":2,\"name\":\"Shop\",\"item\":\"https:\/\/dev.eliassen.nl\/nl\/winkel\/\"},{\"@type\":\"ListItem\",\"position\":3,\"name\":\"Glaskunst\",\"item\":\"https:\/\/dev.eliassen.nl\/de\/glaskunst\/\"},{\"@type\":\"ListItem\",\"position\":4,\"name\":\"Blumen und Fr\u00fcchte aus Glas\",\"item\":\"https:\/\/dev.eliassen.nl\/de\/glaskunst\/blumen-und-fruechte-aus-glas\/\"},{\"@type\":\"ListItem\",\"position\":5,\"name\":\"Glasblume rot\"}]},{\"@type\":\"WebSite\",\"@id\":\"https:\/\/dev.eliassen.nl\/de\/#website\",\"url\":\"https:\/\/dev.eliassen.nl\/de\/\",\"name\":\"Eliassen Home & Garden Pleasure\",\"description\":\"\",\"publisher\":{\"@id\":\"https:\/\/dev.eliassen.nl\/de\/#organization\"},\"alternateName\":\"Eliassen.nl\",\"potentialAction\":[{\"@type\":\"SearchAction\",\"target\":{\"@type\":\"EntryPoint\",\"urlTemplate\":\"https:\/\/dev.eliassen.nl\/de\/?s={search_term_string}\"},\"query-input\":{\"@type\":\"PropertyValueSpecification\",\"valueRequired\":true,\"valueName\":\"search_term_string\"}}],\"inLanguage\":\"de\"},{\"@type\":\"Organization\",\"@id\":\"https:\/\/dev.eliassen.nl\/de\/#organization\",\"name\":\"Eliassen Home & Garden Pleasure\",\"url\":\"https:\/\/dev.eliassen.nl\/de\/\",\"logo\":{\"@type\":\"ImageObject\",\"inLanguage\":\"de\",\"@id\":\"https:\/\/dev.eliassen.nl\/de\/#\/schema\/logo\/image\/\",\"url\":\"https:\/\/www.eliassen.nl\/wp-content\/uploads\/2024\/01\/logo_4nd.jpg\",\"contentUrl\":\"https:\/\/www.eliassen.nl\/wp-content\/uploads\/2024\/01\/logo_4nd.jpg\",\"width\":500,\"height\":500,\"caption\":\"Eliassen Home & Garden Pleasure\"},\"image\":{\"@id\":\"https:\/\/dev.eliassen.nl\/de\/#\/schema\/logo\/image\/\"},\"sameAs\":[\"https:\/\/www.facebook.com\/TuincentrumEliassenAmmerzoden\",\"https:\/\/www.instagram.com\/eliassenhomeandgarden\/\",\"https:\/\/nl.pinterest.com\/eliassenhomeandgarden\/\",\"https:\/\/www.youtube.com\/@eliassenhomegardenpleasure4558\"]}]}<\/script>\n<!-- \/ Yoast SEO plugin. -->","yoast_head_json":{"title":"Glasblume rot","description":"Brille kaufen, rote Blume? Eliassen bietet Ihnen eine gro\u00dfe Auswahl an Glasblumen, Tulpen und Objekten in einem gro\u00dfen Showroom und schnelle Online-Lieferzei...","robots":{"index":"noindex","follow":"follow","max-snippet":"max-snippet:-1","max-image-preview":"max-image-preview:large","max-video-preview":"max-video-preview:-1"},"og_locale":"de_DE","og_type":"article","og_title":"Glasblume rot","og_description":"Brille kaufen, rote Blume? Eliassen bietet Ihnen eine gro\u00dfe Auswahl an Glasblumen, Tulpen und Objekten in einem gro\u00dfen Showroom und schnelle Online-Lieferzei...","og_url":"https:\/\/dev.eliassen.nl\/de\/product\/glasblume-rot\/","og_site_name":"Eliassen.nl","article_publisher":"https:\/\/www.facebook.com\/TuincentrumEliassenAmmerzoden","article_modified_time":"2024-12-05T15:01:03+00:00","og_image":[{"width":2048,"height":1365,"url":"https:\/\/dev.eliassen.nl\/wp-content\/uploads\/2024\/01\/glazenbloemenrood.jpg","type":"image\/jpeg"}],"twitter_card":"summary_large_image","schema":{"@context":"https:\/\/schema.org","@graph":[{"@type":"WebPage","@id":"https:\/\/dev.eliassen.nl\/de\/product\/glasblume-rot\/","url":"https:\/\/dev.eliassen.nl\/de\/product\/glasblume-rot\/","name":"Glasblume rot","isPartOf":{"@id":"https:\/\/dev.eliassen.nl\/de\/#website"},"primaryImageOfPage":{"@id":"https:\/\/dev.eliassen.nl\/de\/product\/glasblume-rot\/#primaryimage"},"image":{"@id":"https:\/\/dev.eliassen.nl\/de\/product\/glasblume-rot\/#primaryimage"},"thumbnailUrl":"https:\/\/dev.eliassen.nl\/wp-content\/uploads\/2024\/01\/glazenbloemenrood.jpg","datePublished":"2022-04-01T10:38:42+00:00","dateModified":"2024-12-05T15:01:03+00:00","description":"Brille kaufen, rote Blume? Eliassen bietet Ihnen eine gro\u00dfe Auswahl an Glasblumen, Tulpen und Objekten in einem gro\u00dfen Showroom und schnelle Online-Lieferzei...","breadcrumb":{"@id":"https:\/\/dev.eliassen.nl\/de\/product\/glasblume-rot\/#breadcrumb"},"inLanguage":"de","potentialAction":[{"@type":"ReadAction","target":["https:\/\/dev.eliassen.nl\/de\/product\/glasblume-rot\/"]}]},{"@type":"ImageObject","inLanguage":"de","@id":"https:\/\/dev.eliassen.nl\/de\/product\/glasblume-rot\/#primaryimage","url":"https:\/\/dev.eliassen.nl\/wp-content\/uploads\/2024\/01\/glazenbloemenrood.jpg","contentUrl":"https:\/\/dev.eliassen.nl\/wp-content\/uploads\/2024\/01\/glazenbloemenrood.jpg","width":2048,"height":1365,"caption":"Glazen bloemen Rood"},{"@type":"BreadcrumbList","@id":"https:\/\/dev.eliassen.nl\/de\/product\/glasblume-rot\/#breadcrumb","itemListElement":[{"@type":"ListItem","position":1,"name":"Home","item":"https:\/\/dev.eliassen.nl\/de\/"},{"@type":"ListItem","position":2,"name":"Shop","item":"https:\/\/dev.eliassen.nl\/nl\/winkel\/"},{"@type":"ListItem","position":3,"name":"Glaskunst","item":"https:\/\/dev.eliassen.nl\/de\/glaskunst\/"},{"@type":"ListItem","position":4,"name":"Blumen und Fr\u00fcchte aus Glas","item":"https:\/\/dev.eliassen.nl\/de\/glaskunst\/blumen-und-fruechte-aus-glas\/"},{"@type":"ListItem","position":5,"name":"Glasblume rot"}]},{"@type":"WebSite","@id":"https:\/\/dev.eliassen.nl\/de\/#website","url":"https:\/\/dev.eliassen.nl\/de\/","name":"Eliassen Home & Garden Pleasure","description":"","publisher":{"@id":"https:\/\/dev.eliassen.nl\/de\/#organization"},"alternateName":"Eliassen.nl","potentialAction":[{"@type":"SearchAction","target":{"@type":"EntryPoint","urlTemplate":"https:\/\/dev.eliassen.nl\/de\/?s={search_term_string}"},"query-input":{"@type":"PropertyValueSpecification","valueRequired":true,"valueName":"search_term_string"}}],"inLanguage":"de"},{"@type":"Organization","@id":"https:\/\/dev.eliassen.nl\/de\/#organization","name":"Eliassen Home & Garden Pleasure","url":"https:\/\/dev.eliassen.nl\/de\/","logo":{"@type":"ImageObject","inLanguage":"de","@id":"https:\/\/dev.eliassen.nl\/de\/#\/schema\/logo\/image\/","url":"https:\/\/www.eliassen.nl\/wp-content\/uploads\/2024\/01\/logo_4nd.jpg","contentUrl":"https:\/\/www.eliassen.nl\/wp-content\/uploads\/2024\/01\/logo_4nd.jpg","width":500,"height":500,"caption":"Eliassen Home & Garden Pleasure"},"image":{"@id":"https:\/\/dev.eliassen.nl\/de\/#\/schema\/logo\/image\/"},"sameAs":["https:\/\/www.facebook.com\/TuincentrumEliassenAmmerzoden","https:\/\/www.instagram.com\/eliassenhomeandgarden\/","https:\/\/nl.pinterest.com\/eliassenhomeandgarden\/","https:\/\/www.youtube.com\/@eliassenhomegardenpleasure4558"]}]}},"df_price":24.95,"df_sale_price":"","df_regular_price":24.95,"df_image_link":"https:\/\/dev.eliassen.nl\/wp-content\/uploads\/2024\/01\/glazenbloemenrood.jpg","image":"https:\/\/dev.eliassen.nl\/wp-content\/uploads\/2024\/01\/glazenbloemenrood.jpg","price_search":"<span class=\"woocommerce-Price-amount amount\"><bdi><span class=\"woocommerce-Price-currencySymbol\">&euro;<\/span>&nbsp;24,95<\/bdi><\/span>","category":"Blumen und Fr\u00fcchte aus Glas","_links":{"self":[{"href":"https:\/\/dev.eliassen.nl\/de\/wp-json\/wp\/v2\/product\/70456","targetHints":{"allow":["GET"]}}],"collection":[{"href":"https:\/\/dev.eliassen.nl\/de\/wp-json\/wp\/v2\/product"}],"about":[{"href":"https:\/\/dev.eliassen.nl\/de\/wp-json\/wp\/v2\/types\/product"}],"wp:featuredmedia":[{"embeddable":true,"href":"https:\/\/dev.eliassen.nl\/de\/wp-json\/wp\/v2\/media\/70450"}],"wp:attachment":[{"href":"https:\/\/dev.eliassen.nl\/de\/wp-json\/wp\/v2\/media?parent=70456"}],"wp:term":[{"taxonomy":"product_brand","embeddable":true,"href":"https:\/\/dev.eliassen.nl\/de\/wp-json\/wp\/v2\/product_brand?post=70456"},{"taxonomy":"product_cat","embeddable":true,"href":"https:\/\/dev.eliassen.nl\/de\/wp-json\/wp\/v2\/product_cat?post=70456"},{"taxonomy":"product_tag","embeddable":true,"href":"https:\/\/dev.eliassen.nl\/de\/wp-json\/wp\/v2\/product_tag?post=70456"}],"curies":[{"name":"wp","href":"https:\/\/api.w.org\/{rel}","templated":true}]}}