{"id":70468,"date":"2022-04-01T12:39:23","date_gmt":"2022-04-01T10:39:23","guid":{"rendered":"https:\/\/www.eliassen.nl\/?product=glazen-bloem-zwart"},"modified":"2024-12-05T16:01:06","modified_gmt":"2024-12-05T15:01:06","slug":"glasblume-schwarz","status":"publish","type":"product","link":"https:\/\/dev.eliassen.nl\/de\/product\/glasblume-schwarz\/","title":{"rendered":"Glasblume schwarz"},"content":{"rendered":"<p>Diese einzigartige schwarze Glasblume ist ein wundersch\u00f6nes Dekorationsst\u00fcck f\u00fcr Ihr Zuhause oder B\u00fcro. Die Qualit\u00e4t dieser Blume ist gut, denn sie wurde von einem traditionellen Glasbl\u00e4ser aus dem ber\u00fchmten B\u00f6hmen, der europ\u00e4ischen Glasregion schlechthin, hergestellt.<\/p>\n<p>Da diese Glasdekoration auf traditionelle Weise hergestellt wird, ist jedes St\u00fcck dieser Serie ein Unikat in Form und Farbe, sodass Ihre Glasdekoration vom Foto abweichen kann.<\/p>\n<p>Sie k\u00f6nnen diese Serie von Glaskunst auch in unserem Shop ansehen.<\/p>\n<ul>\n<li>Marke: Loranto<\/li>\n<li>Gr\u00f6\u00dfe: ca. 50 cm lang<\/li>\n<li>Aus massivem Glas<\/li>\n<li>1 Jahr Garantie<\/li>\n<li>Europ\u00e4ische Qualit\u00e4t, mundgeblasenes Vollglas<\/li>\n<li>Schnell geliefert<\/li>\n<\/ul>\n","protected":false},"excerpt":{"rendered":"<p>Diese einzigartige schwarze Glasblume ist ein wundersch\u00f6nes Dekorationsst\u00fcck f\u00fcr Ihr Zuhause oder B\u00fcro. Die Qualit\u00e4t dieser Blume ist gut, denn sie wurde von einem traditionellen Glasbl\u00e4ser aus dem ber\u00fchmten B\u00f6hmen, der europ\u00e4ischen Glasregion schlechthin, hergestellt. Da diese Glasdekoration auf traditionelle Weise hergestellt wird, ist jedes St\u00fcck dieser Serie ein Unikat in Form und Farbe, sodass &hellip;<\/p>\n","protected":false},"featured_media":70459,"template":"","meta":{"_acf_changed":false},"product_brand":[],"product_cat":[818,800],"product_tag":[],"class_list":{"0":"post-70468","1":"product","2":"type-product","3":"status-publish","4":"has-post-thumbnail","6":"product_cat-blumen-und-fruechte-aus-glas","7":"product_cat-glaskunst","9":"first","10":"instock","11":"taxable","12":"shipping-taxable","13":"purchasable","14":"product-type-simple"},"acf":[],"yoast_head":"<!-- This site is optimized with the Yoast SEO plugin v23.8 - https:\/\/yoast.com\/wordpress\/plugins\/seo\/ -->\n<title>Glasblume schwarz<\/title>\n<meta name=\"description\" content=\"Brille kaufen, schwarze Blume? Eliassen bietet Ihnen eine gro\u00dfe Auswahl an Glasobjekten, Blumen und Tulpen. Gro\u00dfer Showroom, schnelle Lieferzeiten.\" \/>\n<meta name=\"robots\" content=\"noindex, follow, max-snippet:-1, max-image-preview:large, max-video-preview:-1\" \/>\n<meta property=\"og:locale\" content=\"de_DE\" \/>\n<meta property=\"og:type\" content=\"article\" \/>\n<meta property=\"og:title\" content=\"Glasblume schwarz\" \/>\n<meta property=\"og:description\" content=\"Brille kaufen, schwarze Blume? Eliassen bietet Ihnen eine gro\u00dfe Auswahl an Glasobjekten, Blumen und Tulpen. Gro\u00dfer Showroom, schnelle Lieferzeiten.\" \/>\n<meta property=\"og:url\" content=\"https:\/\/dev.eliassen.nl\/de\/product\/glasblume-schwarz\/\" \/>\n<meta property=\"og:site_name\" content=\"Eliassen.nl\" \/>\n<meta property=\"article:publisher\" content=\"https:\/\/www.facebook.com\/TuincentrumEliassenAmmerzoden\" \/>\n<meta property=\"article:modified_time\" content=\"2024-12-05T15:01:06+00:00\" \/>\n<meta property=\"og:image\" content=\"https:\/\/dev.eliassen.nl\/wp-content\/uploads\/2024\/01\/glazenbloemenzwart1.jpg\" \/>\n\t<meta property=\"og:image:width\" content=\"2048\" \/>\n\t<meta property=\"og:image:height\" content=\"1365\" \/>\n\t<meta property=\"og:image:type\" content=\"image\/jpeg\" \/>\n<meta name=\"twitter:card\" content=\"summary_large_image\" \/>\n<script type=\"application\/ld+json\" class=\"yoast-schema-graph\">{\"@context\":\"https:\/\/schema.org\",\"@graph\":[{\"@type\":\"WebPage\",\"@id\":\"https:\/\/dev.eliassen.nl\/de\/product\/glasblume-schwarz\/\",\"url\":\"https:\/\/dev.eliassen.nl\/de\/product\/glasblume-schwarz\/\",\"name\":\"Glasblume schwarz\",\"isPartOf\":{\"@id\":\"https:\/\/dev.eliassen.nl\/de\/#website\"},\"primaryImageOfPage\":{\"@id\":\"https:\/\/dev.eliassen.nl\/de\/product\/glasblume-schwarz\/#primaryimage\"},\"image\":{\"@id\":\"https:\/\/dev.eliassen.nl\/de\/product\/glasblume-schwarz\/#primaryimage\"},\"thumbnailUrl\":\"https:\/\/dev.eliassen.nl\/wp-content\/uploads\/2024\/01\/glazenbloemenzwart1.jpg\",\"datePublished\":\"2022-04-01T10:39:23+00:00\",\"dateModified\":\"2024-12-05T15:01:06+00:00\",\"description\":\"Brille kaufen, schwarze Blume? Eliassen bietet Ihnen eine gro\u00dfe Auswahl an Glasobjekten, Blumen und Tulpen. Gro\u00dfer Showroom, schnelle Lieferzeiten.\",\"breadcrumb\":{\"@id\":\"https:\/\/dev.eliassen.nl\/de\/product\/glasblume-schwarz\/#breadcrumb\"},\"inLanguage\":\"de\",\"potentialAction\":[{\"@type\":\"ReadAction\",\"target\":[\"https:\/\/dev.eliassen.nl\/de\/product\/glasblume-schwarz\/\"]}]},{\"@type\":\"ImageObject\",\"inLanguage\":\"de\",\"@id\":\"https:\/\/dev.eliassen.nl\/de\/product\/glasblume-schwarz\/#primaryimage\",\"url\":\"https:\/\/dev.eliassen.nl\/wp-content\/uploads\/2024\/01\/glazenbloemenzwart1.jpg\",\"contentUrl\":\"https:\/\/dev.eliassen.nl\/wp-content\/uploads\/2024\/01\/glazenbloemenzwart1.jpg\",\"width\":2048,\"height\":1365,\"caption\":\"Glazen bloemen Zwart 1\"},{\"@type\":\"BreadcrumbList\",\"@id\":\"https:\/\/dev.eliassen.nl\/de\/product\/glasblume-schwarz\/#breadcrumb\",\"itemListElement\":[{\"@type\":\"ListItem\",\"position\":1,\"name\":\"Home\",\"item\":\"https:\/\/dev.eliassen.nl\/de\/\"},{\"@type\":\"ListItem\",\"position\":2,\"name\":\"Shop\",\"item\":\"https:\/\/dev.eliassen.nl\/nl\/winkel\/\"},{\"@type\":\"ListItem\",\"position\":3,\"name\":\"Glaskunst\",\"item\":\"https:\/\/dev.eliassen.nl\/de\/glaskunst\/\"},{\"@type\":\"ListItem\",\"position\":4,\"name\":\"Blumen und Fr\u00fcchte aus Glas\",\"item\":\"https:\/\/dev.eliassen.nl\/de\/glaskunst\/blumen-und-fruechte-aus-glas\/\"},{\"@type\":\"ListItem\",\"position\":5,\"name\":\"Glasblume schwarz\"}]},{\"@type\":\"WebSite\",\"@id\":\"https:\/\/dev.eliassen.nl\/de\/#website\",\"url\":\"https:\/\/dev.eliassen.nl\/de\/\",\"name\":\"Eliassen Home & Garden Pleasure\",\"description\":\"\",\"publisher\":{\"@id\":\"https:\/\/dev.eliassen.nl\/de\/#organization\"},\"alternateName\":\"Eliassen.nl\",\"potentialAction\":[{\"@type\":\"SearchAction\",\"target\":{\"@type\":\"EntryPoint\",\"urlTemplate\":\"https:\/\/dev.eliassen.nl\/de\/?s={search_term_string}\"},\"query-input\":{\"@type\":\"PropertyValueSpecification\",\"valueRequired\":true,\"valueName\":\"search_term_string\"}}],\"inLanguage\":\"de\"},{\"@type\":\"Organization\",\"@id\":\"https:\/\/dev.eliassen.nl\/de\/#organization\",\"name\":\"Eliassen Home & Garden Pleasure\",\"url\":\"https:\/\/dev.eliassen.nl\/de\/\",\"logo\":{\"@type\":\"ImageObject\",\"inLanguage\":\"de\",\"@id\":\"https:\/\/dev.eliassen.nl\/de\/#\/schema\/logo\/image\/\",\"url\":\"https:\/\/www.eliassen.nl\/wp-content\/uploads\/2024\/01\/logo_4nd.jpg\",\"contentUrl\":\"https:\/\/www.eliassen.nl\/wp-content\/uploads\/2024\/01\/logo_4nd.jpg\",\"width\":500,\"height\":500,\"caption\":\"Eliassen Home & Garden Pleasure\"},\"image\":{\"@id\":\"https:\/\/dev.eliassen.nl\/de\/#\/schema\/logo\/image\/\"},\"sameAs\":[\"https:\/\/www.facebook.com\/TuincentrumEliassenAmmerzoden\",\"https:\/\/www.instagram.com\/eliassenhomeandgarden\/\",\"https:\/\/nl.pinterest.com\/eliassenhomeandgarden\/\",\"https:\/\/www.youtube.com\/@eliassenhomegardenpleasure4558\"]}]}<\/script>\n<!-- \/ Yoast SEO plugin. -->","yoast_head_json":{"title":"Glasblume schwarz","description":"Brille kaufen, schwarze Blume? Eliassen bietet Ihnen eine gro\u00dfe Auswahl an Glasobjekten, Blumen und Tulpen. Gro\u00dfer Showroom, schnelle Lieferzeiten.","robots":{"index":"noindex","follow":"follow","max-snippet":"max-snippet:-1","max-image-preview":"max-image-preview:large","max-video-preview":"max-video-preview:-1"},"og_locale":"de_DE","og_type":"article","og_title":"Glasblume schwarz","og_description":"Brille kaufen, schwarze Blume? Eliassen bietet Ihnen eine gro\u00dfe Auswahl an Glasobjekten, Blumen und Tulpen. Gro\u00dfer Showroom, schnelle Lieferzeiten.","og_url":"https:\/\/dev.eliassen.nl\/de\/product\/glasblume-schwarz\/","og_site_name":"Eliassen.nl","article_publisher":"https:\/\/www.facebook.com\/TuincentrumEliassenAmmerzoden","article_modified_time":"2024-12-05T15:01:06+00:00","og_image":[{"width":2048,"height":1365,"url":"https:\/\/dev.eliassen.nl\/wp-content\/uploads\/2024\/01\/glazenbloemenzwart1.jpg","type":"image\/jpeg"}],"twitter_card":"summary_large_image","schema":{"@context":"https:\/\/schema.org","@graph":[{"@type":"WebPage","@id":"https:\/\/dev.eliassen.nl\/de\/product\/glasblume-schwarz\/","url":"https:\/\/dev.eliassen.nl\/de\/product\/glasblume-schwarz\/","name":"Glasblume schwarz","isPartOf":{"@id":"https:\/\/dev.eliassen.nl\/de\/#website"},"primaryImageOfPage":{"@id":"https:\/\/dev.eliassen.nl\/de\/product\/glasblume-schwarz\/#primaryimage"},"image":{"@id":"https:\/\/dev.eliassen.nl\/de\/product\/glasblume-schwarz\/#primaryimage"},"thumbnailUrl":"https:\/\/dev.eliassen.nl\/wp-content\/uploads\/2024\/01\/glazenbloemenzwart1.jpg","datePublished":"2022-04-01T10:39:23+00:00","dateModified":"2024-12-05T15:01:06+00:00","description":"Brille kaufen, schwarze Blume? Eliassen bietet Ihnen eine gro\u00dfe Auswahl an Glasobjekten, Blumen und Tulpen. Gro\u00dfer Showroom, schnelle Lieferzeiten.","breadcrumb":{"@id":"https:\/\/dev.eliassen.nl\/de\/product\/glasblume-schwarz\/#breadcrumb"},"inLanguage":"de","potentialAction":[{"@type":"ReadAction","target":["https:\/\/dev.eliassen.nl\/de\/product\/glasblume-schwarz\/"]}]},{"@type":"ImageObject","inLanguage":"de","@id":"https:\/\/dev.eliassen.nl\/de\/product\/glasblume-schwarz\/#primaryimage","url":"https:\/\/dev.eliassen.nl\/wp-content\/uploads\/2024\/01\/glazenbloemenzwart1.jpg","contentUrl":"https:\/\/dev.eliassen.nl\/wp-content\/uploads\/2024\/01\/glazenbloemenzwart1.jpg","width":2048,"height":1365,"caption":"Glazen bloemen Zwart 1"},{"@type":"BreadcrumbList","@id":"https:\/\/dev.eliassen.nl\/de\/product\/glasblume-schwarz\/#breadcrumb","itemListElement":[{"@type":"ListItem","position":1,"name":"Home","item":"https:\/\/dev.eliassen.nl\/de\/"},{"@type":"ListItem","position":2,"name":"Shop","item":"https:\/\/dev.eliassen.nl\/nl\/winkel\/"},{"@type":"ListItem","position":3,"name":"Glaskunst","item":"https:\/\/dev.eliassen.nl\/de\/glaskunst\/"},{"@type":"ListItem","position":4,"name":"Blumen und Fr\u00fcchte aus Glas","item":"https:\/\/dev.eliassen.nl\/de\/glaskunst\/blumen-und-fruechte-aus-glas\/"},{"@type":"ListItem","position":5,"name":"Glasblume schwarz"}]},{"@type":"WebSite","@id":"https:\/\/dev.eliassen.nl\/de\/#website","url":"https:\/\/dev.eliassen.nl\/de\/","name":"Eliassen Home & Garden Pleasure","description":"","publisher":{"@id":"https:\/\/dev.eliassen.nl\/de\/#organization"},"alternateName":"Eliassen.nl","potentialAction":[{"@type":"SearchAction","target":{"@type":"EntryPoint","urlTemplate":"https:\/\/dev.eliassen.nl\/de\/?s={search_term_string}"},"query-input":{"@type":"PropertyValueSpecification","valueRequired":true,"valueName":"search_term_string"}}],"inLanguage":"de"},{"@type":"Organization","@id":"https:\/\/dev.eliassen.nl\/de\/#organization","name":"Eliassen Home & Garden Pleasure","url":"https:\/\/dev.eliassen.nl\/de\/","logo":{"@type":"ImageObject","inLanguage":"de","@id":"https:\/\/dev.eliassen.nl\/de\/#\/schema\/logo\/image\/","url":"https:\/\/www.eliassen.nl\/wp-content\/uploads\/2024\/01\/logo_4nd.jpg","contentUrl":"https:\/\/www.eliassen.nl\/wp-content\/uploads\/2024\/01\/logo_4nd.jpg","width":500,"height":500,"caption":"Eliassen Home & Garden Pleasure"},"image":{"@id":"https:\/\/dev.eliassen.nl\/de\/#\/schema\/logo\/image\/"},"sameAs":["https:\/\/www.facebook.com\/TuincentrumEliassenAmmerzoden","https:\/\/www.instagram.com\/eliassenhomeandgarden\/","https:\/\/nl.pinterest.com\/eliassenhomeandgarden\/","https:\/\/www.youtube.com\/@eliassenhomegardenpleasure4558"]}]}},"df_price":16.95,"df_sale_price":"","df_regular_price":16.95,"df_image_link":"https:\/\/dev.eliassen.nl\/wp-content\/uploads\/2024\/01\/glazenbloemenzwart1.jpg","image":"https:\/\/dev.eliassen.nl\/wp-content\/uploads\/2024\/01\/glazenbloemenzwart1.jpg","price_search":"<span class=\"woocommerce-Price-amount amount\"><bdi><span class=\"woocommerce-Price-currencySymbol\">&euro;<\/span>&nbsp;16,95<\/bdi><\/span>","category":"Blumen und Fr\u00fcchte aus Glas","_links":{"self":[{"href":"https:\/\/dev.eliassen.nl\/de\/wp-json\/wp\/v2\/product\/70468","targetHints":{"allow":["GET"]}}],"collection":[{"href":"https:\/\/dev.eliassen.nl\/de\/wp-json\/wp\/v2\/product"}],"about":[{"href":"https:\/\/dev.eliassen.nl\/de\/wp-json\/wp\/v2\/types\/product"}],"wp:featuredmedia":[{"embeddable":true,"href":"https:\/\/dev.eliassen.nl\/de\/wp-json\/wp\/v2\/media\/70459"}],"wp:attachment":[{"href":"https:\/\/dev.eliassen.nl\/de\/wp-json\/wp\/v2\/media?parent=70468"}],"wp:term":[{"taxonomy":"product_brand","embeddable":true,"href":"https:\/\/dev.eliassen.nl\/de\/wp-json\/wp\/v2\/product_brand?post=70468"},{"taxonomy":"product_cat","embeddable":true,"href":"https:\/\/dev.eliassen.nl\/de\/wp-json\/wp\/v2\/product_cat?post=70468"},{"taxonomy":"product_tag","embeddable":true,"href":"https:\/\/dev.eliassen.nl\/de\/wp-json\/wp\/v2\/product_tag?post=70468"}],"curies":[{"name":"wp","href":"https:\/\/api.w.org\/{rel}","templated":true}]}}