{"id":70618,"date":"2022-04-08T16:56:05","date_gmt":"2022-04-08T14:56:05","guid":{"rendered":"https:\/\/www.eliassen.nl\/?product=beeld-boomman-eik-137cm"},"modified":"2024-12-05T16:01:17","modified_gmt":"2024-12-05T15:01:17","slug":"statue-boomman-eiche-137cm","status":"publish","type":"product","link":"https:\/\/dev.eliassen.nl\/de\/product\/statue-boomman-eiche-137cm\/","title":{"rendered":"Statue Boomman Eiche 137cm"},"content":{"rendered":"<p>Eine wundersch\u00f6n gestaltete Modell-Gartenstatue in Form eines Fl\u00f6tenspielers, eingearbeitet in einen Baum. Hergestellt aus allerbestem Gussstein.<\/p>\n<ul>\n<li>massiver Steinguss<\/li>\n<li>Farbe nat\u00fcrlich<\/li>\n<li>Gr\u00f6\u00dfe 85 x 60 x 137 cm hoch<\/li>\n<li>120kg<\/li>\n<li>10 Jahre Garantie<\/li>\n<li>Wir bem\u00fchen uns, dieses Produkt immer in unserem Showroom zu haben, damit Sie dieses Modell live sehen k\u00f6nnen. Rufen Sie uns an oder mailen Sie uns, wenn Sie kommen m\u00f6chten, um Missverst\u00e4ndnisse zu vermeiden.<\/li>\n<\/ul>\n","protected":false},"excerpt":{"rendered":"<p>Eine wundersch\u00f6n gestaltete Modell-Gartenstatue in Form eines Fl\u00f6tenspielers, eingearbeitet in einen Baum. Hergestellt aus allerbestem Gussstein. massiver Steinguss Farbe nat\u00fcrlich Gr\u00f6\u00dfe 85 x 60 x 137 cm hoch 120kg 10 Jahre Garantie Wir bem\u00fchen uns, dieses Produkt immer in unserem Showroom zu haben, damit Sie dieses Modell live sehen k\u00f6nnen. Rufen Sie uns an oder &hellip;<\/p>\n","protected":false},"featured_media":70606,"template":"","meta":{"_acf_changed":false},"product_brand":[],"product_cat":[677,710,7076],"product_tag":[],"class_list":{"0":"post-70618","1":"product","2":"type-product","3":"status-publish","4":"has-post-thumbnail","6":"product_cat-betonstatuen","7":"product_cat-mythologische-bilder","8":"product_cat-statues-figures","10":"first","11":"instock","12":"taxable","13":"shipping-taxable","14":"purchasable","15":"product-type-simple"},"acf":[],"yoast_head":"<!-- This site is optimized with the Yoast SEO plugin v23.8 - https:\/\/yoast.com\/wordpress\/plugins\/seo\/ -->\n<title>Statue Boomman Eiche 137cm<\/title>\n<meta name=\"description\" content=\"M\u00f6chten Sie eine Statue Baummann Eiche 137 cm kaufen? Eliassen bietet Ihnen eine gro\u00dfe Auswahl an Skulpturen in Fantasiefiguren. Gro\u00dfer Showroom und online s...\" \/>\n<meta name=\"robots\" content=\"noindex, follow, max-snippet:-1, max-image-preview:large, max-video-preview:-1\" \/>\n<meta property=\"og:locale\" content=\"de_DE\" \/>\n<meta property=\"og:type\" content=\"article\" \/>\n<meta property=\"og:title\" content=\"Statue Boomman Eiche 137cm\" \/>\n<meta property=\"og:description\" content=\"M\u00f6chten Sie eine Statue Baummann Eiche 137 cm kaufen? Eliassen bietet Ihnen eine gro\u00dfe Auswahl an Skulpturen in Fantasiefiguren. Gro\u00dfer Showroom und online s...\" \/>\n<meta property=\"og:url\" content=\"https:\/\/dev.eliassen.nl\/de\/product\/statue-boomman-eiche-137cm\/\" \/>\n<meta property=\"og:site_name\" content=\"Eliassen.nl\" \/>\n<meta property=\"article:publisher\" content=\"https:\/\/www.facebook.com\/TuincentrumEliassenAmmerzoden\" \/>\n<meta property=\"article:modified_time\" content=\"2024-12-05T15:01:17+00:00\" \/>\n<meta property=\"og:image\" content=\"https:\/\/dev.eliassen.nl\/wp-content\/uploads\/2024\/01\/116403.jpg\" \/>\n\t<meta property=\"og:image:width\" content=\"884\" \/>\n\t<meta property=\"og:image:height\" content=\"1442\" \/>\n\t<meta property=\"og:image:type\" content=\"image\/jpeg\" \/>\n<meta name=\"twitter:card\" content=\"summary_large_image\" \/>\n<script type=\"application\/ld+json\" class=\"yoast-schema-graph\">{\"@context\":\"https:\/\/schema.org\",\"@graph\":[{\"@type\":\"WebPage\",\"@id\":\"https:\/\/dev.eliassen.nl\/de\/product\/statue-boomman-eiche-137cm\/\",\"url\":\"https:\/\/dev.eliassen.nl\/de\/product\/statue-boomman-eiche-137cm\/\",\"name\":\"Statue Boomman Eiche 137cm\",\"isPartOf\":{\"@id\":\"https:\/\/dev.eliassen.nl\/de\/#website\"},\"primaryImageOfPage\":{\"@id\":\"https:\/\/dev.eliassen.nl\/de\/product\/statue-boomman-eiche-137cm\/#primaryimage\"},\"image\":{\"@id\":\"https:\/\/dev.eliassen.nl\/de\/product\/statue-boomman-eiche-137cm\/#primaryimage\"},\"thumbnailUrl\":\"https:\/\/dev.eliassen.nl\/wp-content\/uploads\/2024\/01\/116403.jpg\",\"datePublished\":\"2022-04-08T14:56:05+00:00\",\"dateModified\":\"2024-12-05T15:01:17+00:00\",\"description\":\"M\u00f6chten Sie eine Statue Baummann Eiche 137 cm kaufen? Eliassen bietet Ihnen eine gro\u00dfe Auswahl an Skulpturen in Fantasiefiguren. Gro\u00dfer Showroom und online s...\",\"breadcrumb\":{\"@id\":\"https:\/\/dev.eliassen.nl\/de\/product\/statue-boomman-eiche-137cm\/#breadcrumb\"},\"inLanguage\":\"de\",\"potentialAction\":[{\"@type\":\"ReadAction\",\"target\":[\"https:\/\/dev.eliassen.nl\/de\/product\/statue-boomman-eiche-137cm\/\"]}]},{\"@type\":\"ImageObject\",\"inLanguage\":\"de\",\"@id\":\"https:\/\/dev.eliassen.nl\/de\/product\/statue-boomman-eiche-137cm\/#primaryimage\",\"url\":\"https:\/\/dev.eliassen.nl\/wp-content\/uploads\/2024\/01\/116403.jpg\",\"contentUrl\":\"https:\/\/dev.eliassen.nl\/wp-content\/uploads\/2024\/01\/116403.jpg\",\"width\":884,\"height\":1442,\"caption\":\"116403\"},{\"@type\":\"BreadcrumbList\",\"@id\":\"https:\/\/dev.eliassen.nl\/de\/product\/statue-boomman-eiche-137cm\/#breadcrumb\",\"itemListElement\":[{\"@type\":\"ListItem\",\"position\":1,\"name\":\"Home\",\"item\":\"https:\/\/dev.eliassen.nl\/de\/\"},{\"@type\":\"ListItem\",\"position\":2,\"name\":\"Shop\",\"item\":\"https:\/\/dev.eliassen.nl\/nl\/winkel\/\"},{\"@type\":\"ListItem\",\"position\":3,\"name\":\"Statuen-Skulpturen\",\"item\":\"https:\/\/dev.eliassen.nl\/de\/statuen-skulpturen\/\"},{\"@type\":\"ListItem\",\"position\":4,\"name\":\"Betonstatuen\",\"item\":\"https:\/\/dev.eliassen.nl\/de\/bilder\/betonstatuen\/\"},{\"@type\":\"ListItem\",\"position\":5,\"name\":\"Mythologische Bilder\",\"item\":\"https:\/\/dev.eliassen.nl\/de\/bilder\/betonstatuen\/mythologische-bilder\/\"},{\"@type\":\"ListItem\",\"position\":6,\"name\":\"Statue Boomman Eiche 137cm\"}]},{\"@type\":\"WebSite\",\"@id\":\"https:\/\/dev.eliassen.nl\/de\/#website\",\"url\":\"https:\/\/dev.eliassen.nl\/de\/\",\"name\":\"Eliassen Home & Garden Pleasure\",\"description\":\"\",\"publisher\":{\"@id\":\"https:\/\/dev.eliassen.nl\/de\/#organization\"},\"alternateName\":\"Eliassen.nl\",\"potentialAction\":[{\"@type\":\"SearchAction\",\"target\":{\"@type\":\"EntryPoint\",\"urlTemplate\":\"https:\/\/dev.eliassen.nl\/de\/?s={search_term_string}\"},\"query-input\":{\"@type\":\"PropertyValueSpecification\",\"valueRequired\":true,\"valueName\":\"search_term_string\"}}],\"inLanguage\":\"de\"},{\"@type\":\"Organization\",\"@id\":\"https:\/\/dev.eliassen.nl\/de\/#organization\",\"name\":\"Eliassen Home & Garden Pleasure\",\"url\":\"https:\/\/dev.eliassen.nl\/de\/\",\"logo\":{\"@type\":\"ImageObject\",\"inLanguage\":\"de\",\"@id\":\"https:\/\/dev.eliassen.nl\/de\/#\/schema\/logo\/image\/\",\"url\":\"https:\/\/www.eliassen.nl\/wp-content\/uploads\/2024\/01\/logo_4nd.jpg\",\"contentUrl\":\"https:\/\/www.eliassen.nl\/wp-content\/uploads\/2024\/01\/logo_4nd.jpg\",\"width\":500,\"height\":500,\"caption\":\"Eliassen Home & Garden Pleasure\"},\"image\":{\"@id\":\"https:\/\/dev.eliassen.nl\/de\/#\/schema\/logo\/image\/\"},\"sameAs\":[\"https:\/\/www.facebook.com\/TuincentrumEliassenAmmerzoden\",\"https:\/\/www.instagram.com\/eliassenhomeandgarden\/\",\"https:\/\/nl.pinterest.com\/eliassenhomeandgarden\/\",\"https:\/\/www.youtube.com\/@eliassenhomegardenpleasure4558\"]}]}<\/script>\n<!-- \/ Yoast SEO plugin. -->","yoast_head_json":{"title":"Statue Boomman Eiche 137cm","description":"M\u00f6chten Sie eine Statue Baummann Eiche 137 cm kaufen? Eliassen bietet Ihnen eine gro\u00dfe Auswahl an Skulpturen in Fantasiefiguren. Gro\u00dfer Showroom und online s...","robots":{"index":"noindex","follow":"follow","max-snippet":"max-snippet:-1","max-image-preview":"max-image-preview:large","max-video-preview":"max-video-preview:-1"},"og_locale":"de_DE","og_type":"article","og_title":"Statue Boomman Eiche 137cm","og_description":"M\u00f6chten Sie eine Statue Baummann Eiche 137 cm kaufen? Eliassen bietet Ihnen eine gro\u00dfe Auswahl an Skulpturen in Fantasiefiguren. Gro\u00dfer Showroom und online s...","og_url":"https:\/\/dev.eliassen.nl\/de\/product\/statue-boomman-eiche-137cm\/","og_site_name":"Eliassen.nl","article_publisher":"https:\/\/www.facebook.com\/TuincentrumEliassenAmmerzoden","article_modified_time":"2024-12-05T15:01:17+00:00","og_image":[{"width":884,"height":1442,"url":"https:\/\/dev.eliassen.nl\/wp-content\/uploads\/2024\/01\/116403.jpg","type":"image\/jpeg"}],"twitter_card":"summary_large_image","schema":{"@context":"https:\/\/schema.org","@graph":[{"@type":"WebPage","@id":"https:\/\/dev.eliassen.nl\/de\/product\/statue-boomman-eiche-137cm\/","url":"https:\/\/dev.eliassen.nl\/de\/product\/statue-boomman-eiche-137cm\/","name":"Statue Boomman Eiche 137cm","isPartOf":{"@id":"https:\/\/dev.eliassen.nl\/de\/#website"},"primaryImageOfPage":{"@id":"https:\/\/dev.eliassen.nl\/de\/product\/statue-boomman-eiche-137cm\/#primaryimage"},"image":{"@id":"https:\/\/dev.eliassen.nl\/de\/product\/statue-boomman-eiche-137cm\/#primaryimage"},"thumbnailUrl":"https:\/\/dev.eliassen.nl\/wp-content\/uploads\/2024\/01\/116403.jpg","datePublished":"2022-04-08T14:56:05+00:00","dateModified":"2024-12-05T15:01:17+00:00","description":"M\u00f6chten Sie eine Statue Baummann Eiche 137 cm kaufen? Eliassen bietet Ihnen eine gro\u00dfe Auswahl an Skulpturen in Fantasiefiguren. Gro\u00dfer Showroom und online s...","breadcrumb":{"@id":"https:\/\/dev.eliassen.nl\/de\/product\/statue-boomman-eiche-137cm\/#breadcrumb"},"inLanguage":"de","potentialAction":[{"@type":"ReadAction","target":["https:\/\/dev.eliassen.nl\/de\/product\/statue-boomman-eiche-137cm\/"]}]},{"@type":"ImageObject","inLanguage":"de","@id":"https:\/\/dev.eliassen.nl\/de\/product\/statue-boomman-eiche-137cm\/#primaryimage","url":"https:\/\/dev.eliassen.nl\/wp-content\/uploads\/2024\/01\/116403.jpg","contentUrl":"https:\/\/dev.eliassen.nl\/wp-content\/uploads\/2024\/01\/116403.jpg","width":884,"height":1442,"caption":"116403"},{"@type":"BreadcrumbList","@id":"https:\/\/dev.eliassen.nl\/de\/product\/statue-boomman-eiche-137cm\/#breadcrumb","itemListElement":[{"@type":"ListItem","position":1,"name":"Home","item":"https:\/\/dev.eliassen.nl\/de\/"},{"@type":"ListItem","position":2,"name":"Shop","item":"https:\/\/dev.eliassen.nl\/nl\/winkel\/"},{"@type":"ListItem","position":3,"name":"Statuen-Skulpturen","item":"https:\/\/dev.eliassen.nl\/de\/statuen-skulpturen\/"},{"@type":"ListItem","position":4,"name":"Betonstatuen","item":"https:\/\/dev.eliassen.nl\/de\/bilder\/betonstatuen\/"},{"@type":"ListItem","position":5,"name":"Mythologische Bilder","item":"https:\/\/dev.eliassen.nl\/de\/bilder\/betonstatuen\/mythologische-bilder\/"},{"@type":"ListItem","position":6,"name":"Statue Boomman Eiche 137cm"}]},{"@type":"WebSite","@id":"https:\/\/dev.eliassen.nl\/de\/#website","url":"https:\/\/dev.eliassen.nl\/de\/","name":"Eliassen Home & Garden Pleasure","description":"","publisher":{"@id":"https:\/\/dev.eliassen.nl\/de\/#organization"},"alternateName":"Eliassen.nl","potentialAction":[{"@type":"SearchAction","target":{"@type":"EntryPoint","urlTemplate":"https:\/\/dev.eliassen.nl\/de\/?s={search_term_string}"},"query-input":{"@type":"PropertyValueSpecification","valueRequired":true,"valueName":"search_term_string"}}],"inLanguage":"de"},{"@type":"Organization","@id":"https:\/\/dev.eliassen.nl\/de\/#organization","name":"Eliassen Home & Garden Pleasure","url":"https:\/\/dev.eliassen.nl\/de\/","logo":{"@type":"ImageObject","inLanguage":"de","@id":"https:\/\/dev.eliassen.nl\/de\/#\/schema\/logo\/image\/","url":"https:\/\/www.eliassen.nl\/wp-content\/uploads\/2024\/01\/logo_4nd.jpg","contentUrl":"https:\/\/www.eliassen.nl\/wp-content\/uploads\/2024\/01\/logo_4nd.jpg","width":500,"height":500,"caption":"Eliassen Home & Garden Pleasure"},"image":{"@id":"https:\/\/dev.eliassen.nl\/de\/#\/schema\/logo\/image\/"},"sameAs":["https:\/\/www.facebook.com\/TuincentrumEliassenAmmerzoden","https:\/\/www.instagram.com\/eliassenhomeandgarden\/","https:\/\/nl.pinterest.com\/eliassenhomeandgarden\/","https:\/\/www.youtube.com\/@eliassenhomegardenpleasure4558"]}]}},"df_price":770,"df_sale_price":"","df_regular_price":770,"df_image_link":"https:\/\/dev.eliassen.nl\/wp-content\/uploads\/2024\/01\/116403.jpg","image":"https:\/\/dev.eliassen.nl\/wp-content\/uploads\/2024\/01\/116403.jpg","price_search":"<span class=\"woocommerce-Price-amount amount\"><bdi><span class=\"woocommerce-Price-currencySymbol\">&euro;<\/span>&nbsp;770,00<\/bdi><\/span>","category":"Betonstatuen","_links":{"self":[{"href":"https:\/\/dev.eliassen.nl\/de\/wp-json\/wp\/v2\/product\/70618","targetHints":{"allow":["GET"]}}],"collection":[{"href":"https:\/\/dev.eliassen.nl\/de\/wp-json\/wp\/v2\/product"}],"about":[{"href":"https:\/\/dev.eliassen.nl\/de\/wp-json\/wp\/v2\/types\/product"}],"wp:featuredmedia":[{"embeddable":true,"href":"https:\/\/dev.eliassen.nl\/de\/wp-json\/wp\/v2\/media\/70606"}],"wp:attachment":[{"href":"https:\/\/dev.eliassen.nl\/de\/wp-json\/wp\/v2\/media?parent=70618"}],"wp:term":[{"taxonomy":"product_brand","embeddable":true,"href":"https:\/\/dev.eliassen.nl\/de\/wp-json\/wp\/v2\/product_brand?post=70618"},{"taxonomy":"product_cat","embeddable":true,"href":"https:\/\/dev.eliassen.nl\/de\/wp-json\/wp\/v2\/product_cat?post=70618"},{"taxonomy":"product_tag","embeddable":true,"href":"https:\/\/dev.eliassen.nl\/de\/wp-json\/wp\/v2\/product_tag?post=70618"}],"curies":[{"name":"wp","href":"https:\/\/api.w.org\/{rel}","templated":true}]}}