{"id":70738,"date":"2022-04-11T16:00:15","date_gmt":"2022-04-11T14:00:15","guid":{"rendered":"https:\/\/www.eliassen.nl\/?product=boomstam-tafel-acacia-smoked-grey-10-15cm-200x100c"},"modified":"2023-08-28T12:21:15","modified_gmt":"2023-08-28T12:21:15","slug":"baumstammtisch-akazie-rauchgrau-10-15cm-200x100cm","status":"publish","type":"product","link":"https:\/\/dev.eliassen.nl\/de\/product\/baumstammtisch-akazie-rauchgrau-10-15cm-200x100cm\/","title":{"rendered":"Baumstammtisch Akazie rauchgrau 10-15cm 200x100cm"},"content":{"rendered":"<p>Dieser Tisch sollte in keinem Zuhause fehlen, das ein warmes Herz f\u00fcr die Natur hat.<\/p>\n<p>Dieser Baumstammtisch aus Akazienholz ist ein robuster und solider Esstisch mit wundersch\u00f6nen nat\u00fcrlichen Merkmalen und Formen in der Tischplatte. Die Oberseite besteht aus unterschiedlich dicken Akazienst\u00e4mmen, die perfekt zusammenpassen.<br \/>Diese besondere Tischplatte ist aus Akazienholz h\u00f6chster Qualit\u00e4t gefertigt. Akazie ist eine besonders langlebige Hartholzart, die in unserer Inneneinrichtung seit langem gesch\u00e4tzt wird. Vor allem die feine Maserung, die Zeichnung und die unterschiedlichen Farbnuancen verleihen dem Tisch eine solide und warme Ausstrahlung. Daher ist kein Blatt gleich, sondern einzigartig.<br \/>Diese schwere, massive Platte ist in der Dicke von <strong>8\u201315 cm<\/strong> variabel und hat die Gr\u00f6\u00dfe <strong>100 x 200 cm<\/strong> .<\/p>\n<p>H\u00f6he unter dem Tisch: <strong>67 cm<\/strong><\/p>\n<p>Die Tischplatte ist mit 2 Schichten Mattlack in einem wundersch\u00f6nen rauchgrauen Farbton versehen.<\/p>\n<p>Dieser Tisch ist mit 2x unbehandelten Tischbeinen in U-Form ausgestattet. Die Beinst\u00e4rke betr\u00e4gt <strong>10 x 10 cm<\/strong> und die Wandst\u00e4rke betr\u00e4gt <strong>4 mm<\/strong> . Der Sockel kann mit einer Spr\u00fchdose mit schwarzer Farbe bemalt werden. leicht zu schw\u00e4rzen.<\/p>\n<p><strong>Auch sehr schwere X-Beine m\u00f6glich, Aufpreis 100,00<\/strong><\/p>\n<p>Da es sich um ein Naturprodukt handelt, kann die Blattform vom Foto abweichen.<\/p>\n<p><strong>Sehen Sie diesen Tisch anderswo g\u00fcnstiger? Dann erstatten wir Ihnen die Differenz plus 50 Euro extra !!<\/strong><\/p>\n<p>Besichtigung und Abholung sind nur nach Terminvereinbarung m\u00f6glich.<\/p>\n","protected":false},"excerpt":{"rendered":"<p>Dieser Tisch sollte in keinem Zuhause fehlen, das ein warmes Herz f\u00fcr die Natur hat. Dieser Baumstammtisch aus Akazienholz ist ein robuster und solider Esstisch mit wundersch\u00f6nen nat\u00fcrlichen Merkmalen und Formen in der Tischplatte. Die Oberseite besteht aus unterschiedlich dicken Akazienst\u00e4mmen, die perfekt zusammenpassen.Diese besondere Tischplatte ist aus Akazienholz h\u00f6chster Qualit\u00e4t gefertigt. Akazie ist eine &hellip;<\/p>\n","protected":false},"featured_media":70720,"template":"","meta":{"_acf_changed":false},"product_brand":[],"product_cat":[1349,7064],"product_tag":[],"class_list":{"0":"post-70738","1":"product","2":"type-product","3":"status-publish","4":"has-post-thumbnail","6":"product_cat-aktion-moebel","7":"product_cat-werbeartikel","9":"first","10":"instock","11":"sale","12":"taxable","13":"shipping-taxable","14":"purchasable","15":"product-type-simple"},"acf":[],"yoast_head":"<!-- This site is optimized with the Yoast SEO plugin v23.8 - https:\/\/yoast.com\/wordpress\/plugins\/seo\/ -->\n<title>Baumstammtisch Akazie rauchgrau 10-15cm 200x100cm<\/title>\n<meta name=\"robots\" content=\"noindex, follow, max-snippet:-1, max-image-preview:large, max-video-preview:-1\" \/>\n<meta property=\"og:locale\" content=\"de_DE\" \/>\n<meta property=\"og:type\" content=\"article\" \/>\n<meta property=\"og:title\" content=\"Baumstammtisch Akazie rauchgrau 10-15cm 200x100cm\" \/>\n<meta property=\"og:description\" content=\"Dieser Tisch sollte in keinem Zuhause fehlen, das ein warmes Herz f\u00fcr die Natur hat. Dieser Baumstammtisch aus Akazienholz ist ein robuster und solider Esstisch mit wundersch\u00f6nen nat\u00fcrlichen Merkmalen und Formen in der Tischplatte. Die Oberseite besteht aus unterschiedlich dicken Akazienst\u00e4mmen, die perfekt zusammenpassen.Diese besondere Tischplatte ist aus Akazienholz h\u00f6chster Qualit\u00e4t gefertigt. Akazie ist eine &hellip;\" \/>\n<meta property=\"og:url\" content=\"https:\/\/dev.eliassen.nl\/de\/product\/baumstammtisch-akazie-rauchgrau-10-15cm-200x100cm\/\" \/>\n<meta property=\"og:site_name\" content=\"Eliassen.nl\" \/>\n<meta property=\"article:publisher\" content=\"https:\/\/www.facebook.com\/TuincentrumEliassenAmmerzoden\" \/>\n<meta property=\"article:modified_time\" content=\"2023-08-28T12:21:15+00:00\" \/>\n<meta property=\"og:image\" content=\"https:\/\/dev.eliassen.nl\/wp-content\/uploads\/2024\/01\/satsmokeyupoot4.jpg\" \/>\n\t<meta property=\"og:image:width\" content=\"2048\" \/>\n\t<meta property=\"og:image:height\" content=\"1536\" \/>\n\t<meta property=\"og:image:type\" content=\"image\/jpeg\" \/>\n<meta name=\"twitter:card\" content=\"summary_large_image\" \/>\n<script type=\"application\/ld+json\" class=\"yoast-schema-graph\">{\"@context\":\"https:\/\/schema.org\",\"@graph\":[{\"@type\":\"WebPage\",\"@id\":\"https:\/\/dev.eliassen.nl\/de\/product\/baumstammtisch-akazie-rauchgrau-10-15cm-200x100cm\/\",\"url\":\"https:\/\/dev.eliassen.nl\/de\/product\/baumstammtisch-akazie-rauchgrau-10-15cm-200x100cm\/\",\"name\":\"Baumstammtisch Akazie rauchgrau 10-15cm 200x100cm\",\"isPartOf\":{\"@id\":\"https:\/\/dev.eliassen.nl\/de\/#website\"},\"primaryImageOfPage\":{\"@id\":\"https:\/\/dev.eliassen.nl\/de\/product\/baumstammtisch-akazie-rauchgrau-10-15cm-200x100cm\/#primaryimage\"},\"image\":{\"@id\":\"https:\/\/dev.eliassen.nl\/de\/product\/baumstammtisch-akazie-rauchgrau-10-15cm-200x100cm\/#primaryimage\"},\"thumbnailUrl\":\"https:\/\/dev.eliassen.nl\/wp-content\/uploads\/2024\/01\/satsmokeyupoot4.jpg\",\"datePublished\":\"2022-04-11T14:00:15+00:00\",\"dateModified\":\"2023-08-28T12:21:15+00:00\",\"breadcrumb\":{\"@id\":\"https:\/\/dev.eliassen.nl\/de\/product\/baumstammtisch-akazie-rauchgrau-10-15cm-200x100cm\/#breadcrumb\"},\"inLanguage\":\"de\",\"potentialAction\":[{\"@type\":\"ReadAction\",\"target\":[\"https:\/\/dev.eliassen.nl\/de\/product\/baumstammtisch-akazie-rauchgrau-10-15cm-200x100cm\/\"]}]},{\"@type\":\"ImageObject\",\"inLanguage\":\"de\",\"@id\":\"https:\/\/dev.eliassen.nl\/de\/product\/baumstammtisch-akazie-rauchgrau-10-15cm-200x100cm\/#primaryimage\",\"url\":\"https:\/\/dev.eliassen.nl\/wp-content\/uploads\/2024\/01\/satsmokeyupoot4.jpg\",\"contentUrl\":\"https:\/\/dev.eliassen.nl\/wp-content\/uploads\/2024\/01\/satsmokeyupoot4.jpg\",\"width\":2048,\"height\":1536,\"caption\":\"SAT smokey U poot (4)\"},{\"@type\":\"BreadcrumbList\",\"@id\":\"https:\/\/dev.eliassen.nl\/de\/product\/baumstammtisch-akazie-rauchgrau-10-15cm-200x100cm\/#breadcrumb\",\"itemListElement\":[{\"@type\":\"ListItem\",\"position\":1,\"name\":\"Home\",\"item\":\"https:\/\/dev.eliassen.nl\/de\/\"},{\"@type\":\"ListItem\",\"position\":2,\"name\":\"Shop\",\"item\":\"https:\/\/dev.eliassen.nl\/nl\/winkel\/\"},{\"@type\":\"ListItem\",\"position\":3,\"name\":\"AKTION M\u00f6bel\",\"item\":\"https:\/\/dev.eliassen.nl\/de\/aktion-moebel\/\"},{\"@type\":\"ListItem\",\"position\":4,\"name\":\"Baumstammtisch Akazie rauchgrau 10-15cm 200x100cm\"}]},{\"@type\":\"WebSite\",\"@id\":\"https:\/\/dev.eliassen.nl\/de\/#website\",\"url\":\"https:\/\/dev.eliassen.nl\/de\/\",\"name\":\"Eliassen Home & Garden Pleasure\",\"description\":\"\",\"publisher\":{\"@id\":\"https:\/\/dev.eliassen.nl\/de\/#organization\"},\"alternateName\":\"Eliassen.nl\",\"potentialAction\":[{\"@type\":\"SearchAction\",\"target\":{\"@type\":\"EntryPoint\",\"urlTemplate\":\"https:\/\/dev.eliassen.nl\/de\/?s={search_term_string}\"},\"query-input\":{\"@type\":\"PropertyValueSpecification\",\"valueRequired\":true,\"valueName\":\"search_term_string\"}}],\"inLanguage\":\"de\"},{\"@type\":\"Organization\",\"@id\":\"https:\/\/dev.eliassen.nl\/de\/#organization\",\"name\":\"Eliassen Home & Garden Pleasure\",\"url\":\"https:\/\/dev.eliassen.nl\/de\/\",\"logo\":{\"@type\":\"ImageObject\",\"inLanguage\":\"de\",\"@id\":\"https:\/\/dev.eliassen.nl\/de\/#\/schema\/logo\/image\/\",\"url\":\"https:\/\/www.eliassen.nl\/wp-content\/uploads\/2024\/01\/logo_4nd.jpg\",\"contentUrl\":\"https:\/\/www.eliassen.nl\/wp-content\/uploads\/2024\/01\/logo_4nd.jpg\",\"width\":500,\"height\":500,\"caption\":\"Eliassen Home & Garden Pleasure\"},\"image\":{\"@id\":\"https:\/\/dev.eliassen.nl\/de\/#\/schema\/logo\/image\/\"},\"sameAs\":[\"https:\/\/www.facebook.com\/TuincentrumEliassenAmmerzoden\",\"https:\/\/www.instagram.com\/eliassenhomeandgarden\/\",\"https:\/\/nl.pinterest.com\/eliassenhomeandgarden\/\",\"https:\/\/www.youtube.com\/@eliassenhomegardenpleasure4558\"]}]}<\/script>\n<!-- \/ Yoast SEO plugin. -->","yoast_head_json":{"title":"Baumstammtisch Akazie rauchgrau 10-15cm 200x100cm","robots":{"index":"noindex","follow":"follow","max-snippet":"max-snippet:-1","max-image-preview":"max-image-preview:large","max-video-preview":"max-video-preview:-1"},"og_locale":"de_DE","og_type":"article","og_title":"Baumstammtisch Akazie rauchgrau 10-15cm 200x100cm","og_description":"Dieser Tisch sollte in keinem Zuhause fehlen, das ein warmes Herz f\u00fcr die Natur hat. Dieser Baumstammtisch aus Akazienholz ist ein robuster und solider Esstisch mit wundersch\u00f6nen nat\u00fcrlichen Merkmalen und Formen in der Tischplatte. Die Oberseite besteht aus unterschiedlich dicken Akazienst\u00e4mmen, die perfekt zusammenpassen.Diese besondere Tischplatte ist aus Akazienholz h\u00f6chster Qualit\u00e4t gefertigt. Akazie ist eine &hellip;","og_url":"https:\/\/dev.eliassen.nl\/de\/product\/baumstammtisch-akazie-rauchgrau-10-15cm-200x100cm\/","og_site_name":"Eliassen.nl","article_publisher":"https:\/\/www.facebook.com\/TuincentrumEliassenAmmerzoden","article_modified_time":"2023-08-28T12:21:15+00:00","og_image":[{"width":2048,"height":1536,"url":"https:\/\/dev.eliassen.nl\/wp-content\/uploads\/2024\/01\/satsmokeyupoot4.jpg","type":"image\/jpeg"}],"twitter_card":"summary_large_image","schema":{"@context":"https:\/\/schema.org","@graph":[{"@type":"WebPage","@id":"https:\/\/dev.eliassen.nl\/de\/product\/baumstammtisch-akazie-rauchgrau-10-15cm-200x100cm\/","url":"https:\/\/dev.eliassen.nl\/de\/product\/baumstammtisch-akazie-rauchgrau-10-15cm-200x100cm\/","name":"Baumstammtisch Akazie rauchgrau 10-15cm 200x100cm","isPartOf":{"@id":"https:\/\/dev.eliassen.nl\/de\/#website"},"primaryImageOfPage":{"@id":"https:\/\/dev.eliassen.nl\/de\/product\/baumstammtisch-akazie-rauchgrau-10-15cm-200x100cm\/#primaryimage"},"image":{"@id":"https:\/\/dev.eliassen.nl\/de\/product\/baumstammtisch-akazie-rauchgrau-10-15cm-200x100cm\/#primaryimage"},"thumbnailUrl":"https:\/\/dev.eliassen.nl\/wp-content\/uploads\/2024\/01\/satsmokeyupoot4.jpg","datePublished":"2022-04-11T14:00:15+00:00","dateModified":"2023-08-28T12:21:15+00:00","breadcrumb":{"@id":"https:\/\/dev.eliassen.nl\/de\/product\/baumstammtisch-akazie-rauchgrau-10-15cm-200x100cm\/#breadcrumb"},"inLanguage":"de","potentialAction":[{"@type":"ReadAction","target":["https:\/\/dev.eliassen.nl\/de\/product\/baumstammtisch-akazie-rauchgrau-10-15cm-200x100cm\/"]}]},{"@type":"ImageObject","inLanguage":"de","@id":"https:\/\/dev.eliassen.nl\/de\/product\/baumstammtisch-akazie-rauchgrau-10-15cm-200x100cm\/#primaryimage","url":"https:\/\/dev.eliassen.nl\/wp-content\/uploads\/2024\/01\/satsmokeyupoot4.jpg","contentUrl":"https:\/\/dev.eliassen.nl\/wp-content\/uploads\/2024\/01\/satsmokeyupoot4.jpg","width":2048,"height":1536,"caption":"SAT smokey U poot (4)"},{"@type":"BreadcrumbList","@id":"https:\/\/dev.eliassen.nl\/de\/product\/baumstammtisch-akazie-rauchgrau-10-15cm-200x100cm\/#breadcrumb","itemListElement":[{"@type":"ListItem","position":1,"name":"Home","item":"https:\/\/dev.eliassen.nl\/de\/"},{"@type":"ListItem","position":2,"name":"Shop","item":"https:\/\/dev.eliassen.nl\/nl\/winkel\/"},{"@type":"ListItem","position":3,"name":"AKTION M\u00f6bel","item":"https:\/\/dev.eliassen.nl\/de\/aktion-moebel\/"},{"@type":"ListItem","position":4,"name":"Baumstammtisch Akazie rauchgrau 10-15cm 200x100cm"}]},{"@type":"WebSite","@id":"https:\/\/dev.eliassen.nl\/de\/#website","url":"https:\/\/dev.eliassen.nl\/de\/","name":"Eliassen Home & Garden Pleasure","description":"","publisher":{"@id":"https:\/\/dev.eliassen.nl\/de\/#organization"},"alternateName":"Eliassen.nl","potentialAction":[{"@type":"SearchAction","target":{"@type":"EntryPoint","urlTemplate":"https:\/\/dev.eliassen.nl\/de\/?s={search_term_string}"},"query-input":{"@type":"PropertyValueSpecification","valueRequired":true,"valueName":"search_term_string"}}],"inLanguage":"de"},{"@type":"Organization","@id":"https:\/\/dev.eliassen.nl\/de\/#organization","name":"Eliassen Home & Garden Pleasure","url":"https:\/\/dev.eliassen.nl\/de\/","logo":{"@type":"ImageObject","inLanguage":"de","@id":"https:\/\/dev.eliassen.nl\/de\/#\/schema\/logo\/image\/","url":"https:\/\/www.eliassen.nl\/wp-content\/uploads\/2024\/01\/logo_4nd.jpg","contentUrl":"https:\/\/www.eliassen.nl\/wp-content\/uploads\/2024\/01\/logo_4nd.jpg","width":500,"height":500,"caption":"Eliassen Home & Garden Pleasure"},"image":{"@id":"https:\/\/dev.eliassen.nl\/de\/#\/schema\/logo\/image\/"},"sameAs":["https:\/\/www.facebook.com\/TuincentrumEliassenAmmerzoden","https:\/\/www.instagram.com\/eliassenhomeandgarden\/","https:\/\/nl.pinterest.com\/eliassenhomeandgarden\/","https:\/\/www.youtube.com\/@eliassenhomegardenpleasure4558"]}]}},"df_price":495,"df_sale_price":495,"df_regular_price":999,"df_image_link":"https:\/\/dev.eliassen.nl\/wp-content\/uploads\/2024\/01\/satsmokeyupoot4.jpg","image":"https:\/\/dev.eliassen.nl\/wp-content\/uploads\/2024\/01\/satsmokeyupoot4.jpg","price_search":"<span class=\"woocommerce-Price-amount amount\"><bdi><span class=\"woocommerce-Price-currencySymbol\">&euro;<\/span>&nbsp;495,00<\/bdi><\/span>","category":"AKTION M\u00f6bel","_links":{"self":[{"href":"https:\/\/dev.eliassen.nl\/de\/wp-json\/wp\/v2\/product\/70738","targetHints":{"allow":["GET"]}}],"collection":[{"href":"https:\/\/dev.eliassen.nl\/de\/wp-json\/wp\/v2\/product"}],"about":[{"href":"https:\/\/dev.eliassen.nl\/de\/wp-json\/wp\/v2\/types\/product"}],"wp:featuredmedia":[{"embeddable":true,"href":"https:\/\/dev.eliassen.nl\/de\/wp-json\/wp\/v2\/media\/70720"}],"wp:attachment":[{"href":"https:\/\/dev.eliassen.nl\/de\/wp-json\/wp\/v2\/media?parent=70738"}],"wp:term":[{"taxonomy":"product_brand","embeddable":true,"href":"https:\/\/dev.eliassen.nl\/de\/wp-json\/wp\/v2\/product_brand?post=70738"},{"taxonomy":"product_cat","embeddable":true,"href":"https:\/\/dev.eliassen.nl\/de\/wp-json\/wp\/v2\/product_cat?post=70738"},{"taxonomy":"product_tag","embeddable":true,"href":"https:\/\/dev.eliassen.nl\/de\/wp-json\/wp\/v2\/product_tag?post=70738"}],"curies":[{"name":"wp","href":"https:\/\/api.w.org\/{rel}","templated":true}]}}