{"id":70810,"date":"2022-04-11T16:26:15","date_gmt":"2022-04-11T14:26:15","guid":{"rendered":"https:\/\/www.eliassen.nl\/?product=dressoir-acacia-modern-smoked-grey-160x43x77cm"},"modified":"2024-01-04T11:25:32","modified_gmt":"2024-01-04T11:25:32","slug":"sideboard-akazie-modern-rauchgrau-160x43x77cm","status":"publish","type":"product","link":"https:\/\/dev.eliassen.nl\/de\/product\/sideboard-akazie-modern-rauchgrau-160x43x77cm\/","title":{"rendered":"Sideboard Akazie Modern rauchgrau 160x43x77cm"},"content":{"rendered":"<p>Sehr strapazierf\u00e4higes Sideboard aus Massivholz, das in jedem Interieur gut zur Geltung kommt.<\/p>\n<p>Dieser Schrank besteht aus einem St\u00fcck, bauen Sie ihn also nicht selbst zusammen, Sie m\u00fcssen nur die schweren Metallbeine darunter anschrauben. Dieser Schrank wird von Hand gefertigt und kann daher in Farbe und Aussehen leicht vom Foto abweichen. Dies ist ein eleganter Schrank der Spitzenklasse ohne Griffe.<\/p>\n<p>Dieser Schrank kostet woanders normalerweise das absolut doppelte.<\/p>\n<p><strong>Sehen Sie genau dieses M\u00f6belst\u00fcck irgendwo billiger? Wir wagen zu sagen, dass dies nicht m\u00f6glich ist, und wir erstatten die Differenz plus 50,00 extra !!<\/strong><\/p>\n<p>Bitte holen Sie diese M\u00f6bel selbst ab, oder Lieferung nach Absprache.<\/p>\n<ul>\n<li>Gr\u00f6\u00dfe: 160 x 43 x 77 cm hoch<\/li>\n<li>Material: Akazienholz massiv<\/li>\n<li>Gewicht: 100 kg<\/li>\n<li>Holzst\u00e4rke: 2,5 cm rundum<\/li>\n<li>Farbe: rauchgrau<\/li>\n<li>Abholung nach Vereinbarung<\/li>\n<\/ul>\n","protected":false},"excerpt":{"rendered":"<p>Sehr strapazierf\u00e4higes Sideboard aus Massivholz, das in jedem Interieur gut zur Geltung kommt. Dieser Schrank besteht aus einem St\u00fcck, bauen Sie ihn also nicht selbst zusammen, Sie m\u00fcssen nur die schweren Metallbeine darunter anschrauben. Dieser Schrank wird von Hand gefertigt und kann daher in Farbe und Aussehen leicht vom Foto abweichen. Dies ist ein eleganter &hellip;<\/p>\n","protected":false},"featured_media":70792,"template":"","meta":{"_acf_changed":false},"product_brand":[],"product_cat":[1349,7064],"product_tag":[],"class_list":{"0":"post-70810","1":"product","2":"type-product","3":"status-publish","4":"has-post-thumbnail","6":"product_cat-aktion-moebel","7":"product_cat-werbeartikel","9":"first","10":"outofstock","11":"sale","12":"taxable","13":"shipping-taxable","14":"purchasable","15":"product-type-simple"},"acf":[],"yoast_head":"<!-- This site is optimized with the Yoast SEO plugin v23.8 - https:\/\/yoast.com\/wordpress\/plugins\/seo\/ -->\n<title>Dressoir acacia Modern smoked grey 160x43x77cm<\/title>\n<meta name=\"robots\" content=\"noindex, follow, max-snippet:-1, max-image-preview:large, max-video-preview:-1\" \/>\n<meta property=\"og:locale\" content=\"de_DE\" \/>\n<meta property=\"og:type\" content=\"article\" \/>\n<meta property=\"og:title\" content=\"Dressoir acacia Modern smoked grey 160x43x77cm\" \/>\n<meta property=\"og:description\" content=\"Sehr strapazierf\u00e4higes Sideboard aus Massivholz, das in jedem Interieur gut zur Geltung kommt. Dieser Schrank besteht aus einem St\u00fcck, bauen Sie ihn also nicht selbst zusammen, Sie m\u00fcssen nur die schweren Metallbeine darunter anschrauben. Dieser Schrank wird von Hand gefertigt und kann daher in Farbe und Aussehen leicht vom Foto abweichen. Dies ist ein eleganter &hellip;\" \/>\n<meta property=\"og:url\" content=\"https:\/\/dev.eliassen.nl\/de\/product\/sideboard-akazie-modern-rauchgrau-160x43x77cm\/\" \/>\n<meta property=\"og:site_name\" content=\"Eliassen.nl\" \/>\n<meta property=\"article:publisher\" content=\"https:\/\/www.facebook.com\/TuincentrumEliassenAmmerzoden\" \/>\n<meta property=\"article:modified_time\" content=\"2024-01-04T11:25:32+00:00\" \/>\n<meta property=\"og:image\" content=\"https:\/\/dev.eliassen.nl\/wp-content\/uploads\/2024\/01\/smlsmoked4.jpg\" \/>\n\t<meta property=\"og:image:width\" content=\"2048\" \/>\n\t<meta property=\"og:image:height\" content=\"904\" \/>\n\t<meta property=\"og:image:type\" content=\"image\/jpeg\" \/>\n<meta name=\"twitter:card\" content=\"summary_large_image\" \/>\n<script type=\"application\/ld+json\" class=\"yoast-schema-graph\">{\"@context\":\"https:\/\/schema.org\",\"@graph\":[{\"@type\":\"WebPage\",\"@id\":\"https:\/\/dev.eliassen.nl\/de\/product\/sideboard-akazie-modern-rauchgrau-160x43x77cm\/\",\"url\":\"https:\/\/dev.eliassen.nl\/de\/product\/sideboard-akazie-modern-rauchgrau-160x43x77cm\/\",\"name\":\"Dressoir acacia Modern smoked grey 160x43x77cm\",\"isPartOf\":{\"@id\":\"https:\/\/dev.eliassen.nl\/de\/#website\"},\"primaryImageOfPage\":{\"@id\":\"https:\/\/dev.eliassen.nl\/de\/product\/sideboard-akazie-modern-rauchgrau-160x43x77cm\/#primaryimage\"},\"image\":{\"@id\":\"https:\/\/dev.eliassen.nl\/de\/product\/sideboard-akazie-modern-rauchgrau-160x43x77cm\/#primaryimage\"},\"thumbnailUrl\":\"https:\/\/dev.eliassen.nl\/wp-content\/uploads\/2024\/01\/smlsmoked4.jpg\",\"datePublished\":\"2022-04-11T14:26:15+00:00\",\"dateModified\":\"2024-01-04T11:25:32+00:00\",\"breadcrumb\":{\"@id\":\"https:\/\/dev.eliassen.nl\/de\/product\/sideboard-akazie-modern-rauchgrau-160x43x77cm\/#breadcrumb\"},\"inLanguage\":\"de\",\"potentialAction\":[{\"@type\":\"ReadAction\",\"target\":[\"https:\/\/dev.eliassen.nl\/de\/product\/sideboard-akazie-modern-rauchgrau-160x43x77cm\/\"]}]},{\"@type\":\"ImageObject\",\"inLanguage\":\"de\",\"@id\":\"https:\/\/dev.eliassen.nl\/de\/product\/sideboard-akazie-modern-rauchgrau-160x43x77cm\/#primaryimage\",\"url\":\"https:\/\/dev.eliassen.nl\/wp-content\/uploads\/2024\/01\/smlsmoked4.jpg\",\"contentUrl\":\"https:\/\/dev.eliassen.nl\/wp-content\/uploads\/2024\/01\/smlsmoked4.jpg\",\"width\":2048,\"height\":904,\"caption\":\"sml smoked (4)\"},{\"@type\":\"BreadcrumbList\",\"@id\":\"https:\/\/dev.eliassen.nl\/de\/product\/sideboard-akazie-modern-rauchgrau-160x43x77cm\/#breadcrumb\",\"itemListElement\":[{\"@type\":\"ListItem\",\"position\":1,\"name\":\"Home\",\"item\":\"https:\/\/dev.eliassen.nl\/de\/\"},{\"@type\":\"ListItem\",\"position\":2,\"name\":\"Shop\",\"item\":\"https:\/\/dev.eliassen.nl\/nl\/winkel\/\"},{\"@type\":\"ListItem\",\"position\":3,\"name\":\"AKTION M\u00f6bel\",\"item\":\"https:\/\/dev.eliassen.nl\/de\/aktion-moebel\/\"},{\"@type\":\"ListItem\",\"position\":4,\"name\":\"Sideboard Akazie Modern rauchgrau 160x43x77cm\"}]},{\"@type\":\"WebSite\",\"@id\":\"https:\/\/dev.eliassen.nl\/de\/#website\",\"url\":\"https:\/\/dev.eliassen.nl\/de\/\",\"name\":\"Eliassen Home & Garden Pleasure\",\"description\":\"\",\"publisher\":{\"@id\":\"https:\/\/dev.eliassen.nl\/de\/#organization\"},\"alternateName\":\"Eliassen.nl\",\"potentialAction\":[{\"@type\":\"SearchAction\",\"target\":{\"@type\":\"EntryPoint\",\"urlTemplate\":\"https:\/\/dev.eliassen.nl\/de\/?s={search_term_string}\"},\"query-input\":{\"@type\":\"PropertyValueSpecification\",\"valueRequired\":true,\"valueName\":\"search_term_string\"}}],\"inLanguage\":\"de\"},{\"@type\":\"Organization\",\"@id\":\"https:\/\/dev.eliassen.nl\/de\/#organization\",\"name\":\"Eliassen Home & Garden Pleasure\",\"url\":\"https:\/\/dev.eliassen.nl\/de\/\",\"logo\":{\"@type\":\"ImageObject\",\"inLanguage\":\"de\",\"@id\":\"https:\/\/dev.eliassen.nl\/de\/#\/schema\/logo\/image\/\",\"url\":\"https:\/\/www.eliassen.nl\/wp-content\/uploads\/2024\/01\/logo_4nd.jpg\",\"contentUrl\":\"https:\/\/www.eliassen.nl\/wp-content\/uploads\/2024\/01\/logo_4nd.jpg\",\"width\":500,\"height\":500,\"caption\":\"Eliassen Home & Garden Pleasure\"},\"image\":{\"@id\":\"https:\/\/dev.eliassen.nl\/de\/#\/schema\/logo\/image\/\"},\"sameAs\":[\"https:\/\/www.facebook.com\/TuincentrumEliassenAmmerzoden\",\"https:\/\/www.instagram.com\/eliassenhomeandgarden\/\",\"https:\/\/nl.pinterest.com\/eliassenhomeandgarden\/\",\"https:\/\/www.youtube.com\/@eliassenhomegardenpleasure4558\"]}]}<\/script>\n<!-- \/ Yoast SEO plugin. -->","yoast_head_json":{"title":"Dressoir acacia Modern smoked grey 160x43x77cm","robots":{"index":"noindex","follow":"follow","max-snippet":"max-snippet:-1","max-image-preview":"max-image-preview:large","max-video-preview":"max-video-preview:-1"},"og_locale":"de_DE","og_type":"article","og_title":"Dressoir acacia Modern smoked grey 160x43x77cm","og_description":"Sehr strapazierf\u00e4higes Sideboard aus Massivholz, das in jedem Interieur gut zur Geltung kommt. Dieser Schrank besteht aus einem St\u00fcck, bauen Sie ihn also nicht selbst zusammen, Sie m\u00fcssen nur die schweren Metallbeine darunter anschrauben. Dieser Schrank wird von Hand gefertigt und kann daher in Farbe und Aussehen leicht vom Foto abweichen. Dies ist ein eleganter &hellip;","og_url":"https:\/\/dev.eliassen.nl\/de\/product\/sideboard-akazie-modern-rauchgrau-160x43x77cm\/","og_site_name":"Eliassen.nl","article_publisher":"https:\/\/www.facebook.com\/TuincentrumEliassenAmmerzoden","article_modified_time":"2024-01-04T11:25:32+00:00","og_image":[{"width":2048,"height":904,"url":"https:\/\/dev.eliassen.nl\/wp-content\/uploads\/2024\/01\/smlsmoked4.jpg","type":"image\/jpeg"}],"twitter_card":"summary_large_image","schema":{"@context":"https:\/\/schema.org","@graph":[{"@type":"WebPage","@id":"https:\/\/dev.eliassen.nl\/de\/product\/sideboard-akazie-modern-rauchgrau-160x43x77cm\/","url":"https:\/\/dev.eliassen.nl\/de\/product\/sideboard-akazie-modern-rauchgrau-160x43x77cm\/","name":"Dressoir acacia Modern smoked grey 160x43x77cm","isPartOf":{"@id":"https:\/\/dev.eliassen.nl\/de\/#website"},"primaryImageOfPage":{"@id":"https:\/\/dev.eliassen.nl\/de\/product\/sideboard-akazie-modern-rauchgrau-160x43x77cm\/#primaryimage"},"image":{"@id":"https:\/\/dev.eliassen.nl\/de\/product\/sideboard-akazie-modern-rauchgrau-160x43x77cm\/#primaryimage"},"thumbnailUrl":"https:\/\/dev.eliassen.nl\/wp-content\/uploads\/2024\/01\/smlsmoked4.jpg","datePublished":"2022-04-11T14:26:15+00:00","dateModified":"2024-01-04T11:25:32+00:00","breadcrumb":{"@id":"https:\/\/dev.eliassen.nl\/de\/product\/sideboard-akazie-modern-rauchgrau-160x43x77cm\/#breadcrumb"},"inLanguage":"de","potentialAction":[{"@type":"ReadAction","target":["https:\/\/dev.eliassen.nl\/de\/product\/sideboard-akazie-modern-rauchgrau-160x43x77cm\/"]}]},{"@type":"ImageObject","inLanguage":"de","@id":"https:\/\/dev.eliassen.nl\/de\/product\/sideboard-akazie-modern-rauchgrau-160x43x77cm\/#primaryimage","url":"https:\/\/dev.eliassen.nl\/wp-content\/uploads\/2024\/01\/smlsmoked4.jpg","contentUrl":"https:\/\/dev.eliassen.nl\/wp-content\/uploads\/2024\/01\/smlsmoked4.jpg","width":2048,"height":904,"caption":"sml smoked (4)"},{"@type":"BreadcrumbList","@id":"https:\/\/dev.eliassen.nl\/de\/product\/sideboard-akazie-modern-rauchgrau-160x43x77cm\/#breadcrumb","itemListElement":[{"@type":"ListItem","position":1,"name":"Home","item":"https:\/\/dev.eliassen.nl\/de\/"},{"@type":"ListItem","position":2,"name":"Shop","item":"https:\/\/dev.eliassen.nl\/nl\/winkel\/"},{"@type":"ListItem","position":3,"name":"AKTION M\u00f6bel","item":"https:\/\/dev.eliassen.nl\/de\/aktion-moebel\/"},{"@type":"ListItem","position":4,"name":"Sideboard Akazie Modern rauchgrau 160x43x77cm"}]},{"@type":"WebSite","@id":"https:\/\/dev.eliassen.nl\/de\/#website","url":"https:\/\/dev.eliassen.nl\/de\/","name":"Eliassen Home & Garden Pleasure","description":"","publisher":{"@id":"https:\/\/dev.eliassen.nl\/de\/#organization"},"alternateName":"Eliassen.nl","potentialAction":[{"@type":"SearchAction","target":{"@type":"EntryPoint","urlTemplate":"https:\/\/dev.eliassen.nl\/de\/?s={search_term_string}"},"query-input":{"@type":"PropertyValueSpecification","valueRequired":true,"valueName":"search_term_string"}}],"inLanguage":"de"},{"@type":"Organization","@id":"https:\/\/dev.eliassen.nl\/de\/#organization","name":"Eliassen Home & Garden Pleasure","url":"https:\/\/dev.eliassen.nl\/de\/","logo":{"@type":"ImageObject","inLanguage":"de","@id":"https:\/\/dev.eliassen.nl\/de\/#\/schema\/logo\/image\/","url":"https:\/\/www.eliassen.nl\/wp-content\/uploads\/2024\/01\/logo_4nd.jpg","contentUrl":"https:\/\/www.eliassen.nl\/wp-content\/uploads\/2024\/01\/logo_4nd.jpg","width":500,"height":500,"caption":"Eliassen Home & Garden Pleasure"},"image":{"@id":"https:\/\/dev.eliassen.nl\/de\/#\/schema\/logo\/image\/"},"sameAs":["https:\/\/www.facebook.com\/TuincentrumEliassenAmmerzoden","https:\/\/www.instagram.com\/eliassenhomeandgarden\/","https:\/\/nl.pinterest.com\/eliassenhomeandgarden\/","https:\/\/www.youtube.com\/@eliassenhomegardenpleasure4558"]}]}},"df_price":360,"df_sale_price":360,"df_regular_price":895,"df_image_link":"https:\/\/dev.eliassen.nl\/wp-content\/uploads\/2024\/01\/smlsmoked4.jpg","image":"https:\/\/dev.eliassen.nl\/wp-content\/uploads\/2024\/01\/smlsmoked4.jpg","price_search":"<span class=\"woocommerce-Price-amount amount\"><bdi><span class=\"woocommerce-Price-currencySymbol\">&euro;<\/span>&nbsp;360,00<\/bdi><\/span>","category":"AKTION M\u00f6bel","_links":{"self":[{"href":"https:\/\/dev.eliassen.nl\/de\/wp-json\/wp\/v2\/product\/70810","targetHints":{"allow":["GET"]}}],"collection":[{"href":"https:\/\/dev.eliassen.nl\/de\/wp-json\/wp\/v2\/product"}],"about":[{"href":"https:\/\/dev.eliassen.nl\/de\/wp-json\/wp\/v2\/types\/product"}],"wp:featuredmedia":[{"embeddable":true,"href":"https:\/\/dev.eliassen.nl\/de\/wp-json\/wp\/v2\/media\/70792"}],"wp:attachment":[{"href":"https:\/\/dev.eliassen.nl\/de\/wp-json\/wp\/v2\/media?parent=70810"}],"wp:term":[{"taxonomy":"product_brand","embeddable":true,"href":"https:\/\/dev.eliassen.nl\/de\/wp-json\/wp\/v2\/product_brand?post=70810"},{"taxonomy":"product_cat","embeddable":true,"href":"https:\/\/dev.eliassen.nl\/de\/wp-json\/wp\/v2\/product_cat?post=70810"},{"taxonomy":"product_tag","embeddable":true,"href":"https:\/\/dev.eliassen.nl\/de\/wp-json\/wp\/v2\/product_tag?post=70810"}],"curies":[{"name":"wp","href":"https:\/\/api.w.org\/{rel}","templated":true}]}}