{"id":70873,"date":"2022-04-11T16:37:14","date_gmt":"2022-04-11T14:37:14","guid":{"rendered":"https:\/\/www.eliassen.nl\/?product=dressoir-acacia-landelijk-smoked-grey-175x45x90cm"},"modified":"2024-01-04T11:22:53","modified_gmt":"2024-01-04T11:22:53","slug":"sideboard-akazie-rauchergrau-175x45x90cm","status":"publish","type":"product","link":"https:\/\/dev.eliassen.nl\/de\/product\/sideboard-akazie-rauchergrau-175x45x90cm\/","title":{"rendered":"Sideboard Akazie R\u00e4uchergrau 175x45x90cm"},"content":{"rendered":"<p>Sehr strapazierf\u00e4higes Sideboard aus Massivholz, das in jedem Interieur gut zur Geltung kommt.<\/p>\n<p>Dieser Schrank besteht aus 1 St\u00fcck, bauen Sie ihn also nicht selbst zusammen, Sie m\u00fcssen nur die schweren Metallbeine und die Griffe anschrauben. Dieser Schrank wird von Hand gefertigt und kann daher in Farbe und Aussehen leicht vom Foto abweichen.<\/p>\n<p>Dieser Schrank kostet woanders normalerweise das absolut doppelte.<\/p>\n<p><strong>Sehen Sie genau dieses M\u00f6belst\u00fcck irgendwo billiger? Wir wagen zu sagen, dass dies nicht m\u00f6glich ist, und wir erstatten die Differenz plus 50,00 extra !!<\/strong><\/p>\n<p>Bitte holen Sie diese M\u00f6bel selbst ab, oder Lieferung nach Absprache.<\/p>\n<ul>\n<li>Gr\u00f6\u00dfe: 175 x 45 x 90<\/li>\n<li>Material: Akazienholz massiv<\/li>\n<li>Gewicht: 100 kg<\/li>\n<li>Dicke: Geh\u00e4use 2,5 cm, <strong>Oberseite nicht weniger als 5 cm dick!<\/strong> !<\/li>\n<li>Farbe: rauchgrau<\/li>\n<li>Abholung nach Vereinbarung<\/li>\n<\/ul>\n","protected":false},"excerpt":{"rendered":"<p>Sehr strapazierf\u00e4higes Sideboard aus Massivholz, das in jedem Interieur gut zur Geltung kommt. Dieser Schrank besteht aus 1 St\u00fcck, bauen Sie ihn also nicht selbst zusammen, Sie m\u00fcssen nur die schweren Metallbeine und die Griffe anschrauben. Dieser Schrank wird von Hand gefertigt und kann daher in Farbe und Aussehen leicht vom Foto abweichen. Dieser Schrank &hellip;<\/p>\n","protected":false},"featured_media":70852,"template":"","meta":{"_acf_changed":false},"product_brand":[],"product_cat":[1349,7064],"product_tag":[],"class_list":{"0":"post-70873","1":"product","2":"type-product","3":"status-publish","4":"has-post-thumbnail","6":"product_cat-aktion-moebel","7":"product_cat-werbeartikel","9":"first","10":"outofstock","11":"sale","12":"taxable","13":"shipping-taxable","14":"purchasable","15":"product-type-simple"},"acf":[],"yoast_head":"<!-- This site is optimized with the Yoast SEO plugin v23.8 - https:\/\/yoast.com\/wordpress\/plugins\/seo\/ -->\n<title>Dressoir acacia landelijk smoked grey 175x45x90cm<\/title>\n<meta name=\"robots\" content=\"noindex, follow, max-snippet:-1, max-image-preview:large, max-video-preview:-1\" \/>\n<meta property=\"og:locale\" content=\"de_DE\" \/>\n<meta property=\"og:type\" content=\"article\" \/>\n<meta property=\"og:title\" content=\"Dressoir acacia landelijk smoked grey 175x45x90cm\" \/>\n<meta property=\"og:description\" content=\"Sehr strapazierf\u00e4higes Sideboard aus Massivholz, das in jedem Interieur gut zur Geltung kommt. Dieser Schrank besteht aus 1 St\u00fcck, bauen Sie ihn also nicht selbst zusammen, Sie m\u00fcssen nur die schweren Metallbeine und die Griffe anschrauben. Dieser Schrank wird von Hand gefertigt und kann daher in Farbe und Aussehen leicht vom Foto abweichen. Dieser Schrank &hellip;\" \/>\n<meta property=\"og:url\" content=\"https:\/\/dev.eliassen.nl\/de\/product\/sideboard-akazie-rauchergrau-175x45x90cm\/\" \/>\n<meta property=\"og:site_name\" content=\"Eliassen.nl\" \/>\n<meta property=\"article:publisher\" content=\"https:\/\/www.facebook.com\/TuincentrumEliassenAmmerzoden\" \/>\n<meta property=\"article:modified_time\" content=\"2024-01-04T11:22:53+00:00\" \/>\n<meta property=\"og:image\" content=\"https:\/\/dev.eliassen.nl\/wp-content\/uploads\/2024\/01\/scsmoked2.jpg\" \/>\n\t<meta property=\"og:image:width\" content=\"2048\" \/>\n\t<meta property=\"og:image:height\" content=\"1911\" \/>\n\t<meta property=\"og:image:type\" content=\"image\/jpeg\" \/>\n<meta name=\"twitter:card\" content=\"summary_large_image\" \/>\n<script type=\"application\/ld+json\" class=\"yoast-schema-graph\">{\"@context\":\"https:\/\/schema.org\",\"@graph\":[{\"@type\":\"WebPage\",\"@id\":\"https:\/\/dev.eliassen.nl\/de\/product\/sideboard-akazie-rauchergrau-175x45x90cm\/\",\"url\":\"https:\/\/dev.eliassen.nl\/de\/product\/sideboard-akazie-rauchergrau-175x45x90cm\/\",\"name\":\"Dressoir acacia landelijk smoked grey 175x45x90cm\",\"isPartOf\":{\"@id\":\"https:\/\/dev.eliassen.nl\/de\/#website\"},\"primaryImageOfPage\":{\"@id\":\"https:\/\/dev.eliassen.nl\/de\/product\/sideboard-akazie-rauchergrau-175x45x90cm\/#primaryimage\"},\"image\":{\"@id\":\"https:\/\/dev.eliassen.nl\/de\/product\/sideboard-akazie-rauchergrau-175x45x90cm\/#primaryimage\"},\"thumbnailUrl\":\"https:\/\/dev.eliassen.nl\/wp-content\/uploads\/2024\/01\/scsmoked2.jpg\",\"datePublished\":\"2022-04-11T14:37:14+00:00\",\"dateModified\":\"2024-01-04T11:22:53+00:00\",\"breadcrumb\":{\"@id\":\"https:\/\/dev.eliassen.nl\/de\/product\/sideboard-akazie-rauchergrau-175x45x90cm\/#breadcrumb\"},\"inLanguage\":\"de\",\"potentialAction\":[{\"@type\":\"ReadAction\",\"target\":[\"https:\/\/dev.eliassen.nl\/de\/product\/sideboard-akazie-rauchergrau-175x45x90cm\/\"]}]},{\"@type\":\"ImageObject\",\"inLanguage\":\"de\",\"@id\":\"https:\/\/dev.eliassen.nl\/de\/product\/sideboard-akazie-rauchergrau-175x45x90cm\/#primaryimage\",\"url\":\"https:\/\/dev.eliassen.nl\/wp-content\/uploads\/2024\/01\/scsmoked2.jpg\",\"contentUrl\":\"https:\/\/dev.eliassen.nl\/wp-content\/uploads\/2024\/01\/scsmoked2.jpg\",\"width\":2048,\"height\":1911,\"caption\":\"sc smoked (2)\"},{\"@type\":\"BreadcrumbList\",\"@id\":\"https:\/\/dev.eliassen.nl\/de\/product\/sideboard-akazie-rauchergrau-175x45x90cm\/#breadcrumb\",\"itemListElement\":[{\"@type\":\"ListItem\",\"position\":1,\"name\":\"Home\",\"item\":\"https:\/\/dev.eliassen.nl\/de\/\"},{\"@type\":\"ListItem\",\"position\":2,\"name\":\"Shop\",\"item\":\"https:\/\/dev.eliassen.nl\/nl\/winkel\/\"},{\"@type\":\"ListItem\",\"position\":3,\"name\":\"AKTION M\u00f6bel\",\"item\":\"https:\/\/dev.eliassen.nl\/de\/aktion-moebel\/\"},{\"@type\":\"ListItem\",\"position\":4,\"name\":\"Sideboard Akazie R\u00e4uchergrau 175x45x90cm\"}]},{\"@type\":\"WebSite\",\"@id\":\"https:\/\/dev.eliassen.nl\/de\/#website\",\"url\":\"https:\/\/dev.eliassen.nl\/de\/\",\"name\":\"Eliassen Home & Garden Pleasure\",\"description\":\"\",\"publisher\":{\"@id\":\"https:\/\/dev.eliassen.nl\/de\/#organization\"},\"alternateName\":\"Eliassen.nl\",\"potentialAction\":[{\"@type\":\"SearchAction\",\"target\":{\"@type\":\"EntryPoint\",\"urlTemplate\":\"https:\/\/dev.eliassen.nl\/de\/?s={search_term_string}\"},\"query-input\":{\"@type\":\"PropertyValueSpecification\",\"valueRequired\":true,\"valueName\":\"search_term_string\"}}],\"inLanguage\":\"de\"},{\"@type\":\"Organization\",\"@id\":\"https:\/\/dev.eliassen.nl\/de\/#organization\",\"name\":\"Eliassen Home & Garden Pleasure\",\"url\":\"https:\/\/dev.eliassen.nl\/de\/\",\"logo\":{\"@type\":\"ImageObject\",\"inLanguage\":\"de\",\"@id\":\"https:\/\/dev.eliassen.nl\/de\/#\/schema\/logo\/image\/\",\"url\":\"https:\/\/www.eliassen.nl\/wp-content\/uploads\/2024\/01\/logo_4nd.jpg\",\"contentUrl\":\"https:\/\/www.eliassen.nl\/wp-content\/uploads\/2024\/01\/logo_4nd.jpg\",\"width\":500,\"height\":500,\"caption\":\"Eliassen Home & Garden Pleasure\"},\"image\":{\"@id\":\"https:\/\/dev.eliassen.nl\/de\/#\/schema\/logo\/image\/\"},\"sameAs\":[\"https:\/\/www.facebook.com\/TuincentrumEliassenAmmerzoden\",\"https:\/\/www.instagram.com\/eliassenhomeandgarden\/\",\"https:\/\/nl.pinterest.com\/eliassenhomeandgarden\/\",\"https:\/\/www.youtube.com\/@eliassenhomegardenpleasure4558\"]}]}<\/script>\n<!-- \/ Yoast SEO plugin. -->","yoast_head_json":{"title":"Dressoir acacia landelijk smoked grey 175x45x90cm","robots":{"index":"noindex","follow":"follow","max-snippet":"max-snippet:-1","max-image-preview":"max-image-preview:large","max-video-preview":"max-video-preview:-1"},"og_locale":"de_DE","og_type":"article","og_title":"Dressoir acacia landelijk smoked grey 175x45x90cm","og_description":"Sehr strapazierf\u00e4higes Sideboard aus Massivholz, das in jedem Interieur gut zur Geltung kommt. Dieser Schrank besteht aus 1 St\u00fcck, bauen Sie ihn also nicht selbst zusammen, Sie m\u00fcssen nur die schweren Metallbeine und die Griffe anschrauben. Dieser Schrank wird von Hand gefertigt und kann daher in Farbe und Aussehen leicht vom Foto abweichen. Dieser Schrank &hellip;","og_url":"https:\/\/dev.eliassen.nl\/de\/product\/sideboard-akazie-rauchergrau-175x45x90cm\/","og_site_name":"Eliassen.nl","article_publisher":"https:\/\/www.facebook.com\/TuincentrumEliassenAmmerzoden","article_modified_time":"2024-01-04T11:22:53+00:00","og_image":[{"width":2048,"height":1911,"url":"https:\/\/dev.eliassen.nl\/wp-content\/uploads\/2024\/01\/scsmoked2.jpg","type":"image\/jpeg"}],"twitter_card":"summary_large_image","schema":{"@context":"https:\/\/schema.org","@graph":[{"@type":"WebPage","@id":"https:\/\/dev.eliassen.nl\/de\/product\/sideboard-akazie-rauchergrau-175x45x90cm\/","url":"https:\/\/dev.eliassen.nl\/de\/product\/sideboard-akazie-rauchergrau-175x45x90cm\/","name":"Dressoir acacia landelijk smoked grey 175x45x90cm","isPartOf":{"@id":"https:\/\/dev.eliassen.nl\/de\/#website"},"primaryImageOfPage":{"@id":"https:\/\/dev.eliassen.nl\/de\/product\/sideboard-akazie-rauchergrau-175x45x90cm\/#primaryimage"},"image":{"@id":"https:\/\/dev.eliassen.nl\/de\/product\/sideboard-akazie-rauchergrau-175x45x90cm\/#primaryimage"},"thumbnailUrl":"https:\/\/dev.eliassen.nl\/wp-content\/uploads\/2024\/01\/scsmoked2.jpg","datePublished":"2022-04-11T14:37:14+00:00","dateModified":"2024-01-04T11:22:53+00:00","breadcrumb":{"@id":"https:\/\/dev.eliassen.nl\/de\/product\/sideboard-akazie-rauchergrau-175x45x90cm\/#breadcrumb"},"inLanguage":"de","potentialAction":[{"@type":"ReadAction","target":["https:\/\/dev.eliassen.nl\/de\/product\/sideboard-akazie-rauchergrau-175x45x90cm\/"]}]},{"@type":"ImageObject","inLanguage":"de","@id":"https:\/\/dev.eliassen.nl\/de\/product\/sideboard-akazie-rauchergrau-175x45x90cm\/#primaryimage","url":"https:\/\/dev.eliassen.nl\/wp-content\/uploads\/2024\/01\/scsmoked2.jpg","contentUrl":"https:\/\/dev.eliassen.nl\/wp-content\/uploads\/2024\/01\/scsmoked2.jpg","width":2048,"height":1911,"caption":"sc smoked (2)"},{"@type":"BreadcrumbList","@id":"https:\/\/dev.eliassen.nl\/de\/product\/sideboard-akazie-rauchergrau-175x45x90cm\/#breadcrumb","itemListElement":[{"@type":"ListItem","position":1,"name":"Home","item":"https:\/\/dev.eliassen.nl\/de\/"},{"@type":"ListItem","position":2,"name":"Shop","item":"https:\/\/dev.eliassen.nl\/nl\/winkel\/"},{"@type":"ListItem","position":3,"name":"AKTION M\u00f6bel","item":"https:\/\/dev.eliassen.nl\/de\/aktion-moebel\/"},{"@type":"ListItem","position":4,"name":"Sideboard Akazie R\u00e4uchergrau 175x45x90cm"}]},{"@type":"WebSite","@id":"https:\/\/dev.eliassen.nl\/de\/#website","url":"https:\/\/dev.eliassen.nl\/de\/","name":"Eliassen Home & Garden Pleasure","description":"","publisher":{"@id":"https:\/\/dev.eliassen.nl\/de\/#organization"},"alternateName":"Eliassen.nl","potentialAction":[{"@type":"SearchAction","target":{"@type":"EntryPoint","urlTemplate":"https:\/\/dev.eliassen.nl\/de\/?s={search_term_string}"},"query-input":{"@type":"PropertyValueSpecification","valueRequired":true,"valueName":"search_term_string"}}],"inLanguage":"de"},{"@type":"Organization","@id":"https:\/\/dev.eliassen.nl\/de\/#organization","name":"Eliassen Home & Garden Pleasure","url":"https:\/\/dev.eliassen.nl\/de\/","logo":{"@type":"ImageObject","inLanguage":"de","@id":"https:\/\/dev.eliassen.nl\/de\/#\/schema\/logo\/image\/","url":"https:\/\/www.eliassen.nl\/wp-content\/uploads\/2024\/01\/logo_4nd.jpg","contentUrl":"https:\/\/www.eliassen.nl\/wp-content\/uploads\/2024\/01\/logo_4nd.jpg","width":500,"height":500,"caption":"Eliassen Home & Garden Pleasure"},"image":{"@id":"https:\/\/dev.eliassen.nl\/de\/#\/schema\/logo\/image\/"},"sameAs":["https:\/\/www.facebook.com\/TuincentrumEliassenAmmerzoden","https:\/\/www.instagram.com\/eliassenhomeandgarden\/","https:\/\/nl.pinterest.com\/eliassenhomeandgarden\/","https:\/\/www.youtube.com\/@eliassenhomegardenpleasure4558"]}]}},"df_price":425,"df_sale_price":425,"df_regular_price":995,"df_image_link":"https:\/\/dev.eliassen.nl\/wp-content\/uploads\/2024\/01\/scsmoked2.jpg","image":"https:\/\/dev.eliassen.nl\/wp-content\/uploads\/2024\/01\/scsmoked2.jpg","price_search":"<span class=\"woocommerce-Price-amount amount\"><bdi><span class=\"woocommerce-Price-currencySymbol\">&euro;<\/span>&nbsp;425,00<\/bdi><\/span>","category":"AKTION M\u00f6bel","_links":{"self":[{"href":"https:\/\/dev.eliassen.nl\/de\/wp-json\/wp\/v2\/product\/70873","targetHints":{"allow":["GET"]}}],"collection":[{"href":"https:\/\/dev.eliassen.nl\/de\/wp-json\/wp\/v2\/product"}],"about":[{"href":"https:\/\/dev.eliassen.nl\/de\/wp-json\/wp\/v2\/types\/product"}],"wp:featuredmedia":[{"embeddable":true,"href":"https:\/\/dev.eliassen.nl\/de\/wp-json\/wp\/v2\/media\/70852"}],"wp:attachment":[{"href":"https:\/\/dev.eliassen.nl\/de\/wp-json\/wp\/v2\/media?parent=70873"}],"wp:term":[{"taxonomy":"product_brand","embeddable":true,"href":"https:\/\/dev.eliassen.nl\/de\/wp-json\/wp\/v2\/product_brand?post=70873"},{"taxonomy":"product_cat","embeddable":true,"href":"https:\/\/dev.eliassen.nl\/de\/wp-json\/wp\/v2\/product_cat?post=70873"},{"taxonomy":"product_tag","embeddable":true,"href":"https:\/\/dev.eliassen.nl\/de\/wp-json\/wp\/v2\/product_tag?post=70873"}],"curies":[{"name":"wp","href":"https:\/\/api.w.org\/{rel}","templated":true}]}}