{"id":70921,"date":"2022-04-11T16:41:07","date_gmt":"2022-04-11T14:41:07","guid":{"rendered":"https:\/\/www.eliassen.nl\/?product=dressoir-acacia-landelijk-smoked-grey-200x45x90cm"},"modified":"2023-12-08T15:56:49","modified_gmt":"2023-12-08T15:56:49","slug":"sideboard-akazie-rauchergrau-200x45x90cm","status":"publish","type":"product","link":"https:\/\/dev.eliassen.nl\/de\/product\/sideboard-akazie-rauchergrau-200x45x90cm\/","title":{"rendered":"Sideboard Akazie R\u00e4uchergrau 200x45x90cm"},"content":{"rendered":"<p>Sehr strapazierf\u00e4higes Sideboard aus Massivholz, das in jedem Interieur gut zur Geltung kommt.<\/p>\n<p>Dieser Schrank besteht aus 1 St\u00fcck, bauen Sie ihn also nicht selbst zusammen, Sie m\u00fcssen nur die schweren Metallbeine und die Griffe anschrauben. Dieser Schrank wird von Hand gefertigt und kann daher in Farbe und Aussehen leicht vom Foto abweichen.<\/p>\n<p>Dieser Schrank kostet woanders normalerweise das absolut doppelte.<\/p>\n<p><strong>Sehen Sie genau dieses M\u00f6belst\u00fcck irgendwo billiger? Wir wagen zu sagen, dass dies nicht m\u00f6glich ist, und wir erstatten die Differenz plus 50,00 extra !!<\/strong><\/p>\n<p>Bitte holen Sie diese M\u00f6bel selbst ab, oder Lieferung nach Absprache.<\/p>\n<ul>\n<li>Gr\u00f6\u00dfe: 200x45x90<\/li>\n<li>Material: Akazienholz massiv<\/li>\n<li>Gewicht: 100 kg<\/li>\n<li>Dicke: Geh\u00e4use 2,5 cm, Oberseite nicht weniger als 5 cm dick!!<\/li>\n<li>Farbe: rauchgrau<\/li>\n<li>Abholung nach Vereinbarung<\/li>\n<\/ul>\n<p>\u00a0<\/p>\n<p>\u00a0<\/p>\n","protected":false},"excerpt":{"rendered":"<p>Sehr robuster Schrank, super Qualit\u00e4t<\/p>\n","protected":false},"featured_media":70900,"template":"","meta":{"_acf_changed":false},"product_brand":[],"product_cat":[1349,7064],"product_tag":[],"class_list":{"0":"post-70921","1":"product","2":"type-product","3":"status-publish","4":"has-post-thumbnail","6":"product_cat-aktion-moebel","7":"product_cat-werbeartikel","9":"first","10":"outofstock","11":"sale","12":"taxable","13":"shipping-taxable","14":"purchasable","15":"product-type-simple"},"acf":[],"yoast_head":"<!-- This site is optimized with the Yoast SEO plugin v23.8 - https:\/\/yoast.com\/wordpress\/plugins\/seo\/ -->\n<title>Sideboard Akazie R\u00e4uchergrau 200x45x90cm<\/title>\n<meta name=\"description\" content=\"Wirklich g\u00fcnstig f\u00fcr diese Qualit\u00e4t!! Werfen Sie einen kurzen Blick auf weitere Aktionen in unserem Webshop!!\" \/>\n<meta name=\"robots\" content=\"noindex, follow, max-snippet:-1, max-image-preview:large, max-video-preview:-1\" \/>\n<meta property=\"og:locale\" content=\"de_DE\" \/>\n<meta property=\"og:type\" content=\"article\" \/>\n<meta property=\"og:title\" content=\"Sideboard Akazie R\u00e4uchergrau 200x45x90cm\" \/>\n<meta property=\"og:description\" content=\"Wirklich g\u00fcnstig f\u00fcr diese Qualit\u00e4t!! Werfen Sie einen kurzen Blick auf weitere Aktionen in unserem Webshop!!\" \/>\n<meta property=\"og:url\" content=\"https:\/\/dev.eliassen.nl\/de\/product\/sideboard-akazie-rauchergrau-200x45x90cm\/\" \/>\n<meta property=\"og:site_name\" content=\"Eliassen.nl\" \/>\n<meta property=\"article:publisher\" content=\"https:\/\/www.facebook.com\/TuincentrumEliassenAmmerzoden\" \/>\n<meta property=\"article:modified_time\" content=\"2023-12-08T15:56:49+00:00\" \/>\n<meta property=\"og:image\" content=\"https:\/\/dev.eliassen.nl\/wp-content\/uploads\/2024\/01\/scsmoked4_3nd.jpg\" \/>\n\t<meta property=\"og:image:width\" content=\"2048\" \/>\n\t<meta property=\"og:image:height\" content=\"1042\" \/>\n\t<meta property=\"og:image:type\" content=\"image\/jpeg\" \/>\n<meta name=\"twitter:card\" content=\"summary_large_image\" \/>\n<script type=\"application\/ld+json\" class=\"yoast-schema-graph\">{\"@context\":\"https:\/\/schema.org\",\"@graph\":[{\"@type\":\"WebPage\",\"@id\":\"https:\/\/dev.eliassen.nl\/de\/product\/sideboard-akazie-rauchergrau-200x45x90cm\/\",\"url\":\"https:\/\/dev.eliassen.nl\/de\/product\/sideboard-akazie-rauchergrau-200x45x90cm\/\",\"name\":\"Sideboard Akazie R\u00e4uchergrau 200x45x90cm\",\"isPartOf\":{\"@id\":\"https:\/\/dev.eliassen.nl\/de\/#website\"},\"primaryImageOfPage\":{\"@id\":\"https:\/\/dev.eliassen.nl\/de\/product\/sideboard-akazie-rauchergrau-200x45x90cm\/#primaryimage\"},\"image\":{\"@id\":\"https:\/\/dev.eliassen.nl\/de\/product\/sideboard-akazie-rauchergrau-200x45x90cm\/#primaryimage\"},\"thumbnailUrl\":\"https:\/\/dev.eliassen.nl\/wp-content\/uploads\/2024\/01\/scsmoked4_3nd.jpg\",\"datePublished\":\"2022-04-11T14:41:07+00:00\",\"dateModified\":\"2023-12-08T15:56:49+00:00\",\"description\":\"Wirklich g\u00fcnstig f\u00fcr diese Qualit\u00e4t!! Werfen Sie einen kurzen Blick auf weitere Aktionen in unserem Webshop!!\",\"breadcrumb\":{\"@id\":\"https:\/\/dev.eliassen.nl\/de\/product\/sideboard-akazie-rauchergrau-200x45x90cm\/#breadcrumb\"},\"inLanguage\":\"de\",\"potentialAction\":[{\"@type\":\"ReadAction\",\"target\":[\"https:\/\/dev.eliassen.nl\/de\/product\/sideboard-akazie-rauchergrau-200x45x90cm\/\"]}]},{\"@type\":\"ImageObject\",\"inLanguage\":\"de\",\"@id\":\"https:\/\/dev.eliassen.nl\/de\/product\/sideboard-akazie-rauchergrau-200x45x90cm\/#primaryimage\",\"url\":\"https:\/\/dev.eliassen.nl\/wp-content\/uploads\/2024\/01\/scsmoked4_3nd.jpg\",\"contentUrl\":\"https:\/\/dev.eliassen.nl\/wp-content\/uploads\/2024\/01\/scsmoked4_3nd.jpg\",\"width\":2048,\"height\":1042,\"caption\":\"sc smoked (4)\"},{\"@type\":\"BreadcrumbList\",\"@id\":\"https:\/\/dev.eliassen.nl\/de\/product\/sideboard-akazie-rauchergrau-200x45x90cm\/#breadcrumb\",\"itemListElement\":[{\"@type\":\"ListItem\",\"position\":1,\"name\":\"Home\",\"item\":\"https:\/\/dev.eliassen.nl\/de\/\"},{\"@type\":\"ListItem\",\"position\":2,\"name\":\"Shop\",\"item\":\"https:\/\/dev.eliassen.nl\/nl\/winkel\/\"},{\"@type\":\"ListItem\",\"position\":3,\"name\":\"AKTION M\u00f6bel\",\"item\":\"https:\/\/dev.eliassen.nl\/de\/aktion-moebel\/\"},{\"@type\":\"ListItem\",\"position\":4,\"name\":\"Sideboard Akazie R\u00e4uchergrau 200x45x90cm\"}]},{\"@type\":\"WebSite\",\"@id\":\"https:\/\/dev.eliassen.nl\/de\/#website\",\"url\":\"https:\/\/dev.eliassen.nl\/de\/\",\"name\":\"Eliassen Home & Garden Pleasure\",\"description\":\"\",\"publisher\":{\"@id\":\"https:\/\/dev.eliassen.nl\/de\/#organization\"},\"alternateName\":\"Eliassen.nl\",\"potentialAction\":[{\"@type\":\"SearchAction\",\"target\":{\"@type\":\"EntryPoint\",\"urlTemplate\":\"https:\/\/dev.eliassen.nl\/de\/?s={search_term_string}\"},\"query-input\":{\"@type\":\"PropertyValueSpecification\",\"valueRequired\":true,\"valueName\":\"search_term_string\"}}],\"inLanguage\":\"de\"},{\"@type\":\"Organization\",\"@id\":\"https:\/\/dev.eliassen.nl\/de\/#organization\",\"name\":\"Eliassen Home & Garden Pleasure\",\"url\":\"https:\/\/dev.eliassen.nl\/de\/\",\"logo\":{\"@type\":\"ImageObject\",\"inLanguage\":\"de\",\"@id\":\"https:\/\/dev.eliassen.nl\/de\/#\/schema\/logo\/image\/\",\"url\":\"https:\/\/www.eliassen.nl\/wp-content\/uploads\/2024\/01\/logo_4nd.jpg\",\"contentUrl\":\"https:\/\/www.eliassen.nl\/wp-content\/uploads\/2024\/01\/logo_4nd.jpg\",\"width\":500,\"height\":500,\"caption\":\"Eliassen Home & Garden Pleasure\"},\"image\":{\"@id\":\"https:\/\/dev.eliassen.nl\/de\/#\/schema\/logo\/image\/\"},\"sameAs\":[\"https:\/\/www.facebook.com\/TuincentrumEliassenAmmerzoden\",\"https:\/\/www.instagram.com\/eliassenhomeandgarden\/\",\"https:\/\/nl.pinterest.com\/eliassenhomeandgarden\/\",\"https:\/\/www.youtube.com\/@eliassenhomegardenpleasure4558\"]}]}<\/script>\n<!-- \/ Yoast SEO plugin. -->","yoast_head_json":{"title":"Sideboard Akazie R\u00e4uchergrau 200x45x90cm","description":"Wirklich g\u00fcnstig f\u00fcr diese Qualit\u00e4t!! Werfen Sie einen kurzen Blick auf weitere Aktionen in unserem Webshop!!","robots":{"index":"noindex","follow":"follow","max-snippet":"max-snippet:-1","max-image-preview":"max-image-preview:large","max-video-preview":"max-video-preview:-1"},"og_locale":"de_DE","og_type":"article","og_title":"Sideboard Akazie R\u00e4uchergrau 200x45x90cm","og_description":"Wirklich g\u00fcnstig f\u00fcr diese Qualit\u00e4t!! Werfen Sie einen kurzen Blick auf weitere Aktionen in unserem Webshop!!","og_url":"https:\/\/dev.eliassen.nl\/de\/product\/sideboard-akazie-rauchergrau-200x45x90cm\/","og_site_name":"Eliassen.nl","article_publisher":"https:\/\/www.facebook.com\/TuincentrumEliassenAmmerzoden","article_modified_time":"2023-12-08T15:56:49+00:00","og_image":[{"width":2048,"height":1042,"url":"https:\/\/dev.eliassen.nl\/wp-content\/uploads\/2024\/01\/scsmoked4_3nd.jpg","type":"image\/jpeg"}],"twitter_card":"summary_large_image","schema":{"@context":"https:\/\/schema.org","@graph":[{"@type":"WebPage","@id":"https:\/\/dev.eliassen.nl\/de\/product\/sideboard-akazie-rauchergrau-200x45x90cm\/","url":"https:\/\/dev.eliassen.nl\/de\/product\/sideboard-akazie-rauchergrau-200x45x90cm\/","name":"Sideboard Akazie R\u00e4uchergrau 200x45x90cm","isPartOf":{"@id":"https:\/\/dev.eliassen.nl\/de\/#website"},"primaryImageOfPage":{"@id":"https:\/\/dev.eliassen.nl\/de\/product\/sideboard-akazie-rauchergrau-200x45x90cm\/#primaryimage"},"image":{"@id":"https:\/\/dev.eliassen.nl\/de\/product\/sideboard-akazie-rauchergrau-200x45x90cm\/#primaryimage"},"thumbnailUrl":"https:\/\/dev.eliassen.nl\/wp-content\/uploads\/2024\/01\/scsmoked4_3nd.jpg","datePublished":"2022-04-11T14:41:07+00:00","dateModified":"2023-12-08T15:56:49+00:00","description":"Wirklich g\u00fcnstig f\u00fcr diese Qualit\u00e4t!! Werfen Sie einen kurzen Blick auf weitere Aktionen in unserem Webshop!!","breadcrumb":{"@id":"https:\/\/dev.eliassen.nl\/de\/product\/sideboard-akazie-rauchergrau-200x45x90cm\/#breadcrumb"},"inLanguage":"de","potentialAction":[{"@type":"ReadAction","target":["https:\/\/dev.eliassen.nl\/de\/product\/sideboard-akazie-rauchergrau-200x45x90cm\/"]}]},{"@type":"ImageObject","inLanguage":"de","@id":"https:\/\/dev.eliassen.nl\/de\/product\/sideboard-akazie-rauchergrau-200x45x90cm\/#primaryimage","url":"https:\/\/dev.eliassen.nl\/wp-content\/uploads\/2024\/01\/scsmoked4_3nd.jpg","contentUrl":"https:\/\/dev.eliassen.nl\/wp-content\/uploads\/2024\/01\/scsmoked4_3nd.jpg","width":2048,"height":1042,"caption":"sc smoked (4)"},{"@type":"BreadcrumbList","@id":"https:\/\/dev.eliassen.nl\/de\/product\/sideboard-akazie-rauchergrau-200x45x90cm\/#breadcrumb","itemListElement":[{"@type":"ListItem","position":1,"name":"Home","item":"https:\/\/dev.eliassen.nl\/de\/"},{"@type":"ListItem","position":2,"name":"Shop","item":"https:\/\/dev.eliassen.nl\/nl\/winkel\/"},{"@type":"ListItem","position":3,"name":"AKTION M\u00f6bel","item":"https:\/\/dev.eliassen.nl\/de\/aktion-moebel\/"},{"@type":"ListItem","position":4,"name":"Sideboard Akazie R\u00e4uchergrau 200x45x90cm"}]},{"@type":"WebSite","@id":"https:\/\/dev.eliassen.nl\/de\/#website","url":"https:\/\/dev.eliassen.nl\/de\/","name":"Eliassen Home & Garden Pleasure","description":"","publisher":{"@id":"https:\/\/dev.eliassen.nl\/de\/#organization"},"alternateName":"Eliassen.nl","potentialAction":[{"@type":"SearchAction","target":{"@type":"EntryPoint","urlTemplate":"https:\/\/dev.eliassen.nl\/de\/?s={search_term_string}"},"query-input":{"@type":"PropertyValueSpecification","valueRequired":true,"valueName":"search_term_string"}}],"inLanguage":"de"},{"@type":"Organization","@id":"https:\/\/dev.eliassen.nl\/de\/#organization","name":"Eliassen Home & Garden Pleasure","url":"https:\/\/dev.eliassen.nl\/de\/","logo":{"@type":"ImageObject","inLanguage":"de","@id":"https:\/\/dev.eliassen.nl\/de\/#\/schema\/logo\/image\/","url":"https:\/\/www.eliassen.nl\/wp-content\/uploads\/2024\/01\/logo_4nd.jpg","contentUrl":"https:\/\/www.eliassen.nl\/wp-content\/uploads\/2024\/01\/logo_4nd.jpg","width":500,"height":500,"caption":"Eliassen Home & Garden Pleasure"},"image":{"@id":"https:\/\/dev.eliassen.nl\/de\/#\/schema\/logo\/image\/"},"sameAs":["https:\/\/www.facebook.com\/TuincentrumEliassenAmmerzoden","https:\/\/www.instagram.com\/eliassenhomeandgarden\/","https:\/\/nl.pinterest.com\/eliassenhomeandgarden\/","https:\/\/www.youtube.com\/@eliassenhomegardenpleasure4558"]}]}},"df_price":525,"df_sale_price":525,"df_regular_price":1150,"df_image_link":"https:\/\/dev.eliassen.nl\/wp-content\/uploads\/2024\/01\/scsmoked4_3nd.jpg","image":"https:\/\/dev.eliassen.nl\/wp-content\/uploads\/2024\/01\/scsmoked4_3nd.jpg","price_search":"<span class=\"woocommerce-Price-amount amount\"><bdi><span class=\"woocommerce-Price-currencySymbol\">&euro;<\/span>&nbsp;525,00<\/bdi><\/span>","category":"AKTION M\u00f6bel","_links":{"self":[{"href":"https:\/\/dev.eliassen.nl\/de\/wp-json\/wp\/v2\/product\/70921","targetHints":{"allow":["GET"]}}],"collection":[{"href":"https:\/\/dev.eliassen.nl\/de\/wp-json\/wp\/v2\/product"}],"about":[{"href":"https:\/\/dev.eliassen.nl\/de\/wp-json\/wp\/v2\/types\/product"}],"wp:featuredmedia":[{"embeddable":true,"href":"https:\/\/dev.eliassen.nl\/de\/wp-json\/wp\/v2\/media\/70900"}],"wp:attachment":[{"href":"https:\/\/dev.eliassen.nl\/de\/wp-json\/wp\/v2\/media?parent=70921"}],"wp:term":[{"taxonomy":"product_brand","embeddable":true,"href":"https:\/\/dev.eliassen.nl\/de\/wp-json\/wp\/v2\/product_brand?post=70921"},{"taxonomy":"product_cat","embeddable":true,"href":"https:\/\/dev.eliassen.nl\/de\/wp-json\/wp\/v2\/product_cat?post=70921"},{"taxonomy":"product_tag","embeddable":true,"href":"https:\/\/dev.eliassen.nl\/de\/wp-json\/wp\/v2\/product_tag?post=70921"}],"curies":[{"name":"wp","href":"https:\/\/api.w.org\/{rel}","templated":true}]}}