{"id":70930,"date":"2022-04-12T11:23:37","date_gmt":"2022-04-12T09:23:37","guid":{"rendered":"https:\/\/www.eliassen.nl\/?product=lichtbol-ijzer-roest-30cm-barok"},"modified":"2024-12-05T16:01:19","modified_gmt":"2024-12-05T15:01:19","slug":"gluhbirne-eisenrost-30cm-barock","status":"publish","type":"product","link":"https:\/\/dev.eliassen.nl\/de\/product\/gluhbirne-eisenrost-30cm-barock\/","title":{"rendered":"Gl\u00fchbirne Eisenrost 30cm Barock"},"content":{"rendered":"<p>Ein besonderer Stimmungsmacher in Ihrem Garten, so kann man diese Gartenlampe in Form einer Kugel nennen. Aus dieser leicht barock anmutenden Kugel wurde eine wundersch\u00f6ne Figur herausgearbeitet, durch die im Dunkeln warmwei\u00dfes Licht scheint. Diese Gl\u00fchbirne besteht aus 2 mm dickem, unbehandeltem Eisen, das eine sch\u00f6ne und zeitlose (rost-)braune Farbe ergibt.<\/p>\n<p>Diese Kugel hat ein kleines LED-Licht, das von einer Ablage gehalten wird. Sie stellen das LED-Licht ab, platzieren die Gl\u00fchbirne dar\u00fcber und fertig.<\/p>\n<ul>\n<li>Durchmesser 30cm<\/li>\n<li>Inklusive LED-Licht 1 Watt, mit einer Kabell\u00e4nge von 7,5 Metern<\/li>\n<li>Material: Metall unbehandelt 2mm stark<\/li>\n<li>2 Jahre Garantie<\/li>\n<li>Achten Sie auf Rostflecken auf Zierpflaster<\/li>\n<\/ul>\n","protected":false},"excerpt":{"rendered":"<p>Ein besonderer Stimmungsmacher in Ihrem Garten, so kann man diese Gartenlampe in Form einer Kugel nennen. Aus dieser leicht barock anmutenden Kugel wurde eine wundersch\u00f6ne Figur herausgearbeitet, durch die im Dunkeln warmwei\u00dfes Licht scheint. Diese Gl\u00fchbirne besteht aus 2 mm dickem, unbehandeltem Eisen, das eine sch\u00f6ne und zeitlose (rost-)braune Farbe ergibt. Diese Kugel hat ein &hellip;<\/p>\n","protected":false},"featured_media":70924,"template":"","meta":{"_acf_changed":false},"product_brand":[],"product_cat":[899,746],"product_tag":[],"class_list":{"0":"post-70930","1":"product","2":"type-product","3":"status-publish","4":"has-post-thumbnail","6":"product_cat-ambientebeleuchtung-aussen","7":"product_cat-stimmungsvolle-beleuchtung","9":"first","10":"instock","11":"taxable","12":"shipping-taxable","13":"purchasable","14":"product-type-simple"},"acf":[],"yoast_head":"<!-- This site is optimized with the Yoast SEO plugin v23.8 - https:\/\/yoast.com\/wordpress\/plugins\/seo\/ -->\n<title>Lichtglobus Eisenrost 30cm Barock - Eliassen.nl<\/title>\n<meta name=\"description\" content=\"Bei Eliassen k\u00f6nnen Sie Gl\u00fchbirne Eisen Rost 30cm Barock online kaufen oder live im Showroom ansehen. Direkt online bestellen.\" \/>\n<meta name=\"robots\" content=\"noindex, follow, max-snippet:-1, max-image-preview:large, max-video-preview:-1\" \/>\n<meta property=\"og:locale\" content=\"de_DE\" \/>\n<meta property=\"og:type\" content=\"article\" \/>\n<meta property=\"og:title\" content=\"Lichtglobus Eisenrost 30cm Barock - Eliassen.nl\" \/>\n<meta property=\"og:description\" content=\"Bei Eliassen k\u00f6nnen Sie Gl\u00fchbirne Eisen Rost 30cm Barock online kaufen oder live im Showroom ansehen. Direkt online bestellen.\" \/>\n<meta property=\"og:url\" content=\"https:\/\/dev.eliassen.nl\/de\/product\/gluhbirne-eisenrost-30cm-barock\/\" \/>\n<meta property=\"og:site_name\" content=\"Eliassen.nl\" \/>\n<meta property=\"article:publisher\" content=\"https:\/\/www.facebook.com\/TuincentrumEliassenAmmerzoden\" \/>\n<meta property=\"article:modified_time\" content=\"2024-12-05T15:01:19+00:00\" \/>\n<meta property=\"og:image\" content=\"https:\/\/dev.eliassen.nl\/wp-content\/uploads\/2024\/01\/lichtbolijzerroest30cmbarokeliassennl.jpg\" \/>\n\t<meta property=\"og:image:width\" content=\"2048\" \/>\n\t<meta property=\"og:image:height\" content=\"1365\" \/>\n\t<meta property=\"og:image:type\" content=\"image\/jpeg\" \/>\n<meta name=\"twitter:card\" content=\"summary_large_image\" \/>\n<script type=\"application\/ld+json\" class=\"yoast-schema-graph\">{\"@context\":\"https:\/\/schema.org\",\"@graph\":[{\"@type\":\"WebPage\",\"@id\":\"https:\/\/dev.eliassen.nl\/de\/product\/gluhbirne-eisenrost-30cm-barock\/\",\"url\":\"https:\/\/dev.eliassen.nl\/de\/product\/gluhbirne-eisenrost-30cm-barock\/\",\"name\":\"Lichtglobus Eisenrost 30cm Barock - Eliassen.nl\",\"isPartOf\":{\"@id\":\"https:\/\/dev.eliassen.nl\/de\/#website\"},\"primaryImageOfPage\":{\"@id\":\"https:\/\/dev.eliassen.nl\/de\/product\/gluhbirne-eisenrost-30cm-barock\/#primaryimage\"},\"image\":{\"@id\":\"https:\/\/dev.eliassen.nl\/de\/product\/gluhbirne-eisenrost-30cm-barock\/#primaryimage\"},\"thumbnailUrl\":\"https:\/\/dev.eliassen.nl\/wp-content\/uploads\/2024\/01\/lichtbolijzerroest30cmbarokeliassennl.jpg\",\"datePublished\":\"2022-04-12T09:23:37+00:00\",\"dateModified\":\"2024-12-05T15:01:19+00:00\",\"description\":\"Bei Eliassen k\u00f6nnen Sie Gl\u00fchbirne Eisen Rost 30cm Barock online kaufen oder live im Showroom ansehen. Direkt online bestellen.\",\"breadcrumb\":{\"@id\":\"https:\/\/dev.eliassen.nl\/de\/product\/gluhbirne-eisenrost-30cm-barock\/#breadcrumb\"},\"inLanguage\":\"de\",\"potentialAction\":[{\"@type\":\"ReadAction\",\"target\":[\"https:\/\/dev.eliassen.nl\/de\/product\/gluhbirne-eisenrost-30cm-barock\/\"]}]},{\"@type\":\"ImageObject\",\"inLanguage\":\"de\",\"@id\":\"https:\/\/dev.eliassen.nl\/de\/product\/gluhbirne-eisenrost-30cm-barock\/#primaryimage\",\"url\":\"https:\/\/dev.eliassen.nl\/wp-content\/uploads\/2024\/01\/lichtbolijzerroest30cmbarokeliassennl.jpg\",\"contentUrl\":\"https:\/\/dev.eliassen.nl\/wp-content\/uploads\/2024\/01\/lichtbolijzerroest30cmbarokeliassennl.jpg\",\"width\":2048,\"height\":1365,\"caption\":\"Lichtbol ijzer roest 30cm Barok - eliassen.nl\"},{\"@type\":\"BreadcrumbList\",\"@id\":\"https:\/\/dev.eliassen.nl\/de\/product\/gluhbirne-eisenrost-30cm-barock\/#breadcrumb\",\"itemListElement\":[{\"@type\":\"ListItem\",\"position\":1,\"name\":\"Home\",\"item\":\"https:\/\/dev.eliassen.nl\/de\/\"},{\"@type\":\"ListItem\",\"position\":2,\"name\":\"Shop\",\"item\":\"https:\/\/dev.eliassen.nl\/nl\/winkel\/\"},{\"@type\":\"ListItem\",\"position\":3,\"name\":\"Stimmungsvolle Beleuchtung\",\"item\":\"https:\/\/dev.eliassen.nl\/de\/stimmungsvolle-beleuchtung\/\"},{\"@type\":\"ListItem\",\"position\":4,\"name\":\"Ambientebeleuchtung au\u00dfen\",\"item\":\"https:\/\/dev.eliassen.nl\/de\/stimmungsvolle-beleuchtung\/ambientebeleuchtung-aussen\/\"},{\"@type\":\"ListItem\",\"position\":5,\"name\":\"Gl\u00fchbirne Eisenrost 30cm Barock\"}]},{\"@type\":\"WebSite\",\"@id\":\"https:\/\/dev.eliassen.nl\/de\/#website\",\"url\":\"https:\/\/dev.eliassen.nl\/de\/\",\"name\":\"Eliassen Home & Garden Pleasure\",\"description\":\"\",\"publisher\":{\"@id\":\"https:\/\/dev.eliassen.nl\/de\/#organization\"},\"alternateName\":\"Eliassen.nl\",\"potentialAction\":[{\"@type\":\"SearchAction\",\"target\":{\"@type\":\"EntryPoint\",\"urlTemplate\":\"https:\/\/dev.eliassen.nl\/de\/?s={search_term_string}\"},\"query-input\":{\"@type\":\"PropertyValueSpecification\",\"valueRequired\":true,\"valueName\":\"search_term_string\"}}],\"inLanguage\":\"de\"},{\"@type\":\"Organization\",\"@id\":\"https:\/\/dev.eliassen.nl\/de\/#organization\",\"name\":\"Eliassen Home & Garden Pleasure\",\"url\":\"https:\/\/dev.eliassen.nl\/de\/\",\"logo\":{\"@type\":\"ImageObject\",\"inLanguage\":\"de\",\"@id\":\"https:\/\/dev.eliassen.nl\/de\/#\/schema\/logo\/image\/\",\"url\":\"https:\/\/www.eliassen.nl\/wp-content\/uploads\/2024\/01\/logo_4nd.jpg\",\"contentUrl\":\"https:\/\/www.eliassen.nl\/wp-content\/uploads\/2024\/01\/logo_4nd.jpg\",\"width\":500,\"height\":500,\"caption\":\"Eliassen Home & Garden Pleasure\"},\"image\":{\"@id\":\"https:\/\/dev.eliassen.nl\/de\/#\/schema\/logo\/image\/\"},\"sameAs\":[\"https:\/\/www.facebook.com\/TuincentrumEliassenAmmerzoden\",\"https:\/\/www.instagram.com\/eliassenhomeandgarden\/\",\"https:\/\/nl.pinterest.com\/eliassenhomeandgarden\/\",\"https:\/\/www.youtube.com\/@eliassenhomegardenpleasure4558\"]}]}<\/script>\n<!-- \/ Yoast SEO plugin. -->","yoast_head_json":{"title":"Lichtglobus Eisenrost 30cm Barock - Eliassen.nl","description":"Bei Eliassen k\u00f6nnen Sie Gl\u00fchbirne Eisen Rost 30cm Barock online kaufen oder live im Showroom ansehen. Direkt online bestellen.","robots":{"index":"noindex","follow":"follow","max-snippet":"max-snippet:-1","max-image-preview":"max-image-preview:large","max-video-preview":"max-video-preview:-1"},"og_locale":"de_DE","og_type":"article","og_title":"Lichtglobus Eisenrost 30cm Barock - Eliassen.nl","og_description":"Bei Eliassen k\u00f6nnen Sie Gl\u00fchbirne Eisen Rost 30cm Barock online kaufen oder live im Showroom ansehen. Direkt online bestellen.","og_url":"https:\/\/dev.eliassen.nl\/de\/product\/gluhbirne-eisenrost-30cm-barock\/","og_site_name":"Eliassen.nl","article_publisher":"https:\/\/www.facebook.com\/TuincentrumEliassenAmmerzoden","article_modified_time":"2024-12-05T15:01:19+00:00","og_image":[{"width":2048,"height":1365,"url":"https:\/\/dev.eliassen.nl\/wp-content\/uploads\/2024\/01\/lichtbolijzerroest30cmbarokeliassennl.jpg","type":"image\/jpeg"}],"twitter_card":"summary_large_image","schema":{"@context":"https:\/\/schema.org","@graph":[{"@type":"WebPage","@id":"https:\/\/dev.eliassen.nl\/de\/product\/gluhbirne-eisenrost-30cm-barock\/","url":"https:\/\/dev.eliassen.nl\/de\/product\/gluhbirne-eisenrost-30cm-barock\/","name":"Lichtglobus Eisenrost 30cm Barock - Eliassen.nl","isPartOf":{"@id":"https:\/\/dev.eliassen.nl\/de\/#website"},"primaryImageOfPage":{"@id":"https:\/\/dev.eliassen.nl\/de\/product\/gluhbirne-eisenrost-30cm-barock\/#primaryimage"},"image":{"@id":"https:\/\/dev.eliassen.nl\/de\/product\/gluhbirne-eisenrost-30cm-barock\/#primaryimage"},"thumbnailUrl":"https:\/\/dev.eliassen.nl\/wp-content\/uploads\/2024\/01\/lichtbolijzerroest30cmbarokeliassennl.jpg","datePublished":"2022-04-12T09:23:37+00:00","dateModified":"2024-12-05T15:01:19+00:00","description":"Bei Eliassen k\u00f6nnen Sie Gl\u00fchbirne Eisen Rost 30cm Barock online kaufen oder live im Showroom ansehen. Direkt online bestellen.","breadcrumb":{"@id":"https:\/\/dev.eliassen.nl\/de\/product\/gluhbirne-eisenrost-30cm-barock\/#breadcrumb"},"inLanguage":"de","potentialAction":[{"@type":"ReadAction","target":["https:\/\/dev.eliassen.nl\/de\/product\/gluhbirne-eisenrost-30cm-barock\/"]}]},{"@type":"ImageObject","inLanguage":"de","@id":"https:\/\/dev.eliassen.nl\/de\/product\/gluhbirne-eisenrost-30cm-barock\/#primaryimage","url":"https:\/\/dev.eliassen.nl\/wp-content\/uploads\/2024\/01\/lichtbolijzerroest30cmbarokeliassennl.jpg","contentUrl":"https:\/\/dev.eliassen.nl\/wp-content\/uploads\/2024\/01\/lichtbolijzerroest30cmbarokeliassennl.jpg","width":2048,"height":1365,"caption":"Lichtbol ijzer roest 30cm Barok - eliassen.nl"},{"@type":"BreadcrumbList","@id":"https:\/\/dev.eliassen.nl\/de\/product\/gluhbirne-eisenrost-30cm-barock\/#breadcrumb","itemListElement":[{"@type":"ListItem","position":1,"name":"Home","item":"https:\/\/dev.eliassen.nl\/de\/"},{"@type":"ListItem","position":2,"name":"Shop","item":"https:\/\/dev.eliassen.nl\/nl\/winkel\/"},{"@type":"ListItem","position":3,"name":"Stimmungsvolle Beleuchtung","item":"https:\/\/dev.eliassen.nl\/de\/stimmungsvolle-beleuchtung\/"},{"@type":"ListItem","position":4,"name":"Ambientebeleuchtung au\u00dfen","item":"https:\/\/dev.eliassen.nl\/de\/stimmungsvolle-beleuchtung\/ambientebeleuchtung-aussen\/"},{"@type":"ListItem","position":5,"name":"Gl\u00fchbirne Eisenrost 30cm Barock"}]},{"@type":"WebSite","@id":"https:\/\/dev.eliassen.nl\/de\/#website","url":"https:\/\/dev.eliassen.nl\/de\/","name":"Eliassen Home & Garden Pleasure","description":"","publisher":{"@id":"https:\/\/dev.eliassen.nl\/de\/#organization"},"alternateName":"Eliassen.nl","potentialAction":[{"@type":"SearchAction","target":{"@type":"EntryPoint","urlTemplate":"https:\/\/dev.eliassen.nl\/de\/?s={search_term_string}"},"query-input":{"@type":"PropertyValueSpecification","valueRequired":true,"valueName":"search_term_string"}}],"inLanguage":"de"},{"@type":"Organization","@id":"https:\/\/dev.eliassen.nl\/de\/#organization","name":"Eliassen Home & Garden Pleasure","url":"https:\/\/dev.eliassen.nl\/de\/","logo":{"@type":"ImageObject","inLanguage":"de","@id":"https:\/\/dev.eliassen.nl\/de\/#\/schema\/logo\/image\/","url":"https:\/\/www.eliassen.nl\/wp-content\/uploads\/2024\/01\/logo_4nd.jpg","contentUrl":"https:\/\/www.eliassen.nl\/wp-content\/uploads\/2024\/01\/logo_4nd.jpg","width":500,"height":500,"caption":"Eliassen Home & Garden Pleasure"},"image":{"@id":"https:\/\/dev.eliassen.nl\/de\/#\/schema\/logo\/image\/"},"sameAs":["https:\/\/www.facebook.com\/TuincentrumEliassenAmmerzoden","https:\/\/www.instagram.com\/eliassenhomeandgarden\/","https:\/\/nl.pinterest.com\/eliassenhomeandgarden\/","https:\/\/www.youtube.com\/@eliassenhomegardenpleasure4558"]}]}},"df_price":149,"df_sale_price":"","df_regular_price":149,"df_image_link":"https:\/\/dev.eliassen.nl\/wp-content\/uploads\/2024\/01\/lichtbolijzerroest30cmbarokeliassennl.jpg","image":"https:\/\/dev.eliassen.nl\/wp-content\/uploads\/2024\/01\/lichtbolijzerroest30cmbarokeliassennl.jpg","price_search":"<span class=\"woocommerce-Price-amount amount\"><bdi><span class=\"woocommerce-Price-currencySymbol\">&euro;<\/span>&nbsp;149,00<\/bdi><\/span>","category":"Ambientebeleuchtung au\u00dfen","_links":{"self":[{"href":"https:\/\/dev.eliassen.nl\/de\/wp-json\/wp\/v2\/product\/70930","targetHints":{"allow":["GET"]}}],"collection":[{"href":"https:\/\/dev.eliassen.nl\/de\/wp-json\/wp\/v2\/product"}],"about":[{"href":"https:\/\/dev.eliassen.nl\/de\/wp-json\/wp\/v2\/types\/product"}],"wp:featuredmedia":[{"embeddable":true,"href":"https:\/\/dev.eliassen.nl\/de\/wp-json\/wp\/v2\/media\/70924"}],"wp:attachment":[{"href":"https:\/\/dev.eliassen.nl\/de\/wp-json\/wp\/v2\/media?parent=70930"}],"wp:term":[{"taxonomy":"product_brand","embeddable":true,"href":"https:\/\/dev.eliassen.nl\/de\/wp-json\/wp\/v2\/product_brand?post=70930"},{"taxonomy":"product_cat","embeddable":true,"href":"https:\/\/dev.eliassen.nl\/de\/wp-json\/wp\/v2\/product_cat?post=70930"},{"taxonomy":"product_tag","embeddable":true,"href":"https:\/\/dev.eliassen.nl\/de\/wp-json\/wp\/v2\/product_tag?post=70930"}],"curies":[{"name":"wp","href":"https:\/\/api.w.org\/{rel}","templated":true}]}}