{"id":71083,"date":"2022-04-22T16:24:35","date_gmt":"2022-04-22T14:24:35","guid":{"rendered":"https:\/\/www.eliassen.nl\/?product=beeld-dewi-staand-150cm-greenstone"},"modified":"2024-12-05T16:01:35","modified_gmt":"2024-12-05T15:01:35","slug":"weibliche-hindu-statue-dewi-stehend-150-cm-greenstone","status":"publish","type":"product","link":"https:\/\/dev.eliassen.nl\/de\/product\/weibliche-hindu-statue-dewi-stehend-150-cm-greenstone\/","title":{"rendered":"Weibliche Hindu-Statue Dewi stehend 150 cm aus Gr\u00fcnstein"},"content":{"rendered":"<p>Mit dieser Greenstone-Statue k\u00f6nnen Sie Ihrem Garten, Ihrer Firma, Ihrem \u00dcbungsraum oder Ihrem Zuhause eine sch\u00f6ne warme orientalische Atmosph\u00e4re verleihen.<\/p>\n<p>Diese massive und schwere Standstatue des Hindu-Gottes Shiva ist aus einem gr\u00fcnen Steinblock handgefertigt. Gr\u00fcner Stein ist ein witterungsbest\u00e4ndiger Naturstein, der allen Witterungseinfl\u00fcssen standh\u00e4lt. Die Farbe ist hellgr\u00fcn und kann leicht vom Foto abweichen, da diese Steinart in der Natur in verschiedenen Gr\u00fcnt\u00f6nen vorkommt.<\/p>\n<p>Nat\u00fcrlich k\u00f6nnen bei dieser Art von Stein Flecken, Flecken oder andere Unvollkommenheiten auftreten. Das ist normal und kann nicht beanstandet werden. Deshalb empfehlen wir Ihnen, bei uns vorbeizuschauen, damit Sie sehen k\u00f6nnen, was Sie kaufen. Eine weitere wunderbare Eigenschaft dieser Steinart ist, dass an einem schattigen Ort mit der Zeit Moose zu wachsen beginnen, was eine sch\u00f6ne, bewohnte, alte Atmosph\u00e4re um diese Statuen herum schafft.<\/p>\n<ul>\n<li>H\u00f6he: 150 cm<\/li>\n<li>Farbe: hellgr\u00fcn<\/li>\n<li>Material: Gr\u00fcnstein<\/li>\n<li>Geeignet f\u00fcr den Innen- und Au\u00dfenbereich<\/li>\n<li>Handgefertigt<\/li>\n<li>Schnell geliefert<\/li>\n<li><strong>Viele dieser Serien k\u00f6nnen auch in unserem Shop besichtigt werden<\/strong><\/li>\n<\/ul>\n","protected":false},"excerpt":{"rendered":"<p>\u2713 Aus Greenstone gehackt<\/p>\n","protected":false},"featured_media":71074,"template":"","meta":{"_acf_changed":false},"product_brand":[],"product_cat":[677,719,7076],"product_tag":[],"class_list":{"0":"post-71083","1":"product","2":"type-product","3":"status-publish","4":"has-post-thumbnail","6":"product_cat-betonstatuen","7":"product_cat-statuen-aus-naturstein","8":"product_cat-statues-figures","10":"first","11":"instock","12":"taxable","13":"shipping-taxable","14":"purchasable","15":"product-type-simple"},"acf":[],"yoast_head":"<!-- This site is optimized with the Yoast SEO plugin v23.8 - https:\/\/yoast.com\/wordpress\/plugins\/seo\/ -->\n<title>Stehende weibliche Hindu-Statue | 150cm | Gr\u00fcnstein | Eliassen.nl<\/title>\n<meta name=\"description\" content=\"Eine wundersch\u00f6ne weibliche Hindu-Statue aus gr\u00fcnem Stein. Ein witterungsbest\u00e4ndiger Naturstein. F\u00fcr den Garten, aber auch f\u00fcr drau\u00dfen. \u221a LIVE ansehen!\" \/>\n<meta name=\"robots\" content=\"noindex, follow, max-snippet:-1, max-image-preview:large, max-video-preview:-1\" \/>\n<meta property=\"og:locale\" content=\"de_DE\" \/>\n<meta property=\"og:type\" content=\"article\" \/>\n<meta property=\"og:title\" content=\"Stehende weibliche Hindu-Statue | 150cm | Gr\u00fcnstein | Eliassen.nl\" \/>\n<meta property=\"og:description\" content=\"Eine wundersch\u00f6ne weibliche Hindu-Statue aus gr\u00fcnem Stein. Ein witterungsbest\u00e4ndiger Naturstein. F\u00fcr den Garten, aber auch f\u00fcr drau\u00dfen. \u221a LIVE ansehen!\" \/>\n<meta property=\"og:url\" content=\"https:\/\/dev.eliassen.nl\/de\/product\/weibliche-hindu-statue-dewi-stehend-150-cm-greenstone\/\" \/>\n<meta property=\"og:site_name\" content=\"Eliassen.nl\" \/>\n<meta property=\"article:publisher\" content=\"https:\/\/www.facebook.com\/TuincentrumEliassenAmmerzoden\" \/>\n<meta property=\"article:modified_time\" content=\"2024-12-05T15:01:35+00:00\" \/>\n<meta property=\"og:image\" content=\"https:\/\/dev.eliassen.nl\/wp-content\/uploads\/2024\/01\/mijnproject_186nd.png\" \/>\n\t<meta property=\"og:image:width\" content=\"666\" \/>\n\t<meta property=\"og:image:height\" content=\"1000\" \/>\n\t<meta property=\"og:image:type\" content=\"image\/png\" \/>\n<meta name=\"twitter:card\" content=\"summary_large_image\" \/>\n<script type=\"application\/ld+json\" class=\"yoast-schema-graph\">{\"@context\":\"https:\/\/schema.org\",\"@graph\":[{\"@type\":\"WebPage\",\"@id\":\"https:\/\/dev.eliassen.nl\/de\/product\/weibliche-hindu-statue-dewi-stehend-150-cm-greenstone\/\",\"url\":\"https:\/\/dev.eliassen.nl\/de\/product\/weibliche-hindu-statue-dewi-stehend-150-cm-greenstone\/\",\"name\":\"Stehende weibliche Hindu-Statue | 150cm | Gr\u00fcnstein | Eliassen.nl\",\"isPartOf\":{\"@id\":\"https:\/\/dev.eliassen.nl\/de\/#website\"},\"primaryImageOfPage\":{\"@id\":\"https:\/\/dev.eliassen.nl\/de\/product\/weibliche-hindu-statue-dewi-stehend-150-cm-greenstone\/#primaryimage\"},\"image\":{\"@id\":\"https:\/\/dev.eliassen.nl\/de\/product\/weibliche-hindu-statue-dewi-stehend-150-cm-greenstone\/#primaryimage\"},\"thumbnailUrl\":\"https:\/\/dev.eliassen.nl\/wp-content\/uploads\/2024\/01\/mijnproject_186nd.png\",\"datePublished\":\"2022-04-22T14:24:35+00:00\",\"dateModified\":\"2024-12-05T15:01:35+00:00\",\"description\":\"Eine wundersch\u00f6ne weibliche Hindu-Statue aus gr\u00fcnem Stein. Ein witterungsbest\u00e4ndiger Naturstein. F\u00fcr den Garten, aber auch f\u00fcr drau\u00dfen. \u221a LIVE ansehen!\",\"breadcrumb\":{\"@id\":\"https:\/\/dev.eliassen.nl\/de\/product\/weibliche-hindu-statue-dewi-stehend-150-cm-greenstone\/#breadcrumb\"},\"inLanguage\":\"de\",\"potentialAction\":[{\"@type\":\"ReadAction\",\"target\":[\"https:\/\/dev.eliassen.nl\/de\/product\/weibliche-hindu-statue-dewi-stehend-150-cm-greenstone\/\"]}]},{\"@type\":\"ImageObject\",\"inLanguage\":\"de\",\"@id\":\"https:\/\/dev.eliassen.nl\/de\/product\/weibliche-hindu-statue-dewi-stehend-150-cm-greenstone\/#primaryimage\",\"url\":\"https:\/\/dev.eliassen.nl\/wp-content\/uploads\/2024\/01\/mijnproject_186nd.png\",\"contentUrl\":\"https:\/\/dev.eliassen.nl\/wp-content\/uploads\/2024\/01\/mijnproject_186nd.png\",\"width\":666,\"height\":1000,\"caption\":\"Mijn project\"},{\"@type\":\"BreadcrumbList\",\"@id\":\"https:\/\/dev.eliassen.nl\/de\/product\/weibliche-hindu-statue-dewi-stehend-150-cm-greenstone\/#breadcrumb\",\"itemListElement\":[{\"@type\":\"ListItem\",\"position\":1,\"name\":\"Home\",\"item\":\"https:\/\/dev.eliassen.nl\/de\/\"},{\"@type\":\"ListItem\",\"position\":2,\"name\":\"Shop\",\"item\":\"https:\/\/dev.eliassen.nl\/nl\/winkel\/\"},{\"@type\":\"ListItem\",\"position\":3,\"name\":\"Statuen-Skulpturen\",\"item\":\"https:\/\/dev.eliassen.nl\/de\/statuen-skulpturen\/\"},{\"@type\":\"ListItem\",\"position\":4,\"name\":\"Betonstatuen\",\"item\":\"https:\/\/dev.eliassen.nl\/de\/bilder\/betonstatuen\/\"},{\"@type\":\"ListItem\",\"position\":5,\"name\":\"Weibliche Hindu-Statue Dewi stehend 150 cm aus Gr\u00fcnstein\"}]},{\"@type\":\"WebSite\",\"@id\":\"https:\/\/dev.eliassen.nl\/de\/#website\",\"url\":\"https:\/\/dev.eliassen.nl\/de\/\",\"name\":\"Eliassen Home & Garden Pleasure\",\"description\":\"\",\"publisher\":{\"@id\":\"https:\/\/dev.eliassen.nl\/de\/#organization\"},\"alternateName\":\"Eliassen.nl\",\"potentialAction\":[{\"@type\":\"SearchAction\",\"target\":{\"@type\":\"EntryPoint\",\"urlTemplate\":\"https:\/\/dev.eliassen.nl\/de\/?s={search_term_string}\"},\"query-input\":{\"@type\":\"PropertyValueSpecification\",\"valueRequired\":true,\"valueName\":\"search_term_string\"}}],\"inLanguage\":\"de\"},{\"@type\":\"Organization\",\"@id\":\"https:\/\/dev.eliassen.nl\/de\/#organization\",\"name\":\"Eliassen Home & Garden Pleasure\",\"url\":\"https:\/\/dev.eliassen.nl\/de\/\",\"logo\":{\"@type\":\"ImageObject\",\"inLanguage\":\"de\",\"@id\":\"https:\/\/dev.eliassen.nl\/de\/#\/schema\/logo\/image\/\",\"url\":\"https:\/\/www.eliassen.nl\/wp-content\/uploads\/2024\/01\/logo_4nd.jpg\",\"contentUrl\":\"https:\/\/www.eliassen.nl\/wp-content\/uploads\/2024\/01\/logo_4nd.jpg\",\"width\":500,\"height\":500,\"caption\":\"Eliassen Home & Garden Pleasure\"},\"image\":{\"@id\":\"https:\/\/dev.eliassen.nl\/de\/#\/schema\/logo\/image\/\"},\"sameAs\":[\"https:\/\/www.facebook.com\/TuincentrumEliassenAmmerzoden\",\"https:\/\/www.instagram.com\/eliassenhomeandgarden\/\",\"https:\/\/nl.pinterest.com\/eliassenhomeandgarden\/\",\"https:\/\/www.youtube.com\/@eliassenhomegardenpleasure4558\"]}]}<\/script>\n<!-- \/ Yoast SEO plugin. -->","yoast_head_json":{"title":"Stehende weibliche Hindu-Statue | 150cm | Gr\u00fcnstein | Eliassen.nl","description":"Eine wundersch\u00f6ne weibliche Hindu-Statue aus gr\u00fcnem Stein. Ein witterungsbest\u00e4ndiger Naturstein. F\u00fcr den Garten, aber auch f\u00fcr drau\u00dfen. \u221a LIVE ansehen!","robots":{"index":"noindex","follow":"follow","max-snippet":"max-snippet:-1","max-image-preview":"max-image-preview:large","max-video-preview":"max-video-preview:-1"},"og_locale":"de_DE","og_type":"article","og_title":"Stehende weibliche Hindu-Statue | 150cm | Gr\u00fcnstein | Eliassen.nl","og_description":"Eine wundersch\u00f6ne weibliche Hindu-Statue aus gr\u00fcnem Stein. Ein witterungsbest\u00e4ndiger Naturstein. F\u00fcr den Garten, aber auch f\u00fcr drau\u00dfen. \u221a LIVE ansehen!","og_url":"https:\/\/dev.eliassen.nl\/de\/product\/weibliche-hindu-statue-dewi-stehend-150-cm-greenstone\/","og_site_name":"Eliassen.nl","article_publisher":"https:\/\/www.facebook.com\/TuincentrumEliassenAmmerzoden","article_modified_time":"2024-12-05T15:01:35+00:00","og_image":[{"width":666,"height":1000,"url":"https:\/\/dev.eliassen.nl\/wp-content\/uploads\/2024\/01\/mijnproject_186nd.png","type":"image\/png"}],"twitter_card":"summary_large_image","schema":{"@context":"https:\/\/schema.org","@graph":[{"@type":"WebPage","@id":"https:\/\/dev.eliassen.nl\/de\/product\/weibliche-hindu-statue-dewi-stehend-150-cm-greenstone\/","url":"https:\/\/dev.eliassen.nl\/de\/product\/weibliche-hindu-statue-dewi-stehend-150-cm-greenstone\/","name":"Stehende weibliche Hindu-Statue | 150cm | Gr\u00fcnstein | Eliassen.nl","isPartOf":{"@id":"https:\/\/dev.eliassen.nl\/de\/#website"},"primaryImageOfPage":{"@id":"https:\/\/dev.eliassen.nl\/de\/product\/weibliche-hindu-statue-dewi-stehend-150-cm-greenstone\/#primaryimage"},"image":{"@id":"https:\/\/dev.eliassen.nl\/de\/product\/weibliche-hindu-statue-dewi-stehend-150-cm-greenstone\/#primaryimage"},"thumbnailUrl":"https:\/\/dev.eliassen.nl\/wp-content\/uploads\/2024\/01\/mijnproject_186nd.png","datePublished":"2022-04-22T14:24:35+00:00","dateModified":"2024-12-05T15:01:35+00:00","description":"Eine wundersch\u00f6ne weibliche Hindu-Statue aus gr\u00fcnem Stein. Ein witterungsbest\u00e4ndiger Naturstein. F\u00fcr den Garten, aber auch f\u00fcr drau\u00dfen. \u221a LIVE ansehen!","breadcrumb":{"@id":"https:\/\/dev.eliassen.nl\/de\/product\/weibliche-hindu-statue-dewi-stehend-150-cm-greenstone\/#breadcrumb"},"inLanguage":"de","potentialAction":[{"@type":"ReadAction","target":["https:\/\/dev.eliassen.nl\/de\/product\/weibliche-hindu-statue-dewi-stehend-150-cm-greenstone\/"]}]},{"@type":"ImageObject","inLanguage":"de","@id":"https:\/\/dev.eliassen.nl\/de\/product\/weibliche-hindu-statue-dewi-stehend-150-cm-greenstone\/#primaryimage","url":"https:\/\/dev.eliassen.nl\/wp-content\/uploads\/2024\/01\/mijnproject_186nd.png","contentUrl":"https:\/\/dev.eliassen.nl\/wp-content\/uploads\/2024\/01\/mijnproject_186nd.png","width":666,"height":1000,"caption":"Mijn project"},{"@type":"BreadcrumbList","@id":"https:\/\/dev.eliassen.nl\/de\/product\/weibliche-hindu-statue-dewi-stehend-150-cm-greenstone\/#breadcrumb","itemListElement":[{"@type":"ListItem","position":1,"name":"Home","item":"https:\/\/dev.eliassen.nl\/de\/"},{"@type":"ListItem","position":2,"name":"Shop","item":"https:\/\/dev.eliassen.nl\/nl\/winkel\/"},{"@type":"ListItem","position":3,"name":"Statuen-Skulpturen","item":"https:\/\/dev.eliassen.nl\/de\/statuen-skulpturen\/"},{"@type":"ListItem","position":4,"name":"Betonstatuen","item":"https:\/\/dev.eliassen.nl\/de\/bilder\/betonstatuen\/"},{"@type":"ListItem","position":5,"name":"Weibliche Hindu-Statue Dewi stehend 150 cm aus Gr\u00fcnstein"}]},{"@type":"WebSite","@id":"https:\/\/dev.eliassen.nl\/de\/#website","url":"https:\/\/dev.eliassen.nl\/de\/","name":"Eliassen Home & Garden Pleasure","description":"","publisher":{"@id":"https:\/\/dev.eliassen.nl\/de\/#organization"},"alternateName":"Eliassen.nl","potentialAction":[{"@type":"SearchAction","target":{"@type":"EntryPoint","urlTemplate":"https:\/\/dev.eliassen.nl\/de\/?s={search_term_string}"},"query-input":{"@type":"PropertyValueSpecification","valueRequired":true,"valueName":"search_term_string"}}],"inLanguage":"de"},{"@type":"Organization","@id":"https:\/\/dev.eliassen.nl\/de\/#organization","name":"Eliassen Home & Garden Pleasure","url":"https:\/\/dev.eliassen.nl\/de\/","logo":{"@type":"ImageObject","inLanguage":"de","@id":"https:\/\/dev.eliassen.nl\/de\/#\/schema\/logo\/image\/","url":"https:\/\/www.eliassen.nl\/wp-content\/uploads\/2024\/01\/logo_4nd.jpg","contentUrl":"https:\/\/www.eliassen.nl\/wp-content\/uploads\/2024\/01\/logo_4nd.jpg","width":500,"height":500,"caption":"Eliassen Home & Garden Pleasure"},"image":{"@id":"https:\/\/dev.eliassen.nl\/de\/#\/schema\/logo\/image\/"},"sameAs":["https:\/\/www.facebook.com\/TuincentrumEliassenAmmerzoden","https:\/\/www.instagram.com\/eliassenhomeandgarden\/","https:\/\/nl.pinterest.com\/eliassenhomeandgarden\/","https:\/\/www.youtube.com\/@eliassenhomegardenpleasure4558"]}]}},"df_price":1035,"df_sale_price":"","df_regular_price":1035,"df_image_link":"https:\/\/dev.eliassen.nl\/wp-content\/uploads\/2024\/01\/mijnproject_186nd.png","image":"https:\/\/dev.eliassen.nl\/wp-content\/uploads\/2024\/01\/mijnproject_186nd.png","price_search":"<span class=\"woocommerce-Price-amount amount\"><bdi><span class=\"woocommerce-Price-currencySymbol\">&euro;<\/span>&nbsp;1.035,00<\/bdi><\/span>","category":"Betonstatuen","_links":{"self":[{"href":"https:\/\/dev.eliassen.nl\/de\/wp-json\/wp\/v2\/product\/71083","targetHints":{"allow":["GET"]}}],"collection":[{"href":"https:\/\/dev.eliassen.nl\/de\/wp-json\/wp\/v2\/product"}],"about":[{"href":"https:\/\/dev.eliassen.nl\/de\/wp-json\/wp\/v2\/types\/product"}],"wp:featuredmedia":[{"embeddable":true,"href":"https:\/\/dev.eliassen.nl\/de\/wp-json\/wp\/v2\/media\/71074"}],"wp:attachment":[{"href":"https:\/\/dev.eliassen.nl\/de\/wp-json\/wp\/v2\/media?parent=71083"}],"wp:term":[{"taxonomy":"product_brand","embeddable":true,"href":"https:\/\/dev.eliassen.nl\/de\/wp-json\/wp\/v2\/product_brand?post=71083"},{"taxonomy":"product_cat","embeddable":true,"href":"https:\/\/dev.eliassen.nl\/de\/wp-json\/wp\/v2\/product_cat?post=71083"},{"taxonomy":"product_tag","embeddable":true,"href":"https:\/\/dev.eliassen.nl\/de\/wp-json\/wp\/v2\/product_tag?post=71083"}],"curies":[{"name":"wp","href":"https:\/\/api.w.org\/{rel}","templated":true}]}}