{"id":71416,"date":"2022-04-28T11:33:27","date_gmt":"2022-04-28T09:33:27","guid":{"rendered":"https:\/\/www.eliassen.nl\/?product=wandklok-rond-zwart-goud-greenwich-pm-40cm"},"modified":"2024-12-05T16:02:15","modified_gmt":"2024-12-05T15:02:15","slug":"wanduhr-rund-schwarzgold-greenwich-pm-o-40cm","status":"publish","type":"product","link":"https:\/\/dev.eliassen.nl\/de\/product\/wanduhr-rund-schwarzgold-greenwich-pm-o-40cm\/","title":{"rendered":"Wanduhr rund Schwarz\/Gold Greenwich PM \u00d8 40cm"},"content":{"rendered":"<p>Sehen Sie es schon an Ihrer Wand h\u00e4ngen? Diese sehr klassische und dennoch moderne Wanduhr der englischen Marke Thomas Kent.<br \/>Es handelt sich jeweils um wundersch\u00f6ne, hochwertige Zeitmesser f\u00fcr die Wand.<\/p>\n<p>Diese sch\u00f6ne runde Wanduhr wird eine Bereicherung f\u00fcr Ihr Zuhause oder Ihre Arbeitsumgebung sein.<br \/>Die schlanken Formen dieser runden Wanduhr in Kombination mit dem schwarzen Hintergrund und dem konvexen Glas sorgen daf\u00fcr, dass diese Wanduhr in jedes Interieur passt.<\/p>\n<p>Das Uhrwerk der Wanduhr besteht aus einem guten Antrieb mit Quarzkristall, um den Sie sich kaum Sorgen machen m\u00fcssen.<\/p>\n<p>Diese Serie von Wanduhren macht wenig L\u00e4rm. Dadurch sind diese Wanduhren ideal f\u00fcr das Schlafzimmer oder den B\u00fcroarbeitsplatz.<\/p>\n<p>Wir k\u00f6nnen mit Stolz sagen, dass wir der gr\u00f6\u00dfte H\u00e4ndler dieser Wanduhrenserie in den Niederlanden sind und die gesamte Thomas-Kent-Serie in unserem Gesch\u00e4ft ausgestellt haben.<\/p>\n<p>Kommen Sie also gerne in unser Gesch\u00e4ft, um sich diese Uhrenserie anzusehen.<\/p>\n<ul>\n<li>Gr\u00f6\u00dfe: 40 cm. Durchmesser und 8,3 cm. Dicke<\/li>\n<li>Hintergrundfarbe: Schwarz.<\/li>\n<li>Rahmenfarbe: Gold.<\/li>\n<li>Material: Stahl.<\/li>\n<li>Glasform: konvex.<\/li>\n<li>Stil der Uhr: l\u00e4ndlich, modern und industriell.<\/li>\n<li>Garantie: 2 Jahre<\/li>\n<li>Zeigerfarbe: Gold.<\/li>\n<li>Verpackt im stabilen Karton.<\/li>\n<\/ul>\n","protected":false},"excerpt":{"rendered":"<p>Sehen Sie es schon an Ihrer Wand h\u00e4ngen? Diese sehr klassische und dennoch moderne Wanduhr der englischen Marke Thomas Kent.Es handelt sich jeweils um wundersch\u00f6ne, hochwertige Zeitmesser f\u00fcr die Wand. Diese sch\u00f6ne runde Wanduhr wird eine Bereicherung f\u00fcr Ihr Zuhause oder Ihre Arbeitsumgebung sein.Die schlanken Formen dieser runden Wanduhr in Kombination mit dem schwarzen Hintergrund &hellip;<\/p>\n","protected":false},"featured_media":71410,"template":"","meta":{"_acf_changed":false},"product_brand":[6944],"product_cat":[1283,509,521],"product_tag":[],"class_list":{"0":"post-71416","1":"product","2":"type-product","3":"status-publish","4":"has-post-thumbnail","6":"product_brand-thomas-kent-de","7":"product_cat-thomas-kent-glocken","8":"product_cat-wanddekoration","9":"product_cat-wanduhren","11":"first","12":"instock","13":"taxable","14":"shipping-taxable","15":"purchasable","16":"product-type-simple"},"acf":[],"yoast_head":"<!-- This site is optimized with the Yoast SEO plugin v23.8 - https:\/\/yoast.com\/wordpress\/plugins\/seo\/ -->\n<title>Wanduhr Rund Schwarz\/Gold Greenwich PM \u00d8 40cm<\/title>\n<meta name=\"description\" content=\"M\u00f6chten Sie eine Wanduhr von Thomas Kent kaufen? Eliassen bietet Ihnen eine gro\u00dfe Auswahl an Wanduhren zu guten Preisen. Sie sind herzlich willkommen in unse...\" \/>\n<meta name=\"robots\" content=\"noindex, follow, max-snippet:-1, max-image-preview:large, max-video-preview:-1\" \/>\n<meta property=\"og:locale\" content=\"de_DE\" \/>\n<meta property=\"og:type\" content=\"article\" \/>\n<meta property=\"og:title\" content=\"Wanduhr Rund Schwarz\/Gold Greenwich PM \u00d8 40cm\" \/>\n<meta property=\"og:description\" content=\"M\u00f6chten Sie eine Wanduhr von Thomas Kent kaufen? Eliassen bietet Ihnen eine gro\u00dfe Auswahl an Wanduhren zu guten Preisen. Sie sind herzlich willkommen in unse...\" \/>\n<meta property=\"og:url\" content=\"https:\/\/dev.eliassen.nl\/de\/product\/wanduhr-rund-schwarzgold-greenwich-pm-o-40cm\/\" \/>\n<meta property=\"og:site_name\" content=\"Eliassen.nl\" \/>\n<meta property=\"article:publisher\" content=\"https:\/\/www.facebook.com\/TuincentrumEliassenAmmerzoden\" \/>\n<meta property=\"article:modified_time\" content=\"2024-12-05T15:02:15+00:00\" \/>\n<meta property=\"og:image\" content=\"https:\/\/dev.eliassen.nl\/wp-content\/uploads\/2024\/01\/778862greenwicheveninggold.jpg\" \/>\n\t<meta property=\"og:image:width\" content=\"1181\" \/>\n\t<meta property=\"og:image:height\" content=\"1181\" \/>\n\t<meta property=\"og:image:type\" content=\"image\/jpeg\" \/>\n<meta name=\"twitter:card\" content=\"summary_large_image\" \/>\n<script type=\"application\/ld+json\" class=\"yoast-schema-graph\">{\"@context\":\"https:\/\/schema.org\",\"@graph\":[{\"@type\":\"WebPage\",\"@id\":\"https:\/\/dev.eliassen.nl\/de\/product\/wanduhr-rund-schwarzgold-greenwich-pm-o-40cm\/\",\"url\":\"https:\/\/dev.eliassen.nl\/de\/product\/wanduhr-rund-schwarzgold-greenwich-pm-o-40cm\/\",\"name\":\"Wanduhr Rund Schwarz\/Gold Greenwich PM \u00d8 40cm\",\"isPartOf\":{\"@id\":\"https:\/\/dev.eliassen.nl\/de\/#website\"},\"primaryImageOfPage\":{\"@id\":\"https:\/\/dev.eliassen.nl\/de\/product\/wanduhr-rund-schwarzgold-greenwich-pm-o-40cm\/#primaryimage\"},\"image\":{\"@id\":\"https:\/\/dev.eliassen.nl\/de\/product\/wanduhr-rund-schwarzgold-greenwich-pm-o-40cm\/#primaryimage\"},\"thumbnailUrl\":\"https:\/\/dev.eliassen.nl\/wp-content\/uploads\/2024\/01\/778862greenwicheveninggold.jpg\",\"datePublished\":\"2022-04-28T09:33:27+00:00\",\"dateModified\":\"2024-12-05T15:02:15+00:00\",\"description\":\"M\u00f6chten Sie eine Wanduhr von Thomas Kent kaufen? Eliassen bietet Ihnen eine gro\u00dfe Auswahl an Wanduhren zu guten Preisen. Sie sind herzlich willkommen in unse...\",\"breadcrumb\":{\"@id\":\"https:\/\/dev.eliassen.nl\/de\/product\/wanduhr-rund-schwarzgold-greenwich-pm-o-40cm\/#breadcrumb\"},\"inLanguage\":\"de\",\"potentialAction\":[{\"@type\":\"ReadAction\",\"target\":[\"https:\/\/dev.eliassen.nl\/de\/product\/wanduhr-rund-schwarzgold-greenwich-pm-o-40cm\/\"]}]},{\"@type\":\"ImageObject\",\"inLanguage\":\"de\",\"@id\":\"https:\/\/dev.eliassen.nl\/de\/product\/wanduhr-rund-schwarzgold-greenwich-pm-o-40cm\/#primaryimage\",\"url\":\"https:\/\/dev.eliassen.nl\/wp-content\/uploads\/2024\/01\/778862greenwicheveninggold.jpg\",\"contentUrl\":\"https:\/\/dev.eliassen.nl\/wp-content\/uploads\/2024\/01\/778862greenwicheveninggold.jpg\",\"width\":1181,\"height\":1181,\"caption\":\"778862 Greenwich Evening Gold\"},{\"@type\":\"BreadcrumbList\",\"@id\":\"https:\/\/dev.eliassen.nl\/de\/product\/wanduhr-rund-schwarzgold-greenwich-pm-o-40cm\/#breadcrumb\",\"itemListElement\":[{\"@type\":\"ListItem\",\"position\":1,\"name\":\"Home\",\"item\":\"https:\/\/dev.eliassen.nl\/de\/\"},{\"@type\":\"ListItem\",\"position\":2,\"name\":\"Shop\",\"item\":\"https:\/\/dev.eliassen.nl\/nl\/winkel\/\"},{\"@type\":\"ListItem\",\"position\":3,\"name\":\"Wanddekoration\",\"item\":\"https:\/\/dev.eliassen.nl\/de\/wanddekoration\/\"},{\"@type\":\"ListItem\",\"position\":4,\"name\":\"Wanduhren\",\"item\":\"https:\/\/dev.eliassen.nl\/de\/wanddekoration\/wanduhren\/\"},{\"@type\":\"ListItem\",\"position\":5,\"name\":\"Thomas-Kent-Glocken\",\"item\":\"https:\/\/dev.eliassen.nl\/de\/wanddekoration\/wanduhren\/thomas-kent-glocken\/\"},{\"@type\":\"ListItem\",\"position\":6,\"name\":\"Wanduhr rund Schwarz\/Gold Greenwich PM \u00d8 40cm\"}]},{\"@type\":\"WebSite\",\"@id\":\"https:\/\/dev.eliassen.nl\/de\/#website\",\"url\":\"https:\/\/dev.eliassen.nl\/de\/\",\"name\":\"Eliassen Home & Garden Pleasure\",\"description\":\"\",\"publisher\":{\"@id\":\"https:\/\/dev.eliassen.nl\/de\/#organization\"},\"alternateName\":\"Eliassen.nl\",\"potentialAction\":[{\"@type\":\"SearchAction\",\"target\":{\"@type\":\"EntryPoint\",\"urlTemplate\":\"https:\/\/dev.eliassen.nl\/de\/?s={search_term_string}\"},\"query-input\":{\"@type\":\"PropertyValueSpecification\",\"valueRequired\":true,\"valueName\":\"search_term_string\"}}],\"inLanguage\":\"de\"},{\"@type\":\"Organization\",\"@id\":\"https:\/\/dev.eliassen.nl\/de\/#organization\",\"name\":\"Eliassen Home & Garden Pleasure\",\"url\":\"https:\/\/dev.eliassen.nl\/de\/\",\"logo\":{\"@type\":\"ImageObject\",\"inLanguage\":\"de\",\"@id\":\"https:\/\/dev.eliassen.nl\/de\/#\/schema\/logo\/image\/\",\"url\":\"https:\/\/www.eliassen.nl\/wp-content\/uploads\/2024\/01\/logo_4nd.jpg\",\"contentUrl\":\"https:\/\/www.eliassen.nl\/wp-content\/uploads\/2024\/01\/logo_4nd.jpg\",\"width\":500,\"height\":500,\"caption\":\"Eliassen Home & Garden Pleasure\"},\"image\":{\"@id\":\"https:\/\/dev.eliassen.nl\/de\/#\/schema\/logo\/image\/\"},\"sameAs\":[\"https:\/\/www.facebook.com\/TuincentrumEliassenAmmerzoden\",\"https:\/\/www.instagram.com\/eliassenhomeandgarden\/\",\"https:\/\/nl.pinterest.com\/eliassenhomeandgarden\/\",\"https:\/\/www.youtube.com\/@eliassenhomegardenpleasure4558\"]}]}<\/script>\n<!-- \/ Yoast SEO plugin. -->","yoast_head_json":{"title":"Wanduhr Rund Schwarz\/Gold Greenwich PM \u00d8 40cm","description":"M\u00f6chten Sie eine Wanduhr von Thomas Kent kaufen? Eliassen bietet Ihnen eine gro\u00dfe Auswahl an Wanduhren zu guten Preisen. Sie sind herzlich willkommen in unse...","robots":{"index":"noindex","follow":"follow","max-snippet":"max-snippet:-1","max-image-preview":"max-image-preview:large","max-video-preview":"max-video-preview:-1"},"og_locale":"de_DE","og_type":"article","og_title":"Wanduhr Rund Schwarz\/Gold Greenwich PM \u00d8 40cm","og_description":"M\u00f6chten Sie eine Wanduhr von Thomas Kent kaufen? Eliassen bietet Ihnen eine gro\u00dfe Auswahl an Wanduhren zu guten Preisen. Sie sind herzlich willkommen in unse...","og_url":"https:\/\/dev.eliassen.nl\/de\/product\/wanduhr-rund-schwarzgold-greenwich-pm-o-40cm\/","og_site_name":"Eliassen.nl","article_publisher":"https:\/\/www.facebook.com\/TuincentrumEliassenAmmerzoden","article_modified_time":"2024-12-05T15:02:15+00:00","og_image":[{"width":1181,"height":1181,"url":"https:\/\/dev.eliassen.nl\/wp-content\/uploads\/2024\/01\/778862greenwicheveninggold.jpg","type":"image\/jpeg"}],"twitter_card":"summary_large_image","schema":{"@context":"https:\/\/schema.org","@graph":[{"@type":"WebPage","@id":"https:\/\/dev.eliassen.nl\/de\/product\/wanduhr-rund-schwarzgold-greenwich-pm-o-40cm\/","url":"https:\/\/dev.eliassen.nl\/de\/product\/wanduhr-rund-schwarzgold-greenwich-pm-o-40cm\/","name":"Wanduhr Rund Schwarz\/Gold Greenwich PM \u00d8 40cm","isPartOf":{"@id":"https:\/\/dev.eliassen.nl\/de\/#website"},"primaryImageOfPage":{"@id":"https:\/\/dev.eliassen.nl\/de\/product\/wanduhr-rund-schwarzgold-greenwich-pm-o-40cm\/#primaryimage"},"image":{"@id":"https:\/\/dev.eliassen.nl\/de\/product\/wanduhr-rund-schwarzgold-greenwich-pm-o-40cm\/#primaryimage"},"thumbnailUrl":"https:\/\/dev.eliassen.nl\/wp-content\/uploads\/2024\/01\/778862greenwicheveninggold.jpg","datePublished":"2022-04-28T09:33:27+00:00","dateModified":"2024-12-05T15:02:15+00:00","description":"M\u00f6chten Sie eine Wanduhr von Thomas Kent kaufen? Eliassen bietet Ihnen eine gro\u00dfe Auswahl an Wanduhren zu guten Preisen. Sie sind herzlich willkommen in unse...","breadcrumb":{"@id":"https:\/\/dev.eliassen.nl\/de\/product\/wanduhr-rund-schwarzgold-greenwich-pm-o-40cm\/#breadcrumb"},"inLanguage":"de","potentialAction":[{"@type":"ReadAction","target":["https:\/\/dev.eliassen.nl\/de\/product\/wanduhr-rund-schwarzgold-greenwich-pm-o-40cm\/"]}]},{"@type":"ImageObject","inLanguage":"de","@id":"https:\/\/dev.eliassen.nl\/de\/product\/wanduhr-rund-schwarzgold-greenwich-pm-o-40cm\/#primaryimage","url":"https:\/\/dev.eliassen.nl\/wp-content\/uploads\/2024\/01\/778862greenwicheveninggold.jpg","contentUrl":"https:\/\/dev.eliassen.nl\/wp-content\/uploads\/2024\/01\/778862greenwicheveninggold.jpg","width":1181,"height":1181,"caption":"778862 Greenwich Evening Gold"},{"@type":"BreadcrumbList","@id":"https:\/\/dev.eliassen.nl\/de\/product\/wanduhr-rund-schwarzgold-greenwich-pm-o-40cm\/#breadcrumb","itemListElement":[{"@type":"ListItem","position":1,"name":"Home","item":"https:\/\/dev.eliassen.nl\/de\/"},{"@type":"ListItem","position":2,"name":"Shop","item":"https:\/\/dev.eliassen.nl\/nl\/winkel\/"},{"@type":"ListItem","position":3,"name":"Wanddekoration","item":"https:\/\/dev.eliassen.nl\/de\/wanddekoration\/"},{"@type":"ListItem","position":4,"name":"Wanduhren","item":"https:\/\/dev.eliassen.nl\/de\/wanddekoration\/wanduhren\/"},{"@type":"ListItem","position":5,"name":"Thomas-Kent-Glocken","item":"https:\/\/dev.eliassen.nl\/de\/wanddekoration\/wanduhren\/thomas-kent-glocken\/"},{"@type":"ListItem","position":6,"name":"Wanduhr rund Schwarz\/Gold Greenwich PM \u00d8 40cm"}]},{"@type":"WebSite","@id":"https:\/\/dev.eliassen.nl\/de\/#website","url":"https:\/\/dev.eliassen.nl\/de\/","name":"Eliassen Home & Garden Pleasure","description":"","publisher":{"@id":"https:\/\/dev.eliassen.nl\/de\/#organization"},"alternateName":"Eliassen.nl","potentialAction":[{"@type":"SearchAction","target":{"@type":"EntryPoint","urlTemplate":"https:\/\/dev.eliassen.nl\/de\/?s={search_term_string}"},"query-input":{"@type":"PropertyValueSpecification","valueRequired":true,"valueName":"search_term_string"}}],"inLanguage":"de"},{"@type":"Organization","@id":"https:\/\/dev.eliassen.nl\/de\/#organization","name":"Eliassen Home & Garden Pleasure","url":"https:\/\/dev.eliassen.nl\/de\/","logo":{"@type":"ImageObject","inLanguage":"de","@id":"https:\/\/dev.eliassen.nl\/de\/#\/schema\/logo\/image\/","url":"https:\/\/www.eliassen.nl\/wp-content\/uploads\/2024\/01\/logo_4nd.jpg","contentUrl":"https:\/\/www.eliassen.nl\/wp-content\/uploads\/2024\/01\/logo_4nd.jpg","width":500,"height":500,"caption":"Eliassen Home & Garden Pleasure"},"image":{"@id":"https:\/\/dev.eliassen.nl\/de\/#\/schema\/logo\/image\/"},"sameAs":["https:\/\/www.facebook.com\/TuincentrumEliassenAmmerzoden","https:\/\/www.instagram.com\/eliassenhomeandgarden\/","https:\/\/nl.pinterest.com\/eliassenhomeandgarden\/","https:\/\/www.youtube.com\/@eliassenhomegardenpleasure4558"]}]}},"df_price":85.5,"df_sale_price":"","df_regular_price":85.5,"df_image_link":"https:\/\/dev.eliassen.nl\/wp-content\/uploads\/2024\/01\/778862greenwicheveninggold.jpg","image":"https:\/\/dev.eliassen.nl\/wp-content\/uploads\/2024\/01\/778862greenwicheveninggold.jpg","price_search":"<span class=\"woocommerce-Price-amount amount\"><bdi><span class=\"woocommerce-Price-currencySymbol\">&euro;<\/span>&nbsp;85,50<\/bdi><\/span>","category":"Thomas-Kent-Glocken","_links":{"self":[{"href":"https:\/\/dev.eliassen.nl\/de\/wp-json\/wp\/v2\/product\/71416","targetHints":{"allow":["GET"]}}],"collection":[{"href":"https:\/\/dev.eliassen.nl\/de\/wp-json\/wp\/v2\/product"}],"about":[{"href":"https:\/\/dev.eliassen.nl\/de\/wp-json\/wp\/v2\/types\/product"}],"wp:featuredmedia":[{"embeddable":true,"href":"https:\/\/dev.eliassen.nl\/de\/wp-json\/wp\/v2\/media\/71410"}],"wp:attachment":[{"href":"https:\/\/dev.eliassen.nl\/de\/wp-json\/wp\/v2\/media?parent=71416"}],"wp:term":[{"taxonomy":"product_brand","embeddable":true,"href":"https:\/\/dev.eliassen.nl\/de\/wp-json\/wp\/v2\/product_brand?post=71416"},{"taxonomy":"product_cat","embeddable":true,"href":"https:\/\/dev.eliassen.nl\/de\/wp-json\/wp\/v2\/product_cat?post=71416"},{"taxonomy":"product_tag","embeddable":true,"href":"https:\/\/dev.eliassen.nl\/de\/wp-json\/wp\/v2\/product_tag?post=71416"}],"curies":[{"name":"wp","href":"https:\/\/api.w.org\/{rel}","templated":true}]}}