{"id":71680,"date":"2022-04-28T11:34:28","date_gmt":"2022-04-28T09:34:28","guid":{"rendered":"https:\/\/www.eliassen.nl\/?product=wandklok-rond-wit-zwart-clocksmith-l-53cm"},"modified":"2024-12-05T16:02:44","modified_gmt":"2024-12-05T15:02:44","slug":"wanduhr-rund-weissschwarz-clocksmith-l-o-53cm","status":"publish","type":"product","link":"https:\/\/dev.eliassen.nl\/de\/wanduhr-rund-weissschwarz-clocksmith-l-o-53cm\/","title":{"rendered":"Wanduhr rund wei\u00df\/schwarz Clocksmith L \u00d8 53cm"},"content":{"rendered":"<p>Diese Wanduhr der englischen Marke Thomas Kent ist eine sehr moderne Uhr mit klassischem Look.<br \/>Es handelt sich jeweils um wundersch\u00f6ne, hochwertige Zeitmesser f\u00fcr die Wand.<\/p>\n<p>Diese sch\u00f6ne runde Wanduhr wird eine Bereicherung f\u00fcr Ihr Zuhause oder Ihre Arbeitsumgebung sein.<br \/>Die schlanke Form dieser runden Wanduhr in Kombination mit dem wei\u00dfen Hintergrund und dem flachen Glas sorgt daf\u00fcr, dass diese Wanduhr in jedes Interieur passt.<\/p>\n<p>Das Uhrwerk der Wanduhr besteht aus einem guten Antrieb mit Quarzkristall, um den Sie sich kaum Sorgen machen m\u00fcssen.<\/p>\n<p>Diese Wanduhrenserie macht keinen Ton. Dadurch sind diese Wanduhren ideal f\u00fcr das Schlafzimmer oder den B\u00fcroarbeitsplatz.<\/p>\n<p>Diese Modelluhr (Clocksmith) ist in drei Modellen und jeweils vier Gr\u00f6\u00dfen erh\u00e4ltlich.<\/p>\n<p>Wir k\u00f6nnen mit Stolz sagen, dass wir der gr\u00f6\u00dfte H\u00e4ndler dieser Wanduhrenserie in den Niederlanden sind und die gesamte Thomas-Kent-Serie in unserem Gesch\u00e4ft ausgestellt haben.<\/p>\n<p>Kommen Sie also gerne in unser Gesch\u00e4ft, um sich diese Uhrenserie anzusehen.<\/p>\n<ul>\n<li>Gr\u00f6\u00dfe: 53 cm Durchmesser und 6 cm. fett<\/li>\n<li>Hintergrundfarbe: Wei\u00df.<\/li>\n<li>Rahmenfarbe: Schwarz.<\/li>\n<li>Material: Stahl.<\/li>\n<li>Glasform: flach.<\/li>\n<li>Stil der Uhr: l\u00e4ndlich, modern und industriell.<\/li>\n<li>Garantie: 2 Jahre<\/li>\n<li>Zeigerfarbe: Silber.<\/li>\n<li>Verpackt im stabilen Karton.<\/li>\n<li>Tats\u00e4chliches Gewicht: 3,5 kg<\/li>\n<\/ul>\n","protected":false},"excerpt":{"rendered":"<p>Diese Wanduhr der englischen Marke Thomas Kent ist eine sehr moderne Uhr mit klassischem Look.Es handelt sich jeweils um wundersch\u00f6ne, hochwertige Zeitmesser f\u00fcr die Wand. Diese sch\u00f6ne runde Wanduhr wird eine Bereicherung f\u00fcr Ihr Zuhause oder Ihre Arbeitsumgebung sein.Die schlanke Form dieser runden Wanduhr in Kombination mit dem wei\u00dfen Hintergrund und dem flachen Glas sorgt &hellip;<\/p>\n","protected":false},"featured_media":71674,"template":"","meta":{"_acf_changed":false},"product_brand":[6944],"product_cat":[1283,509,521],"product_tag":[],"class_list":{"0":"post-71680","1":"product","2":"type-product","3":"status-publish","4":"has-post-thumbnail","6":"product_brand-thomas-kent-de","7":"product_cat-thomas-kent-glocken","8":"product_cat-wanddekoration","9":"product_cat-wanduhren","11":"first","12":"instock","13":"taxable","14":"shipping-taxable","15":"purchasable","16":"product-type-simple"},"acf":[],"yoast_head":"<!-- This site is optimized with the Yoast SEO plugin v23.8 - https:\/\/yoast.com\/wordpress\/plugins\/seo\/ -->\n<title>Wanduhr rund wei\u00df\/schwarz Clocksmith L \u00d8 53cm<\/title>\n<meta name=\"description\" content=\"M\u00f6chten Sie eine Wanduhr von Thomas Kent kaufen? Eliassen bietet Ihnen eine gro\u00dfe Kollektion an Wanduhren zu guten Preisen. Sie sind in unserem Ausstellungsr...\" \/>\n<meta name=\"robots\" content=\"noindex, follow, max-snippet:-1, max-image-preview:large, max-video-preview:-1\" \/>\n<meta property=\"og:locale\" content=\"de_DE\" \/>\n<meta property=\"og:type\" content=\"article\" \/>\n<meta property=\"og:title\" content=\"Wanduhr rund wei\u00df\/schwarz Clocksmith L \u00d8 53cm\" \/>\n<meta property=\"og:description\" content=\"M\u00f6chten Sie eine Wanduhr von Thomas Kent kaufen? Eliassen bietet Ihnen eine gro\u00dfe Kollektion an Wanduhren zu guten Preisen. Sie sind in unserem Ausstellungsr...\" \/>\n<meta property=\"og:url\" content=\"https:\/\/dev.eliassen.nl\/de\/wanduhr-rund-weissschwarz-clocksmith-l-o-53cm\/\" \/>\n<meta property=\"og:site_name\" content=\"Eliassen.nl\" \/>\n<meta property=\"article:publisher\" content=\"https:\/\/www.facebook.com\/TuincentrumEliassenAmmerzoden\" \/>\n<meta property=\"article:modified_time\" content=\"2024-12-05T15:02:44+00:00\" \/>\n<meta property=\"og:image\" content=\"https:\/\/dev.eliassen.nl\/wp-content\/uploads\/2024\/01\/778886clocksmithmidnight.jpg\" \/>\n\t<meta property=\"og:image:width\" content=\"1181\" \/>\n\t<meta property=\"og:image:height\" content=\"1181\" \/>\n\t<meta property=\"og:image:type\" content=\"image\/jpeg\" \/>\n<meta name=\"twitter:card\" content=\"summary_large_image\" \/>\n<script type=\"application\/ld+json\" class=\"yoast-schema-graph\">{\"@context\":\"https:\/\/schema.org\",\"@graph\":[{\"@type\":\"WebPage\",\"@id\":\"https:\/\/dev.eliassen.nl\/de\/wanduhr-rund-weissschwarz-clocksmith-l-o-53cm\/\",\"url\":\"https:\/\/dev.eliassen.nl\/de\/wanduhr-rund-weissschwarz-clocksmith-l-o-53cm\/\",\"name\":\"Wanduhr rund wei\u00df\/schwarz Clocksmith L \u00d8 53cm\",\"isPartOf\":{\"@id\":\"https:\/\/dev.eliassen.nl\/de\/#website\"},\"primaryImageOfPage\":{\"@id\":\"https:\/\/dev.eliassen.nl\/de\/wanduhr-rund-weissschwarz-clocksmith-l-o-53cm\/#primaryimage\"},\"image\":{\"@id\":\"https:\/\/dev.eliassen.nl\/de\/wanduhr-rund-weissschwarz-clocksmith-l-o-53cm\/#primaryimage\"},\"thumbnailUrl\":\"https:\/\/dev.eliassen.nl\/wp-content\/uploads\/2024\/01\/778886clocksmithmidnight.jpg\",\"datePublished\":\"2022-04-28T09:34:28+00:00\",\"dateModified\":\"2024-12-05T15:02:44+00:00\",\"description\":\"M\u00f6chten Sie eine Wanduhr von Thomas Kent kaufen? Eliassen bietet Ihnen eine gro\u00dfe Kollektion an Wanduhren zu guten Preisen. Sie sind in unserem Ausstellungsr...\",\"breadcrumb\":{\"@id\":\"https:\/\/dev.eliassen.nl\/de\/wanduhr-rund-weissschwarz-clocksmith-l-o-53cm\/#breadcrumb\"},\"inLanguage\":\"de\",\"potentialAction\":[{\"@type\":\"ReadAction\",\"target\":[\"https:\/\/dev.eliassen.nl\/de\/wanduhr-rund-weissschwarz-clocksmith-l-o-53cm\/\"]}]},{\"@type\":\"ImageObject\",\"inLanguage\":\"de\",\"@id\":\"https:\/\/dev.eliassen.nl\/de\/wanduhr-rund-weissschwarz-clocksmith-l-o-53cm\/#primaryimage\",\"url\":\"https:\/\/dev.eliassen.nl\/wp-content\/uploads\/2024\/01\/778886clocksmithmidnight.jpg\",\"contentUrl\":\"https:\/\/dev.eliassen.nl\/wp-content\/uploads\/2024\/01\/778886clocksmithmidnight.jpg\",\"width\":1181,\"height\":1181,\"caption\":\"778886 Clocksmith Midnight\"},{\"@type\":\"BreadcrumbList\",\"@id\":\"https:\/\/dev.eliassen.nl\/de\/wanduhr-rund-weissschwarz-clocksmith-l-o-53cm\/#breadcrumb\",\"itemListElement\":[{\"@type\":\"ListItem\",\"position\":1,\"name\":\"Home\",\"item\":\"https:\/\/dev.eliassen.nl\/de\/\"},{\"@type\":\"ListItem\",\"position\":2,\"name\":\"Shop\",\"item\":\"https:\/\/dev.eliassen.nl\/nl\/winkel\/\"},{\"@type\":\"ListItem\",\"position\":3,\"name\":\"Wanddekoration\",\"item\":\"https:\/\/dev.eliassen.nl\/de\/wanddekoration\/\"},{\"@type\":\"ListItem\",\"position\":4,\"name\":\"Wanduhren\",\"item\":\"https:\/\/dev.eliassen.nl\/de\/wanddekoration\/wanduhren\/\"},{\"@type\":\"ListItem\",\"position\":5,\"name\":\"Thomas-Kent-Glocken\",\"item\":\"https:\/\/dev.eliassen.nl\/de\/wanddekoration\/wanduhren\/thomas-kent-glocken\/\"},{\"@type\":\"ListItem\",\"position\":6,\"name\":\"Wanduhr rund wei\u00df\/schwarz Clocksmith L \u00d8 53cm\"}]},{\"@type\":\"WebSite\",\"@id\":\"https:\/\/dev.eliassen.nl\/de\/#website\",\"url\":\"https:\/\/dev.eliassen.nl\/de\/\",\"name\":\"Eliassen Home & Garden Pleasure\",\"description\":\"\",\"publisher\":{\"@id\":\"https:\/\/dev.eliassen.nl\/de\/#organization\"},\"alternateName\":\"Eliassen.nl\",\"potentialAction\":[{\"@type\":\"SearchAction\",\"target\":{\"@type\":\"EntryPoint\",\"urlTemplate\":\"https:\/\/dev.eliassen.nl\/de\/?s={search_term_string}\"},\"query-input\":{\"@type\":\"PropertyValueSpecification\",\"valueRequired\":true,\"valueName\":\"search_term_string\"}}],\"inLanguage\":\"de\"},{\"@type\":\"Organization\",\"@id\":\"https:\/\/dev.eliassen.nl\/de\/#organization\",\"name\":\"Eliassen Home & Garden Pleasure\",\"url\":\"https:\/\/dev.eliassen.nl\/de\/\",\"logo\":{\"@type\":\"ImageObject\",\"inLanguage\":\"de\",\"@id\":\"https:\/\/dev.eliassen.nl\/de\/#\/schema\/logo\/image\/\",\"url\":\"https:\/\/www.eliassen.nl\/wp-content\/uploads\/2024\/01\/logo_4nd.jpg\",\"contentUrl\":\"https:\/\/www.eliassen.nl\/wp-content\/uploads\/2024\/01\/logo_4nd.jpg\",\"width\":500,\"height\":500,\"caption\":\"Eliassen Home & Garden Pleasure\"},\"image\":{\"@id\":\"https:\/\/dev.eliassen.nl\/de\/#\/schema\/logo\/image\/\"},\"sameAs\":[\"https:\/\/www.facebook.com\/TuincentrumEliassenAmmerzoden\",\"https:\/\/www.instagram.com\/eliassenhomeandgarden\/\",\"https:\/\/nl.pinterest.com\/eliassenhomeandgarden\/\",\"https:\/\/www.youtube.com\/@eliassenhomegardenpleasure4558\"]}]}<\/script>\n<!-- \/ Yoast SEO plugin. -->","yoast_head_json":{"title":"Wanduhr rund wei\u00df\/schwarz Clocksmith L \u00d8 53cm","description":"M\u00f6chten Sie eine Wanduhr von Thomas Kent kaufen? Eliassen bietet Ihnen eine gro\u00dfe Kollektion an Wanduhren zu guten Preisen. Sie sind in unserem Ausstellungsr...","robots":{"index":"noindex","follow":"follow","max-snippet":"max-snippet:-1","max-image-preview":"max-image-preview:large","max-video-preview":"max-video-preview:-1"},"og_locale":"de_DE","og_type":"article","og_title":"Wanduhr rund wei\u00df\/schwarz Clocksmith L \u00d8 53cm","og_description":"M\u00f6chten Sie eine Wanduhr von Thomas Kent kaufen? Eliassen bietet Ihnen eine gro\u00dfe Kollektion an Wanduhren zu guten Preisen. Sie sind in unserem Ausstellungsr...","og_url":"https:\/\/dev.eliassen.nl\/de\/wanduhr-rund-weissschwarz-clocksmith-l-o-53cm\/","og_site_name":"Eliassen.nl","article_publisher":"https:\/\/www.facebook.com\/TuincentrumEliassenAmmerzoden","article_modified_time":"2024-12-05T15:02:44+00:00","og_image":[{"width":1181,"height":1181,"url":"https:\/\/dev.eliassen.nl\/wp-content\/uploads\/2024\/01\/778886clocksmithmidnight.jpg","type":"image\/jpeg"}],"twitter_card":"summary_large_image","schema":{"@context":"https:\/\/schema.org","@graph":[{"@type":"WebPage","@id":"https:\/\/dev.eliassen.nl\/de\/wanduhr-rund-weissschwarz-clocksmith-l-o-53cm\/","url":"https:\/\/dev.eliassen.nl\/de\/wanduhr-rund-weissschwarz-clocksmith-l-o-53cm\/","name":"Wanduhr rund wei\u00df\/schwarz Clocksmith L \u00d8 53cm","isPartOf":{"@id":"https:\/\/dev.eliassen.nl\/de\/#website"},"primaryImageOfPage":{"@id":"https:\/\/dev.eliassen.nl\/de\/wanduhr-rund-weissschwarz-clocksmith-l-o-53cm\/#primaryimage"},"image":{"@id":"https:\/\/dev.eliassen.nl\/de\/wanduhr-rund-weissschwarz-clocksmith-l-o-53cm\/#primaryimage"},"thumbnailUrl":"https:\/\/dev.eliassen.nl\/wp-content\/uploads\/2024\/01\/778886clocksmithmidnight.jpg","datePublished":"2022-04-28T09:34:28+00:00","dateModified":"2024-12-05T15:02:44+00:00","description":"M\u00f6chten Sie eine Wanduhr von Thomas Kent kaufen? Eliassen bietet Ihnen eine gro\u00dfe Kollektion an Wanduhren zu guten Preisen. Sie sind in unserem Ausstellungsr...","breadcrumb":{"@id":"https:\/\/dev.eliassen.nl\/de\/wanduhr-rund-weissschwarz-clocksmith-l-o-53cm\/#breadcrumb"},"inLanguage":"de","potentialAction":[{"@type":"ReadAction","target":["https:\/\/dev.eliassen.nl\/de\/wanduhr-rund-weissschwarz-clocksmith-l-o-53cm\/"]}]},{"@type":"ImageObject","inLanguage":"de","@id":"https:\/\/dev.eliassen.nl\/de\/wanduhr-rund-weissschwarz-clocksmith-l-o-53cm\/#primaryimage","url":"https:\/\/dev.eliassen.nl\/wp-content\/uploads\/2024\/01\/778886clocksmithmidnight.jpg","contentUrl":"https:\/\/dev.eliassen.nl\/wp-content\/uploads\/2024\/01\/778886clocksmithmidnight.jpg","width":1181,"height":1181,"caption":"778886 Clocksmith Midnight"},{"@type":"BreadcrumbList","@id":"https:\/\/dev.eliassen.nl\/de\/wanduhr-rund-weissschwarz-clocksmith-l-o-53cm\/#breadcrumb","itemListElement":[{"@type":"ListItem","position":1,"name":"Home","item":"https:\/\/dev.eliassen.nl\/de\/"},{"@type":"ListItem","position":2,"name":"Shop","item":"https:\/\/dev.eliassen.nl\/nl\/winkel\/"},{"@type":"ListItem","position":3,"name":"Wanddekoration","item":"https:\/\/dev.eliassen.nl\/de\/wanddekoration\/"},{"@type":"ListItem","position":4,"name":"Wanduhren","item":"https:\/\/dev.eliassen.nl\/de\/wanddekoration\/wanduhren\/"},{"@type":"ListItem","position":5,"name":"Thomas-Kent-Glocken","item":"https:\/\/dev.eliassen.nl\/de\/wanddekoration\/wanduhren\/thomas-kent-glocken\/"},{"@type":"ListItem","position":6,"name":"Wanduhr rund wei\u00df\/schwarz Clocksmith L \u00d8 53cm"}]},{"@type":"WebSite","@id":"https:\/\/dev.eliassen.nl\/de\/#website","url":"https:\/\/dev.eliassen.nl\/de\/","name":"Eliassen Home & Garden Pleasure","description":"","publisher":{"@id":"https:\/\/dev.eliassen.nl\/de\/#organization"},"alternateName":"Eliassen.nl","potentialAction":[{"@type":"SearchAction","target":{"@type":"EntryPoint","urlTemplate":"https:\/\/dev.eliassen.nl\/de\/?s={search_term_string}"},"query-input":{"@type":"PropertyValueSpecification","valueRequired":true,"valueName":"search_term_string"}}],"inLanguage":"de"},{"@type":"Organization","@id":"https:\/\/dev.eliassen.nl\/de\/#organization","name":"Eliassen Home & Garden Pleasure","url":"https:\/\/dev.eliassen.nl\/de\/","logo":{"@type":"ImageObject","inLanguage":"de","@id":"https:\/\/dev.eliassen.nl\/de\/#\/schema\/logo\/image\/","url":"https:\/\/www.eliassen.nl\/wp-content\/uploads\/2024\/01\/logo_4nd.jpg","contentUrl":"https:\/\/www.eliassen.nl\/wp-content\/uploads\/2024\/01\/logo_4nd.jpg","width":500,"height":500,"caption":"Eliassen Home & Garden Pleasure"},"image":{"@id":"https:\/\/dev.eliassen.nl\/de\/#\/schema\/logo\/image\/"},"sameAs":["https:\/\/www.facebook.com\/TuincentrumEliassenAmmerzoden","https:\/\/www.instagram.com\/eliassenhomeandgarden\/","https:\/\/nl.pinterest.com\/eliassenhomeandgarden\/","https:\/\/www.youtube.com\/@eliassenhomegardenpleasure4558"]}]}},"df_price":103.5,"df_sale_price":"","df_regular_price":103.5,"df_image_link":"https:\/\/dev.eliassen.nl\/wp-content\/uploads\/2024\/01\/778886clocksmithmidnight.jpg","image":"https:\/\/dev.eliassen.nl\/wp-content\/uploads\/2024\/01\/778886clocksmithmidnight.jpg","price_search":"<span class=\"woocommerce-Price-amount amount\"><bdi><span class=\"woocommerce-Price-currencySymbol\">&euro;<\/span>&nbsp;103,50<\/bdi><\/span>","category":"Thomas-Kent-Glocken","_links":{"self":[{"href":"https:\/\/dev.eliassen.nl\/de\/wp-json\/wp\/v2\/product\/71680","targetHints":{"allow":["GET"]}}],"collection":[{"href":"https:\/\/dev.eliassen.nl\/de\/wp-json\/wp\/v2\/product"}],"about":[{"href":"https:\/\/dev.eliassen.nl\/de\/wp-json\/wp\/v2\/types\/product"}],"wp:featuredmedia":[{"embeddable":true,"href":"https:\/\/dev.eliassen.nl\/de\/wp-json\/wp\/v2\/media\/71674"}],"wp:attachment":[{"href":"https:\/\/dev.eliassen.nl\/de\/wp-json\/wp\/v2\/media?parent=71680"}],"wp:term":[{"taxonomy":"product_brand","embeddable":true,"href":"https:\/\/dev.eliassen.nl\/de\/wp-json\/wp\/v2\/product_brand?post=71680"},{"taxonomy":"product_cat","embeddable":true,"href":"https:\/\/dev.eliassen.nl\/de\/wp-json\/wp\/v2\/product_cat?post=71680"},{"taxonomy":"product_tag","embeddable":true,"href":"https:\/\/dev.eliassen.nl\/de\/wp-json\/wp\/v2\/product_tag?post=71680"}],"curies":[{"name":"wp","href":"https:\/\/api.w.org\/{rel}","templated":true}]}}