{"id":72202,"date":"2022-05-10T14:24:14","date_gmt":"2022-05-10T12:24:14","guid":{"rendered":"https:\/\/www.eliassen.nl\/?product=wanddeco-vlinders-in-frame-love-30x70cm"},"modified":"2024-12-05T16:03:38","modified_gmt":"2024-12-05T15:03:38","slug":"wanddeko-schmetterlinge-im-rahmen-love-30x70cm","status":"publish","type":"product","link":"https:\/\/dev.eliassen.nl\/de\/wanddeko-schmetterlinge-im-rahmen-love-30x70cm\/","title":{"rendered":"Wanddeko Schmetterlinge im Rahmen Love 30x70cm"},"content":{"rendered":"<p>Diese sch\u00f6ne Wanddekoration macht gl\u00fccklich, nicht wahr?<br \/>Eine sch\u00f6ne Erg\u00e4nzung f\u00fcr Ihr Zuhause oder drau\u00dfen unter einer Veranda.<br \/>Wir haben auch fast die gesamte Kollektion dieser Serie in unserem Gesch\u00e4ft, das in den Niederlanden einzigartig ist.<br \/>Nirgendwo sonst finden Sie eine so gro\u00dfe Sammlung. Gern geschehen.<\/p>\n<p>Dieser Artikel ist auch sch\u00f6n zu verschenken!<\/p>\n<ul>\n<li>Gr\u00f6\u00dfe: 30 x 70 cm.<\/li>\n<li>Material: Metall.<\/li>\n<li>Farbe: verschiedene Farben.<\/li>\n<li>Einfach mit 2 Schrauben aufzuh\u00e4ngen.<\/li>\n<li>Schnell geliefert.<\/li>\n<li>Gr\u00f6\u00dfte Sammlung in den Benelux-L\u00e4ndern, die auch live betrachtet werden kann.<\/li>\n<li>1 Jahr Garantie.<\/li>\n<\/ul>\n","protected":false},"excerpt":{"rendered":"<p>Diese sch\u00f6ne Wanddekoration macht gl\u00fccklich, nicht wahr?Eine sch\u00f6ne Erg\u00e4nzung f\u00fcr Ihr Zuhause oder drau\u00dfen unter einer Veranda.Wir haben auch fast die gesamte Kollektion dieser Serie in unserem Gesch\u00e4ft, das in den Niederlanden einzigartig ist.Nirgendwo sonst finden Sie eine so gro\u00dfe Sammlung. Gern geschehen. Dieser Artikel ist auch sch\u00f6n zu verschenken! Gr\u00f6\u00dfe: 30 x 70 cm. &hellip;<\/p>\n","protected":false},"featured_media":72196,"template":"","meta":{"_acf_changed":false},"product_brand":[],"product_cat":[515,509],"product_tag":[],"class_list":{"0":"post-72202","1":"product","2":"type-product","3":"status-publish","4":"has-post-thumbnail","6":"product_cat-3d-wanddekoration-mit-rahmen","7":"product_cat-wanddekoration","9":"first","10":"instock","11":"sale","12":"taxable","13":"shipping-taxable","14":"purchasable","15":"product-type-simple"},"acf":[],"yoast_head":"<!-- This site is optimized with the Yoast SEO plugin v23.8 - https:\/\/yoast.com\/wordpress\/plugins\/seo\/ -->\n<title>Wanddeko Schmetterlinge im Rahmen Love 30x70cm<\/title>\n<meta name=\"description\" content=\"Wanddeko Schmetterlinge im Rahmen Liebe kaufen? Eliassen bietet Ihnen eine gro\u00dfe Auswahl an Wanddekorationen, einen gro\u00dfen Showroom und ein gro\u00dfes Lager.\" \/>\n<meta name=\"robots\" content=\"noindex, follow, max-snippet:-1, max-image-preview:large, max-video-preview:-1\" \/>\n<meta property=\"og:locale\" content=\"de_DE\" \/>\n<meta property=\"og:type\" content=\"article\" \/>\n<meta property=\"og:title\" content=\"Wanddeko Schmetterlinge im Rahmen Love 30x70cm\" \/>\n<meta property=\"og:description\" content=\"Wanddeko Schmetterlinge im Rahmen Liebe kaufen? Eliassen bietet Ihnen eine gro\u00dfe Auswahl an Wanddekorationen, einen gro\u00dfen Showroom und ein gro\u00dfes Lager.\" \/>\n<meta property=\"og:url\" content=\"https:\/\/dev.eliassen.nl\/de\/wanddeko-schmetterlinge-im-rahmen-love-30x70cm\/\" \/>\n<meta property=\"og:site_name\" content=\"Eliassen.nl\" \/>\n<meta property=\"article:publisher\" content=\"https:\/\/www.facebook.com\/TuincentrumEliassenAmmerzoden\" \/>\n<meta property=\"article:modified_time\" content=\"2024-12-05T15:03:38+00:00\" \/>\n<meta property=\"og:image\" content=\"https:\/\/dev.eliassen.nl\/wp-content\/uploads\/2024\/01\/507220b1200x2412.jpg\" \/>\n\t<meta property=\"og:image:width\" content=\"597\" \/>\n\t<meta property=\"og:image:height\" content=\"1200\" \/>\n\t<meta property=\"og:image:type\" content=\"image\/jpeg\" \/>\n<meta name=\"twitter:card\" content=\"summary_large_image\" \/>\n<script type=\"application\/ld+json\" class=\"yoast-schema-graph\">{\"@context\":\"https:\/\/schema.org\",\"@graph\":[{\"@type\":\"WebPage\",\"@id\":\"https:\/\/dev.eliassen.nl\/de\/wanddeko-schmetterlinge-im-rahmen-love-30x70cm\/\",\"url\":\"https:\/\/dev.eliassen.nl\/de\/wanddeko-schmetterlinge-im-rahmen-love-30x70cm\/\",\"name\":\"Wanddeko Schmetterlinge im Rahmen Love 30x70cm\",\"isPartOf\":{\"@id\":\"https:\/\/dev.eliassen.nl\/de\/#website\"},\"primaryImageOfPage\":{\"@id\":\"https:\/\/dev.eliassen.nl\/de\/wanddeko-schmetterlinge-im-rahmen-love-30x70cm\/#primaryimage\"},\"image\":{\"@id\":\"https:\/\/dev.eliassen.nl\/de\/wanddeko-schmetterlinge-im-rahmen-love-30x70cm\/#primaryimage\"},\"thumbnailUrl\":\"https:\/\/dev.eliassen.nl\/wp-content\/uploads\/2024\/01\/507220b1200x2412.jpg\",\"datePublished\":\"2022-05-10T12:24:14+00:00\",\"dateModified\":\"2024-12-05T15:03:38+00:00\",\"description\":\"Wanddeko Schmetterlinge im Rahmen Liebe kaufen? Eliassen bietet Ihnen eine gro\u00dfe Auswahl an Wanddekorationen, einen gro\u00dfen Showroom und ein gro\u00dfes Lager.\",\"breadcrumb\":{\"@id\":\"https:\/\/dev.eliassen.nl\/de\/wanddeko-schmetterlinge-im-rahmen-love-30x70cm\/#breadcrumb\"},\"inLanguage\":\"de\",\"potentialAction\":[{\"@type\":\"ReadAction\",\"target\":[\"https:\/\/dev.eliassen.nl\/de\/wanddeko-schmetterlinge-im-rahmen-love-30x70cm\/\"]}]},{\"@type\":\"ImageObject\",\"inLanguage\":\"de\",\"@id\":\"https:\/\/dev.eliassen.nl\/de\/wanddeko-schmetterlinge-im-rahmen-love-30x70cm\/#primaryimage\",\"url\":\"https:\/\/dev.eliassen.nl\/wp-content\/uploads\/2024\/01\/507220b1200x2412.jpg\",\"contentUrl\":\"https:\/\/dev.eliassen.nl\/wp-content\/uploads\/2024\/01\/507220b1200x2412.jpg\",\"width\":597,\"height\":1200,\"caption\":\"507220-B-1200x2412\"},{\"@type\":\"BreadcrumbList\",\"@id\":\"https:\/\/dev.eliassen.nl\/de\/wanddeko-schmetterlinge-im-rahmen-love-30x70cm\/#breadcrumb\",\"itemListElement\":[{\"@type\":\"ListItem\",\"position\":1,\"name\":\"Home\",\"item\":\"https:\/\/dev.eliassen.nl\/de\/\"},{\"@type\":\"ListItem\",\"position\":2,\"name\":\"Shop\",\"item\":\"https:\/\/dev.eliassen.nl\/nl\/winkel\/\"},{\"@type\":\"ListItem\",\"position\":3,\"name\":\"Wanddekoration\",\"item\":\"https:\/\/dev.eliassen.nl\/de\/wanddekoration\/\"},{\"@type\":\"ListItem\",\"position\":4,\"name\":\"3D-Wanddekoration mit Rahmen\",\"item\":\"https:\/\/dev.eliassen.nl\/de\/wanddekoration\/3d-wanddekoration-mit-rahmen\/\"},{\"@type\":\"ListItem\",\"position\":5,\"name\":\"Wanddeko Schmetterlinge im Rahmen Love 30x70cm\"}]},{\"@type\":\"WebSite\",\"@id\":\"https:\/\/dev.eliassen.nl\/de\/#website\",\"url\":\"https:\/\/dev.eliassen.nl\/de\/\",\"name\":\"Eliassen Home & Garden Pleasure\",\"description\":\"\",\"publisher\":{\"@id\":\"https:\/\/dev.eliassen.nl\/de\/#organization\"},\"alternateName\":\"Eliassen.nl\",\"potentialAction\":[{\"@type\":\"SearchAction\",\"target\":{\"@type\":\"EntryPoint\",\"urlTemplate\":\"https:\/\/dev.eliassen.nl\/de\/?s={search_term_string}\"},\"query-input\":{\"@type\":\"PropertyValueSpecification\",\"valueRequired\":true,\"valueName\":\"search_term_string\"}}],\"inLanguage\":\"de\"},{\"@type\":\"Organization\",\"@id\":\"https:\/\/dev.eliassen.nl\/de\/#organization\",\"name\":\"Eliassen Home & Garden Pleasure\",\"url\":\"https:\/\/dev.eliassen.nl\/de\/\",\"logo\":{\"@type\":\"ImageObject\",\"inLanguage\":\"de\",\"@id\":\"https:\/\/dev.eliassen.nl\/de\/#\/schema\/logo\/image\/\",\"url\":\"https:\/\/www.eliassen.nl\/wp-content\/uploads\/2024\/01\/logo_4nd.jpg\",\"contentUrl\":\"https:\/\/www.eliassen.nl\/wp-content\/uploads\/2024\/01\/logo_4nd.jpg\",\"width\":500,\"height\":500,\"caption\":\"Eliassen Home & Garden Pleasure\"},\"image\":{\"@id\":\"https:\/\/dev.eliassen.nl\/de\/#\/schema\/logo\/image\/\"},\"sameAs\":[\"https:\/\/www.facebook.com\/TuincentrumEliassenAmmerzoden\",\"https:\/\/www.instagram.com\/eliassenhomeandgarden\/\",\"https:\/\/nl.pinterest.com\/eliassenhomeandgarden\/\",\"https:\/\/www.youtube.com\/@eliassenhomegardenpleasure4558\"]}]}<\/script>\n<!-- \/ Yoast SEO plugin. -->","yoast_head_json":{"title":"Wanddeko Schmetterlinge im Rahmen Love 30x70cm","description":"Wanddeko Schmetterlinge im Rahmen Liebe kaufen? Eliassen bietet Ihnen eine gro\u00dfe Auswahl an Wanddekorationen, einen gro\u00dfen Showroom und ein gro\u00dfes Lager.","robots":{"index":"noindex","follow":"follow","max-snippet":"max-snippet:-1","max-image-preview":"max-image-preview:large","max-video-preview":"max-video-preview:-1"},"og_locale":"de_DE","og_type":"article","og_title":"Wanddeko Schmetterlinge im Rahmen Love 30x70cm","og_description":"Wanddeko Schmetterlinge im Rahmen Liebe kaufen? Eliassen bietet Ihnen eine gro\u00dfe Auswahl an Wanddekorationen, einen gro\u00dfen Showroom und ein gro\u00dfes Lager.","og_url":"https:\/\/dev.eliassen.nl\/de\/wanddeko-schmetterlinge-im-rahmen-love-30x70cm\/","og_site_name":"Eliassen.nl","article_publisher":"https:\/\/www.facebook.com\/TuincentrumEliassenAmmerzoden","article_modified_time":"2024-12-05T15:03:38+00:00","og_image":[{"width":597,"height":1200,"url":"https:\/\/dev.eliassen.nl\/wp-content\/uploads\/2024\/01\/507220b1200x2412.jpg","type":"image\/jpeg"}],"twitter_card":"summary_large_image","schema":{"@context":"https:\/\/schema.org","@graph":[{"@type":"WebPage","@id":"https:\/\/dev.eliassen.nl\/de\/wanddeko-schmetterlinge-im-rahmen-love-30x70cm\/","url":"https:\/\/dev.eliassen.nl\/de\/wanddeko-schmetterlinge-im-rahmen-love-30x70cm\/","name":"Wanddeko Schmetterlinge im Rahmen Love 30x70cm","isPartOf":{"@id":"https:\/\/dev.eliassen.nl\/de\/#website"},"primaryImageOfPage":{"@id":"https:\/\/dev.eliassen.nl\/de\/wanddeko-schmetterlinge-im-rahmen-love-30x70cm\/#primaryimage"},"image":{"@id":"https:\/\/dev.eliassen.nl\/de\/wanddeko-schmetterlinge-im-rahmen-love-30x70cm\/#primaryimage"},"thumbnailUrl":"https:\/\/dev.eliassen.nl\/wp-content\/uploads\/2024\/01\/507220b1200x2412.jpg","datePublished":"2022-05-10T12:24:14+00:00","dateModified":"2024-12-05T15:03:38+00:00","description":"Wanddeko Schmetterlinge im Rahmen Liebe kaufen? Eliassen bietet Ihnen eine gro\u00dfe Auswahl an Wanddekorationen, einen gro\u00dfen Showroom und ein gro\u00dfes Lager.","breadcrumb":{"@id":"https:\/\/dev.eliassen.nl\/de\/wanddeko-schmetterlinge-im-rahmen-love-30x70cm\/#breadcrumb"},"inLanguage":"de","potentialAction":[{"@type":"ReadAction","target":["https:\/\/dev.eliassen.nl\/de\/wanddeko-schmetterlinge-im-rahmen-love-30x70cm\/"]}]},{"@type":"ImageObject","inLanguage":"de","@id":"https:\/\/dev.eliassen.nl\/de\/wanddeko-schmetterlinge-im-rahmen-love-30x70cm\/#primaryimage","url":"https:\/\/dev.eliassen.nl\/wp-content\/uploads\/2024\/01\/507220b1200x2412.jpg","contentUrl":"https:\/\/dev.eliassen.nl\/wp-content\/uploads\/2024\/01\/507220b1200x2412.jpg","width":597,"height":1200,"caption":"507220-B-1200x2412"},{"@type":"BreadcrumbList","@id":"https:\/\/dev.eliassen.nl\/de\/wanddeko-schmetterlinge-im-rahmen-love-30x70cm\/#breadcrumb","itemListElement":[{"@type":"ListItem","position":1,"name":"Home","item":"https:\/\/dev.eliassen.nl\/de\/"},{"@type":"ListItem","position":2,"name":"Shop","item":"https:\/\/dev.eliassen.nl\/nl\/winkel\/"},{"@type":"ListItem","position":3,"name":"Wanddekoration","item":"https:\/\/dev.eliassen.nl\/de\/wanddekoration\/"},{"@type":"ListItem","position":4,"name":"3D-Wanddekoration mit Rahmen","item":"https:\/\/dev.eliassen.nl\/de\/wanddekoration\/3d-wanddekoration-mit-rahmen\/"},{"@type":"ListItem","position":5,"name":"Wanddeko Schmetterlinge im Rahmen Love 30x70cm"}]},{"@type":"WebSite","@id":"https:\/\/dev.eliassen.nl\/de\/#website","url":"https:\/\/dev.eliassen.nl\/de\/","name":"Eliassen Home & Garden Pleasure","description":"","publisher":{"@id":"https:\/\/dev.eliassen.nl\/de\/#organization"},"alternateName":"Eliassen.nl","potentialAction":[{"@type":"SearchAction","target":{"@type":"EntryPoint","urlTemplate":"https:\/\/dev.eliassen.nl\/de\/?s={search_term_string}"},"query-input":{"@type":"PropertyValueSpecification","valueRequired":true,"valueName":"search_term_string"}}],"inLanguage":"de"},{"@type":"Organization","@id":"https:\/\/dev.eliassen.nl\/de\/#organization","name":"Eliassen Home & Garden Pleasure","url":"https:\/\/dev.eliassen.nl\/de\/","logo":{"@type":"ImageObject","inLanguage":"de","@id":"https:\/\/dev.eliassen.nl\/de\/#\/schema\/logo\/image\/","url":"https:\/\/www.eliassen.nl\/wp-content\/uploads\/2024\/01\/logo_4nd.jpg","contentUrl":"https:\/\/www.eliassen.nl\/wp-content\/uploads\/2024\/01\/logo_4nd.jpg","width":500,"height":500,"caption":"Eliassen Home & Garden Pleasure"},"image":{"@id":"https:\/\/dev.eliassen.nl\/de\/#\/schema\/logo\/image\/"},"sameAs":["https:\/\/www.facebook.com\/TuincentrumEliassenAmmerzoden","https:\/\/www.instagram.com\/eliassenhomeandgarden\/","https:\/\/nl.pinterest.com\/eliassenhomeandgarden\/","https:\/\/www.youtube.com\/@eliassenhomegardenpleasure4558"]}]}},"df_price":24.95,"df_sale_price":24.95,"df_regular_price":32.5,"df_image_link":"https:\/\/dev.eliassen.nl\/wp-content\/uploads\/2024\/01\/507220b1200x2412.jpg","image":"https:\/\/dev.eliassen.nl\/wp-content\/uploads\/2024\/01\/507220b1200x2412.jpg","price_search":"<span class=\"woocommerce-Price-amount amount\"><bdi><span class=\"woocommerce-Price-currencySymbol\">&euro;<\/span>&nbsp;24,95<\/bdi><\/span>","category":"3D-Wanddekoration mit Rahmen","_links":{"self":[{"href":"https:\/\/dev.eliassen.nl\/de\/wp-json\/wp\/v2\/product\/72202","targetHints":{"allow":["GET"]}}],"collection":[{"href":"https:\/\/dev.eliassen.nl\/de\/wp-json\/wp\/v2\/product"}],"about":[{"href":"https:\/\/dev.eliassen.nl\/de\/wp-json\/wp\/v2\/types\/product"}],"wp:featuredmedia":[{"embeddable":true,"href":"https:\/\/dev.eliassen.nl\/de\/wp-json\/wp\/v2\/media\/72196"}],"wp:attachment":[{"href":"https:\/\/dev.eliassen.nl\/de\/wp-json\/wp\/v2\/media?parent=72202"}],"wp:term":[{"taxonomy":"product_brand","embeddable":true,"href":"https:\/\/dev.eliassen.nl\/de\/wp-json\/wp\/v2\/product_brand?post=72202"},{"taxonomy":"product_cat","embeddable":true,"href":"https:\/\/dev.eliassen.nl\/de\/wp-json\/wp\/v2\/product_cat?post=72202"},{"taxonomy":"product_tag","embeddable":true,"href":"https:\/\/dev.eliassen.nl\/de\/wp-json\/wp\/v2\/product_tag?post=72202"}],"curies":[{"name":"wp","href":"https:\/\/api.w.org\/{rel}","templated":true}]}}