{"id":72265,"date":"2022-05-12T19:50:16","date_gmt":"2022-05-12T17:50:16","guid":{"rendered":"https:\/\/www.eliassen.nl\/?product=beeld-brons-vrouwelijk-naakt-88cm"},"modified":"2024-12-05T16:03:44","modified_gmt":"2024-12-05T15:03:44","slug":"statue-bronze-weiblicher-akt-88cm","status":"publish","type":"product","link":"https:\/\/dev.eliassen.nl\/de\/statue-bronze-weiblicher-akt-88cm\/","title":{"rendered":"Statue Bronze Weiblicher Akt 88cm"},"content":{"rendered":"<p>Dieses Bronzemodell einer abstrakten, modernen Frauenfigur mit erhobenen Armen ist ein wundersch\u00f6nes St\u00fcck f\u00fcr Sie selbst oder als Geschenk f\u00fcr eine Party oder einen Jahrestag.<br \/>Handgefertigt aus Bronze mit einem Kupfergehalt von mindestens 75 %, sodass dieses Modell drinnen wie drau\u00dfen garantiert sch\u00f6n bleibt.<\/p>\n<ul>\n<li>Gr\u00f6\u00dfe: 15 x 17 x 88 cm.<\/li>\n<li>Schnell geliefert <strong>.<\/strong><\/li>\n<li>30 Jahre Garantie.<\/li>\n<li><strong>Viele dieser Bronzeskulpturenserien k\u00f6nnen auch live in unserem Shop besichtigt werden.<\/strong><\/li>\n<\/ul>\n","protected":false},"excerpt":{"rendered":"<p>Dieses Bronzemodell einer abstrakten, modernen Frauenfigur mit erhobenen Armen ist ein wundersch\u00f6nes St\u00fcck f\u00fcr Sie selbst oder als Geschenk f\u00fcr eine Party oder einen Jahrestag.Handgefertigt aus Bronze mit einem Kupfergehalt von mindestens 75 %, sodass dieses Modell drinnen wie drau\u00dfen garantiert sch\u00f6n bleibt. Gr\u00f6\u00dfe: 15 x 17 x 88 cm. Schnell geliefert . 30 Jahre &hellip;<\/p>\n","protected":false},"featured_media":72241,"template":"","meta":{"_acf_changed":false},"product_brand":[],"product_cat":[613,620,7239],"product_tag":[],"class_list":{"0":"post-72265","1":"product","2":"type-product","3":"status-publish","4":"has-post-thumbnail","6":"product_cat-bronzestatuen","7":"product_cat-moderne-bronzestatuen","8":"product_cat-statuen-skulpturen","10":"first","11":"instock","12":"taxable","13":"shipping-taxable","14":"purchasable","15":"product-type-simple"},"acf":[],"yoast_head":"<!-- This site is optimized with the Yoast SEO plugin v23.8 - https:\/\/yoast.com\/wordpress\/plugins\/seo\/ -->\n<title>Statue Bronze Weiblicher Akt 88cm<\/title>\n<meta name=\"description\" content=\"M\u00f6chten Sie eine Statue aus Bronze mit weiblichem Akt 88 cm kaufen? Eliassen bietet Ihnen eine gro\u00dfe Auswahl an Bronzeskulpturen in einem gro\u00dfen Ausstellungs...\" \/>\n<meta name=\"robots\" content=\"noindex, follow, max-snippet:-1, max-image-preview:large, max-video-preview:-1\" \/>\n<meta property=\"og:locale\" content=\"de_DE\" \/>\n<meta property=\"og:type\" content=\"article\" \/>\n<meta property=\"og:title\" content=\"Statue Bronze Weiblicher Akt 88cm\" \/>\n<meta property=\"og:description\" content=\"M\u00f6chten Sie eine Statue aus Bronze mit weiblichem Akt 88 cm kaufen? Eliassen bietet Ihnen eine gro\u00dfe Auswahl an Bronzeskulpturen in einem gro\u00dfen Ausstellungs...\" \/>\n<meta property=\"og:url\" content=\"https:\/\/dev.eliassen.nl\/de\/statue-bronze-weiblicher-akt-88cm\/\" \/>\n<meta property=\"og:site_name\" content=\"Eliassen.nl\" \/>\n<meta property=\"article:publisher\" content=\"https:\/\/www.facebook.com\/TuincentrumEliassenAmmerzoden\" \/>\n<meta property=\"article:modified_time\" content=\"2024-12-05T15:03:44+00:00\" \/>\n<meta property=\"og:image\" content=\"https:\/\/dev.eliassen.nl\/wp-content\/uploads\/2024\/01\/be37560x560.jpg\" \/>\n\t<meta property=\"og:image:width\" content=\"560\" \/>\n\t<meta property=\"og:image:height\" content=\"560\" \/>\n\t<meta property=\"og:image:type\" content=\"image\/jpeg\" \/>\n<meta name=\"twitter:card\" content=\"summary_large_image\" \/>\n<script type=\"application\/ld+json\" class=\"yoast-schema-graph\">{\"@context\":\"https:\/\/schema.org\",\"@graph\":[{\"@type\":\"WebPage\",\"@id\":\"https:\/\/dev.eliassen.nl\/de\/statue-bronze-weiblicher-akt-88cm\/\",\"url\":\"https:\/\/dev.eliassen.nl\/de\/statue-bronze-weiblicher-akt-88cm\/\",\"name\":\"Statue Bronze Weiblicher Akt 88cm\",\"isPartOf\":{\"@id\":\"https:\/\/dev.eliassen.nl\/de\/#website\"},\"primaryImageOfPage\":{\"@id\":\"https:\/\/dev.eliassen.nl\/de\/statue-bronze-weiblicher-akt-88cm\/#primaryimage\"},\"image\":{\"@id\":\"https:\/\/dev.eliassen.nl\/de\/statue-bronze-weiblicher-akt-88cm\/#primaryimage\"},\"thumbnailUrl\":\"https:\/\/dev.eliassen.nl\/wp-content\/uploads\/2024\/01\/be37560x560.jpg\",\"datePublished\":\"2022-05-12T17:50:16+00:00\",\"dateModified\":\"2024-12-05T15:03:44+00:00\",\"description\":\"M\u00f6chten Sie eine Statue aus Bronze mit weiblichem Akt 88 cm kaufen? Eliassen bietet Ihnen eine gro\u00dfe Auswahl an Bronzeskulpturen in einem gro\u00dfen Ausstellungs...\",\"breadcrumb\":{\"@id\":\"https:\/\/dev.eliassen.nl\/de\/statue-bronze-weiblicher-akt-88cm\/#breadcrumb\"},\"inLanguage\":\"de\",\"potentialAction\":[{\"@type\":\"ReadAction\",\"target\":[\"https:\/\/dev.eliassen.nl\/de\/statue-bronze-weiblicher-akt-88cm\/\"]}]},{\"@type\":\"ImageObject\",\"inLanguage\":\"de\",\"@id\":\"https:\/\/dev.eliassen.nl\/de\/statue-bronze-weiblicher-akt-88cm\/#primaryimage\",\"url\":\"https:\/\/dev.eliassen.nl\/wp-content\/uploads\/2024\/01\/be37560x560.jpg\",\"contentUrl\":\"https:\/\/dev.eliassen.nl\/wp-content\/uploads\/2024\/01\/be37560x560.jpg\",\"width\":560,\"height\":560,\"caption\":\"BE-37!560x560\"},{\"@type\":\"BreadcrumbList\",\"@id\":\"https:\/\/dev.eliassen.nl\/de\/statue-bronze-weiblicher-akt-88cm\/#breadcrumb\",\"itemListElement\":[{\"@type\":\"ListItem\",\"position\":1,\"name\":\"Home\",\"item\":\"https:\/\/dev.eliassen.nl\/de\/\"},{\"@type\":\"ListItem\",\"position\":2,\"name\":\"Shop\",\"item\":\"https:\/\/dev.eliassen.nl\/nl\/winkel\/\"},{\"@type\":\"ListItem\",\"position\":3,\"name\":\"Bronzestatuen\",\"item\":\"https:\/\/dev.eliassen.nl\/de\/bilder\/bronzestatuen\/\"},{\"@type\":\"ListItem\",\"position\":4,\"name\":\"Moderne Bronzestatuen\",\"item\":\"https:\/\/dev.eliassen.nl\/de\/bilder\/bronzestatuen\/moderne-bronzestatuen\/\"},{\"@type\":\"ListItem\",\"position\":5,\"name\":\"Statue Bronze Weiblicher Akt 88cm\"}]},{\"@type\":\"WebSite\",\"@id\":\"https:\/\/dev.eliassen.nl\/de\/#website\",\"url\":\"https:\/\/dev.eliassen.nl\/de\/\",\"name\":\"Eliassen Home & Garden Pleasure\",\"description\":\"\",\"publisher\":{\"@id\":\"https:\/\/dev.eliassen.nl\/de\/#organization\"},\"alternateName\":\"Eliassen.nl\",\"potentialAction\":[{\"@type\":\"SearchAction\",\"target\":{\"@type\":\"EntryPoint\",\"urlTemplate\":\"https:\/\/dev.eliassen.nl\/de\/?s={search_term_string}\"},\"query-input\":{\"@type\":\"PropertyValueSpecification\",\"valueRequired\":true,\"valueName\":\"search_term_string\"}}],\"inLanguage\":\"de\"},{\"@type\":\"Organization\",\"@id\":\"https:\/\/dev.eliassen.nl\/de\/#organization\",\"name\":\"Eliassen Home & Garden Pleasure\",\"url\":\"https:\/\/dev.eliassen.nl\/de\/\",\"logo\":{\"@type\":\"ImageObject\",\"inLanguage\":\"de\",\"@id\":\"https:\/\/dev.eliassen.nl\/de\/#\/schema\/logo\/image\/\",\"url\":\"https:\/\/www.eliassen.nl\/wp-content\/uploads\/2024\/01\/logo_4nd.jpg\",\"contentUrl\":\"https:\/\/www.eliassen.nl\/wp-content\/uploads\/2024\/01\/logo_4nd.jpg\",\"width\":500,\"height\":500,\"caption\":\"Eliassen Home & Garden Pleasure\"},\"image\":{\"@id\":\"https:\/\/dev.eliassen.nl\/de\/#\/schema\/logo\/image\/\"},\"sameAs\":[\"https:\/\/www.facebook.com\/TuincentrumEliassenAmmerzoden\",\"https:\/\/www.instagram.com\/eliassenhomeandgarden\/\",\"https:\/\/nl.pinterest.com\/eliassenhomeandgarden\/\",\"https:\/\/www.youtube.com\/@eliassenhomegardenpleasure4558\"]}]}<\/script>\n<!-- \/ Yoast SEO plugin. -->","yoast_head_json":{"title":"Statue Bronze Weiblicher Akt 88cm","description":"M\u00f6chten Sie eine Statue aus Bronze mit weiblichem Akt 88 cm kaufen? Eliassen bietet Ihnen eine gro\u00dfe Auswahl an Bronzeskulpturen in einem gro\u00dfen Ausstellungs...","robots":{"index":"noindex","follow":"follow","max-snippet":"max-snippet:-1","max-image-preview":"max-image-preview:large","max-video-preview":"max-video-preview:-1"},"og_locale":"de_DE","og_type":"article","og_title":"Statue Bronze Weiblicher Akt 88cm","og_description":"M\u00f6chten Sie eine Statue aus Bronze mit weiblichem Akt 88 cm kaufen? Eliassen bietet Ihnen eine gro\u00dfe Auswahl an Bronzeskulpturen in einem gro\u00dfen Ausstellungs...","og_url":"https:\/\/dev.eliassen.nl\/de\/statue-bronze-weiblicher-akt-88cm\/","og_site_name":"Eliassen.nl","article_publisher":"https:\/\/www.facebook.com\/TuincentrumEliassenAmmerzoden","article_modified_time":"2024-12-05T15:03:44+00:00","og_image":[{"width":560,"height":560,"url":"https:\/\/dev.eliassen.nl\/wp-content\/uploads\/2024\/01\/be37560x560.jpg","type":"image\/jpeg"}],"twitter_card":"summary_large_image","schema":{"@context":"https:\/\/schema.org","@graph":[{"@type":"WebPage","@id":"https:\/\/dev.eliassen.nl\/de\/statue-bronze-weiblicher-akt-88cm\/","url":"https:\/\/dev.eliassen.nl\/de\/statue-bronze-weiblicher-akt-88cm\/","name":"Statue Bronze Weiblicher Akt 88cm","isPartOf":{"@id":"https:\/\/dev.eliassen.nl\/de\/#website"},"primaryImageOfPage":{"@id":"https:\/\/dev.eliassen.nl\/de\/statue-bronze-weiblicher-akt-88cm\/#primaryimage"},"image":{"@id":"https:\/\/dev.eliassen.nl\/de\/statue-bronze-weiblicher-akt-88cm\/#primaryimage"},"thumbnailUrl":"https:\/\/dev.eliassen.nl\/wp-content\/uploads\/2024\/01\/be37560x560.jpg","datePublished":"2022-05-12T17:50:16+00:00","dateModified":"2024-12-05T15:03:44+00:00","description":"M\u00f6chten Sie eine Statue aus Bronze mit weiblichem Akt 88 cm kaufen? Eliassen bietet Ihnen eine gro\u00dfe Auswahl an Bronzeskulpturen in einem gro\u00dfen Ausstellungs...","breadcrumb":{"@id":"https:\/\/dev.eliassen.nl\/de\/statue-bronze-weiblicher-akt-88cm\/#breadcrumb"},"inLanguage":"de","potentialAction":[{"@type":"ReadAction","target":["https:\/\/dev.eliassen.nl\/de\/statue-bronze-weiblicher-akt-88cm\/"]}]},{"@type":"ImageObject","inLanguage":"de","@id":"https:\/\/dev.eliassen.nl\/de\/statue-bronze-weiblicher-akt-88cm\/#primaryimage","url":"https:\/\/dev.eliassen.nl\/wp-content\/uploads\/2024\/01\/be37560x560.jpg","contentUrl":"https:\/\/dev.eliassen.nl\/wp-content\/uploads\/2024\/01\/be37560x560.jpg","width":560,"height":560,"caption":"BE-37!560x560"},{"@type":"BreadcrumbList","@id":"https:\/\/dev.eliassen.nl\/de\/statue-bronze-weiblicher-akt-88cm\/#breadcrumb","itemListElement":[{"@type":"ListItem","position":1,"name":"Home","item":"https:\/\/dev.eliassen.nl\/de\/"},{"@type":"ListItem","position":2,"name":"Shop","item":"https:\/\/dev.eliassen.nl\/nl\/winkel\/"},{"@type":"ListItem","position":3,"name":"Bronzestatuen","item":"https:\/\/dev.eliassen.nl\/de\/bilder\/bronzestatuen\/"},{"@type":"ListItem","position":4,"name":"Moderne Bronzestatuen","item":"https:\/\/dev.eliassen.nl\/de\/bilder\/bronzestatuen\/moderne-bronzestatuen\/"},{"@type":"ListItem","position":5,"name":"Statue Bronze Weiblicher Akt 88cm"}]},{"@type":"WebSite","@id":"https:\/\/dev.eliassen.nl\/de\/#website","url":"https:\/\/dev.eliassen.nl\/de\/","name":"Eliassen Home & Garden Pleasure","description":"","publisher":{"@id":"https:\/\/dev.eliassen.nl\/de\/#organization"},"alternateName":"Eliassen.nl","potentialAction":[{"@type":"SearchAction","target":{"@type":"EntryPoint","urlTemplate":"https:\/\/dev.eliassen.nl\/de\/?s={search_term_string}"},"query-input":{"@type":"PropertyValueSpecification","valueRequired":true,"valueName":"search_term_string"}}],"inLanguage":"de"},{"@type":"Organization","@id":"https:\/\/dev.eliassen.nl\/de\/#organization","name":"Eliassen Home & Garden Pleasure","url":"https:\/\/dev.eliassen.nl\/de\/","logo":{"@type":"ImageObject","inLanguage":"de","@id":"https:\/\/dev.eliassen.nl\/de\/#\/schema\/logo\/image\/","url":"https:\/\/www.eliassen.nl\/wp-content\/uploads\/2024\/01\/logo_4nd.jpg","contentUrl":"https:\/\/www.eliassen.nl\/wp-content\/uploads\/2024\/01\/logo_4nd.jpg","width":500,"height":500,"caption":"Eliassen Home & Garden Pleasure"},"image":{"@id":"https:\/\/dev.eliassen.nl\/de\/#\/schema\/logo\/image\/"},"sameAs":["https:\/\/www.facebook.com\/TuincentrumEliassenAmmerzoden","https:\/\/www.instagram.com\/eliassenhomeandgarden\/","https:\/\/nl.pinterest.com\/eliassenhomeandgarden\/","https:\/\/www.youtube.com\/@eliassenhomegardenpleasure4558"]}]}},"df_price":675,"df_sale_price":"","df_regular_price":675,"df_image_link":"https:\/\/dev.eliassen.nl\/wp-content\/uploads\/2024\/01\/be37560x560.jpg","image":"https:\/\/dev.eliassen.nl\/wp-content\/uploads\/2024\/01\/be37560x560.jpg","price_search":"<span class=\"woocommerce-Price-amount amount\"><bdi><span class=\"woocommerce-Price-currencySymbol\">&euro;<\/span>&nbsp;675,00<\/bdi><\/span>","category":"Bronzestatuen","_links":{"self":[{"href":"https:\/\/dev.eliassen.nl\/de\/wp-json\/wp\/v2\/product\/72265","targetHints":{"allow":["GET"]}}],"collection":[{"href":"https:\/\/dev.eliassen.nl\/de\/wp-json\/wp\/v2\/product"}],"about":[{"href":"https:\/\/dev.eliassen.nl\/de\/wp-json\/wp\/v2\/types\/product"}],"wp:featuredmedia":[{"embeddable":true,"href":"https:\/\/dev.eliassen.nl\/de\/wp-json\/wp\/v2\/media\/72241"}],"wp:attachment":[{"href":"https:\/\/dev.eliassen.nl\/de\/wp-json\/wp\/v2\/media?parent=72265"}],"wp:term":[{"taxonomy":"product_brand","embeddable":true,"href":"https:\/\/dev.eliassen.nl\/de\/wp-json\/wp\/v2\/product_brand?post=72265"},{"taxonomy":"product_cat","embeddable":true,"href":"https:\/\/dev.eliassen.nl\/de\/wp-json\/wp\/v2\/product_cat?post=72265"},{"taxonomy":"product_tag","embeddable":true,"href":"https:\/\/dev.eliassen.nl\/de\/wp-json\/wp\/v2\/product_tag?post=72265"}],"curies":[{"name":"wp","href":"https:\/\/api.w.org\/{rel}","templated":true}]}}