{"id":72274,"date":"2022-05-13T09:43:54","date_gmt":"2022-05-13T07:43:54","guid":{"rendered":"https:\/\/www.eliassen.nl\/?product=beeld-brons-man-met-gespreide-armen-15cm"},"modified":"2024-12-05T16:03:45","modified_gmt":"2024-12-05T15:03:45","slug":"bronzestatue-mann-mit-ausgebreiteten-armen-15cm","status":"publish","type":"product","link":"https:\/\/dev.eliassen.nl\/de\/bronzestatue-mann-mit-ausgebreiteten-armen-15cm\/","title":{"rendered":"Bronzestatue Mann mit ausgebreiteten Armen 15cm"},"content":{"rendered":"<p>Dieses Bronzemodell einer abstrakten, modernen Figur eines Mannes auf einem kleinen Quadratmeter ist ein sch\u00f6nes St\u00fcck f\u00fcr sich selbst oder als Geschenk f\u00fcr eine Party oder ein Jubil\u00e4um.<br \/>Handgefertigt aus Bronze mit einem Kupfergehalt von mindestens 75 %, damit dieses Modell garantiert sch\u00f6n bleibt, drinnen oder drau\u00dfen.<\/p>\n<ul>\n<li>Gr\u00f6\u00dfe: 14 x 7 x 15,5 cm.<\/li>\n<li>Kommt mit Zertifikat.<\/li>\n<li>Schnell geliefert <strong>.<\/strong><\/li>\n<li>30 Jahre Garantie.<\/li>\n<li><strong>Viele aus dieser Serie von Bronzestatuen k\u00f6nnen auch live in unserem Gesch\u00e4ft besichtigt werden.<\/strong><\/li>\n<\/ul>\n","protected":false},"excerpt":{"rendered":"<p>Dieses Bronzemodell einer abstrakten, modernen Figur eines Mannes auf einem kleinen Quadratmeter ist ein sch\u00f6nes St\u00fcck f\u00fcr sich selbst oder als Geschenk f\u00fcr eine Party oder ein Jubil\u00e4um.Handgefertigt aus Bronze mit einem Kupfergehalt von mindestens 75 %, damit dieses Modell garantiert sch\u00f6n bleibt, drinnen oder drau\u00dfen. Gr\u00f6\u00dfe: 14 x 7 x 15,5 cm. Kommt mit &hellip;<\/p>\n","protected":false},"featured_media":72268,"template":"","meta":{"_acf_changed":false},"product_brand":[],"product_cat":[613,620,7239],"product_tag":[],"class_list":{"0":"post-72274","1":"product","2":"type-product","3":"status-publish","4":"has-post-thumbnail","6":"product_cat-bronzestatuen","7":"product_cat-moderne-bronzestatuen","8":"product_cat-statuen-skulpturen","10":"first","11":"outofstock","12":"taxable","13":"shipping-taxable","14":"purchasable","15":"product-type-simple"},"acf":[],"yoast_head":"<!-- This site is optimized with the Yoast SEO plugin v23.8 - https:\/\/yoast.com\/wordpress\/plugins\/seo\/ -->\n<title>Bronzestatue Mann mit ausgebreiteten Armen 15cm<\/title>\n<meta name=\"description\" content=\"M\u00f6chten Sie eine Bronzestatue eines Mannes mit ausgestreckten Armen kaufen? Eliassen bietet Ihnen eine gro\u00dfe Auswahl an Bronzestatuen in einem gro\u00dfen Ausstel...\" \/>\n<meta name=\"robots\" content=\"noindex, follow, max-snippet:-1, max-image-preview:large, max-video-preview:-1\" \/>\n<meta property=\"og:locale\" content=\"de_DE\" \/>\n<meta property=\"og:type\" content=\"article\" \/>\n<meta property=\"og:title\" content=\"Bronzestatue Mann mit ausgebreiteten Armen 15cm\" \/>\n<meta property=\"og:description\" content=\"M\u00f6chten Sie eine Bronzestatue eines Mannes mit ausgestreckten Armen kaufen? Eliassen bietet Ihnen eine gro\u00dfe Auswahl an Bronzestatuen in einem gro\u00dfen Ausstel...\" \/>\n<meta property=\"og:url\" content=\"https:\/\/dev.eliassen.nl\/de\/bronzestatue-mann-mit-ausgebreiteten-armen-15cm\/\" \/>\n<meta property=\"og:site_name\" content=\"Eliassen.nl\" \/>\n<meta property=\"article:publisher\" content=\"https:\/\/www.facebook.com\/TuincentrumEliassenAmmerzoden\" \/>\n<meta property=\"article:modified_time\" content=\"2024-12-05T15:03:45+00:00\" \/>\n<meta property=\"og:image\" content=\"https:\/\/dev.eliassen.nl\/wp-content\/uploads\/2024\/01\/be39560x560.jpg\" \/>\n\t<meta property=\"og:image:width\" content=\"560\" \/>\n\t<meta property=\"og:image:height\" content=\"560\" \/>\n\t<meta property=\"og:image:type\" content=\"image\/jpeg\" \/>\n<meta name=\"twitter:card\" content=\"summary_large_image\" \/>\n<script type=\"application\/ld+json\" class=\"yoast-schema-graph\">{\"@context\":\"https:\/\/schema.org\",\"@graph\":[{\"@type\":\"WebPage\",\"@id\":\"https:\/\/dev.eliassen.nl\/de\/bronzestatue-mann-mit-ausgebreiteten-armen-15cm\/\",\"url\":\"https:\/\/dev.eliassen.nl\/de\/bronzestatue-mann-mit-ausgebreiteten-armen-15cm\/\",\"name\":\"Bronzestatue Mann mit ausgebreiteten Armen 15cm\",\"isPartOf\":{\"@id\":\"https:\/\/dev.eliassen.nl\/de\/#website\"},\"primaryImageOfPage\":{\"@id\":\"https:\/\/dev.eliassen.nl\/de\/bronzestatue-mann-mit-ausgebreiteten-armen-15cm\/#primaryimage\"},\"image\":{\"@id\":\"https:\/\/dev.eliassen.nl\/de\/bronzestatue-mann-mit-ausgebreiteten-armen-15cm\/#primaryimage\"},\"thumbnailUrl\":\"https:\/\/dev.eliassen.nl\/wp-content\/uploads\/2024\/01\/be39560x560.jpg\",\"datePublished\":\"2022-05-13T07:43:54+00:00\",\"dateModified\":\"2024-12-05T15:03:45+00:00\",\"description\":\"M\u00f6chten Sie eine Bronzestatue eines Mannes mit ausgestreckten Armen kaufen? Eliassen bietet Ihnen eine gro\u00dfe Auswahl an Bronzestatuen in einem gro\u00dfen Ausstel...\",\"breadcrumb\":{\"@id\":\"https:\/\/dev.eliassen.nl\/de\/bronzestatue-mann-mit-ausgebreiteten-armen-15cm\/#breadcrumb\"},\"inLanguage\":\"de\",\"potentialAction\":[{\"@type\":\"ReadAction\",\"target\":[\"https:\/\/dev.eliassen.nl\/de\/bronzestatue-mann-mit-ausgebreiteten-armen-15cm\/\"]}]},{\"@type\":\"ImageObject\",\"inLanguage\":\"de\",\"@id\":\"https:\/\/dev.eliassen.nl\/de\/bronzestatue-mann-mit-ausgebreiteten-armen-15cm\/#primaryimage\",\"url\":\"https:\/\/dev.eliassen.nl\/wp-content\/uploads\/2024\/01\/be39560x560.jpg\",\"contentUrl\":\"https:\/\/dev.eliassen.nl\/wp-content\/uploads\/2024\/01\/be39560x560.jpg\",\"width\":560,\"height\":560,\"caption\":\"BE-39!560x560\"},{\"@type\":\"BreadcrumbList\",\"@id\":\"https:\/\/dev.eliassen.nl\/de\/bronzestatue-mann-mit-ausgebreiteten-armen-15cm\/#breadcrumb\",\"itemListElement\":[{\"@type\":\"ListItem\",\"position\":1,\"name\":\"Home\",\"item\":\"https:\/\/dev.eliassen.nl\/de\/\"},{\"@type\":\"ListItem\",\"position\":2,\"name\":\"Shop\",\"item\":\"https:\/\/dev.eliassen.nl\/nl\/winkel\/\"},{\"@type\":\"ListItem\",\"position\":3,\"name\":\"Bronzestatuen\",\"item\":\"https:\/\/dev.eliassen.nl\/de\/bilder\/bronzestatuen\/\"},{\"@type\":\"ListItem\",\"position\":4,\"name\":\"Moderne Bronzestatuen\",\"item\":\"https:\/\/dev.eliassen.nl\/de\/bilder\/bronzestatuen\/moderne-bronzestatuen\/\"},{\"@type\":\"ListItem\",\"position\":5,\"name\":\"Bronzestatue Mann mit ausgebreiteten Armen 15cm\"}]},{\"@type\":\"WebSite\",\"@id\":\"https:\/\/dev.eliassen.nl\/de\/#website\",\"url\":\"https:\/\/dev.eliassen.nl\/de\/\",\"name\":\"Eliassen Home & Garden Pleasure\",\"description\":\"\",\"publisher\":{\"@id\":\"https:\/\/dev.eliassen.nl\/de\/#organization\"},\"alternateName\":\"Eliassen.nl\",\"potentialAction\":[{\"@type\":\"SearchAction\",\"target\":{\"@type\":\"EntryPoint\",\"urlTemplate\":\"https:\/\/dev.eliassen.nl\/de\/?s={search_term_string}\"},\"query-input\":{\"@type\":\"PropertyValueSpecification\",\"valueRequired\":true,\"valueName\":\"search_term_string\"}}],\"inLanguage\":\"de\"},{\"@type\":\"Organization\",\"@id\":\"https:\/\/dev.eliassen.nl\/de\/#organization\",\"name\":\"Eliassen Home & Garden Pleasure\",\"url\":\"https:\/\/dev.eliassen.nl\/de\/\",\"logo\":{\"@type\":\"ImageObject\",\"inLanguage\":\"de\",\"@id\":\"https:\/\/dev.eliassen.nl\/de\/#\/schema\/logo\/image\/\",\"url\":\"https:\/\/www.eliassen.nl\/wp-content\/uploads\/2024\/01\/logo_4nd.jpg\",\"contentUrl\":\"https:\/\/www.eliassen.nl\/wp-content\/uploads\/2024\/01\/logo_4nd.jpg\",\"width\":500,\"height\":500,\"caption\":\"Eliassen Home & Garden Pleasure\"},\"image\":{\"@id\":\"https:\/\/dev.eliassen.nl\/de\/#\/schema\/logo\/image\/\"},\"sameAs\":[\"https:\/\/www.facebook.com\/TuincentrumEliassenAmmerzoden\",\"https:\/\/www.instagram.com\/eliassenhomeandgarden\/\",\"https:\/\/nl.pinterest.com\/eliassenhomeandgarden\/\",\"https:\/\/www.youtube.com\/@eliassenhomegardenpleasure4558\"]}]}<\/script>\n<!-- \/ Yoast SEO plugin. -->","yoast_head_json":{"title":"Bronzestatue Mann mit ausgebreiteten Armen 15cm","description":"M\u00f6chten Sie eine Bronzestatue eines Mannes mit ausgestreckten Armen kaufen? Eliassen bietet Ihnen eine gro\u00dfe Auswahl an Bronzestatuen in einem gro\u00dfen Ausstel...","robots":{"index":"noindex","follow":"follow","max-snippet":"max-snippet:-1","max-image-preview":"max-image-preview:large","max-video-preview":"max-video-preview:-1"},"og_locale":"de_DE","og_type":"article","og_title":"Bronzestatue Mann mit ausgebreiteten Armen 15cm","og_description":"M\u00f6chten Sie eine Bronzestatue eines Mannes mit ausgestreckten Armen kaufen? Eliassen bietet Ihnen eine gro\u00dfe Auswahl an Bronzestatuen in einem gro\u00dfen Ausstel...","og_url":"https:\/\/dev.eliassen.nl\/de\/bronzestatue-mann-mit-ausgebreiteten-armen-15cm\/","og_site_name":"Eliassen.nl","article_publisher":"https:\/\/www.facebook.com\/TuincentrumEliassenAmmerzoden","article_modified_time":"2024-12-05T15:03:45+00:00","og_image":[{"width":560,"height":560,"url":"https:\/\/dev.eliassen.nl\/wp-content\/uploads\/2024\/01\/be39560x560.jpg","type":"image\/jpeg"}],"twitter_card":"summary_large_image","schema":{"@context":"https:\/\/schema.org","@graph":[{"@type":"WebPage","@id":"https:\/\/dev.eliassen.nl\/de\/bronzestatue-mann-mit-ausgebreiteten-armen-15cm\/","url":"https:\/\/dev.eliassen.nl\/de\/bronzestatue-mann-mit-ausgebreiteten-armen-15cm\/","name":"Bronzestatue Mann mit ausgebreiteten Armen 15cm","isPartOf":{"@id":"https:\/\/dev.eliassen.nl\/de\/#website"},"primaryImageOfPage":{"@id":"https:\/\/dev.eliassen.nl\/de\/bronzestatue-mann-mit-ausgebreiteten-armen-15cm\/#primaryimage"},"image":{"@id":"https:\/\/dev.eliassen.nl\/de\/bronzestatue-mann-mit-ausgebreiteten-armen-15cm\/#primaryimage"},"thumbnailUrl":"https:\/\/dev.eliassen.nl\/wp-content\/uploads\/2024\/01\/be39560x560.jpg","datePublished":"2022-05-13T07:43:54+00:00","dateModified":"2024-12-05T15:03:45+00:00","description":"M\u00f6chten Sie eine Bronzestatue eines Mannes mit ausgestreckten Armen kaufen? Eliassen bietet Ihnen eine gro\u00dfe Auswahl an Bronzestatuen in einem gro\u00dfen Ausstel...","breadcrumb":{"@id":"https:\/\/dev.eliassen.nl\/de\/bronzestatue-mann-mit-ausgebreiteten-armen-15cm\/#breadcrumb"},"inLanguage":"de","potentialAction":[{"@type":"ReadAction","target":["https:\/\/dev.eliassen.nl\/de\/bronzestatue-mann-mit-ausgebreiteten-armen-15cm\/"]}]},{"@type":"ImageObject","inLanguage":"de","@id":"https:\/\/dev.eliassen.nl\/de\/bronzestatue-mann-mit-ausgebreiteten-armen-15cm\/#primaryimage","url":"https:\/\/dev.eliassen.nl\/wp-content\/uploads\/2024\/01\/be39560x560.jpg","contentUrl":"https:\/\/dev.eliassen.nl\/wp-content\/uploads\/2024\/01\/be39560x560.jpg","width":560,"height":560,"caption":"BE-39!560x560"},{"@type":"BreadcrumbList","@id":"https:\/\/dev.eliassen.nl\/de\/bronzestatue-mann-mit-ausgebreiteten-armen-15cm\/#breadcrumb","itemListElement":[{"@type":"ListItem","position":1,"name":"Home","item":"https:\/\/dev.eliassen.nl\/de\/"},{"@type":"ListItem","position":2,"name":"Shop","item":"https:\/\/dev.eliassen.nl\/nl\/winkel\/"},{"@type":"ListItem","position":3,"name":"Bronzestatuen","item":"https:\/\/dev.eliassen.nl\/de\/bilder\/bronzestatuen\/"},{"@type":"ListItem","position":4,"name":"Moderne Bronzestatuen","item":"https:\/\/dev.eliassen.nl\/de\/bilder\/bronzestatuen\/moderne-bronzestatuen\/"},{"@type":"ListItem","position":5,"name":"Bronzestatue Mann mit ausgebreiteten Armen 15cm"}]},{"@type":"WebSite","@id":"https:\/\/dev.eliassen.nl\/de\/#website","url":"https:\/\/dev.eliassen.nl\/de\/","name":"Eliassen Home & Garden Pleasure","description":"","publisher":{"@id":"https:\/\/dev.eliassen.nl\/de\/#organization"},"alternateName":"Eliassen.nl","potentialAction":[{"@type":"SearchAction","target":{"@type":"EntryPoint","urlTemplate":"https:\/\/dev.eliassen.nl\/de\/?s={search_term_string}"},"query-input":{"@type":"PropertyValueSpecification","valueRequired":true,"valueName":"search_term_string"}}],"inLanguage":"de"},{"@type":"Organization","@id":"https:\/\/dev.eliassen.nl\/de\/#organization","name":"Eliassen Home & Garden Pleasure","url":"https:\/\/dev.eliassen.nl\/de\/","logo":{"@type":"ImageObject","inLanguage":"de","@id":"https:\/\/dev.eliassen.nl\/de\/#\/schema\/logo\/image\/","url":"https:\/\/www.eliassen.nl\/wp-content\/uploads\/2024\/01\/logo_4nd.jpg","contentUrl":"https:\/\/www.eliassen.nl\/wp-content\/uploads\/2024\/01\/logo_4nd.jpg","width":500,"height":500,"caption":"Eliassen Home & Garden Pleasure"},"image":{"@id":"https:\/\/dev.eliassen.nl\/de\/#\/schema\/logo\/image\/"},"sameAs":["https:\/\/www.facebook.com\/TuincentrumEliassenAmmerzoden","https:\/\/www.instagram.com\/eliassenhomeandgarden\/","https:\/\/nl.pinterest.com\/eliassenhomeandgarden\/","https:\/\/www.youtube.com\/@eliassenhomegardenpleasure4558"]}]}},"df_price":79.5,"df_sale_price":"","df_regular_price":79.5,"df_image_link":"https:\/\/dev.eliassen.nl\/wp-content\/uploads\/2024\/01\/be39560x560.jpg","image":"https:\/\/dev.eliassen.nl\/wp-content\/uploads\/2024\/01\/be39560x560.jpg","price_search":"<span class=\"woocommerce-Price-amount amount\"><bdi><span class=\"woocommerce-Price-currencySymbol\">&euro;<\/span>&nbsp;79,50<\/bdi><\/span>","category":"Bronzestatuen","_links":{"self":[{"href":"https:\/\/dev.eliassen.nl\/de\/wp-json\/wp\/v2\/product\/72274","targetHints":{"allow":["GET"]}}],"collection":[{"href":"https:\/\/dev.eliassen.nl\/de\/wp-json\/wp\/v2\/product"}],"about":[{"href":"https:\/\/dev.eliassen.nl\/de\/wp-json\/wp\/v2\/types\/product"}],"wp:featuredmedia":[{"embeddable":true,"href":"https:\/\/dev.eliassen.nl\/de\/wp-json\/wp\/v2\/media\/72268"}],"wp:attachment":[{"href":"https:\/\/dev.eliassen.nl\/de\/wp-json\/wp\/v2\/media?parent=72274"}],"wp:term":[{"taxonomy":"product_brand","embeddable":true,"href":"https:\/\/dev.eliassen.nl\/de\/wp-json\/wp\/v2\/product_brand?post=72274"},{"taxonomy":"product_cat","embeddable":true,"href":"https:\/\/dev.eliassen.nl\/de\/wp-json\/wp\/v2\/product_cat?post=72274"},{"taxonomy":"product_tag","embeddable":true,"href":"https:\/\/dev.eliassen.nl\/de\/wp-json\/wp\/v2\/product_tag?post=72274"}],"curies":[{"name":"wp","href":"https:\/\/api.w.org\/{rel}","templated":true}]}}