{"id":72328,"date":"2022-05-19T11:23:18","date_gmt":"2022-05-19T09:23:18","guid":{"rendered":"https:\/\/www.eliassen.nl\/?product=canvas-schilderij-vrouw-80x120cm"},"modified":"2024-12-05T16:03:52","modified_gmt":"2024-12-05T15:03:52","slug":"leinwandbild-frau-80x120cm","status":"publish","type":"product","link":"https:\/\/dev.eliassen.nl\/de\/leinwandbild-frau-80x120cm\/","title":{"rendered":"Leinwandbild Frau 80x120cm"},"content":{"rendered":"<p>M\u00f6chten Sie ein \u00d6lgem\u00e4lde, das auf altmodische Weise und erhaben von den besten Handwerkern gemalt wurde? Dann ist diese Serie von Wanddekorationen definitiv etwas f\u00fcr Sie. Dieses gro\u00dfe Gem\u00e4lde, das eine dunkle Frau mit einem sch\u00f6nen Flechtwerk auf dem Kopf darstellt, wurde sorgf\u00e4ltig mit den sch\u00f6nsten Farbkompositionen und mit viel Liebe zum letzten Schliff hergestellt!<br \/>Da es sich um menschliche Arbeit handelt, kann das Foto leicht von der Realit\u00e4t abweichen.<\/p>\n<p>Wir haben auch fast die gesamte Kollektion dieser Serie in unserem Gesch\u00e4ft, das in den Niederlanden einzigartig ist.<br \/>Nirgendwo sonst finden Sie eine so gro\u00dfe Sammlung. Gern geschehen.<\/p>\n<ul>\n<li>Gr\u00f6\u00dfe 80 x 120 cm<\/li>\n<li>Dicke und robuste echte Leinwand<\/li>\n<li>Einfach mit 1 oder 2 Schrauben aufzuh\u00e4ngen<\/li>\n<li>Schnell geliefert<\/li>\n<li><strong>Gr\u00f6\u00dfte Sammlung in den Benelux-L\u00e4ndern, die auch live betrachtet werden kann.<\/strong><\/li>\n<li>1 Jahr Garantie<\/li>\n<\/ul>\n","protected":false},"excerpt":{"rendered":"<p>M\u00f6chten Sie ein \u00d6lgem\u00e4lde, das auf altmodische Weise und erhaben von den besten Handwerkern gemalt wurde? Dann ist diese Serie von Wanddekorationen definitiv etwas f\u00fcr Sie. Dieses gro\u00dfe Gem\u00e4lde, das eine dunkle Frau mit einem sch\u00f6nen Flechtwerk auf dem Kopf darstellt, wurde sorgf\u00e4ltig mit den sch\u00f6nsten Farbkompositionen und mit viel Liebe zum letzten Schliff hergestellt!Da &hellip;<\/p>\n","protected":false},"featured_media":72325,"template":"","meta":{"_acf_changed":false},"product_brand":[],"product_cat":[410,476],"product_tag":[],"class_list":{"0":"post-72328","1":"product","2":"type-product","3":"status-publish","4":"has-post-thumbnail","6":"product_cat-gemaelde","7":"product_cat-gemaelde-auf-leinwand","9":"first","10":"instock","11":"taxable","12":"shipping-taxable","13":"purchasable","14":"product-type-simple"},"acf":[],"yoast_head":"<!-- This site is optimized with the Yoast SEO plugin v23.8 - https:\/\/yoast.com\/wordpress\/plugins\/seo\/ -->\n<title>Leinwandbild Frau 80x120cm<\/title>\n<meta name=\"description\" content=\"Leinwandbild Frau kaufen? Eliassen bietet Ihnen eine gro\u00dfe Auswahl an (Leinwand-)Gem\u00e4lden in einem gro\u00dfen Ausstellungsraum und online schnelle Lieferzeiten.\" \/>\n<meta name=\"robots\" content=\"noindex, follow, max-snippet:-1, max-image-preview:large, max-video-preview:-1\" \/>\n<meta property=\"og:locale\" content=\"de_DE\" \/>\n<meta property=\"og:type\" content=\"article\" \/>\n<meta property=\"og:title\" content=\"Leinwandbild Frau 80x120cm\" \/>\n<meta property=\"og:description\" content=\"Leinwandbild Frau kaufen? Eliassen bietet Ihnen eine gro\u00dfe Auswahl an (Leinwand-)Gem\u00e4lden in einem gro\u00dfen Ausstellungsraum und online schnelle Lieferzeiten.\" \/>\n<meta property=\"og:url\" content=\"https:\/\/dev.eliassen.nl\/de\/leinwandbild-frau-80x120cm\/\" \/>\n<meta property=\"og:site_name\" content=\"Eliassen.nl\" \/>\n<meta property=\"article:publisher\" content=\"https:\/\/www.facebook.com\/TuincentrumEliassenAmmerzoden\" \/>\n<meta property=\"article:modified_time\" content=\"2024-12-05T15:03:52+00:00\" \/>\n<meta property=\"og:image\" content=\"https:\/\/dev.eliassen.nl\/wp-content\/uploads\/2024\/01\/canvasvrouweliassennl.jpg\" \/>\n\t<meta property=\"og:image:width\" content=\"775\" \/>\n\t<meta property=\"og:image:height\" content=\"1161\" \/>\n\t<meta property=\"og:image:type\" content=\"image\/jpeg\" \/>\n<meta name=\"twitter:card\" content=\"summary_large_image\" \/>\n<script type=\"application\/ld+json\" class=\"yoast-schema-graph\">{\"@context\":\"https:\/\/schema.org\",\"@graph\":[{\"@type\":\"WebPage\",\"@id\":\"https:\/\/dev.eliassen.nl\/de\/leinwandbild-frau-80x120cm\/\",\"url\":\"https:\/\/dev.eliassen.nl\/de\/leinwandbild-frau-80x120cm\/\",\"name\":\"Leinwandbild Frau 80x120cm\",\"isPartOf\":{\"@id\":\"https:\/\/dev.eliassen.nl\/de\/#website\"},\"primaryImageOfPage\":{\"@id\":\"https:\/\/dev.eliassen.nl\/de\/leinwandbild-frau-80x120cm\/#primaryimage\"},\"image\":{\"@id\":\"https:\/\/dev.eliassen.nl\/de\/leinwandbild-frau-80x120cm\/#primaryimage\"},\"thumbnailUrl\":\"https:\/\/dev.eliassen.nl\/wp-content\/uploads\/2024\/01\/canvasvrouweliassennl.jpg\",\"datePublished\":\"2022-05-19T09:23:18+00:00\",\"dateModified\":\"2024-12-05T15:03:52+00:00\",\"description\":\"Leinwandbild Frau kaufen? Eliassen bietet Ihnen eine gro\u00dfe Auswahl an (Leinwand-)Gem\u00e4lden in einem gro\u00dfen Ausstellungsraum und online schnelle Lieferzeiten.\",\"breadcrumb\":{\"@id\":\"https:\/\/dev.eliassen.nl\/de\/leinwandbild-frau-80x120cm\/#breadcrumb\"},\"inLanguage\":\"de\",\"potentialAction\":[{\"@type\":\"ReadAction\",\"target\":[\"https:\/\/dev.eliassen.nl\/de\/leinwandbild-frau-80x120cm\/\"]}]},{\"@type\":\"ImageObject\",\"inLanguage\":\"de\",\"@id\":\"https:\/\/dev.eliassen.nl\/de\/leinwandbild-frau-80x120cm\/#primaryimage\",\"url\":\"https:\/\/dev.eliassen.nl\/wp-content\/uploads\/2024\/01\/canvasvrouweliassennl.jpg\",\"contentUrl\":\"https:\/\/dev.eliassen.nl\/wp-content\/uploads\/2024\/01\/canvasvrouweliassennl.jpg\",\"width\":775,\"height\":1161,\"caption\":\"Canvas Vrouw - Eliassen.nl\"},{\"@type\":\"BreadcrumbList\",\"@id\":\"https:\/\/dev.eliassen.nl\/de\/leinwandbild-frau-80x120cm\/#breadcrumb\",\"itemListElement\":[{\"@type\":\"ListItem\",\"position\":1,\"name\":\"Home\",\"item\":\"https:\/\/dev.eliassen.nl\/de\/\"},{\"@type\":\"ListItem\",\"position\":2,\"name\":\"Shop\",\"item\":\"https:\/\/dev.eliassen.nl\/nl\/winkel\/\"},{\"@type\":\"ListItem\",\"position\":3,\"name\":\"Gem\u00e4lde\",\"item\":\"https:\/\/dev.eliassen.nl\/de\/gemaelde\/\"},{\"@type\":\"ListItem\",\"position\":4,\"name\":\"Gem\u00e4lde auf Leinwand\",\"item\":\"https:\/\/dev.eliassen.nl\/de\/gemaelde\/gemaelde-auf-leinwand\/\"},{\"@type\":\"ListItem\",\"position\":5,\"name\":\"Leinwandbild Frau 80x120cm\"}]},{\"@type\":\"WebSite\",\"@id\":\"https:\/\/dev.eliassen.nl\/de\/#website\",\"url\":\"https:\/\/dev.eliassen.nl\/de\/\",\"name\":\"Eliassen Home & Garden Pleasure\",\"description\":\"\",\"publisher\":{\"@id\":\"https:\/\/dev.eliassen.nl\/de\/#organization\"},\"alternateName\":\"Eliassen.nl\",\"potentialAction\":[{\"@type\":\"SearchAction\",\"target\":{\"@type\":\"EntryPoint\",\"urlTemplate\":\"https:\/\/dev.eliassen.nl\/de\/?s={search_term_string}\"},\"query-input\":{\"@type\":\"PropertyValueSpecification\",\"valueRequired\":true,\"valueName\":\"search_term_string\"}}],\"inLanguage\":\"de\"},{\"@type\":\"Organization\",\"@id\":\"https:\/\/dev.eliassen.nl\/de\/#organization\",\"name\":\"Eliassen Home & Garden Pleasure\",\"url\":\"https:\/\/dev.eliassen.nl\/de\/\",\"logo\":{\"@type\":\"ImageObject\",\"inLanguage\":\"de\",\"@id\":\"https:\/\/dev.eliassen.nl\/de\/#\/schema\/logo\/image\/\",\"url\":\"https:\/\/www.eliassen.nl\/wp-content\/uploads\/2024\/01\/logo_4nd.jpg\",\"contentUrl\":\"https:\/\/www.eliassen.nl\/wp-content\/uploads\/2024\/01\/logo_4nd.jpg\",\"width\":500,\"height\":500,\"caption\":\"Eliassen Home & Garden Pleasure\"},\"image\":{\"@id\":\"https:\/\/dev.eliassen.nl\/de\/#\/schema\/logo\/image\/\"},\"sameAs\":[\"https:\/\/www.facebook.com\/TuincentrumEliassenAmmerzoden\",\"https:\/\/www.instagram.com\/eliassenhomeandgarden\/\",\"https:\/\/nl.pinterest.com\/eliassenhomeandgarden\/\",\"https:\/\/www.youtube.com\/@eliassenhomegardenpleasure4558\"]}]}<\/script>\n<!-- \/ Yoast SEO plugin. -->","yoast_head_json":{"title":"Leinwandbild Frau 80x120cm","description":"Leinwandbild Frau kaufen? Eliassen bietet Ihnen eine gro\u00dfe Auswahl an (Leinwand-)Gem\u00e4lden in einem gro\u00dfen Ausstellungsraum und online schnelle Lieferzeiten.","robots":{"index":"noindex","follow":"follow","max-snippet":"max-snippet:-1","max-image-preview":"max-image-preview:large","max-video-preview":"max-video-preview:-1"},"og_locale":"de_DE","og_type":"article","og_title":"Leinwandbild Frau 80x120cm","og_description":"Leinwandbild Frau kaufen? Eliassen bietet Ihnen eine gro\u00dfe Auswahl an (Leinwand-)Gem\u00e4lden in einem gro\u00dfen Ausstellungsraum und online schnelle Lieferzeiten.","og_url":"https:\/\/dev.eliassen.nl\/de\/leinwandbild-frau-80x120cm\/","og_site_name":"Eliassen.nl","article_publisher":"https:\/\/www.facebook.com\/TuincentrumEliassenAmmerzoden","article_modified_time":"2024-12-05T15:03:52+00:00","og_image":[{"width":775,"height":1161,"url":"https:\/\/dev.eliassen.nl\/wp-content\/uploads\/2024\/01\/canvasvrouweliassennl.jpg","type":"image\/jpeg"}],"twitter_card":"summary_large_image","schema":{"@context":"https:\/\/schema.org","@graph":[{"@type":"WebPage","@id":"https:\/\/dev.eliassen.nl\/de\/leinwandbild-frau-80x120cm\/","url":"https:\/\/dev.eliassen.nl\/de\/leinwandbild-frau-80x120cm\/","name":"Leinwandbild Frau 80x120cm","isPartOf":{"@id":"https:\/\/dev.eliassen.nl\/de\/#website"},"primaryImageOfPage":{"@id":"https:\/\/dev.eliassen.nl\/de\/leinwandbild-frau-80x120cm\/#primaryimage"},"image":{"@id":"https:\/\/dev.eliassen.nl\/de\/leinwandbild-frau-80x120cm\/#primaryimage"},"thumbnailUrl":"https:\/\/dev.eliassen.nl\/wp-content\/uploads\/2024\/01\/canvasvrouweliassennl.jpg","datePublished":"2022-05-19T09:23:18+00:00","dateModified":"2024-12-05T15:03:52+00:00","description":"Leinwandbild Frau kaufen? Eliassen bietet Ihnen eine gro\u00dfe Auswahl an (Leinwand-)Gem\u00e4lden in einem gro\u00dfen Ausstellungsraum und online schnelle Lieferzeiten.","breadcrumb":{"@id":"https:\/\/dev.eliassen.nl\/de\/leinwandbild-frau-80x120cm\/#breadcrumb"},"inLanguage":"de","potentialAction":[{"@type":"ReadAction","target":["https:\/\/dev.eliassen.nl\/de\/leinwandbild-frau-80x120cm\/"]}]},{"@type":"ImageObject","inLanguage":"de","@id":"https:\/\/dev.eliassen.nl\/de\/leinwandbild-frau-80x120cm\/#primaryimage","url":"https:\/\/dev.eliassen.nl\/wp-content\/uploads\/2024\/01\/canvasvrouweliassennl.jpg","contentUrl":"https:\/\/dev.eliassen.nl\/wp-content\/uploads\/2024\/01\/canvasvrouweliassennl.jpg","width":775,"height":1161,"caption":"Canvas Vrouw - Eliassen.nl"},{"@type":"BreadcrumbList","@id":"https:\/\/dev.eliassen.nl\/de\/leinwandbild-frau-80x120cm\/#breadcrumb","itemListElement":[{"@type":"ListItem","position":1,"name":"Home","item":"https:\/\/dev.eliassen.nl\/de\/"},{"@type":"ListItem","position":2,"name":"Shop","item":"https:\/\/dev.eliassen.nl\/nl\/winkel\/"},{"@type":"ListItem","position":3,"name":"Gem\u00e4lde","item":"https:\/\/dev.eliassen.nl\/de\/gemaelde\/"},{"@type":"ListItem","position":4,"name":"Gem\u00e4lde auf Leinwand","item":"https:\/\/dev.eliassen.nl\/de\/gemaelde\/gemaelde-auf-leinwand\/"},{"@type":"ListItem","position":5,"name":"Leinwandbild Frau 80x120cm"}]},{"@type":"WebSite","@id":"https:\/\/dev.eliassen.nl\/de\/#website","url":"https:\/\/dev.eliassen.nl\/de\/","name":"Eliassen Home & Garden Pleasure","description":"","publisher":{"@id":"https:\/\/dev.eliassen.nl\/de\/#organization"},"alternateName":"Eliassen.nl","potentialAction":[{"@type":"SearchAction","target":{"@type":"EntryPoint","urlTemplate":"https:\/\/dev.eliassen.nl\/de\/?s={search_term_string}"},"query-input":{"@type":"PropertyValueSpecification","valueRequired":true,"valueName":"search_term_string"}}],"inLanguage":"de"},{"@type":"Organization","@id":"https:\/\/dev.eliassen.nl\/de\/#organization","name":"Eliassen Home & Garden Pleasure","url":"https:\/\/dev.eliassen.nl\/de\/","logo":{"@type":"ImageObject","inLanguage":"de","@id":"https:\/\/dev.eliassen.nl\/de\/#\/schema\/logo\/image\/","url":"https:\/\/www.eliassen.nl\/wp-content\/uploads\/2024\/01\/logo_4nd.jpg","contentUrl":"https:\/\/www.eliassen.nl\/wp-content\/uploads\/2024\/01\/logo_4nd.jpg","width":500,"height":500,"caption":"Eliassen Home & Garden Pleasure"},"image":{"@id":"https:\/\/dev.eliassen.nl\/de\/#\/schema\/logo\/image\/"},"sameAs":["https:\/\/www.facebook.com\/TuincentrumEliassenAmmerzoden","https:\/\/www.instagram.com\/eliassenhomeandgarden\/","https:\/\/nl.pinterest.com\/eliassenhomeandgarden\/","https:\/\/www.youtube.com\/@eliassenhomegardenpleasure4558"]}]}},"df_price":119,"df_sale_price":"","df_regular_price":119,"df_image_link":"https:\/\/dev.eliassen.nl\/wp-content\/uploads\/2024\/01\/canvasvrouweliassennl.jpg","image":"https:\/\/dev.eliassen.nl\/wp-content\/uploads\/2024\/01\/canvasvrouweliassennl.jpg","price_search":"<span class=\"woocommerce-Price-amount amount\"><bdi><span class=\"woocommerce-Price-currencySymbol\">&euro;<\/span>&nbsp;119,00<\/bdi><\/span>","category":"Gem\u00e4lde","_links":{"self":[{"href":"https:\/\/dev.eliassen.nl\/de\/wp-json\/wp\/v2\/product\/72328","targetHints":{"allow":["GET"]}}],"collection":[{"href":"https:\/\/dev.eliassen.nl\/de\/wp-json\/wp\/v2\/product"}],"about":[{"href":"https:\/\/dev.eliassen.nl\/de\/wp-json\/wp\/v2\/types\/product"}],"wp:featuredmedia":[{"embeddable":true,"href":"https:\/\/dev.eliassen.nl\/de\/wp-json\/wp\/v2\/media\/72325"}],"wp:attachment":[{"href":"https:\/\/dev.eliassen.nl\/de\/wp-json\/wp\/v2\/media?parent=72328"}],"wp:term":[{"taxonomy":"product_brand","embeddable":true,"href":"https:\/\/dev.eliassen.nl\/de\/wp-json\/wp\/v2\/product_brand?post=72328"},{"taxonomy":"product_cat","embeddable":true,"href":"https:\/\/dev.eliassen.nl\/de\/wp-json\/wp\/v2\/product_cat?post=72328"},{"taxonomy":"product_tag","embeddable":true,"href":"https:\/\/dev.eliassen.nl\/de\/wp-json\/wp\/v2\/product_tag?post=72328"}],"curies":[{"name":"wp","href":"https:\/\/api.w.org\/{rel}","templated":true}]}}