{"id":72493,"date":"2022-05-24T19:21:12","date_gmt":"2022-05-24T17:21:12","guid":{"rendered":"https:\/\/www.eliassen.nl\/?product=wandklok-rond-modern-sun-50cm"},"modified":"2024-12-05T16:04:27","modified_gmt":"2024-12-05T15:04:27","slug":"wanduhr-rund-modern-sonne-50cm","status":"publish","type":"product","link":"https:\/\/dev.eliassen.nl\/de\/wanduhr-rund-modern-sonne-50cm\/","title":{"rendered":"Wanduhr rund modern Sonne 50cm"},"content":{"rendered":"<p>Die Menschen wollten schon immer wissen, wie sp\u00e4t es ist. Fr\u00fcher war eine Uhr unverzichtbar, um zu sehen, zu welcher Tageszeit die Menschen lebten. Heute ist die Uhr immer noch ein n\u00fctzlicher Gebrauchsgegenstand, wird aber zunehmend als sch\u00f6ner Wandschmuck gekauft. Diese gro\u00dfe mattschwarze Wanduhr ist komplett aus 1,5 mm dickem Metall gefertigt und verf\u00fcgt \u00fcber ein Quarzwerk, das jahrelang mit einer guten AA-Batterie l\u00e4uft. Diese moderne runde Wanduhr h\u00e4ngt etwa 1,5 cm von der Wand ab, wodurch eine sch\u00f6ne Tiefenwirkung entsteht.<\/p>\n<p><strong>Sie k\u00f6nnen diese Uhr auch in unserem Gesch\u00e4ft besichtigen, wir haben fast die gesamte Uhrenserie in unserem Gesch\u00e4ft pr\u00e4sentiert!<\/strong><\/p>\n<p><em>Technische Spezifikationen:<\/em><\/p>\n<ul>\n<li>Garantie: 2 Jahre<\/li>\n<li>Abmessungen: 50 x 2 cm<\/li>\n<li>Material: Metall<\/li>\n<li>Zifferblattfarbe: schwarz<\/li>\n<li>Handfarbe: Gold<\/li>\n<li>Stromversorgung: 1x AA-Batterie<\/li>\n<li>Einfach mit 1 Schraube aufzuh\u00e4ngen<\/li>\n<li>Verpackt in einem stabilen Karton.<\/li>\n<\/ul>\n","protected":false},"excerpt":{"rendered":"<p>Die Menschen wollten schon immer wissen, wie sp\u00e4t es ist. Fr\u00fcher war eine Uhr unverzichtbar, um zu sehen, zu welcher Tageszeit die Menschen lebten. Heute ist die Uhr immer noch ein n\u00fctzlicher Gebrauchsgegenstand, wird aber zunehmend als sch\u00f6ner Wandschmuck gekauft. Diese gro\u00dfe mattschwarze Wanduhr ist komplett aus 1,5 mm dickem Metall gefertigt und verf\u00fcgt \u00fcber &hellip;<\/p>\n","protected":false},"featured_media":72490,"template":"","meta":{"_acf_changed":false},"product_brand":[],"product_cat":[509,521],"product_tag":[],"class_list":{"0":"post-72493","1":"product","2":"type-product","3":"status-publish","4":"has-post-thumbnail","6":"product_cat-wanddekoration","7":"product_cat-wanduhren","9":"first","10":"instock","11":"taxable","12":"shipping-taxable","13":"purchasable","14":"product-type-simple"},"acf":[],"yoast_head":"<!-- This site is optimized with the Yoast SEO plugin v23.8 - https:\/\/yoast.com\/wordpress\/plugins\/seo\/ -->\n<title>Wandklok rond modern Sun 50cm<\/title>\n<meta name=\"description\" content=\"Koop veilige via de webshop, of kom kijken bij ons in de zaak!!\" \/>\n<meta name=\"robots\" content=\"noindex, follow, max-snippet:-1, max-image-preview:large, max-video-preview:-1\" \/>\n<meta property=\"og:locale\" content=\"de_DE\" \/>\n<meta property=\"og:type\" content=\"article\" \/>\n<meta property=\"og:title\" content=\"Wandklok rond modern Sun 50cm\" \/>\n<meta property=\"og:description\" content=\"Koop veilige via de webshop, of kom kijken bij ons in de zaak!!\" \/>\n<meta property=\"og:url\" content=\"https:\/\/dev.eliassen.nl\/de\/wanduhr-rund-modern-sonne-50cm\/\" \/>\n<meta property=\"og:site_name\" content=\"Eliassen.nl\" \/>\n<meta property=\"article:publisher\" content=\"https:\/\/www.facebook.com\/TuincentrumEliassenAmmerzoden\" \/>\n<meta property=\"article:modified_time\" content=\"2024-12-05T15:04:27+00:00\" \/>\n<meta property=\"og:image\" content=\"https:\/\/dev.eliassen.nl\/wp-content\/uploads\/2024\/01\/ms1049.jpg\" \/>\n\t<meta property=\"og:image:width\" content=\"800\" \/>\n\t<meta property=\"og:image:height\" content=\"800\" \/>\n\t<meta property=\"og:image:type\" content=\"image\/jpeg\" \/>\n<meta name=\"twitter:card\" content=\"summary_large_image\" \/>\n<script type=\"application\/ld+json\" class=\"yoast-schema-graph\">{\"@context\":\"https:\/\/schema.org\",\"@graph\":[{\"@type\":\"WebPage\",\"@id\":\"https:\/\/dev.eliassen.nl\/de\/wanduhr-rund-modern-sonne-50cm\/\",\"url\":\"https:\/\/dev.eliassen.nl\/de\/wanduhr-rund-modern-sonne-50cm\/\",\"name\":\"Wandklok rond modern Sun 50cm\",\"isPartOf\":{\"@id\":\"https:\/\/dev.eliassen.nl\/de\/#website\"},\"primaryImageOfPage\":{\"@id\":\"https:\/\/dev.eliassen.nl\/de\/wanduhr-rund-modern-sonne-50cm\/#primaryimage\"},\"image\":{\"@id\":\"https:\/\/dev.eliassen.nl\/de\/wanduhr-rund-modern-sonne-50cm\/#primaryimage\"},\"thumbnailUrl\":\"https:\/\/dev.eliassen.nl\/wp-content\/uploads\/2024\/01\/ms1049.jpg\",\"datePublished\":\"2022-05-24T17:21:12+00:00\",\"dateModified\":\"2024-12-05T15:04:27+00:00\",\"description\":\"Koop veilige via de webshop, of kom kijken bij ons in de zaak!!\",\"breadcrumb\":{\"@id\":\"https:\/\/dev.eliassen.nl\/de\/wanduhr-rund-modern-sonne-50cm\/#breadcrumb\"},\"inLanguage\":\"de\",\"potentialAction\":[{\"@type\":\"ReadAction\",\"target\":[\"https:\/\/dev.eliassen.nl\/de\/wanduhr-rund-modern-sonne-50cm\/\"]}]},{\"@type\":\"ImageObject\",\"inLanguage\":\"de\",\"@id\":\"https:\/\/dev.eliassen.nl\/de\/wanduhr-rund-modern-sonne-50cm\/#primaryimage\",\"url\":\"https:\/\/dev.eliassen.nl\/wp-content\/uploads\/2024\/01\/ms1049.jpg\",\"contentUrl\":\"https:\/\/dev.eliassen.nl\/wp-content\/uploads\/2024\/01\/ms1049.jpg\",\"width\":800,\"height\":800,\"caption\":\"MS1049\"},{\"@type\":\"BreadcrumbList\",\"@id\":\"https:\/\/dev.eliassen.nl\/de\/wanduhr-rund-modern-sonne-50cm\/#breadcrumb\",\"itemListElement\":[{\"@type\":\"ListItem\",\"position\":1,\"name\":\"Home\",\"item\":\"https:\/\/dev.eliassen.nl\/de\/\"},{\"@type\":\"ListItem\",\"position\":2,\"name\":\"Shop\",\"item\":\"https:\/\/dev.eliassen.nl\/nl\/winkel\/\"},{\"@type\":\"ListItem\",\"position\":3,\"name\":\"Wanddekoration\",\"item\":\"https:\/\/dev.eliassen.nl\/de\/wanddekoration\/\"},{\"@type\":\"ListItem\",\"position\":4,\"name\":\"Wanduhren\",\"item\":\"https:\/\/dev.eliassen.nl\/de\/wanddekoration\/wanduhren\/\"},{\"@type\":\"ListItem\",\"position\":5,\"name\":\"Wanduhr rund modern Sonne 50cm\"}]},{\"@type\":\"WebSite\",\"@id\":\"https:\/\/dev.eliassen.nl\/de\/#website\",\"url\":\"https:\/\/dev.eliassen.nl\/de\/\",\"name\":\"Eliassen Home & Garden Pleasure\",\"description\":\"\",\"publisher\":{\"@id\":\"https:\/\/dev.eliassen.nl\/de\/#organization\"},\"alternateName\":\"Eliassen.nl\",\"potentialAction\":[{\"@type\":\"SearchAction\",\"target\":{\"@type\":\"EntryPoint\",\"urlTemplate\":\"https:\/\/dev.eliassen.nl\/de\/?s={search_term_string}\"},\"query-input\":{\"@type\":\"PropertyValueSpecification\",\"valueRequired\":true,\"valueName\":\"search_term_string\"}}],\"inLanguage\":\"de\"},{\"@type\":\"Organization\",\"@id\":\"https:\/\/dev.eliassen.nl\/de\/#organization\",\"name\":\"Eliassen Home & Garden Pleasure\",\"url\":\"https:\/\/dev.eliassen.nl\/de\/\",\"logo\":{\"@type\":\"ImageObject\",\"inLanguage\":\"de\",\"@id\":\"https:\/\/dev.eliassen.nl\/de\/#\/schema\/logo\/image\/\",\"url\":\"https:\/\/www.eliassen.nl\/wp-content\/uploads\/2024\/01\/logo_4nd.jpg\",\"contentUrl\":\"https:\/\/www.eliassen.nl\/wp-content\/uploads\/2024\/01\/logo_4nd.jpg\",\"width\":500,\"height\":500,\"caption\":\"Eliassen Home & Garden Pleasure\"},\"image\":{\"@id\":\"https:\/\/dev.eliassen.nl\/de\/#\/schema\/logo\/image\/\"},\"sameAs\":[\"https:\/\/www.facebook.com\/TuincentrumEliassenAmmerzoden\",\"https:\/\/www.instagram.com\/eliassenhomeandgarden\/\",\"https:\/\/nl.pinterest.com\/eliassenhomeandgarden\/\",\"https:\/\/www.youtube.com\/@eliassenhomegardenpleasure4558\"]}]}<\/script>\n<!-- \/ Yoast SEO plugin. -->","yoast_head_json":{"title":"Wandklok rond modern Sun 50cm","description":"Koop veilige via de webshop, of kom kijken bij ons in de zaak!!","robots":{"index":"noindex","follow":"follow","max-snippet":"max-snippet:-1","max-image-preview":"max-image-preview:large","max-video-preview":"max-video-preview:-1"},"og_locale":"de_DE","og_type":"article","og_title":"Wandklok rond modern Sun 50cm","og_description":"Koop veilige via de webshop, of kom kijken bij ons in de zaak!!","og_url":"https:\/\/dev.eliassen.nl\/de\/wanduhr-rund-modern-sonne-50cm\/","og_site_name":"Eliassen.nl","article_publisher":"https:\/\/www.facebook.com\/TuincentrumEliassenAmmerzoden","article_modified_time":"2024-12-05T15:04:27+00:00","og_image":[{"width":800,"height":800,"url":"https:\/\/dev.eliassen.nl\/wp-content\/uploads\/2024\/01\/ms1049.jpg","type":"image\/jpeg"}],"twitter_card":"summary_large_image","schema":{"@context":"https:\/\/schema.org","@graph":[{"@type":"WebPage","@id":"https:\/\/dev.eliassen.nl\/de\/wanduhr-rund-modern-sonne-50cm\/","url":"https:\/\/dev.eliassen.nl\/de\/wanduhr-rund-modern-sonne-50cm\/","name":"Wandklok rond modern Sun 50cm","isPartOf":{"@id":"https:\/\/dev.eliassen.nl\/de\/#website"},"primaryImageOfPage":{"@id":"https:\/\/dev.eliassen.nl\/de\/wanduhr-rund-modern-sonne-50cm\/#primaryimage"},"image":{"@id":"https:\/\/dev.eliassen.nl\/de\/wanduhr-rund-modern-sonne-50cm\/#primaryimage"},"thumbnailUrl":"https:\/\/dev.eliassen.nl\/wp-content\/uploads\/2024\/01\/ms1049.jpg","datePublished":"2022-05-24T17:21:12+00:00","dateModified":"2024-12-05T15:04:27+00:00","description":"Koop veilige via de webshop, of kom kijken bij ons in de zaak!!","breadcrumb":{"@id":"https:\/\/dev.eliassen.nl\/de\/wanduhr-rund-modern-sonne-50cm\/#breadcrumb"},"inLanguage":"de","potentialAction":[{"@type":"ReadAction","target":["https:\/\/dev.eliassen.nl\/de\/wanduhr-rund-modern-sonne-50cm\/"]}]},{"@type":"ImageObject","inLanguage":"de","@id":"https:\/\/dev.eliassen.nl\/de\/wanduhr-rund-modern-sonne-50cm\/#primaryimage","url":"https:\/\/dev.eliassen.nl\/wp-content\/uploads\/2024\/01\/ms1049.jpg","contentUrl":"https:\/\/dev.eliassen.nl\/wp-content\/uploads\/2024\/01\/ms1049.jpg","width":800,"height":800,"caption":"MS1049"},{"@type":"BreadcrumbList","@id":"https:\/\/dev.eliassen.nl\/de\/wanduhr-rund-modern-sonne-50cm\/#breadcrumb","itemListElement":[{"@type":"ListItem","position":1,"name":"Home","item":"https:\/\/dev.eliassen.nl\/de\/"},{"@type":"ListItem","position":2,"name":"Shop","item":"https:\/\/dev.eliassen.nl\/nl\/winkel\/"},{"@type":"ListItem","position":3,"name":"Wanddekoration","item":"https:\/\/dev.eliassen.nl\/de\/wanddekoration\/"},{"@type":"ListItem","position":4,"name":"Wanduhren","item":"https:\/\/dev.eliassen.nl\/de\/wanddekoration\/wanduhren\/"},{"@type":"ListItem","position":5,"name":"Wanduhr rund modern Sonne 50cm"}]},{"@type":"WebSite","@id":"https:\/\/dev.eliassen.nl\/de\/#website","url":"https:\/\/dev.eliassen.nl\/de\/","name":"Eliassen Home & Garden Pleasure","description":"","publisher":{"@id":"https:\/\/dev.eliassen.nl\/de\/#organization"},"alternateName":"Eliassen.nl","potentialAction":[{"@type":"SearchAction","target":{"@type":"EntryPoint","urlTemplate":"https:\/\/dev.eliassen.nl\/de\/?s={search_term_string}"},"query-input":{"@type":"PropertyValueSpecification","valueRequired":true,"valueName":"search_term_string"}}],"inLanguage":"de"},{"@type":"Organization","@id":"https:\/\/dev.eliassen.nl\/de\/#organization","name":"Eliassen Home & Garden Pleasure","url":"https:\/\/dev.eliassen.nl\/de\/","logo":{"@type":"ImageObject","inLanguage":"de","@id":"https:\/\/dev.eliassen.nl\/de\/#\/schema\/logo\/image\/","url":"https:\/\/www.eliassen.nl\/wp-content\/uploads\/2024\/01\/logo_4nd.jpg","contentUrl":"https:\/\/www.eliassen.nl\/wp-content\/uploads\/2024\/01\/logo_4nd.jpg","width":500,"height":500,"caption":"Eliassen Home & Garden Pleasure"},"image":{"@id":"https:\/\/dev.eliassen.nl\/de\/#\/schema\/logo\/image\/"},"sameAs":["https:\/\/www.facebook.com\/TuincentrumEliassenAmmerzoden","https:\/\/www.instagram.com\/eliassenhomeandgarden\/","https:\/\/nl.pinterest.com\/eliassenhomeandgarden\/","https:\/\/www.youtube.com\/@eliassenhomegardenpleasure4558"]}]}},"df_price":42.5,"df_sale_price":"","df_regular_price":42.5,"df_image_link":"https:\/\/dev.eliassen.nl\/wp-content\/uploads\/2024\/01\/ms1049.jpg","image":"https:\/\/dev.eliassen.nl\/wp-content\/uploads\/2024\/01\/ms1049.jpg","price_search":"<span class=\"woocommerce-Price-amount amount\"><bdi><span class=\"woocommerce-Price-currencySymbol\">&euro;<\/span>&nbsp;42,50<\/bdi><\/span>","category":"Wanddekoration","_links":{"self":[{"href":"https:\/\/dev.eliassen.nl\/de\/wp-json\/wp\/v2\/product\/72493","targetHints":{"allow":["GET"]}}],"collection":[{"href":"https:\/\/dev.eliassen.nl\/de\/wp-json\/wp\/v2\/product"}],"about":[{"href":"https:\/\/dev.eliassen.nl\/de\/wp-json\/wp\/v2\/types\/product"}],"wp:featuredmedia":[{"embeddable":true,"href":"https:\/\/dev.eliassen.nl\/de\/wp-json\/wp\/v2\/media\/72490"}],"wp:attachment":[{"href":"https:\/\/dev.eliassen.nl\/de\/wp-json\/wp\/v2\/media?parent=72493"}],"wp:term":[{"taxonomy":"product_brand","embeddable":true,"href":"https:\/\/dev.eliassen.nl\/de\/wp-json\/wp\/v2\/product_brand?post=72493"},{"taxonomy":"product_cat","embeddable":true,"href":"https:\/\/dev.eliassen.nl\/de\/wp-json\/wp\/v2\/product_cat?post=72493"},{"taxonomy":"product_tag","embeddable":true,"href":"https:\/\/dev.eliassen.nl\/de\/wp-json\/wp\/v2\/product_tag?post=72493"}],"curies":[{"name":"wp","href":"https:\/\/api.w.org\/{rel}","templated":true}]}}