{"id":72517,"date":"2022-05-25T10:30:33","date_gmt":"2022-05-25T08:30:33","guid":{"rendered":"https:\/\/www.eliassen.nl\/?product=schilderij-canvas-bloemenhoofd-2-54x74cm-135149821"},"modified":"2024-12-05T16:04:33","modified_gmt":"2024-12-05T15:04:33","slug":"malleinwand-blutenkopf-2-54x74cm","status":"publish","type":"product","link":"https:\/\/dev.eliassen.nl\/de\/malleinwand-blutenkopf-2-54x74cm\/","title":{"rendered":"Malleinwand Bl\u00fctenkopf 2 54x74cm"},"content":{"rendered":"<p>M\u00f6chten Sie ein \u00d6lgem\u00e4lde, das auf altmodische Weise und erhaben von den besten Handwerkern gemalt wurde? Dann ist diese Serie von Wanddekorationen definitiv etwas f\u00fcr Sie. Dieses Gem\u00e4lde mit dem Bild eines Bl\u00fctenkopfes wurde sorgf\u00e4ltig mit den sch\u00f6nsten Farbkompositionen und mit viel Liebe zum letzten Schliff angefertigt!<br \/>Da es sich um menschliche Arbeit handelt, kann das Foto leicht von der Realit\u00e4t abweichen.<\/p>\n<p>Wir haben auch fast die gesamte Kollektion dieser Serie im Gesch\u00e4ft, was in den Niederlanden einzigartig ist.<br \/>Nirgendwo sonst finden Sie eine so gro\u00dfe Sammlung. Gern geschehen.<\/p>\n<ul>\n<li>Gr\u00f6\u00dfe 54 x 74 cm<\/li>\n<li>Dicke und robuste echte Leinwand<\/li>\n<li>Einfach mit einer Schraube aufzuh\u00e4ngen<\/li>\n<li>Schnell geliefert<\/li>\n<li><strong>Gr\u00f6\u00dfte Sammlung in den Benelux-L\u00e4ndern, die auch live betrachtet werden kann.<\/strong><\/li>\n<li>1 Jahr Garantie<\/li>\n<\/ul>\n","protected":false},"excerpt":{"rendered":"<p>M\u00f6chten Sie ein \u00d6lgem\u00e4lde, das auf altmodische Weise und erhaben von den besten Handwerkern gemalt wurde? Dann ist diese Serie von Wanddekorationen definitiv etwas f\u00fcr Sie. Dieses Gem\u00e4lde mit dem Bild eines Bl\u00fctenkopfes wurde sorgf\u00e4ltig mit den sch\u00f6nsten Farbkompositionen und mit viel Liebe zum letzten Schliff angefertigt!Da es sich um menschliche Arbeit handelt, kann das &hellip;<\/p>\n","protected":false},"featured_media":72514,"template":"","meta":{"_acf_changed":false},"product_brand":[],"product_cat":[410,476],"product_tag":[],"class_list":{"0":"post-72517","1":"product","2":"type-product","3":"status-publish","4":"has-post-thumbnail","6":"product_cat-gemaelde","7":"product_cat-gemaelde-auf-leinwand","9":"first","10":"instock","11":"sale","12":"taxable","13":"shipping-taxable","14":"purchasable","15":"product-type-simple"},"acf":[],"yoast_head":"<!-- This site is optimized with the Yoast SEO plugin v23.8 - https:\/\/yoast.com\/wordpress\/plugins\/seo\/ -->\n<title>Malleinwand Blumenkopf 2 54x74cm - Eliassen.nl<\/title>\n<meta name=\"description\" content=\"M\u00f6chten Sie ein Leinwandbild kaufen? Sehen Sie sich das Gem\u00e4lde Bloemenhoofd 2 und viele andere im Ausstellungsraum oder auf unserer Website an. \u2713 Gro\u00dfe Samm...\" \/>\n<meta name=\"robots\" content=\"noindex, follow, max-snippet:-1, max-image-preview:large, max-video-preview:-1\" \/>\n<meta property=\"og:locale\" content=\"de_DE\" \/>\n<meta property=\"og:type\" content=\"article\" \/>\n<meta property=\"og:title\" content=\"Malleinwand Blumenkopf 2 54x74cm - Eliassen.nl\" \/>\n<meta property=\"og:description\" content=\"M\u00f6chten Sie ein Leinwandbild kaufen? Sehen Sie sich das Gem\u00e4lde Bloemenhoofd 2 und viele andere im Ausstellungsraum oder auf unserer Website an. \u2713 Gro\u00dfe Samm...\" \/>\n<meta property=\"og:url\" content=\"https:\/\/dev.eliassen.nl\/de\/malleinwand-blutenkopf-2-54x74cm\/\" \/>\n<meta property=\"og:site_name\" content=\"Eliassen.nl\" \/>\n<meta property=\"article:publisher\" content=\"https:\/\/www.facebook.com\/TuincentrumEliassenAmmerzoden\" \/>\n<meta property=\"article:modified_time\" content=\"2024-12-05T15:04:33+00:00\" \/>\n<meta property=\"og:image\" content=\"https:\/\/dev.eliassen.nl\/wp-content\/uploads\/2024\/01\/schilderijcanvasbloemenhoofd254x74cmeliasse.jpg\" \/>\n\t<meta property=\"og:image:width\" content=\"496\" \/>\n\t<meta property=\"og:image:height\" content=\"738\" \/>\n\t<meta property=\"og:image:type\" content=\"image\/jpeg\" \/>\n<meta name=\"twitter:card\" content=\"summary_large_image\" \/>\n<script type=\"application\/ld+json\" class=\"yoast-schema-graph\">{\"@context\":\"https:\/\/schema.org\",\"@graph\":[{\"@type\":\"WebPage\",\"@id\":\"https:\/\/dev.eliassen.nl\/de\/malleinwand-blutenkopf-2-54x74cm\/\",\"url\":\"https:\/\/dev.eliassen.nl\/de\/malleinwand-blutenkopf-2-54x74cm\/\",\"name\":\"Malleinwand Blumenkopf 2 54x74cm - Eliassen.nl\",\"isPartOf\":{\"@id\":\"https:\/\/dev.eliassen.nl\/de\/#website\"},\"primaryImageOfPage\":{\"@id\":\"https:\/\/dev.eliassen.nl\/de\/malleinwand-blutenkopf-2-54x74cm\/#primaryimage\"},\"image\":{\"@id\":\"https:\/\/dev.eliassen.nl\/de\/malleinwand-blutenkopf-2-54x74cm\/#primaryimage\"},\"thumbnailUrl\":\"https:\/\/dev.eliassen.nl\/wp-content\/uploads\/2024\/01\/schilderijcanvasbloemenhoofd254x74cmeliasse.jpg\",\"datePublished\":\"2022-05-25T08:30:33+00:00\",\"dateModified\":\"2024-12-05T15:04:33+00:00\",\"description\":\"M\u00f6chten Sie ein Leinwandbild kaufen? Sehen Sie sich das Gem\u00e4lde Bloemenhoofd 2 und viele andere im Ausstellungsraum oder auf unserer Website an. \u2713 Gro\u00dfe Samm...\",\"breadcrumb\":{\"@id\":\"https:\/\/dev.eliassen.nl\/de\/malleinwand-blutenkopf-2-54x74cm\/#breadcrumb\"},\"inLanguage\":\"de\",\"potentialAction\":[{\"@type\":\"ReadAction\",\"target\":[\"https:\/\/dev.eliassen.nl\/de\/malleinwand-blutenkopf-2-54x74cm\/\"]}]},{\"@type\":\"ImageObject\",\"inLanguage\":\"de\",\"@id\":\"https:\/\/dev.eliassen.nl\/de\/malleinwand-blutenkopf-2-54x74cm\/#primaryimage\",\"url\":\"https:\/\/dev.eliassen.nl\/wp-content\/uploads\/2024\/01\/schilderijcanvasbloemenhoofd254x74cmeliasse.jpg\",\"contentUrl\":\"https:\/\/dev.eliassen.nl\/wp-content\/uploads\/2024\/01\/schilderijcanvasbloemenhoofd254x74cmeliasse.jpg\",\"width\":496,\"height\":738,\"caption\":\"Schilderij canvas Bloemenhoofd 2 54x74cm - Eliassen.nl\"},{\"@type\":\"BreadcrumbList\",\"@id\":\"https:\/\/dev.eliassen.nl\/de\/malleinwand-blutenkopf-2-54x74cm\/#breadcrumb\",\"itemListElement\":[{\"@type\":\"ListItem\",\"position\":1,\"name\":\"Home\",\"item\":\"https:\/\/dev.eliassen.nl\/de\/\"},{\"@type\":\"ListItem\",\"position\":2,\"name\":\"Shop\",\"item\":\"https:\/\/dev.eliassen.nl\/nl\/winkel\/\"},{\"@type\":\"ListItem\",\"position\":3,\"name\":\"Gem\u00e4lde\",\"item\":\"https:\/\/dev.eliassen.nl\/de\/gemaelde\/\"},{\"@type\":\"ListItem\",\"position\":4,\"name\":\"Gem\u00e4lde auf Leinwand\",\"item\":\"https:\/\/dev.eliassen.nl\/de\/gemaelde\/gemaelde-auf-leinwand\/\"},{\"@type\":\"ListItem\",\"position\":5,\"name\":\"Malleinwand Bl\u00fctenkopf 2 54x74cm\"}]},{\"@type\":\"WebSite\",\"@id\":\"https:\/\/dev.eliassen.nl\/de\/#website\",\"url\":\"https:\/\/dev.eliassen.nl\/de\/\",\"name\":\"Eliassen Home & Garden Pleasure\",\"description\":\"\",\"publisher\":{\"@id\":\"https:\/\/dev.eliassen.nl\/de\/#organization\"},\"alternateName\":\"Eliassen.nl\",\"potentialAction\":[{\"@type\":\"SearchAction\",\"target\":{\"@type\":\"EntryPoint\",\"urlTemplate\":\"https:\/\/dev.eliassen.nl\/de\/?s={search_term_string}\"},\"query-input\":{\"@type\":\"PropertyValueSpecification\",\"valueRequired\":true,\"valueName\":\"search_term_string\"}}],\"inLanguage\":\"de\"},{\"@type\":\"Organization\",\"@id\":\"https:\/\/dev.eliassen.nl\/de\/#organization\",\"name\":\"Eliassen Home & Garden Pleasure\",\"url\":\"https:\/\/dev.eliassen.nl\/de\/\",\"logo\":{\"@type\":\"ImageObject\",\"inLanguage\":\"de\",\"@id\":\"https:\/\/dev.eliassen.nl\/de\/#\/schema\/logo\/image\/\",\"url\":\"https:\/\/www.eliassen.nl\/wp-content\/uploads\/2024\/01\/logo_4nd.jpg\",\"contentUrl\":\"https:\/\/www.eliassen.nl\/wp-content\/uploads\/2024\/01\/logo_4nd.jpg\",\"width\":500,\"height\":500,\"caption\":\"Eliassen Home & Garden Pleasure\"},\"image\":{\"@id\":\"https:\/\/dev.eliassen.nl\/de\/#\/schema\/logo\/image\/\"},\"sameAs\":[\"https:\/\/www.facebook.com\/TuincentrumEliassenAmmerzoden\",\"https:\/\/www.instagram.com\/eliassenhomeandgarden\/\",\"https:\/\/nl.pinterest.com\/eliassenhomeandgarden\/\",\"https:\/\/www.youtube.com\/@eliassenhomegardenpleasure4558\"]}]}<\/script>\n<!-- \/ Yoast SEO plugin. -->","yoast_head_json":{"title":"Malleinwand Blumenkopf 2 54x74cm - Eliassen.nl","description":"M\u00f6chten Sie ein Leinwandbild kaufen? Sehen Sie sich das Gem\u00e4lde Bloemenhoofd 2 und viele andere im Ausstellungsraum oder auf unserer Website an. \u2713 Gro\u00dfe Samm...","robots":{"index":"noindex","follow":"follow","max-snippet":"max-snippet:-1","max-image-preview":"max-image-preview:large","max-video-preview":"max-video-preview:-1"},"og_locale":"de_DE","og_type":"article","og_title":"Malleinwand Blumenkopf 2 54x74cm - Eliassen.nl","og_description":"M\u00f6chten Sie ein Leinwandbild kaufen? Sehen Sie sich das Gem\u00e4lde Bloemenhoofd 2 und viele andere im Ausstellungsraum oder auf unserer Website an. \u2713 Gro\u00dfe Samm...","og_url":"https:\/\/dev.eliassen.nl\/de\/malleinwand-blutenkopf-2-54x74cm\/","og_site_name":"Eliassen.nl","article_publisher":"https:\/\/www.facebook.com\/TuincentrumEliassenAmmerzoden","article_modified_time":"2024-12-05T15:04:33+00:00","og_image":[{"width":496,"height":738,"url":"https:\/\/dev.eliassen.nl\/wp-content\/uploads\/2024\/01\/schilderijcanvasbloemenhoofd254x74cmeliasse.jpg","type":"image\/jpeg"}],"twitter_card":"summary_large_image","schema":{"@context":"https:\/\/schema.org","@graph":[{"@type":"WebPage","@id":"https:\/\/dev.eliassen.nl\/de\/malleinwand-blutenkopf-2-54x74cm\/","url":"https:\/\/dev.eliassen.nl\/de\/malleinwand-blutenkopf-2-54x74cm\/","name":"Malleinwand Blumenkopf 2 54x74cm - Eliassen.nl","isPartOf":{"@id":"https:\/\/dev.eliassen.nl\/de\/#website"},"primaryImageOfPage":{"@id":"https:\/\/dev.eliassen.nl\/de\/malleinwand-blutenkopf-2-54x74cm\/#primaryimage"},"image":{"@id":"https:\/\/dev.eliassen.nl\/de\/malleinwand-blutenkopf-2-54x74cm\/#primaryimage"},"thumbnailUrl":"https:\/\/dev.eliassen.nl\/wp-content\/uploads\/2024\/01\/schilderijcanvasbloemenhoofd254x74cmeliasse.jpg","datePublished":"2022-05-25T08:30:33+00:00","dateModified":"2024-12-05T15:04:33+00:00","description":"M\u00f6chten Sie ein Leinwandbild kaufen? Sehen Sie sich das Gem\u00e4lde Bloemenhoofd 2 und viele andere im Ausstellungsraum oder auf unserer Website an. \u2713 Gro\u00dfe Samm...","breadcrumb":{"@id":"https:\/\/dev.eliassen.nl\/de\/malleinwand-blutenkopf-2-54x74cm\/#breadcrumb"},"inLanguage":"de","potentialAction":[{"@type":"ReadAction","target":["https:\/\/dev.eliassen.nl\/de\/malleinwand-blutenkopf-2-54x74cm\/"]}]},{"@type":"ImageObject","inLanguage":"de","@id":"https:\/\/dev.eliassen.nl\/de\/malleinwand-blutenkopf-2-54x74cm\/#primaryimage","url":"https:\/\/dev.eliassen.nl\/wp-content\/uploads\/2024\/01\/schilderijcanvasbloemenhoofd254x74cmeliasse.jpg","contentUrl":"https:\/\/dev.eliassen.nl\/wp-content\/uploads\/2024\/01\/schilderijcanvasbloemenhoofd254x74cmeliasse.jpg","width":496,"height":738,"caption":"Schilderij canvas Bloemenhoofd 2 54x74cm - Eliassen.nl"},{"@type":"BreadcrumbList","@id":"https:\/\/dev.eliassen.nl\/de\/malleinwand-blutenkopf-2-54x74cm\/#breadcrumb","itemListElement":[{"@type":"ListItem","position":1,"name":"Home","item":"https:\/\/dev.eliassen.nl\/de\/"},{"@type":"ListItem","position":2,"name":"Shop","item":"https:\/\/dev.eliassen.nl\/nl\/winkel\/"},{"@type":"ListItem","position":3,"name":"Gem\u00e4lde","item":"https:\/\/dev.eliassen.nl\/de\/gemaelde\/"},{"@type":"ListItem","position":4,"name":"Gem\u00e4lde auf Leinwand","item":"https:\/\/dev.eliassen.nl\/de\/gemaelde\/gemaelde-auf-leinwand\/"},{"@type":"ListItem","position":5,"name":"Malleinwand Bl\u00fctenkopf 2 54x74cm"}]},{"@type":"WebSite","@id":"https:\/\/dev.eliassen.nl\/de\/#website","url":"https:\/\/dev.eliassen.nl\/de\/","name":"Eliassen Home & Garden Pleasure","description":"","publisher":{"@id":"https:\/\/dev.eliassen.nl\/de\/#organization"},"alternateName":"Eliassen.nl","potentialAction":[{"@type":"SearchAction","target":{"@type":"EntryPoint","urlTemplate":"https:\/\/dev.eliassen.nl\/de\/?s={search_term_string}"},"query-input":{"@type":"PropertyValueSpecification","valueRequired":true,"valueName":"search_term_string"}}],"inLanguage":"de"},{"@type":"Organization","@id":"https:\/\/dev.eliassen.nl\/de\/#organization","name":"Eliassen Home & Garden Pleasure","url":"https:\/\/dev.eliassen.nl\/de\/","logo":{"@type":"ImageObject","inLanguage":"de","@id":"https:\/\/dev.eliassen.nl\/de\/#\/schema\/logo\/image\/","url":"https:\/\/www.eliassen.nl\/wp-content\/uploads\/2024\/01\/logo_4nd.jpg","contentUrl":"https:\/\/www.eliassen.nl\/wp-content\/uploads\/2024\/01\/logo_4nd.jpg","width":500,"height":500,"caption":"Eliassen Home & Garden Pleasure"},"image":{"@id":"https:\/\/dev.eliassen.nl\/de\/#\/schema\/logo\/image\/"},"sameAs":["https:\/\/www.facebook.com\/TuincentrumEliassenAmmerzoden","https:\/\/www.instagram.com\/eliassenhomeandgarden\/","https:\/\/nl.pinterest.com\/eliassenhomeandgarden\/","https:\/\/www.youtube.com\/@eliassenhomegardenpleasure4558"]}]}},"df_price":49,"df_sale_price":49,"df_regular_price":69.5,"df_image_link":"https:\/\/dev.eliassen.nl\/wp-content\/uploads\/2024\/01\/schilderijcanvasbloemenhoofd254x74cmeliasse.jpg","image":"https:\/\/dev.eliassen.nl\/wp-content\/uploads\/2024\/01\/schilderijcanvasbloemenhoofd254x74cmeliasse.jpg","price_search":"<span class=\"woocommerce-Price-amount amount\"><bdi><span class=\"woocommerce-Price-currencySymbol\">&euro;<\/span>&nbsp;49,00<\/bdi><\/span>","category":"Gem\u00e4lde","_links":{"self":[{"href":"https:\/\/dev.eliassen.nl\/de\/wp-json\/wp\/v2\/product\/72517","targetHints":{"allow":["GET"]}}],"collection":[{"href":"https:\/\/dev.eliassen.nl\/de\/wp-json\/wp\/v2\/product"}],"about":[{"href":"https:\/\/dev.eliassen.nl\/de\/wp-json\/wp\/v2\/types\/product"}],"wp:featuredmedia":[{"embeddable":true,"href":"https:\/\/dev.eliassen.nl\/de\/wp-json\/wp\/v2\/media\/72514"}],"wp:attachment":[{"href":"https:\/\/dev.eliassen.nl\/de\/wp-json\/wp\/v2\/media?parent=72517"}],"wp:term":[{"taxonomy":"product_brand","embeddable":true,"href":"https:\/\/dev.eliassen.nl\/de\/wp-json\/wp\/v2\/product_brand?post=72517"},{"taxonomy":"product_cat","embeddable":true,"href":"https:\/\/dev.eliassen.nl\/de\/wp-json\/wp\/v2\/product_cat?post=72517"},{"taxonomy":"product_tag","embeddable":true,"href":"https:\/\/dev.eliassen.nl\/de\/wp-json\/wp\/v2\/product_tag?post=72517"}],"curies":[{"name":"wp","href":"https:\/\/api.w.org\/{rel}","templated":true}]}}