{"id":72610,"date":"2022-05-25T16:10:29","date_gmt":"2022-05-25T14:10:29","guid":{"rendered":"https:\/\/www.eliassen.nl\/?product=glaslamp-bol-marron-35cm"},"modified":"2024-12-05T16:04:36","modified_gmt":"2024-12-05T15:04:36","slug":"glaslampenkugel-marron-35cm","status":"publish","type":"product","link":"https:\/\/dev.eliassen.nl\/de\/glaslampenkugel-marron-35cm\/","title":{"rendered":"Glaslampenkugel Marron 35cm"},"content":{"rendered":"<p>Diese dicke Glaslampe wird eine Bereicherung f\u00fcr Ihr Zuhause oder Ihr Unternehmen sein. Es handelt sich um ein einzigartiges St\u00fcck Glaswaren, da dieses Modell mundgeblasen ist und daher jedes St\u00fcck farblich ein Unikat ist. Die braunen Farben mit dem wei\u00dfen Glas erzeugen einen wunderbar sch\u00f6nen Lichteffekt. Diese Glaslampe ruht auf einer 15 cm hohen Buchenholzplattform und verf\u00fcgt \u00fcber eine E14-Fassung mit einem 1,2 m langen Kabel mit Schalter. Sie k\u00f6nnen das Glas einfach auf das Plateau stellen. In diesen Lampen d\u00fcrfen ausschlie\u00dflich LED-Leuchtmittel verbaut werden, da LED-Leuchtmittel kaum W\u00e4rme entwickeln.<\/p>\n<p>Sie k\u00f6nnen diese Lampenserie auch live in unserem Shop betrachten<\/p>\n<p>*Gr\u00f6\u00dfe ca.: Durchmesser ca. 33 cm, 36 cm hoch<br \/>*Material: B\u00f6hmisches Glas, mundgeblasen.<br \/>*Jedes Exemplar einzigartig in Form und Farbe<br \/>*Schnell geliefert.<br \/>*Bei mundgeblasenen Glasartikeln k\u00f6nnen immer Unebenheiten wie ein kleiner Punkt oder eine Luftblase auftreten, die nicht reklamiert werden k\u00f6nnen.<\/p>\n<p>*Angegebene Gr\u00f6\u00dfen sind immer ungef\u00e4hre Angaben<\/p>\n","protected":false},"excerpt":{"rendered":"<p>Die sch\u00f6nsten Glaslampen finden Sie in unserem Shop.<\/p>\n","protected":false},"featured_media":72601,"template":"","meta":{"_acf_changed":false},"product_brand":[],"product_cat":[800,749,809,746],"product_tag":[],"class_list":{"0":"post-72610","1":"product","2":"type-product","3":"status-publish","4":"has-post-thumbnail","6":"product_cat-glaskunst","7":"product_cat-glaslampen","9":"product_cat-stimmungsvolle-beleuchtung","11":"first","12":"instock","13":"taxable","14":"shipping-taxable","15":"purchasable","16":"product-type-simple"},"acf":[],"yoast_head":"<!-- This site is optimized with the Yoast SEO plugin v23.8 - https:\/\/yoast.com\/wordpress\/plugins\/seo\/ -->\n<title>Glaslampenkugel Marron 35cm - Home &amp; Gardenpleasure Eliassen<\/title>\n<meta name=\"description\" content=\"Die sch\u00f6nsten modernen Glaslampen. Kommen Sie und sehen Sie sie live!\" \/>\n<meta name=\"robots\" content=\"noindex, follow, max-snippet:-1, max-image-preview:large, max-video-preview:-1\" \/>\n<meta property=\"og:locale\" content=\"de_DE\" \/>\n<meta property=\"og:type\" content=\"article\" \/>\n<meta property=\"og:title\" content=\"Glaslampenkugel Marron 35cm - Home &amp; Gardenpleasure Eliassen\" \/>\n<meta property=\"og:description\" content=\"Die sch\u00f6nsten modernen Glaslampen. Kommen Sie und sehen Sie sie live!\" \/>\n<meta property=\"og:url\" content=\"https:\/\/dev.eliassen.nl\/de\/glaslampenkugel-marron-35cm\/\" \/>\n<meta property=\"og:site_name\" content=\"Eliassen.nl\" \/>\n<meta property=\"article:publisher\" content=\"https:\/\/www.facebook.com\/TuincentrumEliassenAmmerzoden\" \/>\n<meta property=\"article:modified_time\" content=\"2024-12-05T15:04:36+00:00\" \/>\n<meta property=\"og:image\" content=\"https:\/\/dev.eliassen.nl\/wp-content\/uploads\/2024\/01\/glaslampbolmarron35cmeliassen.png\" \/>\n\t<meta property=\"og:image:width\" content=\"885\" \/>\n\t<meta property=\"og:image:height\" content=\"1000\" \/>\n\t<meta property=\"og:image:type\" content=\"image\/png\" \/>\n<meta name=\"twitter:card\" content=\"summary_large_image\" \/>\n<script type=\"application\/ld+json\" class=\"yoast-schema-graph\">{\"@context\":\"https:\/\/schema.org\",\"@graph\":[{\"@type\":\"WebPage\",\"@id\":\"https:\/\/dev.eliassen.nl\/de\/glaslampenkugel-marron-35cm\/\",\"url\":\"https:\/\/dev.eliassen.nl\/de\/glaslampenkugel-marron-35cm\/\",\"name\":\"Glaslampenkugel Marron 35cm - Home & Gardenpleasure Eliassen\",\"isPartOf\":{\"@id\":\"https:\/\/dev.eliassen.nl\/de\/#website\"},\"primaryImageOfPage\":{\"@id\":\"https:\/\/dev.eliassen.nl\/de\/glaslampenkugel-marron-35cm\/#primaryimage\"},\"image\":{\"@id\":\"https:\/\/dev.eliassen.nl\/de\/glaslampenkugel-marron-35cm\/#primaryimage\"},\"thumbnailUrl\":\"https:\/\/dev.eliassen.nl\/wp-content\/uploads\/2024\/01\/glaslampbolmarron35cmeliassen.png\",\"datePublished\":\"2022-05-25T14:10:29+00:00\",\"dateModified\":\"2024-12-05T15:04:36+00:00\",\"description\":\"Die sch\u00f6nsten modernen Glaslampen. Kommen Sie und sehen Sie sie live!\",\"breadcrumb\":{\"@id\":\"https:\/\/dev.eliassen.nl\/de\/glaslampenkugel-marron-35cm\/#breadcrumb\"},\"inLanguage\":\"de\",\"potentialAction\":[{\"@type\":\"ReadAction\",\"target\":[\"https:\/\/dev.eliassen.nl\/de\/glaslampenkugel-marron-35cm\/\"]}]},{\"@type\":\"ImageObject\",\"inLanguage\":\"de\",\"@id\":\"https:\/\/dev.eliassen.nl\/de\/glaslampenkugel-marron-35cm\/#primaryimage\",\"url\":\"https:\/\/dev.eliassen.nl\/wp-content\/uploads\/2024\/01\/glaslampbolmarron35cmeliassen.png\",\"contentUrl\":\"https:\/\/dev.eliassen.nl\/wp-content\/uploads\/2024\/01\/glaslampbolmarron35cmeliassen.png\",\"width\":885,\"height\":1000,\"caption\":\"Glaslamp Bol Marron 35cm eliassen\"},{\"@type\":\"BreadcrumbList\",\"@id\":\"https:\/\/dev.eliassen.nl\/de\/glaslampenkugel-marron-35cm\/#breadcrumb\",\"itemListElement\":[{\"@type\":\"ListItem\",\"position\":1,\"name\":\"Home\",\"item\":\"https:\/\/dev.eliassen.nl\/de\/\"},{\"@type\":\"ListItem\",\"position\":2,\"name\":\"Shop\",\"item\":\"https:\/\/dev.eliassen.nl\/nl\/winkel\/\"},{\"@type\":\"ListItem\",\"position\":3,\"name\":\"Stimmungsvolle Beleuchtung\",\"item\":\"https:\/\/dev.eliassen.nl\/de\/stimmungsvolle-beleuchtung\/\"},{\"@type\":\"ListItem\",\"position\":4,\"name\":\"Glaslampen\",\"item\":\"https:\/\/dev.eliassen.nl\/de\/stimmungsvolle-beleuchtung\/glaslampen\/\"},{\"@type\":\"ListItem\",\"position\":5,\"name\":\"Glaslampenkugel Marron 35cm\"}]},{\"@type\":\"WebSite\",\"@id\":\"https:\/\/dev.eliassen.nl\/de\/#website\",\"url\":\"https:\/\/dev.eliassen.nl\/de\/\",\"name\":\"Eliassen Home & Garden Pleasure\",\"description\":\"\",\"publisher\":{\"@id\":\"https:\/\/dev.eliassen.nl\/de\/#organization\"},\"alternateName\":\"Eliassen.nl\",\"potentialAction\":[{\"@type\":\"SearchAction\",\"target\":{\"@type\":\"EntryPoint\",\"urlTemplate\":\"https:\/\/dev.eliassen.nl\/de\/?s={search_term_string}\"},\"query-input\":{\"@type\":\"PropertyValueSpecification\",\"valueRequired\":true,\"valueName\":\"search_term_string\"}}],\"inLanguage\":\"de\"},{\"@type\":\"Organization\",\"@id\":\"https:\/\/dev.eliassen.nl\/de\/#organization\",\"name\":\"Eliassen Home & Garden Pleasure\",\"url\":\"https:\/\/dev.eliassen.nl\/de\/\",\"logo\":{\"@type\":\"ImageObject\",\"inLanguage\":\"de\",\"@id\":\"https:\/\/dev.eliassen.nl\/de\/#\/schema\/logo\/image\/\",\"url\":\"https:\/\/www.eliassen.nl\/wp-content\/uploads\/2024\/01\/logo_4nd.jpg\",\"contentUrl\":\"https:\/\/www.eliassen.nl\/wp-content\/uploads\/2024\/01\/logo_4nd.jpg\",\"width\":500,\"height\":500,\"caption\":\"Eliassen Home & Garden Pleasure\"},\"image\":{\"@id\":\"https:\/\/dev.eliassen.nl\/de\/#\/schema\/logo\/image\/\"},\"sameAs\":[\"https:\/\/www.facebook.com\/TuincentrumEliassenAmmerzoden\",\"https:\/\/www.instagram.com\/eliassenhomeandgarden\/\",\"https:\/\/nl.pinterest.com\/eliassenhomeandgarden\/\",\"https:\/\/www.youtube.com\/@eliassenhomegardenpleasure4558\"]}]}<\/script>\n<!-- \/ Yoast SEO plugin. -->","yoast_head_json":{"title":"Glaslampenkugel Marron 35cm - Home & Gardenpleasure Eliassen","description":"Die sch\u00f6nsten modernen Glaslampen. Kommen Sie und sehen Sie sie live!","robots":{"index":"noindex","follow":"follow","max-snippet":"max-snippet:-1","max-image-preview":"max-image-preview:large","max-video-preview":"max-video-preview:-1"},"og_locale":"de_DE","og_type":"article","og_title":"Glaslampenkugel Marron 35cm - Home & Gardenpleasure Eliassen","og_description":"Die sch\u00f6nsten modernen Glaslampen. Kommen Sie und sehen Sie sie live!","og_url":"https:\/\/dev.eliassen.nl\/de\/glaslampenkugel-marron-35cm\/","og_site_name":"Eliassen.nl","article_publisher":"https:\/\/www.facebook.com\/TuincentrumEliassenAmmerzoden","article_modified_time":"2024-12-05T15:04:36+00:00","og_image":[{"width":885,"height":1000,"url":"https:\/\/dev.eliassen.nl\/wp-content\/uploads\/2024\/01\/glaslampbolmarron35cmeliassen.png","type":"image\/png"}],"twitter_card":"summary_large_image","schema":{"@context":"https:\/\/schema.org","@graph":[{"@type":"WebPage","@id":"https:\/\/dev.eliassen.nl\/de\/glaslampenkugel-marron-35cm\/","url":"https:\/\/dev.eliassen.nl\/de\/glaslampenkugel-marron-35cm\/","name":"Glaslampenkugel Marron 35cm - Home & Gardenpleasure Eliassen","isPartOf":{"@id":"https:\/\/dev.eliassen.nl\/de\/#website"},"primaryImageOfPage":{"@id":"https:\/\/dev.eliassen.nl\/de\/glaslampenkugel-marron-35cm\/#primaryimage"},"image":{"@id":"https:\/\/dev.eliassen.nl\/de\/glaslampenkugel-marron-35cm\/#primaryimage"},"thumbnailUrl":"https:\/\/dev.eliassen.nl\/wp-content\/uploads\/2024\/01\/glaslampbolmarron35cmeliassen.png","datePublished":"2022-05-25T14:10:29+00:00","dateModified":"2024-12-05T15:04:36+00:00","description":"Die sch\u00f6nsten modernen Glaslampen. Kommen Sie und sehen Sie sie live!","breadcrumb":{"@id":"https:\/\/dev.eliassen.nl\/de\/glaslampenkugel-marron-35cm\/#breadcrumb"},"inLanguage":"de","potentialAction":[{"@type":"ReadAction","target":["https:\/\/dev.eliassen.nl\/de\/glaslampenkugel-marron-35cm\/"]}]},{"@type":"ImageObject","inLanguage":"de","@id":"https:\/\/dev.eliassen.nl\/de\/glaslampenkugel-marron-35cm\/#primaryimage","url":"https:\/\/dev.eliassen.nl\/wp-content\/uploads\/2024\/01\/glaslampbolmarron35cmeliassen.png","contentUrl":"https:\/\/dev.eliassen.nl\/wp-content\/uploads\/2024\/01\/glaslampbolmarron35cmeliassen.png","width":885,"height":1000,"caption":"Glaslamp Bol Marron 35cm eliassen"},{"@type":"BreadcrumbList","@id":"https:\/\/dev.eliassen.nl\/de\/glaslampenkugel-marron-35cm\/#breadcrumb","itemListElement":[{"@type":"ListItem","position":1,"name":"Home","item":"https:\/\/dev.eliassen.nl\/de\/"},{"@type":"ListItem","position":2,"name":"Shop","item":"https:\/\/dev.eliassen.nl\/nl\/winkel\/"},{"@type":"ListItem","position":3,"name":"Stimmungsvolle Beleuchtung","item":"https:\/\/dev.eliassen.nl\/de\/stimmungsvolle-beleuchtung\/"},{"@type":"ListItem","position":4,"name":"Glaslampen","item":"https:\/\/dev.eliassen.nl\/de\/stimmungsvolle-beleuchtung\/glaslampen\/"},{"@type":"ListItem","position":5,"name":"Glaslampenkugel Marron 35cm"}]},{"@type":"WebSite","@id":"https:\/\/dev.eliassen.nl\/de\/#website","url":"https:\/\/dev.eliassen.nl\/de\/","name":"Eliassen Home & Garden Pleasure","description":"","publisher":{"@id":"https:\/\/dev.eliassen.nl\/de\/#organization"},"alternateName":"Eliassen.nl","potentialAction":[{"@type":"SearchAction","target":{"@type":"EntryPoint","urlTemplate":"https:\/\/dev.eliassen.nl\/de\/?s={search_term_string}"},"query-input":{"@type":"PropertyValueSpecification","valueRequired":true,"valueName":"search_term_string"}}],"inLanguage":"de"},{"@type":"Organization","@id":"https:\/\/dev.eliassen.nl\/de\/#organization","name":"Eliassen Home & Garden Pleasure","url":"https:\/\/dev.eliassen.nl\/de\/","logo":{"@type":"ImageObject","inLanguage":"de","@id":"https:\/\/dev.eliassen.nl\/de\/#\/schema\/logo\/image\/","url":"https:\/\/www.eliassen.nl\/wp-content\/uploads\/2024\/01\/logo_4nd.jpg","contentUrl":"https:\/\/www.eliassen.nl\/wp-content\/uploads\/2024\/01\/logo_4nd.jpg","width":500,"height":500,"caption":"Eliassen Home & Garden Pleasure"},"image":{"@id":"https:\/\/dev.eliassen.nl\/de\/#\/schema\/logo\/image\/"},"sameAs":["https:\/\/www.facebook.com\/TuincentrumEliassenAmmerzoden","https:\/\/www.instagram.com\/eliassenhomeandgarden\/","https:\/\/nl.pinterest.com\/eliassenhomeandgarden\/","https:\/\/www.youtube.com\/@eliassenhomegardenpleasure4558"]}]}},"df_price":199,"df_sale_price":"","df_regular_price":199,"df_image_link":"https:\/\/dev.eliassen.nl\/wp-content\/uploads\/2024\/01\/glaslampbolmarron35cmeliassen.png","image":"https:\/\/dev.eliassen.nl\/wp-content\/uploads\/2024\/01\/glaslampbolmarron35cmeliassen.png","price_search":"<span class=\"woocommerce-Price-amount amount\"><bdi><span class=\"woocommerce-Price-currencySymbol\">&euro;<\/span>&nbsp;199,00<\/bdi><\/span>","category":"Glaskunst","_links":{"self":[{"href":"https:\/\/dev.eliassen.nl\/de\/wp-json\/wp\/v2\/product\/72610","targetHints":{"allow":["GET"]}}],"collection":[{"href":"https:\/\/dev.eliassen.nl\/de\/wp-json\/wp\/v2\/product"}],"about":[{"href":"https:\/\/dev.eliassen.nl\/de\/wp-json\/wp\/v2\/types\/product"}],"wp:featuredmedia":[{"embeddable":true,"href":"https:\/\/dev.eliassen.nl\/de\/wp-json\/wp\/v2\/media\/72601"}],"wp:attachment":[{"href":"https:\/\/dev.eliassen.nl\/de\/wp-json\/wp\/v2\/media?parent=72610"}],"wp:term":[{"taxonomy":"product_brand","embeddable":true,"href":"https:\/\/dev.eliassen.nl\/de\/wp-json\/wp\/v2\/product_brand?post=72610"},{"taxonomy":"product_cat","embeddable":true,"href":"https:\/\/dev.eliassen.nl\/de\/wp-json\/wp\/v2\/product_cat?post=72610"},{"taxonomy":"product_tag","embeddable":true,"href":"https:\/\/dev.eliassen.nl\/de\/wp-json\/wp\/v2\/product_tag?post=72610"}],"curies":[{"name":"wp","href":"https:\/\/api.w.org\/{rel}","templated":true}]}}