{"id":72715,"date":"2022-06-16T15:40:35","date_gmt":"2022-06-16T13:40:35","guid":{"rendered":"https:\/\/www.eliassen.nl\/?product=terrasfontein-blaze-black-graniet-80cm"},"modified":"2025-04-17T10:17:50","modified_gmt":"2025-04-17T08:17:50","slug":"terrassenbrunnen-blaze-schwarzer-granit-80cm","status":"publish","type":"product","link":"https:\/\/dev.eliassen.nl\/de\/terrassenbrunnen-blaze-schwarzer-granit-80cm\/","title":{"rendered":"Terrassenbrunnen Blaze schwarzer Granit 80cm"},"content":{"rendered":"<p>Das Wasserspiel besteht aus massivem grauem Granit mit LED-Beleuchtung. H\u00f6he 80 cm, Beh\u00e4lterfl\u00e4che 50&#215;60 cm. Wird komplett mit Pumpe, Schl\u00e4uchen und LED-Beleuchtung an der Spitze der Kugel geliefert. Kein Graben erforderlich, der Eimer ist auch die Wasserversorgung.<\/p>\n<p><strong>Vergessen Sie nicht, unseren Showroom zu besuchen, wo Sie auch gut beraten werden!<\/strong><\/p>\n<ul>\n<li>Gr\u00f6\u00dfe 60x50x80cm hoch<\/li>\n<li>Material: massiver grauer Granit poliert.<\/li>\n<li>inklusive Pumpe. LED-Licht<\/li>\n<li>Pumpenkabell\u00e4nge 10 mtr, LEDs 5 mtr<\/li>\n<li>Nirgendwo sonst zu verkaufen<\/li>\n<li>schnell geliefert<\/li>\n<\/ul>\n","protected":false},"excerpt":{"rendered":"<p>Das Wasserspiel besteht aus massivem grauem Granit mit LED-Beleuchtung. H\u00f6he 80 cm, Beh\u00e4lterfl\u00e4che 50&#215;60 cm. Wird komplett mit Pumpe, Schl\u00e4uchen und LED-Beleuchtung an der Spitze der Kugel geliefert. Kein Graben erforderlich, der Eimer ist auch die Wasserversorgung. Vergessen Sie nicht, unseren Showroom zu besuchen, wo Sie auch gut beraten werden! Gr\u00f6\u00dfe 60x50x80cm hoch Material: massiver &hellip;<\/p>\n","protected":false},"featured_media":72700,"template":"","meta":{"_acf_changed":false},"product_brand":[],"product_cat":[539,548,536],"product_tag":[],"class_list":{"0":"post-72715","1":"product","2":"type-product","3":"status-publish","4":"has-post-thumbnail","6":"product_cat-einzigartige-eigene-modelle-von-losen-wasserspiele","7":"product_cat-terrassenbrunnen","8":"product_cat-wassereigenschaften","10":"first","11":"outofstock","12":"taxable","13":"shipping-taxable","14":"purchasable","15":"product-type-simple"},"acf":[],"yoast_head":"<!-- This site is optimized with the Yoast SEO plugin v23.8 - https:\/\/yoast.com\/wordpress\/plugins\/seo\/ -->\n<title>Terrassenbrunnen Blaze schwarzer Granit 80cm<\/title>\n<meta name=\"robots\" content=\"noindex, follow, max-snippet:-1, max-image-preview:large, max-video-preview:-1\" \/>\n<meta property=\"og:locale\" content=\"de_DE\" \/>\n<meta property=\"og:type\" content=\"article\" \/>\n<meta property=\"og:title\" content=\"Terrassenbrunnen Blaze schwarzer Granit 80cm\" \/>\n<meta property=\"og:description\" content=\"Das Wasserspiel besteht aus massivem grauem Granit mit LED-Beleuchtung. H\u00f6he 80 cm, Beh\u00e4lterfl\u00e4che 50&#215;60 cm. Wird komplett mit Pumpe, Schl\u00e4uchen und LED-Beleuchtung an der Spitze der Kugel geliefert. Kein Graben erforderlich, der Eimer ist auch die Wasserversorgung. Vergessen Sie nicht, unseren Showroom zu besuchen, wo Sie auch gut beraten werden! Gr\u00f6\u00dfe 60x50x80cm hoch Material: massiver &hellip;\" \/>\n<meta property=\"og:url\" content=\"https:\/\/dev.eliassen.nl\/de\/terrassenbrunnen-blaze-schwarzer-granit-80cm\/\" \/>\n<meta property=\"og:site_name\" content=\"Eliassen.nl\" \/>\n<meta property=\"article:publisher\" content=\"https:\/\/www.facebook.com\/TuincentrumEliassenAmmerzoden\" \/>\n<meta property=\"article:modified_time\" content=\"2025-04-17T08:17:50+00:00\" \/>\n<meta property=\"og:image\" content=\"https:\/\/dev.eliassen.nl\/wp-content\/uploads\/2024\/01\/mijnproject20220930t100735092.png\" \/>\n\t<meta property=\"og:image:width\" content=\"563\" \/>\n\t<meta property=\"og:image:height\" content=\"1000\" \/>\n\t<meta property=\"og:image:type\" content=\"image\/png\" \/>\n<meta name=\"twitter:card\" content=\"summary_large_image\" \/>\n<script type=\"application\/ld+json\" class=\"yoast-schema-graph\">{\"@context\":\"https:\/\/schema.org\",\"@graph\":[{\"@type\":\"WebPage\",\"@id\":\"https:\/\/dev.eliassen.nl\/de\/terrassenbrunnen-blaze-schwarzer-granit-80cm\/\",\"url\":\"https:\/\/dev.eliassen.nl\/de\/terrassenbrunnen-blaze-schwarzer-granit-80cm\/\",\"name\":\"Terrassenbrunnen Blaze schwarzer Granit 80cm\",\"isPartOf\":{\"@id\":\"https:\/\/dev.eliassen.nl\/de\/#website\"},\"primaryImageOfPage\":{\"@id\":\"https:\/\/dev.eliassen.nl\/de\/terrassenbrunnen-blaze-schwarzer-granit-80cm\/#primaryimage\"},\"image\":{\"@id\":\"https:\/\/dev.eliassen.nl\/de\/terrassenbrunnen-blaze-schwarzer-granit-80cm\/#primaryimage\"},\"thumbnailUrl\":\"https:\/\/dev.eliassen.nl\/wp-content\/uploads\/2024\/01\/mijnproject20220930t100735092.png\",\"datePublished\":\"2022-06-16T13:40:35+00:00\",\"dateModified\":\"2025-04-17T08:17:50+00:00\",\"breadcrumb\":{\"@id\":\"https:\/\/dev.eliassen.nl\/de\/terrassenbrunnen-blaze-schwarzer-granit-80cm\/#breadcrumb\"},\"inLanguage\":\"de\",\"potentialAction\":[{\"@type\":\"ReadAction\",\"target\":[\"https:\/\/dev.eliassen.nl\/de\/terrassenbrunnen-blaze-schwarzer-granit-80cm\/\"]}]},{\"@type\":\"ImageObject\",\"inLanguage\":\"de\",\"@id\":\"https:\/\/dev.eliassen.nl\/de\/terrassenbrunnen-blaze-schwarzer-granit-80cm\/#primaryimage\",\"url\":\"https:\/\/dev.eliassen.nl\/wp-content\/uploads\/2024\/01\/mijnproject20220930t100735092.png\",\"contentUrl\":\"https:\/\/dev.eliassen.nl\/wp-content\/uploads\/2024\/01\/mijnproject20220930t100735092.png\",\"width\":563,\"height\":1000,\"caption\":\"Mijn project - 2022-09-30T100735.092\"},{\"@type\":\"BreadcrumbList\",\"@id\":\"https:\/\/dev.eliassen.nl\/de\/terrassenbrunnen-blaze-schwarzer-granit-80cm\/#breadcrumb\",\"itemListElement\":[{\"@type\":\"ListItem\",\"position\":1,\"name\":\"Home\",\"item\":\"https:\/\/dev.eliassen.nl\/de\/\"},{\"@type\":\"ListItem\",\"position\":2,\"name\":\"Shop\",\"item\":\"https:\/\/dev.eliassen.nl\/nl\/winkel\/\"},{\"@type\":\"ListItem\",\"position\":3,\"name\":\"Wasserspiele\",\"item\":\"https:\/\/dev.eliassen.nl\/de\/wassereigenschaften\/\"},{\"@type\":\"ListItem\",\"position\":4,\"name\":\"Einzigartige eigene Modelle von losen Wasserspielen\",\"item\":\"https:\/\/dev.eliassen.nl\/de\/wassereigenschaften\/einzigartige-eigene-modelle-von-losen-wasserspiele\/\"},{\"@type\":\"ListItem\",\"position\":5,\"name\":\"Terrassenbrunnen Blaze schwarzer Granit 80cm\"}]},{\"@type\":\"WebSite\",\"@id\":\"https:\/\/dev.eliassen.nl\/de\/#website\",\"url\":\"https:\/\/dev.eliassen.nl\/de\/\",\"name\":\"Eliassen Home & Garden Pleasure\",\"description\":\"\",\"publisher\":{\"@id\":\"https:\/\/dev.eliassen.nl\/de\/#organization\"},\"alternateName\":\"Eliassen.nl\",\"potentialAction\":[{\"@type\":\"SearchAction\",\"target\":{\"@type\":\"EntryPoint\",\"urlTemplate\":\"https:\/\/dev.eliassen.nl\/de\/?s={search_term_string}\"},\"query-input\":{\"@type\":\"PropertyValueSpecification\",\"valueRequired\":true,\"valueName\":\"search_term_string\"}}],\"inLanguage\":\"de\"},{\"@type\":\"Organization\",\"@id\":\"https:\/\/dev.eliassen.nl\/de\/#organization\",\"name\":\"Eliassen Home & Garden Pleasure\",\"url\":\"https:\/\/dev.eliassen.nl\/de\/\",\"logo\":{\"@type\":\"ImageObject\",\"inLanguage\":\"de\",\"@id\":\"https:\/\/dev.eliassen.nl\/de\/#\/schema\/logo\/image\/\",\"url\":\"https:\/\/www.eliassen.nl\/wp-content\/uploads\/2024\/01\/logo_4nd.jpg\",\"contentUrl\":\"https:\/\/www.eliassen.nl\/wp-content\/uploads\/2024\/01\/logo_4nd.jpg\",\"width\":500,\"height\":500,\"caption\":\"Eliassen Home & Garden Pleasure\"},\"image\":{\"@id\":\"https:\/\/dev.eliassen.nl\/de\/#\/schema\/logo\/image\/\"},\"sameAs\":[\"https:\/\/www.facebook.com\/TuincentrumEliassenAmmerzoden\",\"https:\/\/www.instagram.com\/eliassenhomeandgarden\/\",\"https:\/\/nl.pinterest.com\/eliassenhomeandgarden\/\",\"https:\/\/www.youtube.com\/@eliassenhomegardenpleasure4558\"]}]}<\/script>\n<!-- \/ Yoast SEO plugin. -->","yoast_head_json":{"title":"Terrassenbrunnen Blaze schwarzer Granit 80cm","robots":{"index":"noindex","follow":"follow","max-snippet":"max-snippet:-1","max-image-preview":"max-image-preview:large","max-video-preview":"max-video-preview:-1"},"og_locale":"de_DE","og_type":"article","og_title":"Terrassenbrunnen Blaze schwarzer Granit 80cm","og_description":"Das Wasserspiel besteht aus massivem grauem Granit mit LED-Beleuchtung. H\u00f6he 80 cm, Beh\u00e4lterfl\u00e4che 50&#215;60 cm. Wird komplett mit Pumpe, Schl\u00e4uchen und LED-Beleuchtung an der Spitze der Kugel geliefert. Kein Graben erforderlich, der Eimer ist auch die Wasserversorgung. Vergessen Sie nicht, unseren Showroom zu besuchen, wo Sie auch gut beraten werden! Gr\u00f6\u00dfe 60x50x80cm hoch Material: massiver &hellip;","og_url":"https:\/\/dev.eliassen.nl\/de\/terrassenbrunnen-blaze-schwarzer-granit-80cm\/","og_site_name":"Eliassen.nl","article_publisher":"https:\/\/www.facebook.com\/TuincentrumEliassenAmmerzoden","article_modified_time":"2025-04-17T08:17:50+00:00","og_image":[{"width":563,"height":1000,"url":"https:\/\/dev.eliassen.nl\/wp-content\/uploads\/2024\/01\/mijnproject20220930t100735092.png","type":"image\/png"}],"twitter_card":"summary_large_image","schema":{"@context":"https:\/\/schema.org","@graph":[{"@type":"WebPage","@id":"https:\/\/dev.eliassen.nl\/de\/terrassenbrunnen-blaze-schwarzer-granit-80cm\/","url":"https:\/\/dev.eliassen.nl\/de\/terrassenbrunnen-blaze-schwarzer-granit-80cm\/","name":"Terrassenbrunnen Blaze schwarzer Granit 80cm","isPartOf":{"@id":"https:\/\/dev.eliassen.nl\/de\/#website"},"primaryImageOfPage":{"@id":"https:\/\/dev.eliassen.nl\/de\/terrassenbrunnen-blaze-schwarzer-granit-80cm\/#primaryimage"},"image":{"@id":"https:\/\/dev.eliassen.nl\/de\/terrassenbrunnen-blaze-schwarzer-granit-80cm\/#primaryimage"},"thumbnailUrl":"https:\/\/dev.eliassen.nl\/wp-content\/uploads\/2024\/01\/mijnproject20220930t100735092.png","datePublished":"2022-06-16T13:40:35+00:00","dateModified":"2025-04-17T08:17:50+00:00","breadcrumb":{"@id":"https:\/\/dev.eliassen.nl\/de\/terrassenbrunnen-blaze-schwarzer-granit-80cm\/#breadcrumb"},"inLanguage":"de","potentialAction":[{"@type":"ReadAction","target":["https:\/\/dev.eliassen.nl\/de\/terrassenbrunnen-blaze-schwarzer-granit-80cm\/"]}]},{"@type":"ImageObject","inLanguage":"de","@id":"https:\/\/dev.eliassen.nl\/de\/terrassenbrunnen-blaze-schwarzer-granit-80cm\/#primaryimage","url":"https:\/\/dev.eliassen.nl\/wp-content\/uploads\/2024\/01\/mijnproject20220930t100735092.png","contentUrl":"https:\/\/dev.eliassen.nl\/wp-content\/uploads\/2024\/01\/mijnproject20220930t100735092.png","width":563,"height":1000,"caption":"Mijn project - 2022-09-30T100735.092"},{"@type":"BreadcrumbList","@id":"https:\/\/dev.eliassen.nl\/de\/terrassenbrunnen-blaze-schwarzer-granit-80cm\/#breadcrumb","itemListElement":[{"@type":"ListItem","position":1,"name":"Home","item":"https:\/\/dev.eliassen.nl\/de\/"},{"@type":"ListItem","position":2,"name":"Shop","item":"https:\/\/dev.eliassen.nl\/nl\/winkel\/"},{"@type":"ListItem","position":3,"name":"Wasserspiele","item":"https:\/\/dev.eliassen.nl\/de\/wassereigenschaften\/"},{"@type":"ListItem","position":4,"name":"Einzigartige eigene Modelle von losen Wasserspielen","item":"https:\/\/dev.eliassen.nl\/de\/wassereigenschaften\/einzigartige-eigene-modelle-von-losen-wasserspiele\/"},{"@type":"ListItem","position":5,"name":"Terrassenbrunnen Blaze schwarzer Granit 80cm"}]},{"@type":"WebSite","@id":"https:\/\/dev.eliassen.nl\/de\/#website","url":"https:\/\/dev.eliassen.nl\/de\/","name":"Eliassen Home & Garden Pleasure","description":"","publisher":{"@id":"https:\/\/dev.eliassen.nl\/de\/#organization"},"alternateName":"Eliassen.nl","potentialAction":[{"@type":"SearchAction","target":{"@type":"EntryPoint","urlTemplate":"https:\/\/dev.eliassen.nl\/de\/?s={search_term_string}"},"query-input":{"@type":"PropertyValueSpecification","valueRequired":true,"valueName":"search_term_string"}}],"inLanguage":"de"},{"@type":"Organization","@id":"https:\/\/dev.eliassen.nl\/de\/#organization","name":"Eliassen Home & Garden Pleasure","url":"https:\/\/dev.eliassen.nl\/de\/","logo":{"@type":"ImageObject","inLanguage":"de","@id":"https:\/\/dev.eliassen.nl\/de\/#\/schema\/logo\/image\/","url":"https:\/\/www.eliassen.nl\/wp-content\/uploads\/2024\/01\/logo_4nd.jpg","contentUrl":"https:\/\/www.eliassen.nl\/wp-content\/uploads\/2024\/01\/logo_4nd.jpg","width":500,"height":500,"caption":"Eliassen Home & Garden Pleasure"},"image":{"@id":"https:\/\/dev.eliassen.nl\/de\/#\/schema\/logo\/image\/"},"sameAs":["https:\/\/www.facebook.com\/TuincentrumEliassenAmmerzoden","https:\/\/www.instagram.com\/eliassenhomeandgarden\/","https:\/\/nl.pinterest.com\/eliassenhomeandgarden\/","https:\/\/www.youtube.com\/@eliassenhomegardenpleasure4558"]}]}},"df_price":475,"df_sale_price":"","df_regular_price":475,"df_image_link":"https:\/\/dev.eliassen.nl\/wp-content\/uploads\/2024\/01\/mijnproject20220930t100735092.png","image":"https:\/\/dev.eliassen.nl\/wp-content\/uploads\/2024\/01\/mijnproject20220930t100735092.png","price_search":"<span class=\"woocommerce-Price-amount amount\"><bdi><span class=\"woocommerce-Price-currencySymbol\">&euro;<\/span>&nbsp;475,00<\/bdi><\/span>","category":"Einzigartige eigene Modelle von losen Wasserspielen","_links":{"self":[{"href":"https:\/\/dev.eliassen.nl\/de\/wp-json\/wp\/v2\/product\/72715","targetHints":{"allow":["GET"]}}],"collection":[{"href":"https:\/\/dev.eliassen.nl\/de\/wp-json\/wp\/v2\/product"}],"about":[{"href":"https:\/\/dev.eliassen.nl\/de\/wp-json\/wp\/v2\/types\/product"}],"wp:featuredmedia":[{"embeddable":true,"href":"https:\/\/dev.eliassen.nl\/de\/wp-json\/wp\/v2\/media\/72700"}],"wp:attachment":[{"href":"https:\/\/dev.eliassen.nl\/de\/wp-json\/wp\/v2\/media?parent=72715"}],"wp:term":[{"taxonomy":"product_brand","embeddable":true,"href":"https:\/\/dev.eliassen.nl\/de\/wp-json\/wp\/v2\/product_brand?post=72715"},{"taxonomy":"product_cat","embeddable":true,"href":"https:\/\/dev.eliassen.nl\/de\/wp-json\/wp\/v2\/product_cat?post=72715"},{"taxonomy":"product_tag","embeddable":true,"href":"https:\/\/dev.eliassen.nl\/de\/wp-json\/wp\/v2\/product_tag?post=72715"}],"curies":[{"name":"wp","href":"https:\/\/api.w.org\/{rel}","templated":true}]}}