{"id":72856,"date":"2022-06-16T17:00:00","date_gmt":"2022-06-16T15:00:00","guid":{"rendered":"https:\/\/www.eliassen.nl\/?product=muurplaat-blik-live-to-ride-84cm"},"modified":"2024-12-05T16:05:05","modified_gmt":"2024-12-05T15:05:05","slug":"wandteller-dose-live-to-ride-84cm","status":"publish","type":"product","link":"https:\/\/dev.eliassen.nl\/de\/wandteller-dose-live-to-ride-84cm\/","title":{"rendered":"Wandteller Dose Live to ride 84cm"},"content":{"rendered":"<p>Diese Wanddekoration aus Metall im Retro-Stil ist ein sch\u00f6ner Stimmungsmacher.<br \/>Diese Wanddeko ist aus Stahlblech, mit einer bespr\u00fchten Oberfl\u00e4che mit Transfer und oft einem Rollrand.<br \/>Dieses Verfahren gew\u00e4hrleistet eine identische Reproduktion der originalen Wandplatte aus den 50er und 60er Jahren.<br \/>Diese Wandschilder lassen sich einfach mit einer kleinen Schraube aufh\u00e4ngen.<\/p>\n<p>Machen Sie sich, Freunden oder Familienmitgliedern eine Freude mit diesem Modell der Vintage-Wanddekoration, jedes Haus oder Garten wird sch\u00f6ner. Wir empfehlen, es f\u00fcr den Au\u00dfenbereich unter einem Dach aufzuh\u00e4ngen.<\/p>\n<p><strong>Fast alle dieser Serien sind bei uns auch live zu sehen<\/strong><\/p>\n<ul>\n<li>Gr\u00f6\u00dfe: 84cm<\/li>\n<li>Material: Stahl<\/li>\n<li>Schnell geliefert<\/li>\n<li>Zeitloses Design<\/li>\n<\/ul>\n","protected":false},"excerpt":{"rendered":"<p>Diese Wanddekoration aus Metall im Retro-Stil ist ein sch\u00f6ner Stimmungsmacher.Diese Wanddeko ist aus Stahlblech, mit einer bespr\u00fchten Oberfl\u00e4che mit Transfer und oft einem Rollrand.Dieses Verfahren gew\u00e4hrleistet eine identische Reproduktion der originalen Wandplatte aus den 50er und 60er Jahren.Diese Wandschilder lassen sich einfach mit einer kleinen Schraube aufh\u00e4ngen. Machen Sie sich, Freunden oder Familienmitgliedern eine Freude &hellip;<\/p>\n","protected":false},"featured_media":72853,"template":"","meta":{"_acf_changed":false},"product_brand":[],"product_cat":[518,509],"product_tag":[],"class_list":{"0":"post-72856","1":"product","2":"type-product","3":"status-publish","4":"has-post-thumbnail","6":"product_cat-vintage-wanddekoration-maennerhoehle","7":"product_cat-wanddekoration","9":"first","10":"instock","11":"taxable","12":"shipping-taxable","13":"purchasable","14":"product-type-simple"},"acf":[],"yoast_head":"<!-- This site is optimized with the Yoast SEO plugin v23.8 - https:\/\/yoast.com\/wordpress\/plugins\/seo\/ -->\n<title>Wandteller Dose Live to ride 84cm - Eliassen.nl<\/title>\n<meta name=\"description\" content=\"M\u00f6chten Sie eine Retro-Wanddekoration? Sehen oder kaufen Sie unsere gro\u00dfe Sammlung von Retro-Wanddekorationen auf der Website oder in unserem Gesch\u00e4ft. \u2713 Tol...\" \/>\n<meta name=\"robots\" content=\"noindex, follow, max-snippet:-1, max-image-preview:large, max-video-preview:-1\" \/>\n<meta property=\"og:locale\" content=\"de_DE\" \/>\n<meta property=\"og:type\" content=\"article\" \/>\n<meta property=\"og:title\" content=\"Wandteller Dose Live to ride 84cm - Eliassen.nl\" \/>\n<meta property=\"og:description\" content=\"M\u00f6chten Sie eine Retro-Wanddekoration? Sehen oder kaufen Sie unsere gro\u00dfe Sammlung von Retro-Wanddekorationen auf der Website oder in unserem Gesch\u00e4ft. \u2713 Tol...\" \/>\n<meta property=\"og:url\" content=\"https:\/\/dev.eliassen.nl\/de\/wandteller-dose-live-to-ride-84cm\/\" \/>\n<meta property=\"og:site_name\" content=\"Eliassen.nl\" \/>\n<meta property=\"article:publisher\" content=\"https:\/\/www.facebook.com\/TuincentrumEliassenAmmerzoden\" \/>\n<meta property=\"article:modified_time\" content=\"2024-12-05T15:05:05+00:00\" \/>\n<meta property=\"og:image\" content=\"https:\/\/dev.eliassen.nl\/wp-content\/uploads\/2024\/01\/muurplaatbliklivetoride84cmeliassennl.jpg\" \/>\n\t<meta property=\"og:image:width\" content=\"1440\" \/>\n\t<meta property=\"og:image:height\" content=\"1080\" \/>\n\t<meta property=\"og:image:type\" content=\"image\/jpeg\" \/>\n<meta name=\"twitter:card\" content=\"summary_large_image\" \/>\n<script type=\"application\/ld+json\" class=\"yoast-schema-graph\">{\"@context\":\"https:\/\/schema.org\",\"@graph\":[{\"@type\":\"WebPage\",\"@id\":\"https:\/\/dev.eliassen.nl\/de\/wandteller-dose-live-to-ride-84cm\/\",\"url\":\"https:\/\/dev.eliassen.nl\/de\/wandteller-dose-live-to-ride-84cm\/\",\"name\":\"Wandteller Dose Live to ride 84cm - Eliassen.nl\",\"isPartOf\":{\"@id\":\"https:\/\/dev.eliassen.nl\/de\/#website\"},\"primaryImageOfPage\":{\"@id\":\"https:\/\/dev.eliassen.nl\/de\/wandteller-dose-live-to-ride-84cm\/#primaryimage\"},\"image\":{\"@id\":\"https:\/\/dev.eliassen.nl\/de\/wandteller-dose-live-to-ride-84cm\/#primaryimage\"},\"thumbnailUrl\":\"https:\/\/dev.eliassen.nl\/wp-content\/uploads\/2024\/01\/muurplaatbliklivetoride84cmeliassennl.jpg\",\"datePublished\":\"2022-06-16T15:00:00+00:00\",\"dateModified\":\"2024-12-05T15:05:05+00:00\",\"description\":\"M\u00f6chten Sie eine Retro-Wanddekoration? Sehen oder kaufen Sie unsere gro\u00dfe Sammlung von Retro-Wanddekorationen auf der Website oder in unserem Gesch\u00e4ft. \u2713 Tol...\",\"breadcrumb\":{\"@id\":\"https:\/\/dev.eliassen.nl\/de\/wandteller-dose-live-to-ride-84cm\/#breadcrumb\"},\"inLanguage\":\"de\",\"potentialAction\":[{\"@type\":\"ReadAction\",\"target\":[\"https:\/\/dev.eliassen.nl\/de\/wandteller-dose-live-to-ride-84cm\/\"]}]},{\"@type\":\"ImageObject\",\"inLanguage\":\"de\",\"@id\":\"https:\/\/dev.eliassen.nl\/de\/wandteller-dose-live-to-ride-84cm\/#primaryimage\",\"url\":\"https:\/\/dev.eliassen.nl\/wp-content\/uploads\/2024\/01\/muurplaatbliklivetoride84cmeliassennl.jpg\",\"contentUrl\":\"https:\/\/dev.eliassen.nl\/wp-content\/uploads\/2024\/01\/muurplaatbliklivetoride84cmeliassennl.jpg\",\"width\":1440,\"height\":1080,\"caption\":\"Muurplaat blik Live to ride 84cm - Eliassen.nl\"},{\"@type\":\"BreadcrumbList\",\"@id\":\"https:\/\/dev.eliassen.nl\/de\/wandteller-dose-live-to-ride-84cm\/#breadcrumb\",\"itemListElement\":[{\"@type\":\"ListItem\",\"position\":1,\"name\":\"Home\",\"item\":\"https:\/\/dev.eliassen.nl\/de\/\"},{\"@type\":\"ListItem\",\"position\":2,\"name\":\"Shop\",\"item\":\"https:\/\/dev.eliassen.nl\/nl\/winkel\/\"},{\"@type\":\"ListItem\",\"position\":3,\"name\":\"Wanddekoration\",\"item\":\"https:\/\/dev.eliassen.nl\/de\/wanddekoration\/\"},{\"@type\":\"ListItem\",\"position\":4,\"name\":\"Vintage Wanddekoration M\u00e4nnerh\u00f6hle\",\"item\":\"https:\/\/dev.eliassen.nl\/de\/wanddekoration\/vintage-wanddekoration-maennerhoehle\/\"},{\"@type\":\"ListItem\",\"position\":5,\"name\":\"Wandteller Dose Live to ride 84cm\"}]},{\"@type\":\"WebSite\",\"@id\":\"https:\/\/dev.eliassen.nl\/de\/#website\",\"url\":\"https:\/\/dev.eliassen.nl\/de\/\",\"name\":\"Eliassen Home & Garden Pleasure\",\"description\":\"\",\"publisher\":{\"@id\":\"https:\/\/dev.eliassen.nl\/de\/#organization\"},\"alternateName\":\"Eliassen.nl\",\"potentialAction\":[{\"@type\":\"SearchAction\",\"target\":{\"@type\":\"EntryPoint\",\"urlTemplate\":\"https:\/\/dev.eliassen.nl\/de\/?s={search_term_string}\"},\"query-input\":{\"@type\":\"PropertyValueSpecification\",\"valueRequired\":true,\"valueName\":\"search_term_string\"}}],\"inLanguage\":\"de\"},{\"@type\":\"Organization\",\"@id\":\"https:\/\/dev.eliassen.nl\/de\/#organization\",\"name\":\"Eliassen Home & Garden Pleasure\",\"url\":\"https:\/\/dev.eliassen.nl\/de\/\",\"logo\":{\"@type\":\"ImageObject\",\"inLanguage\":\"de\",\"@id\":\"https:\/\/dev.eliassen.nl\/de\/#\/schema\/logo\/image\/\",\"url\":\"https:\/\/www.eliassen.nl\/wp-content\/uploads\/2024\/01\/logo_4nd.jpg\",\"contentUrl\":\"https:\/\/www.eliassen.nl\/wp-content\/uploads\/2024\/01\/logo_4nd.jpg\",\"width\":500,\"height\":500,\"caption\":\"Eliassen Home & Garden Pleasure\"},\"image\":{\"@id\":\"https:\/\/dev.eliassen.nl\/de\/#\/schema\/logo\/image\/\"},\"sameAs\":[\"https:\/\/www.facebook.com\/TuincentrumEliassenAmmerzoden\",\"https:\/\/www.instagram.com\/eliassenhomeandgarden\/\",\"https:\/\/nl.pinterest.com\/eliassenhomeandgarden\/\",\"https:\/\/www.youtube.com\/@eliassenhomegardenpleasure4558\"]}]}<\/script>\n<!-- \/ Yoast SEO plugin. -->","yoast_head_json":{"title":"Wandteller Dose Live to ride 84cm - Eliassen.nl","description":"M\u00f6chten Sie eine Retro-Wanddekoration? Sehen oder kaufen Sie unsere gro\u00dfe Sammlung von Retro-Wanddekorationen auf der Website oder in unserem Gesch\u00e4ft. \u2713 Tol...","robots":{"index":"noindex","follow":"follow","max-snippet":"max-snippet:-1","max-image-preview":"max-image-preview:large","max-video-preview":"max-video-preview:-1"},"og_locale":"de_DE","og_type":"article","og_title":"Wandteller Dose Live to ride 84cm - Eliassen.nl","og_description":"M\u00f6chten Sie eine Retro-Wanddekoration? Sehen oder kaufen Sie unsere gro\u00dfe Sammlung von Retro-Wanddekorationen auf der Website oder in unserem Gesch\u00e4ft. \u2713 Tol...","og_url":"https:\/\/dev.eliassen.nl\/de\/wandteller-dose-live-to-ride-84cm\/","og_site_name":"Eliassen.nl","article_publisher":"https:\/\/www.facebook.com\/TuincentrumEliassenAmmerzoden","article_modified_time":"2024-12-05T15:05:05+00:00","og_image":[{"width":1440,"height":1080,"url":"https:\/\/dev.eliassen.nl\/wp-content\/uploads\/2024\/01\/muurplaatbliklivetoride84cmeliassennl.jpg","type":"image\/jpeg"}],"twitter_card":"summary_large_image","schema":{"@context":"https:\/\/schema.org","@graph":[{"@type":"WebPage","@id":"https:\/\/dev.eliassen.nl\/de\/wandteller-dose-live-to-ride-84cm\/","url":"https:\/\/dev.eliassen.nl\/de\/wandteller-dose-live-to-ride-84cm\/","name":"Wandteller Dose Live to ride 84cm - Eliassen.nl","isPartOf":{"@id":"https:\/\/dev.eliassen.nl\/de\/#website"},"primaryImageOfPage":{"@id":"https:\/\/dev.eliassen.nl\/de\/wandteller-dose-live-to-ride-84cm\/#primaryimage"},"image":{"@id":"https:\/\/dev.eliassen.nl\/de\/wandteller-dose-live-to-ride-84cm\/#primaryimage"},"thumbnailUrl":"https:\/\/dev.eliassen.nl\/wp-content\/uploads\/2024\/01\/muurplaatbliklivetoride84cmeliassennl.jpg","datePublished":"2022-06-16T15:00:00+00:00","dateModified":"2024-12-05T15:05:05+00:00","description":"M\u00f6chten Sie eine Retro-Wanddekoration? Sehen oder kaufen Sie unsere gro\u00dfe Sammlung von Retro-Wanddekorationen auf der Website oder in unserem Gesch\u00e4ft. \u2713 Tol...","breadcrumb":{"@id":"https:\/\/dev.eliassen.nl\/de\/wandteller-dose-live-to-ride-84cm\/#breadcrumb"},"inLanguage":"de","potentialAction":[{"@type":"ReadAction","target":["https:\/\/dev.eliassen.nl\/de\/wandteller-dose-live-to-ride-84cm\/"]}]},{"@type":"ImageObject","inLanguage":"de","@id":"https:\/\/dev.eliassen.nl\/de\/wandteller-dose-live-to-ride-84cm\/#primaryimage","url":"https:\/\/dev.eliassen.nl\/wp-content\/uploads\/2024\/01\/muurplaatbliklivetoride84cmeliassennl.jpg","contentUrl":"https:\/\/dev.eliassen.nl\/wp-content\/uploads\/2024\/01\/muurplaatbliklivetoride84cmeliassennl.jpg","width":1440,"height":1080,"caption":"Muurplaat blik Live to ride 84cm - Eliassen.nl"},{"@type":"BreadcrumbList","@id":"https:\/\/dev.eliassen.nl\/de\/wandteller-dose-live-to-ride-84cm\/#breadcrumb","itemListElement":[{"@type":"ListItem","position":1,"name":"Home","item":"https:\/\/dev.eliassen.nl\/de\/"},{"@type":"ListItem","position":2,"name":"Shop","item":"https:\/\/dev.eliassen.nl\/nl\/winkel\/"},{"@type":"ListItem","position":3,"name":"Wanddekoration","item":"https:\/\/dev.eliassen.nl\/de\/wanddekoration\/"},{"@type":"ListItem","position":4,"name":"Vintage Wanddekoration M\u00e4nnerh\u00f6hle","item":"https:\/\/dev.eliassen.nl\/de\/wanddekoration\/vintage-wanddekoration-maennerhoehle\/"},{"@type":"ListItem","position":5,"name":"Wandteller Dose Live to ride 84cm"}]},{"@type":"WebSite","@id":"https:\/\/dev.eliassen.nl\/de\/#website","url":"https:\/\/dev.eliassen.nl\/de\/","name":"Eliassen Home & Garden Pleasure","description":"","publisher":{"@id":"https:\/\/dev.eliassen.nl\/de\/#organization"},"alternateName":"Eliassen.nl","potentialAction":[{"@type":"SearchAction","target":{"@type":"EntryPoint","urlTemplate":"https:\/\/dev.eliassen.nl\/de\/?s={search_term_string}"},"query-input":{"@type":"PropertyValueSpecification","valueRequired":true,"valueName":"search_term_string"}}],"inLanguage":"de"},{"@type":"Organization","@id":"https:\/\/dev.eliassen.nl\/de\/#organization","name":"Eliassen Home & Garden Pleasure","url":"https:\/\/dev.eliassen.nl\/de\/","logo":{"@type":"ImageObject","inLanguage":"de","@id":"https:\/\/dev.eliassen.nl\/de\/#\/schema\/logo\/image\/","url":"https:\/\/www.eliassen.nl\/wp-content\/uploads\/2024\/01\/logo_4nd.jpg","contentUrl":"https:\/\/www.eliassen.nl\/wp-content\/uploads\/2024\/01\/logo_4nd.jpg","width":500,"height":500,"caption":"Eliassen Home & Garden Pleasure"},"image":{"@id":"https:\/\/dev.eliassen.nl\/de\/#\/schema\/logo\/image\/"},"sameAs":["https:\/\/www.facebook.com\/TuincentrumEliassenAmmerzoden","https:\/\/www.instagram.com\/eliassenhomeandgarden\/","https:\/\/nl.pinterest.com\/eliassenhomeandgarden\/","https:\/\/www.youtube.com\/@eliassenhomegardenpleasure4558"]}]}},"df_price":29.5,"df_sale_price":"","df_regular_price":29.5,"df_image_link":"https:\/\/dev.eliassen.nl\/wp-content\/uploads\/2024\/01\/muurplaatbliklivetoride84cmeliassennl.jpg","image":"https:\/\/dev.eliassen.nl\/wp-content\/uploads\/2024\/01\/muurplaatbliklivetoride84cmeliassennl.jpg","price_search":"<span class=\"woocommerce-Price-amount amount\"><bdi><span class=\"woocommerce-Price-currencySymbol\">&euro;<\/span>&nbsp;29,50<\/bdi><\/span>","category":"Vintage Wanddekoration M\u00e4nnerh\u00f6hle","_links":{"self":[{"href":"https:\/\/dev.eliassen.nl\/de\/wp-json\/wp\/v2\/product\/72856","targetHints":{"allow":["GET"]}}],"collection":[{"href":"https:\/\/dev.eliassen.nl\/de\/wp-json\/wp\/v2\/product"}],"about":[{"href":"https:\/\/dev.eliassen.nl\/de\/wp-json\/wp\/v2\/types\/product"}],"wp:featuredmedia":[{"embeddable":true,"href":"https:\/\/dev.eliassen.nl\/de\/wp-json\/wp\/v2\/media\/72853"}],"wp:attachment":[{"href":"https:\/\/dev.eliassen.nl\/de\/wp-json\/wp\/v2\/media?parent=72856"}],"wp:term":[{"taxonomy":"product_brand","embeddable":true,"href":"https:\/\/dev.eliassen.nl\/de\/wp-json\/wp\/v2\/product_brand?post=72856"},{"taxonomy":"product_cat","embeddable":true,"href":"https:\/\/dev.eliassen.nl\/de\/wp-json\/wp\/v2\/product_cat?post=72856"},{"taxonomy":"product_tag","embeddable":true,"href":"https:\/\/dev.eliassen.nl\/de\/wp-json\/wp\/v2\/product_tag?post=72856"}],"curies":[{"name":"wp","href":"https:\/\/api.w.org\/{rel}","templated":true}]}}