{"id":72898,"date":"2022-06-17T16:21:06","date_gmt":"2022-06-17T14:21:06","guid":{"rendered":"https:\/\/www.eliassen.nl\/?product=tuinsteker-grote-haan"},"modified":"2024-12-05T16:05:11","modified_gmt":"2024-12-05T15:05:11","slug":"gartenstecker-grosser-hahn-120cm","status":"publish","type":"product","link":"https:\/\/dev.eliassen.nl\/de\/gartenstecker-grosser-hahn-120cm\/","title":{"rendered":"Gartenstecker gro\u00dfer Hahn 120cm"},"content":{"rendered":"<p>Machen Sie sich oder anderen eine Freude mit diesem fr\u00f6hlichen Gartenstecker?<br \/>Wundersch\u00f6n verarbeiteter gro\u00dfer Hahn aus Metall, den Sie \u00fcberall im Garten anbringen k\u00f6nnen.<br \/>Ein Hingucker in Ihrem Garten und sch\u00f6n zu verschenken. Komplett handgefertigt und bemalt.<br \/>Da es sich um Handarbeit handelt, kann das Bild leicht von einem echten abweichen.<\/p>\n<p><strong>Wir haben fast alles aus dieser Serie im Showroom, schauen Sie vorbei.<\/strong><\/p>\n<ul>\n<li>Gr\u00f6\u00dfe 120cm. hoch<\/li>\n<li>Schnell geliefert.<\/li>\n<li>100 % Handarbeit.<\/li>\n<li>1 Jahr Garantie.<\/li>\n<\/ul>\n","protected":false},"excerpt":{"rendered":"<p>Machen Sie sich oder anderen eine Freude mit diesem fr\u00f6hlichen Gartenstecker?Wundersch\u00f6n verarbeiteter gro\u00dfer Hahn aus Metall, den Sie \u00fcberall im Garten anbringen k\u00f6nnen.Ein Hingucker in Ihrem Garten und sch\u00f6n zu verschenken. Komplett handgefertigt und bemalt.Da es sich um Handarbeit handelt, kann das Bild leicht von einem echten abweichen. Wir haben fast alles aus dieser Serie &hellip;<\/p>\n","protected":false},"featured_media":72895,"template":"","meta":{"_acf_changed":false},"product_brand":[],"product_cat":[851,836],"product_tag":[],"class_list":{"0":"post-72898","1":"product","2":"type-product","3":"status-publish","4":"has-post-thumbnail","6":"product_cat-gartenpfaehle-aus-still","7":"product_cat-gartenstecker","9":"first","10":"instock","11":"taxable","12":"shipping-taxable","13":"purchasable","14":"product-type-simple"},"acf":[],"yoast_head":"<!-- This site is optimized with the Yoast SEO plugin v23.8 - https:\/\/yoast.com\/wordpress\/plugins\/seo\/ -->\n<title>Gartenstecker gro\u00dfer Hahn<\/title>\n<meta name=\"description\" content=\"M\u00f6chten Sie einen fr\u00f6hlichen Gartenstecker kaufen? Eliassen bietet Ihnen ein breites Sortiment, das live oder online mit schnellen Lieferzeiten eingesehen we...\" \/>\n<meta name=\"robots\" content=\"noindex, follow, max-snippet:-1, max-image-preview:large, max-video-preview:-1\" \/>\n<meta property=\"og:locale\" content=\"de_DE\" \/>\n<meta property=\"og:type\" content=\"article\" \/>\n<meta property=\"og:title\" content=\"Gartenstecker gro\u00dfer Hahn\" \/>\n<meta property=\"og:description\" content=\"M\u00f6chten Sie einen fr\u00f6hlichen Gartenstecker kaufen? Eliassen bietet Ihnen ein breites Sortiment, das live oder online mit schnellen Lieferzeiten eingesehen we...\" \/>\n<meta property=\"og:url\" content=\"https:\/\/dev.eliassen.nl\/de\/gartenstecker-grosser-hahn-120cm\/\" \/>\n<meta property=\"og:site_name\" content=\"Eliassen.nl\" \/>\n<meta property=\"article:publisher\" content=\"https:\/\/www.facebook.com\/TuincentrumEliassenAmmerzoden\" \/>\n<meta property=\"article:modified_time\" content=\"2024-12-05T15:05:11+00:00\" \/>\n<meta property=\"og:image\" content=\"https:\/\/dev.eliassen.nl\/wp-content\/uploads\/2024\/01\/556851.jpg\" \/>\n\t<meta property=\"og:image:width\" content=\"706\" \/>\n\t<meta property=\"og:image:height\" content=\"956\" \/>\n\t<meta property=\"og:image:type\" content=\"image\/jpeg\" \/>\n<meta name=\"twitter:card\" content=\"summary_large_image\" \/>\n<script type=\"application\/ld+json\" class=\"yoast-schema-graph\">{\"@context\":\"https:\/\/schema.org\",\"@graph\":[{\"@type\":\"WebPage\",\"@id\":\"https:\/\/dev.eliassen.nl\/de\/gartenstecker-grosser-hahn-120cm\/\",\"url\":\"https:\/\/dev.eliassen.nl\/de\/gartenstecker-grosser-hahn-120cm\/\",\"name\":\"Gartenstecker gro\u00dfer Hahn\",\"isPartOf\":{\"@id\":\"https:\/\/dev.eliassen.nl\/de\/#website\"},\"primaryImageOfPage\":{\"@id\":\"https:\/\/dev.eliassen.nl\/de\/gartenstecker-grosser-hahn-120cm\/#primaryimage\"},\"image\":{\"@id\":\"https:\/\/dev.eliassen.nl\/de\/gartenstecker-grosser-hahn-120cm\/#primaryimage\"},\"thumbnailUrl\":\"https:\/\/dev.eliassen.nl\/wp-content\/uploads\/2024\/01\/556851.jpg\",\"datePublished\":\"2022-06-17T14:21:06+00:00\",\"dateModified\":\"2024-12-05T15:05:11+00:00\",\"description\":\"M\u00f6chten Sie einen fr\u00f6hlichen Gartenstecker kaufen? Eliassen bietet Ihnen ein breites Sortiment, das live oder online mit schnellen Lieferzeiten eingesehen we...\",\"breadcrumb\":{\"@id\":\"https:\/\/dev.eliassen.nl\/de\/gartenstecker-grosser-hahn-120cm\/#breadcrumb\"},\"inLanguage\":\"de\",\"potentialAction\":[{\"@type\":\"ReadAction\",\"target\":[\"https:\/\/dev.eliassen.nl\/de\/gartenstecker-grosser-hahn-120cm\/\"]}]},{\"@type\":\"ImageObject\",\"inLanguage\":\"de\",\"@id\":\"https:\/\/dev.eliassen.nl\/de\/gartenstecker-grosser-hahn-120cm\/#primaryimage\",\"url\":\"https:\/\/dev.eliassen.nl\/wp-content\/uploads\/2024\/01\/556851.jpg\",\"contentUrl\":\"https:\/\/dev.eliassen.nl\/wp-content\/uploads\/2024\/01\/556851.jpg\",\"width\":706,\"height\":956,\"caption\":\"556851\"},{\"@type\":\"BreadcrumbList\",\"@id\":\"https:\/\/dev.eliassen.nl\/de\/gartenstecker-grosser-hahn-120cm\/#breadcrumb\",\"itemListElement\":[{\"@type\":\"ListItem\",\"position\":1,\"name\":\"Home\",\"item\":\"https:\/\/dev.eliassen.nl\/de\/\"},{\"@type\":\"ListItem\",\"position\":2,\"name\":\"Shop\",\"item\":\"https:\/\/dev.eliassen.nl\/nl\/winkel\/\"},{\"@type\":\"ListItem\",\"position\":3,\"name\":\"Gartenstecker\",\"item\":\"https:\/\/dev.eliassen.nl\/de\/gartenstecker\/\"},{\"@type\":\"ListItem\",\"position\":4,\"name\":\"Gartenpf\u00e4hle aus still\",\"item\":\"https:\/\/dev.eliassen.nl\/de\/gartenstecker\/gartenpfaehle-aus-still\/\"},{\"@type\":\"ListItem\",\"position\":5,\"name\":\"Gartenstecker gro\u00dfer Hahn 120cm\"}]},{\"@type\":\"WebSite\",\"@id\":\"https:\/\/dev.eliassen.nl\/de\/#website\",\"url\":\"https:\/\/dev.eliassen.nl\/de\/\",\"name\":\"Eliassen Home & Garden Pleasure\",\"description\":\"\",\"publisher\":{\"@id\":\"https:\/\/dev.eliassen.nl\/de\/#organization\"},\"alternateName\":\"Eliassen.nl\",\"potentialAction\":[{\"@type\":\"SearchAction\",\"target\":{\"@type\":\"EntryPoint\",\"urlTemplate\":\"https:\/\/dev.eliassen.nl\/de\/?s={search_term_string}\"},\"query-input\":{\"@type\":\"PropertyValueSpecification\",\"valueRequired\":true,\"valueName\":\"search_term_string\"}}],\"inLanguage\":\"de\"},{\"@type\":\"Organization\",\"@id\":\"https:\/\/dev.eliassen.nl\/de\/#organization\",\"name\":\"Eliassen Home & Garden Pleasure\",\"url\":\"https:\/\/dev.eliassen.nl\/de\/\",\"logo\":{\"@type\":\"ImageObject\",\"inLanguage\":\"de\",\"@id\":\"https:\/\/dev.eliassen.nl\/de\/#\/schema\/logo\/image\/\",\"url\":\"https:\/\/www.eliassen.nl\/wp-content\/uploads\/2024\/01\/logo_4nd.jpg\",\"contentUrl\":\"https:\/\/www.eliassen.nl\/wp-content\/uploads\/2024\/01\/logo_4nd.jpg\",\"width\":500,\"height\":500,\"caption\":\"Eliassen Home & Garden Pleasure\"},\"image\":{\"@id\":\"https:\/\/dev.eliassen.nl\/de\/#\/schema\/logo\/image\/\"},\"sameAs\":[\"https:\/\/www.facebook.com\/TuincentrumEliassenAmmerzoden\",\"https:\/\/www.instagram.com\/eliassenhomeandgarden\/\",\"https:\/\/nl.pinterest.com\/eliassenhomeandgarden\/\",\"https:\/\/www.youtube.com\/@eliassenhomegardenpleasure4558\"]}]}<\/script>\n<!-- \/ Yoast SEO plugin. -->","yoast_head_json":{"title":"Gartenstecker gro\u00dfer Hahn","description":"M\u00f6chten Sie einen fr\u00f6hlichen Gartenstecker kaufen? Eliassen bietet Ihnen ein breites Sortiment, das live oder online mit schnellen Lieferzeiten eingesehen we...","robots":{"index":"noindex","follow":"follow","max-snippet":"max-snippet:-1","max-image-preview":"max-image-preview:large","max-video-preview":"max-video-preview:-1"},"og_locale":"de_DE","og_type":"article","og_title":"Gartenstecker gro\u00dfer Hahn","og_description":"M\u00f6chten Sie einen fr\u00f6hlichen Gartenstecker kaufen? Eliassen bietet Ihnen ein breites Sortiment, das live oder online mit schnellen Lieferzeiten eingesehen we...","og_url":"https:\/\/dev.eliassen.nl\/de\/gartenstecker-grosser-hahn-120cm\/","og_site_name":"Eliassen.nl","article_publisher":"https:\/\/www.facebook.com\/TuincentrumEliassenAmmerzoden","article_modified_time":"2024-12-05T15:05:11+00:00","og_image":[{"width":706,"height":956,"url":"https:\/\/dev.eliassen.nl\/wp-content\/uploads\/2024\/01\/556851.jpg","type":"image\/jpeg"}],"twitter_card":"summary_large_image","schema":{"@context":"https:\/\/schema.org","@graph":[{"@type":"WebPage","@id":"https:\/\/dev.eliassen.nl\/de\/gartenstecker-grosser-hahn-120cm\/","url":"https:\/\/dev.eliassen.nl\/de\/gartenstecker-grosser-hahn-120cm\/","name":"Gartenstecker gro\u00dfer Hahn","isPartOf":{"@id":"https:\/\/dev.eliassen.nl\/de\/#website"},"primaryImageOfPage":{"@id":"https:\/\/dev.eliassen.nl\/de\/gartenstecker-grosser-hahn-120cm\/#primaryimage"},"image":{"@id":"https:\/\/dev.eliassen.nl\/de\/gartenstecker-grosser-hahn-120cm\/#primaryimage"},"thumbnailUrl":"https:\/\/dev.eliassen.nl\/wp-content\/uploads\/2024\/01\/556851.jpg","datePublished":"2022-06-17T14:21:06+00:00","dateModified":"2024-12-05T15:05:11+00:00","description":"M\u00f6chten Sie einen fr\u00f6hlichen Gartenstecker kaufen? Eliassen bietet Ihnen ein breites Sortiment, das live oder online mit schnellen Lieferzeiten eingesehen we...","breadcrumb":{"@id":"https:\/\/dev.eliassen.nl\/de\/gartenstecker-grosser-hahn-120cm\/#breadcrumb"},"inLanguage":"de","potentialAction":[{"@type":"ReadAction","target":["https:\/\/dev.eliassen.nl\/de\/gartenstecker-grosser-hahn-120cm\/"]}]},{"@type":"ImageObject","inLanguage":"de","@id":"https:\/\/dev.eliassen.nl\/de\/gartenstecker-grosser-hahn-120cm\/#primaryimage","url":"https:\/\/dev.eliassen.nl\/wp-content\/uploads\/2024\/01\/556851.jpg","contentUrl":"https:\/\/dev.eliassen.nl\/wp-content\/uploads\/2024\/01\/556851.jpg","width":706,"height":956,"caption":"556851"},{"@type":"BreadcrumbList","@id":"https:\/\/dev.eliassen.nl\/de\/gartenstecker-grosser-hahn-120cm\/#breadcrumb","itemListElement":[{"@type":"ListItem","position":1,"name":"Home","item":"https:\/\/dev.eliassen.nl\/de\/"},{"@type":"ListItem","position":2,"name":"Shop","item":"https:\/\/dev.eliassen.nl\/nl\/winkel\/"},{"@type":"ListItem","position":3,"name":"Gartenstecker","item":"https:\/\/dev.eliassen.nl\/de\/gartenstecker\/"},{"@type":"ListItem","position":4,"name":"Gartenpf\u00e4hle aus still","item":"https:\/\/dev.eliassen.nl\/de\/gartenstecker\/gartenpfaehle-aus-still\/"},{"@type":"ListItem","position":5,"name":"Gartenstecker gro\u00dfer Hahn 120cm"}]},{"@type":"WebSite","@id":"https:\/\/dev.eliassen.nl\/de\/#website","url":"https:\/\/dev.eliassen.nl\/de\/","name":"Eliassen Home & Garden Pleasure","description":"","publisher":{"@id":"https:\/\/dev.eliassen.nl\/de\/#organization"},"alternateName":"Eliassen.nl","potentialAction":[{"@type":"SearchAction","target":{"@type":"EntryPoint","urlTemplate":"https:\/\/dev.eliassen.nl\/de\/?s={search_term_string}"},"query-input":{"@type":"PropertyValueSpecification","valueRequired":true,"valueName":"search_term_string"}}],"inLanguage":"de"},{"@type":"Organization","@id":"https:\/\/dev.eliassen.nl\/de\/#organization","name":"Eliassen Home & Garden Pleasure","url":"https:\/\/dev.eliassen.nl\/de\/","logo":{"@type":"ImageObject","inLanguage":"de","@id":"https:\/\/dev.eliassen.nl\/de\/#\/schema\/logo\/image\/","url":"https:\/\/www.eliassen.nl\/wp-content\/uploads\/2024\/01\/logo_4nd.jpg","contentUrl":"https:\/\/www.eliassen.nl\/wp-content\/uploads\/2024\/01\/logo_4nd.jpg","width":500,"height":500,"caption":"Eliassen Home & Garden Pleasure"},"image":{"@id":"https:\/\/dev.eliassen.nl\/de\/#\/schema\/logo\/image\/"},"sameAs":["https:\/\/www.facebook.com\/TuincentrumEliassenAmmerzoden","https:\/\/www.instagram.com\/eliassenhomeandgarden\/","https:\/\/nl.pinterest.com\/eliassenhomeandgarden\/","https:\/\/www.youtube.com\/@eliassenhomegardenpleasure4558"]}]}},"df_price":34.5,"df_sale_price":"","df_regular_price":34.5,"df_image_link":"https:\/\/dev.eliassen.nl\/wp-content\/uploads\/2024\/01\/556851.jpg","image":"https:\/\/dev.eliassen.nl\/wp-content\/uploads\/2024\/01\/556851.jpg","price_search":"<span class=\"woocommerce-Price-amount amount\"><bdi><span class=\"woocommerce-Price-currencySymbol\">&euro;<\/span>&nbsp;34,50<\/bdi><\/span>","category":"Gartenpf\u00e4hle aus still","_links":{"self":[{"href":"https:\/\/dev.eliassen.nl\/de\/wp-json\/wp\/v2\/product\/72898","targetHints":{"allow":["GET"]}}],"collection":[{"href":"https:\/\/dev.eliassen.nl\/de\/wp-json\/wp\/v2\/product"}],"about":[{"href":"https:\/\/dev.eliassen.nl\/de\/wp-json\/wp\/v2\/types\/product"}],"wp:featuredmedia":[{"embeddable":true,"href":"https:\/\/dev.eliassen.nl\/de\/wp-json\/wp\/v2\/media\/72895"}],"wp:attachment":[{"href":"https:\/\/dev.eliassen.nl\/de\/wp-json\/wp\/v2\/media?parent=72898"}],"wp:term":[{"taxonomy":"product_brand","embeddable":true,"href":"https:\/\/dev.eliassen.nl\/de\/wp-json\/wp\/v2\/product_brand?post=72898"},{"taxonomy":"product_cat","embeddable":true,"href":"https:\/\/dev.eliassen.nl\/de\/wp-json\/wp\/v2\/product_cat?post=72898"},{"taxonomy":"product_tag","embeddable":true,"href":"https:\/\/dev.eliassen.nl\/de\/wp-json\/wp\/v2\/product_tag?post=72898"}],"curies":[{"name":"wp","href":"https:\/\/api.w.org\/{rel}","templated":true}]}}