{"id":72907,"date":"2022-06-17T16:24:56","date_gmt":"2022-06-17T14:24:56","guid":{"rendered":"https:\/\/www.eliassen.nl\/?product=tuinlamp-fakir-solar-op-pin-148cm"},"modified":"2024-12-05T16:05:12","modified_gmt":"2024-12-05T15:05:12","slug":"gartenlampe-fakir-solar-auf-stift-148cm","status":"publish","type":"product","link":"https:\/\/dev.eliassen.nl\/de\/gartenlampe-fakir-solar-auf-stift-148cm\/","title":{"rendered":"Gartenlampe Fakir Solar auf Stift 148cm"},"content":{"rendered":"<p>Diese Gartenlampe wird ein fr\u00f6hlicher Hingucker in jedem Garten sein.<br \/>Es macht auch Spa\u00df, diesen fr\u00f6hlichen Gartenstecker zu verschenken oder zu erhalten.<br \/>Sorgt mittels faltbarem Solarpanel f\u00fcr ein kleines Stimmungslicht im Dunkeln.<br \/>Ausgestattet mit einem stabilen Stift, damit das Ganze in jeder Art von Boden fest steht.<br \/>Lieferung als Bausatz. Da es sich um ein handgefertigtes Produkt handelt, kann es leicht vom Foto abweichen.<br \/>Dieses Modell ist auch in unserem Showroom zu sehen.<\/p>\n<ul>\n<li>Gr\u00f6\u00dfe: 18 cm x 148 cm hoch.<\/li>\n<li>Farbe Gelb.<\/li>\n<li>Material: Metall<\/li>\n<li>Schnell geliefert.<\/li>\n<li>Eigener Bestand.<\/li>\n<li>Hinweis: das ist kein spielzeug!<\/li>\n<\/ul>\n","protected":false},"excerpt":{"rendered":"<p>Diese Gartenlampe wird ein fr\u00f6hlicher Hingucker in jedem Garten sein.Es macht auch Spa\u00df, diesen fr\u00f6hlichen Gartenstecker zu verschenken oder zu erhalten.Sorgt mittels faltbarem Solarpanel f\u00fcr ein kleines Stimmungslicht im Dunkeln.Ausgestattet mit einem stabilen Stift, damit das Ganze in jeder Art von Boden fest steht.Lieferung als Bausatz. Da es sich um ein handgefertigtes Produkt handelt, kann &hellip;<\/p>\n","protected":false},"featured_media":72901,"template":"","meta":{"_acf_changed":false},"product_brand":[],"product_cat":[851,836],"product_tag":[],"class_list":{"0":"post-72907","1":"product","2":"type-product","3":"status-publish","4":"has-post-thumbnail","6":"product_cat-gartenpfaehle-aus-still","7":"product_cat-gartenstecker","9":"first","10":"instock","11":"taxable","12":"shipping-taxable","13":"purchasable","14":"product-type-simple"},"acf":[],"yoast_head":"<!-- This site is optimized with the Yoast SEO plugin v23.8 - https:\/\/yoast.com\/wordpress\/plugins\/seo\/ -->\n<title>Gartenlampe Fakir Solar auf Stift 148cm<\/title>\n<meta name=\"description\" content=\"M\u00f6chten Sie einen sch\u00f6nen Gartenstecker kaufen? Eliassen bietet Ihnen eine gro\u00dfe Auswahl an Gartenpf\u00e4hlen in einem gro\u00dfen Ausstellungsraum und online schnell...\" \/>\n<meta name=\"robots\" content=\"noindex, follow, max-snippet:-1, max-image-preview:large, max-video-preview:-1\" \/>\n<meta property=\"og:locale\" content=\"de_DE\" \/>\n<meta property=\"og:type\" content=\"article\" \/>\n<meta property=\"og:title\" content=\"Gartenlampe Fakir Solar auf Stift 148cm\" \/>\n<meta property=\"og:description\" content=\"M\u00f6chten Sie einen sch\u00f6nen Gartenstecker kaufen? Eliassen bietet Ihnen eine gro\u00dfe Auswahl an Gartenpf\u00e4hlen in einem gro\u00dfen Ausstellungsraum und online schnell...\" \/>\n<meta property=\"og:url\" content=\"https:\/\/dev.eliassen.nl\/de\/gartenlampe-fakir-solar-auf-stift-148cm\/\" \/>\n<meta property=\"og:site_name\" content=\"Eliassen.nl\" \/>\n<meta property=\"article:publisher\" content=\"https:\/\/www.facebook.com\/TuincentrumEliassenAmmerzoden\" \/>\n<meta property=\"article:modified_time\" content=\"2024-12-05T15:05:12+00:00\" \/>\n<meta property=\"og:image\" content=\"https:\/\/dev.eliassen.nl\/wp-content\/uploads\/2024\/01\/559692.jpg\" \/>\n\t<meta property=\"og:image:width\" content=\"2048\" \/>\n\t<meta property=\"og:image:height\" content=\"1536\" \/>\n\t<meta property=\"og:image:type\" content=\"image\/jpeg\" \/>\n<meta name=\"twitter:card\" content=\"summary_large_image\" \/>\n<script type=\"application\/ld+json\" class=\"yoast-schema-graph\">{\"@context\":\"https:\/\/schema.org\",\"@graph\":[{\"@type\":\"WebPage\",\"@id\":\"https:\/\/dev.eliassen.nl\/de\/gartenlampe-fakir-solar-auf-stift-148cm\/\",\"url\":\"https:\/\/dev.eliassen.nl\/de\/gartenlampe-fakir-solar-auf-stift-148cm\/\",\"name\":\"Gartenlampe Fakir Solar auf Stift 148cm\",\"isPartOf\":{\"@id\":\"https:\/\/dev.eliassen.nl\/de\/#website\"},\"primaryImageOfPage\":{\"@id\":\"https:\/\/dev.eliassen.nl\/de\/gartenlampe-fakir-solar-auf-stift-148cm\/#primaryimage\"},\"image\":{\"@id\":\"https:\/\/dev.eliassen.nl\/de\/gartenlampe-fakir-solar-auf-stift-148cm\/#primaryimage\"},\"thumbnailUrl\":\"https:\/\/dev.eliassen.nl\/wp-content\/uploads\/2024\/01\/559692.jpg\",\"datePublished\":\"2022-06-17T14:24:56+00:00\",\"dateModified\":\"2024-12-05T15:05:12+00:00\",\"description\":\"M\u00f6chten Sie einen sch\u00f6nen Gartenstecker kaufen? Eliassen bietet Ihnen eine gro\u00dfe Auswahl an Gartenpf\u00e4hlen in einem gro\u00dfen Ausstellungsraum und online schnell...\",\"breadcrumb\":{\"@id\":\"https:\/\/dev.eliassen.nl\/de\/gartenlampe-fakir-solar-auf-stift-148cm\/#breadcrumb\"},\"inLanguage\":\"de\",\"potentialAction\":[{\"@type\":\"ReadAction\",\"target\":[\"https:\/\/dev.eliassen.nl\/de\/gartenlampe-fakir-solar-auf-stift-148cm\/\"]}]},{\"@type\":\"ImageObject\",\"inLanguage\":\"de\",\"@id\":\"https:\/\/dev.eliassen.nl\/de\/gartenlampe-fakir-solar-auf-stift-148cm\/#primaryimage\",\"url\":\"https:\/\/dev.eliassen.nl\/wp-content\/uploads\/2024\/01\/559692.jpg\",\"contentUrl\":\"https:\/\/dev.eliassen.nl\/wp-content\/uploads\/2024\/01\/559692.jpg\",\"width\":2048,\"height\":1536,\"caption\":\"559692\"},{\"@type\":\"BreadcrumbList\",\"@id\":\"https:\/\/dev.eliassen.nl\/de\/gartenlampe-fakir-solar-auf-stift-148cm\/#breadcrumb\",\"itemListElement\":[{\"@type\":\"ListItem\",\"position\":1,\"name\":\"Home\",\"item\":\"https:\/\/dev.eliassen.nl\/de\/\"},{\"@type\":\"ListItem\",\"position\":2,\"name\":\"Shop\",\"item\":\"https:\/\/dev.eliassen.nl\/nl\/winkel\/\"},{\"@type\":\"ListItem\",\"position\":3,\"name\":\"Gartenstecker\",\"item\":\"https:\/\/dev.eliassen.nl\/de\/gartenstecker\/\"},{\"@type\":\"ListItem\",\"position\":4,\"name\":\"Gartenpf\u00e4hle aus still\",\"item\":\"https:\/\/dev.eliassen.nl\/de\/gartenstecker\/gartenpfaehle-aus-still\/\"},{\"@type\":\"ListItem\",\"position\":5,\"name\":\"Gartenlampe Fakir Solar auf Stift 148cm\"}]},{\"@type\":\"WebSite\",\"@id\":\"https:\/\/dev.eliassen.nl\/de\/#website\",\"url\":\"https:\/\/dev.eliassen.nl\/de\/\",\"name\":\"Eliassen Home & Garden Pleasure\",\"description\":\"\",\"publisher\":{\"@id\":\"https:\/\/dev.eliassen.nl\/de\/#organization\"},\"alternateName\":\"Eliassen.nl\",\"potentialAction\":[{\"@type\":\"SearchAction\",\"target\":{\"@type\":\"EntryPoint\",\"urlTemplate\":\"https:\/\/dev.eliassen.nl\/de\/?s={search_term_string}\"},\"query-input\":{\"@type\":\"PropertyValueSpecification\",\"valueRequired\":true,\"valueName\":\"search_term_string\"}}],\"inLanguage\":\"de\"},{\"@type\":\"Organization\",\"@id\":\"https:\/\/dev.eliassen.nl\/de\/#organization\",\"name\":\"Eliassen Home & Garden Pleasure\",\"url\":\"https:\/\/dev.eliassen.nl\/de\/\",\"logo\":{\"@type\":\"ImageObject\",\"inLanguage\":\"de\",\"@id\":\"https:\/\/dev.eliassen.nl\/de\/#\/schema\/logo\/image\/\",\"url\":\"https:\/\/www.eliassen.nl\/wp-content\/uploads\/2024\/01\/logo_4nd.jpg\",\"contentUrl\":\"https:\/\/www.eliassen.nl\/wp-content\/uploads\/2024\/01\/logo_4nd.jpg\",\"width\":500,\"height\":500,\"caption\":\"Eliassen Home & Garden Pleasure\"},\"image\":{\"@id\":\"https:\/\/dev.eliassen.nl\/de\/#\/schema\/logo\/image\/\"},\"sameAs\":[\"https:\/\/www.facebook.com\/TuincentrumEliassenAmmerzoden\",\"https:\/\/www.instagram.com\/eliassenhomeandgarden\/\",\"https:\/\/nl.pinterest.com\/eliassenhomeandgarden\/\",\"https:\/\/www.youtube.com\/@eliassenhomegardenpleasure4558\"]}]}<\/script>\n<!-- \/ Yoast SEO plugin. -->","yoast_head_json":{"title":"Gartenlampe Fakir Solar auf Stift 148cm","description":"M\u00f6chten Sie einen sch\u00f6nen Gartenstecker kaufen? Eliassen bietet Ihnen eine gro\u00dfe Auswahl an Gartenpf\u00e4hlen in einem gro\u00dfen Ausstellungsraum und online schnell...","robots":{"index":"noindex","follow":"follow","max-snippet":"max-snippet:-1","max-image-preview":"max-image-preview:large","max-video-preview":"max-video-preview:-1"},"og_locale":"de_DE","og_type":"article","og_title":"Gartenlampe Fakir Solar auf Stift 148cm","og_description":"M\u00f6chten Sie einen sch\u00f6nen Gartenstecker kaufen? Eliassen bietet Ihnen eine gro\u00dfe Auswahl an Gartenpf\u00e4hlen in einem gro\u00dfen Ausstellungsraum und online schnell...","og_url":"https:\/\/dev.eliassen.nl\/de\/gartenlampe-fakir-solar-auf-stift-148cm\/","og_site_name":"Eliassen.nl","article_publisher":"https:\/\/www.facebook.com\/TuincentrumEliassenAmmerzoden","article_modified_time":"2024-12-05T15:05:12+00:00","og_image":[{"width":2048,"height":1536,"url":"https:\/\/dev.eliassen.nl\/wp-content\/uploads\/2024\/01\/559692.jpg","type":"image\/jpeg"}],"twitter_card":"summary_large_image","schema":{"@context":"https:\/\/schema.org","@graph":[{"@type":"WebPage","@id":"https:\/\/dev.eliassen.nl\/de\/gartenlampe-fakir-solar-auf-stift-148cm\/","url":"https:\/\/dev.eliassen.nl\/de\/gartenlampe-fakir-solar-auf-stift-148cm\/","name":"Gartenlampe Fakir Solar auf Stift 148cm","isPartOf":{"@id":"https:\/\/dev.eliassen.nl\/de\/#website"},"primaryImageOfPage":{"@id":"https:\/\/dev.eliassen.nl\/de\/gartenlampe-fakir-solar-auf-stift-148cm\/#primaryimage"},"image":{"@id":"https:\/\/dev.eliassen.nl\/de\/gartenlampe-fakir-solar-auf-stift-148cm\/#primaryimage"},"thumbnailUrl":"https:\/\/dev.eliassen.nl\/wp-content\/uploads\/2024\/01\/559692.jpg","datePublished":"2022-06-17T14:24:56+00:00","dateModified":"2024-12-05T15:05:12+00:00","description":"M\u00f6chten Sie einen sch\u00f6nen Gartenstecker kaufen? Eliassen bietet Ihnen eine gro\u00dfe Auswahl an Gartenpf\u00e4hlen in einem gro\u00dfen Ausstellungsraum und online schnell...","breadcrumb":{"@id":"https:\/\/dev.eliassen.nl\/de\/gartenlampe-fakir-solar-auf-stift-148cm\/#breadcrumb"},"inLanguage":"de","potentialAction":[{"@type":"ReadAction","target":["https:\/\/dev.eliassen.nl\/de\/gartenlampe-fakir-solar-auf-stift-148cm\/"]}]},{"@type":"ImageObject","inLanguage":"de","@id":"https:\/\/dev.eliassen.nl\/de\/gartenlampe-fakir-solar-auf-stift-148cm\/#primaryimage","url":"https:\/\/dev.eliassen.nl\/wp-content\/uploads\/2024\/01\/559692.jpg","contentUrl":"https:\/\/dev.eliassen.nl\/wp-content\/uploads\/2024\/01\/559692.jpg","width":2048,"height":1536,"caption":"559692"},{"@type":"BreadcrumbList","@id":"https:\/\/dev.eliassen.nl\/de\/gartenlampe-fakir-solar-auf-stift-148cm\/#breadcrumb","itemListElement":[{"@type":"ListItem","position":1,"name":"Home","item":"https:\/\/dev.eliassen.nl\/de\/"},{"@type":"ListItem","position":2,"name":"Shop","item":"https:\/\/dev.eliassen.nl\/nl\/winkel\/"},{"@type":"ListItem","position":3,"name":"Gartenstecker","item":"https:\/\/dev.eliassen.nl\/de\/gartenstecker\/"},{"@type":"ListItem","position":4,"name":"Gartenpf\u00e4hle aus still","item":"https:\/\/dev.eliassen.nl\/de\/gartenstecker\/gartenpfaehle-aus-still\/"},{"@type":"ListItem","position":5,"name":"Gartenlampe Fakir Solar auf Stift 148cm"}]},{"@type":"WebSite","@id":"https:\/\/dev.eliassen.nl\/de\/#website","url":"https:\/\/dev.eliassen.nl\/de\/","name":"Eliassen Home & Garden Pleasure","description":"","publisher":{"@id":"https:\/\/dev.eliassen.nl\/de\/#organization"},"alternateName":"Eliassen.nl","potentialAction":[{"@type":"SearchAction","target":{"@type":"EntryPoint","urlTemplate":"https:\/\/dev.eliassen.nl\/de\/?s={search_term_string}"},"query-input":{"@type":"PropertyValueSpecification","valueRequired":true,"valueName":"search_term_string"}}],"inLanguage":"de"},{"@type":"Organization","@id":"https:\/\/dev.eliassen.nl\/de\/#organization","name":"Eliassen Home & Garden Pleasure","url":"https:\/\/dev.eliassen.nl\/de\/","logo":{"@type":"ImageObject","inLanguage":"de","@id":"https:\/\/dev.eliassen.nl\/de\/#\/schema\/logo\/image\/","url":"https:\/\/www.eliassen.nl\/wp-content\/uploads\/2024\/01\/logo_4nd.jpg","contentUrl":"https:\/\/www.eliassen.nl\/wp-content\/uploads\/2024\/01\/logo_4nd.jpg","width":500,"height":500,"caption":"Eliassen Home & Garden Pleasure"},"image":{"@id":"https:\/\/dev.eliassen.nl\/de\/#\/schema\/logo\/image\/"},"sameAs":["https:\/\/www.facebook.com\/TuincentrumEliassenAmmerzoden","https:\/\/www.instagram.com\/eliassenhomeandgarden\/","https:\/\/nl.pinterest.com\/eliassenhomeandgarden\/","https:\/\/www.youtube.com\/@eliassenhomegardenpleasure4558"]}]}},"df_price":37.5,"df_sale_price":"","df_regular_price":37.5,"df_image_link":"https:\/\/dev.eliassen.nl\/wp-content\/uploads\/2024\/01\/559692.jpg","image":"https:\/\/dev.eliassen.nl\/wp-content\/uploads\/2024\/01\/559692.jpg","price_search":"<span class=\"woocommerce-Price-amount amount\"><bdi><span class=\"woocommerce-Price-currencySymbol\">&euro;<\/span>&nbsp;37,50<\/bdi><\/span>","category":"Gartenpf\u00e4hle aus still","_links":{"self":[{"href":"https:\/\/dev.eliassen.nl\/de\/wp-json\/wp\/v2\/product\/72907","targetHints":{"allow":["GET"]}}],"collection":[{"href":"https:\/\/dev.eliassen.nl\/de\/wp-json\/wp\/v2\/product"}],"about":[{"href":"https:\/\/dev.eliassen.nl\/de\/wp-json\/wp\/v2\/types\/product"}],"wp:featuredmedia":[{"embeddable":true,"href":"https:\/\/dev.eliassen.nl\/de\/wp-json\/wp\/v2\/media\/72901"}],"wp:attachment":[{"href":"https:\/\/dev.eliassen.nl\/de\/wp-json\/wp\/v2\/media?parent=72907"}],"wp:term":[{"taxonomy":"product_brand","embeddable":true,"href":"https:\/\/dev.eliassen.nl\/de\/wp-json\/wp\/v2\/product_brand?post=72907"},{"taxonomy":"product_cat","embeddable":true,"href":"https:\/\/dev.eliassen.nl\/de\/wp-json\/wp\/v2\/product_cat?post=72907"},{"taxonomy":"product_tag","embeddable":true,"href":"https:\/\/dev.eliassen.nl\/de\/wp-json\/wp\/v2\/product_tag?post=72907"}],"curies":[{"name":"wp","href":"https:\/\/api.w.org\/{rel}","templated":true}]}}