{"id":72955,"date":"2022-06-20T16:57:50","date_gmt":"2022-06-20T14:57:50","guid":{"rendered":"https:\/\/www.eliassen.nl\/?product=tuinsteker-windmolen-happy-30cm-paars"},"modified":"2024-12-05T16:05:21","modified_gmt":"2024-12-05T15:05:21","slug":"gartenstecker-windmuhle-happy-30cm-lila","status":"publish","type":"product","link":"https:\/\/dev.eliassen.nl\/de\/gartenstecker-windmuhle-happy-30cm-lila\/","title":{"rendered":"Gartenstecker Windm\u00fchle Happy 30cm lila"},"content":{"rendered":"<p>Diese violette Windm\u00fchle ist eine sch\u00f6ne Erg\u00e4nzung f\u00fcr jeden Garten.<br \/>Dieses 122 cm hohe Modell dreht sich schon beim geringsten Wind, da die rotierenden Teile mit Kugellagern ausgestattet sind.<br \/>Es macht Spa\u00df, diese fr\u00f6hliche Windm\u00fchle zu verschenken oder zu erhalten.<br \/>Damit die M\u00fchle in jedem Boden sicher steht, ist sie mit einem stabilen Zapfen ausgestattet.<br \/>Lieferung als Bausatz.<br \/>Gr\u00f6\u00dfe: 30 cm breit und 122 cm hoch.<\/p>\n<p>Die Absicht ist, dass sich diese Windm\u00fchle leise dreht. Bei starkem Wind oder Sturm muss es daher gesch\u00fctzt werden.<\/p>\n<ul>\n<li>Farbe lila<\/li>\n<li>Material: Metall<\/li>\n<li>Schnell geliefert<\/li>\n<li>Eigener Bestand<\/li>\n<li>Hinweis: Dies ist kein Spielzeug!<\/li>\n<\/ul>\n","protected":false},"excerpt":{"rendered":"<p>Diese violette Windm\u00fchle ist eine sch\u00f6ne Erg\u00e4nzung f\u00fcr jeden Garten.Dieses 122 cm hohe Modell dreht sich schon beim geringsten Wind, da die rotierenden Teile mit Kugellagern ausgestattet sind.Es macht Spa\u00df, diese fr\u00f6hliche Windm\u00fchle zu verschenken oder zu erhalten.Damit die M\u00fchle in jedem Boden sicher steht, ist sie mit einem stabilen Zapfen ausgestattet.Lieferung als Bausatz.Gr\u00f6\u00dfe: 30 &hellip;<\/p>\n","protected":false},"featured_media":72952,"template":"","meta":{"_acf_changed":false},"product_brand":[],"product_cat":[836,845],"product_tag":[],"class_list":{"0":"post-72955","1":"product","2":"type-product","3":"status-publish","4":"has-post-thumbnail","6":"product_cat-gartenstecker","7":"product_cat-windmuehlen","9":"first","10":"instock","11":"taxable","12":"shipping-taxable","13":"purchasable","14":"product-type-simple"},"acf":[],"yoast_head":"<!-- This site is optimized with the Yoast SEO plugin v23.8 - https:\/\/yoast.com\/wordpress\/plugins\/seo\/ -->\n<title>Gartensteckwindm\u00fchle Happy 30cm lila - Eliassen.nl<\/title>\n<meta name=\"description\" content=\"Willst du eine Windm\u00fchle aus Metall mit Mehl? Sehen Sie sich hier alle unsere Gartenpf\u00e4hle mit verschiedenen Farben und Mustern an. \u2713 Gro\u00dfe Sammlung \u2713 Gute Q...\" \/>\n<meta name=\"robots\" content=\"noindex, follow, max-snippet:-1, max-image-preview:large, max-video-preview:-1\" \/>\n<meta property=\"og:locale\" content=\"de_DE\" \/>\n<meta property=\"og:type\" content=\"article\" \/>\n<meta property=\"og:title\" content=\"Gartensteckwindm\u00fchle Happy 30cm lila - Eliassen.nl\" \/>\n<meta property=\"og:description\" content=\"Willst du eine Windm\u00fchle aus Metall mit Mehl? Sehen Sie sich hier alle unsere Gartenpf\u00e4hle mit verschiedenen Farben und Mustern an. \u2713 Gro\u00dfe Sammlung \u2713 Gute Q...\" \/>\n<meta property=\"og:url\" content=\"https:\/\/dev.eliassen.nl\/de\/gartenstecker-windmuhle-happy-30cm-lila\/\" \/>\n<meta property=\"og:site_name\" content=\"Eliassen.nl\" \/>\n<meta property=\"article:publisher\" content=\"https:\/\/www.facebook.com\/TuincentrumEliassenAmmerzoden\" \/>\n<meta property=\"article:modified_time\" content=\"2024-12-05T15:05:21+00:00\" \/>\n<meta property=\"og:image\" content=\"https:\/\/dev.eliassen.nl\/wp-content\/uploads\/2024\/01\/tuinstekerwindmolenhappy30cmpaarseliassennl.jpg\" \/>\n\t<meta property=\"og:image:width\" content=\"652\" \/>\n\t<meta property=\"og:image:height\" content=\"985\" \/>\n\t<meta property=\"og:image:type\" content=\"image\/jpeg\" \/>\n<meta name=\"twitter:card\" content=\"summary_large_image\" \/>\n<script type=\"application\/ld+json\" class=\"yoast-schema-graph\">{\"@context\":\"https:\/\/schema.org\",\"@graph\":[{\"@type\":\"WebPage\",\"@id\":\"https:\/\/dev.eliassen.nl\/de\/gartenstecker-windmuhle-happy-30cm-lila\/\",\"url\":\"https:\/\/dev.eliassen.nl\/de\/gartenstecker-windmuhle-happy-30cm-lila\/\",\"name\":\"Gartensteckwindm\u00fchle Happy 30cm lila - Eliassen.nl\",\"isPartOf\":{\"@id\":\"https:\/\/dev.eliassen.nl\/de\/#website\"},\"primaryImageOfPage\":{\"@id\":\"https:\/\/dev.eliassen.nl\/de\/gartenstecker-windmuhle-happy-30cm-lila\/#primaryimage\"},\"image\":{\"@id\":\"https:\/\/dev.eliassen.nl\/de\/gartenstecker-windmuhle-happy-30cm-lila\/#primaryimage\"},\"thumbnailUrl\":\"https:\/\/dev.eliassen.nl\/wp-content\/uploads\/2024\/01\/tuinstekerwindmolenhappy30cmpaarseliassennl.jpg\",\"datePublished\":\"2022-06-20T14:57:50+00:00\",\"dateModified\":\"2024-12-05T15:05:21+00:00\",\"description\":\"Willst du eine Windm\u00fchle aus Metall mit Mehl? Sehen Sie sich hier alle unsere Gartenpf\u00e4hle mit verschiedenen Farben und Mustern an. \u2713 Gro\u00dfe Sammlung \u2713 Gute Q...\",\"breadcrumb\":{\"@id\":\"https:\/\/dev.eliassen.nl\/de\/gartenstecker-windmuhle-happy-30cm-lila\/#breadcrumb\"},\"inLanguage\":\"de\",\"potentialAction\":[{\"@type\":\"ReadAction\",\"target\":[\"https:\/\/dev.eliassen.nl\/de\/gartenstecker-windmuhle-happy-30cm-lila\/\"]}]},{\"@type\":\"ImageObject\",\"inLanguage\":\"de\",\"@id\":\"https:\/\/dev.eliassen.nl\/de\/gartenstecker-windmuhle-happy-30cm-lila\/#primaryimage\",\"url\":\"https:\/\/dev.eliassen.nl\/wp-content\/uploads\/2024\/01\/tuinstekerwindmolenhappy30cmpaarseliassennl.jpg\",\"contentUrl\":\"https:\/\/dev.eliassen.nl\/wp-content\/uploads\/2024\/01\/tuinstekerwindmolenhappy30cmpaarseliassennl.jpg\",\"width\":652,\"height\":985,\"caption\":\"Tuinsteker windmolen Happy 30cm paars - Eliassen.nl\"},{\"@type\":\"BreadcrumbList\",\"@id\":\"https:\/\/dev.eliassen.nl\/de\/gartenstecker-windmuhle-happy-30cm-lila\/#breadcrumb\",\"itemListElement\":[{\"@type\":\"ListItem\",\"position\":1,\"name\":\"Home\",\"item\":\"https:\/\/dev.eliassen.nl\/de\/\"},{\"@type\":\"ListItem\",\"position\":2,\"name\":\"Shop\",\"item\":\"https:\/\/dev.eliassen.nl\/nl\/winkel\/\"},{\"@type\":\"ListItem\",\"position\":3,\"name\":\"Gartenstecker\",\"item\":\"https:\/\/dev.eliassen.nl\/de\/gartenstecker\/\"},{\"@type\":\"ListItem\",\"position\":4,\"name\":\"Windm\u00fchlen\",\"item\":\"https:\/\/dev.eliassen.nl\/de\/gartenstecker\/windmuehlen\/\"},{\"@type\":\"ListItem\",\"position\":5,\"name\":\"Gartenstecker Windm\u00fchle Happy 30cm lila\"}]},{\"@type\":\"WebSite\",\"@id\":\"https:\/\/dev.eliassen.nl\/de\/#website\",\"url\":\"https:\/\/dev.eliassen.nl\/de\/\",\"name\":\"Eliassen Home & Garden Pleasure\",\"description\":\"\",\"publisher\":{\"@id\":\"https:\/\/dev.eliassen.nl\/de\/#organization\"},\"alternateName\":\"Eliassen.nl\",\"potentialAction\":[{\"@type\":\"SearchAction\",\"target\":{\"@type\":\"EntryPoint\",\"urlTemplate\":\"https:\/\/dev.eliassen.nl\/de\/?s={search_term_string}\"},\"query-input\":{\"@type\":\"PropertyValueSpecification\",\"valueRequired\":true,\"valueName\":\"search_term_string\"}}],\"inLanguage\":\"de\"},{\"@type\":\"Organization\",\"@id\":\"https:\/\/dev.eliassen.nl\/de\/#organization\",\"name\":\"Eliassen Home & Garden Pleasure\",\"url\":\"https:\/\/dev.eliassen.nl\/de\/\",\"logo\":{\"@type\":\"ImageObject\",\"inLanguage\":\"de\",\"@id\":\"https:\/\/dev.eliassen.nl\/de\/#\/schema\/logo\/image\/\",\"url\":\"https:\/\/www.eliassen.nl\/wp-content\/uploads\/2024\/01\/logo_4nd.jpg\",\"contentUrl\":\"https:\/\/www.eliassen.nl\/wp-content\/uploads\/2024\/01\/logo_4nd.jpg\",\"width\":500,\"height\":500,\"caption\":\"Eliassen Home & Garden Pleasure\"},\"image\":{\"@id\":\"https:\/\/dev.eliassen.nl\/de\/#\/schema\/logo\/image\/\"},\"sameAs\":[\"https:\/\/www.facebook.com\/TuincentrumEliassenAmmerzoden\",\"https:\/\/www.instagram.com\/eliassenhomeandgarden\/\",\"https:\/\/nl.pinterest.com\/eliassenhomeandgarden\/\",\"https:\/\/www.youtube.com\/@eliassenhomegardenpleasure4558\"]}]}<\/script>\n<!-- \/ Yoast SEO plugin. -->","yoast_head_json":{"title":"Gartensteckwindm\u00fchle Happy 30cm lila - Eliassen.nl","description":"Willst du eine Windm\u00fchle aus Metall mit Mehl? Sehen Sie sich hier alle unsere Gartenpf\u00e4hle mit verschiedenen Farben und Mustern an. \u2713 Gro\u00dfe Sammlung \u2713 Gute Q...","robots":{"index":"noindex","follow":"follow","max-snippet":"max-snippet:-1","max-image-preview":"max-image-preview:large","max-video-preview":"max-video-preview:-1"},"og_locale":"de_DE","og_type":"article","og_title":"Gartensteckwindm\u00fchle Happy 30cm lila - Eliassen.nl","og_description":"Willst du eine Windm\u00fchle aus Metall mit Mehl? Sehen Sie sich hier alle unsere Gartenpf\u00e4hle mit verschiedenen Farben und Mustern an. \u2713 Gro\u00dfe Sammlung \u2713 Gute Q...","og_url":"https:\/\/dev.eliassen.nl\/de\/gartenstecker-windmuhle-happy-30cm-lila\/","og_site_name":"Eliassen.nl","article_publisher":"https:\/\/www.facebook.com\/TuincentrumEliassenAmmerzoden","article_modified_time":"2024-12-05T15:05:21+00:00","og_image":[{"width":652,"height":985,"url":"https:\/\/dev.eliassen.nl\/wp-content\/uploads\/2024\/01\/tuinstekerwindmolenhappy30cmpaarseliassennl.jpg","type":"image\/jpeg"}],"twitter_card":"summary_large_image","schema":{"@context":"https:\/\/schema.org","@graph":[{"@type":"WebPage","@id":"https:\/\/dev.eliassen.nl\/de\/gartenstecker-windmuhle-happy-30cm-lila\/","url":"https:\/\/dev.eliassen.nl\/de\/gartenstecker-windmuhle-happy-30cm-lila\/","name":"Gartensteckwindm\u00fchle Happy 30cm lila - Eliassen.nl","isPartOf":{"@id":"https:\/\/dev.eliassen.nl\/de\/#website"},"primaryImageOfPage":{"@id":"https:\/\/dev.eliassen.nl\/de\/gartenstecker-windmuhle-happy-30cm-lila\/#primaryimage"},"image":{"@id":"https:\/\/dev.eliassen.nl\/de\/gartenstecker-windmuhle-happy-30cm-lila\/#primaryimage"},"thumbnailUrl":"https:\/\/dev.eliassen.nl\/wp-content\/uploads\/2024\/01\/tuinstekerwindmolenhappy30cmpaarseliassennl.jpg","datePublished":"2022-06-20T14:57:50+00:00","dateModified":"2024-12-05T15:05:21+00:00","description":"Willst du eine Windm\u00fchle aus Metall mit Mehl? Sehen Sie sich hier alle unsere Gartenpf\u00e4hle mit verschiedenen Farben und Mustern an. \u2713 Gro\u00dfe Sammlung \u2713 Gute Q...","breadcrumb":{"@id":"https:\/\/dev.eliassen.nl\/de\/gartenstecker-windmuhle-happy-30cm-lila\/#breadcrumb"},"inLanguage":"de","potentialAction":[{"@type":"ReadAction","target":["https:\/\/dev.eliassen.nl\/de\/gartenstecker-windmuhle-happy-30cm-lila\/"]}]},{"@type":"ImageObject","inLanguage":"de","@id":"https:\/\/dev.eliassen.nl\/de\/gartenstecker-windmuhle-happy-30cm-lila\/#primaryimage","url":"https:\/\/dev.eliassen.nl\/wp-content\/uploads\/2024\/01\/tuinstekerwindmolenhappy30cmpaarseliassennl.jpg","contentUrl":"https:\/\/dev.eliassen.nl\/wp-content\/uploads\/2024\/01\/tuinstekerwindmolenhappy30cmpaarseliassennl.jpg","width":652,"height":985,"caption":"Tuinsteker windmolen Happy 30cm paars - Eliassen.nl"},{"@type":"BreadcrumbList","@id":"https:\/\/dev.eliassen.nl\/de\/gartenstecker-windmuhle-happy-30cm-lila\/#breadcrumb","itemListElement":[{"@type":"ListItem","position":1,"name":"Home","item":"https:\/\/dev.eliassen.nl\/de\/"},{"@type":"ListItem","position":2,"name":"Shop","item":"https:\/\/dev.eliassen.nl\/nl\/winkel\/"},{"@type":"ListItem","position":3,"name":"Gartenstecker","item":"https:\/\/dev.eliassen.nl\/de\/gartenstecker\/"},{"@type":"ListItem","position":4,"name":"Windm\u00fchlen","item":"https:\/\/dev.eliassen.nl\/de\/gartenstecker\/windmuehlen\/"},{"@type":"ListItem","position":5,"name":"Gartenstecker Windm\u00fchle Happy 30cm lila"}]},{"@type":"WebSite","@id":"https:\/\/dev.eliassen.nl\/de\/#website","url":"https:\/\/dev.eliassen.nl\/de\/","name":"Eliassen Home & Garden Pleasure","description":"","publisher":{"@id":"https:\/\/dev.eliassen.nl\/de\/#organization"},"alternateName":"Eliassen.nl","potentialAction":[{"@type":"SearchAction","target":{"@type":"EntryPoint","urlTemplate":"https:\/\/dev.eliassen.nl\/de\/?s={search_term_string}"},"query-input":{"@type":"PropertyValueSpecification","valueRequired":true,"valueName":"search_term_string"}}],"inLanguage":"de"},{"@type":"Organization","@id":"https:\/\/dev.eliassen.nl\/de\/#organization","name":"Eliassen Home & Garden Pleasure","url":"https:\/\/dev.eliassen.nl\/de\/","logo":{"@type":"ImageObject","inLanguage":"de","@id":"https:\/\/dev.eliassen.nl\/de\/#\/schema\/logo\/image\/","url":"https:\/\/www.eliassen.nl\/wp-content\/uploads\/2024\/01\/logo_4nd.jpg","contentUrl":"https:\/\/www.eliassen.nl\/wp-content\/uploads\/2024\/01\/logo_4nd.jpg","width":500,"height":500,"caption":"Eliassen Home & Garden Pleasure"},"image":{"@id":"https:\/\/dev.eliassen.nl\/de\/#\/schema\/logo\/image\/"},"sameAs":["https:\/\/www.facebook.com\/TuincentrumEliassenAmmerzoden","https:\/\/www.instagram.com\/eliassenhomeandgarden\/","https:\/\/nl.pinterest.com\/eliassenhomeandgarden\/","https:\/\/www.youtube.com\/@eliassenhomegardenpleasure4558"]}]}},"df_price":29.95,"df_sale_price":"","df_regular_price":29.95,"df_image_link":"https:\/\/dev.eliassen.nl\/wp-content\/uploads\/2024\/01\/tuinstekerwindmolenhappy30cmpaarseliassennl.jpg","image":"https:\/\/dev.eliassen.nl\/wp-content\/uploads\/2024\/01\/tuinstekerwindmolenhappy30cmpaarseliassennl.jpg","price_search":"<span class=\"woocommerce-Price-amount amount\"><bdi><span class=\"woocommerce-Price-currencySymbol\">&euro;<\/span>&nbsp;29,95<\/bdi><\/span>","category":"Gartenstecker","_links":{"self":[{"href":"https:\/\/dev.eliassen.nl\/de\/wp-json\/wp\/v2\/product\/72955","targetHints":{"allow":["GET"]}}],"collection":[{"href":"https:\/\/dev.eliassen.nl\/de\/wp-json\/wp\/v2\/product"}],"about":[{"href":"https:\/\/dev.eliassen.nl\/de\/wp-json\/wp\/v2\/types\/product"}],"wp:featuredmedia":[{"embeddable":true,"href":"https:\/\/dev.eliassen.nl\/de\/wp-json\/wp\/v2\/media\/72952"}],"wp:attachment":[{"href":"https:\/\/dev.eliassen.nl\/de\/wp-json\/wp\/v2\/media?parent=72955"}],"wp:term":[{"taxonomy":"product_brand","embeddable":true,"href":"https:\/\/dev.eliassen.nl\/de\/wp-json\/wp\/v2\/product_brand?post=72955"},{"taxonomy":"product_cat","embeddable":true,"href":"https:\/\/dev.eliassen.nl\/de\/wp-json\/wp\/v2\/product_cat?post=72955"},{"taxonomy":"product_tag","embeddable":true,"href":"https:\/\/dev.eliassen.nl\/de\/wp-json\/wp\/v2\/product_tag?post=72955"}],"curies":[{"name":"wp","href":"https:\/\/api.w.org\/{rel}","templated":true}]}}