{"id":73009,"date":"2022-06-20T19:11:18","date_gmt":"2022-06-20T17:11:18","guid":{"rendered":"https:\/\/www.eliassen.nl\/?product=windmolen-circus-25cm-roze-kern-135847078"},"modified":"2024-12-05T16:05:31","modified_gmt":"2024-12-05T15:05:31","slug":"windmuhle-zirkus-30cm-rosa-kern","status":"publish","type":"product","link":"https:\/\/dev.eliassen.nl\/de\/windmuhle-zirkus-30cm-rosa-kern\/","title":{"rendered":"Windm\u00fchle Zirkus 30cm rosa Kern"},"content":{"rendered":"<div class=\"main\">\n<p>Diese rosafarbene Windm\u00fchle wird in jedem Garten zum fr\u00f6hlichen Hingucker.<br \/>Dieses 124 cm hohe Modell dreht sich schon beim geringsten Wind, da die rotierenden Teile mit Kugellagern ausgestattet sind.<br \/>Dieses fr\u00f6hliche Windspiel macht auch Spa\u00df beim Verschenken oder Empfangen.<br \/>Ausgestattet mit einem stabilen Stift, damit das Ganze in jeder Art von Boden fest steht.<br \/>Lieferung als Bausatz.<br \/>Gr\u00f6\u00dfe: 30 cm breit und 124 cm hoch.<\/p>\n<p>Die Absicht ist, dass sich diese Windm\u00fchle leise dreht. Bei starkem Wind oder Sturm muss es daher gesch\u00fctzt werden.<\/p>\n<ul>\n<li>Farbe Pink<\/li>\n<li>Material: Metall<\/li>\n<li>Schnell geliefert<\/li>\n<li>Eigener Bestand<\/li>\n<li>Hinweis: Dies ist kein Spielzeug!<\/li>\n<\/ul>\n<\/div>\n","protected":false},"excerpt":{"rendered":"<p>Diese rosafarbene Windm\u00fchle wird in jedem Garten zum fr\u00f6hlichen Hingucker.Dieses 124 cm hohe Modell dreht sich schon beim geringsten Wind, da die rotierenden Teile mit Kugellagern ausgestattet sind.Dieses fr\u00f6hliche Windspiel macht auch Spa\u00df beim Verschenken oder Empfangen.Ausgestattet mit einem stabilen Stift, damit das Ganze in jeder Art von Boden fest steht.Lieferung als Bausatz.Gr\u00f6\u00dfe: 30 cm &hellip;<\/p>\n","protected":false},"featured_media":73006,"template":"","meta":{"_acf_changed":false},"product_brand":[],"product_cat":[836,845],"product_tag":[],"class_list":{"0":"post-73009","1":"product","2":"type-product","3":"status-publish","4":"has-post-thumbnail","6":"product_cat-gartenstecker","7":"product_cat-windmuehlen","9":"first","10":"instock","11":"taxable","12":"shipping-taxable","13":"purchasable","14":"product-type-simple"},"acf":[],"yoast_head":"<!-- This site is optimized with the Yoast SEO plugin v23.8 - https:\/\/yoast.com\/wordpress\/plugins\/seo\/ -->\n<title>Windm\u00fchle Zirkus 30cm rosa Kern<\/title>\n<meta name=\"description\" content=\"M\u00f6chten Sie eine Windm\u00fchle aus Metall kaufen? Sehen Sie sich diesen rosa Gartenstecker und viele andere im Ausstellungsraum oder auf unserer Website an. \u2713 Gr...\" \/>\n<meta name=\"robots\" content=\"noindex, follow, max-snippet:-1, max-image-preview:large, max-video-preview:-1\" \/>\n<meta property=\"og:locale\" content=\"de_DE\" \/>\n<meta property=\"og:type\" content=\"article\" \/>\n<meta property=\"og:title\" content=\"Windm\u00fchle Zirkus 30cm rosa Kern\" \/>\n<meta property=\"og:description\" content=\"M\u00f6chten Sie eine Windm\u00fchle aus Metall kaufen? Sehen Sie sich diesen rosa Gartenstecker und viele andere im Ausstellungsraum oder auf unserer Website an. \u2713 Gr...\" \/>\n<meta property=\"og:url\" content=\"https:\/\/dev.eliassen.nl\/de\/windmuhle-zirkus-30cm-rosa-kern\/\" \/>\n<meta property=\"og:site_name\" content=\"Eliassen.nl\" \/>\n<meta property=\"article:publisher\" content=\"https:\/\/www.facebook.com\/TuincentrumEliassenAmmerzoden\" \/>\n<meta property=\"article:modified_time\" content=\"2024-12-05T15:05:31+00:00\" \/>\n<meta property=\"og:image\" content=\"https:\/\/dev.eliassen.nl\/wp-content\/uploads\/2024\/01\/windmolencircus30cmrozekerneliassennl.jpg\" \/>\n\t<meta property=\"og:image:width\" content=\"671\" \/>\n\t<meta property=\"og:image:height\" content=\"881\" \/>\n\t<meta property=\"og:image:type\" content=\"image\/jpeg\" \/>\n<meta name=\"twitter:card\" content=\"summary_large_image\" \/>\n<script type=\"application\/ld+json\" class=\"yoast-schema-graph\">{\"@context\":\"https:\/\/schema.org\",\"@graph\":[{\"@type\":\"WebPage\",\"@id\":\"https:\/\/dev.eliassen.nl\/de\/windmuhle-zirkus-30cm-rosa-kern\/\",\"url\":\"https:\/\/dev.eliassen.nl\/de\/windmuhle-zirkus-30cm-rosa-kern\/\",\"name\":\"Windm\u00fchle Zirkus 30cm rosa Kern\",\"isPartOf\":{\"@id\":\"https:\/\/dev.eliassen.nl\/de\/#website\"},\"primaryImageOfPage\":{\"@id\":\"https:\/\/dev.eliassen.nl\/de\/windmuhle-zirkus-30cm-rosa-kern\/#primaryimage\"},\"image\":{\"@id\":\"https:\/\/dev.eliassen.nl\/de\/windmuhle-zirkus-30cm-rosa-kern\/#primaryimage\"},\"thumbnailUrl\":\"https:\/\/dev.eliassen.nl\/wp-content\/uploads\/2024\/01\/windmolencircus30cmrozekerneliassennl.jpg\",\"datePublished\":\"2022-06-20T17:11:18+00:00\",\"dateModified\":\"2024-12-05T15:05:31+00:00\",\"description\":\"M\u00f6chten Sie eine Windm\u00fchle aus Metall kaufen? Sehen Sie sich diesen rosa Gartenstecker und viele andere im Ausstellungsraum oder auf unserer Website an. \u2713 Gr...\",\"breadcrumb\":{\"@id\":\"https:\/\/dev.eliassen.nl\/de\/windmuhle-zirkus-30cm-rosa-kern\/#breadcrumb\"},\"inLanguage\":\"de\",\"potentialAction\":[{\"@type\":\"ReadAction\",\"target\":[\"https:\/\/dev.eliassen.nl\/de\/windmuhle-zirkus-30cm-rosa-kern\/\"]}]},{\"@type\":\"ImageObject\",\"inLanguage\":\"de\",\"@id\":\"https:\/\/dev.eliassen.nl\/de\/windmuhle-zirkus-30cm-rosa-kern\/#primaryimage\",\"url\":\"https:\/\/dev.eliassen.nl\/wp-content\/uploads\/2024\/01\/windmolencircus30cmrozekerneliassennl.jpg\",\"contentUrl\":\"https:\/\/dev.eliassen.nl\/wp-content\/uploads\/2024\/01\/windmolencircus30cmrozekerneliassennl.jpg\",\"width\":671,\"height\":881,\"caption\":\"Windmolen Circus 30cm roze kern - Eliassen.nl\"},{\"@type\":\"BreadcrumbList\",\"@id\":\"https:\/\/dev.eliassen.nl\/de\/windmuhle-zirkus-30cm-rosa-kern\/#breadcrumb\",\"itemListElement\":[{\"@type\":\"ListItem\",\"position\":1,\"name\":\"Home\",\"item\":\"https:\/\/dev.eliassen.nl\/de\/\"},{\"@type\":\"ListItem\",\"position\":2,\"name\":\"Shop\",\"item\":\"https:\/\/dev.eliassen.nl\/nl\/winkel\/\"},{\"@type\":\"ListItem\",\"position\":3,\"name\":\"Gartenstecker\",\"item\":\"https:\/\/dev.eliassen.nl\/de\/gartenstecker\/\"},{\"@type\":\"ListItem\",\"position\":4,\"name\":\"Windm\u00fchlen\",\"item\":\"https:\/\/dev.eliassen.nl\/de\/gartenstecker\/windmuehlen\/\"},{\"@type\":\"ListItem\",\"position\":5,\"name\":\"Windm\u00fchle Zirkus 30cm rosa Kern\"}]},{\"@type\":\"WebSite\",\"@id\":\"https:\/\/dev.eliassen.nl\/de\/#website\",\"url\":\"https:\/\/dev.eliassen.nl\/de\/\",\"name\":\"Eliassen Home & Garden Pleasure\",\"description\":\"\",\"publisher\":{\"@id\":\"https:\/\/dev.eliassen.nl\/de\/#organization\"},\"alternateName\":\"Eliassen.nl\",\"potentialAction\":[{\"@type\":\"SearchAction\",\"target\":{\"@type\":\"EntryPoint\",\"urlTemplate\":\"https:\/\/dev.eliassen.nl\/de\/?s={search_term_string}\"},\"query-input\":{\"@type\":\"PropertyValueSpecification\",\"valueRequired\":true,\"valueName\":\"search_term_string\"}}],\"inLanguage\":\"de\"},{\"@type\":\"Organization\",\"@id\":\"https:\/\/dev.eliassen.nl\/de\/#organization\",\"name\":\"Eliassen Home & Garden Pleasure\",\"url\":\"https:\/\/dev.eliassen.nl\/de\/\",\"logo\":{\"@type\":\"ImageObject\",\"inLanguage\":\"de\",\"@id\":\"https:\/\/dev.eliassen.nl\/de\/#\/schema\/logo\/image\/\",\"url\":\"https:\/\/www.eliassen.nl\/wp-content\/uploads\/2024\/01\/logo_4nd.jpg\",\"contentUrl\":\"https:\/\/www.eliassen.nl\/wp-content\/uploads\/2024\/01\/logo_4nd.jpg\",\"width\":500,\"height\":500,\"caption\":\"Eliassen Home & Garden Pleasure\"},\"image\":{\"@id\":\"https:\/\/dev.eliassen.nl\/de\/#\/schema\/logo\/image\/\"},\"sameAs\":[\"https:\/\/www.facebook.com\/TuincentrumEliassenAmmerzoden\",\"https:\/\/www.instagram.com\/eliassenhomeandgarden\/\",\"https:\/\/nl.pinterest.com\/eliassenhomeandgarden\/\",\"https:\/\/www.youtube.com\/@eliassenhomegardenpleasure4558\"]}]}<\/script>\n<!-- \/ Yoast SEO plugin. -->","yoast_head_json":{"title":"Windm\u00fchle Zirkus 30cm rosa Kern","description":"M\u00f6chten Sie eine Windm\u00fchle aus Metall kaufen? Sehen Sie sich diesen rosa Gartenstecker und viele andere im Ausstellungsraum oder auf unserer Website an. \u2713 Gr...","robots":{"index":"noindex","follow":"follow","max-snippet":"max-snippet:-1","max-image-preview":"max-image-preview:large","max-video-preview":"max-video-preview:-1"},"og_locale":"de_DE","og_type":"article","og_title":"Windm\u00fchle Zirkus 30cm rosa Kern","og_description":"M\u00f6chten Sie eine Windm\u00fchle aus Metall kaufen? Sehen Sie sich diesen rosa Gartenstecker und viele andere im Ausstellungsraum oder auf unserer Website an. \u2713 Gr...","og_url":"https:\/\/dev.eliassen.nl\/de\/windmuhle-zirkus-30cm-rosa-kern\/","og_site_name":"Eliassen.nl","article_publisher":"https:\/\/www.facebook.com\/TuincentrumEliassenAmmerzoden","article_modified_time":"2024-12-05T15:05:31+00:00","og_image":[{"width":671,"height":881,"url":"https:\/\/dev.eliassen.nl\/wp-content\/uploads\/2024\/01\/windmolencircus30cmrozekerneliassennl.jpg","type":"image\/jpeg"}],"twitter_card":"summary_large_image","schema":{"@context":"https:\/\/schema.org","@graph":[{"@type":"WebPage","@id":"https:\/\/dev.eliassen.nl\/de\/windmuhle-zirkus-30cm-rosa-kern\/","url":"https:\/\/dev.eliassen.nl\/de\/windmuhle-zirkus-30cm-rosa-kern\/","name":"Windm\u00fchle Zirkus 30cm rosa Kern","isPartOf":{"@id":"https:\/\/dev.eliassen.nl\/de\/#website"},"primaryImageOfPage":{"@id":"https:\/\/dev.eliassen.nl\/de\/windmuhle-zirkus-30cm-rosa-kern\/#primaryimage"},"image":{"@id":"https:\/\/dev.eliassen.nl\/de\/windmuhle-zirkus-30cm-rosa-kern\/#primaryimage"},"thumbnailUrl":"https:\/\/dev.eliassen.nl\/wp-content\/uploads\/2024\/01\/windmolencircus30cmrozekerneliassennl.jpg","datePublished":"2022-06-20T17:11:18+00:00","dateModified":"2024-12-05T15:05:31+00:00","description":"M\u00f6chten Sie eine Windm\u00fchle aus Metall kaufen? Sehen Sie sich diesen rosa Gartenstecker und viele andere im Ausstellungsraum oder auf unserer Website an. \u2713 Gr...","breadcrumb":{"@id":"https:\/\/dev.eliassen.nl\/de\/windmuhle-zirkus-30cm-rosa-kern\/#breadcrumb"},"inLanguage":"de","potentialAction":[{"@type":"ReadAction","target":["https:\/\/dev.eliassen.nl\/de\/windmuhle-zirkus-30cm-rosa-kern\/"]}]},{"@type":"ImageObject","inLanguage":"de","@id":"https:\/\/dev.eliassen.nl\/de\/windmuhle-zirkus-30cm-rosa-kern\/#primaryimage","url":"https:\/\/dev.eliassen.nl\/wp-content\/uploads\/2024\/01\/windmolencircus30cmrozekerneliassennl.jpg","contentUrl":"https:\/\/dev.eliassen.nl\/wp-content\/uploads\/2024\/01\/windmolencircus30cmrozekerneliassennl.jpg","width":671,"height":881,"caption":"Windmolen Circus 30cm roze kern - Eliassen.nl"},{"@type":"BreadcrumbList","@id":"https:\/\/dev.eliassen.nl\/de\/windmuhle-zirkus-30cm-rosa-kern\/#breadcrumb","itemListElement":[{"@type":"ListItem","position":1,"name":"Home","item":"https:\/\/dev.eliassen.nl\/de\/"},{"@type":"ListItem","position":2,"name":"Shop","item":"https:\/\/dev.eliassen.nl\/nl\/winkel\/"},{"@type":"ListItem","position":3,"name":"Gartenstecker","item":"https:\/\/dev.eliassen.nl\/de\/gartenstecker\/"},{"@type":"ListItem","position":4,"name":"Windm\u00fchlen","item":"https:\/\/dev.eliassen.nl\/de\/gartenstecker\/windmuehlen\/"},{"@type":"ListItem","position":5,"name":"Windm\u00fchle Zirkus 30cm rosa Kern"}]},{"@type":"WebSite","@id":"https:\/\/dev.eliassen.nl\/de\/#website","url":"https:\/\/dev.eliassen.nl\/de\/","name":"Eliassen Home & Garden Pleasure","description":"","publisher":{"@id":"https:\/\/dev.eliassen.nl\/de\/#organization"},"alternateName":"Eliassen.nl","potentialAction":[{"@type":"SearchAction","target":{"@type":"EntryPoint","urlTemplate":"https:\/\/dev.eliassen.nl\/de\/?s={search_term_string}"},"query-input":{"@type":"PropertyValueSpecification","valueRequired":true,"valueName":"search_term_string"}}],"inLanguage":"de"},{"@type":"Organization","@id":"https:\/\/dev.eliassen.nl\/de\/#organization","name":"Eliassen Home & Garden Pleasure","url":"https:\/\/dev.eliassen.nl\/de\/","logo":{"@type":"ImageObject","inLanguage":"de","@id":"https:\/\/dev.eliassen.nl\/de\/#\/schema\/logo\/image\/","url":"https:\/\/www.eliassen.nl\/wp-content\/uploads\/2024\/01\/logo_4nd.jpg","contentUrl":"https:\/\/www.eliassen.nl\/wp-content\/uploads\/2024\/01\/logo_4nd.jpg","width":500,"height":500,"caption":"Eliassen Home & Garden Pleasure"},"image":{"@id":"https:\/\/dev.eliassen.nl\/de\/#\/schema\/logo\/image\/"},"sameAs":["https:\/\/www.facebook.com\/TuincentrumEliassenAmmerzoden","https:\/\/www.instagram.com\/eliassenhomeandgarden\/","https:\/\/nl.pinterest.com\/eliassenhomeandgarden\/","https:\/\/www.youtube.com\/@eliassenhomegardenpleasure4558"]}]}},"df_price":29.5,"df_sale_price":"","df_regular_price":29.5,"df_image_link":"https:\/\/dev.eliassen.nl\/wp-content\/uploads\/2024\/01\/windmolencircus30cmrozekerneliassennl.jpg","image":"https:\/\/dev.eliassen.nl\/wp-content\/uploads\/2024\/01\/windmolencircus30cmrozekerneliassennl.jpg","price_search":"<span class=\"woocommerce-Price-amount amount\"><bdi><span class=\"woocommerce-Price-currencySymbol\">&euro;<\/span>&nbsp;29,50<\/bdi><\/span>","category":"Gartenstecker","_links":{"self":[{"href":"https:\/\/dev.eliassen.nl\/de\/wp-json\/wp\/v2\/product\/73009","targetHints":{"allow":["GET"]}}],"collection":[{"href":"https:\/\/dev.eliassen.nl\/de\/wp-json\/wp\/v2\/product"}],"about":[{"href":"https:\/\/dev.eliassen.nl\/de\/wp-json\/wp\/v2\/types\/product"}],"wp:featuredmedia":[{"embeddable":true,"href":"https:\/\/dev.eliassen.nl\/de\/wp-json\/wp\/v2\/media\/73006"}],"wp:attachment":[{"href":"https:\/\/dev.eliassen.nl\/de\/wp-json\/wp\/v2\/media?parent=73009"}],"wp:term":[{"taxonomy":"product_brand","embeddable":true,"href":"https:\/\/dev.eliassen.nl\/de\/wp-json\/wp\/v2\/product_brand?post=73009"},{"taxonomy":"product_cat","embeddable":true,"href":"https:\/\/dev.eliassen.nl\/de\/wp-json\/wp\/v2\/product_cat?post=73009"},{"taxonomy":"product_tag","embeddable":true,"href":"https:\/\/dev.eliassen.nl\/de\/wp-json\/wp\/v2\/product_tag?post=73009"}],"curies":[{"name":"wp","href":"https:\/\/api.w.org\/{rel}","templated":true}]}}