{"id":73045,"date":"2022-06-24T16:53:39","date_gmt":"2022-06-24T14:53:39","guid":{"rendered":"https:\/\/www.eliassen.nl\/?product=beeld-chinese-keizer-terracotta"},"modified":"2024-12-05T16:05:32","modified_gmt":"2024-12-05T15:05:32","slug":"grosse-statue-chinesischer-kaiser-terrakotta-200cm","status":"publish","type":"product","link":"https:\/\/dev.eliassen.nl\/de\/grosse-statue-chinesischer-kaiser-terrakotta-200cm\/","title":{"rendered":"Gro\u00dfe Statue chinesischer Kaiser Terrakotta 200cm"},"content":{"rendered":"<p>Falls Sie auf der Suche nach einem Hingucker f\u00fcr Ihr Zuhause oder Ihren Gastronomiebetrieb sind: Wir sind in den Besitz einer exklusiven Statue des chinesischen Kaisers Qin Shi Huang gekommen, dem obersten Boss der weltber\u00fchmten jahrtausendealten Terrakotta-Armee im chinesischen X &#8216;ian.<\/p>\n<p>Diese Statue wurde auf die gleiche Weise wie die ausgegrabenen Originalstatuen mit denselben Farben und demselben Design hergestellt. Diese Statue hat auch einen abnehmbaren Kopf, genau wie die Originalversion. Sogar das Brennen dieser Statuen wurde auf alte Weise mit Holz in einem Steinofen durchgef\u00fchrt.<\/p>\n<p>Das Ganze ist so exakt nachgebaut, dass es sozusagen fast museal w\u00fcrdig w\u00e4re.<\/p>\n<p>Aufgrund der Beschaffenheit des Materials empfehlen wir, diese Statue nur im Innenbereich aufzustellen.<\/p>\n<ul>\n<li>Material: dickes Terrakotta<\/li>\n<li>Farbe: authentische Farben wie die Originalbilder<\/li>\n<li>Gewicht: 150 Kilogramm<\/li>\n<li>Gr\u00f6\u00dfe 85 x 60 x 200 cm<\/li>\n<\/ul>\n","protected":false},"excerpt":{"rendered":"<p>Replik des Kaisers aus der Armee von Xian. Live ansehen<\/p>\n","protected":false},"featured_media":73012,"template":"","meta":{"_acf_changed":false},"product_brand":[],"product_cat":[704,677,7076],"product_tag":[],"class_list":{"0":"post-73045","1":"product","2":"type-product","3":"status-publish","4":"has-post-thumbnail","6":"product_cat-andere-modelle-gartenstatuen","7":"product_cat-betonstatuen","8":"product_cat-statues-figures","10":"first","11":"instock","12":"taxable","13":"shipping-taxable","14":"purchasable","15":"product-type-simple"},"acf":[],"yoast_head":"<!-- This site is optimized with the Yoast SEO plugin v23.8 - https:\/\/yoast.com\/wordpress\/plugins\/seo\/ -->\n<title>Gro\u00dfe Statue chinesischer Kaiser | 200cm | Terrakotta | Eliassen.nl<\/title>\n<meta name=\"description\" content=\"M\u00f6chten Sie eine sch\u00f6ne gro\u00dfe orientalische Statue kaufen? Diese gro\u00dfe Statue des chinesischen Kaisers Qin Shi Huang ist ein echter Hingucker f\u00fcr Ihr Zuhause...\" \/>\n<meta name=\"robots\" content=\"noindex, follow, max-snippet:-1, max-image-preview:large, max-video-preview:-1\" \/>\n<meta property=\"og:locale\" content=\"de_DE\" \/>\n<meta property=\"og:type\" content=\"article\" \/>\n<meta property=\"og:title\" content=\"Gro\u00dfe Statue chinesischer Kaiser | 200cm | Terrakotta | Eliassen.nl\" \/>\n<meta property=\"og:description\" content=\"M\u00f6chten Sie eine sch\u00f6ne gro\u00dfe orientalische Statue kaufen? Diese gro\u00dfe Statue des chinesischen Kaisers Qin Shi Huang ist ein echter Hingucker f\u00fcr Ihr Zuhause...\" \/>\n<meta property=\"og:url\" content=\"https:\/\/dev.eliassen.nl\/de\/grosse-statue-chinesischer-kaiser-terrakotta-200cm\/\" \/>\n<meta property=\"og:site_name\" content=\"Eliassen.nl\" \/>\n<meta property=\"article:publisher\" content=\"https:\/\/www.facebook.com\/TuincentrumEliassenAmmerzoden\" \/>\n<meta property=\"article:modified_time\" content=\"2024-12-05T15:05:32+00:00\" \/>\n<meta property=\"og:image\" content=\"https:\/\/dev.eliassen.nl\/wp-content\/uploads\/2024\/01\/mijnproject48.png\" \/>\n\t<meta property=\"og:image:width\" content=\"563\" \/>\n\t<meta property=\"og:image:height\" content=\"1000\" \/>\n\t<meta property=\"og:image:type\" content=\"image\/png\" \/>\n<meta name=\"twitter:card\" content=\"summary_large_image\" \/>\n<script type=\"application\/ld+json\" class=\"yoast-schema-graph\">{\"@context\":\"https:\/\/schema.org\",\"@graph\":[{\"@type\":\"WebPage\",\"@id\":\"https:\/\/dev.eliassen.nl\/de\/grosse-statue-chinesischer-kaiser-terrakotta-200cm\/\",\"url\":\"https:\/\/dev.eliassen.nl\/de\/grosse-statue-chinesischer-kaiser-terrakotta-200cm\/\",\"name\":\"Gro\u00dfe Statue chinesischer Kaiser | 200cm | Terrakotta | Eliassen.nl\",\"isPartOf\":{\"@id\":\"https:\/\/dev.eliassen.nl\/de\/#website\"},\"primaryImageOfPage\":{\"@id\":\"https:\/\/dev.eliassen.nl\/de\/grosse-statue-chinesischer-kaiser-terrakotta-200cm\/#primaryimage\"},\"image\":{\"@id\":\"https:\/\/dev.eliassen.nl\/de\/grosse-statue-chinesischer-kaiser-terrakotta-200cm\/#primaryimage\"},\"thumbnailUrl\":\"https:\/\/dev.eliassen.nl\/wp-content\/uploads\/2024\/01\/mijnproject48.png\",\"datePublished\":\"2022-06-24T14:53:39+00:00\",\"dateModified\":\"2024-12-05T15:05:32+00:00\",\"description\":\"M\u00f6chten Sie eine sch\u00f6ne gro\u00dfe orientalische Statue kaufen? Diese gro\u00dfe Statue des chinesischen Kaisers Qin Shi Huang ist ein echter Hingucker f\u00fcr Ihr Zuhause...\",\"breadcrumb\":{\"@id\":\"https:\/\/dev.eliassen.nl\/de\/grosse-statue-chinesischer-kaiser-terrakotta-200cm\/#breadcrumb\"},\"inLanguage\":\"de\",\"potentialAction\":[{\"@type\":\"ReadAction\",\"target\":[\"https:\/\/dev.eliassen.nl\/de\/grosse-statue-chinesischer-kaiser-terrakotta-200cm\/\"]}]},{\"@type\":\"ImageObject\",\"inLanguage\":\"de\",\"@id\":\"https:\/\/dev.eliassen.nl\/de\/grosse-statue-chinesischer-kaiser-terrakotta-200cm\/#primaryimage\",\"url\":\"https:\/\/dev.eliassen.nl\/wp-content\/uploads\/2024\/01\/mijnproject48.png\",\"contentUrl\":\"https:\/\/dev.eliassen.nl\/wp-content\/uploads\/2024\/01\/mijnproject48.png\",\"width\":563,\"height\":1000,\"caption\":\"Mijn project (48)\"},{\"@type\":\"BreadcrumbList\",\"@id\":\"https:\/\/dev.eliassen.nl\/de\/grosse-statue-chinesischer-kaiser-terrakotta-200cm\/#breadcrumb\",\"itemListElement\":[{\"@type\":\"ListItem\",\"position\":1,\"name\":\"Home\",\"item\":\"https:\/\/dev.eliassen.nl\/de\/\"},{\"@type\":\"ListItem\",\"position\":2,\"name\":\"Shop\",\"item\":\"https:\/\/dev.eliassen.nl\/nl\/winkel\/\"},{\"@type\":\"ListItem\",\"position\":3,\"name\":\"Statuen-Skulpturen\",\"item\":\"https:\/\/dev.eliassen.nl\/de\/statuen-skulpturen\/\"},{\"@type\":\"ListItem\",\"position\":4,\"name\":\"Betonstatuen\",\"item\":\"https:\/\/dev.eliassen.nl\/de\/bilder\/betonstatuen\/\"},{\"@type\":\"ListItem\",\"position\":5,\"name\":\"Andere Modelle Gartenstatuen\",\"item\":\"https:\/\/dev.eliassen.nl\/de\/bilder\/betonstatuen\/andere-modelle-gartenstatuen\/\"},{\"@type\":\"ListItem\",\"position\":6,\"name\":\"Gro\u00dfe Statue chinesischer Kaiser Terrakotta 200cm\"}]},{\"@type\":\"WebSite\",\"@id\":\"https:\/\/dev.eliassen.nl\/de\/#website\",\"url\":\"https:\/\/dev.eliassen.nl\/de\/\",\"name\":\"Eliassen Home & Garden Pleasure\",\"description\":\"\",\"publisher\":{\"@id\":\"https:\/\/dev.eliassen.nl\/de\/#organization\"},\"alternateName\":\"Eliassen.nl\",\"potentialAction\":[{\"@type\":\"SearchAction\",\"target\":{\"@type\":\"EntryPoint\",\"urlTemplate\":\"https:\/\/dev.eliassen.nl\/de\/?s={search_term_string}\"},\"query-input\":{\"@type\":\"PropertyValueSpecification\",\"valueRequired\":true,\"valueName\":\"search_term_string\"}}],\"inLanguage\":\"de\"},{\"@type\":\"Organization\",\"@id\":\"https:\/\/dev.eliassen.nl\/de\/#organization\",\"name\":\"Eliassen Home & Garden Pleasure\",\"url\":\"https:\/\/dev.eliassen.nl\/de\/\",\"logo\":{\"@type\":\"ImageObject\",\"inLanguage\":\"de\",\"@id\":\"https:\/\/dev.eliassen.nl\/de\/#\/schema\/logo\/image\/\",\"url\":\"https:\/\/www.eliassen.nl\/wp-content\/uploads\/2024\/01\/logo_4nd.jpg\",\"contentUrl\":\"https:\/\/www.eliassen.nl\/wp-content\/uploads\/2024\/01\/logo_4nd.jpg\",\"width\":500,\"height\":500,\"caption\":\"Eliassen Home & Garden Pleasure\"},\"image\":{\"@id\":\"https:\/\/dev.eliassen.nl\/de\/#\/schema\/logo\/image\/\"},\"sameAs\":[\"https:\/\/www.facebook.com\/TuincentrumEliassenAmmerzoden\",\"https:\/\/www.instagram.com\/eliassenhomeandgarden\/\",\"https:\/\/nl.pinterest.com\/eliassenhomeandgarden\/\",\"https:\/\/www.youtube.com\/@eliassenhomegardenpleasure4558\"]}]}<\/script>\n<!-- \/ Yoast SEO plugin. -->","yoast_head_json":{"title":"Gro\u00dfe Statue chinesischer Kaiser | 200cm | Terrakotta | Eliassen.nl","description":"M\u00f6chten Sie eine sch\u00f6ne gro\u00dfe orientalische Statue kaufen? Diese gro\u00dfe Statue des chinesischen Kaisers Qin Shi Huang ist ein echter Hingucker f\u00fcr Ihr Zuhause...","robots":{"index":"noindex","follow":"follow","max-snippet":"max-snippet:-1","max-image-preview":"max-image-preview:large","max-video-preview":"max-video-preview:-1"},"og_locale":"de_DE","og_type":"article","og_title":"Gro\u00dfe Statue chinesischer Kaiser | 200cm | Terrakotta | Eliassen.nl","og_description":"M\u00f6chten Sie eine sch\u00f6ne gro\u00dfe orientalische Statue kaufen? Diese gro\u00dfe Statue des chinesischen Kaisers Qin Shi Huang ist ein echter Hingucker f\u00fcr Ihr Zuhause...","og_url":"https:\/\/dev.eliassen.nl\/de\/grosse-statue-chinesischer-kaiser-terrakotta-200cm\/","og_site_name":"Eliassen.nl","article_publisher":"https:\/\/www.facebook.com\/TuincentrumEliassenAmmerzoden","article_modified_time":"2024-12-05T15:05:32+00:00","og_image":[{"width":563,"height":1000,"url":"https:\/\/dev.eliassen.nl\/wp-content\/uploads\/2024\/01\/mijnproject48.png","type":"image\/png"}],"twitter_card":"summary_large_image","schema":{"@context":"https:\/\/schema.org","@graph":[{"@type":"WebPage","@id":"https:\/\/dev.eliassen.nl\/de\/grosse-statue-chinesischer-kaiser-terrakotta-200cm\/","url":"https:\/\/dev.eliassen.nl\/de\/grosse-statue-chinesischer-kaiser-terrakotta-200cm\/","name":"Gro\u00dfe Statue chinesischer Kaiser | 200cm | Terrakotta | Eliassen.nl","isPartOf":{"@id":"https:\/\/dev.eliassen.nl\/de\/#website"},"primaryImageOfPage":{"@id":"https:\/\/dev.eliassen.nl\/de\/grosse-statue-chinesischer-kaiser-terrakotta-200cm\/#primaryimage"},"image":{"@id":"https:\/\/dev.eliassen.nl\/de\/grosse-statue-chinesischer-kaiser-terrakotta-200cm\/#primaryimage"},"thumbnailUrl":"https:\/\/dev.eliassen.nl\/wp-content\/uploads\/2024\/01\/mijnproject48.png","datePublished":"2022-06-24T14:53:39+00:00","dateModified":"2024-12-05T15:05:32+00:00","description":"M\u00f6chten Sie eine sch\u00f6ne gro\u00dfe orientalische Statue kaufen? Diese gro\u00dfe Statue des chinesischen Kaisers Qin Shi Huang ist ein echter Hingucker f\u00fcr Ihr Zuhause...","breadcrumb":{"@id":"https:\/\/dev.eliassen.nl\/de\/grosse-statue-chinesischer-kaiser-terrakotta-200cm\/#breadcrumb"},"inLanguage":"de","potentialAction":[{"@type":"ReadAction","target":["https:\/\/dev.eliassen.nl\/de\/grosse-statue-chinesischer-kaiser-terrakotta-200cm\/"]}]},{"@type":"ImageObject","inLanguage":"de","@id":"https:\/\/dev.eliassen.nl\/de\/grosse-statue-chinesischer-kaiser-terrakotta-200cm\/#primaryimage","url":"https:\/\/dev.eliassen.nl\/wp-content\/uploads\/2024\/01\/mijnproject48.png","contentUrl":"https:\/\/dev.eliassen.nl\/wp-content\/uploads\/2024\/01\/mijnproject48.png","width":563,"height":1000,"caption":"Mijn project (48)"},{"@type":"BreadcrumbList","@id":"https:\/\/dev.eliassen.nl\/de\/grosse-statue-chinesischer-kaiser-terrakotta-200cm\/#breadcrumb","itemListElement":[{"@type":"ListItem","position":1,"name":"Home","item":"https:\/\/dev.eliassen.nl\/de\/"},{"@type":"ListItem","position":2,"name":"Shop","item":"https:\/\/dev.eliassen.nl\/nl\/winkel\/"},{"@type":"ListItem","position":3,"name":"Statuen-Skulpturen","item":"https:\/\/dev.eliassen.nl\/de\/statuen-skulpturen\/"},{"@type":"ListItem","position":4,"name":"Betonstatuen","item":"https:\/\/dev.eliassen.nl\/de\/bilder\/betonstatuen\/"},{"@type":"ListItem","position":5,"name":"Andere Modelle Gartenstatuen","item":"https:\/\/dev.eliassen.nl\/de\/bilder\/betonstatuen\/andere-modelle-gartenstatuen\/"},{"@type":"ListItem","position":6,"name":"Gro\u00dfe Statue chinesischer Kaiser Terrakotta 200cm"}]},{"@type":"WebSite","@id":"https:\/\/dev.eliassen.nl\/de\/#website","url":"https:\/\/dev.eliassen.nl\/de\/","name":"Eliassen Home & Garden Pleasure","description":"","publisher":{"@id":"https:\/\/dev.eliassen.nl\/de\/#organization"},"alternateName":"Eliassen.nl","potentialAction":[{"@type":"SearchAction","target":{"@type":"EntryPoint","urlTemplate":"https:\/\/dev.eliassen.nl\/de\/?s={search_term_string}"},"query-input":{"@type":"PropertyValueSpecification","valueRequired":true,"valueName":"search_term_string"}}],"inLanguage":"de"},{"@type":"Organization","@id":"https:\/\/dev.eliassen.nl\/de\/#organization","name":"Eliassen Home & Garden Pleasure","url":"https:\/\/dev.eliassen.nl\/de\/","logo":{"@type":"ImageObject","inLanguage":"de","@id":"https:\/\/dev.eliassen.nl\/de\/#\/schema\/logo\/image\/","url":"https:\/\/www.eliassen.nl\/wp-content\/uploads\/2024\/01\/logo_4nd.jpg","contentUrl":"https:\/\/www.eliassen.nl\/wp-content\/uploads\/2024\/01\/logo_4nd.jpg","width":500,"height":500,"caption":"Eliassen Home & Garden Pleasure"},"image":{"@id":"https:\/\/dev.eliassen.nl\/de\/#\/schema\/logo\/image\/"},"sameAs":["https:\/\/www.facebook.com\/TuincentrumEliassenAmmerzoden","https:\/\/www.instagram.com\/eliassenhomeandgarden\/","https:\/\/nl.pinterest.com\/eliassenhomeandgarden\/","https:\/\/www.youtube.com\/@eliassenhomegardenpleasure4558"]}]}},"df_price":2300,"df_sale_price":"","df_regular_price":2300,"df_image_link":"https:\/\/dev.eliassen.nl\/wp-content\/uploads\/2024\/01\/mijnproject48.png","image":"https:\/\/dev.eliassen.nl\/wp-content\/uploads\/2024\/01\/mijnproject48.png","price_search":"<span class=\"woocommerce-Price-amount amount\"><bdi><span class=\"woocommerce-Price-currencySymbol\">&euro;<\/span>&nbsp;2.300,00<\/bdi><\/span>","category":"Andere Modelle Gartenstatuen","_links":{"self":[{"href":"https:\/\/dev.eliassen.nl\/de\/wp-json\/wp\/v2\/product\/73045","targetHints":{"allow":["GET"]}}],"collection":[{"href":"https:\/\/dev.eliassen.nl\/de\/wp-json\/wp\/v2\/product"}],"about":[{"href":"https:\/\/dev.eliassen.nl\/de\/wp-json\/wp\/v2\/types\/product"}],"wp:featuredmedia":[{"embeddable":true,"href":"https:\/\/dev.eliassen.nl\/de\/wp-json\/wp\/v2\/media\/73012"}],"wp:attachment":[{"href":"https:\/\/dev.eliassen.nl\/de\/wp-json\/wp\/v2\/media?parent=73045"}],"wp:term":[{"taxonomy":"product_brand","embeddable":true,"href":"https:\/\/dev.eliassen.nl\/de\/wp-json\/wp\/v2\/product_brand?post=73045"},{"taxonomy":"product_cat","embeddable":true,"href":"https:\/\/dev.eliassen.nl\/de\/wp-json\/wp\/v2\/product_cat?post=73045"},{"taxonomy":"product_tag","embeddable":true,"href":"https:\/\/dev.eliassen.nl\/de\/wp-json\/wp\/v2\/product_tag?post=73045"}],"curies":[{"name":"wp","href":"https:\/\/api.w.org\/{rel}","templated":true}]}}