{"id":73207,"date":"2022-07-05T12:13:19","date_gmt":"2022-07-05T10:13:19","guid":{"rendered":"https:\/\/www.eliassen.nl\/?product=terrasfontein-graniet-trea-85cm"},"modified":"2024-12-05T16:05:41","modified_gmt":"2024-12-05T15:05:41","slug":"terrassenbrunnen-granit-trea-85cm","status":"publish","type":"product","link":"https:\/\/dev.eliassen.nl\/de\/terrassenbrunnen-granit-trea-85cm\/","title":{"rendered":"Terrassenbrunnen Granit Trea 85cm"},"content":{"rendered":"<p><video controls=\"controls\" width=\"500\" height=\"250\"><source src=\"https:\/\/cdn.webshopapp.com\/shops\/289658\/files\/444302002\/terrasfontein-graniet-trea-85cm-eliassennl.mp4\" type=\"video\/mp4\" \/><\/video><\/p>\n<p>Ein wundersch\u00f6ner, eleganter Brunnen f\u00fcr Ihren Garten oder auf der Terrasse, der von uns selbst entwickelt wurde und nirgendwo anders erh\u00e4ltlich ist.<\/p>\n<p>Das Wasser flie\u00dft vom Quadrat oben ab, was einen sehr sch\u00f6nen spielerischen Effekt ergibt. Bei diesem Modell ist der Wasserlauf durch LED-Streifen an der Unterseite von 4 Seiten sichtbar. Bei diesem Modell ist kein Graben erforderlich, da sich die Wasserversorgung in der S\u00e4ule befindet. Wird komplett mit Pumpe, Schlauch, LEDs und Gebrauchsanweisung geliefert. F\u00fcr den vollst\u00e4ndigen Betrieb ben\u00f6tigen Sie 2 Steckdosen.<\/p>\n<p>Suchen Sie einen Brunnen f\u00fcr Ihren Garten? Dieser Granit-Terrassenbrunnen namens Trea bietet Ihnen die sch\u00f6ne Optik im Komplettpaket. Wasserspiele gibt es in verschiedenen Formen und Gr\u00f6\u00dfen. Bei diesem Modell handelt es sich um einen Terrassenbrunnen, sodass Sie nicht in Ihrem Garten graben m\u00fcssen.<\/p>\n<ul>\n<li>Gr\u00f6\u00dfe 39x39x85cm hoch<\/li>\n<li>Material: Granit schwarz poliert<\/li>\n<li>Inklusive Pumpe, Schlauch, LEDs, Gebrauchsanweisung.<\/li>\n<li>Kabell\u00e4nge Pumpe 10 m, LEDs 7,5 m<\/li>\n<li>Mit Ablassschraube<\/li>\n<li>Garantie 1 Jahr (Trockenlaufsch\u00e4den an der Pumpe und Frostsch\u00e4den ausgenommen)<\/li>\n<li>Verpackt in Holzkiste<\/li>\n<li>Schnell geliefert<\/li>\n<li>Nirgendwo anders zu verkaufen<\/li>\n<\/ul>\n","protected":false},"excerpt":{"rendered":"<p>Ein wundersch\u00f6ner, eleganter Brunnen f\u00fcr Ihren Garten oder auf der Terrasse, der von uns selbst entwickelt wurde und nirgendwo anders erh\u00e4ltlich ist. Das Wasser flie\u00dft vom Quadrat oben ab, was einen sehr sch\u00f6nen spielerischen Effekt ergibt. Bei diesem Modell ist der Wasserlauf durch LED-Streifen an der Unterseite von 4 Seiten sichtbar. Bei diesem Modell ist &hellip;<\/p>\n","protected":false},"featured_media":73198,"template":"","meta":{"_acf_changed":false},"product_brand":[],"product_cat":[548,536],"product_tag":[],"class_list":{"0":"post-73207","1":"product","2":"type-product","3":"status-publish","4":"has-post-thumbnail","6":"product_cat-terrassenbrunnen","7":"product_cat-wassereigenschaften","9":"first","10":"instock","11":"sale","12":"taxable","13":"shipping-taxable","14":"purchasable","15":"product-type-simple"},"acf":[],"yoast_head":"<!-- This site is optimized with the Yoast SEO plugin v23.8 - https:\/\/yoast.com\/wordpress\/plugins\/seo\/ -->\n<title>Terrassenbrunnen Granit Trea 85cm<\/title>\n<meta name=\"description\" content=\"Der gr\u00f6\u00dfte Verk\u00e4ufer von Wasserspielen. Werfen Sie einen Blick in unseren Webshop oder besuchen Sie unseren Laden!!\" \/>\n<meta name=\"robots\" content=\"noindex, follow, max-snippet:-1, max-image-preview:large, max-video-preview:-1\" \/>\n<meta property=\"og:locale\" content=\"de_DE\" \/>\n<meta property=\"og:type\" content=\"article\" \/>\n<meta property=\"og:title\" content=\"Terrassenbrunnen Granit Trea 85cm\" \/>\n<meta property=\"og:description\" content=\"Der gr\u00f6\u00dfte Verk\u00e4ufer von Wasserspielen. Werfen Sie einen Blick in unseren Webshop oder besuchen Sie unseren Laden!!\" \/>\n<meta property=\"og:url\" content=\"https:\/\/dev.eliassen.nl\/de\/terrassenbrunnen-granit-trea-85cm\/\" \/>\n<meta property=\"og:site_name\" content=\"Eliassen.nl\" \/>\n<meta property=\"article:publisher\" content=\"https:\/\/www.facebook.com\/TuincentrumEliassenAmmerzoden\" \/>\n<meta property=\"article:modified_time\" content=\"2024-12-05T15:05:41+00:00\" \/>\n<meta property=\"og:image\" content=\"https:\/\/dev.eliassen.nl\/wp-content\/uploads\/2024\/01\/productionphoto1.jpg\" \/>\n\t<meta property=\"og:image:width\" content=\"1470\" \/>\n\t<meta property=\"og:image:height\" content=\"1960\" \/>\n\t<meta property=\"og:image:type\" content=\"image\/jpeg\" \/>\n<meta name=\"twitter:card\" content=\"summary_large_image\" \/>\n<script type=\"application\/ld+json\" class=\"yoast-schema-graph\">{\"@context\":\"https:\/\/schema.org\",\"@graph\":[{\"@type\":\"WebPage\",\"@id\":\"https:\/\/dev.eliassen.nl\/de\/terrassenbrunnen-granit-trea-85cm\/\",\"url\":\"https:\/\/dev.eliassen.nl\/de\/terrassenbrunnen-granit-trea-85cm\/\",\"name\":\"Terrassenbrunnen Granit Trea 85cm\",\"isPartOf\":{\"@id\":\"https:\/\/dev.eliassen.nl\/de\/#website\"},\"primaryImageOfPage\":{\"@id\":\"https:\/\/dev.eliassen.nl\/de\/terrassenbrunnen-granit-trea-85cm\/#primaryimage\"},\"image\":{\"@id\":\"https:\/\/dev.eliassen.nl\/de\/terrassenbrunnen-granit-trea-85cm\/#primaryimage\"},\"thumbnailUrl\":\"https:\/\/dev.eliassen.nl\/wp-content\/uploads\/2024\/01\/productionphoto1.jpg\",\"datePublished\":\"2022-07-05T10:13:19+00:00\",\"dateModified\":\"2024-12-05T15:05:41+00:00\",\"description\":\"Der gr\u00f6\u00dfte Verk\u00e4ufer von Wasserspielen. Werfen Sie einen Blick in unseren Webshop oder besuchen Sie unseren Laden!!\",\"breadcrumb\":{\"@id\":\"https:\/\/dev.eliassen.nl\/de\/terrassenbrunnen-granit-trea-85cm\/#breadcrumb\"},\"inLanguage\":\"de\",\"potentialAction\":[{\"@type\":\"ReadAction\",\"target\":[\"https:\/\/dev.eliassen.nl\/de\/terrassenbrunnen-granit-trea-85cm\/\"]}]},{\"@type\":\"ImageObject\",\"inLanguage\":\"de\",\"@id\":\"https:\/\/dev.eliassen.nl\/de\/terrassenbrunnen-granit-trea-85cm\/#primaryimage\",\"url\":\"https:\/\/dev.eliassen.nl\/wp-content\/uploads\/2024\/01\/productionphoto1.jpg\",\"contentUrl\":\"https:\/\/dev.eliassen.nl\/wp-content\/uploads\/2024\/01\/productionphoto1.jpg\",\"width\":1470,\"height\":1960,\"caption\":\"production photo (1)\"},{\"@type\":\"BreadcrumbList\",\"@id\":\"https:\/\/dev.eliassen.nl\/de\/terrassenbrunnen-granit-trea-85cm\/#breadcrumb\",\"itemListElement\":[{\"@type\":\"ListItem\",\"position\":1,\"name\":\"Home\",\"item\":\"https:\/\/dev.eliassen.nl\/de\/\"},{\"@type\":\"ListItem\",\"position\":2,\"name\":\"Shop\",\"item\":\"https:\/\/dev.eliassen.nl\/nl\/winkel\/\"},{\"@type\":\"ListItem\",\"position\":3,\"name\":\"Wasserspiele\",\"item\":\"https:\/\/dev.eliassen.nl\/de\/wassereigenschaften\/\"},{\"@type\":\"ListItem\",\"position\":4,\"name\":\"Terrassenbrunnen\",\"item\":\"https:\/\/dev.eliassen.nl\/de\/wassereigenschaften\/terrassenbrunnen\/\"},{\"@type\":\"ListItem\",\"position\":5,\"name\":\"Terrassenbrunnen Granit Trea 85cm\"}]},{\"@type\":\"WebSite\",\"@id\":\"https:\/\/dev.eliassen.nl\/de\/#website\",\"url\":\"https:\/\/dev.eliassen.nl\/de\/\",\"name\":\"Eliassen Home & Garden Pleasure\",\"description\":\"\",\"publisher\":{\"@id\":\"https:\/\/dev.eliassen.nl\/de\/#organization\"},\"alternateName\":\"Eliassen.nl\",\"potentialAction\":[{\"@type\":\"SearchAction\",\"target\":{\"@type\":\"EntryPoint\",\"urlTemplate\":\"https:\/\/dev.eliassen.nl\/de\/?s={search_term_string}\"},\"query-input\":{\"@type\":\"PropertyValueSpecification\",\"valueRequired\":true,\"valueName\":\"search_term_string\"}}],\"inLanguage\":\"de\"},{\"@type\":\"Organization\",\"@id\":\"https:\/\/dev.eliassen.nl\/de\/#organization\",\"name\":\"Eliassen Home & Garden Pleasure\",\"url\":\"https:\/\/dev.eliassen.nl\/de\/\",\"logo\":{\"@type\":\"ImageObject\",\"inLanguage\":\"de\",\"@id\":\"https:\/\/dev.eliassen.nl\/de\/#\/schema\/logo\/image\/\",\"url\":\"https:\/\/www.eliassen.nl\/wp-content\/uploads\/2024\/01\/logo_4nd.jpg\",\"contentUrl\":\"https:\/\/www.eliassen.nl\/wp-content\/uploads\/2024\/01\/logo_4nd.jpg\",\"width\":500,\"height\":500,\"caption\":\"Eliassen Home & Garden Pleasure\"},\"image\":{\"@id\":\"https:\/\/dev.eliassen.nl\/de\/#\/schema\/logo\/image\/\"},\"sameAs\":[\"https:\/\/www.facebook.com\/TuincentrumEliassenAmmerzoden\",\"https:\/\/www.instagram.com\/eliassenhomeandgarden\/\",\"https:\/\/nl.pinterest.com\/eliassenhomeandgarden\/\",\"https:\/\/www.youtube.com\/@eliassenhomegardenpleasure4558\"]}]}<\/script>\n<!-- \/ Yoast SEO plugin. -->","yoast_head_json":{"title":"Terrassenbrunnen Granit Trea 85cm","description":"Der gr\u00f6\u00dfte Verk\u00e4ufer von Wasserspielen. Werfen Sie einen Blick in unseren Webshop oder besuchen Sie unseren Laden!!","robots":{"index":"noindex","follow":"follow","max-snippet":"max-snippet:-1","max-image-preview":"max-image-preview:large","max-video-preview":"max-video-preview:-1"},"og_locale":"de_DE","og_type":"article","og_title":"Terrassenbrunnen Granit Trea 85cm","og_description":"Der gr\u00f6\u00dfte Verk\u00e4ufer von Wasserspielen. Werfen Sie einen Blick in unseren Webshop oder besuchen Sie unseren Laden!!","og_url":"https:\/\/dev.eliassen.nl\/de\/terrassenbrunnen-granit-trea-85cm\/","og_site_name":"Eliassen.nl","article_publisher":"https:\/\/www.facebook.com\/TuincentrumEliassenAmmerzoden","article_modified_time":"2024-12-05T15:05:41+00:00","og_image":[{"width":1470,"height":1960,"url":"https:\/\/dev.eliassen.nl\/wp-content\/uploads\/2024\/01\/productionphoto1.jpg","type":"image\/jpeg"}],"twitter_card":"summary_large_image","schema":{"@context":"https:\/\/schema.org","@graph":[{"@type":"WebPage","@id":"https:\/\/dev.eliassen.nl\/de\/terrassenbrunnen-granit-trea-85cm\/","url":"https:\/\/dev.eliassen.nl\/de\/terrassenbrunnen-granit-trea-85cm\/","name":"Terrassenbrunnen Granit Trea 85cm","isPartOf":{"@id":"https:\/\/dev.eliassen.nl\/de\/#website"},"primaryImageOfPage":{"@id":"https:\/\/dev.eliassen.nl\/de\/terrassenbrunnen-granit-trea-85cm\/#primaryimage"},"image":{"@id":"https:\/\/dev.eliassen.nl\/de\/terrassenbrunnen-granit-trea-85cm\/#primaryimage"},"thumbnailUrl":"https:\/\/dev.eliassen.nl\/wp-content\/uploads\/2024\/01\/productionphoto1.jpg","datePublished":"2022-07-05T10:13:19+00:00","dateModified":"2024-12-05T15:05:41+00:00","description":"Der gr\u00f6\u00dfte Verk\u00e4ufer von Wasserspielen. Werfen Sie einen Blick in unseren Webshop oder besuchen Sie unseren Laden!!","breadcrumb":{"@id":"https:\/\/dev.eliassen.nl\/de\/terrassenbrunnen-granit-trea-85cm\/#breadcrumb"},"inLanguage":"de","potentialAction":[{"@type":"ReadAction","target":["https:\/\/dev.eliassen.nl\/de\/terrassenbrunnen-granit-trea-85cm\/"]}]},{"@type":"ImageObject","inLanguage":"de","@id":"https:\/\/dev.eliassen.nl\/de\/terrassenbrunnen-granit-trea-85cm\/#primaryimage","url":"https:\/\/dev.eliassen.nl\/wp-content\/uploads\/2024\/01\/productionphoto1.jpg","contentUrl":"https:\/\/dev.eliassen.nl\/wp-content\/uploads\/2024\/01\/productionphoto1.jpg","width":1470,"height":1960,"caption":"production photo (1)"},{"@type":"BreadcrumbList","@id":"https:\/\/dev.eliassen.nl\/de\/terrassenbrunnen-granit-trea-85cm\/#breadcrumb","itemListElement":[{"@type":"ListItem","position":1,"name":"Home","item":"https:\/\/dev.eliassen.nl\/de\/"},{"@type":"ListItem","position":2,"name":"Shop","item":"https:\/\/dev.eliassen.nl\/nl\/winkel\/"},{"@type":"ListItem","position":3,"name":"Wasserspiele","item":"https:\/\/dev.eliassen.nl\/de\/wassereigenschaften\/"},{"@type":"ListItem","position":4,"name":"Terrassenbrunnen","item":"https:\/\/dev.eliassen.nl\/de\/wassereigenschaften\/terrassenbrunnen\/"},{"@type":"ListItem","position":5,"name":"Terrassenbrunnen Granit Trea 85cm"}]},{"@type":"WebSite","@id":"https:\/\/dev.eliassen.nl\/de\/#website","url":"https:\/\/dev.eliassen.nl\/de\/","name":"Eliassen Home & Garden Pleasure","description":"","publisher":{"@id":"https:\/\/dev.eliassen.nl\/de\/#organization"},"alternateName":"Eliassen.nl","potentialAction":[{"@type":"SearchAction","target":{"@type":"EntryPoint","urlTemplate":"https:\/\/dev.eliassen.nl\/de\/?s={search_term_string}"},"query-input":{"@type":"PropertyValueSpecification","valueRequired":true,"valueName":"search_term_string"}}],"inLanguage":"de"},{"@type":"Organization","@id":"https:\/\/dev.eliassen.nl\/de\/#organization","name":"Eliassen Home & Garden Pleasure","url":"https:\/\/dev.eliassen.nl\/de\/","logo":{"@type":"ImageObject","inLanguage":"de","@id":"https:\/\/dev.eliassen.nl\/de\/#\/schema\/logo\/image\/","url":"https:\/\/www.eliassen.nl\/wp-content\/uploads\/2024\/01\/logo_4nd.jpg","contentUrl":"https:\/\/www.eliassen.nl\/wp-content\/uploads\/2024\/01\/logo_4nd.jpg","width":500,"height":500,"caption":"Eliassen Home & Garden Pleasure"},"image":{"@id":"https:\/\/dev.eliassen.nl\/de\/#\/schema\/logo\/image\/"},"sameAs":["https:\/\/www.facebook.com\/TuincentrumEliassenAmmerzoden","https:\/\/www.instagram.com\/eliassenhomeandgarden\/","https:\/\/nl.pinterest.com\/eliassenhomeandgarden\/","https:\/\/www.youtube.com\/@eliassenhomegardenpleasure4558"]}]}},"df_price":595,"df_sale_price":595,"df_regular_price":695,"df_image_link":"https:\/\/dev.eliassen.nl\/wp-content\/uploads\/2024\/01\/productionphoto1.jpg","image":"https:\/\/dev.eliassen.nl\/wp-content\/uploads\/2024\/01\/productionphoto1.jpg","price_search":"<span class=\"woocommerce-Price-amount amount\"><bdi><span class=\"woocommerce-Price-currencySymbol\">&euro;<\/span>&nbsp;595,00<\/bdi><\/span>","category":"Terrassenbrunnen","_links":{"self":[{"href":"https:\/\/dev.eliassen.nl\/de\/wp-json\/wp\/v2\/product\/73207","targetHints":{"allow":["GET"]}}],"collection":[{"href":"https:\/\/dev.eliassen.nl\/de\/wp-json\/wp\/v2\/product"}],"about":[{"href":"https:\/\/dev.eliassen.nl\/de\/wp-json\/wp\/v2\/types\/product"}],"wp:featuredmedia":[{"embeddable":true,"href":"https:\/\/dev.eliassen.nl\/de\/wp-json\/wp\/v2\/media\/73198"}],"wp:attachment":[{"href":"https:\/\/dev.eliassen.nl\/de\/wp-json\/wp\/v2\/media?parent=73207"}],"wp:term":[{"taxonomy":"product_brand","embeddable":true,"href":"https:\/\/dev.eliassen.nl\/de\/wp-json\/wp\/v2\/product_brand?post=73207"},{"taxonomy":"product_cat","embeddable":true,"href":"https:\/\/dev.eliassen.nl\/de\/wp-json\/wp\/v2\/product_cat?post=73207"},{"taxonomy":"product_tag","embeddable":true,"href":"https:\/\/dev.eliassen.nl\/de\/wp-json\/wp\/v2\/product_tag?post=73207"}],"curies":[{"name":"wp","href":"https:\/\/api.w.org\/{rel}","templated":true}]}}