{"id":73216,"date":"2022-07-05T13:41:18","date_gmt":"2022-07-05T11:41:18","guid":{"rendered":"https:\/\/www.eliassen.nl\/?product=tuinbank-alabama-120cm"},"modified":"2024-12-05T16:05:44","modified_gmt":"2024-12-05T15:05:44","slug":"gartenbank-alabama-120cm","status":"publish","type":"product","link":"https:\/\/dev.eliassen.nl\/de\/gartenbank-alabama-120cm\/","title":{"rendered":"Gartenbank Alabama 120cm"},"content":{"rendered":"<p>Wenn Sie Gartenm\u00f6bel oder eine Gartenbank w\u00fcnschen, die ein Leben lang halten, dann ist diese moderne Gartenbank aus grauen Granitbeinen mit gelber Granitplatte genau das Richtige f\u00fcr Sie. Dieses Gartenm\u00f6bel ist bei normalem Gebrauch unverw\u00fcstlich. Dieses Sofa hat eine schlanke, gerade Form mit rechten Winkeln und eine polierte Oberfl\u00e4che von nicht weniger als 5 cm Dicke !!! Die Keilform an der Unterseite des Sitzes ist sehr attraktiv. Eine Bank, die ein Leben lang in Ihrem Garten h\u00e4lt!! Nat\u00fcrlich k\u00f6nnen bei Granit leichte Farbunterschiede und andere Unregelm\u00e4\u00dfigkeiten sichtbar sein, dies ist normal und kann nicht beanstandet werden.<\/p>\n<ul>\n<li>Gr\u00f6\u00dfe: ca. 120 cm breit, 35 cm tief und 37 cm hoch (ungef\u00e4hr)<\/li>\n<li>Material: Granit gelb\/grau<\/li>\n<li>Oberseite poliert<\/li>\n<li>Blattst\u00e4rke 5 cm<\/li>\n<li>150kg<\/li>\n<\/ul>\n","protected":false},"excerpt":{"rendered":"<p>Elegante, moderne Gartenbank Alabama<\/p>\n","protected":false},"featured_media":73210,"template":"","meta":{"_acf_changed":false},"product_brand":[],"product_cat":[806,761,752],"product_tag":[],"class_list":{"0":"post-73216","1":"product","2":"type-product","3":"status-publish","4":"has-post-thumbnail","6":"product_cat-gartenbaenke","7":"product_cat-gartenmoebel","8":"product_cat-weitere-artikel","10":"first","11":"instock","12":"taxable","13":"shipping-taxable","14":"purchasable","15":"product-type-simple"},"acf":[],"yoast_head":"<!-- This site is optimized with the Yoast SEO plugin v23.8 - https:\/\/yoast.com\/wordpress\/plugins\/seo\/ -->\n<title>Gartenbank Alabama 120cm<\/title>\n<meta name=\"description\" content=\"Sehen Sie sich alle unsere Gartenb\u00e4nke in unserem Webshop oder live in unserem Gesch\u00e4ft an !!\" \/>\n<meta name=\"robots\" content=\"noindex, follow, max-snippet:-1, max-image-preview:large, max-video-preview:-1\" \/>\n<meta property=\"og:locale\" content=\"de_DE\" \/>\n<meta property=\"og:type\" content=\"article\" \/>\n<meta property=\"og:title\" content=\"Gartenbank Alabama 120cm\" \/>\n<meta property=\"og:description\" content=\"Sehen Sie sich alle unsere Gartenb\u00e4nke in unserem Webshop oder live in unserem Gesch\u00e4ft an !!\" \/>\n<meta property=\"og:url\" content=\"https:\/\/dev.eliassen.nl\/de\/gartenbank-alabama-120cm\/\" \/>\n<meta property=\"og:site_name\" content=\"Eliassen.nl\" \/>\n<meta property=\"article:publisher\" content=\"https:\/\/www.facebook.com\/TuincentrumEliassenAmmerzoden\" \/>\n<meta property=\"article:modified_time\" content=\"2024-12-05T15:05:44+00:00\" \/>\n<meta property=\"og:image\" content=\"https:\/\/dev.eliassen.nl\/wp-content\/uploads\/2024\/01\/processed98177bebb6974620b8d15165b8e5c6d8c0f.jpg\" \/>\n\t<meta property=\"og:image:width\" content=\"1152\" \/>\n\t<meta property=\"og:image:height\" content=\"2048\" \/>\n\t<meta property=\"og:image:type\" content=\"image\/jpeg\" \/>\n<meta name=\"twitter:card\" content=\"summary_large_image\" \/>\n<script type=\"application\/ld+json\" class=\"yoast-schema-graph\">{\"@context\":\"https:\/\/schema.org\",\"@graph\":[{\"@type\":\"WebPage\",\"@id\":\"https:\/\/dev.eliassen.nl\/de\/gartenbank-alabama-120cm\/\",\"url\":\"https:\/\/dev.eliassen.nl\/de\/gartenbank-alabama-120cm\/\",\"name\":\"Gartenbank Alabama 120cm\",\"isPartOf\":{\"@id\":\"https:\/\/dev.eliassen.nl\/de\/#website\"},\"primaryImageOfPage\":{\"@id\":\"https:\/\/dev.eliassen.nl\/de\/gartenbank-alabama-120cm\/#primaryimage\"},\"image\":{\"@id\":\"https:\/\/dev.eliassen.nl\/de\/gartenbank-alabama-120cm\/#primaryimage\"},\"thumbnailUrl\":\"https:\/\/dev.eliassen.nl\/wp-content\/uploads\/2024\/01\/processed98177bebb6974620b8d15165b8e5c6d8c0f.jpg\",\"datePublished\":\"2022-07-05T11:41:18+00:00\",\"dateModified\":\"2024-12-05T15:05:44+00:00\",\"description\":\"Sehen Sie sich alle unsere Gartenb\u00e4nke in unserem Webshop oder live in unserem Gesch\u00e4ft an !!\",\"breadcrumb\":{\"@id\":\"https:\/\/dev.eliassen.nl\/de\/gartenbank-alabama-120cm\/#breadcrumb\"},\"inLanguage\":\"de\",\"potentialAction\":[{\"@type\":\"ReadAction\",\"target\":[\"https:\/\/dev.eliassen.nl\/de\/gartenbank-alabama-120cm\/\"]}]},{\"@type\":\"ImageObject\",\"inLanguage\":\"de\",\"@id\":\"https:\/\/dev.eliassen.nl\/de\/gartenbank-alabama-120cm\/#primaryimage\",\"url\":\"https:\/\/dev.eliassen.nl\/wp-content\/uploads\/2024\/01\/processed98177bebb6974620b8d15165b8e5c6d8c0f.jpg\",\"contentUrl\":\"https:\/\/dev.eliassen.nl\/wp-content\/uploads\/2024\/01\/processed98177bebb6974620b8d15165b8e5c6d8c0f.jpg\",\"width\":1152,\"height\":2048,\"caption\":\"processed-98177beb-b697-4620-b8d1-5165b8e5c6d8_C0fvUobW\"},{\"@type\":\"BreadcrumbList\",\"@id\":\"https:\/\/dev.eliassen.nl\/de\/gartenbank-alabama-120cm\/#breadcrumb\",\"itemListElement\":[{\"@type\":\"ListItem\",\"position\":1,\"name\":\"Home\",\"item\":\"https:\/\/dev.eliassen.nl\/de\/\"},{\"@type\":\"ListItem\",\"position\":2,\"name\":\"Shop\",\"item\":\"https:\/\/dev.eliassen.nl\/nl\/winkel\/\"},{\"@type\":\"ListItem\",\"position\":3,\"name\":\"Weitere Artikel\",\"item\":\"https:\/\/dev.eliassen.nl\/de\/weitere-artikel\/\"},{\"@type\":\"ListItem\",\"position\":4,\"name\":\"Gartenm\u00f6bel\",\"item\":\"https:\/\/dev.eliassen.nl\/de\/garten-andere\/gartenmoebel\/\"},{\"@type\":\"ListItem\",\"position\":5,\"name\":\"Gartenbank Alabama 120cm\"}]},{\"@type\":\"WebSite\",\"@id\":\"https:\/\/dev.eliassen.nl\/de\/#website\",\"url\":\"https:\/\/dev.eliassen.nl\/de\/\",\"name\":\"Eliassen Home & Garden Pleasure\",\"description\":\"\",\"publisher\":{\"@id\":\"https:\/\/dev.eliassen.nl\/de\/#organization\"},\"alternateName\":\"Eliassen.nl\",\"potentialAction\":[{\"@type\":\"SearchAction\",\"target\":{\"@type\":\"EntryPoint\",\"urlTemplate\":\"https:\/\/dev.eliassen.nl\/de\/?s={search_term_string}\"},\"query-input\":{\"@type\":\"PropertyValueSpecification\",\"valueRequired\":true,\"valueName\":\"search_term_string\"}}],\"inLanguage\":\"de\"},{\"@type\":\"Organization\",\"@id\":\"https:\/\/dev.eliassen.nl\/de\/#organization\",\"name\":\"Eliassen Home & Garden Pleasure\",\"url\":\"https:\/\/dev.eliassen.nl\/de\/\",\"logo\":{\"@type\":\"ImageObject\",\"inLanguage\":\"de\",\"@id\":\"https:\/\/dev.eliassen.nl\/de\/#\/schema\/logo\/image\/\",\"url\":\"https:\/\/www.eliassen.nl\/wp-content\/uploads\/2024\/01\/logo_4nd.jpg\",\"contentUrl\":\"https:\/\/www.eliassen.nl\/wp-content\/uploads\/2024\/01\/logo_4nd.jpg\",\"width\":500,\"height\":500,\"caption\":\"Eliassen Home & Garden Pleasure\"},\"image\":{\"@id\":\"https:\/\/dev.eliassen.nl\/de\/#\/schema\/logo\/image\/\"},\"sameAs\":[\"https:\/\/www.facebook.com\/TuincentrumEliassenAmmerzoden\",\"https:\/\/www.instagram.com\/eliassenhomeandgarden\/\",\"https:\/\/nl.pinterest.com\/eliassenhomeandgarden\/\",\"https:\/\/www.youtube.com\/@eliassenhomegardenpleasure4558\"]}]}<\/script>\n<!-- \/ Yoast SEO plugin. -->","yoast_head_json":{"title":"Gartenbank Alabama 120cm","description":"Sehen Sie sich alle unsere Gartenb\u00e4nke in unserem Webshop oder live in unserem Gesch\u00e4ft an !!","robots":{"index":"noindex","follow":"follow","max-snippet":"max-snippet:-1","max-image-preview":"max-image-preview:large","max-video-preview":"max-video-preview:-1"},"og_locale":"de_DE","og_type":"article","og_title":"Gartenbank Alabama 120cm","og_description":"Sehen Sie sich alle unsere Gartenb\u00e4nke in unserem Webshop oder live in unserem Gesch\u00e4ft an !!","og_url":"https:\/\/dev.eliassen.nl\/de\/gartenbank-alabama-120cm\/","og_site_name":"Eliassen.nl","article_publisher":"https:\/\/www.facebook.com\/TuincentrumEliassenAmmerzoden","article_modified_time":"2024-12-05T15:05:44+00:00","og_image":[{"width":1152,"height":2048,"url":"https:\/\/dev.eliassen.nl\/wp-content\/uploads\/2024\/01\/processed98177bebb6974620b8d15165b8e5c6d8c0f.jpg","type":"image\/jpeg"}],"twitter_card":"summary_large_image","schema":{"@context":"https:\/\/schema.org","@graph":[{"@type":"WebPage","@id":"https:\/\/dev.eliassen.nl\/de\/gartenbank-alabama-120cm\/","url":"https:\/\/dev.eliassen.nl\/de\/gartenbank-alabama-120cm\/","name":"Gartenbank Alabama 120cm","isPartOf":{"@id":"https:\/\/dev.eliassen.nl\/de\/#website"},"primaryImageOfPage":{"@id":"https:\/\/dev.eliassen.nl\/de\/gartenbank-alabama-120cm\/#primaryimage"},"image":{"@id":"https:\/\/dev.eliassen.nl\/de\/gartenbank-alabama-120cm\/#primaryimage"},"thumbnailUrl":"https:\/\/dev.eliassen.nl\/wp-content\/uploads\/2024\/01\/processed98177bebb6974620b8d15165b8e5c6d8c0f.jpg","datePublished":"2022-07-05T11:41:18+00:00","dateModified":"2024-12-05T15:05:44+00:00","description":"Sehen Sie sich alle unsere Gartenb\u00e4nke in unserem Webshop oder live in unserem Gesch\u00e4ft an !!","breadcrumb":{"@id":"https:\/\/dev.eliassen.nl\/de\/gartenbank-alabama-120cm\/#breadcrumb"},"inLanguage":"de","potentialAction":[{"@type":"ReadAction","target":["https:\/\/dev.eliassen.nl\/de\/gartenbank-alabama-120cm\/"]}]},{"@type":"ImageObject","inLanguage":"de","@id":"https:\/\/dev.eliassen.nl\/de\/gartenbank-alabama-120cm\/#primaryimage","url":"https:\/\/dev.eliassen.nl\/wp-content\/uploads\/2024\/01\/processed98177bebb6974620b8d15165b8e5c6d8c0f.jpg","contentUrl":"https:\/\/dev.eliassen.nl\/wp-content\/uploads\/2024\/01\/processed98177bebb6974620b8d15165b8e5c6d8c0f.jpg","width":1152,"height":2048,"caption":"processed-98177beb-b697-4620-b8d1-5165b8e5c6d8_C0fvUobW"},{"@type":"BreadcrumbList","@id":"https:\/\/dev.eliassen.nl\/de\/gartenbank-alabama-120cm\/#breadcrumb","itemListElement":[{"@type":"ListItem","position":1,"name":"Home","item":"https:\/\/dev.eliassen.nl\/de\/"},{"@type":"ListItem","position":2,"name":"Shop","item":"https:\/\/dev.eliassen.nl\/nl\/winkel\/"},{"@type":"ListItem","position":3,"name":"Weitere Artikel","item":"https:\/\/dev.eliassen.nl\/de\/weitere-artikel\/"},{"@type":"ListItem","position":4,"name":"Gartenm\u00f6bel","item":"https:\/\/dev.eliassen.nl\/de\/garten-andere\/gartenmoebel\/"},{"@type":"ListItem","position":5,"name":"Gartenbank Alabama 120cm"}]},{"@type":"WebSite","@id":"https:\/\/dev.eliassen.nl\/de\/#website","url":"https:\/\/dev.eliassen.nl\/de\/","name":"Eliassen Home & Garden Pleasure","description":"","publisher":{"@id":"https:\/\/dev.eliassen.nl\/de\/#organization"},"alternateName":"Eliassen.nl","potentialAction":[{"@type":"SearchAction","target":{"@type":"EntryPoint","urlTemplate":"https:\/\/dev.eliassen.nl\/de\/?s={search_term_string}"},"query-input":{"@type":"PropertyValueSpecification","valueRequired":true,"valueName":"search_term_string"}}],"inLanguage":"de"},{"@type":"Organization","@id":"https:\/\/dev.eliassen.nl\/de\/#organization","name":"Eliassen Home & Garden Pleasure","url":"https:\/\/dev.eliassen.nl\/de\/","logo":{"@type":"ImageObject","inLanguage":"de","@id":"https:\/\/dev.eliassen.nl\/de\/#\/schema\/logo\/image\/","url":"https:\/\/www.eliassen.nl\/wp-content\/uploads\/2024\/01\/logo_4nd.jpg","contentUrl":"https:\/\/www.eliassen.nl\/wp-content\/uploads\/2024\/01\/logo_4nd.jpg","width":500,"height":500,"caption":"Eliassen Home & Garden Pleasure"},"image":{"@id":"https:\/\/dev.eliassen.nl\/de\/#\/schema\/logo\/image\/"},"sameAs":["https:\/\/www.facebook.com\/TuincentrumEliassenAmmerzoden","https:\/\/www.instagram.com\/eliassenhomeandgarden\/","https:\/\/nl.pinterest.com\/eliassenhomeandgarden\/","https:\/\/www.youtube.com\/@eliassenhomegardenpleasure4558"]}]}},"df_price":345,"df_sale_price":"","df_regular_price":345,"df_image_link":"https:\/\/dev.eliassen.nl\/wp-content\/uploads\/2024\/01\/processed98177bebb6974620b8d15165b8e5c6d8c0f.jpg","image":"https:\/\/dev.eliassen.nl\/wp-content\/uploads\/2024\/01\/processed98177bebb6974620b8d15165b8e5c6d8c0f.jpg","price_search":"<span class=\"woocommerce-Price-amount amount\"><bdi><span class=\"woocommerce-Price-currencySymbol\">&euro;<\/span>&nbsp;345,00<\/bdi><\/span>","category":"Gartenb\u00e4nke","_links":{"self":[{"href":"https:\/\/dev.eliassen.nl\/de\/wp-json\/wp\/v2\/product\/73216","targetHints":{"allow":["GET"]}}],"collection":[{"href":"https:\/\/dev.eliassen.nl\/de\/wp-json\/wp\/v2\/product"}],"about":[{"href":"https:\/\/dev.eliassen.nl\/de\/wp-json\/wp\/v2\/types\/product"}],"wp:featuredmedia":[{"embeddable":true,"href":"https:\/\/dev.eliassen.nl\/de\/wp-json\/wp\/v2\/media\/73210"}],"wp:attachment":[{"href":"https:\/\/dev.eliassen.nl\/de\/wp-json\/wp\/v2\/media?parent=73216"}],"wp:term":[{"taxonomy":"product_brand","embeddable":true,"href":"https:\/\/dev.eliassen.nl\/de\/wp-json\/wp\/v2\/product_brand?post=73216"},{"taxonomy":"product_cat","embeddable":true,"href":"https:\/\/dev.eliassen.nl\/de\/wp-json\/wp\/v2\/product_cat?post=73216"},{"taxonomy":"product_tag","embeddable":true,"href":"https:\/\/dev.eliassen.nl\/de\/wp-json\/wp\/v2\/product_tag?post=73216"}],"curies":[{"name":"wp","href":"https:\/\/api.w.org\/{rel}","templated":true}]}}