{"id":73234,"date":"2022-07-05T13:52:54","date_gmt":"2022-07-05T11:52:54","guid":{"rendered":"https:\/\/www.eliassen.nl\/?product=wereldbol-graniet-50cm"},"modified":"2024-12-05T16:05:45","modified_gmt":"2024-12-05T15:05:45","slug":"dekokugel-world-granit-50cm","status":"publish","type":"product","link":"https:\/\/dev.eliassen.nl\/de\/dekokugel-world-granit-50cm\/","title":{"rendered":"Dekokugel World Granit 50cm"},"content":{"rendered":"<p>Dekorationskugel mit 50 cm Durchmesser, komplett aus poliertem Granit. Ein absolut sch\u00f6nes Dekorationsst\u00fcck in Ihrem Garten oder in Ihrem Gesch\u00e4ft.<\/p>\n<p>Die Kontinente wurden mit Lasertechnik auf die Dekorationskugel aufgebracht. Es geht nicht mehr los.<\/p>\n<p>Mit dieser Dekokugel erhalten Sie ein Schmuckst\u00fcck f\u00fcr Ihr Leben!<\/p>\n<ul>\n<li>Gr\u00f6\u00dfe: Durchmesser 50 cm<\/li>\n<li>Farbe schwarz<\/li>\n<li>Material: Granit poliert<\/li>\n<li>Gewicht: ca. 180 kg<\/li>\n<li>Erh\u00e4ltlich aus unserem eigenen Lager.<\/li>\n<li>Achten Sie beim Rollen darauf, dass keine Kratzer entstehen.<\/li>\n<\/ul>\n<p>\u00a0<\/p>\n","protected":false},"excerpt":{"rendered":"<p>Dekorationskugel mit 50 cm Durchmesser, komplett aus poliertem Granit. Ein absolut sch\u00f6nes Dekorationsst\u00fcck in Ihrem Garten oder in Ihrem Gesch\u00e4ft. Die Kontinente wurden mit Lasertechnik auf die Dekorationskugel aufgebracht. Es geht nicht mehr los. Mit dieser Dekokugel erhalten Sie ein Schmuckst\u00fcck f\u00fcr Ihr Leben! Gr\u00f6\u00dfe: Durchmesser 50 cm Farbe schwarz Material: Granit poliert Gewicht: ca. &hellip;<\/p>\n","protected":false},"featured_media":73228,"template":"","meta":{"_acf_changed":false},"product_brand":[],"product_cat":[767,719,7076,752],"product_tag":[],"class_list":{"0":"post-73234","1":"product","2":"type-product","3":"status-publish","4":"has-post-thumbnail","6":"product_cat-sonstig","7":"product_cat-statuen-aus-naturstein","8":"product_cat-statues-figures","9":"product_cat-weitere-artikel","11":"first","12":"instock","13":"sale","14":"taxable","15":"shipping-taxable","16":"purchasable","17":"product-type-simple"},"acf":[],"yoast_head":"<!-- This site is optimized with the Yoast SEO plugin v23.8 - https:\/\/yoast.com\/wordpress\/plugins\/seo\/ -->\n<title>Dekoration World Granit 50cm<\/title>\n<meta name=\"description\" content=\"Gartendekoration? Bei uns finden Sie viele Artikel, um Ihren Garten attraktiver zu gestalten. Schauen Sie in den Webshop oder kommen Sie zu uns ins Gesch\u00e4ft!!\" \/>\n<meta name=\"robots\" content=\"noindex, follow, max-snippet:-1, max-image-preview:large, max-video-preview:-1\" \/>\n<meta property=\"og:locale\" content=\"de_DE\" \/>\n<meta property=\"og:type\" content=\"article\" \/>\n<meta property=\"og:title\" content=\"Dekoration World Granit 50cm\" \/>\n<meta property=\"og:description\" content=\"Gartendekoration? Bei uns finden Sie viele Artikel, um Ihren Garten attraktiver zu gestalten. Schauen Sie in den Webshop oder kommen Sie zu uns ins Gesch\u00e4ft!!\" \/>\n<meta property=\"og:url\" content=\"https:\/\/dev.eliassen.nl\/de\/dekokugel-world-granit-50cm\/\" \/>\n<meta property=\"og:site_name\" content=\"Eliassen.nl\" \/>\n<meta property=\"article:publisher\" content=\"https:\/\/www.facebook.com\/TuincentrumEliassenAmmerzoden\" \/>\n<meta property=\"article:modified_time\" content=\"2024-12-05T15:05:45+00:00\" \/>\n<meta property=\"og:image\" content=\"https:\/\/dev.eliassen.nl\/wp-content\/uploads\/2024\/01\/mijnproject77.png\" \/>\n\t<meta property=\"og:image:width\" content=\"589\" \/>\n\t<meta property=\"og:image:height\" content=\"559\" \/>\n\t<meta property=\"og:image:type\" content=\"image\/png\" \/>\n<meta name=\"twitter:card\" content=\"summary_large_image\" \/>\n<script type=\"application\/ld+json\" class=\"yoast-schema-graph\">{\"@context\":\"https:\/\/schema.org\",\"@graph\":[{\"@type\":\"WebPage\",\"@id\":\"https:\/\/dev.eliassen.nl\/de\/dekokugel-world-granit-50cm\/\",\"url\":\"https:\/\/dev.eliassen.nl\/de\/dekokugel-world-granit-50cm\/\",\"name\":\"Dekoration World Granit 50cm\",\"isPartOf\":{\"@id\":\"https:\/\/dev.eliassen.nl\/de\/#website\"},\"primaryImageOfPage\":{\"@id\":\"https:\/\/dev.eliassen.nl\/de\/dekokugel-world-granit-50cm\/#primaryimage\"},\"image\":{\"@id\":\"https:\/\/dev.eliassen.nl\/de\/dekokugel-world-granit-50cm\/#primaryimage\"},\"thumbnailUrl\":\"https:\/\/dev.eliassen.nl\/wp-content\/uploads\/2024\/01\/mijnproject77.png\",\"datePublished\":\"2022-07-05T11:52:54+00:00\",\"dateModified\":\"2024-12-05T15:05:45+00:00\",\"description\":\"Gartendekoration? Bei uns finden Sie viele Artikel, um Ihren Garten attraktiver zu gestalten. Schauen Sie in den Webshop oder kommen Sie zu uns ins Gesch\u00e4ft!!\",\"breadcrumb\":{\"@id\":\"https:\/\/dev.eliassen.nl\/de\/dekokugel-world-granit-50cm\/#breadcrumb\"},\"inLanguage\":\"de\",\"potentialAction\":[{\"@type\":\"ReadAction\",\"target\":[\"https:\/\/dev.eliassen.nl\/de\/dekokugel-world-granit-50cm\/\"]}]},{\"@type\":\"ImageObject\",\"inLanguage\":\"de\",\"@id\":\"https:\/\/dev.eliassen.nl\/de\/dekokugel-world-granit-50cm\/#primaryimage\",\"url\":\"https:\/\/dev.eliassen.nl\/wp-content\/uploads\/2024\/01\/mijnproject77.png\",\"contentUrl\":\"https:\/\/dev.eliassen.nl\/wp-content\/uploads\/2024\/01\/mijnproject77.png\",\"width\":589,\"height\":559,\"caption\":\"Mijn project (77)\"},{\"@type\":\"BreadcrumbList\",\"@id\":\"https:\/\/dev.eliassen.nl\/de\/dekokugel-world-granit-50cm\/#breadcrumb\",\"itemListElement\":[{\"@type\":\"ListItem\",\"position\":1,\"name\":\"Home\",\"item\":\"https:\/\/dev.eliassen.nl\/de\/\"},{\"@type\":\"ListItem\",\"position\":2,\"name\":\"Shop\",\"item\":\"https:\/\/dev.eliassen.nl\/nl\/winkel\/\"},{\"@type\":\"ListItem\",\"position\":3,\"name\":\"Weitere Artikel\",\"item\":\"https:\/\/dev.eliassen.nl\/de\/weitere-artikel\/\"},{\"@type\":\"ListItem\",\"position\":4,\"name\":\"Sonstig\",\"item\":\"https:\/\/dev.eliassen.nl\/de\/garten-andere\/sonstig\/\"},{\"@type\":\"ListItem\",\"position\":5,\"name\":\"Dekokugel World Granit 50cm\"}]},{\"@type\":\"WebSite\",\"@id\":\"https:\/\/dev.eliassen.nl\/de\/#website\",\"url\":\"https:\/\/dev.eliassen.nl\/de\/\",\"name\":\"Eliassen Home & Garden Pleasure\",\"description\":\"\",\"publisher\":{\"@id\":\"https:\/\/dev.eliassen.nl\/de\/#organization\"},\"alternateName\":\"Eliassen.nl\",\"potentialAction\":[{\"@type\":\"SearchAction\",\"target\":{\"@type\":\"EntryPoint\",\"urlTemplate\":\"https:\/\/dev.eliassen.nl\/de\/?s={search_term_string}\"},\"query-input\":{\"@type\":\"PropertyValueSpecification\",\"valueRequired\":true,\"valueName\":\"search_term_string\"}}],\"inLanguage\":\"de\"},{\"@type\":\"Organization\",\"@id\":\"https:\/\/dev.eliassen.nl\/de\/#organization\",\"name\":\"Eliassen Home & Garden Pleasure\",\"url\":\"https:\/\/dev.eliassen.nl\/de\/\",\"logo\":{\"@type\":\"ImageObject\",\"inLanguage\":\"de\",\"@id\":\"https:\/\/dev.eliassen.nl\/de\/#\/schema\/logo\/image\/\",\"url\":\"https:\/\/www.eliassen.nl\/wp-content\/uploads\/2024\/01\/logo_4nd.jpg\",\"contentUrl\":\"https:\/\/www.eliassen.nl\/wp-content\/uploads\/2024\/01\/logo_4nd.jpg\",\"width\":500,\"height\":500,\"caption\":\"Eliassen Home & Garden Pleasure\"},\"image\":{\"@id\":\"https:\/\/dev.eliassen.nl\/de\/#\/schema\/logo\/image\/\"},\"sameAs\":[\"https:\/\/www.facebook.com\/TuincentrumEliassenAmmerzoden\",\"https:\/\/www.instagram.com\/eliassenhomeandgarden\/\",\"https:\/\/nl.pinterest.com\/eliassenhomeandgarden\/\",\"https:\/\/www.youtube.com\/@eliassenhomegardenpleasure4558\"]}]}<\/script>\n<!-- \/ Yoast SEO plugin. -->","yoast_head_json":{"title":"Dekoration World Granit 50cm","description":"Gartendekoration? Bei uns finden Sie viele Artikel, um Ihren Garten attraktiver zu gestalten. Schauen Sie in den Webshop oder kommen Sie zu uns ins Gesch\u00e4ft!!","robots":{"index":"noindex","follow":"follow","max-snippet":"max-snippet:-1","max-image-preview":"max-image-preview:large","max-video-preview":"max-video-preview:-1"},"og_locale":"de_DE","og_type":"article","og_title":"Dekoration World Granit 50cm","og_description":"Gartendekoration? Bei uns finden Sie viele Artikel, um Ihren Garten attraktiver zu gestalten. Schauen Sie in den Webshop oder kommen Sie zu uns ins Gesch\u00e4ft!!","og_url":"https:\/\/dev.eliassen.nl\/de\/dekokugel-world-granit-50cm\/","og_site_name":"Eliassen.nl","article_publisher":"https:\/\/www.facebook.com\/TuincentrumEliassenAmmerzoden","article_modified_time":"2024-12-05T15:05:45+00:00","og_image":[{"width":589,"height":559,"url":"https:\/\/dev.eliassen.nl\/wp-content\/uploads\/2024\/01\/mijnproject77.png","type":"image\/png"}],"twitter_card":"summary_large_image","schema":{"@context":"https:\/\/schema.org","@graph":[{"@type":"WebPage","@id":"https:\/\/dev.eliassen.nl\/de\/dekokugel-world-granit-50cm\/","url":"https:\/\/dev.eliassen.nl\/de\/dekokugel-world-granit-50cm\/","name":"Dekoration World Granit 50cm","isPartOf":{"@id":"https:\/\/dev.eliassen.nl\/de\/#website"},"primaryImageOfPage":{"@id":"https:\/\/dev.eliassen.nl\/de\/dekokugel-world-granit-50cm\/#primaryimage"},"image":{"@id":"https:\/\/dev.eliassen.nl\/de\/dekokugel-world-granit-50cm\/#primaryimage"},"thumbnailUrl":"https:\/\/dev.eliassen.nl\/wp-content\/uploads\/2024\/01\/mijnproject77.png","datePublished":"2022-07-05T11:52:54+00:00","dateModified":"2024-12-05T15:05:45+00:00","description":"Gartendekoration? Bei uns finden Sie viele Artikel, um Ihren Garten attraktiver zu gestalten. Schauen Sie in den Webshop oder kommen Sie zu uns ins Gesch\u00e4ft!!","breadcrumb":{"@id":"https:\/\/dev.eliassen.nl\/de\/dekokugel-world-granit-50cm\/#breadcrumb"},"inLanguage":"de","potentialAction":[{"@type":"ReadAction","target":["https:\/\/dev.eliassen.nl\/de\/dekokugel-world-granit-50cm\/"]}]},{"@type":"ImageObject","inLanguage":"de","@id":"https:\/\/dev.eliassen.nl\/de\/dekokugel-world-granit-50cm\/#primaryimage","url":"https:\/\/dev.eliassen.nl\/wp-content\/uploads\/2024\/01\/mijnproject77.png","contentUrl":"https:\/\/dev.eliassen.nl\/wp-content\/uploads\/2024\/01\/mijnproject77.png","width":589,"height":559,"caption":"Mijn project (77)"},{"@type":"BreadcrumbList","@id":"https:\/\/dev.eliassen.nl\/de\/dekokugel-world-granit-50cm\/#breadcrumb","itemListElement":[{"@type":"ListItem","position":1,"name":"Home","item":"https:\/\/dev.eliassen.nl\/de\/"},{"@type":"ListItem","position":2,"name":"Shop","item":"https:\/\/dev.eliassen.nl\/nl\/winkel\/"},{"@type":"ListItem","position":3,"name":"Weitere Artikel","item":"https:\/\/dev.eliassen.nl\/de\/weitere-artikel\/"},{"@type":"ListItem","position":4,"name":"Sonstig","item":"https:\/\/dev.eliassen.nl\/de\/garten-andere\/sonstig\/"},{"@type":"ListItem","position":5,"name":"Dekokugel World Granit 50cm"}]},{"@type":"WebSite","@id":"https:\/\/dev.eliassen.nl\/de\/#website","url":"https:\/\/dev.eliassen.nl\/de\/","name":"Eliassen Home & Garden Pleasure","description":"","publisher":{"@id":"https:\/\/dev.eliassen.nl\/de\/#organization"},"alternateName":"Eliassen.nl","potentialAction":[{"@type":"SearchAction","target":{"@type":"EntryPoint","urlTemplate":"https:\/\/dev.eliassen.nl\/de\/?s={search_term_string}"},"query-input":{"@type":"PropertyValueSpecification","valueRequired":true,"valueName":"search_term_string"}}],"inLanguage":"de"},{"@type":"Organization","@id":"https:\/\/dev.eliassen.nl\/de\/#organization","name":"Eliassen Home & Garden Pleasure","url":"https:\/\/dev.eliassen.nl\/de\/","logo":{"@type":"ImageObject","inLanguage":"de","@id":"https:\/\/dev.eliassen.nl\/de\/#\/schema\/logo\/image\/","url":"https:\/\/www.eliassen.nl\/wp-content\/uploads\/2024\/01\/logo_4nd.jpg","contentUrl":"https:\/\/www.eliassen.nl\/wp-content\/uploads\/2024\/01\/logo_4nd.jpg","width":500,"height":500,"caption":"Eliassen Home & Garden Pleasure"},"image":{"@id":"https:\/\/dev.eliassen.nl\/de\/#\/schema\/logo\/image\/"},"sameAs":["https:\/\/www.facebook.com\/TuincentrumEliassenAmmerzoden","https:\/\/www.instagram.com\/eliassenhomeandgarden\/","https:\/\/nl.pinterest.com\/eliassenhomeandgarden\/","https:\/\/www.youtube.com\/@eliassenhomegardenpleasure4558"]}]}},"df_price":599,"df_sale_price":599,"df_regular_price":950,"df_image_link":"https:\/\/dev.eliassen.nl\/wp-content\/uploads\/2024\/01\/mijnproject77.png","image":"https:\/\/dev.eliassen.nl\/wp-content\/uploads\/2024\/01\/mijnproject77.png","price_search":"<span class=\"woocommerce-Price-amount amount\"><bdi><span class=\"woocommerce-Price-currencySymbol\">&euro;<\/span>&nbsp;599,00<\/bdi><\/span>","category":"Sonstig","_links":{"self":[{"href":"https:\/\/dev.eliassen.nl\/de\/wp-json\/wp\/v2\/product\/73234","targetHints":{"allow":["GET"]}}],"collection":[{"href":"https:\/\/dev.eliassen.nl\/de\/wp-json\/wp\/v2\/product"}],"about":[{"href":"https:\/\/dev.eliassen.nl\/de\/wp-json\/wp\/v2\/types\/product"}],"wp:featuredmedia":[{"embeddable":true,"href":"https:\/\/dev.eliassen.nl\/de\/wp-json\/wp\/v2\/media\/73228"}],"wp:attachment":[{"href":"https:\/\/dev.eliassen.nl\/de\/wp-json\/wp\/v2\/media?parent=73234"}],"wp:term":[{"taxonomy":"product_brand","embeddable":true,"href":"https:\/\/dev.eliassen.nl\/de\/wp-json\/wp\/v2\/product_brand?post=73234"},{"taxonomy":"product_cat","embeddable":true,"href":"https:\/\/dev.eliassen.nl\/de\/wp-json\/wp\/v2\/product_cat?post=73234"},{"taxonomy":"product_tag","embeddable":true,"href":"https:\/\/dev.eliassen.nl\/de\/wp-json\/wp\/v2\/product_tag?post=73234"}],"curies":[{"name":"wp","href":"https:\/\/api.w.org\/{rel}","templated":true}]}}