{"id":73324,"date":"2022-07-15T09:48:39","date_gmt":"2022-07-15T07:48:39","guid":{"rendered":"https:\/\/www.eliassen.nl\/?product=waterbol-greenstone-50cm"},"modified":"2024-12-05T16:05:53","modified_gmt":"2024-12-05T15:05:53","slug":"wasserkugel-grunstein-50cm","status":"publish","type":"product","link":"https:\/\/dev.eliassen.nl\/de\/wasserkugel-grunstein-50cm\/","title":{"rendered":"Wasserkugel Gr\u00fcnstein 50cm"},"content":{"rendered":"<p><strong>Dies ist ein separates Ornament. Bitte erkundigen Sie sich nach weiteren ben\u00f6tigten Teilen.<\/strong><\/p>\n<p>Diese massiven Rauwasserb\u00e4lle aus Gr\u00fcnstein mit 50 cm Durchmesser sind ein wahres Schmuckst\u00fcck in Ihrem Garten oder in Ihrem Unternehmen. Das Wasser flie\u00dft auf subtile Weise \u00fcber den Ball, Sie h\u00f6ren leichte, pl\u00e4tschernde Wasserger\u00e4usche durch die raue Oberfl\u00e4che.<\/p>\n<p>Greenstone ist ein hellgr\u00fcner, nicht zu harter Lavastein mit einer por\u00f6sen Oberfl\u00e4che. Diese Oberfl\u00e4che sorgt daf\u00fcr, dass irgendwann Moos darauf w\u00e4chst. Nach l\u00e4ngerer Zeit besteht sogar die Chance, dass die gesamte Zwiebel mit Moos bedeckt ist und so eine sch\u00f6ne Einheit mit Ihrem \u00fcppigen Garten entsteht.<\/p>\n<p>F\u00fcr Beh\u00e4lter, Pumpen usw. siehe \u201eWasserspielteile\u201c.<\/p>\n<ul>\n<li>Gr\u00f6\u00dfe: ca. 50 cm Durchmesser<\/li>\n<li>Massiver Gr\u00fcnstein<\/li>\n<li>Ausgestattet mit einer 40-mm-Bohrung<\/li>\n<li>Sehr einzigartiges Design, nur bei uns erh\u00e4ltlich<\/li>\n<li>Gewicht<\/li>\n<li>Haben Sie Fragen zu diesem Artikel oder ben\u00f6tigen Sie Ratschl\u00e4ge zur Vervollst\u00e4ndigung dieses Modells? Rufen Sie uns einfach an oder schreiben Sie uns eine E-Mail.<\/li>\n<\/ul>\n","protected":false},"excerpt":{"rendered":"<p>Dies ist ein separates Ornament. Bitte erkundigen Sie sich nach weiteren ben\u00f6tigten Teilen.<\/p>\n","protected":false},"featured_media":73321,"template":"","meta":{"_acf_changed":false},"product_brand":[],"product_cat":[539,551,569,536],"product_tag":[],"class_list":{"0":"post-73324","1":"product","2":"type-product","3":"status-publish","4":"has-post-thumbnail","6":"product_cat-einzigartige-eigene-modelle-von-losen-wasserspiele","7":"product_cat-lose-wasserspiele","8":"product_cat-wasserbaelle","9":"product_cat-wassereigenschaften","11":"first","12":"instock","13":"taxable","14":"shipping-taxable","15":"purchasable","16":"product-type-simple"},"acf":[],"yoast_head":"<!-- This site is optimized with the Yoast SEO plugin v23.8 - https:\/\/yoast.com\/wordpress\/plugins\/seo\/ -->\n<title>Wasserkugel Gr\u00fcnstein 50cm<\/title>\n<meta name=\"description\" content=\"Wasserb\u00e4lle; Sehen Sie sie sich alle in unserem Webshop oder live in unserem Laden an!!\" \/>\n<meta name=\"robots\" content=\"noindex, follow, max-snippet:-1, max-image-preview:large, max-video-preview:-1\" \/>\n<meta property=\"og:locale\" content=\"de_DE\" \/>\n<meta property=\"og:type\" content=\"article\" \/>\n<meta property=\"og:title\" content=\"Wasserkugel Gr\u00fcnstein 50cm\" \/>\n<meta property=\"og:description\" content=\"Wasserb\u00e4lle; Sehen Sie sie sich alle in unserem Webshop oder live in unserem Laden an!!\" \/>\n<meta property=\"og:url\" content=\"https:\/\/dev.eliassen.nl\/de\/wasserkugel-grunstein-50cm\/\" \/>\n<meta property=\"og:site_name\" content=\"Eliassen.nl\" \/>\n<meta property=\"article:publisher\" content=\"https:\/\/www.facebook.com\/TuincentrumEliassenAmmerzoden\" \/>\n<meta property=\"article:modified_time\" content=\"2024-12-05T15:05:53+00:00\" \/>\n<meta property=\"og:image\" content=\"https:\/\/dev.eliassen.nl\/wp-content\/uploads\/2024\/01\/greenstoneball_2nd.jpg\" \/>\n\t<meta property=\"og:image:width\" content=\"1091\" \/>\n\t<meta property=\"og:image:height\" content=\"1063\" \/>\n\t<meta property=\"og:image:type\" content=\"image\/jpeg\" \/>\n<meta name=\"twitter:card\" content=\"summary_large_image\" \/>\n<script type=\"application\/ld+json\" class=\"yoast-schema-graph\">{\"@context\":\"https:\/\/schema.org\",\"@graph\":[{\"@type\":\"WebPage\",\"@id\":\"https:\/\/dev.eliassen.nl\/de\/wasserkugel-grunstein-50cm\/\",\"url\":\"https:\/\/dev.eliassen.nl\/de\/wasserkugel-grunstein-50cm\/\",\"name\":\"Wasserkugel Gr\u00fcnstein 50cm\",\"isPartOf\":{\"@id\":\"https:\/\/dev.eliassen.nl\/de\/#website\"},\"primaryImageOfPage\":{\"@id\":\"https:\/\/dev.eliassen.nl\/de\/wasserkugel-grunstein-50cm\/#primaryimage\"},\"image\":{\"@id\":\"https:\/\/dev.eliassen.nl\/de\/wasserkugel-grunstein-50cm\/#primaryimage\"},\"thumbnailUrl\":\"https:\/\/dev.eliassen.nl\/wp-content\/uploads\/2024\/01\/greenstoneball_2nd.jpg\",\"datePublished\":\"2022-07-15T07:48:39+00:00\",\"dateModified\":\"2024-12-05T15:05:53+00:00\",\"description\":\"Wasserb\u00e4lle; Sehen Sie sie sich alle in unserem Webshop oder live in unserem Laden an!!\",\"breadcrumb\":{\"@id\":\"https:\/\/dev.eliassen.nl\/de\/wasserkugel-grunstein-50cm\/#breadcrumb\"},\"inLanguage\":\"de\",\"potentialAction\":[{\"@type\":\"ReadAction\",\"target\":[\"https:\/\/dev.eliassen.nl\/de\/wasserkugel-grunstein-50cm\/\"]}]},{\"@type\":\"ImageObject\",\"inLanguage\":\"de\",\"@id\":\"https:\/\/dev.eliassen.nl\/de\/wasserkugel-grunstein-50cm\/#primaryimage\",\"url\":\"https:\/\/dev.eliassen.nl\/wp-content\/uploads\/2024\/01\/greenstoneball_2nd.jpg\",\"contentUrl\":\"https:\/\/dev.eliassen.nl\/wp-content\/uploads\/2024\/01\/greenstoneball_2nd.jpg\",\"width\":1091,\"height\":1063,\"caption\":\"greenstone ball\"},{\"@type\":\"BreadcrumbList\",\"@id\":\"https:\/\/dev.eliassen.nl\/de\/wasserkugel-grunstein-50cm\/#breadcrumb\",\"itemListElement\":[{\"@type\":\"ListItem\",\"position\":1,\"name\":\"Home\",\"item\":\"https:\/\/dev.eliassen.nl\/de\/\"},{\"@type\":\"ListItem\",\"position\":2,\"name\":\"Shop\",\"item\":\"https:\/\/dev.eliassen.nl\/nl\/winkel\/\"},{\"@type\":\"ListItem\",\"position\":3,\"name\":\"Wasserspiele\",\"item\":\"https:\/\/dev.eliassen.nl\/de\/wassereigenschaften\/\"},{\"@type\":\"ListItem\",\"position\":4,\"name\":\"Einzigartige eigene Modelle von losen Wasserspielen\",\"item\":\"https:\/\/dev.eliassen.nl\/de\/wassereigenschaften\/einzigartige-eigene-modelle-von-losen-wasserspiele\/\"},{\"@type\":\"ListItem\",\"position\":5,\"name\":\"Wasserkugel Gr\u00fcnstein 50cm\"}]},{\"@type\":\"WebSite\",\"@id\":\"https:\/\/dev.eliassen.nl\/de\/#website\",\"url\":\"https:\/\/dev.eliassen.nl\/de\/\",\"name\":\"Eliassen Home & Garden Pleasure\",\"description\":\"\",\"publisher\":{\"@id\":\"https:\/\/dev.eliassen.nl\/de\/#organization\"},\"alternateName\":\"Eliassen.nl\",\"potentialAction\":[{\"@type\":\"SearchAction\",\"target\":{\"@type\":\"EntryPoint\",\"urlTemplate\":\"https:\/\/dev.eliassen.nl\/de\/?s={search_term_string}\"},\"query-input\":{\"@type\":\"PropertyValueSpecification\",\"valueRequired\":true,\"valueName\":\"search_term_string\"}}],\"inLanguage\":\"de\"},{\"@type\":\"Organization\",\"@id\":\"https:\/\/dev.eliassen.nl\/de\/#organization\",\"name\":\"Eliassen Home & Garden Pleasure\",\"url\":\"https:\/\/dev.eliassen.nl\/de\/\",\"logo\":{\"@type\":\"ImageObject\",\"inLanguage\":\"de\",\"@id\":\"https:\/\/dev.eliassen.nl\/de\/#\/schema\/logo\/image\/\",\"url\":\"https:\/\/www.eliassen.nl\/wp-content\/uploads\/2024\/01\/logo_4nd.jpg\",\"contentUrl\":\"https:\/\/www.eliassen.nl\/wp-content\/uploads\/2024\/01\/logo_4nd.jpg\",\"width\":500,\"height\":500,\"caption\":\"Eliassen Home & Garden Pleasure\"},\"image\":{\"@id\":\"https:\/\/dev.eliassen.nl\/de\/#\/schema\/logo\/image\/\"},\"sameAs\":[\"https:\/\/www.facebook.com\/TuincentrumEliassenAmmerzoden\",\"https:\/\/www.instagram.com\/eliassenhomeandgarden\/\",\"https:\/\/nl.pinterest.com\/eliassenhomeandgarden\/\",\"https:\/\/www.youtube.com\/@eliassenhomegardenpleasure4558\"]}]}<\/script>\n<!-- \/ Yoast SEO plugin. -->","yoast_head_json":{"title":"Wasserkugel Gr\u00fcnstein 50cm","description":"Wasserb\u00e4lle; Sehen Sie sie sich alle in unserem Webshop oder live in unserem Laden an!!","robots":{"index":"noindex","follow":"follow","max-snippet":"max-snippet:-1","max-image-preview":"max-image-preview:large","max-video-preview":"max-video-preview:-1"},"og_locale":"de_DE","og_type":"article","og_title":"Wasserkugel Gr\u00fcnstein 50cm","og_description":"Wasserb\u00e4lle; Sehen Sie sie sich alle in unserem Webshop oder live in unserem Laden an!!","og_url":"https:\/\/dev.eliassen.nl\/de\/wasserkugel-grunstein-50cm\/","og_site_name":"Eliassen.nl","article_publisher":"https:\/\/www.facebook.com\/TuincentrumEliassenAmmerzoden","article_modified_time":"2024-12-05T15:05:53+00:00","og_image":[{"width":1091,"height":1063,"url":"https:\/\/dev.eliassen.nl\/wp-content\/uploads\/2024\/01\/greenstoneball_2nd.jpg","type":"image\/jpeg"}],"twitter_card":"summary_large_image","schema":{"@context":"https:\/\/schema.org","@graph":[{"@type":"WebPage","@id":"https:\/\/dev.eliassen.nl\/de\/wasserkugel-grunstein-50cm\/","url":"https:\/\/dev.eliassen.nl\/de\/wasserkugel-grunstein-50cm\/","name":"Wasserkugel Gr\u00fcnstein 50cm","isPartOf":{"@id":"https:\/\/dev.eliassen.nl\/de\/#website"},"primaryImageOfPage":{"@id":"https:\/\/dev.eliassen.nl\/de\/wasserkugel-grunstein-50cm\/#primaryimage"},"image":{"@id":"https:\/\/dev.eliassen.nl\/de\/wasserkugel-grunstein-50cm\/#primaryimage"},"thumbnailUrl":"https:\/\/dev.eliassen.nl\/wp-content\/uploads\/2024\/01\/greenstoneball_2nd.jpg","datePublished":"2022-07-15T07:48:39+00:00","dateModified":"2024-12-05T15:05:53+00:00","description":"Wasserb\u00e4lle; Sehen Sie sie sich alle in unserem Webshop oder live in unserem Laden an!!","breadcrumb":{"@id":"https:\/\/dev.eliassen.nl\/de\/wasserkugel-grunstein-50cm\/#breadcrumb"},"inLanguage":"de","potentialAction":[{"@type":"ReadAction","target":["https:\/\/dev.eliassen.nl\/de\/wasserkugel-grunstein-50cm\/"]}]},{"@type":"ImageObject","inLanguage":"de","@id":"https:\/\/dev.eliassen.nl\/de\/wasserkugel-grunstein-50cm\/#primaryimage","url":"https:\/\/dev.eliassen.nl\/wp-content\/uploads\/2024\/01\/greenstoneball_2nd.jpg","contentUrl":"https:\/\/dev.eliassen.nl\/wp-content\/uploads\/2024\/01\/greenstoneball_2nd.jpg","width":1091,"height":1063,"caption":"greenstone ball"},{"@type":"BreadcrumbList","@id":"https:\/\/dev.eliassen.nl\/de\/wasserkugel-grunstein-50cm\/#breadcrumb","itemListElement":[{"@type":"ListItem","position":1,"name":"Home","item":"https:\/\/dev.eliassen.nl\/de\/"},{"@type":"ListItem","position":2,"name":"Shop","item":"https:\/\/dev.eliassen.nl\/nl\/winkel\/"},{"@type":"ListItem","position":3,"name":"Wasserspiele","item":"https:\/\/dev.eliassen.nl\/de\/wassereigenschaften\/"},{"@type":"ListItem","position":4,"name":"Einzigartige eigene Modelle von losen Wasserspielen","item":"https:\/\/dev.eliassen.nl\/de\/wassereigenschaften\/einzigartige-eigene-modelle-von-losen-wasserspiele\/"},{"@type":"ListItem","position":5,"name":"Wasserkugel Gr\u00fcnstein 50cm"}]},{"@type":"WebSite","@id":"https:\/\/dev.eliassen.nl\/de\/#website","url":"https:\/\/dev.eliassen.nl\/de\/","name":"Eliassen Home & Garden Pleasure","description":"","publisher":{"@id":"https:\/\/dev.eliassen.nl\/de\/#organization"},"alternateName":"Eliassen.nl","potentialAction":[{"@type":"SearchAction","target":{"@type":"EntryPoint","urlTemplate":"https:\/\/dev.eliassen.nl\/de\/?s={search_term_string}"},"query-input":{"@type":"PropertyValueSpecification","valueRequired":true,"valueName":"search_term_string"}}],"inLanguage":"de"},{"@type":"Organization","@id":"https:\/\/dev.eliassen.nl\/de\/#organization","name":"Eliassen Home & Garden Pleasure","url":"https:\/\/dev.eliassen.nl\/de\/","logo":{"@type":"ImageObject","inLanguage":"de","@id":"https:\/\/dev.eliassen.nl\/de\/#\/schema\/logo\/image\/","url":"https:\/\/www.eliassen.nl\/wp-content\/uploads\/2024\/01\/logo_4nd.jpg","contentUrl":"https:\/\/www.eliassen.nl\/wp-content\/uploads\/2024\/01\/logo_4nd.jpg","width":500,"height":500,"caption":"Eliassen Home & Garden Pleasure"},"image":{"@id":"https:\/\/dev.eliassen.nl\/de\/#\/schema\/logo\/image\/"},"sameAs":["https:\/\/www.facebook.com\/TuincentrumEliassenAmmerzoden","https:\/\/www.instagram.com\/eliassenhomeandgarden\/","https:\/\/nl.pinterest.com\/eliassenhomeandgarden\/","https:\/\/www.youtube.com\/@eliassenhomegardenpleasure4558"]}]}},"df_price":315,"df_sale_price":"","df_regular_price":315,"df_image_link":"https:\/\/dev.eliassen.nl\/wp-content\/uploads\/2024\/01\/greenstoneball_2nd.jpg","image":"https:\/\/dev.eliassen.nl\/wp-content\/uploads\/2024\/01\/greenstoneball_2nd.jpg","price_search":"<span class=\"woocommerce-Price-amount amount\"><bdi><span class=\"woocommerce-Price-currencySymbol\">&euro;<\/span>&nbsp;315,00<\/bdi><\/span>","category":"Einzigartige eigene Modelle von losen Wasserspielen","_links":{"self":[{"href":"https:\/\/dev.eliassen.nl\/de\/wp-json\/wp\/v2\/product\/73324","targetHints":{"allow":["GET"]}}],"collection":[{"href":"https:\/\/dev.eliassen.nl\/de\/wp-json\/wp\/v2\/product"}],"about":[{"href":"https:\/\/dev.eliassen.nl\/de\/wp-json\/wp\/v2\/types\/product"}],"wp:featuredmedia":[{"embeddable":true,"href":"https:\/\/dev.eliassen.nl\/de\/wp-json\/wp\/v2\/media\/73321"}],"wp:attachment":[{"href":"https:\/\/dev.eliassen.nl\/de\/wp-json\/wp\/v2\/media?parent=73324"}],"wp:term":[{"taxonomy":"product_brand","embeddable":true,"href":"https:\/\/dev.eliassen.nl\/de\/wp-json\/wp\/v2\/product_brand?post=73324"},{"taxonomy":"product_cat","embeddable":true,"href":"https:\/\/dev.eliassen.nl\/de\/wp-json\/wp\/v2\/product_cat?post=73324"},{"taxonomy":"product_tag","embeddable":true,"href":"https:\/\/dev.eliassen.nl\/de\/wp-json\/wp\/v2\/product_tag?post=73324"}],"curies":[{"name":"wp","href":"https:\/\/api.w.org\/{rel}","templated":true}]}}