{"id":74179,"date":"2022-08-13T00:21:24","date_gmt":"2022-08-13T00:21:24","guid":{"rendered":"https:\/\/www.eliassen.nl\/?product=adezz-connect-cortenstaal-rechthoek-150x40x80cm"},"modified":"2024-01-15T09:22:26","modified_gmt":"2024-01-15T09:22:26","slug":"adezz-rechteckiger-blumenkasten-connect-cortenstahl-150x40x80cm","status":"publish","type":"product","link":"https:\/\/dev.eliassen.nl\/de\/adezz-rechteckiger-blumenkasten-connect-cortenstahl-150x40x80cm\/","title":{"rendered":"Adezz rechteckiger Blumenkasten Connect Cortenstahl 150X40X80cm"},"content":{"rendered":"<p style=\"font-weight: 400;\"><strong><span style=\"text-decoration: underline;\"><a href=\"https:\/\/cdn.adezz.com\/production\/ERP_handleidingen\/Productmodellen\/1387\/1446\/ADEZZ%20Andes%20Connect%20corten_NL.pdf\" target=\"_blank\" rel=\"noopener\">Handbuch<\/a><\/span> | <span style=\"text-decoration: underline;\"><a href=\"https:\/\/cdn.adezz.com\/production\/ERP_handleidingen\/Producten\/6766\/6713\/CAWC24.1%20Sheet%201.PDF\" target=\"_blank\" rel=\"noopener\">Skizzieren<\/a><\/span><\/strong><\/p>\n<p style=\"font-weight: 400;\"><strong><span style=\"text-decoration: underline;\"><a href=\"https:\/\/www.youtube.com\/watch?v=kVc9eaHgqKQ\" target=\"_blank\" rel=\"noopener\"><img decoding=\"async\" src=\"https:\/\/www.eliassen.nl\/wp-content\/uploads\/content\/youtube-play.png\" alt=\"\" width=\"27\" height=\"27\" \/>Schau video<\/a><\/span><\/strong><\/p>\n<p style=\"font-weight: 400;\">Der Adezz Connect 150x40x80cm ist das erste Selbstmontageprodukt, das wir anbieten. Das Pflanzgef\u00e4\u00df wird flach verpackt geliefert und kann selbst aufgebaut werden. Die Pflanzgef\u00e4\u00dfe sind in verschiedenen Gr\u00f6\u00dfen erh\u00e4ltlich. Die verf\u00fcgbaren Formen sind quadratisch und rechteckig.<\/p>\n<p style=\"font-weight: 400;\">Traditionell hergestellte Pflanzgef\u00e4\u00dfe aus Cortenstahl von Adezz sind aus unverw\u00fcstlichem Material mit einem warmen, nat\u00fcrlichen Look. Cortenstahl ist eine starke und witterungsbest\u00e4ndige Stahlsorte, die die Eigenschaft hat, sich an der Au\u00dfenluft nach 8-12 Monaten mit einer sch\u00fctzenden Rostschicht zu \u00fcberziehen. Wenn Sie Ihr Cortenstahl-Produkt einige Male mit Salzwasser bespr\u00fchen, beschleunigt dies den Rostprozess erheblich. Diese nat\u00fcrlich feste Rostschicht bildet den Schutz vor weiterer Korrosion.<\/p>\n<p style=\"font-weight: 400;\">Der obere Rand ist doppelt umgeformt und 4 cm breit, was diesem Beh\u00e4lter ein sch\u00f6nes zeitloses und robustes Aussehen verleiht. Gr\u00f6\u00dfere Beh\u00e4lter sind innen mit Cortenstahltr\u00e4gern versehen, damit sich die Fl\u00e4chen nicht ausbeulen.<\/p>\n<p style=\"font-weight: 400;\">Die Standardmaterialst\u00e4rke betr\u00e4gt 2 mm. Ein sehr starker vandalensicherer Blumenkasten mit einer Lebensdauer von Jahrzehnten.<\/p>\n<p style=\"font-weight: 400;\">Diese Pflanzgef\u00e4\u00dfe k\u00f6nnen auch in einer Sondergr\u00f6\u00dfe f\u00fcr Sie angefertigt werden!<\/p>\n<p style=\"font-weight: 400;\">Mail an: <a href=\"mailto:info@eliassen.nl\">info@eliassen.nl<\/a><\/p>\n<p style=\"font-weight: 400;\">Diese werden innerhalb der Niederlande kostenlos versendet. W\u00e4hlen Sie oben Ihre Gr\u00f6\u00dfe. Kommen Sie vorbei und schauen Sie sich in unserem Shop um, wir haben ein oder mehrere Ausstellungsmodelle dieser Serie.<\/p>\n<ul>\n<li style=\"font-weight: 400;\">2 mm Cortenstahl<\/li>\n<li style=\"font-weight: 400;\">Wird immer ohne Boden geliefert<\/li>\n<li style=\"font-weight: 400;\">5 Jahre Garantie<\/li>\n<li style=\"font-weight: 400;\">Kostenloser Versand innerhalb der Niederlande<\/li>\n<\/ul>\n","protected":false},"excerpt":{"rendered":"<p>Handbuch | Skizzieren Schau video Der Adezz Connect 150x40x80cm ist das erste Selbstmontageprodukt, das wir anbieten. Das Pflanzgef\u00e4\u00df wird flach verpackt geliefert und kann selbst aufgebaut werden. Die Pflanzgef\u00e4\u00dfe sind in verschiedenen Gr\u00f6\u00dfen erh\u00e4ltlich. Die verf\u00fcgbaren Formen sind quadratisch und rechteckig. Traditionell hergestellte Pflanzgef\u00e4\u00dfe aus Cortenstahl von Adezz sind aus unverw\u00fcstlichem Material mit einem warmen, &hellip;<\/p>\n","protected":false},"featured_media":74164,"template":"","meta":{"_acf_changed":false},"product_brand":[],"product_cat":[977,1343,773,722,1346,857],"product_tag":[],"class_list":{"0":"post-74179","1":"product","2":"type-product","3":"status-publish","4":"has-post-thumbnail","6":"product_cat-adezz-pflanzgefaesse-aus-cortenstahl","7":"product_cat-adezz-pflanzgefaesse-aus-cortenstahl-connect","8":"product_cat-adezz-produkte","9":"product_cat-blumentoepfe-und-pflanzgefaesse","10":"product_cat-connect","11":"product_cat-pflanzgefaesse-aus-cortenstahl","13":"first","14":"outofstock","15":"taxable","16":"shipping-taxable","17":"purchasable","18":"product-type-simple"},"acf":[],"yoast_head":"<!-- This site is optimized with the Yoast SEO plugin v23.8 - https:\/\/yoast.com\/wordpress\/plugins\/seo\/ -->\n<title>Adezz Connect Rechteck aus Cortenstahl 150X40X80cm<\/title>\n<meta name=\"robots\" content=\"noindex, follow, max-snippet:-1, max-image-preview:large, max-video-preview:-1\" \/>\n<meta property=\"og:locale\" content=\"de_DE\" \/>\n<meta property=\"og:type\" content=\"article\" \/>\n<meta property=\"og:title\" content=\"Adezz Connect Rechteck aus Cortenstahl 150X40X80cm\" \/>\n<meta property=\"og:description\" content=\"Handbuch | Skizzieren Schau video Der Adezz Connect 150x40x80cm ist das erste Selbstmontageprodukt, das wir anbieten. Das Pflanzgef\u00e4\u00df wird flach verpackt geliefert und kann selbst aufgebaut werden. Die Pflanzgef\u00e4\u00dfe sind in verschiedenen Gr\u00f6\u00dfen erh\u00e4ltlich. Die verf\u00fcgbaren Formen sind quadratisch und rechteckig. Traditionell hergestellte Pflanzgef\u00e4\u00dfe aus Cortenstahl von Adezz sind aus unverw\u00fcstlichem Material mit einem warmen, &hellip;\" \/>\n<meta property=\"og:url\" content=\"https:\/\/dev.eliassen.nl\/de\/adezz-rechteckiger-blumenkasten-connect-cortenstahl-150x40x80cm\/\" \/>\n<meta property=\"og:site_name\" content=\"Eliassen.nl\" \/>\n<meta property=\"article:publisher\" content=\"https:\/\/www.facebook.com\/TuincentrumEliassenAmmerzoden\" \/>\n<meta property=\"article:modified_time\" content=\"2024-01-15T09:22:26+00:00\" \/>\n<meta property=\"og:image\" content=\"https:\/\/dev.eliassen.nl\/wp-content\/uploads\/2024\/01\/cawc241.png\" \/>\n\t<meta property=\"og:image:width\" content=\"699\" \/>\n\t<meta property=\"og:image:height\" content=\"699\" \/>\n\t<meta property=\"og:image:type\" content=\"image\/png\" \/>\n<meta name=\"twitter:card\" content=\"summary_large_image\" \/>\n<script type=\"application\/ld+json\" class=\"yoast-schema-graph\">{\"@context\":\"https:\/\/schema.org\",\"@graph\":[{\"@type\":\"WebPage\",\"@id\":\"https:\/\/dev.eliassen.nl\/de\/adezz-rechteckiger-blumenkasten-connect-cortenstahl-150x40x80cm\/\",\"url\":\"https:\/\/dev.eliassen.nl\/de\/adezz-rechteckiger-blumenkasten-connect-cortenstahl-150x40x80cm\/\",\"name\":\"Adezz Connect Rechteck aus Cortenstahl 150X40X80cm\",\"isPartOf\":{\"@id\":\"https:\/\/dev.eliassen.nl\/de\/#website\"},\"primaryImageOfPage\":{\"@id\":\"https:\/\/dev.eliassen.nl\/de\/adezz-rechteckiger-blumenkasten-connect-cortenstahl-150x40x80cm\/#primaryimage\"},\"image\":{\"@id\":\"https:\/\/dev.eliassen.nl\/de\/adezz-rechteckiger-blumenkasten-connect-cortenstahl-150x40x80cm\/#primaryimage\"},\"thumbnailUrl\":\"https:\/\/dev.eliassen.nl\/wp-content\/uploads\/2024\/01\/cawc241.png\",\"datePublished\":\"2022-08-13T00:21:24+00:00\",\"dateModified\":\"2024-01-15T09:22:26+00:00\",\"breadcrumb\":{\"@id\":\"https:\/\/dev.eliassen.nl\/de\/adezz-rechteckiger-blumenkasten-connect-cortenstahl-150x40x80cm\/#breadcrumb\"},\"inLanguage\":\"de\",\"potentialAction\":[{\"@type\":\"ReadAction\",\"target\":[\"https:\/\/dev.eliassen.nl\/de\/adezz-rechteckiger-blumenkasten-connect-cortenstahl-150x40x80cm\/\"]}]},{\"@type\":\"ImageObject\",\"inLanguage\":\"de\",\"@id\":\"https:\/\/dev.eliassen.nl\/de\/adezz-rechteckiger-blumenkasten-connect-cortenstahl-150x40x80cm\/#primaryimage\",\"url\":\"https:\/\/dev.eliassen.nl\/wp-content\/uploads\/2024\/01\/cawc241.png\",\"contentUrl\":\"https:\/\/dev.eliassen.nl\/wp-content\/uploads\/2024\/01\/cawc241.png\",\"width\":699,\"height\":699,\"caption\":\"CAWC24.1\"},{\"@type\":\"BreadcrumbList\",\"@id\":\"https:\/\/dev.eliassen.nl\/de\/adezz-rechteckiger-blumenkasten-connect-cortenstahl-150x40x80cm\/#breadcrumb\",\"itemListElement\":[{\"@type\":\"ListItem\",\"position\":1,\"name\":\"Home\",\"item\":\"https:\/\/dev.eliassen.nl\/de\/\"},{\"@type\":\"ListItem\",\"position\":2,\"name\":\"Shop\",\"item\":\"https:\/\/dev.eliassen.nl\/nl\/winkel\/\"},{\"@type\":\"ListItem\",\"position\":3,\"name\":\"Adezz-Produkte\",\"item\":\"https:\/\/dev.eliassen.nl\/de\/adezz-produkte\/\"},{\"@type\":\"ListItem\",\"position\":4,\"name\":\"ADEZZ Pflanzgef\u00e4\u00dfe aus Cortenstahl\",\"item\":\"https:\/\/dev.eliassen.nl\/de\/adezz-produkte\/adezz-pflanzgefaesse-aus-cortenstahl\/\"},{\"@type\":\"ListItem\",\"position\":5,\"name\":\"ADEZZ Pflanzgef\u00e4\u00dfe aus Cortenstahl Connect\",\"item\":\"https:\/\/dev.eliassen.nl\/de\/adezz-produkte\/adezz-pflanzgefaesse-aus-cortenstahl\/adezz-pflanzgefaesse-aus-cortenstahl-connect\/\"},{\"@type\":\"ListItem\",\"position\":6,\"name\":\"Adezz rechteckiger Blumenkasten Connect Cortenstahl 150X40X80cm\"}]},{\"@type\":\"WebSite\",\"@id\":\"https:\/\/dev.eliassen.nl\/de\/#website\",\"url\":\"https:\/\/dev.eliassen.nl\/de\/\",\"name\":\"Eliassen Home & Garden Pleasure\",\"description\":\"\",\"publisher\":{\"@id\":\"https:\/\/dev.eliassen.nl\/de\/#organization\"},\"alternateName\":\"Eliassen.nl\",\"potentialAction\":[{\"@type\":\"SearchAction\",\"target\":{\"@type\":\"EntryPoint\",\"urlTemplate\":\"https:\/\/dev.eliassen.nl\/de\/?s={search_term_string}\"},\"query-input\":{\"@type\":\"PropertyValueSpecification\",\"valueRequired\":true,\"valueName\":\"search_term_string\"}}],\"inLanguage\":\"de\"},{\"@type\":\"Organization\",\"@id\":\"https:\/\/dev.eliassen.nl\/de\/#organization\",\"name\":\"Eliassen Home & Garden Pleasure\",\"url\":\"https:\/\/dev.eliassen.nl\/de\/\",\"logo\":{\"@type\":\"ImageObject\",\"inLanguage\":\"de\",\"@id\":\"https:\/\/dev.eliassen.nl\/de\/#\/schema\/logo\/image\/\",\"url\":\"https:\/\/www.eliassen.nl\/wp-content\/uploads\/2024\/01\/logo_4nd.jpg\",\"contentUrl\":\"https:\/\/www.eliassen.nl\/wp-content\/uploads\/2024\/01\/logo_4nd.jpg\",\"width\":500,\"height\":500,\"caption\":\"Eliassen Home & Garden Pleasure\"},\"image\":{\"@id\":\"https:\/\/dev.eliassen.nl\/de\/#\/schema\/logo\/image\/\"},\"sameAs\":[\"https:\/\/www.facebook.com\/TuincentrumEliassenAmmerzoden\",\"https:\/\/www.instagram.com\/eliassenhomeandgarden\/\",\"https:\/\/nl.pinterest.com\/eliassenhomeandgarden\/\",\"https:\/\/www.youtube.com\/@eliassenhomegardenpleasure4558\"]}]}<\/script>\n<!-- \/ Yoast SEO plugin. -->","yoast_head_json":{"title":"Adezz Connect Rechteck aus Cortenstahl 150X40X80cm","robots":{"index":"noindex","follow":"follow","max-snippet":"max-snippet:-1","max-image-preview":"max-image-preview:large","max-video-preview":"max-video-preview:-1"},"og_locale":"de_DE","og_type":"article","og_title":"Adezz Connect Rechteck aus Cortenstahl 150X40X80cm","og_description":"Handbuch | Skizzieren Schau video Der Adezz Connect 150x40x80cm ist das erste Selbstmontageprodukt, das wir anbieten. Das Pflanzgef\u00e4\u00df wird flach verpackt geliefert und kann selbst aufgebaut werden. Die Pflanzgef\u00e4\u00dfe sind in verschiedenen Gr\u00f6\u00dfen erh\u00e4ltlich. Die verf\u00fcgbaren Formen sind quadratisch und rechteckig. Traditionell hergestellte Pflanzgef\u00e4\u00dfe aus Cortenstahl von Adezz sind aus unverw\u00fcstlichem Material mit einem warmen, &hellip;","og_url":"https:\/\/dev.eliassen.nl\/de\/adezz-rechteckiger-blumenkasten-connect-cortenstahl-150x40x80cm\/","og_site_name":"Eliassen.nl","article_publisher":"https:\/\/www.facebook.com\/TuincentrumEliassenAmmerzoden","article_modified_time":"2024-01-15T09:22:26+00:00","og_image":[{"width":699,"height":699,"url":"https:\/\/dev.eliassen.nl\/wp-content\/uploads\/2024\/01\/cawc241.png","type":"image\/png"}],"twitter_card":"summary_large_image","schema":{"@context":"https:\/\/schema.org","@graph":[{"@type":"WebPage","@id":"https:\/\/dev.eliassen.nl\/de\/adezz-rechteckiger-blumenkasten-connect-cortenstahl-150x40x80cm\/","url":"https:\/\/dev.eliassen.nl\/de\/adezz-rechteckiger-blumenkasten-connect-cortenstahl-150x40x80cm\/","name":"Adezz Connect Rechteck aus Cortenstahl 150X40X80cm","isPartOf":{"@id":"https:\/\/dev.eliassen.nl\/de\/#website"},"primaryImageOfPage":{"@id":"https:\/\/dev.eliassen.nl\/de\/adezz-rechteckiger-blumenkasten-connect-cortenstahl-150x40x80cm\/#primaryimage"},"image":{"@id":"https:\/\/dev.eliassen.nl\/de\/adezz-rechteckiger-blumenkasten-connect-cortenstahl-150x40x80cm\/#primaryimage"},"thumbnailUrl":"https:\/\/dev.eliassen.nl\/wp-content\/uploads\/2024\/01\/cawc241.png","datePublished":"2022-08-13T00:21:24+00:00","dateModified":"2024-01-15T09:22:26+00:00","breadcrumb":{"@id":"https:\/\/dev.eliassen.nl\/de\/adezz-rechteckiger-blumenkasten-connect-cortenstahl-150x40x80cm\/#breadcrumb"},"inLanguage":"de","potentialAction":[{"@type":"ReadAction","target":["https:\/\/dev.eliassen.nl\/de\/adezz-rechteckiger-blumenkasten-connect-cortenstahl-150x40x80cm\/"]}]},{"@type":"ImageObject","inLanguage":"de","@id":"https:\/\/dev.eliassen.nl\/de\/adezz-rechteckiger-blumenkasten-connect-cortenstahl-150x40x80cm\/#primaryimage","url":"https:\/\/dev.eliassen.nl\/wp-content\/uploads\/2024\/01\/cawc241.png","contentUrl":"https:\/\/dev.eliassen.nl\/wp-content\/uploads\/2024\/01\/cawc241.png","width":699,"height":699,"caption":"CAWC24.1"},{"@type":"BreadcrumbList","@id":"https:\/\/dev.eliassen.nl\/de\/adezz-rechteckiger-blumenkasten-connect-cortenstahl-150x40x80cm\/#breadcrumb","itemListElement":[{"@type":"ListItem","position":1,"name":"Home","item":"https:\/\/dev.eliassen.nl\/de\/"},{"@type":"ListItem","position":2,"name":"Shop","item":"https:\/\/dev.eliassen.nl\/nl\/winkel\/"},{"@type":"ListItem","position":3,"name":"Adezz-Produkte","item":"https:\/\/dev.eliassen.nl\/de\/adezz-produkte\/"},{"@type":"ListItem","position":4,"name":"ADEZZ Pflanzgef\u00e4\u00dfe aus Cortenstahl","item":"https:\/\/dev.eliassen.nl\/de\/adezz-produkte\/adezz-pflanzgefaesse-aus-cortenstahl\/"},{"@type":"ListItem","position":5,"name":"ADEZZ Pflanzgef\u00e4\u00dfe aus Cortenstahl Connect","item":"https:\/\/dev.eliassen.nl\/de\/adezz-produkte\/adezz-pflanzgefaesse-aus-cortenstahl\/adezz-pflanzgefaesse-aus-cortenstahl-connect\/"},{"@type":"ListItem","position":6,"name":"Adezz rechteckiger Blumenkasten Connect Cortenstahl 150X40X80cm"}]},{"@type":"WebSite","@id":"https:\/\/dev.eliassen.nl\/de\/#website","url":"https:\/\/dev.eliassen.nl\/de\/","name":"Eliassen Home & Garden Pleasure","description":"","publisher":{"@id":"https:\/\/dev.eliassen.nl\/de\/#organization"},"alternateName":"Eliassen.nl","potentialAction":[{"@type":"SearchAction","target":{"@type":"EntryPoint","urlTemplate":"https:\/\/dev.eliassen.nl\/de\/?s={search_term_string}"},"query-input":{"@type":"PropertyValueSpecification","valueRequired":true,"valueName":"search_term_string"}}],"inLanguage":"de"},{"@type":"Organization","@id":"https:\/\/dev.eliassen.nl\/de\/#organization","name":"Eliassen Home & Garden Pleasure","url":"https:\/\/dev.eliassen.nl\/de\/","logo":{"@type":"ImageObject","inLanguage":"de","@id":"https:\/\/dev.eliassen.nl\/de\/#\/schema\/logo\/image\/","url":"https:\/\/www.eliassen.nl\/wp-content\/uploads\/2024\/01\/logo_4nd.jpg","contentUrl":"https:\/\/www.eliassen.nl\/wp-content\/uploads\/2024\/01\/logo_4nd.jpg","width":500,"height":500,"caption":"Eliassen Home & Garden Pleasure"},"image":{"@id":"https:\/\/dev.eliassen.nl\/de\/#\/schema\/logo\/image\/"},"sameAs":["https:\/\/www.facebook.com\/TuincentrumEliassenAmmerzoden","https:\/\/www.instagram.com\/eliassenhomeandgarden\/","https:\/\/nl.pinterest.com\/eliassenhomeandgarden\/","https:\/\/www.youtube.com\/@eliassenhomegardenpleasure4558"]}]}},"df_price":350,"df_sale_price":"","df_regular_price":350,"df_image_link":"https:\/\/dev.eliassen.nl\/wp-content\/uploads\/2024\/01\/cawc241.png","image":"https:\/\/dev.eliassen.nl\/wp-content\/uploads\/2024\/01\/cawc241.png","price_search":"<span class=\"woocommerce-Price-amount amount\"><bdi><span class=\"woocommerce-Price-currencySymbol\">&euro;<\/span>&nbsp;350,00<\/bdi><\/span>","category":"ADEZZ Pflanzgef\u00e4\u00dfe aus Cortenstahl","_links":{"self":[{"href":"https:\/\/dev.eliassen.nl\/de\/wp-json\/wp\/v2\/product\/74179","targetHints":{"allow":["GET"]}}],"collection":[{"href":"https:\/\/dev.eliassen.nl\/de\/wp-json\/wp\/v2\/product"}],"about":[{"href":"https:\/\/dev.eliassen.nl\/de\/wp-json\/wp\/v2\/types\/product"}],"wp:featuredmedia":[{"embeddable":true,"href":"https:\/\/dev.eliassen.nl\/de\/wp-json\/wp\/v2\/media\/74164"}],"wp:attachment":[{"href":"https:\/\/dev.eliassen.nl\/de\/wp-json\/wp\/v2\/media?parent=74179"}],"wp:term":[{"taxonomy":"product_brand","embeddable":true,"href":"https:\/\/dev.eliassen.nl\/de\/wp-json\/wp\/v2\/product_brand?post=74179"},{"taxonomy":"product_cat","embeddable":true,"href":"https:\/\/dev.eliassen.nl\/de\/wp-json\/wp\/v2\/product_cat?post=74179"},{"taxonomy":"product_tag","embeddable":true,"href":"https:\/\/dev.eliassen.nl\/de\/wp-json\/wp\/v2\/product_tag?post=74179"}],"curies":[{"name":"wp","href":"https:\/\/api.w.org\/{rel}","templated":true}]}}