{"id":74449,"date":"2022-08-19T09:51:48","date_gmt":"2022-08-19T07:51:48","guid":{"rendered":"https:\/\/www.eliassen.nl\/?product=terrasfontein-vrouw-met-rok-donkergrijs100cm"},"modified":"2024-12-05T16:06:47","modified_gmt":"2024-12-05T15:06:47","slug":"terrassenbrunnen-frau-mit-rock-dunkelgrau-100cm","status":"publish","type":"product","link":"https:\/\/dev.eliassen.nl\/de\/terrassenbrunnen-frau-mit-rock-dunkelgrau-100cm\/","title":{"rendered":"Terrassenbrunnen Frau mit Rock dunkelgrau 100cm"},"content":{"rendered":"<p><video controls=\"controls\" width=\"300\" height=\"150\"><source src=\"https:\/\/cdn.webshopapp.com\/shops\/289658\/files\/410956900\/fontein-vrouw-met-rok-donkergrijs.mov\" \/><\/video><video controls=\"controls\" width=\"300\" height=\"150\"><source src=\"https:\/\/cdn.webshopapp.com\/shops\/289658\/files\/417153966\/eliassen-terrasfontein-vrouw-met-rok-donkergrijs10.mp4\" type=\"video\/mp4\" \/><\/video><br \/>Ein stabiler Terrassenbrunnen mit einer Frauenstatue, der \u00fcberall platziert werden kann. Hergestellt aus starkem und farbechtem Polyresin. Sie k\u00f6nnen dieses Modell \u00fcberall aufstellen, da dieses Modell autark ist, da sich der Wasservorrat im Boden des Brunnens befindet.<\/p>\n<p>Nutzen Sie diesen Brunnen gerne drinnen oder im B\u00fcro und genie\u00dfen Sie das beruhigende Ger\u00e4usch pl\u00e4tschernden Wassers, w\u00e4hrend gleichzeitig die Luftfeuchtigkeit f\u00fcr ein optimales Wohn- oder Arbeitsklima erh\u00f6ht wird.<\/p>\n<p>Bei diesem Modell l\u00e4uft das Wasser rundherum vom \u201eRock\u201c ab.<\/p>\n<ul>\n<li>Gr\u00f6\u00dfe: 44x35x100cm hoch<\/li>\n<li>Farbe: dunkelgrau<\/li>\n<li>Material: Polyresin<\/li>\n<li>Mit 2 LED-Leuchten<\/li>\n<li>Nicht bemaltes Modell, das Material selbst hat diese Farbe<\/li>\n<li>Ausgestattet mit Pumpe, Kabel 10 Meter lang<\/li>\n<li>Garantie 1 Jahr, ausgenommen Pumpendurchbrennen aufgrund von Trockenlauf<\/li>\n<li>Bei diesem Modell ist der Wasserlauf rundherum<\/li>\n<li>Nirgendwo anders zu verkaufen, eigenes Modell<\/li>\n<\/ul>\n","protected":false},"excerpt":{"rendered":"<p>Einzigartiges Wasserspielmodell, bei dem das Wasser rundherum vom \u201eRock\u201c abl\u00e4uft.<\/p>\n","protected":false},"featured_media":74431,"template":"","meta":{"_acf_changed":false},"product_brand":[6916],"product_cat":[596,539,599,548,536,542,581,602],"product_tag":[],"class_list":{"0":"post-74449","1":"product","2":"type-product","3":"status-publish","4":"has-post-thumbnail","6":"product_brand-eliassen-de","7":"product_cat-auslass-fuer-wasserspiele","8":"product_cat-einzigartige-eigene-modelle-von-losen-wasserspiele","9":"product_cat-guenstige-wasserspiele","10":"product_cat-terrassenbrunnen","11":"product_cat-wassereigenschaften","12":"product_cat-wasserspiele-am-ausgang","13":"product_cat-wasserspiele-aus-kunststoff","14":"product_cat-zimmerbrunnen","16":"first","17":"instock","18":"taxable","19":"shipping-taxable","20":"purchasable","21":"product-type-simple"},"acf":[],"yoast_head":"<!-- This site is optimized with the Yoast SEO plugin v23.8 - https:\/\/yoast.com\/wordpress\/plugins\/seo\/ -->\n<title>Terrasfontein Frau mit Rock dunkelgrau100cm<\/title>\n<meta name=\"description\" content=\"Brunnen und Wasserspiele? Sehen Sie sich unser riesiges Sortiment in unserem Webshop an oder kommen Sie zu uns ins Gesch\u00e4ft!\" \/>\n<meta name=\"robots\" content=\"noindex, follow, max-snippet:-1, max-image-preview:large, max-video-preview:-1\" \/>\n<meta property=\"og:locale\" content=\"de_DE\" \/>\n<meta property=\"og:type\" content=\"article\" \/>\n<meta property=\"og:title\" content=\"Terrasfontein Frau mit Rock dunkelgrau100cm\" \/>\n<meta property=\"og:description\" content=\"Brunnen und Wasserspiele? Sehen Sie sich unser riesiges Sortiment in unserem Webshop an oder kommen Sie zu uns ins Gesch\u00e4ft!\" \/>\n<meta property=\"og:url\" content=\"https:\/\/dev.eliassen.nl\/de\/terrassenbrunnen-frau-mit-rock-dunkelgrau-100cm\/\" \/>\n<meta property=\"og:site_name\" content=\"Eliassen.nl\" \/>\n<meta property=\"article:publisher\" content=\"https:\/\/www.facebook.com\/TuincentrumEliassenAmmerzoden\" \/>\n<meta property=\"article:modified_time\" content=\"2024-12-05T15:06:47+00:00\" \/>\n<meta property=\"og:image\" content=\"https:\/\/dev.eliassen.nl\/wp-content\/uploads\/2024\/01\/vrouwmetrokdonkergrijs.jpg\" \/>\n\t<meta property=\"og:image:width\" content=\"659\" \/>\n\t<meta property=\"og:image:height\" content=\"982\" \/>\n\t<meta property=\"og:image:type\" content=\"image\/jpeg\" \/>\n<meta name=\"twitter:card\" content=\"summary_large_image\" \/>\n<script type=\"application\/ld+json\" class=\"yoast-schema-graph\">{\"@context\":\"https:\/\/schema.org\",\"@graph\":[{\"@type\":\"WebPage\",\"@id\":\"https:\/\/dev.eliassen.nl\/de\/terrassenbrunnen-frau-mit-rock-dunkelgrau-100cm\/\",\"url\":\"https:\/\/dev.eliassen.nl\/de\/terrassenbrunnen-frau-mit-rock-dunkelgrau-100cm\/\",\"name\":\"Terrasfontein Frau mit Rock dunkelgrau100cm\",\"isPartOf\":{\"@id\":\"https:\/\/dev.eliassen.nl\/de\/#website\"},\"primaryImageOfPage\":{\"@id\":\"https:\/\/dev.eliassen.nl\/de\/terrassenbrunnen-frau-mit-rock-dunkelgrau-100cm\/#primaryimage\"},\"image\":{\"@id\":\"https:\/\/dev.eliassen.nl\/de\/terrassenbrunnen-frau-mit-rock-dunkelgrau-100cm\/#primaryimage\"},\"thumbnailUrl\":\"https:\/\/dev.eliassen.nl\/wp-content\/uploads\/2024\/01\/vrouwmetrokdonkergrijs.jpg\",\"datePublished\":\"2022-08-19T07:51:48+00:00\",\"dateModified\":\"2024-12-05T15:06:47+00:00\",\"description\":\"Brunnen und Wasserspiele? Sehen Sie sich unser riesiges Sortiment in unserem Webshop an oder kommen Sie zu uns ins Gesch\u00e4ft!\",\"breadcrumb\":{\"@id\":\"https:\/\/dev.eliassen.nl\/de\/terrassenbrunnen-frau-mit-rock-dunkelgrau-100cm\/#breadcrumb\"},\"inLanguage\":\"de\",\"potentialAction\":[{\"@type\":\"ReadAction\",\"target\":[\"https:\/\/dev.eliassen.nl\/de\/terrassenbrunnen-frau-mit-rock-dunkelgrau-100cm\/\"]}]},{\"@type\":\"ImageObject\",\"inLanguage\":\"de\",\"@id\":\"https:\/\/dev.eliassen.nl\/de\/terrassenbrunnen-frau-mit-rock-dunkelgrau-100cm\/#primaryimage\",\"url\":\"https:\/\/dev.eliassen.nl\/wp-content\/uploads\/2024\/01\/vrouwmetrokdonkergrijs.jpg\",\"contentUrl\":\"https:\/\/dev.eliassen.nl\/wp-content\/uploads\/2024\/01\/vrouwmetrokdonkergrijs.jpg\",\"width\":659,\"height\":982,\"caption\":\"vrouw met rok donkergrijs\"},{\"@type\":\"BreadcrumbList\",\"@id\":\"https:\/\/dev.eliassen.nl\/de\/terrassenbrunnen-frau-mit-rock-dunkelgrau-100cm\/#breadcrumb\",\"itemListElement\":[{\"@type\":\"ListItem\",\"position\":1,\"name\":\"Home\",\"item\":\"https:\/\/dev.eliassen.nl\/de\/\"},{\"@type\":\"ListItem\",\"position\":2,\"name\":\"Shop\",\"item\":\"https:\/\/dev.eliassen.nl\/nl\/winkel\/\"},{\"@type\":\"ListItem\",\"position\":3,\"name\":\"Wasserspiele\",\"item\":\"https:\/\/dev.eliassen.nl\/de\/wassereigenschaften\/\"},{\"@type\":\"ListItem\",\"position\":4,\"name\":\"Auslass f\u00fcr Wasserspiele\",\"item\":\"https:\/\/dev.eliassen.nl\/de\/wassereigenschaften\/auslass-fuer-wasserspiele\/\"},{\"@type\":\"ListItem\",\"position\":5,\"name\":\"Terrassenbrunnen Frau mit Rock dunkelgrau 100cm\"}]},{\"@type\":\"WebSite\",\"@id\":\"https:\/\/dev.eliassen.nl\/de\/#website\",\"url\":\"https:\/\/dev.eliassen.nl\/de\/\",\"name\":\"Eliassen Home & Garden Pleasure\",\"description\":\"\",\"publisher\":{\"@id\":\"https:\/\/dev.eliassen.nl\/de\/#organization\"},\"alternateName\":\"Eliassen.nl\",\"potentialAction\":[{\"@type\":\"SearchAction\",\"target\":{\"@type\":\"EntryPoint\",\"urlTemplate\":\"https:\/\/dev.eliassen.nl\/de\/?s={search_term_string}\"},\"query-input\":{\"@type\":\"PropertyValueSpecification\",\"valueRequired\":true,\"valueName\":\"search_term_string\"}}],\"inLanguage\":\"de\"},{\"@type\":\"Organization\",\"@id\":\"https:\/\/dev.eliassen.nl\/de\/#organization\",\"name\":\"Eliassen Home & Garden Pleasure\",\"url\":\"https:\/\/dev.eliassen.nl\/de\/\",\"logo\":{\"@type\":\"ImageObject\",\"inLanguage\":\"de\",\"@id\":\"https:\/\/dev.eliassen.nl\/de\/#\/schema\/logo\/image\/\",\"url\":\"https:\/\/www.eliassen.nl\/wp-content\/uploads\/2024\/01\/logo_4nd.jpg\",\"contentUrl\":\"https:\/\/www.eliassen.nl\/wp-content\/uploads\/2024\/01\/logo_4nd.jpg\",\"width\":500,\"height\":500,\"caption\":\"Eliassen Home & Garden Pleasure\"},\"image\":{\"@id\":\"https:\/\/dev.eliassen.nl\/de\/#\/schema\/logo\/image\/\"},\"sameAs\":[\"https:\/\/www.facebook.com\/TuincentrumEliassenAmmerzoden\",\"https:\/\/www.instagram.com\/eliassenhomeandgarden\/\",\"https:\/\/nl.pinterest.com\/eliassenhomeandgarden\/\",\"https:\/\/www.youtube.com\/@eliassenhomegardenpleasure4558\"]}]}<\/script>\n<!-- \/ Yoast SEO plugin. -->","yoast_head_json":{"title":"Terrasfontein Frau mit Rock dunkelgrau100cm","description":"Brunnen und Wasserspiele? Sehen Sie sich unser riesiges Sortiment in unserem Webshop an oder kommen Sie zu uns ins Gesch\u00e4ft!","robots":{"index":"noindex","follow":"follow","max-snippet":"max-snippet:-1","max-image-preview":"max-image-preview:large","max-video-preview":"max-video-preview:-1"},"og_locale":"de_DE","og_type":"article","og_title":"Terrasfontein Frau mit Rock dunkelgrau100cm","og_description":"Brunnen und Wasserspiele? Sehen Sie sich unser riesiges Sortiment in unserem Webshop an oder kommen Sie zu uns ins Gesch\u00e4ft!","og_url":"https:\/\/dev.eliassen.nl\/de\/terrassenbrunnen-frau-mit-rock-dunkelgrau-100cm\/","og_site_name":"Eliassen.nl","article_publisher":"https:\/\/www.facebook.com\/TuincentrumEliassenAmmerzoden","article_modified_time":"2024-12-05T15:06:47+00:00","og_image":[{"width":659,"height":982,"url":"https:\/\/dev.eliassen.nl\/wp-content\/uploads\/2024\/01\/vrouwmetrokdonkergrijs.jpg","type":"image\/jpeg"}],"twitter_card":"summary_large_image","schema":{"@context":"https:\/\/schema.org","@graph":[{"@type":"WebPage","@id":"https:\/\/dev.eliassen.nl\/de\/terrassenbrunnen-frau-mit-rock-dunkelgrau-100cm\/","url":"https:\/\/dev.eliassen.nl\/de\/terrassenbrunnen-frau-mit-rock-dunkelgrau-100cm\/","name":"Terrasfontein Frau mit Rock dunkelgrau100cm","isPartOf":{"@id":"https:\/\/dev.eliassen.nl\/de\/#website"},"primaryImageOfPage":{"@id":"https:\/\/dev.eliassen.nl\/de\/terrassenbrunnen-frau-mit-rock-dunkelgrau-100cm\/#primaryimage"},"image":{"@id":"https:\/\/dev.eliassen.nl\/de\/terrassenbrunnen-frau-mit-rock-dunkelgrau-100cm\/#primaryimage"},"thumbnailUrl":"https:\/\/dev.eliassen.nl\/wp-content\/uploads\/2024\/01\/vrouwmetrokdonkergrijs.jpg","datePublished":"2022-08-19T07:51:48+00:00","dateModified":"2024-12-05T15:06:47+00:00","description":"Brunnen und Wasserspiele? Sehen Sie sich unser riesiges Sortiment in unserem Webshop an oder kommen Sie zu uns ins Gesch\u00e4ft!","breadcrumb":{"@id":"https:\/\/dev.eliassen.nl\/de\/terrassenbrunnen-frau-mit-rock-dunkelgrau-100cm\/#breadcrumb"},"inLanguage":"de","potentialAction":[{"@type":"ReadAction","target":["https:\/\/dev.eliassen.nl\/de\/terrassenbrunnen-frau-mit-rock-dunkelgrau-100cm\/"]}]},{"@type":"ImageObject","inLanguage":"de","@id":"https:\/\/dev.eliassen.nl\/de\/terrassenbrunnen-frau-mit-rock-dunkelgrau-100cm\/#primaryimage","url":"https:\/\/dev.eliassen.nl\/wp-content\/uploads\/2024\/01\/vrouwmetrokdonkergrijs.jpg","contentUrl":"https:\/\/dev.eliassen.nl\/wp-content\/uploads\/2024\/01\/vrouwmetrokdonkergrijs.jpg","width":659,"height":982,"caption":"vrouw met rok donkergrijs"},{"@type":"BreadcrumbList","@id":"https:\/\/dev.eliassen.nl\/de\/terrassenbrunnen-frau-mit-rock-dunkelgrau-100cm\/#breadcrumb","itemListElement":[{"@type":"ListItem","position":1,"name":"Home","item":"https:\/\/dev.eliassen.nl\/de\/"},{"@type":"ListItem","position":2,"name":"Shop","item":"https:\/\/dev.eliassen.nl\/nl\/winkel\/"},{"@type":"ListItem","position":3,"name":"Wasserspiele","item":"https:\/\/dev.eliassen.nl\/de\/wassereigenschaften\/"},{"@type":"ListItem","position":4,"name":"Auslass f\u00fcr Wasserspiele","item":"https:\/\/dev.eliassen.nl\/de\/wassereigenschaften\/auslass-fuer-wasserspiele\/"},{"@type":"ListItem","position":5,"name":"Terrassenbrunnen Frau mit Rock dunkelgrau 100cm"}]},{"@type":"WebSite","@id":"https:\/\/dev.eliassen.nl\/de\/#website","url":"https:\/\/dev.eliassen.nl\/de\/","name":"Eliassen Home & Garden Pleasure","description":"","publisher":{"@id":"https:\/\/dev.eliassen.nl\/de\/#organization"},"alternateName":"Eliassen.nl","potentialAction":[{"@type":"SearchAction","target":{"@type":"EntryPoint","urlTemplate":"https:\/\/dev.eliassen.nl\/de\/?s={search_term_string}"},"query-input":{"@type":"PropertyValueSpecification","valueRequired":true,"valueName":"search_term_string"}}],"inLanguage":"de"},{"@type":"Organization","@id":"https:\/\/dev.eliassen.nl\/de\/#organization","name":"Eliassen Home & Garden Pleasure","url":"https:\/\/dev.eliassen.nl\/de\/","logo":{"@type":"ImageObject","inLanguage":"de","@id":"https:\/\/dev.eliassen.nl\/de\/#\/schema\/logo\/image\/","url":"https:\/\/www.eliassen.nl\/wp-content\/uploads\/2024\/01\/logo_4nd.jpg","contentUrl":"https:\/\/www.eliassen.nl\/wp-content\/uploads\/2024\/01\/logo_4nd.jpg","width":500,"height":500,"caption":"Eliassen Home & Garden Pleasure"},"image":{"@id":"https:\/\/dev.eliassen.nl\/de\/#\/schema\/logo\/image\/"},"sameAs":["https:\/\/www.facebook.com\/TuincentrumEliassenAmmerzoden","https:\/\/www.instagram.com\/eliassenhomeandgarden\/","https:\/\/nl.pinterest.com\/eliassenhomeandgarden\/","https:\/\/www.youtube.com\/@eliassenhomegardenpleasure4558"]}]}},"df_price":259,"df_sale_price":"","df_regular_price":259,"df_image_link":"https:\/\/dev.eliassen.nl\/wp-content\/uploads\/2024\/01\/vrouwmetrokdonkergrijs.jpg","image":"https:\/\/dev.eliassen.nl\/wp-content\/uploads\/2024\/01\/vrouwmetrokdonkergrijs.jpg","price_search":"<span class=\"woocommerce-Price-amount amount\"><bdi><span class=\"woocommerce-Price-currencySymbol\">&euro;<\/span>&nbsp;259,00<\/bdi><\/span>","category":"Auslass f\u00fcr Wasserspiele","_links":{"self":[{"href":"https:\/\/dev.eliassen.nl\/de\/wp-json\/wp\/v2\/product\/74449","targetHints":{"allow":["GET"]}}],"collection":[{"href":"https:\/\/dev.eliassen.nl\/de\/wp-json\/wp\/v2\/product"}],"about":[{"href":"https:\/\/dev.eliassen.nl\/de\/wp-json\/wp\/v2\/types\/product"}],"wp:featuredmedia":[{"embeddable":true,"href":"https:\/\/dev.eliassen.nl\/de\/wp-json\/wp\/v2\/media\/74431"}],"wp:attachment":[{"href":"https:\/\/dev.eliassen.nl\/de\/wp-json\/wp\/v2\/media?parent=74449"}],"wp:term":[{"taxonomy":"product_brand","embeddable":true,"href":"https:\/\/dev.eliassen.nl\/de\/wp-json\/wp\/v2\/product_brand?post=74449"},{"taxonomy":"product_cat","embeddable":true,"href":"https:\/\/dev.eliassen.nl\/de\/wp-json\/wp\/v2\/product_cat?post=74449"},{"taxonomy":"product_tag","embeddable":true,"href":"https:\/\/dev.eliassen.nl\/de\/wp-json\/wp\/v2\/product_tag?post=74449"}],"curies":[{"name":"wp","href":"https:\/\/api.w.org\/{rel}","templated":true}]}}