{"id":74521,"date":"2022-09-05T15:27:52","date_gmt":"2022-09-05T13:27:52","guid":{"rendered":"https:\/\/www.eliassen.nl\/?product=beeld-brons-dikke-dame-op-een-been"},"modified":"2024-12-05T16:06:54","modified_gmt":"2024-12-05T15:06:54","slug":"bronzestatue-fette-dame-auf-einem-bein","status":"publish","type":"product","link":"https:\/\/dev.eliassen.nl\/de\/bronzestatue-fette-dame-auf-einem-bein\/","title":{"rendered":"Bronzestatue Fette Dame auf einem Bein"},"content":{"rendered":"<p>Wundersch\u00f6n gestaltete Bronzestatue mit einer dicken Dame auf kleinem Fu\u00df, aus Bronze mit einem Mindestkupfergehalt von 75%.<\/p>\n<p>Sch\u00f6n, um Ihr Zuhause oder Gesch\u00e4ft zu versch\u00f6nern, aber auch ein sch\u00f6nes Geschenk f\u00fcr ein Jubil\u00e4um oder einen Geburtstag.<\/p>\n<p>Vergessen Sie nicht, unseren Laden zu besuchen, wir haben die gr\u00f6\u00dfte Sammlung von Bronzestatuen in den Niederlanden!<\/p>\n<ul>\n<li>Gr\u00f6\u00dfe: 20 x 53 cm hoch<\/li>\n<li>Garantie: 20 Jahre.<\/li>\n<li>Schnelle Lieferung.<\/li>\n<li>Ausstellungsraum mit mindestens 400 Bronzegegenst\u00e4nden.<\/li>\n<\/ul>\n","protected":false},"excerpt":{"rendered":"<p>Wundersch\u00f6n gestaltete Bronzestatue mit einer dicken Dame auf kleinem Fu\u00df, aus Bronze mit einem Mindestkupfergehalt von 75%. Sch\u00f6n, um Ihr Zuhause oder Gesch\u00e4ft zu versch\u00f6nern, aber auch ein sch\u00f6nes Geschenk f\u00fcr ein Jubil\u00e4um oder einen Geburtstag. Vergessen Sie nicht, unseren Laden zu besuchen, wir haben die gr\u00f6\u00dfte Sammlung von Bronzestatuen in den Niederlanden! Gr\u00f6\u00dfe: 20 &hellip;<\/p>\n","protected":false},"featured_media":74512,"template":"","meta":{"_acf_changed":false},"product_brand":[],"product_cat":[632,613,7239],"product_tag":[],"class_list":{"0":"post-74521","1":"product","2":"type-product","3":"status-publish","4":"has-post-thumbnail","6":"product_cat-bilder-von-dicken-frauen","7":"product_cat-bronzestatuen","8":"product_cat-statuen-skulpturen","10":"first","11":"instock","12":"taxable","13":"shipping-taxable","14":"purchasable","15":"product-type-simple"},"acf":[],"yoast_head":"<!-- This site is optimized with the Yoast SEO plugin v23.8 - https:\/\/yoast.com\/wordpress\/plugins\/seo\/ -->\n<title>Bronzestatue Fette Dame auf einem Bein<\/title>\n<meta name=\"description\" content=\"Auf der Suche nach einer Bronzestatue? Eliassen bietet Ihnen eine gro\u00dfe Auswahl an Bronzestatuen. Gro\u00dfer Showroom und online schnelle Lieferzeiten.\" \/>\n<meta name=\"robots\" content=\"noindex, follow, max-snippet:-1, max-image-preview:large, max-video-preview:-1\" \/>\n<meta property=\"og:locale\" content=\"de_DE\" \/>\n<meta property=\"og:type\" content=\"article\" \/>\n<meta property=\"og:title\" content=\"Bronzestatue Fette Dame auf einem Bein\" \/>\n<meta property=\"og:description\" content=\"Auf der Suche nach einer Bronzestatue? Eliassen bietet Ihnen eine gro\u00dfe Auswahl an Bronzestatuen. Gro\u00dfer Showroom und online schnelle Lieferzeiten.\" \/>\n<meta property=\"og:url\" content=\"https:\/\/dev.eliassen.nl\/de\/bronzestatue-fette-dame-auf-einem-bein\/\" \/>\n<meta property=\"og:site_name\" content=\"Eliassen.nl\" \/>\n<meta property=\"article:publisher\" content=\"https:\/\/www.facebook.com\/TuincentrumEliassenAmmerzoden\" \/>\n<meta property=\"article:modified_time\" content=\"2024-12-05T15:06:54+00:00\" \/>\n<meta property=\"og:image\" content=\"https:\/\/dev.eliassen.nl\/wp-content\/uploads\/2024\/01\/mijnproject_194nd.png\" \/>\n\t<meta property=\"og:image:width\" content=\"563\" \/>\n\t<meta property=\"og:image:height\" content=\"1000\" \/>\n\t<meta property=\"og:image:type\" content=\"image\/png\" \/>\n<meta name=\"twitter:card\" content=\"summary_large_image\" \/>\n<script type=\"application\/ld+json\" class=\"yoast-schema-graph\">{\"@context\":\"https:\/\/schema.org\",\"@graph\":[{\"@type\":\"WebPage\",\"@id\":\"https:\/\/dev.eliassen.nl\/de\/bronzestatue-fette-dame-auf-einem-bein\/\",\"url\":\"https:\/\/dev.eliassen.nl\/de\/bronzestatue-fette-dame-auf-einem-bein\/\",\"name\":\"Bronzestatue Fette Dame auf einem Bein\",\"isPartOf\":{\"@id\":\"https:\/\/dev.eliassen.nl\/de\/#website\"},\"primaryImageOfPage\":{\"@id\":\"https:\/\/dev.eliassen.nl\/de\/bronzestatue-fette-dame-auf-einem-bein\/#primaryimage\"},\"image\":{\"@id\":\"https:\/\/dev.eliassen.nl\/de\/bronzestatue-fette-dame-auf-einem-bein\/#primaryimage\"},\"thumbnailUrl\":\"https:\/\/dev.eliassen.nl\/wp-content\/uploads\/2024\/01\/mijnproject_194nd.png\",\"datePublished\":\"2022-09-05T13:27:52+00:00\",\"dateModified\":\"2024-12-05T15:06:54+00:00\",\"description\":\"Auf der Suche nach einer Bronzestatue? Eliassen bietet Ihnen eine gro\u00dfe Auswahl an Bronzestatuen. Gro\u00dfer Showroom und online schnelle Lieferzeiten.\",\"breadcrumb\":{\"@id\":\"https:\/\/dev.eliassen.nl\/de\/bronzestatue-fette-dame-auf-einem-bein\/#breadcrumb\"},\"inLanguage\":\"de\",\"potentialAction\":[{\"@type\":\"ReadAction\",\"target\":[\"https:\/\/dev.eliassen.nl\/de\/bronzestatue-fette-dame-auf-einem-bein\/\"]}]},{\"@type\":\"ImageObject\",\"inLanguage\":\"de\",\"@id\":\"https:\/\/dev.eliassen.nl\/de\/bronzestatue-fette-dame-auf-einem-bein\/#primaryimage\",\"url\":\"https:\/\/dev.eliassen.nl\/wp-content\/uploads\/2024\/01\/mijnproject_194nd.png\",\"contentUrl\":\"https:\/\/dev.eliassen.nl\/wp-content\/uploads\/2024\/01\/mijnproject_194nd.png\",\"width\":563,\"height\":1000,\"caption\":\"Mijn project\"},{\"@type\":\"BreadcrumbList\",\"@id\":\"https:\/\/dev.eliassen.nl\/de\/bronzestatue-fette-dame-auf-einem-bein\/#breadcrumb\",\"itemListElement\":[{\"@type\":\"ListItem\",\"position\":1,\"name\":\"Home\",\"item\":\"https:\/\/dev.eliassen.nl\/de\/\"},{\"@type\":\"ListItem\",\"position\":2,\"name\":\"Shop\",\"item\":\"https:\/\/dev.eliassen.nl\/nl\/winkel\/\"},{\"@type\":\"ListItem\",\"position\":3,\"name\":\"Bronzestatuen\",\"item\":\"https:\/\/dev.eliassen.nl\/de\/bilder\/bronzestatuen\/\"},{\"@type\":\"ListItem\",\"position\":4,\"name\":\"Bilder von dicken Frauen\",\"item\":\"https:\/\/dev.eliassen.nl\/de\/bilder\/bronzestatuen\/bilder-von-dicken-frauen\/\"},{\"@type\":\"ListItem\",\"position\":5,\"name\":\"Bronzestatue Fette Dame auf einem Bein\"}]},{\"@type\":\"WebSite\",\"@id\":\"https:\/\/dev.eliassen.nl\/de\/#website\",\"url\":\"https:\/\/dev.eliassen.nl\/de\/\",\"name\":\"Eliassen Home & Garden Pleasure\",\"description\":\"\",\"publisher\":{\"@id\":\"https:\/\/dev.eliassen.nl\/de\/#organization\"},\"alternateName\":\"Eliassen.nl\",\"potentialAction\":[{\"@type\":\"SearchAction\",\"target\":{\"@type\":\"EntryPoint\",\"urlTemplate\":\"https:\/\/dev.eliassen.nl\/de\/?s={search_term_string}\"},\"query-input\":{\"@type\":\"PropertyValueSpecification\",\"valueRequired\":true,\"valueName\":\"search_term_string\"}}],\"inLanguage\":\"de\"},{\"@type\":\"Organization\",\"@id\":\"https:\/\/dev.eliassen.nl\/de\/#organization\",\"name\":\"Eliassen Home & Garden Pleasure\",\"url\":\"https:\/\/dev.eliassen.nl\/de\/\",\"logo\":{\"@type\":\"ImageObject\",\"inLanguage\":\"de\",\"@id\":\"https:\/\/dev.eliassen.nl\/de\/#\/schema\/logo\/image\/\",\"url\":\"https:\/\/www.eliassen.nl\/wp-content\/uploads\/2024\/01\/logo_4nd.jpg\",\"contentUrl\":\"https:\/\/www.eliassen.nl\/wp-content\/uploads\/2024\/01\/logo_4nd.jpg\",\"width\":500,\"height\":500,\"caption\":\"Eliassen Home & Garden Pleasure\"},\"image\":{\"@id\":\"https:\/\/dev.eliassen.nl\/de\/#\/schema\/logo\/image\/\"},\"sameAs\":[\"https:\/\/www.facebook.com\/TuincentrumEliassenAmmerzoden\",\"https:\/\/www.instagram.com\/eliassenhomeandgarden\/\",\"https:\/\/nl.pinterest.com\/eliassenhomeandgarden\/\",\"https:\/\/www.youtube.com\/@eliassenhomegardenpleasure4558\"]}]}<\/script>\n<!-- \/ Yoast SEO plugin. -->","yoast_head_json":{"title":"Bronzestatue Fette Dame auf einem Bein","description":"Auf der Suche nach einer Bronzestatue? Eliassen bietet Ihnen eine gro\u00dfe Auswahl an Bronzestatuen. Gro\u00dfer Showroom und online schnelle Lieferzeiten.","robots":{"index":"noindex","follow":"follow","max-snippet":"max-snippet:-1","max-image-preview":"max-image-preview:large","max-video-preview":"max-video-preview:-1"},"og_locale":"de_DE","og_type":"article","og_title":"Bronzestatue Fette Dame auf einem Bein","og_description":"Auf der Suche nach einer Bronzestatue? Eliassen bietet Ihnen eine gro\u00dfe Auswahl an Bronzestatuen. Gro\u00dfer Showroom und online schnelle Lieferzeiten.","og_url":"https:\/\/dev.eliassen.nl\/de\/bronzestatue-fette-dame-auf-einem-bein\/","og_site_name":"Eliassen.nl","article_publisher":"https:\/\/www.facebook.com\/TuincentrumEliassenAmmerzoden","article_modified_time":"2024-12-05T15:06:54+00:00","og_image":[{"width":563,"height":1000,"url":"https:\/\/dev.eliassen.nl\/wp-content\/uploads\/2024\/01\/mijnproject_194nd.png","type":"image\/png"}],"twitter_card":"summary_large_image","schema":{"@context":"https:\/\/schema.org","@graph":[{"@type":"WebPage","@id":"https:\/\/dev.eliassen.nl\/de\/bronzestatue-fette-dame-auf-einem-bein\/","url":"https:\/\/dev.eliassen.nl\/de\/bronzestatue-fette-dame-auf-einem-bein\/","name":"Bronzestatue Fette Dame auf einem Bein","isPartOf":{"@id":"https:\/\/dev.eliassen.nl\/de\/#website"},"primaryImageOfPage":{"@id":"https:\/\/dev.eliassen.nl\/de\/bronzestatue-fette-dame-auf-einem-bein\/#primaryimage"},"image":{"@id":"https:\/\/dev.eliassen.nl\/de\/bronzestatue-fette-dame-auf-einem-bein\/#primaryimage"},"thumbnailUrl":"https:\/\/dev.eliassen.nl\/wp-content\/uploads\/2024\/01\/mijnproject_194nd.png","datePublished":"2022-09-05T13:27:52+00:00","dateModified":"2024-12-05T15:06:54+00:00","description":"Auf der Suche nach einer Bronzestatue? Eliassen bietet Ihnen eine gro\u00dfe Auswahl an Bronzestatuen. Gro\u00dfer Showroom und online schnelle Lieferzeiten.","breadcrumb":{"@id":"https:\/\/dev.eliassen.nl\/de\/bronzestatue-fette-dame-auf-einem-bein\/#breadcrumb"},"inLanguage":"de","potentialAction":[{"@type":"ReadAction","target":["https:\/\/dev.eliassen.nl\/de\/bronzestatue-fette-dame-auf-einem-bein\/"]}]},{"@type":"ImageObject","inLanguage":"de","@id":"https:\/\/dev.eliassen.nl\/de\/bronzestatue-fette-dame-auf-einem-bein\/#primaryimage","url":"https:\/\/dev.eliassen.nl\/wp-content\/uploads\/2024\/01\/mijnproject_194nd.png","contentUrl":"https:\/\/dev.eliassen.nl\/wp-content\/uploads\/2024\/01\/mijnproject_194nd.png","width":563,"height":1000,"caption":"Mijn project"},{"@type":"BreadcrumbList","@id":"https:\/\/dev.eliassen.nl\/de\/bronzestatue-fette-dame-auf-einem-bein\/#breadcrumb","itemListElement":[{"@type":"ListItem","position":1,"name":"Home","item":"https:\/\/dev.eliassen.nl\/de\/"},{"@type":"ListItem","position":2,"name":"Shop","item":"https:\/\/dev.eliassen.nl\/nl\/winkel\/"},{"@type":"ListItem","position":3,"name":"Bronzestatuen","item":"https:\/\/dev.eliassen.nl\/de\/bilder\/bronzestatuen\/"},{"@type":"ListItem","position":4,"name":"Bilder von dicken Frauen","item":"https:\/\/dev.eliassen.nl\/de\/bilder\/bronzestatuen\/bilder-von-dicken-frauen\/"},{"@type":"ListItem","position":5,"name":"Bronzestatue Fette Dame auf einem Bein"}]},{"@type":"WebSite","@id":"https:\/\/dev.eliassen.nl\/de\/#website","url":"https:\/\/dev.eliassen.nl\/de\/","name":"Eliassen Home & Garden Pleasure","description":"","publisher":{"@id":"https:\/\/dev.eliassen.nl\/de\/#organization"},"alternateName":"Eliassen.nl","potentialAction":[{"@type":"SearchAction","target":{"@type":"EntryPoint","urlTemplate":"https:\/\/dev.eliassen.nl\/de\/?s={search_term_string}"},"query-input":{"@type":"PropertyValueSpecification","valueRequired":true,"valueName":"search_term_string"}}],"inLanguage":"de"},{"@type":"Organization","@id":"https:\/\/dev.eliassen.nl\/de\/#organization","name":"Eliassen Home & Garden Pleasure","url":"https:\/\/dev.eliassen.nl\/de\/","logo":{"@type":"ImageObject","inLanguage":"de","@id":"https:\/\/dev.eliassen.nl\/de\/#\/schema\/logo\/image\/","url":"https:\/\/www.eliassen.nl\/wp-content\/uploads\/2024\/01\/logo_4nd.jpg","contentUrl":"https:\/\/www.eliassen.nl\/wp-content\/uploads\/2024\/01\/logo_4nd.jpg","width":500,"height":500,"caption":"Eliassen Home & Garden Pleasure"},"image":{"@id":"https:\/\/dev.eliassen.nl\/de\/#\/schema\/logo\/image\/"},"sameAs":["https:\/\/www.facebook.com\/TuincentrumEliassenAmmerzoden","https:\/\/www.instagram.com\/eliassenhomeandgarden\/","https:\/\/nl.pinterest.com\/eliassenhomeandgarden\/","https:\/\/www.youtube.com\/@eliassenhomegardenpleasure4558"]}]}},"df_price":165,"df_sale_price":"","df_regular_price":165,"df_image_link":"https:\/\/dev.eliassen.nl\/wp-content\/uploads\/2024\/01\/mijnproject_194nd.png","image":"https:\/\/dev.eliassen.nl\/wp-content\/uploads\/2024\/01\/mijnproject_194nd.png","price_search":"<span class=\"woocommerce-Price-amount amount\"><bdi><span class=\"woocommerce-Price-currencySymbol\">&euro;<\/span>&nbsp;165,00<\/bdi><\/span>","category":"Bilder von dicken Frauen","_links":{"self":[{"href":"https:\/\/dev.eliassen.nl\/de\/wp-json\/wp\/v2\/product\/74521","targetHints":{"allow":["GET"]}}],"collection":[{"href":"https:\/\/dev.eliassen.nl\/de\/wp-json\/wp\/v2\/product"}],"about":[{"href":"https:\/\/dev.eliassen.nl\/de\/wp-json\/wp\/v2\/types\/product"}],"wp:featuredmedia":[{"embeddable":true,"href":"https:\/\/dev.eliassen.nl\/de\/wp-json\/wp\/v2\/media\/74512"}],"wp:attachment":[{"href":"https:\/\/dev.eliassen.nl\/de\/wp-json\/wp\/v2\/media?parent=74521"}],"wp:term":[{"taxonomy":"product_brand","embeddable":true,"href":"https:\/\/dev.eliassen.nl\/de\/wp-json\/wp\/v2\/product_brand?post=74521"},{"taxonomy":"product_cat","embeddable":true,"href":"https:\/\/dev.eliassen.nl\/de\/wp-json\/wp\/v2\/product_cat?post=74521"},{"taxonomy":"product_tag","embeddable":true,"href":"https:\/\/dev.eliassen.nl\/de\/wp-json\/wp\/v2\/product_tag?post=74521"}],"curies":[{"name":"wp","href":"https:\/\/api.w.org\/{rel}","templated":true}]}}