{"id":74539,"date":"2022-09-05T15:56:57","date_gmt":"2022-09-05T13:56:57","guid":{"rendered":"https:\/\/www.eliassen.nl\/?product=muurdecoratie-2-flessen-wijn-4-glazen-85x70cm"},"modified":"2024-12-05T16:06:56","modified_gmt":"2024-12-05T15:06:56","slug":"wanddekoration-2-flaschen-wein-4-glaser-85x70cm","status":"publish","type":"product","link":"https:\/\/dev.eliassen.nl\/de\/wanddekoration-2-flaschen-wein-4-glaser-85x70cm\/","title":{"rendered":"Wanddekoration 2 Flaschen Wein + 4 Gl\u00e4ser 85x70cm"},"content":{"rendered":"<p>Wenn Sie nach einer einzigartigen und beeindruckenden Dekoration f\u00fcr Ihr Zuhause oder B\u00fcro suchen, ist unsere Wanddekoration mit 2 Flaschen Wein und 4 Gl\u00e4sern genau das Richtige f\u00fcr Sie. Diese dreidimensionale Metallarbeit besteht aus Flaschen und Gl\u00e4sern und ist vollst\u00e4ndig von Hand gefertigt. Die Farben wechseln sich ab und verleihen der Arbeit ein elegantes Aussehen. Da diese Arbeit vollst\u00e4ndig von Hand gefertigt wird, ist jedes St\u00fcck ein Unikat und das Endprodukt wird immer leicht von den Fotos abweichen.<\/p>\n<p>Diese dreidimensionale Wanddekoration aus Metall mit Weinflaschen und Weingl\u00e4sern in anmutigen Formen schm\u00fcckt jedes Wohnzimmer, jede K\u00fcche oder jeden Arbeitsplatz. Dieser stimmungsvolle und zeitlose Wandschmuck ist ein echter Hingucker.<\/p>\n<ul>\n<li>Gr\u00f6\u00dfe: 85 cm breit x 4 cm dick x 70 cm hoch<\/li>\n<li>Material: Metall<\/li>\n<li>Farbe: Verschiedene<\/li>\n<li>Einfach mit Schrauben aufzuh\u00e4ngen<\/li>\n<li>Schnell geliefert<\/li>\n<li>Gr\u00f6\u00dfte Sammlung in den Benelux-L\u00e4ndern, die auch live betrachtet werden kann.<\/li>\n<li>1 Jahr Garantie<\/li>\n<\/ul>\n","protected":false},"excerpt":{"rendered":"<p>Wenn Sie nach einer einzigartigen und beeindruckenden Dekoration f\u00fcr Ihr Zuhause oder B\u00fcro suchen, ist unsere Wanddekoration mit 2 Flaschen Wein und 4 Gl\u00e4sern genau das Richtige f\u00fcr Sie. Diese dreidimensionale Metallarbeit besteht aus Flaschen und Gl\u00e4sern und ist vollst\u00e4ndig von Hand gefertigt. Die Farben wechseln sich ab und verleihen der Arbeit ein elegantes Aussehen. &hellip;<\/p>\n","protected":false},"featured_media":74533,"template":"","meta":{"_acf_changed":false},"product_brand":[],"product_cat":[512,509],"product_tag":[],"class_list":{"0":"post-74539","1":"product","2":"type-product","3":"status-publish","4":"has-post-thumbnail","6":"product_cat-3d-wanddekoration-ohne-rahmen","7":"product_cat-wanddekoration","9":"first","10":"instock","11":"sale","12":"taxable","13":"shipping-taxable","14":"purchasable","15":"product-type-simple"},"acf":[],"yoast_head":"<!-- This site is optimized with the Yoast SEO plugin v23.8 - https:\/\/yoast.com\/wordpress\/plugins\/seo\/ -->\n<title>Wanddekoration 2 Flaschen Wein + 4 Gl\u00e4ser 85x70cm<\/title>\n<meta name=\"description\" content=\"M\u00f6chten Sie eine Wanddekoration aus Metall kaufen? Sehen Sie sich diese Wanddekoration Weinflaschen und viele andere auf unserer Website oder im Showroom an....\" \/>\n<meta name=\"robots\" content=\"noindex, follow, max-snippet:-1, max-image-preview:large, max-video-preview:-1\" \/>\n<meta property=\"og:locale\" content=\"de_DE\" \/>\n<meta property=\"og:type\" content=\"article\" \/>\n<meta property=\"og:title\" content=\"Wanddekoration 2 Flaschen Wein + 4 Gl\u00e4ser 85x70cm\" \/>\n<meta property=\"og:description\" content=\"M\u00f6chten Sie eine Wanddekoration aus Metall kaufen? Sehen Sie sich diese Wanddekoration Weinflaschen und viele andere auf unserer Website oder im Showroom an....\" \/>\n<meta property=\"og:url\" content=\"https:\/\/dev.eliassen.nl\/de\/wanddekoration-2-flaschen-wein-4-glaser-85x70cm\/\" \/>\n<meta property=\"og:site_name\" content=\"Eliassen.nl\" \/>\n<meta property=\"article:publisher\" content=\"https:\/\/www.facebook.com\/TuincentrumEliassenAmmerzoden\" \/>\n<meta property=\"article:modified_time\" content=\"2024-12-05T15:06:56+00:00\" \/>\n<meta property=\"og:image\" content=\"https:\/\/dev.eliassen.nl\/wp-content\/uploads\/2024\/01\/1298.jpg\" \/>\n\t<meta property=\"og:image:width\" content=\"2048\" \/>\n\t<meta property=\"og:image:height\" content=\"1700\" \/>\n\t<meta property=\"og:image:type\" content=\"image\/jpeg\" \/>\n<meta name=\"twitter:card\" content=\"summary_large_image\" \/>\n<script type=\"application\/ld+json\" class=\"yoast-schema-graph\">{\"@context\":\"https:\/\/schema.org\",\"@graph\":[{\"@type\":\"WebPage\",\"@id\":\"https:\/\/dev.eliassen.nl\/de\/wanddekoration-2-flaschen-wein-4-glaser-85x70cm\/\",\"url\":\"https:\/\/dev.eliassen.nl\/de\/wanddekoration-2-flaschen-wein-4-glaser-85x70cm\/\",\"name\":\"Wanddekoration 2 Flaschen Wein + 4 Gl\u00e4ser 85x70cm\",\"isPartOf\":{\"@id\":\"https:\/\/dev.eliassen.nl\/de\/#website\"},\"primaryImageOfPage\":{\"@id\":\"https:\/\/dev.eliassen.nl\/de\/wanddekoration-2-flaschen-wein-4-glaser-85x70cm\/#primaryimage\"},\"image\":{\"@id\":\"https:\/\/dev.eliassen.nl\/de\/wanddekoration-2-flaschen-wein-4-glaser-85x70cm\/#primaryimage\"},\"thumbnailUrl\":\"https:\/\/dev.eliassen.nl\/wp-content\/uploads\/2024\/01\/1298.jpg\",\"datePublished\":\"2022-09-05T13:56:57+00:00\",\"dateModified\":\"2024-12-05T15:06:56+00:00\",\"description\":\"M\u00f6chten Sie eine Wanddekoration aus Metall kaufen? Sehen Sie sich diese Wanddekoration Weinflaschen und viele andere auf unserer Website oder im Showroom an....\",\"breadcrumb\":{\"@id\":\"https:\/\/dev.eliassen.nl\/de\/wanddekoration-2-flaschen-wein-4-glaser-85x70cm\/#breadcrumb\"},\"inLanguage\":\"de\",\"potentialAction\":[{\"@type\":\"ReadAction\",\"target\":[\"https:\/\/dev.eliassen.nl\/de\/wanddekoration-2-flaschen-wein-4-glaser-85x70cm\/\"]}]},{\"@type\":\"ImageObject\",\"inLanguage\":\"de\",\"@id\":\"https:\/\/dev.eliassen.nl\/de\/wanddekoration-2-flaschen-wein-4-glaser-85x70cm\/#primaryimage\",\"url\":\"https:\/\/dev.eliassen.nl\/wp-content\/uploads\/2024\/01\/1298.jpg\",\"contentUrl\":\"https:\/\/dev.eliassen.nl\/wp-content\/uploads\/2024\/01\/1298.jpg\",\"width\":2048,\"height\":1700,\"caption\":\"1298\"},{\"@type\":\"BreadcrumbList\",\"@id\":\"https:\/\/dev.eliassen.nl\/de\/wanddekoration-2-flaschen-wein-4-glaser-85x70cm\/#breadcrumb\",\"itemListElement\":[{\"@type\":\"ListItem\",\"position\":1,\"name\":\"Home\",\"item\":\"https:\/\/dev.eliassen.nl\/de\/\"},{\"@type\":\"ListItem\",\"position\":2,\"name\":\"Shop\",\"item\":\"https:\/\/dev.eliassen.nl\/nl\/winkel\/\"},{\"@type\":\"ListItem\",\"position\":3,\"name\":\"Wanddekoration\",\"item\":\"https:\/\/dev.eliassen.nl\/de\/wanddekoration\/\"},{\"@type\":\"ListItem\",\"position\":4,\"name\":\"3D-Wanddekoration ohne Rahmen\",\"item\":\"https:\/\/dev.eliassen.nl\/de\/wanddekoration\/3d-wanddekoration-ohne-rahmen\/\"},{\"@type\":\"ListItem\",\"position\":5,\"name\":\"Wanddekoration 2 Flaschen Wein + 4 Gl\u00e4ser 85x70cm\"}]},{\"@type\":\"WebSite\",\"@id\":\"https:\/\/dev.eliassen.nl\/de\/#website\",\"url\":\"https:\/\/dev.eliassen.nl\/de\/\",\"name\":\"Eliassen Home & Garden Pleasure\",\"description\":\"\",\"publisher\":{\"@id\":\"https:\/\/dev.eliassen.nl\/de\/#organization\"},\"alternateName\":\"Eliassen.nl\",\"potentialAction\":[{\"@type\":\"SearchAction\",\"target\":{\"@type\":\"EntryPoint\",\"urlTemplate\":\"https:\/\/dev.eliassen.nl\/de\/?s={search_term_string}\"},\"query-input\":{\"@type\":\"PropertyValueSpecification\",\"valueRequired\":true,\"valueName\":\"search_term_string\"}}],\"inLanguage\":\"de\"},{\"@type\":\"Organization\",\"@id\":\"https:\/\/dev.eliassen.nl\/de\/#organization\",\"name\":\"Eliassen Home & Garden Pleasure\",\"url\":\"https:\/\/dev.eliassen.nl\/de\/\",\"logo\":{\"@type\":\"ImageObject\",\"inLanguage\":\"de\",\"@id\":\"https:\/\/dev.eliassen.nl\/de\/#\/schema\/logo\/image\/\",\"url\":\"https:\/\/www.eliassen.nl\/wp-content\/uploads\/2024\/01\/logo_4nd.jpg\",\"contentUrl\":\"https:\/\/www.eliassen.nl\/wp-content\/uploads\/2024\/01\/logo_4nd.jpg\",\"width\":500,\"height\":500,\"caption\":\"Eliassen Home & Garden Pleasure\"},\"image\":{\"@id\":\"https:\/\/dev.eliassen.nl\/de\/#\/schema\/logo\/image\/\"},\"sameAs\":[\"https:\/\/www.facebook.com\/TuincentrumEliassenAmmerzoden\",\"https:\/\/www.instagram.com\/eliassenhomeandgarden\/\",\"https:\/\/nl.pinterest.com\/eliassenhomeandgarden\/\",\"https:\/\/www.youtube.com\/@eliassenhomegardenpleasure4558\"]}]}<\/script>\n<!-- \/ Yoast SEO plugin. -->","yoast_head_json":{"title":"Wanddekoration 2 Flaschen Wein + 4 Gl\u00e4ser 85x70cm","description":"M\u00f6chten Sie eine Wanddekoration aus Metall kaufen? Sehen Sie sich diese Wanddekoration Weinflaschen und viele andere auf unserer Website oder im Showroom an....","robots":{"index":"noindex","follow":"follow","max-snippet":"max-snippet:-1","max-image-preview":"max-image-preview:large","max-video-preview":"max-video-preview:-1"},"og_locale":"de_DE","og_type":"article","og_title":"Wanddekoration 2 Flaschen Wein + 4 Gl\u00e4ser 85x70cm","og_description":"M\u00f6chten Sie eine Wanddekoration aus Metall kaufen? Sehen Sie sich diese Wanddekoration Weinflaschen und viele andere auf unserer Website oder im Showroom an....","og_url":"https:\/\/dev.eliassen.nl\/de\/wanddekoration-2-flaschen-wein-4-glaser-85x70cm\/","og_site_name":"Eliassen.nl","article_publisher":"https:\/\/www.facebook.com\/TuincentrumEliassenAmmerzoden","article_modified_time":"2024-12-05T15:06:56+00:00","og_image":[{"width":2048,"height":1700,"url":"https:\/\/dev.eliassen.nl\/wp-content\/uploads\/2024\/01\/1298.jpg","type":"image\/jpeg"}],"twitter_card":"summary_large_image","schema":{"@context":"https:\/\/schema.org","@graph":[{"@type":"WebPage","@id":"https:\/\/dev.eliassen.nl\/de\/wanddekoration-2-flaschen-wein-4-glaser-85x70cm\/","url":"https:\/\/dev.eliassen.nl\/de\/wanddekoration-2-flaschen-wein-4-glaser-85x70cm\/","name":"Wanddekoration 2 Flaschen Wein + 4 Gl\u00e4ser 85x70cm","isPartOf":{"@id":"https:\/\/dev.eliassen.nl\/de\/#website"},"primaryImageOfPage":{"@id":"https:\/\/dev.eliassen.nl\/de\/wanddekoration-2-flaschen-wein-4-glaser-85x70cm\/#primaryimage"},"image":{"@id":"https:\/\/dev.eliassen.nl\/de\/wanddekoration-2-flaschen-wein-4-glaser-85x70cm\/#primaryimage"},"thumbnailUrl":"https:\/\/dev.eliassen.nl\/wp-content\/uploads\/2024\/01\/1298.jpg","datePublished":"2022-09-05T13:56:57+00:00","dateModified":"2024-12-05T15:06:56+00:00","description":"M\u00f6chten Sie eine Wanddekoration aus Metall kaufen? Sehen Sie sich diese Wanddekoration Weinflaschen und viele andere auf unserer Website oder im Showroom an....","breadcrumb":{"@id":"https:\/\/dev.eliassen.nl\/de\/wanddekoration-2-flaschen-wein-4-glaser-85x70cm\/#breadcrumb"},"inLanguage":"de","potentialAction":[{"@type":"ReadAction","target":["https:\/\/dev.eliassen.nl\/de\/wanddekoration-2-flaschen-wein-4-glaser-85x70cm\/"]}]},{"@type":"ImageObject","inLanguage":"de","@id":"https:\/\/dev.eliassen.nl\/de\/wanddekoration-2-flaschen-wein-4-glaser-85x70cm\/#primaryimage","url":"https:\/\/dev.eliassen.nl\/wp-content\/uploads\/2024\/01\/1298.jpg","contentUrl":"https:\/\/dev.eliassen.nl\/wp-content\/uploads\/2024\/01\/1298.jpg","width":2048,"height":1700,"caption":"1298"},{"@type":"BreadcrumbList","@id":"https:\/\/dev.eliassen.nl\/de\/wanddekoration-2-flaschen-wein-4-glaser-85x70cm\/#breadcrumb","itemListElement":[{"@type":"ListItem","position":1,"name":"Home","item":"https:\/\/dev.eliassen.nl\/de\/"},{"@type":"ListItem","position":2,"name":"Shop","item":"https:\/\/dev.eliassen.nl\/nl\/winkel\/"},{"@type":"ListItem","position":3,"name":"Wanddekoration","item":"https:\/\/dev.eliassen.nl\/de\/wanddekoration\/"},{"@type":"ListItem","position":4,"name":"3D-Wanddekoration ohne Rahmen","item":"https:\/\/dev.eliassen.nl\/de\/wanddekoration\/3d-wanddekoration-ohne-rahmen\/"},{"@type":"ListItem","position":5,"name":"Wanddekoration 2 Flaschen Wein + 4 Gl\u00e4ser 85x70cm"}]},{"@type":"WebSite","@id":"https:\/\/dev.eliassen.nl\/de\/#website","url":"https:\/\/dev.eliassen.nl\/de\/","name":"Eliassen Home & Garden Pleasure","description":"","publisher":{"@id":"https:\/\/dev.eliassen.nl\/de\/#organization"},"alternateName":"Eliassen.nl","potentialAction":[{"@type":"SearchAction","target":{"@type":"EntryPoint","urlTemplate":"https:\/\/dev.eliassen.nl\/de\/?s={search_term_string}"},"query-input":{"@type":"PropertyValueSpecification","valueRequired":true,"valueName":"search_term_string"}}],"inLanguage":"de"},{"@type":"Organization","@id":"https:\/\/dev.eliassen.nl\/de\/#organization","name":"Eliassen Home & Garden Pleasure","url":"https:\/\/dev.eliassen.nl\/de\/","logo":{"@type":"ImageObject","inLanguage":"de","@id":"https:\/\/dev.eliassen.nl\/de\/#\/schema\/logo\/image\/","url":"https:\/\/www.eliassen.nl\/wp-content\/uploads\/2024\/01\/logo_4nd.jpg","contentUrl":"https:\/\/www.eliassen.nl\/wp-content\/uploads\/2024\/01\/logo_4nd.jpg","width":500,"height":500,"caption":"Eliassen Home & Garden Pleasure"},"image":{"@id":"https:\/\/dev.eliassen.nl\/de\/#\/schema\/logo\/image\/"},"sameAs":["https:\/\/www.facebook.com\/TuincentrumEliassenAmmerzoden","https:\/\/www.instagram.com\/eliassenhomeandgarden\/","https:\/\/nl.pinterest.com\/eliassenhomeandgarden\/","https:\/\/www.youtube.com\/@eliassenhomegardenpleasure4558"]}]}},"df_price":80,"df_sale_price":80,"df_regular_price":94.5,"df_image_link":"https:\/\/dev.eliassen.nl\/wp-content\/uploads\/2024\/01\/1298.jpg","image":"https:\/\/dev.eliassen.nl\/wp-content\/uploads\/2024\/01\/1298.jpg","price_search":"<span class=\"woocommerce-Price-amount amount\"><bdi><span class=\"woocommerce-Price-currencySymbol\">&euro;<\/span>&nbsp;80,00<\/bdi><\/span>","category":"3D-Wanddekoration ohne Rahmen","_links":{"self":[{"href":"https:\/\/dev.eliassen.nl\/de\/wp-json\/wp\/v2\/product\/74539","targetHints":{"allow":["GET"]}}],"collection":[{"href":"https:\/\/dev.eliassen.nl\/de\/wp-json\/wp\/v2\/product"}],"about":[{"href":"https:\/\/dev.eliassen.nl\/de\/wp-json\/wp\/v2\/types\/product"}],"wp:featuredmedia":[{"embeddable":true,"href":"https:\/\/dev.eliassen.nl\/de\/wp-json\/wp\/v2\/media\/74533"}],"wp:attachment":[{"href":"https:\/\/dev.eliassen.nl\/de\/wp-json\/wp\/v2\/media?parent=74539"}],"wp:term":[{"taxonomy":"product_brand","embeddable":true,"href":"https:\/\/dev.eliassen.nl\/de\/wp-json\/wp\/v2\/product_brand?post=74539"},{"taxonomy":"product_cat","embeddable":true,"href":"https:\/\/dev.eliassen.nl\/de\/wp-json\/wp\/v2\/product_cat?post=74539"},{"taxonomy":"product_tag","embeddable":true,"href":"https:\/\/dev.eliassen.nl\/de\/wp-json\/wp\/v2\/product_tag?post=74539"}],"curies":[{"name":"wp","href":"https:\/\/api.w.org\/{rel}","templated":true}]}}