{"id":74866,"date":"2022-09-13T15:51:37","date_gmt":"2022-09-13T13:51:37","guid":{"rendered":"https:\/\/www.eliassen.nl\/?product=buitenklok-groot-rond-cheltenham-60cm-bruin"},"modified":"2025-03-30T23:51:28","modified_gmt":"2025-03-30T21:51:28","slug":"aussenuhr-gross-rund-cheltenham-60cm-braun","status":"publish","type":"product","link":"https:\/\/dev.eliassen.nl\/de\/aussenuhr-gross-rund-cheltenham-60cm-braun\/","title":{"rendered":"Au\u00dfenuhr gro\u00df rund Cheltenham 60cm braun"},"content":{"rendered":"<p>Ihr Garten oder Ihre Veranda wird mit diesem gro\u00dfen Modell einer wasserdichten runden Uhr f\u00fcr den Au\u00dfenbereich sicherlich sch\u00f6ner aussehen. Was gibt es Sch\u00f6neres, als eine Gartendeko h\u00e4ngen zu lassen, an der man sofort die Uhrzeit ablesen kann. Diese Gartenuhr ist auch praktisch; Schlie\u00dflich m\u00fcssen Sie nicht mehr mit schmutzigen H\u00e4nden auf Ihre Uhr schauen oder pr\u00fcfen, wie warm sie ist. Dieses Modell einer Outdoor-Uhr hat einen sch\u00f6nen breiten braunen Rahmen, ein Uhrwerk und elegante Zahlen und ist mit Acrylglas abgedeckt.<\/p>\n<p>Diese Gartenuhr ist resistent gegen Feuchtigkeit, sodass Sie dieses Wanduhrmodell auch in Ihrem Badezimmer aufh\u00e4ngen k\u00f6nnen.<\/p>\n<p><strong>H\u00e4ngen Sie diese Uhr nur im Freien unter einem Vordach auf, nicht im Regen oder im Wind!<\/strong><\/p>\n<ul>\n<li>Gr\u00f6\u00dfe: 60 cm Durchmesser, Dicke 8 cm<\/li>\n<li>Material: Polyresin<\/li>\n<li>Farbe braun<\/li>\n<li>Handfarbe: Schwarz<\/li>\n<li>Uhrwerk: Quarz<\/li>\n<li>Stromversorgung: 1x AA-Taschenlampe<\/li>\n<li>Verpackt in einer sch\u00f6nen Fensterbox<\/li>\n<li>Garantie: 2 Jahre<\/li>\n<\/ul>\n","protected":false},"excerpt":{"rendered":"<p>Sehr gro\u00dfe Gartenuhr von 60 cm<\/p>\n","protected":false},"featured_media":176893,"template":"","meta":{"_acf_changed":false},"product_brand":[],"product_cat":[524,509],"product_tag":[],"class_list":{"0":"post-74866","1":"product","2":"type-product","3":"status-publish","4":"has-post-thumbnail","6":"product_cat-outdoor-uhren","7":"product_cat-wanddekoration","9":"first","10":"outofstock","11":"taxable","12":"shipping-taxable","13":"purchasable","14":"product-type-simple"},"acf":[],"yoast_head":"<!-- This site is optimized with the Yoast SEO plugin v23.8 - https:\/\/yoast.com\/wordpress\/plugins\/seo\/ -->\n<title>Au\u00dfenuhr gro\u00df rund Cheltenham 60cm braun<\/title>\n<meta name=\"description\" content=\"Auf der Suche nach einer Uhr f\u00fcr drau\u00dfen? Sehen Sie sich unsere gro\u00dfe Auswahl an Outdoor-Uhren in unserem Webshop oder LIVE in unserem Gesch\u00e4ft an! \u2705 2 Jahre...\" \/>\n<meta name=\"robots\" content=\"noindex, follow, max-snippet:-1, max-image-preview:large, max-video-preview:-1\" \/>\n<meta property=\"og:locale\" content=\"de_DE\" \/>\n<meta property=\"og:type\" content=\"article\" \/>\n<meta property=\"og:title\" content=\"Au\u00dfenuhr gro\u00df rund Cheltenham 60cm braun\" \/>\n<meta property=\"og:description\" content=\"Auf der Suche nach einer Uhr f\u00fcr drau\u00dfen? Sehen Sie sich unsere gro\u00dfe Auswahl an Outdoor-Uhren in unserem Webshop oder LIVE in unserem Gesch\u00e4ft an! \u2705 2 Jahre...\" \/>\n<meta property=\"og:url\" content=\"https:\/\/dev.eliassen.nl\/de\/aussenuhr-gross-rund-cheltenham-60cm-braun\/\" \/>\n<meta property=\"og:site_name\" content=\"Eliassen.nl\" \/>\n<meta property=\"article:publisher\" content=\"https:\/\/www.facebook.com\/TuincentrumEliassenAmmerzoden\" \/>\n<meta property=\"article:modified_time\" content=\"2025-03-30T21:51:28+00:00\" \/>\n<meta property=\"og:image\" content=\"https:\/\/dev.eliassen.nl\/wp-content\/uploads\/2022\/09\/JPEG_20250319_114650_2782816752152406341-scaled.jpg\" \/>\n\t<meta property=\"og:image:width\" content=\"2560\" \/>\n\t<meta property=\"og:image:height\" content=\"1920\" \/>\n\t<meta property=\"og:image:type\" content=\"image\/jpeg\" \/>\n<meta name=\"twitter:card\" content=\"summary_large_image\" \/>\n<script type=\"application\/ld+json\" class=\"yoast-schema-graph\">{\"@context\":\"https:\/\/schema.org\",\"@graph\":[{\"@type\":\"WebPage\",\"@id\":\"https:\/\/dev.eliassen.nl\/de\/aussenuhr-gross-rund-cheltenham-60cm-braun\/\",\"url\":\"https:\/\/dev.eliassen.nl\/de\/aussenuhr-gross-rund-cheltenham-60cm-braun\/\",\"name\":\"Au\u00dfenuhr gro\u00df rund Cheltenham 60cm braun\",\"isPartOf\":{\"@id\":\"https:\/\/dev.eliassen.nl\/de\/#website\"},\"primaryImageOfPage\":{\"@id\":\"https:\/\/dev.eliassen.nl\/de\/aussenuhr-gross-rund-cheltenham-60cm-braun\/#primaryimage\"},\"image\":{\"@id\":\"https:\/\/dev.eliassen.nl\/de\/aussenuhr-gross-rund-cheltenham-60cm-braun\/#primaryimage\"},\"thumbnailUrl\":\"https:\/\/dev.eliassen.nl\/wp-content\/uploads\/2022\/09\/JPEG_20250319_114650_2782816752152406341-scaled.jpg\",\"datePublished\":\"2022-09-13T13:51:37+00:00\",\"dateModified\":\"2025-03-30T21:51:28+00:00\",\"description\":\"Auf der Suche nach einer Uhr f\u00fcr drau\u00dfen? Sehen Sie sich unsere gro\u00dfe Auswahl an Outdoor-Uhren in unserem Webshop oder LIVE in unserem Gesch\u00e4ft an! \u2705 2 Jahre...\",\"breadcrumb\":{\"@id\":\"https:\/\/dev.eliassen.nl\/de\/aussenuhr-gross-rund-cheltenham-60cm-braun\/#breadcrumb\"},\"inLanguage\":\"de\",\"potentialAction\":[{\"@type\":\"ReadAction\",\"target\":[\"https:\/\/dev.eliassen.nl\/de\/aussenuhr-gross-rund-cheltenham-60cm-braun\/\"]}]},{\"@type\":\"ImageObject\",\"inLanguage\":\"de\",\"@id\":\"https:\/\/dev.eliassen.nl\/de\/aussenuhr-gross-rund-cheltenham-60cm-braun\/#primaryimage\",\"url\":\"https:\/\/dev.eliassen.nl\/wp-content\/uploads\/2022\/09\/JPEG_20250319_114650_2782816752152406341-scaled.jpg\",\"contentUrl\":\"https:\/\/dev.eliassen.nl\/wp-content\/uploads\/2022\/09\/JPEG_20250319_114650_2782816752152406341-scaled.jpg\",\"width\":2560,\"height\":1920},{\"@type\":\"BreadcrumbList\",\"@id\":\"https:\/\/dev.eliassen.nl\/de\/aussenuhr-gross-rund-cheltenham-60cm-braun\/#breadcrumb\",\"itemListElement\":[{\"@type\":\"ListItem\",\"position\":1,\"name\":\"Home\",\"item\":\"https:\/\/dev.eliassen.nl\/de\/\"},{\"@type\":\"ListItem\",\"position\":2,\"name\":\"Shop\",\"item\":\"https:\/\/dev.eliassen.nl\/nl\/winkel\/\"},{\"@type\":\"ListItem\",\"position\":3,\"name\":\"Wanddekoration\",\"item\":\"https:\/\/dev.eliassen.nl\/de\/wanddekoration\/\"},{\"@type\":\"ListItem\",\"position\":4,\"name\":\"Outdoor-Uhren\",\"item\":\"https:\/\/dev.eliassen.nl\/de\/wanddekoration\/outdoor-uhren\/\"},{\"@type\":\"ListItem\",\"position\":5,\"name\":\"Au\u00dfenuhr gro\u00df rund Cheltenham 60cm braun\"}]},{\"@type\":\"WebSite\",\"@id\":\"https:\/\/dev.eliassen.nl\/de\/#website\",\"url\":\"https:\/\/dev.eliassen.nl\/de\/\",\"name\":\"Eliassen Home & Garden Pleasure\",\"description\":\"\",\"publisher\":{\"@id\":\"https:\/\/dev.eliassen.nl\/de\/#organization\"},\"alternateName\":\"Eliassen.nl\",\"potentialAction\":[{\"@type\":\"SearchAction\",\"target\":{\"@type\":\"EntryPoint\",\"urlTemplate\":\"https:\/\/dev.eliassen.nl\/de\/?s={search_term_string}\"},\"query-input\":{\"@type\":\"PropertyValueSpecification\",\"valueRequired\":true,\"valueName\":\"search_term_string\"}}],\"inLanguage\":\"de\"},{\"@type\":\"Organization\",\"@id\":\"https:\/\/dev.eliassen.nl\/de\/#organization\",\"name\":\"Eliassen Home & Garden Pleasure\",\"url\":\"https:\/\/dev.eliassen.nl\/de\/\",\"logo\":{\"@type\":\"ImageObject\",\"inLanguage\":\"de\",\"@id\":\"https:\/\/dev.eliassen.nl\/de\/#\/schema\/logo\/image\/\",\"url\":\"https:\/\/www.eliassen.nl\/wp-content\/uploads\/2024\/01\/logo_4nd.jpg\",\"contentUrl\":\"https:\/\/www.eliassen.nl\/wp-content\/uploads\/2024\/01\/logo_4nd.jpg\",\"width\":500,\"height\":500,\"caption\":\"Eliassen Home & Garden Pleasure\"},\"image\":{\"@id\":\"https:\/\/dev.eliassen.nl\/de\/#\/schema\/logo\/image\/\"},\"sameAs\":[\"https:\/\/www.facebook.com\/TuincentrumEliassenAmmerzoden\",\"https:\/\/www.instagram.com\/eliassenhomeandgarden\/\",\"https:\/\/nl.pinterest.com\/eliassenhomeandgarden\/\",\"https:\/\/www.youtube.com\/@eliassenhomegardenpleasure4558\"]}]}<\/script>\n<!-- \/ Yoast SEO plugin. -->","yoast_head_json":{"title":"Au\u00dfenuhr gro\u00df rund Cheltenham 60cm braun","description":"Auf der Suche nach einer Uhr f\u00fcr drau\u00dfen? Sehen Sie sich unsere gro\u00dfe Auswahl an Outdoor-Uhren in unserem Webshop oder LIVE in unserem Gesch\u00e4ft an! \u2705 2 Jahre...","robots":{"index":"noindex","follow":"follow","max-snippet":"max-snippet:-1","max-image-preview":"max-image-preview:large","max-video-preview":"max-video-preview:-1"},"og_locale":"de_DE","og_type":"article","og_title":"Au\u00dfenuhr gro\u00df rund Cheltenham 60cm braun","og_description":"Auf der Suche nach einer Uhr f\u00fcr drau\u00dfen? Sehen Sie sich unsere gro\u00dfe Auswahl an Outdoor-Uhren in unserem Webshop oder LIVE in unserem Gesch\u00e4ft an! \u2705 2 Jahre...","og_url":"https:\/\/dev.eliassen.nl\/de\/aussenuhr-gross-rund-cheltenham-60cm-braun\/","og_site_name":"Eliassen.nl","article_publisher":"https:\/\/www.facebook.com\/TuincentrumEliassenAmmerzoden","article_modified_time":"2025-03-30T21:51:28+00:00","og_image":[{"width":2560,"height":1920,"url":"https:\/\/dev.eliassen.nl\/wp-content\/uploads\/2022\/09\/JPEG_20250319_114650_2782816752152406341-scaled.jpg","type":"image\/jpeg"}],"twitter_card":"summary_large_image","schema":{"@context":"https:\/\/schema.org","@graph":[{"@type":"WebPage","@id":"https:\/\/dev.eliassen.nl\/de\/aussenuhr-gross-rund-cheltenham-60cm-braun\/","url":"https:\/\/dev.eliassen.nl\/de\/aussenuhr-gross-rund-cheltenham-60cm-braun\/","name":"Au\u00dfenuhr gro\u00df rund Cheltenham 60cm braun","isPartOf":{"@id":"https:\/\/dev.eliassen.nl\/de\/#website"},"primaryImageOfPage":{"@id":"https:\/\/dev.eliassen.nl\/de\/aussenuhr-gross-rund-cheltenham-60cm-braun\/#primaryimage"},"image":{"@id":"https:\/\/dev.eliassen.nl\/de\/aussenuhr-gross-rund-cheltenham-60cm-braun\/#primaryimage"},"thumbnailUrl":"https:\/\/dev.eliassen.nl\/wp-content\/uploads\/2022\/09\/JPEG_20250319_114650_2782816752152406341-scaled.jpg","datePublished":"2022-09-13T13:51:37+00:00","dateModified":"2025-03-30T21:51:28+00:00","description":"Auf der Suche nach einer Uhr f\u00fcr drau\u00dfen? Sehen Sie sich unsere gro\u00dfe Auswahl an Outdoor-Uhren in unserem Webshop oder LIVE in unserem Gesch\u00e4ft an! \u2705 2 Jahre...","breadcrumb":{"@id":"https:\/\/dev.eliassen.nl\/de\/aussenuhr-gross-rund-cheltenham-60cm-braun\/#breadcrumb"},"inLanguage":"de","potentialAction":[{"@type":"ReadAction","target":["https:\/\/dev.eliassen.nl\/de\/aussenuhr-gross-rund-cheltenham-60cm-braun\/"]}]},{"@type":"ImageObject","inLanguage":"de","@id":"https:\/\/dev.eliassen.nl\/de\/aussenuhr-gross-rund-cheltenham-60cm-braun\/#primaryimage","url":"https:\/\/dev.eliassen.nl\/wp-content\/uploads\/2022\/09\/JPEG_20250319_114650_2782816752152406341-scaled.jpg","contentUrl":"https:\/\/dev.eliassen.nl\/wp-content\/uploads\/2022\/09\/JPEG_20250319_114650_2782816752152406341-scaled.jpg","width":2560,"height":1920},{"@type":"BreadcrumbList","@id":"https:\/\/dev.eliassen.nl\/de\/aussenuhr-gross-rund-cheltenham-60cm-braun\/#breadcrumb","itemListElement":[{"@type":"ListItem","position":1,"name":"Home","item":"https:\/\/dev.eliassen.nl\/de\/"},{"@type":"ListItem","position":2,"name":"Shop","item":"https:\/\/dev.eliassen.nl\/nl\/winkel\/"},{"@type":"ListItem","position":3,"name":"Wanddekoration","item":"https:\/\/dev.eliassen.nl\/de\/wanddekoration\/"},{"@type":"ListItem","position":4,"name":"Outdoor-Uhren","item":"https:\/\/dev.eliassen.nl\/de\/wanddekoration\/outdoor-uhren\/"},{"@type":"ListItem","position":5,"name":"Au\u00dfenuhr gro\u00df rund Cheltenham 60cm braun"}]},{"@type":"WebSite","@id":"https:\/\/dev.eliassen.nl\/de\/#website","url":"https:\/\/dev.eliassen.nl\/de\/","name":"Eliassen Home & Garden Pleasure","description":"","publisher":{"@id":"https:\/\/dev.eliassen.nl\/de\/#organization"},"alternateName":"Eliassen.nl","potentialAction":[{"@type":"SearchAction","target":{"@type":"EntryPoint","urlTemplate":"https:\/\/dev.eliassen.nl\/de\/?s={search_term_string}"},"query-input":{"@type":"PropertyValueSpecification","valueRequired":true,"valueName":"search_term_string"}}],"inLanguage":"de"},{"@type":"Organization","@id":"https:\/\/dev.eliassen.nl\/de\/#organization","name":"Eliassen Home & Garden Pleasure","url":"https:\/\/dev.eliassen.nl\/de\/","logo":{"@type":"ImageObject","inLanguage":"de","@id":"https:\/\/dev.eliassen.nl\/de\/#\/schema\/logo\/image\/","url":"https:\/\/www.eliassen.nl\/wp-content\/uploads\/2024\/01\/logo_4nd.jpg","contentUrl":"https:\/\/www.eliassen.nl\/wp-content\/uploads\/2024\/01\/logo_4nd.jpg","width":500,"height":500,"caption":"Eliassen Home & Garden Pleasure"},"image":{"@id":"https:\/\/dev.eliassen.nl\/de\/#\/schema\/logo\/image\/"},"sameAs":["https:\/\/www.facebook.com\/TuincentrumEliassenAmmerzoden","https:\/\/www.instagram.com\/eliassenhomeandgarden\/","https:\/\/nl.pinterest.com\/eliassenhomeandgarden\/","https:\/\/www.youtube.com\/@eliassenhomegardenpleasure4558"]}]}},"df_price":52.5,"df_sale_price":"","df_regular_price":52.5,"df_image_link":"https:\/\/dev.eliassen.nl\/wp-content\/uploads\/2022\/09\/JPEG_20250319_114650_2782816752152406341-300x225.jpg","image":"https:\/\/dev.eliassen.nl\/wp-content\/uploads\/2022\/09\/JPEG_20250319_114650_2782816752152406341-150x150.jpg","price_search":"<span class=\"woocommerce-Price-amount amount\"><bdi><span class=\"woocommerce-Price-currencySymbol\">&euro;<\/span>&nbsp;52,50<\/bdi><\/span>","category":"Outdoor-Uhren","_links":{"self":[{"href":"https:\/\/dev.eliassen.nl\/de\/wp-json\/wp\/v2\/product\/74866","targetHints":{"allow":["GET"]}}],"collection":[{"href":"https:\/\/dev.eliassen.nl\/de\/wp-json\/wp\/v2\/product"}],"about":[{"href":"https:\/\/dev.eliassen.nl\/de\/wp-json\/wp\/v2\/types\/product"}],"wp:featuredmedia":[{"embeddable":true,"href":"https:\/\/dev.eliassen.nl\/de\/wp-json\/wp\/v2\/media\/176893"}],"wp:attachment":[{"href":"https:\/\/dev.eliassen.nl\/de\/wp-json\/wp\/v2\/media?parent=74866"}],"wp:term":[{"taxonomy":"product_brand","embeddable":true,"href":"https:\/\/dev.eliassen.nl\/de\/wp-json\/wp\/v2\/product_brand?post=74866"},{"taxonomy":"product_cat","embeddable":true,"href":"https:\/\/dev.eliassen.nl\/de\/wp-json\/wp\/v2\/product_cat?post=74866"},{"taxonomy":"product_tag","embeddable":true,"href":"https:\/\/dev.eliassen.nl\/de\/wp-json\/wp\/v2\/product_tag?post=74866"}],"curies":[{"name":"wp","href":"https:\/\/api.w.org\/{rel}","templated":true}]}}