{"id":74911,"date":"2022-09-13T14:11:49","date_gmt":"2022-09-13T12:11:49","guid":{"rendered":"https:\/\/www.eliassen.nl\/?product=buitenklok-rond-astbury-38cm-creme"},"modified":"2024-12-05T16:07:36","modified_gmt":"2024-12-05T15:07:36","slug":"aussenuhr-um-astbury-38cm-kupferfarbe","status":"publish","type":"product","link":"https:\/\/dev.eliassen.nl\/de\/aussenuhr-um-astbury-38cm-kupferfarbe\/","title":{"rendered":"Au\u00dfenuhr um Astbury 38cm Kupferfarbe"},"content":{"rendered":"<p>Mit diesem Modell einer wasserdichten runden Uhr f\u00fcr drau\u00dfen wird Ihr Garten oder Ihre Veranda sicherlich sch\u00f6ner. Was gibt es Sch\u00f6neres, als ein St\u00fcck Gartendeko zu haben, an dem man sofort die Zeit, Temperatur oder Luftfeuchtigkeit beobachten kann. Diese Gartenuhr ist auch praktisch; schlie\u00dflich m\u00fcssen Sie nicht mehr mit schmutzigen H\u00e4nden auf Ihre Uhr schauen oder sehen, wie hei\u00df es ist. Diese vorbildliche Outdoor-Uhr verf\u00fcgt \u00fcber elegante Zahlen, einen sch\u00f6nen breiten kupferfarbenen Rahmen, Thermometer, Uhrwerk und Hygrometer und ist mit Acrylglas bedeckt.<\/p>\n<p>Diese Gartenuhr ist feuchtigkeitsbest\u00e4ndig, sodass Sie dieses Wanduhrmodell auch in Ihrem Badezimmer aufh\u00e4ngen k\u00f6nnen.<\/p>\n<p><strong>H\u00e4ngen Sie diese Uhr nur im Freien unter einem Dach auf, nicht im Vollregen oder im Wind!<\/strong><\/p>\n<ul>\n<li>Gr\u00f6\u00dfe: 38 cm Durchmesser, Dicke 7 cm<\/li>\n<li>Material: Polyresin<\/li>\n<li>Farbe: Cremefarben<\/li>\n<li>Zeigerfarbe: Schwarz<\/li>\n<li>Uhrwerk: Quarz<\/li>\n<li>Stromversorgung: 1x AA-Taschenlampe<\/li>\n<li>Verpackt in einer sch\u00f6nen Fensterbox<\/li>\n<li>Garantie: 2 Jahre<\/li>\n<\/ul>\n","protected":false},"excerpt":{"rendered":"<p>Gro\u00dfe Gartenuhr mit 3 Funktionen und anmutigen Zahlen<\/p>\n","protected":false},"featured_media":74899,"template":"","meta":{"_acf_changed":false},"product_brand":[],"product_cat":[524,509],"product_tag":[],"class_list":{"0":"post-74911","1":"product","2":"type-product","3":"status-publish","4":"has-post-thumbnail","6":"product_cat-outdoor-uhren","7":"product_cat-wanddekoration","9":"first","10":"instock","11":"taxable","12":"shipping-taxable","13":"purchasable","14":"product-type-simple"},"acf":[],"yoast_head":"<!-- This site is optimized with the Yoast SEO plugin v23.8 - https:\/\/yoast.com\/wordpress\/plugins\/seo\/ -->\n<title>Buitenklok rond Astbury 38cm koperkleur<\/title>\n<meta name=\"description\" content=\"Op zoek naar een klok voor buiten? Bekijk ons grote assortiment buitenklokken in onze webshop of LIVE in onze zaak! \u2705 2 jaar garantie.\" \/>\n<meta name=\"robots\" content=\"noindex, follow, max-snippet:-1, max-image-preview:large, max-video-preview:-1\" \/>\n<meta property=\"og:locale\" content=\"de_DE\" \/>\n<meta property=\"og:type\" content=\"article\" \/>\n<meta property=\"og:title\" content=\"Buitenklok rond Astbury 38cm koperkleur\" \/>\n<meta property=\"og:description\" content=\"Op zoek naar een klok voor buiten? Bekijk ons grote assortiment buitenklokken in onze webshop of LIVE in onze zaak! \u2705 2 jaar garantie.\" \/>\n<meta property=\"og:url\" content=\"https:\/\/dev.eliassen.nl\/de\/aussenuhr-um-astbury-38cm-kupferfarbe\/\" \/>\n<meta property=\"og:site_name\" content=\"Eliassen.nl\" \/>\n<meta property=\"article:publisher\" content=\"https:\/\/www.facebook.com\/TuincentrumEliassenAmmerzoden\" \/>\n<meta property=\"article:modified_time\" content=\"2024-12-05T15:07:36+00:00\" \/>\n<meta property=\"og:image\" content=\"https:\/\/dev.eliassen.nl\/wp-content\/uploads\/2024\/01\/5050642006217.jpg\" \/>\n\t<meta property=\"og:image:width\" content=\"1000\" \/>\n\t<meta property=\"og:image:height\" content=\"1000\" \/>\n\t<meta property=\"og:image:type\" content=\"image\/jpeg\" \/>\n<meta name=\"twitter:card\" content=\"summary_large_image\" \/>\n<script type=\"application\/ld+json\" class=\"yoast-schema-graph\">{\"@context\":\"https:\/\/schema.org\",\"@graph\":[{\"@type\":\"WebPage\",\"@id\":\"https:\/\/dev.eliassen.nl\/de\/aussenuhr-um-astbury-38cm-kupferfarbe\/\",\"url\":\"https:\/\/dev.eliassen.nl\/de\/aussenuhr-um-astbury-38cm-kupferfarbe\/\",\"name\":\"Buitenklok rond Astbury 38cm koperkleur\",\"isPartOf\":{\"@id\":\"https:\/\/dev.eliassen.nl\/de\/#website\"},\"primaryImageOfPage\":{\"@id\":\"https:\/\/dev.eliassen.nl\/de\/aussenuhr-um-astbury-38cm-kupferfarbe\/#primaryimage\"},\"image\":{\"@id\":\"https:\/\/dev.eliassen.nl\/de\/aussenuhr-um-astbury-38cm-kupferfarbe\/#primaryimage\"},\"thumbnailUrl\":\"https:\/\/dev.eliassen.nl\/wp-content\/uploads\/2024\/01\/5050642006217.jpg\",\"datePublished\":\"2022-09-13T12:11:49+00:00\",\"dateModified\":\"2024-12-05T15:07:36+00:00\",\"description\":\"Op zoek naar een klok voor buiten? Bekijk ons grote assortiment buitenklokken in onze webshop of LIVE in onze zaak! \u2705 2 jaar garantie.\",\"breadcrumb\":{\"@id\":\"https:\/\/dev.eliassen.nl\/de\/aussenuhr-um-astbury-38cm-kupferfarbe\/#breadcrumb\"},\"inLanguage\":\"de\",\"potentialAction\":[{\"@type\":\"ReadAction\",\"target\":[\"https:\/\/dev.eliassen.nl\/de\/aussenuhr-um-astbury-38cm-kupferfarbe\/\"]}]},{\"@type\":\"ImageObject\",\"inLanguage\":\"de\",\"@id\":\"https:\/\/dev.eliassen.nl\/de\/aussenuhr-um-astbury-38cm-kupferfarbe\/#primaryimage\",\"url\":\"https:\/\/dev.eliassen.nl\/wp-content\/uploads\/2024\/01\/5050642006217.jpg\",\"contentUrl\":\"https:\/\/dev.eliassen.nl\/wp-content\/uploads\/2024\/01\/5050642006217.jpg\",\"width\":1000,\"height\":1000,\"caption\":\"5050642006217\"},{\"@type\":\"BreadcrumbList\",\"@id\":\"https:\/\/dev.eliassen.nl\/de\/aussenuhr-um-astbury-38cm-kupferfarbe\/#breadcrumb\",\"itemListElement\":[{\"@type\":\"ListItem\",\"position\":1,\"name\":\"Home\",\"item\":\"https:\/\/dev.eliassen.nl\/de\/\"},{\"@type\":\"ListItem\",\"position\":2,\"name\":\"Shop\",\"item\":\"https:\/\/dev.eliassen.nl\/nl\/winkel\/\"},{\"@type\":\"ListItem\",\"position\":3,\"name\":\"Wanddekoration\",\"item\":\"https:\/\/dev.eliassen.nl\/de\/wanddekoration\/\"},{\"@type\":\"ListItem\",\"position\":4,\"name\":\"Outdoor-Uhren\",\"item\":\"https:\/\/dev.eliassen.nl\/de\/wanddekoration\/outdoor-uhren\/\"},{\"@type\":\"ListItem\",\"position\":5,\"name\":\"Au\u00dfenuhr um Astbury 38cm Kupferfarbe\"}]},{\"@type\":\"WebSite\",\"@id\":\"https:\/\/dev.eliassen.nl\/de\/#website\",\"url\":\"https:\/\/dev.eliassen.nl\/de\/\",\"name\":\"Eliassen Home & Garden Pleasure\",\"description\":\"\",\"publisher\":{\"@id\":\"https:\/\/dev.eliassen.nl\/de\/#organization\"},\"alternateName\":\"Eliassen.nl\",\"potentialAction\":[{\"@type\":\"SearchAction\",\"target\":{\"@type\":\"EntryPoint\",\"urlTemplate\":\"https:\/\/dev.eliassen.nl\/de\/?s={search_term_string}\"},\"query-input\":{\"@type\":\"PropertyValueSpecification\",\"valueRequired\":true,\"valueName\":\"search_term_string\"}}],\"inLanguage\":\"de\"},{\"@type\":\"Organization\",\"@id\":\"https:\/\/dev.eliassen.nl\/de\/#organization\",\"name\":\"Eliassen Home & Garden Pleasure\",\"url\":\"https:\/\/dev.eliassen.nl\/de\/\",\"logo\":{\"@type\":\"ImageObject\",\"inLanguage\":\"de\",\"@id\":\"https:\/\/dev.eliassen.nl\/de\/#\/schema\/logo\/image\/\",\"url\":\"https:\/\/www.eliassen.nl\/wp-content\/uploads\/2024\/01\/logo_4nd.jpg\",\"contentUrl\":\"https:\/\/www.eliassen.nl\/wp-content\/uploads\/2024\/01\/logo_4nd.jpg\",\"width\":500,\"height\":500,\"caption\":\"Eliassen Home & Garden Pleasure\"},\"image\":{\"@id\":\"https:\/\/dev.eliassen.nl\/de\/#\/schema\/logo\/image\/\"},\"sameAs\":[\"https:\/\/www.facebook.com\/TuincentrumEliassenAmmerzoden\",\"https:\/\/www.instagram.com\/eliassenhomeandgarden\/\",\"https:\/\/nl.pinterest.com\/eliassenhomeandgarden\/\",\"https:\/\/www.youtube.com\/@eliassenhomegardenpleasure4558\"]}]}<\/script>\n<!-- \/ Yoast SEO plugin. -->","yoast_head_json":{"title":"Buitenklok rond Astbury 38cm koperkleur","description":"Op zoek naar een klok voor buiten? Bekijk ons grote assortiment buitenklokken in onze webshop of LIVE in onze zaak! \u2705 2 jaar garantie.","robots":{"index":"noindex","follow":"follow","max-snippet":"max-snippet:-1","max-image-preview":"max-image-preview:large","max-video-preview":"max-video-preview:-1"},"og_locale":"de_DE","og_type":"article","og_title":"Buitenklok rond Astbury 38cm koperkleur","og_description":"Op zoek naar een klok voor buiten? Bekijk ons grote assortiment buitenklokken in onze webshop of LIVE in onze zaak! \u2705 2 jaar garantie.","og_url":"https:\/\/dev.eliassen.nl\/de\/aussenuhr-um-astbury-38cm-kupferfarbe\/","og_site_name":"Eliassen.nl","article_publisher":"https:\/\/www.facebook.com\/TuincentrumEliassenAmmerzoden","article_modified_time":"2024-12-05T15:07:36+00:00","og_image":[{"width":1000,"height":1000,"url":"https:\/\/dev.eliassen.nl\/wp-content\/uploads\/2024\/01\/5050642006217.jpg","type":"image\/jpeg"}],"twitter_card":"summary_large_image","schema":{"@context":"https:\/\/schema.org","@graph":[{"@type":"WebPage","@id":"https:\/\/dev.eliassen.nl\/de\/aussenuhr-um-astbury-38cm-kupferfarbe\/","url":"https:\/\/dev.eliassen.nl\/de\/aussenuhr-um-astbury-38cm-kupferfarbe\/","name":"Buitenklok rond Astbury 38cm koperkleur","isPartOf":{"@id":"https:\/\/dev.eliassen.nl\/de\/#website"},"primaryImageOfPage":{"@id":"https:\/\/dev.eliassen.nl\/de\/aussenuhr-um-astbury-38cm-kupferfarbe\/#primaryimage"},"image":{"@id":"https:\/\/dev.eliassen.nl\/de\/aussenuhr-um-astbury-38cm-kupferfarbe\/#primaryimage"},"thumbnailUrl":"https:\/\/dev.eliassen.nl\/wp-content\/uploads\/2024\/01\/5050642006217.jpg","datePublished":"2022-09-13T12:11:49+00:00","dateModified":"2024-12-05T15:07:36+00:00","description":"Op zoek naar een klok voor buiten? Bekijk ons grote assortiment buitenklokken in onze webshop of LIVE in onze zaak! \u2705 2 jaar garantie.","breadcrumb":{"@id":"https:\/\/dev.eliassen.nl\/de\/aussenuhr-um-astbury-38cm-kupferfarbe\/#breadcrumb"},"inLanguage":"de","potentialAction":[{"@type":"ReadAction","target":["https:\/\/dev.eliassen.nl\/de\/aussenuhr-um-astbury-38cm-kupferfarbe\/"]}]},{"@type":"ImageObject","inLanguage":"de","@id":"https:\/\/dev.eliassen.nl\/de\/aussenuhr-um-astbury-38cm-kupferfarbe\/#primaryimage","url":"https:\/\/dev.eliassen.nl\/wp-content\/uploads\/2024\/01\/5050642006217.jpg","contentUrl":"https:\/\/dev.eliassen.nl\/wp-content\/uploads\/2024\/01\/5050642006217.jpg","width":1000,"height":1000,"caption":"5050642006217"},{"@type":"BreadcrumbList","@id":"https:\/\/dev.eliassen.nl\/de\/aussenuhr-um-astbury-38cm-kupferfarbe\/#breadcrumb","itemListElement":[{"@type":"ListItem","position":1,"name":"Home","item":"https:\/\/dev.eliassen.nl\/de\/"},{"@type":"ListItem","position":2,"name":"Shop","item":"https:\/\/dev.eliassen.nl\/nl\/winkel\/"},{"@type":"ListItem","position":3,"name":"Wanddekoration","item":"https:\/\/dev.eliassen.nl\/de\/wanddekoration\/"},{"@type":"ListItem","position":4,"name":"Outdoor-Uhren","item":"https:\/\/dev.eliassen.nl\/de\/wanddekoration\/outdoor-uhren\/"},{"@type":"ListItem","position":5,"name":"Au\u00dfenuhr um Astbury 38cm Kupferfarbe"}]},{"@type":"WebSite","@id":"https:\/\/dev.eliassen.nl\/de\/#website","url":"https:\/\/dev.eliassen.nl\/de\/","name":"Eliassen Home & Garden Pleasure","description":"","publisher":{"@id":"https:\/\/dev.eliassen.nl\/de\/#organization"},"alternateName":"Eliassen.nl","potentialAction":[{"@type":"SearchAction","target":{"@type":"EntryPoint","urlTemplate":"https:\/\/dev.eliassen.nl\/de\/?s={search_term_string}"},"query-input":{"@type":"PropertyValueSpecification","valueRequired":true,"valueName":"search_term_string"}}],"inLanguage":"de"},{"@type":"Organization","@id":"https:\/\/dev.eliassen.nl\/de\/#organization","name":"Eliassen Home & Garden Pleasure","url":"https:\/\/dev.eliassen.nl\/de\/","logo":{"@type":"ImageObject","inLanguage":"de","@id":"https:\/\/dev.eliassen.nl\/de\/#\/schema\/logo\/image\/","url":"https:\/\/www.eliassen.nl\/wp-content\/uploads\/2024\/01\/logo_4nd.jpg","contentUrl":"https:\/\/www.eliassen.nl\/wp-content\/uploads\/2024\/01\/logo_4nd.jpg","width":500,"height":500,"caption":"Eliassen Home & Garden Pleasure"},"image":{"@id":"https:\/\/dev.eliassen.nl\/de\/#\/schema\/logo\/image\/"},"sameAs":["https:\/\/www.facebook.com\/TuincentrumEliassenAmmerzoden","https:\/\/www.instagram.com\/eliassenhomeandgarden\/","https:\/\/nl.pinterest.com\/eliassenhomeandgarden\/","https:\/\/www.youtube.com\/@eliassenhomegardenpleasure4558"]}]}},"df_price":34.5,"df_sale_price":"","df_regular_price":34.5,"df_image_link":"https:\/\/dev.eliassen.nl\/wp-content\/uploads\/2024\/01\/5050642006217.jpg","image":"https:\/\/dev.eliassen.nl\/wp-content\/uploads\/2024\/01\/5050642006217.jpg","price_search":"<span class=\"woocommerce-Price-amount amount\"><bdi><span class=\"woocommerce-Price-currencySymbol\">&euro;<\/span>&nbsp;34,50<\/bdi><\/span>","category":"Outdoor-Uhren","_links":{"self":[{"href":"https:\/\/dev.eliassen.nl\/de\/wp-json\/wp\/v2\/product\/74911","targetHints":{"allow":["GET"]}}],"collection":[{"href":"https:\/\/dev.eliassen.nl\/de\/wp-json\/wp\/v2\/product"}],"about":[{"href":"https:\/\/dev.eliassen.nl\/de\/wp-json\/wp\/v2\/types\/product"}],"wp:featuredmedia":[{"embeddable":true,"href":"https:\/\/dev.eliassen.nl\/de\/wp-json\/wp\/v2\/media\/74899"}],"wp:attachment":[{"href":"https:\/\/dev.eliassen.nl\/de\/wp-json\/wp\/v2\/media?parent=74911"}],"wp:term":[{"taxonomy":"product_brand","embeddable":true,"href":"https:\/\/dev.eliassen.nl\/de\/wp-json\/wp\/v2\/product_brand?post=74911"},{"taxonomy":"product_cat","embeddable":true,"href":"https:\/\/dev.eliassen.nl\/de\/wp-json\/wp\/v2\/product_cat?post=74911"},{"taxonomy":"product_tag","embeddable":true,"href":"https:\/\/dev.eliassen.nl\/de\/wp-json\/wp\/v2\/product_tag?post=74911"}],"curies":[{"name":"wp","href":"https:\/\/api.w.org\/{rel}","templated":true}]}}