{"id":74938,"date":"2022-09-13T14:17:03","date_gmt":"2022-09-13T12:17:03","guid":{"rendered":"https:\/\/www.eliassen.nl\/?product=buitenklok-rond-cambridge-35cm-grijs"},"modified":"2024-12-05T16:07:38","modified_gmt":"2024-12-05T15:07:38","slug":"aussenuhr-rund-cambridge-35cm-grau","status":"publish","type":"product","link":"https:\/\/dev.eliassen.nl\/de\/aussenuhr-rund-cambridge-35cm-grau\/","title":{"rendered":"Outdoor-Uhr rund um Cambridge 35cm t\u00fcrkis"},"content":{"rendered":"<p>Ihr Garten oder Ihre Veranda wird mit diesem Modell einer wasserdichten runden Uhr f\u00fcr den Au\u00dfenbereich sicherlich sch\u00f6ner aussehen. Was gibt es Sch\u00f6neres, als eine Gartendekoration zu haben, auf der man sofort die Zeit, die Temperatur oder die Luftfeuchtigkeit beobachten kann. Diese Gartenuhr ist auch praktisch; Schlie\u00dflich m\u00fcssen Sie nicht mehr mit schmutzigen H\u00e4nden auf Ihre Uhr schauen oder pr\u00fcfen, wie warm sie ist. Dieses Modell einer Outdoor-Uhr hat einen sch\u00f6nen Rahmen in Steinoptik und die Uhr hat elegante Zeiger, au\u00dferdem ist die Uhr mit Acrylglas \u00fcberzogen.<\/p>\n<p>Diese Gartenuhr ist resistent gegen Feuchtigkeit, sodass Sie dieses Wanduhrmodell auch in Ihrem Badezimmer aufh\u00e4ngen k\u00f6nnen.<\/p>\n<p><strong>H\u00e4ngen Sie diese Uhr nur im Freien unter einem Vordach auf, nicht im Regen oder im Wind!<\/strong><\/p>\n<ul>\n<li>Gr\u00f6\u00dfe: 35 cm Durchmesser, Dicke 6 cm<\/li>\n<li>Material: Polyresin<\/li>\n<li>Farbe: T\u00fcrkis<\/li>\n<li>Handfarbe: Schwarz<\/li>\n<li>Uhrwerk: Quarz<\/li>\n<li>Stromversorgung: 1x AA-Taschenlampe<\/li>\n<li>Verpackt in einer sch\u00f6nen Fensterbox<\/li>\n<li>Garantie: 2 Jahre<\/li>\n<\/ul>\n","protected":false},"excerpt":{"rendered":"<p>Schlanke Gartenuhr mit nostalgischen Zeigern<\/p>\n","protected":false},"featured_media":74929,"template":"","meta":{"_acf_changed":false},"product_brand":[],"product_cat":[524,509],"product_tag":[],"class_list":{"0":"post-74938","1":"product","2":"type-product","3":"status-publish","4":"has-post-thumbnail","6":"product_cat-outdoor-uhren","7":"product_cat-wanddekoration","9":"first","10":"instock","11":"taxable","12":"shipping-taxable","13":"purchasable","14":"product-type-simple"},"acf":[],"yoast_head":"<!-- This site is optimized with the Yoast SEO plugin v23.8 - https:\/\/yoast.com\/wordpress\/plugins\/seo\/ -->\n<title>Au\u00dfenuhr rund Cambridge 35cm grau<\/title>\n<meta name=\"description\" content=\"Suchen Sie eine Uhr f\u00fcr drau\u00dfen? Sehen Sie sich unser gro\u00dfes Sortiment an Outdoor-Uhren in unserem Webshop oder LIVE in unserem Shop an! \u2705 2 Jahre Garantie.\" \/>\n<meta name=\"robots\" content=\"noindex, follow, max-snippet:-1, max-image-preview:large, max-video-preview:-1\" \/>\n<meta property=\"og:locale\" content=\"de_DE\" \/>\n<meta property=\"og:type\" content=\"article\" \/>\n<meta property=\"og:title\" content=\"Au\u00dfenuhr rund Cambridge 35cm grau\" \/>\n<meta property=\"og:description\" content=\"Suchen Sie eine Uhr f\u00fcr drau\u00dfen? Sehen Sie sich unser gro\u00dfes Sortiment an Outdoor-Uhren in unserem Webshop oder LIVE in unserem Shop an! \u2705 2 Jahre Garantie.\" \/>\n<meta property=\"og:url\" content=\"https:\/\/dev.eliassen.nl\/de\/aussenuhr-rund-cambridge-35cm-grau\/\" \/>\n<meta property=\"og:site_name\" content=\"Eliassen.nl\" \/>\n<meta property=\"article:publisher\" content=\"https:\/\/www.facebook.com\/TuincentrumEliassenAmmerzoden\" \/>\n<meta property=\"article:modified_time\" content=\"2024-12-05T15:07:38+00:00\" \/>\n<meta property=\"og:image\" content=\"https:\/\/dev.eliassen.nl\/wp-content\/uploads\/2024\/01\/5050642011594.jpg\" \/>\n\t<meta property=\"og:image:width\" content=\"1000\" \/>\n\t<meta property=\"og:image:height\" content=\"1000\" \/>\n\t<meta property=\"og:image:type\" content=\"image\/jpeg\" \/>\n<meta name=\"twitter:card\" content=\"summary_large_image\" \/>\n<script type=\"application\/ld+json\" class=\"yoast-schema-graph\">{\"@context\":\"https:\/\/schema.org\",\"@graph\":[{\"@type\":\"WebPage\",\"@id\":\"https:\/\/dev.eliassen.nl\/de\/aussenuhr-rund-cambridge-35cm-grau\/\",\"url\":\"https:\/\/dev.eliassen.nl\/de\/aussenuhr-rund-cambridge-35cm-grau\/\",\"name\":\"Au\u00dfenuhr rund Cambridge 35cm grau\",\"isPartOf\":{\"@id\":\"https:\/\/dev.eliassen.nl\/de\/#website\"},\"primaryImageOfPage\":{\"@id\":\"https:\/\/dev.eliassen.nl\/de\/aussenuhr-rund-cambridge-35cm-grau\/#primaryimage\"},\"image\":{\"@id\":\"https:\/\/dev.eliassen.nl\/de\/aussenuhr-rund-cambridge-35cm-grau\/#primaryimage\"},\"thumbnailUrl\":\"https:\/\/dev.eliassen.nl\/wp-content\/uploads\/2024\/01\/5050642011594.jpg\",\"datePublished\":\"2022-09-13T12:17:03+00:00\",\"dateModified\":\"2024-12-05T15:07:38+00:00\",\"description\":\"Suchen Sie eine Uhr f\u00fcr drau\u00dfen? Sehen Sie sich unser gro\u00dfes Sortiment an Outdoor-Uhren in unserem Webshop oder LIVE in unserem Shop an! \u2705 2 Jahre Garantie.\",\"breadcrumb\":{\"@id\":\"https:\/\/dev.eliassen.nl\/de\/aussenuhr-rund-cambridge-35cm-grau\/#breadcrumb\"},\"inLanguage\":\"de\",\"potentialAction\":[{\"@type\":\"ReadAction\",\"target\":[\"https:\/\/dev.eliassen.nl\/de\/aussenuhr-rund-cambridge-35cm-grau\/\"]}]},{\"@type\":\"ImageObject\",\"inLanguage\":\"de\",\"@id\":\"https:\/\/dev.eliassen.nl\/de\/aussenuhr-rund-cambridge-35cm-grau\/#primaryimage\",\"url\":\"https:\/\/dev.eliassen.nl\/wp-content\/uploads\/2024\/01\/5050642011594.jpg\",\"contentUrl\":\"https:\/\/dev.eliassen.nl\/wp-content\/uploads\/2024\/01\/5050642011594.jpg\",\"width\":1000,\"height\":1000,\"caption\":\"5050642011594\"},{\"@type\":\"BreadcrumbList\",\"@id\":\"https:\/\/dev.eliassen.nl\/de\/aussenuhr-rund-cambridge-35cm-grau\/#breadcrumb\",\"itemListElement\":[{\"@type\":\"ListItem\",\"position\":1,\"name\":\"Home\",\"item\":\"https:\/\/dev.eliassen.nl\/de\/\"},{\"@type\":\"ListItem\",\"position\":2,\"name\":\"Shop\",\"item\":\"https:\/\/dev.eliassen.nl\/nl\/winkel\/\"},{\"@type\":\"ListItem\",\"position\":3,\"name\":\"Wanddekoration\",\"item\":\"https:\/\/dev.eliassen.nl\/de\/wanddekoration\/\"},{\"@type\":\"ListItem\",\"position\":4,\"name\":\"Outdoor-Uhren\",\"item\":\"https:\/\/dev.eliassen.nl\/de\/wanddekoration\/outdoor-uhren\/\"},{\"@type\":\"ListItem\",\"position\":5,\"name\":\"Outdoor-Uhr rund um Cambridge 35cm t\u00fcrkis\"}]},{\"@type\":\"WebSite\",\"@id\":\"https:\/\/dev.eliassen.nl\/de\/#website\",\"url\":\"https:\/\/dev.eliassen.nl\/de\/\",\"name\":\"Eliassen Home & Garden Pleasure\",\"description\":\"\",\"publisher\":{\"@id\":\"https:\/\/dev.eliassen.nl\/de\/#organization\"},\"alternateName\":\"Eliassen.nl\",\"potentialAction\":[{\"@type\":\"SearchAction\",\"target\":{\"@type\":\"EntryPoint\",\"urlTemplate\":\"https:\/\/dev.eliassen.nl\/de\/?s={search_term_string}\"},\"query-input\":{\"@type\":\"PropertyValueSpecification\",\"valueRequired\":true,\"valueName\":\"search_term_string\"}}],\"inLanguage\":\"de\"},{\"@type\":\"Organization\",\"@id\":\"https:\/\/dev.eliassen.nl\/de\/#organization\",\"name\":\"Eliassen Home & Garden Pleasure\",\"url\":\"https:\/\/dev.eliassen.nl\/de\/\",\"logo\":{\"@type\":\"ImageObject\",\"inLanguage\":\"de\",\"@id\":\"https:\/\/dev.eliassen.nl\/de\/#\/schema\/logo\/image\/\",\"url\":\"https:\/\/www.eliassen.nl\/wp-content\/uploads\/2024\/01\/logo_4nd.jpg\",\"contentUrl\":\"https:\/\/www.eliassen.nl\/wp-content\/uploads\/2024\/01\/logo_4nd.jpg\",\"width\":500,\"height\":500,\"caption\":\"Eliassen Home & Garden Pleasure\"},\"image\":{\"@id\":\"https:\/\/dev.eliassen.nl\/de\/#\/schema\/logo\/image\/\"},\"sameAs\":[\"https:\/\/www.facebook.com\/TuincentrumEliassenAmmerzoden\",\"https:\/\/www.instagram.com\/eliassenhomeandgarden\/\",\"https:\/\/nl.pinterest.com\/eliassenhomeandgarden\/\",\"https:\/\/www.youtube.com\/@eliassenhomegardenpleasure4558\"]}]}<\/script>\n<!-- \/ Yoast SEO plugin. -->","yoast_head_json":{"title":"Au\u00dfenuhr rund Cambridge 35cm grau","description":"Suchen Sie eine Uhr f\u00fcr drau\u00dfen? Sehen Sie sich unser gro\u00dfes Sortiment an Outdoor-Uhren in unserem Webshop oder LIVE in unserem Shop an! \u2705 2 Jahre Garantie.","robots":{"index":"noindex","follow":"follow","max-snippet":"max-snippet:-1","max-image-preview":"max-image-preview:large","max-video-preview":"max-video-preview:-1"},"og_locale":"de_DE","og_type":"article","og_title":"Au\u00dfenuhr rund Cambridge 35cm grau","og_description":"Suchen Sie eine Uhr f\u00fcr drau\u00dfen? Sehen Sie sich unser gro\u00dfes Sortiment an Outdoor-Uhren in unserem Webshop oder LIVE in unserem Shop an! \u2705 2 Jahre Garantie.","og_url":"https:\/\/dev.eliassen.nl\/de\/aussenuhr-rund-cambridge-35cm-grau\/","og_site_name":"Eliassen.nl","article_publisher":"https:\/\/www.facebook.com\/TuincentrumEliassenAmmerzoden","article_modified_time":"2024-12-05T15:07:38+00:00","og_image":[{"width":1000,"height":1000,"url":"https:\/\/dev.eliassen.nl\/wp-content\/uploads\/2024\/01\/5050642011594.jpg","type":"image\/jpeg"}],"twitter_card":"summary_large_image","schema":{"@context":"https:\/\/schema.org","@graph":[{"@type":"WebPage","@id":"https:\/\/dev.eliassen.nl\/de\/aussenuhr-rund-cambridge-35cm-grau\/","url":"https:\/\/dev.eliassen.nl\/de\/aussenuhr-rund-cambridge-35cm-grau\/","name":"Au\u00dfenuhr rund Cambridge 35cm grau","isPartOf":{"@id":"https:\/\/dev.eliassen.nl\/de\/#website"},"primaryImageOfPage":{"@id":"https:\/\/dev.eliassen.nl\/de\/aussenuhr-rund-cambridge-35cm-grau\/#primaryimage"},"image":{"@id":"https:\/\/dev.eliassen.nl\/de\/aussenuhr-rund-cambridge-35cm-grau\/#primaryimage"},"thumbnailUrl":"https:\/\/dev.eliassen.nl\/wp-content\/uploads\/2024\/01\/5050642011594.jpg","datePublished":"2022-09-13T12:17:03+00:00","dateModified":"2024-12-05T15:07:38+00:00","description":"Suchen Sie eine Uhr f\u00fcr drau\u00dfen? Sehen Sie sich unser gro\u00dfes Sortiment an Outdoor-Uhren in unserem Webshop oder LIVE in unserem Shop an! \u2705 2 Jahre Garantie.","breadcrumb":{"@id":"https:\/\/dev.eliassen.nl\/de\/aussenuhr-rund-cambridge-35cm-grau\/#breadcrumb"},"inLanguage":"de","potentialAction":[{"@type":"ReadAction","target":["https:\/\/dev.eliassen.nl\/de\/aussenuhr-rund-cambridge-35cm-grau\/"]}]},{"@type":"ImageObject","inLanguage":"de","@id":"https:\/\/dev.eliassen.nl\/de\/aussenuhr-rund-cambridge-35cm-grau\/#primaryimage","url":"https:\/\/dev.eliassen.nl\/wp-content\/uploads\/2024\/01\/5050642011594.jpg","contentUrl":"https:\/\/dev.eliassen.nl\/wp-content\/uploads\/2024\/01\/5050642011594.jpg","width":1000,"height":1000,"caption":"5050642011594"},{"@type":"BreadcrumbList","@id":"https:\/\/dev.eliassen.nl\/de\/aussenuhr-rund-cambridge-35cm-grau\/#breadcrumb","itemListElement":[{"@type":"ListItem","position":1,"name":"Home","item":"https:\/\/dev.eliassen.nl\/de\/"},{"@type":"ListItem","position":2,"name":"Shop","item":"https:\/\/dev.eliassen.nl\/nl\/winkel\/"},{"@type":"ListItem","position":3,"name":"Wanddekoration","item":"https:\/\/dev.eliassen.nl\/de\/wanddekoration\/"},{"@type":"ListItem","position":4,"name":"Outdoor-Uhren","item":"https:\/\/dev.eliassen.nl\/de\/wanddekoration\/outdoor-uhren\/"},{"@type":"ListItem","position":5,"name":"Outdoor-Uhr rund um Cambridge 35cm t\u00fcrkis"}]},{"@type":"WebSite","@id":"https:\/\/dev.eliassen.nl\/de\/#website","url":"https:\/\/dev.eliassen.nl\/de\/","name":"Eliassen Home & Garden Pleasure","description":"","publisher":{"@id":"https:\/\/dev.eliassen.nl\/de\/#organization"},"alternateName":"Eliassen.nl","potentialAction":[{"@type":"SearchAction","target":{"@type":"EntryPoint","urlTemplate":"https:\/\/dev.eliassen.nl\/de\/?s={search_term_string}"},"query-input":{"@type":"PropertyValueSpecification","valueRequired":true,"valueName":"search_term_string"}}],"inLanguage":"de"},{"@type":"Organization","@id":"https:\/\/dev.eliassen.nl\/de\/#organization","name":"Eliassen Home & Garden Pleasure","url":"https:\/\/dev.eliassen.nl\/de\/","logo":{"@type":"ImageObject","inLanguage":"de","@id":"https:\/\/dev.eliassen.nl\/de\/#\/schema\/logo\/image\/","url":"https:\/\/www.eliassen.nl\/wp-content\/uploads\/2024\/01\/logo_4nd.jpg","contentUrl":"https:\/\/www.eliassen.nl\/wp-content\/uploads\/2024\/01\/logo_4nd.jpg","width":500,"height":500,"caption":"Eliassen Home & Garden Pleasure"},"image":{"@id":"https:\/\/dev.eliassen.nl\/de\/#\/schema\/logo\/image\/"},"sameAs":["https:\/\/www.facebook.com\/TuincentrumEliassenAmmerzoden","https:\/\/www.instagram.com\/eliassenhomeandgarden\/","https:\/\/nl.pinterest.com\/eliassenhomeandgarden\/","https:\/\/www.youtube.com\/@eliassenhomegardenpleasure4558"]}]}},"df_price":35.5,"df_sale_price":"","df_regular_price":35.5,"df_image_link":"https:\/\/dev.eliassen.nl\/wp-content\/uploads\/2024\/01\/5050642011594.jpg","image":"https:\/\/dev.eliassen.nl\/wp-content\/uploads\/2024\/01\/5050642011594.jpg","price_search":"<span class=\"woocommerce-Price-amount amount\"><bdi><span class=\"woocommerce-Price-currencySymbol\">&euro;<\/span>&nbsp;35,50<\/bdi><\/span>","category":"Outdoor-Uhren","_links":{"self":[{"href":"https:\/\/dev.eliassen.nl\/de\/wp-json\/wp\/v2\/product\/74938","targetHints":{"allow":["GET"]}}],"collection":[{"href":"https:\/\/dev.eliassen.nl\/de\/wp-json\/wp\/v2\/product"}],"about":[{"href":"https:\/\/dev.eliassen.nl\/de\/wp-json\/wp\/v2\/types\/product"}],"wp:featuredmedia":[{"embeddable":true,"href":"https:\/\/dev.eliassen.nl\/de\/wp-json\/wp\/v2\/media\/74929"}],"wp:attachment":[{"href":"https:\/\/dev.eliassen.nl\/de\/wp-json\/wp\/v2\/media?parent=74938"}],"wp:term":[{"taxonomy":"product_brand","embeddable":true,"href":"https:\/\/dev.eliassen.nl\/de\/wp-json\/wp\/v2\/product_brand?post=74938"},{"taxonomy":"product_cat","embeddable":true,"href":"https:\/\/dev.eliassen.nl\/de\/wp-json\/wp\/v2\/product_cat?post=74938"},{"taxonomy":"product_tag","embeddable":true,"href":"https:\/\/dev.eliassen.nl\/de\/wp-json\/wp\/v2\/product_tag?post=74938"}],"curies":[{"name":"wp","href":"https:\/\/api.w.org\/{rel}","templated":true}]}}