{"id":75046,"date":"2022-09-22T16:19:32","date_gmt":"2022-09-22T16:19:32","guid":{"rendered":"https:\/\/www.eliassen.nl\/?product=beeld-hond-beagle-beige-48cm"},"modified":"2023-06-09T13:53:08","modified_gmt":"2023-06-09T13:53:08","slug":"bild-hund-beagle-beige-48cm","status":"publish","type":"product","link":"https:\/\/dev.eliassen.nl\/de\/bild-hund-beagle-beige-48cm\/","title":{"rendered":"Bild Hund Beagle beige 48cm"},"content":{"rendered":"<p>Bringen Sie pure Sch\u00f6nheit in Ihr Haus oder Ihren Garten mit dieser gro\u00dfen Hundestatue in modernem Design in beige.<\/p>\n<p>Dieser Hund ist aus dem kr\u00e4ftigen grauen Fiberstone gefertigt, sch\u00f6n verarbeitet und dann mit einer beigen Farbe von super Qualit\u00e4t bespr\u00fcht. Fiberstone wird aus gemahlenem Naturstein hergestellt, mit Polyester-Epoxidharz gemischt und mit Glasfasermatten verst\u00e4rkt.<\/p>\n<p><strong>Dieser Hund kann auch in unserem Gesch\u00e4ft besichtigt werden.<\/strong><strong>\u00a0<\/strong><\/p>\n<ul>\n<li>Gr\u00f6\u00dfe: 54 x 17 x 48 cm hoch<\/li>\n<li>Material: Polyester-Faserstein<\/li>\n<li>Eigener Bestand<\/li>\n<li>3 Jahre Garantie, ausgenommen Sch\u00e4den von au\u00dfen<\/li>\n<li>UV-best\u00e4ndig<\/li>\n<li>Schnell geliefert<\/li>\n<li>Verpackt in einem stabilen Karton<\/li>\n<\/ul>\n","protected":false},"excerpt":{"rendered":"<p>Hundestatue eines Beagle-Hundes.<\/p>\n","protected":false},"featured_media":75028,"template":"","meta":{"_acf_changed":false},"product_brand":[],"product_cat":[612,1376],"product_tag":[],"class_list":{"0":"post-75046","1":"product","2":"type-product","3":"status-publish","4":"has-post-thumbnail","6":"product_cat-bilder","7":"product_cat-polystone-bilder","9":"first","10":"instock","11":"taxable","12":"shipping-taxable","13":"purchasable","14":"product-type-simple"},"acf":[],"yoast_head":"<!-- This site is optimized with the Yoast SEO plugin v23.8 - https:\/\/yoast.com\/wordpress\/plugins\/seo\/ -->\n<title>Bild Hund Beagle beige 48cm<\/title>\n<meta name=\"description\" content=\"Bilder von einem Hund? Sehen Sie sie alle in unserem Webshop oder live in unserem Gesch\u00e4ft an!!\" \/>\n<meta name=\"robots\" content=\"noindex, follow, max-snippet:-1, max-image-preview:large, max-video-preview:-1\" \/>\n<meta property=\"og:locale\" content=\"de_DE\" \/>\n<meta property=\"og:type\" content=\"article\" \/>\n<meta property=\"og:title\" content=\"Bild Hund Beagle beige 48cm\" \/>\n<meta property=\"og:description\" content=\"Bilder von einem Hund? Sehen Sie sie alle in unserem Webshop oder live in unserem Gesch\u00e4ft an!!\" \/>\n<meta property=\"og:url\" content=\"https:\/\/dev.eliassen.nl\/de\/bild-hund-beagle-beige-48cm\/\" \/>\n<meta property=\"og:site_name\" content=\"Eliassen.nl\" \/>\n<meta property=\"article:publisher\" content=\"https:\/\/www.facebook.com\/TuincentrumEliassenAmmerzoden\" \/>\n<meta property=\"article:modified_time\" content=\"2023-06-09T13:53:08+00:00\" \/>\n<meta property=\"og:image\" content=\"https:\/\/dev.eliassen.nl\/wp-content\/uploads\/2024\/01\/3016002.jpg\" \/>\n\t<meta property=\"og:image:width\" content=\"2048\" \/>\n\t<meta property=\"og:image:height\" content=\"1999\" \/>\n\t<meta property=\"og:image:type\" content=\"image\/jpeg\" \/>\n<meta name=\"twitter:card\" content=\"summary_large_image\" \/>\n<script type=\"application\/ld+json\" class=\"yoast-schema-graph\">{\"@context\":\"https:\/\/schema.org\",\"@graph\":[{\"@type\":\"WebPage\",\"@id\":\"https:\/\/dev.eliassen.nl\/de\/bild-hund-beagle-beige-48cm\/\",\"url\":\"https:\/\/dev.eliassen.nl\/de\/bild-hund-beagle-beige-48cm\/\",\"name\":\"Bild Hund Beagle beige 48cm\",\"isPartOf\":{\"@id\":\"https:\/\/dev.eliassen.nl\/de\/#website\"},\"primaryImageOfPage\":{\"@id\":\"https:\/\/dev.eliassen.nl\/de\/bild-hund-beagle-beige-48cm\/#primaryimage\"},\"image\":{\"@id\":\"https:\/\/dev.eliassen.nl\/de\/bild-hund-beagle-beige-48cm\/#primaryimage\"},\"thumbnailUrl\":\"https:\/\/dev.eliassen.nl\/wp-content\/uploads\/2024\/01\/3016002.jpg\",\"datePublished\":\"2022-09-22T16:19:32+00:00\",\"dateModified\":\"2023-06-09T13:53:08+00:00\",\"description\":\"Bilder von einem Hund? Sehen Sie sie alle in unserem Webshop oder live in unserem Gesch\u00e4ft an!!\",\"breadcrumb\":{\"@id\":\"https:\/\/dev.eliassen.nl\/de\/bild-hund-beagle-beige-48cm\/#breadcrumb\"},\"inLanguage\":\"de\",\"potentialAction\":[{\"@type\":\"ReadAction\",\"target\":[\"https:\/\/dev.eliassen.nl\/de\/bild-hund-beagle-beige-48cm\/\"]}]},{\"@type\":\"ImageObject\",\"inLanguage\":\"de\",\"@id\":\"https:\/\/dev.eliassen.nl\/de\/bild-hund-beagle-beige-48cm\/#primaryimage\",\"url\":\"https:\/\/dev.eliassen.nl\/wp-content\/uploads\/2024\/01\/3016002.jpg\",\"contentUrl\":\"https:\/\/dev.eliassen.nl\/wp-content\/uploads\/2024\/01\/3016002.jpg\",\"width\":2048,\"height\":1999,\"caption\":\"3016-002\"},{\"@type\":\"BreadcrumbList\",\"@id\":\"https:\/\/dev.eliassen.nl\/de\/bild-hund-beagle-beige-48cm\/#breadcrumb\",\"itemListElement\":[{\"@type\":\"ListItem\",\"position\":1,\"name\":\"Home\",\"item\":\"https:\/\/dev.eliassen.nl\/de\/\"},{\"@type\":\"ListItem\",\"position\":2,\"name\":\"Shop\",\"item\":\"https:\/\/dev.eliassen.nl\/nl\/winkel\/\"},{\"@type\":\"ListItem\",\"position\":3,\"name\":\"Statuen-Skulpturen\",\"item\":\"https:\/\/dev.eliassen.nl\/de\/statuen-skulpturen\/\"},{\"@type\":\"ListItem\",\"position\":4,\"name\":\"Polystone-Bilder\",\"item\":\"https:\/\/dev.eliassen.nl\/de\/bilder\/polystone-bilder\/\"},{\"@type\":\"ListItem\",\"position\":5,\"name\":\"Bild Hund Beagle beige 48cm\"}]},{\"@type\":\"WebSite\",\"@id\":\"https:\/\/dev.eliassen.nl\/de\/#website\",\"url\":\"https:\/\/dev.eliassen.nl\/de\/\",\"name\":\"Eliassen Home & Garden Pleasure\",\"description\":\"\",\"publisher\":{\"@id\":\"https:\/\/dev.eliassen.nl\/de\/#organization\"},\"alternateName\":\"Eliassen.nl\",\"potentialAction\":[{\"@type\":\"SearchAction\",\"target\":{\"@type\":\"EntryPoint\",\"urlTemplate\":\"https:\/\/dev.eliassen.nl\/de\/?s={search_term_string}\"},\"query-input\":{\"@type\":\"PropertyValueSpecification\",\"valueRequired\":true,\"valueName\":\"search_term_string\"}}],\"inLanguage\":\"de\"},{\"@type\":\"Organization\",\"@id\":\"https:\/\/dev.eliassen.nl\/de\/#organization\",\"name\":\"Eliassen Home & Garden Pleasure\",\"url\":\"https:\/\/dev.eliassen.nl\/de\/\",\"logo\":{\"@type\":\"ImageObject\",\"inLanguage\":\"de\",\"@id\":\"https:\/\/dev.eliassen.nl\/de\/#\/schema\/logo\/image\/\",\"url\":\"https:\/\/www.eliassen.nl\/wp-content\/uploads\/2024\/01\/logo_4nd.jpg\",\"contentUrl\":\"https:\/\/www.eliassen.nl\/wp-content\/uploads\/2024\/01\/logo_4nd.jpg\",\"width\":500,\"height\":500,\"caption\":\"Eliassen Home & Garden Pleasure\"},\"image\":{\"@id\":\"https:\/\/dev.eliassen.nl\/de\/#\/schema\/logo\/image\/\"},\"sameAs\":[\"https:\/\/www.facebook.com\/TuincentrumEliassenAmmerzoden\",\"https:\/\/www.instagram.com\/eliassenhomeandgarden\/\",\"https:\/\/nl.pinterest.com\/eliassenhomeandgarden\/\",\"https:\/\/www.youtube.com\/@eliassenhomegardenpleasure4558\"]}]}<\/script>\n<!-- \/ Yoast SEO plugin. -->","yoast_head_json":{"title":"Bild Hund Beagle beige 48cm","description":"Bilder von einem Hund? Sehen Sie sie alle in unserem Webshop oder live in unserem Gesch\u00e4ft an!!","robots":{"index":"noindex","follow":"follow","max-snippet":"max-snippet:-1","max-image-preview":"max-image-preview:large","max-video-preview":"max-video-preview:-1"},"og_locale":"de_DE","og_type":"article","og_title":"Bild Hund Beagle beige 48cm","og_description":"Bilder von einem Hund? Sehen Sie sie alle in unserem Webshop oder live in unserem Gesch\u00e4ft an!!","og_url":"https:\/\/dev.eliassen.nl\/de\/bild-hund-beagle-beige-48cm\/","og_site_name":"Eliassen.nl","article_publisher":"https:\/\/www.facebook.com\/TuincentrumEliassenAmmerzoden","article_modified_time":"2023-06-09T13:53:08+00:00","og_image":[{"width":2048,"height":1999,"url":"https:\/\/dev.eliassen.nl\/wp-content\/uploads\/2024\/01\/3016002.jpg","type":"image\/jpeg"}],"twitter_card":"summary_large_image","schema":{"@context":"https:\/\/schema.org","@graph":[{"@type":"WebPage","@id":"https:\/\/dev.eliassen.nl\/de\/bild-hund-beagle-beige-48cm\/","url":"https:\/\/dev.eliassen.nl\/de\/bild-hund-beagle-beige-48cm\/","name":"Bild Hund Beagle beige 48cm","isPartOf":{"@id":"https:\/\/dev.eliassen.nl\/de\/#website"},"primaryImageOfPage":{"@id":"https:\/\/dev.eliassen.nl\/de\/bild-hund-beagle-beige-48cm\/#primaryimage"},"image":{"@id":"https:\/\/dev.eliassen.nl\/de\/bild-hund-beagle-beige-48cm\/#primaryimage"},"thumbnailUrl":"https:\/\/dev.eliassen.nl\/wp-content\/uploads\/2024\/01\/3016002.jpg","datePublished":"2022-09-22T16:19:32+00:00","dateModified":"2023-06-09T13:53:08+00:00","description":"Bilder von einem Hund? Sehen Sie sie alle in unserem Webshop oder live in unserem Gesch\u00e4ft an!!","breadcrumb":{"@id":"https:\/\/dev.eliassen.nl\/de\/bild-hund-beagle-beige-48cm\/#breadcrumb"},"inLanguage":"de","potentialAction":[{"@type":"ReadAction","target":["https:\/\/dev.eliassen.nl\/de\/bild-hund-beagle-beige-48cm\/"]}]},{"@type":"ImageObject","inLanguage":"de","@id":"https:\/\/dev.eliassen.nl\/de\/bild-hund-beagle-beige-48cm\/#primaryimage","url":"https:\/\/dev.eliassen.nl\/wp-content\/uploads\/2024\/01\/3016002.jpg","contentUrl":"https:\/\/dev.eliassen.nl\/wp-content\/uploads\/2024\/01\/3016002.jpg","width":2048,"height":1999,"caption":"3016-002"},{"@type":"BreadcrumbList","@id":"https:\/\/dev.eliassen.nl\/de\/bild-hund-beagle-beige-48cm\/#breadcrumb","itemListElement":[{"@type":"ListItem","position":1,"name":"Home","item":"https:\/\/dev.eliassen.nl\/de\/"},{"@type":"ListItem","position":2,"name":"Shop","item":"https:\/\/dev.eliassen.nl\/nl\/winkel\/"},{"@type":"ListItem","position":3,"name":"Statuen-Skulpturen","item":"https:\/\/dev.eliassen.nl\/de\/statuen-skulpturen\/"},{"@type":"ListItem","position":4,"name":"Polystone-Bilder","item":"https:\/\/dev.eliassen.nl\/de\/bilder\/polystone-bilder\/"},{"@type":"ListItem","position":5,"name":"Bild Hund Beagle beige 48cm"}]},{"@type":"WebSite","@id":"https:\/\/dev.eliassen.nl\/de\/#website","url":"https:\/\/dev.eliassen.nl\/de\/","name":"Eliassen Home & Garden Pleasure","description":"","publisher":{"@id":"https:\/\/dev.eliassen.nl\/de\/#organization"},"alternateName":"Eliassen.nl","potentialAction":[{"@type":"SearchAction","target":{"@type":"EntryPoint","urlTemplate":"https:\/\/dev.eliassen.nl\/de\/?s={search_term_string}"},"query-input":{"@type":"PropertyValueSpecification","valueRequired":true,"valueName":"search_term_string"}}],"inLanguage":"de"},{"@type":"Organization","@id":"https:\/\/dev.eliassen.nl\/de\/#organization","name":"Eliassen Home & Garden Pleasure","url":"https:\/\/dev.eliassen.nl\/de\/","logo":{"@type":"ImageObject","inLanguage":"de","@id":"https:\/\/dev.eliassen.nl\/de\/#\/schema\/logo\/image\/","url":"https:\/\/www.eliassen.nl\/wp-content\/uploads\/2024\/01\/logo_4nd.jpg","contentUrl":"https:\/\/www.eliassen.nl\/wp-content\/uploads\/2024\/01\/logo_4nd.jpg","width":500,"height":500,"caption":"Eliassen Home & Garden Pleasure"},"image":{"@id":"https:\/\/dev.eliassen.nl\/de\/#\/schema\/logo\/image\/"},"sameAs":["https:\/\/www.facebook.com\/TuincentrumEliassenAmmerzoden","https:\/\/www.instagram.com\/eliassenhomeandgarden\/","https:\/\/nl.pinterest.com\/eliassenhomeandgarden\/","https:\/\/www.youtube.com\/@eliassenhomegardenpleasure4558"]}]}},"df_price":77.5,"df_sale_price":"","df_regular_price":77.5,"df_image_link":"https:\/\/dev.eliassen.nl\/wp-content\/uploads\/2024\/01\/3016002.jpg","image":"https:\/\/dev.eliassen.nl\/wp-content\/uploads\/2024\/01\/3016002.jpg","price_search":"<span class=\"woocommerce-Price-amount amount\"><bdi><span class=\"woocommerce-Price-currencySymbol\">&euro;<\/span>&nbsp;77,50<\/bdi><\/span>","category":"Bilder","_links":{"self":[{"href":"https:\/\/dev.eliassen.nl\/de\/wp-json\/wp\/v2\/product\/75046","targetHints":{"allow":["GET"]}}],"collection":[{"href":"https:\/\/dev.eliassen.nl\/de\/wp-json\/wp\/v2\/product"}],"about":[{"href":"https:\/\/dev.eliassen.nl\/de\/wp-json\/wp\/v2\/types\/product"}],"wp:featuredmedia":[{"embeddable":true,"href":"https:\/\/dev.eliassen.nl\/de\/wp-json\/wp\/v2\/media\/75028"}],"wp:attachment":[{"href":"https:\/\/dev.eliassen.nl\/de\/wp-json\/wp\/v2\/media?parent=75046"}],"wp:term":[{"taxonomy":"product_brand","embeddable":true,"href":"https:\/\/dev.eliassen.nl\/de\/wp-json\/wp\/v2\/product_brand?post=75046"},{"taxonomy":"product_cat","embeddable":true,"href":"https:\/\/dev.eliassen.nl\/de\/wp-json\/wp\/v2\/product_cat?post=75046"},{"taxonomy":"product_tag","embeddable":true,"href":"https:\/\/dev.eliassen.nl\/de\/wp-json\/wp\/v2\/product_tag?post=75046"}],"curies":[{"name":"wp","href":"https:\/\/api.w.org\/{rel}","templated":true}]}}