{"id":75241,"date":"2022-09-23T09:43:58","date_gmt":"2022-09-23T09:43:58","guid":{"rendered":"https:\/\/www.eliassen.nl\/?product=beeld-zittende-man-met-been-omhoog-grijs-49cm"},"modified":"2023-10-20T14:11:11","modified_gmt":"2023-10-20T14:11:11","slug":"figur-sitzender-mann-mit-erhobenem-bein-grau-49-cm","status":"publish","type":"product","link":"https:\/\/dev.eliassen.nl\/de\/figur-sitzender-mann-mit-erhobenem-bein-grau-49-cm\/","title":{"rendered":"Figur Sitzender Mann mit erhobenem Bein, grau 49 cm"},"content":{"rendered":"<p>Bringen Sie pure Sch\u00f6nheit in Ihr Haus oder Ihren Garten mit diesem modern gestalteten Mann mit grauem Design. Diese Skulptur verdient einen Platz auf einer Erh\u00f6hung, damit die Beine herunterh\u00e4ngen k\u00f6nnen, wie z. B. ein Schrank, eine S\u00e4ule, eine Wand usw.<\/p>\n<p>Diese Steinstatue ist aus starkem grauem Fiberstone gefertigt, wundersch\u00f6n verarbeitet bis ins kleinste Detail, von super Qualit\u00e4t. Fiberstone wird aus gemahlenem Naturstein hergestellt, mit Polyester-Epoxidharz gemischt und mit Glasfasermatten verst\u00e4rkt.<\/p>\n<p><strong>Dieses Bild kann auch in unserem Shop angesehen werden.<\/strong><strong>\u00a0<\/strong><\/p>\n<ul>\n<li>Gr\u00f6\u00dfe: insgesamt 27 x 49 cm hoch<\/li>\n<li>Material: Polyester-Faserstein<\/li>\n<li>Farbe: Grau<\/li>\n<li>Eigener Bestand<\/li>\n<li>3 Jahre Garantie, ausgenommen \u00e4u\u00dfere Sch\u00e4den<\/li>\n<li>UV-best\u00e4ndig<\/li>\n<li>Schnell geliefert<\/li>\n<li>Verpackt in einem stabilen Karton<\/li>\n<\/ul>\n","protected":false},"excerpt":{"rendered":"<p>Skulptur eines Mannes mit erhobenem Bein, 49 cm<\/p>\n","protected":false},"featured_media":75223,"template":"","meta":{"_acf_changed":false},"product_brand":[],"product_cat":[612,1376],"product_tag":[],"class_list":{"0":"post-75241","1":"product","2":"type-product","3":"status-publish","4":"has-post-thumbnail","6":"product_cat-bilder","7":"product_cat-polystone-bilder","9":"first","10":"outofstock","11":"taxable","12":"shipping-taxable","13":"purchasable","14":"product-type-simple"},"acf":[],"yoast_head":"<!-- This site is optimized with the Yoast SEO plugin v23.8 - https:\/\/yoast.com\/wordpress\/plugins\/seo\/ -->\n<title>Bild Sitzender Mann mit erhobenem Bein | Grau | 49cm | Eliassen.nl<\/title>\n<meta name=\"description\" content=\"Eine sch\u00f6ne Steinstatue eines sitzenden Mannes in der Farbe Grau. Sch\u00f6n im Wohnzimmer oder B\u00fcro zu platzieren. \u2705 Polyester Fiberstone \u2705 3 Jahre Garantie!\" \/>\n<meta name=\"robots\" content=\"noindex, follow, max-snippet:-1, max-image-preview:large, max-video-preview:-1\" \/>\n<meta property=\"og:locale\" content=\"de_DE\" \/>\n<meta property=\"og:type\" content=\"article\" \/>\n<meta property=\"og:title\" content=\"Bild Sitzender Mann mit erhobenem Bein | Grau | 49cm | Eliassen.nl\" \/>\n<meta property=\"og:description\" content=\"Eine sch\u00f6ne Steinstatue eines sitzenden Mannes in der Farbe Grau. Sch\u00f6n im Wohnzimmer oder B\u00fcro zu platzieren. \u2705 Polyester Fiberstone \u2705 3 Jahre Garantie!\" \/>\n<meta property=\"og:url\" content=\"https:\/\/dev.eliassen.nl\/de\/figur-sitzender-mann-mit-erhobenem-bein-grau-49-cm\/\" \/>\n<meta property=\"og:site_name\" content=\"Eliassen.nl\" \/>\n<meta property=\"article:publisher\" content=\"https:\/\/www.facebook.com\/TuincentrumEliassenAmmerzoden\" \/>\n<meta property=\"article:modified_time\" content=\"2023-10-20T14:11:11+00:00\" \/>\n<meta property=\"og:image\" content=\"https:\/\/dev.eliassen.nl\/wp-content\/uploads\/2024\/01\/beeldzittendemanmetbeenomhooggrijs49cmel.jpg\" \/>\n\t<meta property=\"og:image:width\" content=\"794\" \/>\n\t<meta property=\"og:image:height\" content=\"2048\" \/>\n\t<meta property=\"og:image:type\" content=\"image\/jpeg\" \/>\n<meta name=\"twitter:card\" content=\"summary_large_image\" \/>\n<script type=\"application\/ld+json\" class=\"yoast-schema-graph\">{\"@context\":\"https:\/\/schema.org\",\"@graph\":[{\"@type\":\"WebPage\",\"@id\":\"https:\/\/dev.eliassen.nl\/de\/figur-sitzender-mann-mit-erhobenem-bein-grau-49-cm\/\",\"url\":\"https:\/\/dev.eliassen.nl\/de\/figur-sitzender-mann-mit-erhobenem-bein-grau-49-cm\/\",\"name\":\"Bild Sitzender Mann mit erhobenem Bein | Grau | 49cm | Eliassen.nl\",\"isPartOf\":{\"@id\":\"https:\/\/dev.eliassen.nl\/de\/#website\"},\"primaryImageOfPage\":{\"@id\":\"https:\/\/dev.eliassen.nl\/de\/figur-sitzender-mann-mit-erhobenem-bein-grau-49-cm\/#primaryimage\"},\"image\":{\"@id\":\"https:\/\/dev.eliassen.nl\/de\/figur-sitzender-mann-mit-erhobenem-bein-grau-49-cm\/#primaryimage\"},\"thumbnailUrl\":\"https:\/\/dev.eliassen.nl\/wp-content\/uploads\/2024\/01\/beeldzittendemanmetbeenomhooggrijs49cmel.jpg\",\"datePublished\":\"2022-09-23T09:43:58+00:00\",\"dateModified\":\"2023-10-20T14:11:11+00:00\",\"description\":\"Eine sch\u00f6ne Steinstatue eines sitzenden Mannes in der Farbe Grau. Sch\u00f6n im Wohnzimmer oder B\u00fcro zu platzieren. \u2705 Polyester Fiberstone \u2705 3 Jahre Garantie!\",\"breadcrumb\":{\"@id\":\"https:\/\/dev.eliassen.nl\/de\/figur-sitzender-mann-mit-erhobenem-bein-grau-49-cm\/#breadcrumb\"},\"inLanguage\":\"de\",\"potentialAction\":[{\"@type\":\"ReadAction\",\"target\":[\"https:\/\/dev.eliassen.nl\/de\/figur-sitzender-mann-mit-erhobenem-bein-grau-49-cm\/\"]}]},{\"@type\":\"ImageObject\",\"inLanguage\":\"de\",\"@id\":\"https:\/\/dev.eliassen.nl\/de\/figur-sitzender-mann-mit-erhobenem-bein-grau-49-cm\/#primaryimage\",\"url\":\"https:\/\/dev.eliassen.nl\/wp-content\/uploads\/2024\/01\/beeldzittendemanmetbeenomhooggrijs49cmel.jpg\",\"contentUrl\":\"https:\/\/dev.eliassen.nl\/wp-content\/uploads\/2024\/01\/beeldzittendemanmetbeenomhooggrijs49cmel.jpg\",\"width\":794,\"height\":2048,\"caption\":\"Beeld Zittende man met been omhoog grijs 49cm - Eliassen.nl\"},{\"@type\":\"BreadcrumbList\",\"@id\":\"https:\/\/dev.eliassen.nl\/de\/figur-sitzender-mann-mit-erhobenem-bein-grau-49-cm\/#breadcrumb\",\"itemListElement\":[{\"@type\":\"ListItem\",\"position\":1,\"name\":\"Home\",\"item\":\"https:\/\/dev.eliassen.nl\/de\/\"},{\"@type\":\"ListItem\",\"position\":2,\"name\":\"Shop\",\"item\":\"https:\/\/dev.eliassen.nl\/nl\/winkel\/\"},{\"@type\":\"ListItem\",\"position\":3,\"name\":\"Statuen-Skulpturen\",\"item\":\"https:\/\/dev.eliassen.nl\/de\/statuen-skulpturen\/\"},{\"@type\":\"ListItem\",\"position\":4,\"name\":\"Polystone-Bilder\",\"item\":\"https:\/\/dev.eliassen.nl\/de\/bilder\/polystone-bilder\/\"},{\"@type\":\"ListItem\",\"position\":5,\"name\":\"Figur Sitzender Mann mit erhobenem Bein, grau 49 cm\"}]},{\"@type\":\"WebSite\",\"@id\":\"https:\/\/dev.eliassen.nl\/de\/#website\",\"url\":\"https:\/\/dev.eliassen.nl\/de\/\",\"name\":\"Eliassen Home & Garden Pleasure\",\"description\":\"\",\"publisher\":{\"@id\":\"https:\/\/dev.eliassen.nl\/de\/#organization\"},\"alternateName\":\"Eliassen.nl\",\"potentialAction\":[{\"@type\":\"SearchAction\",\"target\":{\"@type\":\"EntryPoint\",\"urlTemplate\":\"https:\/\/dev.eliassen.nl\/de\/?s={search_term_string}\"},\"query-input\":{\"@type\":\"PropertyValueSpecification\",\"valueRequired\":true,\"valueName\":\"search_term_string\"}}],\"inLanguage\":\"de\"},{\"@type\":\"Organization\",\"@id\":\"https:\/\/dev.eliassen.nl\/de\/#organization\",\"name\":\"Eliassen Home & Garden Pleasure\",\"url\":\"https:\/\/dev.eliassen.nl\/de\/\",\"logo\":{\"@type\":\"ImageObject\",\"inLanguage\":\"de\",\"@id\":\"https:\/\/dev.eliassen.nl\/de\/#\/schema\/logo\/image\/\",\"url\":\"https:\/\/www.eliassen.nl\/wp-content\/uploads\/2024\/01\/logo_4nd.jpg\",\"contentUrl\":\"https:\/\/www.eliassen.nl\/wp-content\/uploads\/2024\/01\/logo_4nd.jpg\",\"width\":500,\"height\":500,\"caption\":\"Eliassen Home & Garden Pleasure\"},\"image\":{\"@id\":\"https:\/\/dev.eliassen.nl\/de\/#\/schema\/logo\/image\/\"},\"sameAs\":[\"https:\/\/www.facebook.com\/TuincentrumEliassenAmmerzoden\",\"https:\/\/www.instagram.com\/eliassenhomeandgarden\/\",\"https:\/\/nl.pinterest.com\/eliassenhomeandgarden\/\",\"https:\/\/www.youtube.com\/@eliassenhomegardenpleasure4558\"]}]}<\/script>\n<!-- \/ Yoast SEO plugin. -->","yoast_head_json":{"title":"Bild Sitzender Mann mit erhobenem Bein | Grau | 49cm | Eliassen.nl","description":"Eine sch\u00f6ne Steinstatue eines sitzenden Mannes in der Farbe Grau. Sch\u00f6n im Wohnzimmer oder B\u00fcro zu platzieren. \u2705 Polyester Fiberstone \u2705 3 Jahre Garantie!","robots":{"index":"noindex","follow":"follow","max-snippet":"max-snippet:-1","max-image-preview":"max-image-preview:large","max-video-preview":"max-video-preview:-1"},"og_locale":"de_DE","og_type":"article","og_title":"Bild Sitzender Mann mit erhobenem Bein | Grau | 49cm | Eliassen.nl","og_description":"Eine sch\u00f6ne Steinstatue eines sitzenden Mannes in der Farbe Grau. Sch\u00f6n im Wohnzimmer oder B\u00fcro zu platzieren. \u2705 Polyester Fiberstone \u2705 3 Jahre Garantie!","og_url":"https:\/\/dev.eliassen.nl\/de\/figur-sitzender-mann-mit-erhobenem-bein-grau-49-cm\/","og_site_name":"Eliassen.nl","article_publisher":"https:\/\/www.facebook.com\/TuincentrumEliassenAmmerzoden","article_modified_time":"2023-10-20T14:11:11+00:00","og_image":[{"width":794,"height":2048,"url":"https:\/\/dev.eliassen.nl\/wp-content\/uploads\/2024\/01\/beeldzittendemanmetbeenomhooggrijs49cmel.jpg","type":"image\/jpeg"}],"twitter_card":"summary_large_image","schema":{"@context":"https:\/\/schema.org","@graph":[{"@type":"WebPage","@id":"https:\/\/dev.eliassen.nl\/de\/figur-sitzender-mann-mit-erhobenem-bein-grau-49-cm\/","url":"https:\/\/dev.eliassen.nl\/de\/figur-sitzender-mann-mit-erhobenem-bein-grau-49-cm\/","name":"Bild Sitzender Mann mit erhobenem Bein | Grau | 49cm | Eliassen.nl","isPartOf":{"@id":"https:\/\/dev.eliassen.nl\/de\/#website"},"primaryImageOfPage":{"@id":"https:\/\/dev.eliassen.nl\/de\/figur-sitzender-mann-mit-erhobenem-bein-grau-49-cm\/#primaryimage"},"image":{"@id":"https:\/\/dev.eliassen.nl\/de\/figur-sitzender-mann-mit-erhobenem-bein-grau-49-cm\/#primaryimage"},"thumbnailUrl":"https:\/\/dev.eliassen.nl\/wp-content\/uploads\/2024\/01\/beeldzittendemanmetbeenomhooggrijs49cmel.jpg","datePublished":"2022-09-23T09:43:58+00:00","dateModified":"2023-10-20T14:11:11+00:00","description":"Eine sch\u00f6ne Steinstatue eines sitzenden Mannes in der Farbe Grau. Sch\u00f6n im Wohnzimmer oder B\u00fcro zu platzieren. \u2705 Polyester Fiberstone \u2705 3 Jahre Garantie!","breadcrumb":{"@id":"https:\/\/dev.eliassen.nl\/de\/figur-sitzender-mann-mit-erhobenem-bein-grau-49-cm\/#breadcrumb"},"inLanguage":"de","potentialAction":[{"@type":"ReadAction","target":["https:\/\/dev.eliassen.nl\/de\/figur-sitzender-mann-mit-erhobenem-bein-grau-49-cm\/"]}]},{"@type":"ImageObject","inLanguage":"de","@id":"https:\/\/dev.eliassen.nl\/de\/figur-sitzender-mann-mit-erhobenem-bein-grau-49-cm\/#primaryimage","url":"https:\/\/dev.eliassen.nl\/wp-content\/uploads\/2024\/01\/beeldzittendemanmetbeenomhooggrijs49cmel.jpg","contentUrl":"https:\/\/dev.eliassen.nl\/wp-content\/uploads\/2024\/01\/beeldzittendemanmetbeenomhooggrijs49cmel.jpg","width":794,"height":2048,"caption":"Beeld Zittende man met been omhoog grijs 49cm - Eliassen.nl"},{"@type":"BreadcrumbList","@id":"https:\/\/dev.eliassen.nl\/de\/figur-sitzender-mann-mit-erhobenem-bein-grau-49-cm\/#breadcrumb","itemListElement":[{"@type":"ListItem","position":1,"name":"Home","item":"https:\/\/dev.eliassen.nl\/de\/"},{"@type":"ListItem","position":2,"name":"Shop","item":"https:\/\/dev.eliassen.nl\/nl\/winkel\/"},{"@type":"ListItem","position":3,"name":"Statuen-Skulpturen","item":"https:\/\/dev.eliassen.nl\/de\/statuen-skulpturen\/"},{"@type":"ListItem","position":4,"name":"Polystone-Bilder","item":"https:\/\/dev.eliassen.nl\/de\/bilder\/polystone-bilder\/"},{"@type":"ListItem","position":5,"name":"Figur Sitzender Mann mit erhobenem Bein, grau 49 cm"}]},{"@type":"WebSite","@id":"https:\/\/dev.eliassen.nl\/de\/#website","url":"https:\/\/dev.eliassen.nl\/de\/","name":"Eliassen Home & Garden Pleasure","description":"","publisher":{"@id":"https:\/\/dev.eliassen.nl\/de\/#organization"},"alternateName":"Eliassen.nl","potentialAction":[{"@type":"SearchAction","target":{"@type":"EntryPoint","urlTemplate":"https:\/\/dev.eliassen.nl\/de\/?s={search_term_string}"},"query-input":{"@type":"PropertyValueSpecification","valueRequired":true,"valueName":"search_term_string"}}],"inLanguage":"de"},{"@type":"Organization","@id":"https:\/\/dev.eliassen.nl\/de\/#organization","name":"Eliassen Home & Garden Pleasure","url":"https:\/\/dev.eliassen.nl\/de\/","logo":{"@type":"ImageObject","inLanguage":"de","@id":"https:\/\/dev.eliassen.nl\/de\/#\/schema\/logo\/image\/","url":"https:\/\/www.eliassen.nl\/wp-content\/uploads\/2024\/01\/logo_4nd.jpg","contentUrl":"https:\/\/www.eliassen.nl\/wp-content\/uploads\/2024\/01\/logo_4nd.jpg","width":500,"height":500,"caption":"Eliassen Home & Garden Pleasure"},"image":{"@id":"https:\/\/dev.eliassen.nl\/de\/#\/schema\/logo\/image\/"},"sameAs":["https:\/\/www.facebook.com\/TuincentrumEliassenAmmerzoden","https:\/\/www.instagram.com\/eliassenhomeandgarden\/","https:\/\/nl.pinterest.com\/eliassenhomeandgarden\/","https:\/\/www.youtube.com\/@eliassenhomegardenpleasure4558"]}]}},"df_price":49.5,"df_sale_price":"","df_regular_price":49.5,"df_image_link":"https:\/\/dev.eliassen.nl\/wp-content\/uploads\/2024\/01\/beeldzittendemanmetbeenomhooggrijs49cmel.jpg","image":"https:\/\/dev.eliassen.nl\/wp-content\/uploads\/2024\/01\/beeldzittendemanmetbeenomhooggrijs49cmel.jpg","price_search":"<span class=\"woocommerce-Price-amount amount\"><bdi><span class=\"woocommerce-Price-currencySymbol\">&euro;<\/span>&nbsp;49,50<\/bdi><\/span>","category":"Bilder","_links":{"self":[{"href":"https:\/\/dev.eliassen.nl\/de\/wp-json\/wp\/v2\/product\/75241","targetHints":{"allow":["GET"]}}],"collection":[{"href":"https:\/\/dev.eliassen.nl\/de\/wp-json\/wp\/v2\/product"}],"about":[{"href":"https:\/\/dev.eliassen.nl\/de\/wp-json\/wp\/v2\/types\/product"}],"wp:featuredmedia":[{"embeddable":true,"href":"https:\/\/dev.eliassen.nl\/de\/wp-json\/wp\/v2\/media\/75223"}],"wp:attachment":[{"href":"https:\/\/dev.eliassen.nl\/de\/wp-json\/wp\/v2\/media?parent=75241"}],"wp:term":[{"taxonomy":"product_brand","embeddable":true,"href":"https:\/\/dev.eliassen.nl\/de\/wp-json\/wp\/v2\/product_brand?post=75241"},{"taxonomy":"product_cat","embeddable":true,"href":"https:\/\/dev.eliassen.nl\/de\/wp-json\/wp\/v2\/product_cat?post=75241"},{"taxonomy":"product_tag","embeddable":true,"href":"https:\/\/dev.eliassen.nl\/de\/wp-json\/wp\/v2\/product_tag?post=75241"}],"curies":[{"name":"wp","href":"https:\/\/api.w.org\/{rel}","templated":true}]}}