{"id":75430,"date":"2022-09-23T10:21:58","date_gmt":"2022-09-23T08:21:58","guid":{"rendered":"https:\/\/www.eliassen.nl\/?product=coupevaas-sokkel-gigant-115cm"},"modified":"2024-12-05T16:07:52","modified_gmt":"2024-12-05T15:07:52","slug":"coupevase-mit-sockel-gigant-115cm","status":"publish","type":"product","link":"https:\/\/dev.eliassen.nl\/de\/coupevase-mit-sockel-gigant-115cm\/","title":{"rendered":"Coupevase mit Sockel Gigant 115cm"},"content":{"rendered":"<p>Bringen Sie pure Sch\u00f6nheit in Ihren Garten mit diesem modern gestalteten Set aus Fiberstone, verst\u00e4rkt mit Glasfasermatten, in grauer Ausf\u00fchrung.<\/p>\n<p>Hergestellt mit h\u00f6chster Genauigkeit und sch\u00f6ner moderner Form.<\/p>\n<p>Diese gro\u00dfe Coup\u00e9-Vase ist riesig, mit einem Durchmesser von nicht weniger als 71 cm. Bef\u00fcllt mit Pflanzen wird es ein sch\u00f6ner Hingucker. Unter dieser Vase ein Sockel aus dem gleichen Material und der gleichen Farbe.<\/p>\n<ul>\n<li>Gr\u00f6\u00dfe: 71 x 116 cm hoch insgesamt<\/li>\n<li>Material: Polyester-Faserstein<\/li>\n<li>Farbe: Grau<\/li>\n<li>F\u00fcr drau\u00dfen, aber nat\u00fcrlich auch drinnen m\u00f6glich.<\/li>\n<li>Eigener Bestand<\/li>\n<li>3 Jahre Garantie, ausgenommen Sch\u00e4den von au\u00dfen<\/li>\n<li>UV-best\u00e4ndig<\/li>\n<li>Schnell geliefert<\/li>\n<li>Verpackt in stabilen Kartons<\/li>\n<\/ul>\n","protected":false},"excerpt":{"rendered":"<p>Der gigantische Durchmesser der Vasens\u00e4ulenkombination betr\u00e4gt 71 cm<\/p>\n","protected":false},"featured_media":75424,"template":"","meta":{"_acf_changed":false},"product_brand":[],"product_cat":[722,733,1415,1427],"product_tag":[],"class_list":{"0":"post-75430","1":"product","2":"type-product","3":"status-publish","4":"has-post-thumbnail","6":"product_cat-blumentoepfe-und-pflanzgefaesse","7":"product_cat-englische-gartenvasen","8":"product_cat-grosse-klassische-gartenvasen","9":"product_cat-tuinvazen-fiberclay","11":"first","12":"instock","13":"sale","14":"taxable","15":"shipping-taxable","16":"purchasable","17":"product-type-simple"},"acf":[],"yoast_head":"<!-- This site is optimized with the Yoast SEO plugin v23.8 - https:\/\/yoast.com\/wordpress\/plugins\/seo\/ -->\n<title>Coupevase mit Sockel Gigant | 115cm | Grau | Polyester-Faserstein<\/title>\n<meta name=\"description\" content=\"Eine sch\u00f6ne Vase mit Sockel aus Polyester Fiberstone. Diese Coupe Vase ist eine gro\u00dfe Version. \u2705 3 Jahre Garantie! \u2705 F\u00fcr drinnen und drau\u00dfen \u2705 LIVE zu sehen!\" \/>\n<meta name=\"robots\" content=\"noindex, follow, max-snippet:-1, max-image-preview:large, max-video-preview:-1\" \/>\n<meta property=\"og:locale\" content=\"de_DE\" \/>\n<meta property=\"og:type\" content=\"article\" \/>\n<meta property=\"og:title\" content=\"Coupevase mit Sockel Gigant | 115cm | Grau | Polyester-Faserstein\" \/>\n<meta property=\"og:description\" content=\"Eine sch\u00f6ne Vase mit Sockel aus Polyester Fiberstone. Diese Coupe Vase ist eine gro\u00dfe Version. \u2705 3 Jahre Garantie! \u2705 F\u00fcr drinnen und drau\u00dfen \u2705 LIVE zu sehen!\" \/>\n<meta property=\"og:url\" content=\"https:\/\/dev.eliassen.nl\/de\/coupevase-mit-sockel-gigant-115cm\/\" \/>\n<meta property=\"og:site_name\" content=\"Eliassen.nl\" \/>\n<meta property=\"article:publisher\" content=\"https:\/\/www.facebook.com\/TuincentrumEliassenAmmerzoden\" \/>\n<meta property=\"article:modified_time\" content=\"2024-12-05T15:07:52+00:00\" \/>\n<meta property=\"og:image\" content=\"https:\/\/dev.eliassen.nl\/wp-content\/uploads\/2024\/01\/31493153coupevaasmetsokkelgigant115cmel.png\" \/>\n\t<meta property=\"og:image:width\" content=\"1536\" \/>\n\t<meta property=\"og:image:height\" content=\"2048\" \/>\n\t<meta property=\"og:image:type\" content=\"image\/png\" \/>\n<meta name=\"twitter:card\" content=\"summary_large_image\" \/>\n<script type=\"application\/ld+json\" class=\"yoast-schema-graph\">{\"@context\":\"https:\/\/schema.org\",\"@graph\":[{\"@type\":\"WebPage\",\"@id\":\"https:\/\/dev.eliassen.nl\/de\/coupevase-mit-sockel-gigant-115cm\/\",\"url\":\"https:\/\/dev.eliassen.nl\/de\/coupevase-mit-sockel-gigant-115cm\/\",\"name\":\"Coupevase mit Sockel Gigant | 115cm | Grau | Polyester-Faserstein\",\"isPartOf\":{\"@id\":\"https:\/\/dev.eliassen.nl\/de\/#website\"},\"primaryImageOfPage\":{\"@id\":\"https:\/\/dev.eliassen.nl\/de\/coupevase-mit-sockel-gigant-115cm\/#primaryimage\"},\"image\":{\"@id\":\"https:\/\/dev.eliassen.nl\/de\/coupevase-mit-sockel-gigant-115cm\/#primaryimage\"},\"thumbnailUrl\":\"https:\/\/dev.eliassen.nl\/wp-content\/uploads\/2024\/01\/31493153coupevaasmetsokkelgigant115cmel.png\",\"datePublished\":\"2022-09-23T08:21:58+00:00\",\"dateModified\":\"2024-12-05T15:07:52+00:00\",\"description\":\"Eine sch\u00f6ne Vase mit Sockel aus Polyester Fiberstone. Diese Coupe Vase ist eine gro\u00dfe Version. \u2705 3 Jahre Garantie! \u2705 F\u00fcr drinnen und drau\u00dfen \u2705 LIVE zu sehen!\",\"breadcrumb\":{\"@id\":\"https:\/\/dev.eliassen.nl\/de\/coupevase-mit-sockel-gigant-115cm\/#breadcrumb\"},\"inLanguage\":\"de\",\"potentialAction\":[{\"@type\":\"ReadAction\",\"target\":[\"https:\/\/dev.eliassen.nl\/de\/coupevase-mit-sockel-gigant-115cm\/\"]}]},{\"@type\":\"ImageObject\",\"inLanguage\":\"de\",\"@id\":\"https:\/\/dev.eliassen.nl\/de\/coupevase-mit-sockel-gigant-115cm\/#primaryimage\",\"url\":\"https:\/\/dev.eliassen.nl\/wp-content\/uploads\/2024\/01\/31493153coupevaasmetsokkelgigant115cmel.png\",\"contentUrl\":\"https:\/\/dev.eliassen.nl\/wp-content\/uploads\/2024\/01\/31493153coupevaasmetsokkelgigant115cmel.png\",\"width\":1536,\"height\":2048,\"caption\":\"3149-3153 - Coupevaas met sokkel Gigant 115cm - eliassen.nl\"},{\"@type\":\"BreadcrumbList\",\"@id\":\"https:\/\/dev.eliassen.nl\/de\/coupevase-mit-sockel-gigant-115cm\/#breadcrumb\",\"itemListElement\":[{\"@type\":\"ListItem\",\"position\":1,\"name\":\"Home\",\"item\":\"https:\/\/dev.eliassen.nl\/de\/\"},{\"@type\":\"ListItem\",\"position\":2,\"name\":\"Shop\",\"item\":\"https:\/\/dev.eliassen.nl\/nl\/winkel\/\"},{\"@type\":\"ListItem\",\"position\":3,\"name\":\"Blument\u00f6pfe und Pflanzgef\u00e4\u00dfe\",\"item\":\"https:\/\/dev.eliassen.nl\/de\/blumentoepfe-und-pflanzgefaesse\/\"},{\"@type\":\"ListItem\",\"position\":4,\"name\":\"Klassieke tuinvazen\",\"item\":\"https:\/\/dev.eliassen.nl\/nl\/bloempotten-en-bloembakken\/klassieke-tuinvazen\/\"},{\"@type\":\"ListItem\",\"position\":5,\"name\":\"Englische Gartenvasen\",\"item\":\"https:\/\/dev.eliassen.nl\/de\/blumentoepfe-und-pflanzgefaesse\/klassische-gartenvasen\/englische-gartenvasen\/\"},{\"@type\":\"ListItem\",\"position\":6,\"name\":\"Coupevase mit Sockel Gigant 115cm\"}]},{\"@type\":\"WebSite\",\"@id\":\"https:\/\/dev.eliassen.nl\/de\/#website\",\"url\":\"https:\/\/dev.eliassen.nl\/de\/\",\"name\":\"Eliassen Home & Garden Pleasure\",\"description\":\"\",\"publisher\":{\"@id\":\"https:\/\/dev.eliassen.nl\/de\/#organization\"},\"alternateName\":\"Eliassen.nl\",\"potentialAction\":[{\"@type\":\"SearchAction\",\"target\":{\"@type\":\"EntryPoint\",\"urlTemplate\":\"https:\/\/dev.eliassen.nl\/de\/?s={search_term_string}\"},\"query-input\":{\"@type\":\"PropertyValueSpecification\",\"valueRequired\":true,\"valueName\":\"search_term_string\"}}],\"inLanguage\":\"de\"},{\"@type\":\"Organization\",\"@id\":\"https:\/\/dev.eliassen.nl\/de\/#organization\",\"name\":\"Eliassen Home & Garden Pleasure\",\"url\":\"https:\/\/dev.eliassen.nl\/de\/\",\"logo\":{\"@type\":\"ImageObject\",\"inLanguage\":\"de\",\"@id\":\"https:\/\/dev.eliassen.nl\/de\/#\/schema\/logo\/image\/\",\"url\":\"https:\/\/www.eliassen.nl\/wp-content\/uploads\/2024\/01\/logo_4nd.jpg\",\"contentUrl\":\"https:\/\/www.eliassen.nl\/wp-content\/uploads\/2024\/01\/logo_4nd.jpg\",\"width\":500,\"height\":500,\"caption\":\"Eliassen Home & Garden Pleasure\"},\"image\":{\"@id\":\"https:\/\/dev.eliassen.nl\/de\/#\/schema\/logo\/image\/\"},\"sameAs\":[\"https:\/\/www.facebook.com\/TuincentrumEliassenAmmerzoden\",\"https:\/\/www.instagram.com\/eliassenhomeandgarden\/\",\"https:\/\/nl.pinterest.com\/eliassenhomeandgarden\/\",\"https:\/\/www.youtube.com\/@eliassenhomegardenpleasure4558\"]}]}<\/script>\n<!-- \/ Yoast SEO plugin. -->","yoast_head_json":{"title":"Coupevase mit Sockel Gigant | 115cm | Grau | Polyester-Faserstein","description":"Eine sch\u00f6ne Vase mit Sockel aus Polyester Fiberstone. Diese Coupe Vase ist eine gro\u00dfe Version. \u2705 3 Jahre Garantie! \u2705 F\u00fcr drinnen und drau\u00dfen \u2705 LIVE zu sehen!","robots":{"index":"noindex","follow":"follow","max-snippet":"max-snippet:-1","max-image-preview":"max-image-preview:large","max-video-preview":"max-video-preview:-1"},"og_locale":"de_DE","og_type":"article","og_title":"Coupevase mit Sockel Gigant | 115cm | Grau | Polyester-Faserstein","og_description":"Eine sch\u00f6ne Vase mit Sockel aus Polyester Fiberstone. Diese Coupe Vase ist eine gro\u00dfe Version. \u2705 3 Jahre Garantie! \u2705 F\u00fcr drinnen und drau\u00dfen \u2705 LIVE zu sehen!","og_url":"https:\/\/dev.eliassen.nl\/de\/coupevase-mit-sockel-gigant-115cm\/","og_site_name":"Eliassen.nl","article_publisher":"https:\/\/www.facebook.com\/TuincentrumEliassenAmmerzoden","article_modified_time":"2024-12-05T15:07:52+00:00","og_image":[{"width":1536,"height":2048,"url":"https:\/\/dev.eliassen.nl\/wp-content\/uploads\/2024\/01\/31493153coupevaasmetsokkelgigant115cmel.png","type":"image\/png"}],"twitter_card":"summary_large_image","schema":{"@context":"https:\/\/schema.org","@graph":[{"@type":"WebPage","@id":"https:\/\/dev.eliassen.nl\/de\/coupevase-mit-sockel-gigant-115cm\/","url":"https:\/\/dev.eliassen.nl\/de\/coupevase-mit-sockel-gigant-115cm\/","name":"Coupevase mit Sockel Gigant | 115cm | Grau | Polyester-Faserstein","isPartOf":{"@id":"https:\/\/dev.eliassen.nl\/de\/#website"},"primaryImageOfPage":{"@id":"https:\/\/dev.eliassen.nl\/de\/coupevase-mit-sockel-gigant-115cm\/#primaryimage"},"image":{"@id":"https:\/\/dev.eliassen.nl\/de\/coupevase-mit-sockel-gigant-115cm\/#primaryimage"},"thumbnailUrl":"https:\/\/dev.eliassen.nl\/wp-content\/uploads\/2024\/01\/31493153coupevaasmetsokkelgigant115cmel.png","datePublished":"2022-09-23T08:21:58+00:00","dateModified":"2024-12-05T15:07:52+00:00","description":"Eine sch\u00f6ne Vase mit Sockel aus Polyester Fiberstone. Diese Coupe Vase ist eine gro\u00dfe Version. \u2705 3 Jahre Garantie! \u2705 F\u00fcr drinnen und drau\u00dfen \u2705 LIVE zu sehen!","breadcrumb":{"@id":"https:\/\/dev.eliassen.nl\/de\/coupevase-mit-sockel-gigant-115cm\/#breadcrumb"},"inLanguage":"de","potentialAction":[{"@type":"ReadAction","target":["https:\/\/dev.eliassen.nl\/de\/coupevase-mit-sockel-gigant-115cm\/"]}]},{"@type":"ImageObject","inLanguage":"de","@id":"https:\/\/dev.eliassen.nl\/de\/coupevase-mit-sockel-gigant-115cm\/#primaryimage","url":"https:\/\/dev.eliassen.nl\/wp-content\/uploads\/2024\/01\/31493153coupevaasmetsokkelgigant115cmel.png","contentUrl":"https:\/\/dev.eliassen.nl\/wp-content\/uploads\/2024\/01\/31493153coupevaasmetsokkelgigant115cmel.png","width":1536,"height":2048,"caption":"3149-3153 - Coupevaas met sokkel Gigant 115cm - eliassen.nl"},{"@type":"BreadcrumbList","@id":"https:\/\/dev.eliassen.nl\/de\/coupevase-mit-sockel-gigant-115cm\/#breadcrumb","itemListElement":[{"@type":"ListItem","position":1,"name":"Home","item":"https:\/\/dev.eliassen.nl\/de\/"},{"@type":"ListItem","position":2,"name":"Shop","item":"https:\/\/dev.eliassen.nl\/nl\/winkel\/"},{"@type":"ListItem","position":3,"name":"Blument\u00f6pfe und Pflanzgef\u00e4\u00dfe","item":"https:\/\/dev.eliassen.nl\/de\/blumentoepfe-und-pflanzgefaesse\/"},{"@type":"ListItem","position":4,"name":"Klassieke tuinvazen","item":"https:\/\/dev.eliassen.nl\/nl\/bloempotten-en-bloembakken\/klassieke-tuinvazen\/"},{"@type":"ListItem","position":5,"name":"Englische Gartenvasen","item":"https:\/\/dev.eliassen.nl\/de\/blumentoepfe-und-pflanzgefaesse\/klassische-gartenvasen\/englische-gartenvasen\/"},{"@type":"ListItem","position":6,"name":"Coupevase mit Sockel Gigant 115cm"}]},{"@type":"WebSite","@id":"https:\/\/dev.eliassen.nl\/de\/#website","url":"https:\/\/dev.eliassen.nl\/de\/","name":"Eliassen Home & Garden Pleasure","description":"","publisher":{"@id":"https:\/\/dev.eliassen.nl\/de\/#organization"},"alternateName":"Eliassen.nl","potentialAction":[{"@type":"SearchAction","target":{"@type":"EntryPoint","urlTemplate":"https:\/\/dev.eliassen.nl\/de\/?s={search_term_string}"},"query-input":{"@type":"PropertyValueSpecification","valueRequired":true,"valueName":"search_term_string"}}],"inLanguage":"de"},{"@type":"Organization","@id":"https:\/\/dev.eliassen.nl\/de\/#organization","name":"Eliassen Home & Garden Pleasure","url":"https:\/\/dev.eliassen.nl\/de\/","logo":{"@type":"ImageObject","inLanguage":"de","@id":"https:\/\/dev.eliassen.nl\/de\/#\/schema\/logo\/image\/","url":"https:\/\/www.eliassen.nl\/wp-content\/uploads\/2024\/01\/logo_4nd.jpg","contentUrl":"https:\/\/www.eliassen.nl\/wp-content\/uploads\/2024\/01\/logo_4nd.jpg","width":500,"height":500,"caption":"Eliassen Home & Garden Pleasure"},"image":{"@id":"https:\/\/dev.eliassen.nl\/de\/#\/schema\/logo\/image\/"},"sameAs":["https:\/\/www.facebook.com\/TuincentrumEliassenAmmerzoden","https:\/\/www.instagram.com\/eliassenhomeandgarden\/","https:\/\/nl.pinterest.com\/eliassenhomeandgarden\/","https:\/\/www.youtube.com\/@eliassenhomegardenpleasure4558"]}]}},"df_price":399,"df_sale_price":399,"df_regular_price":575,"df_image_link":"https:\/\/dev.eliassen.nl\/wp-content\/uploads\/2024\/01\/31493153coupevaasmetsokkelgigant115cmel.png","image":"https:\/\/dev.eliassen.nl\/wp-content\/uploads\/2024\/01\/31493153coupevaasmetsokkelgigant115cmel.png","price_search":"<span class=\"woocommerce-Price-amount amount\"><bdi><span class=\"woocommerce-Price-currencySymbol\">&euro;<\/span>&nbsp;399,00<\/bdi><\/span>","category":"Blument\u00f6pfe und Pflanzgef\u00e4\u00dfe","_links":{"self":[{"href":"https:\/\/dev.eliassen.nl\/de\/wp-json\/wp\/v2\/product\/75430","targetHints":{"allow":["GET"]}}],"collection":[{"href":"https:\/\/dev.eliassen.nl\/de\/wp-json\/wp\/v2\/product"}],"about":[{"href":"https:\/\/dev.eliassen.nl\/de\/wp-json\/wp\/v2\/types\/product"}],"wp:featuredmedia":[{"embeddable":true,"href":"https:\/\/dev.eliassen.nl\/de\/wp-json\/wp\/v2\/media\/75424"}],"wp:attachment":[{"href":"https:\/\/dev.eliassen.nl\/de\/wp-json\/wp\/v2\/media?parent=75430"}],"wp:term":[{"taxonomy":"product_brand","embeddable":true,"href":"https:\/\/dev.eliassen.nl\/de\/wp-json\/wp\/v2\/product_brand?post=75430"},{"taxonomy":"product_cat","embeddable":true,"href":"https:\/\/dev.eliassen.nl\/de\/wp-json\/wp\/v2\/product_cat?post=75430"},{"taxonomy":"product_tag","embeddable":true,"href":"https:\/\/dev.eliassen.nl\/de\/wp-json\/wp\/v2\/product_tag?post=75430"}],"curies":[{"name":"wp","href":"https:\/\/api.w.org\/{rel}","templated":true}]}}