{"id":75493,"date":"2022-09-23T10:32:24","date_gmt":"2022-09-23T08:32:24","guid":{"rendered":"https:\/\/www.eliassen.nl\/?product=siervaas-deco-110cm-hoogglans-zwart"},"modified":"2023-04-27T12:40:46","modified_gmt":"2023-04-27T12:40:46","slug":"dekovase-lounge-110cm-hochglanzend-schwarz","status":"publish","type":"product","link":"https:\/\/dev.eliassen.nl\/de\/dekovase-lounge-110cm-hochglanzend-schwarz\/","title":{"rendered":"Dekovase Lounge 110cm hochgl\u00e4nzend schwarz"},"content":{"rendered":"<p>Wundersch\u00f6ne Dekovase hochgl\u00e4nzend schwarz aus Polystone. Diese dekorative Flasche wird ein sch\u00f6nes Dekorationsst\u00fcck in Ihrem Interieur oder in Ihrem Unternehmen sein. Diese sehr gro\u00dfe Vase in hochgl\u00e4nzendem Schwarz l\u00e4sst sich aufgrund ihrer zeitlosen Optik in nahezu jedem Interieur kombinieren. Polystone ist ein Material aus Steingrie\u00df\/Pulver, vermischt mit einem Kunstharz. Diese Mischung, kombiniert mit Glasfasermatten, ist ein sehr starkes Material, das f\u00fcr den Innen- und Au\u00dfenbereich geeignet ist.<\/p>\n<p><strong>Nahezu alle Produkte dieser Serie k\u00f6nnen Sie sich auch bei uns im Shop ansehen!<\/strong><\/p>\n<ul>\n<li>Gr\u00f6\u00dfe: 32 x 110 cm hoch<\/li>\n<li>Farbe: Schwarz Hochglanz<\/li>\n<li>Ausgestattet mit Filzgleitern auf der Unterseite<\/li>\n<li>Sehr stark<\/li>\n<li>Lieferung aus eigenem Lager.<\/li>\n<\/ul>\n","protected":false},"excerpt":{"rendered":"<p>Dekovase Schwarz Hochglanz 110cm<\/p>\n","protected":false},"featured_media":75490,"template":"","meta":{"_acf_changed":false},"product_brand":[],"product_cat":[722,725],"product_tag":[],"class_list":{"0":"post-75493","1":"product","2":"type-product","3":"status-publish","4":"has-post-thumbnail","6":"product_cat-blumentoepfe-und-pflanzgefaesse","7":"product_cat-vasen-und-toepfe-im-modernen-design","9":"first","10":"instock","11":"taxable","12":"shipping-taxable","13":"purchasable","14":"product-type-simple"},"acf":[],"yoast_head":"<!-- This site is optimized with the Yoast SEO plugin v23.8 - https:\/\/yoast.com\/wordpress\/plugins\/seo\/ -->\n<title>Dekovase Lounge 110cm hochgl\u00e4nzend schwarz - Eliassen.nl<\/title>\n<meta name=\"description\" content=\"Eine wundersch\u00f6ne moderne hochgl\u00e4nzende schwarze Dekovase, ein echter Hingucker f\u00fcr das B\u00fcro oder im Wohnzimmer. Aus Polystone. \u2705 Besuchen Sie unseren Showroom!\" \/>\n<meta name=\"robots\" content=\"noindex, follow, max-snippet:-1, max-image-preview:large, max-video-preview:-1\" \/>\n<meta property=\"og:locale\" content=\"de_DE\" \/>\n<meta property=\"og:type\" content=\"article\" \/>\n<meta property=\"og:title\" content=\"Dekovase Lounge 110cm hochgl\u00e4nzend schwarz - Eliassen.nl\" \/>\n<meta property=\"og:description\" content=\"Eine wundersch\u00f6ne moderne hochgl\u00e4nzende schwarze Dekovase, ein echter Hingucker f\u00fcr das B\u00fcro oder im Wohnzimmer. Aus Polystone. \u2705 Besuchen Sie unseren Showroom!\" \/>\n<meta property=\"og:url\" content=\"https:\/\/dev.eliassen.nl\/de\/dekovase-lounge-110cm-hochglanzend-schwarz\/\" \/>\n<meta property=\"og:site_name\" content=\"Eliassen.nl\" \/>\n<meta property=\"article:publisher\" content=\"https:\/\/www.facebook.com\/TuincentrumEliassenAmmerzoden\" \/>\n<meta property=\"article:modified_time\" content=\"2023-04-27T12:40:46+00:00\" \/>\n<meta property=\"og:image\" content=\"https:\/\/dev.eliassen.nl\/wp-content\/uploads\/2024\/01\/siervaaslounge110cmhoogglanszwarteliassennl.jpg\" \/>\n\t<meta property=\"og:image:width\" content=\"132\" \/>\n\t<meta property=\"og:image:height\" content=\"400\" \/>\n\t<meta property=\"og:image:type\" content=\"image\/jpeg\" \/>\n<meta name=\"twitter:card\" content=\"summary_large_image\" \/>\n<script type=\"application\/ld+json\" class=\"yoast-schema-graph\">{\"@context\":\"https:\/\/schema.org\",\"@graph\":[{\"@type\":\"WebPage\",\"@id\":\"https:\/\/dev.eliassen.nl\/de\/dekovase-lounge-110cm-hochglanzend-schwarz\/\",\"url\":\"https:\/\/dev.eliassen.nl\/de\/dekovase-lounge-110cm-hochglanzend-schwarz\/\",\"name\":\"Dekovase Lounge 110cm hochgl\u00e4nzend schwarz - Eliassen.nl\",\"isPartOf\":{\"@id\":\"https:\/\/dev.eliassen.nl\/de\/#website\"},\"primaryImageOfPage\":{\"@id\":\"https:\/\/dev.eliassen.nl\/de\/dekovase-lounge-110cm-hochglanzend-schwarz\/#primaryimage\"},\"image\":{\"@id\":\"https:\/\/dev.eliassen.nl\/de\/dekovase-lounge-110cm-hochglanzend-schwarz\/#primaryimage\"},\"thumbnailUrl\":\"https:\/\/dev.eliassen.nl\/wp-content\/uploads\/2024\/01\/siervaaslounge110cmhoogglanszwarteliassennl.jpg\",\"datePublished\":\"2022-09-23T08:32:24+00:00\",\"dateModified\":\"2023-04-27T12:40:46+00:00\",\"description\":\"Eine wundersch\u00f6ne moderne hochgl\u00e4nzende schwarze Dekovase, ein echter Hingucker f\u00fcr das B\u00fcro oder im Wohnzimmer. Aus Polystone. \u2705 Besuchen Sie unseren Showroom!\",\"breadcrumb\":{\"@id\":\"https:\/\/dev.eliassen.nl\/de\/dekovase-lounge-110cm-hochglanzend-schwarz\/#breadcrumb\"},\"inLanguage\":\"de\",\"potentialAction\":[{\"@type\":\"ReadAction\",\"target\":[\"https:\/\/dev.eliassen.nl\/de\/dekovase-lounge-110cm-hochglanzend-schwarz\/\"]}]},{\"@type\":\"ImageObject\",\"inLanguage\":\"de\",\"@id\":\"https:\/\/dev.eliassen.nl\/de\/dekovase-lounge-110cm-hochglanzend-schwarz\/#primaryimage\",\"url\":\"https:\/\/dev.eliassen.nl\/wp-content\/uploads\/2024\/01\/siervaaslounge110cmhoogglanszwarteliassennl.jpg\",\"contentUrl\":\"https:\/\/dev.eliassen.nl\/wp-content\/uploads\/2024\/01\/siervaaslounge110cmhoogglanszwarteliassennl.jpg\",\"width\":132,\"height\":400,\"caption\":\"Siervaas Lounge 110cm hoogglans zwart - Eliassen.nl\"},{\"@type\":\"BreadcrumbList\",\"@id\":\"https:\/\/dev.eliassen.nl\/de\/dekovase-lounge-110cm-hochglanzend-schwarz\/#breadcrumb\",\"itemListElement\":[{\"@type\":\"ListItem\",\"position\":1,\"name\":\"Home\",\"item\":\"https:\/\/dev.eliassen.nl\/de\/\"},{\"@type\":\"ListItem\",\"position\":2,\"name\":\"Shop\",\"item\":\"https:\/\/dev.eliassen.nl\/nl\/winkel\/\"},{\"@type\":\"ListItem\",\"position\":3,\"name\":\"Blument\u00f6pfe und Pflanzgef\u00e4\u00dfe\",\"item\":\"https:\/\/dev.eliassen.nl\/de\/blumentoepfe-und-pflanzgefaesse\/\"},{\"@type\":\"ListItem\",\"position\":4,\"name\":\"Vasen und T\u00f6pfe im modernen Design\",\"item\":\"https:\/\/dev.eliassen.nl\/de\/blumentoepfe-und-pflanzgefaesse\/vasen-und-toepfe-im-modernen-design\/\"},{\"@type\":\"ListItem\",\"position\":5,\"name\":\"Dekovase Lounge 110cm hochgl\u00e4nzend schwarz\"}]},{\"@type\":\"WebSite\",\"@id\":\"https:\/\/dev.eliassen.nl\/de\/#website\",\"url\":\"https:\/\/dev.eliassen.nl\/de\/\",\"name\":\"Eliassen Home & Garden Pleasure\",\"description\":\"\",\"publisher\":{\"@id\":\"https:\/\/dev.eliassen.nl\/de\/#organization\"},\"alternateName\":\"Eliassen.nl\",\"potentialAction\":[{\"@type\":\"SearchAction\",\"target\":{\"@type\":\"EntryPoint\",\"urlTemplate\":\"https:\/\/dev.eliassen.nl\/de\/?s={search_term_string}\"},\"query-input\":{\"@type\":\"PropertyValueSpecification\",\"valueRequired\":true,\"valueName\":\"search_term_string\"}}],\"inLanguage\":\"de\"},{\"@type\":\"Organization\",\"@id\":\"https:\/\/dev.eliassen.nl\/de\/#organization\",\"name\":\"Eliassen Home & Garden Pleasure\",\"url\":\"https:\/\/dev.eliassen.nl\/de\/\",\"logo\":{\"@type\":\"ImageObject\",\"inLanguage\":\"de\",\"@id\":\"https:\/\/dev.eliassen.nl\/de\/#\/schema\/logo\/image\/\",\"url\":\"https:\/\/www.eliassen.nl\/wp-content\/uploads\/2024\/01\/logo_4nd.jpg\",\"contentUrl\":\"https:\/\/www.eliassen.nl\/wp-content\/uploads\/2024\/01\/logo_4nd.jpg\",\"width\":500,\"height\":500,\"caption\":\"Eliassen Home & Garden Pleasure\"},\"image\":{\"@id\":\"https:\/\/dev.eliassen.nl\/de\/#\/schema\/logo\/image\/\"},\"sameAs\":[\"https:\/\/www.facebook.com\/TuincentrumEliassenAmmerzoden\",\"https:\/\/www.instagram.com\/eliassenhomeandgarden\/\",\"https:\/\/nl.pinterest.com\/eliassenhomeandgarden\/\",\"https:\/\/www.youtube.com\/@eliassenhomegardenpleasure4558\"]}]}<\/script>\n<!-- \/ Yoast SEO plugin. -->","yoast_head_json":{"title":"Dekovase Lounge 110cm hochgl\u00e4nzend schwarz - Eliassen.nl","description":"Eine wundersch\u00f6ne moderne hochgl\u00e4nzende schwarze Dekovase, ein echter Hingucker f\u00fcr das B\u00fcro oder im Wohnzimmer. Aus Polystone. \u2705 Besuchen Sie unseren Showroom!","robots":{"index":"noindex","follow":"follow","max-snippet":"max-snippet:-1","max-image-preview":"max-image-preview:large","max-video-preview":"max-video-preview:-1"},"og_locale":"de_DE","og_type":"article","og_title":"Dekovase Lounge 110cm hochgl\u00e4nzend schwarz - Eliassen.nl","og_description":"Eine wundersch\u00f6ne moderne hochgl\u00e4nzende schwarze Dekovase, ein echter Hingucker f\u00fcr das B\u00fcro oder im Wohnzimmer. Aus Polystone. \u2705 Besuchen Sie unseren Showroom!","og_url":"https:\/\/dev.eliassen.nl\/de\/dekovase-lounge-110cm-hochglanzend-schwarz\/","og_site_name":"Eliassen.nl","article_publisher":"https:\/\/www.facebook.com\/TuincentrumEliassenAmmerzoden","article_modified_time":"2023-04-27T12:40:46+00:00","og_image":[{"width":132,"height":400,"url":"https:\/\/dev.eliassen.nl\/wp-content\/uploads\/2024\/01\/siervaaslounge110cmhoogglanszwarteliassennl.jpg","type":"image\/jpeg"}],"twitter_card":"summary_large_image","schema":{"@context":"https:\/\/schema.org","@graph":[{"@type":"WebPage","@id":"https:\/\/dev.eliassen.nl\/de\/dekovase-lounge-110cm-hochglanzend-schwarz\/","url":"https:\/\/dev.eliassen.nl\/de\/dekovase-lounge-110cm-hochglanzend-schwarz\/","name":"Dekovase Lounge 110cm hochgl\u00e4nzend schwarz - Eliassen.nl","isPartOf":{"@id":"https:\/\/dev.eliassen.nl\/de\/#website"},"primaryImageOfPage":{"@id":"https:\/\/dev.eliassen.nl\/de\/dekovase-lounge-110cm-hochglanzend-schwarz\/#primaryimage"},"image":{"@id":"https:\/\/dev.eliassen.nl\/de\/dekovase-lounge-110cm-hochglanzend-schwarz\/#primaryimage"},"thumbnailUrl":"https:\/\/dev.eliassen.nl\/wp-content\/uploads\/2024\/01\/siervaaslounge110cmhoogglanszwarteliassennl.jpg","datePublished":"2022-09-23T08:32:24+00:00","dateModified":"2023-04-27T12:40:46+00:00","description":"Eine wundersch\u00f6ne moderne hochgl\u00e4nzende schwarze Dekovase, ein echter Hingucker f\u00fcr das B\u00fcro oder im Wohnzimmer. Aus Polystone. \u2705 Besuchen Sie unseren Showroom!","breadcrumb":{"@id":"https:\/\/dev.eliassen.nl\/de\/dekovase-lounge-110cm-hochglanzend-schwarz\/#breadcrumb"},"inLanguage":"de","potentialAction":[{"@type":"ReadAction","target":["https:\/\/dev.eliassen.nl\/de\/dekovase-lounge-110cm-hochglanzend-schwarz\/"]}]},{"@type":"ImageObject","inLanguage":"de","@id":"https:\/\/dev.eliassen.nl\/de\/dekovase-lounge-110cm-hochglanzend-schwarz\/#primaryimage","url":"https:\/\/dev.eliassen.nl\/wp-content\/uploads\/2024\/01\/siervaaslounge110cmhoogglanszwarteliassennl.jpg","contentUrl":"https:\/\/dev.eliassen.nl\/wp-content\/uploads\/2024\/01\/siervaaslounge110cmhoogglanszwarteliassennl.jpg","width":132,"height":400,"caption":"Siervaas Lounge 110cm hoogglans zwart - Eliassen.nl"},{"@type":"BreadcrumbList","@id":"https:\/\/dev.eliassen.nl\/de\/dekovase-lounge-110cm-hochglanzend-schwarz\/#breadcrumb","itemListElement":[{"@type":"ListItem","position":1,"name":"Home","item":"https:\/\/dev.eliassen.nl\/de\/"},{"@type":"ListItem","position":2,"name":"Shop","item":"https:\/\/dev.eliassen.nl\/nl\/winkel\/"},{"@type":"ListItem","position":3,"name":"Blument\u00f6pfe und Pflanzgef\u00e4\u00dfe","item":"https:\/\/dev.eliassen.nl\/de\/blumentoepfe-und-pflanzgefaesse\/"},{"@type":"ListItem","position":4,"name":"Vasen und T\u00f6pfe im modernen Design","item":"https:\/\/dev.eliassen.nl\/de\/blumentoepfe-und-pflanzgefaesse\/vasen-und-toepfe-im-modernen-design\/"},{"@type":"ListItem","position":5,"name":"Dekovase Lounge 110cm hochgl\u00e4nzend schwarz"}]},{"@type":"WebSite","@id":"https:\/\/dev.eliassen.nl\/de\/#website","url":"https:\/\/dev.eliassen.nl\/de\/","name":"Eliassen Home & Garden Pleasure","description":"","publisher":{"@id":"https:\/\/dev.eliassen.nl\/de\/#organization"},"alternateName":"Eliassen.nl","potentialAction":[{"@type":"SearchAction","target":{"@type":"EntryPoint","urlTemplate":"https:\/\/dev.eliassen.nl\/de\/?s={search_term_string}"},"query-input":{"@type":"PropertyValueSpecification","valueRequired":true,"valueName":"search_term_string"}}],"inLanguage":"de"},{"@type":"Organization","@id":"https:\/\/dev.eliassen.nl\/de\/#organization","name":"Eliassen Home & Garden Pleasure","url":"https:\/\/dev.eliassen.nl\/de\/","logo":{"@type":"ImageObject","inLanguage":"de","@id":"https:\/\/dev.eliassen.nl\/de\/#\/schema\/logo\/image\/","url":"https:\/\/www.eliassen.nl\/wp-content\/uploads\/2024\/01\/logo_4nd.jpg","contentUrl":"https:\/\/www.eliassen.nl\/wp-content\/uploads\/2024\/01\/logo_4nd.jpg","width":500,"height":500,"caption":"Eliassen Home & Garden Pleasure"},"image":{"@id":"https:\/\/dev.eliassen.nl\/de\/#\/schema\/logo\/image\/"},"sameAs":["https:\/\/www.facebook.com\/TuincentrumEliassenAmmerzoden","https:\/\/www.instagram.com\/eliassenhomeandgarden\/","https:\/\/nl.pinterest.com\/eliassenhomeandgarden\/","https:\/\/www.youtube.com\/@eliassenhomegardenpleasure4558"]}]}},"df_price":135,"df_sale_price":"","df_regular_price":135,"df_image_link":"https:\/\/dev.eliassen.nl\/wp-content\/uploads\/2024\/01\/siervaaslounge110cmhoogglanszwarteliassennl.jpg","image":"https:\/\/dev.eliassen.nl\/wp-content\/uploads\/2024\/01\/siervaaslounge110cmhoogglanszwarteliassennl.jpg","price_search":"<span class=\"woocommerce-Price-amount amount\"><bdi><span class=\"woocommerce-Price-currencySymbol\">&euro;<\/span>&nbsp;135,00<\/bdi><\/span>","category":"Blument\u00f6pfe und Pflanzgef\u00e4\u00dfe","_links":{"self":[{"href":"https:\/\/dev.eliassen.nl\/de\/wp-json\/wp\/v2\/product\/75493","targetHints":{"allow":["GET"]}}],"collection":[{"href":"https:\/\/dev.eliassen.nl\/de\/wp-json\/wp\/v2\/product"}],"about":[{"href":"https:\/\/dev.eliassen.nl\/de\/wp-json\/wp\/v2\/types\/product"}],"wp:featuredmedia":[{"embeddable":true,"href":"https:\/\/dev.eliassen.nl\/de\/wp-json\/wp\/v2\/media\/75490"}],"wp:attachment":[{"href":"https:\/\/dev.eliassen.nl\/de\/wp-json\/wp\/v2\/media?parent=75493"}],"wp:term":[{"taxonomy":"product_brand","embeddable":true,"href":"https:\/\/dev.eliassen.nl\/de\/wp-json\/wp\/v2\/product_brand?post=75493"},{"taxonomy":"product_cat","embeddable":true,"href":"https:\/\/dev.eliassen.nl\/de\/wp-json\/wp\/v2\/product_cat?post=75493"},{"taxonomy":"product_tag","embeddable":true,"href":"https:\/\/dev.eliassen.nl\/de\/wp-json\/wp\/v2\/product_tag?post=75493"}],"curies":[{"name":"wp","href":"https:\/\/api.w.org\/{rel}","templated":true}]}}