{"id":75595,"date":"2022-09-23T16:23:42","date_gmt":"2022-09-23T14:23:42","guid":{"rendered":"https:\/\/www.eliassen.nl\/?product=vaas-smal-hoogglans-zwart-80cm-hoog"},"modified":"2023-05-18T15:17:09","modified_gmt":"2023-05-18T15:17:09","slug":"vase-schmal-hochglanz-schwarz-80cm-hoch","status":"publish","type":"product","link":"https:\/\/dev.eliassen.nl\/de\/vase-schmal-hochglanz-schwarz-80cm-hoch\/","title":{"rendered":"Vase schmal hochglanz schwarz 80cm hoch"},"content":{"rendered":"<p>Bringen Sie pure Sch\u00f6nheit in Ihr Haus oder Ihren Garten mit dieser hochgl\u00e4nzenden, schwarzen, modernen, 80 cm gro\u00dfen Vase.<\/p>\n<p>Hergestellt aus starkem Fiberstone, wundersch\u00f6n verarbeitet mit einem superstarken Hochglanzlack von super Qualit\u00e4t. Fiberstone wird aus gemahlenem Naturstein hergestellt, mit Polyester-Epoxidharz gemischt und mit Glasfasermatten verst\u00e4rkt. Diese Vase ist f\u00fcr den Innen- und Au\u00dfenbereich geeignet.<\/p>\n<p>Bohren Sie f\u00fcr den Au\u00dfenbereich zuerst L\u00f6cher in den doppelten Boden, um \u00fcbersch\u00fcssiges Wasser ablaufen zu lassen.<\/p>\n<p>Bitte beachten Sie, dass diese 80 cm hohe Vase an einem gesch\u00fctzten Ort aufgestellt wird, damit sie nicht umfliegt.<\/p>\n<p><strong>Diese Vase kann auch in unserem Shop besichtigt werden.<\/strong><\/p>\n<ul>\n<li>Gr\u00f6\u00dfe: 37 x 80 cm hoch<\/li>\n<li>Platz f\u00fcr die Pflanzen: Durchmesser 30 x 30 cm tief<\/li>\n<li>Frostbest\u00e4ndig: Ja, wenn L\u00f6cher in den Doppelboden gebohrt werden<\/li>\n<li>Material: Polyester-Faserstein<\/li>\n<li>Eigener Bestand<\/li>\n<li>3 Jahre Garantie, ausgenommen \u00e4u\u00dfere Sch\u00e4den<\/li>\n<li>UV-best\u00e4ndig<\/li>\n<li>Eigener Import und Lager<\/li>\n<li>Schnell geliefert<\/li>\n<li>Verpackt in einem stabilen Karton<\/li>\n<\/ul>\n","protected":false},"excerpt":{"rendered":"<p>Hochmoderne Vase 80cm hochgl\u00e4nzend schwarz<\/p>\n","protected":false},"featured_media":75592,"template":"","meta":{"_acf_changed":false},"product_brand":[],"product_cat":[722,725],"product_tag":[],"class_list":{"0":"post-75595","1":"product","2":"type-product","3":"status-publish","4":"has-post-thumbnail","6":"product_cat-blumentoepfe-und-pflanzgefaesse","7":"product_cat-vasen-und-toepfe-im-modernen-design","9":"first","10":"instock","11":"taxable","12":"shipping-taxable","13":"purchasable","14":"product-type-simple"},"acf":[],"yoast_head":"<!-- This site is optimized with the Yoast SEO plugin v23.8 - https:\/\/yoast.com\/wordpress\/plugins\/seo\/ -->\n<title>Hohe Vase schmal Hochglanz schwarz | 80cm | Eliassen.nl<\/title>\n<meta name=\"description\" content=\"Hohe schwarze Hochglanzvase in schmaler Ausf\u00fchrung. \u2705 F\u00fcr den Innen- und Au\u00dfenbereich geeignet \u2705 3 Jahre Garantie \u2705 LIVE in unserem Shop ansehen!\" \/>\n<meta name=\"robots\" content=\"noindex, follow, max-snippet:-1, max-image-preview:large, max-video-preview:-1\" \/>\n<meta property=\"og:locale\" content=\"de_DE\" \/>\n<meta property=\"og:type\" content=\"article\" \/>\n<meta property=\"og:title\" content=\"Hohe Vase schmal Hochglanz schwarz | 80cm | Eliassen.nl\" \/>\n<meta property=\"og:description\" content=\"Hohe schwarze Hochglanzvase in schmaler Ausf\u00fchrung. \u2705 F\u00fcr den Innen- und Au\u00dfenbereich geeignet \u2705 3 Jahre Garantie \u2705 LIVE in unserem Shop ansehen!\" \/>\n<meta property=\"og:url\" content=\"https:\/\/dev.eliassen.nl\/de\/vase-schmal-hochglanz-schwarz-80cm-hoch\/\" \/>\n<meta property=\"og:site_name\" content=\"Eliassen.nl\" \/>\n<meta property=\"article:publisher\" content=\"https:\/\/www.facebook.com\/TuincentrumEliassenAmmerzoden\" \/>\n<meta property=\"article:modified_time\" content=\"2023-05-18T15:17:09+00:00\" \/>\n<meta property=\"og:image\" content=\"https:\/\/dev.eliassen.nl\/wp-content\/uploads\/2024\/01\/vaassmalhoogglanszwart80cmhoogeliassennl.jpg\" \/>\n\t<meta property=\"og:image:width\" content=\"393\" \/>\n\t<meta property=\"og:image:height\" content=\"394\" \/>\n\t<meta property=\"og:image:type\" content=\"image\/jpeg\" \/>\n<meta name=\"twitter:card\" content=\"summary_large_image\" \/>\n<script type=\"application\/ld+json\" class=\"yoast-schema-graph\">{\"@context\":\"https:\/\/schema.org\",\"@graph\":[{\"@type\":\"WebPage\",\"@id\":\"https:\/\/dev.eliassen.nl\/de\/vase-schmal-hochglanz-schwarz-80cm-hoch\/\",\"url\":\"https:\/\/dev.eliassen.nl\/de\/vase-schmal-hochglanz-schwarz-80cm-hoch\/\",\"name\":\"Hohe Vase schmal Hochglanz schwarz | 80cm | Eliassen.nl\",\"isPartOf\":{\"@id\":\"https:\/\/dev.eliassen.nl\/de\/#website\"},\"primaryImageOfPage\":{\"@id\":\"https:\/\/dev.eliassen.nl\/de\/vase-schmal-hochglanz-schwarz-80cm-hoch\/#primaryimage\"},\"image\":{\"@id\":\"https:\/\/dev.eliassen.nl\/de\/vase-schmal-hochglanz-schwarz-80cm-hoch\/#primaryimage\"},\"thumbnailUrl\":\"https:\/\/dev.eliassen.nl\/wp-content\/uploads\/2024\/01\/vaassmalhoogglanszwart80cmhoogeliassennl.jpg\",\"datePublished\":\"2022-09-23T14:23:42+00:00\",\"dateModified\":\"2023-05-18T15:17:09+00:00\",\"description\":\"Hohe schwarze Hochglanzvase in schmaler Ausf\u00fchrung. \u2705 F\u00fcr den Innen- und Au\u00dfenbereich geeignet \u2705 3 Jahre Garantie \u2705 LIVE in unserem Shop ansehen!\",\"breadcrumb\":{\"@id\":\"https:\/\/dev.eliassen.nl\/de\/vase-schmal-hochglanz-schwarz-80cm-hoch\/#breadcrumb\"},\"inLanguage\":\"de\",\"potentialAction\":[{\"@type\":\"ReadAction\",\"target\":[\"https:\/\/dev.eliassen.nl\/de\/vase-schmal-hochglanz-schwarz-80cm-hoch\/\"]}]},{\"@type\":\"ImageObject\",\"inLanguage\":\"de\",\"@id\":\"https:\/\/dev.eliassen.nl\/de\/vase-schmal-hochglanz-schwarz-80cm-hoch\/#primaryimage\",\"url\":\"https:\/\/dev.eliassen.nl\/wp-content\/uploads\/2024\/01\/vaassmalhoogglanszwart80cmhoogeliassennl.jpg\",\"contentUrl\":\"https:\/\/dev.eliassen.nl\/wp-content\/uploads\/2024\/01\/vaassmalhoogglanszwart80cmhoogeliassennl.jpg\",\"width\":393,\"height\":394,\"caption\":\"Vaas smal hoogglans zwart 80cm hoog - Eliassen.nl\"},{\"@type\":\"BreadcrumbList\",\"@id\":\"https:\/\/dev.eliassen.nl\/de\/vase-schmal-hochglanz-schwarz-80cm-hoch\/#breadcrumb\",\"itemListElement\":[{\"@type\":\"ListItem\",\"position\":1,\"name\":\"Home\",\"item\":\"https:\/\/dev.eliassen.nl\/de\/\"},{\"@type\":\"ListItem\",\"position\":2,\"name\":\"Shop\",\"item\":\"https:\/\/dev.eliassen.nl\/nl\/winkel\/\"},{\"@type\":\"ListItem\",\"position\":3,\"name\":\"Blument\u00f6pfe und Pflanzgef\u00e4\u00dfe\",\"item\":\"https:\/\/dev.eliassen.nl\/de\/blumentoepfe-und-pflanzgefaesse\/\"},{\"@type\":\"ListItem\",\"position\":4,\"name\":\"Vasen und T\u00f6pfe im modernen Design\",\"item\":\"https:\/\/dev.eliassen.nl\/de\/blumentoepfe-und-pflanzgefaesse\/vasen-und-toepfe-im-modernen-design\/\"},{\"@type\":\"ListItem\",\"position\":5,\"name\":\"Vase schmal hochglanz schwarz 80cm hoch\"}]},{\"@type\":\"WebSite\",\"@id\":\"https:\/\/dev.eliassen.nl\/de\/#website\",\"url\":\"https:\/\/dev.eliassen.nl\/de\/\",\"name\":\"Eliassen Home & Garden Pleasure\",\"description\":\"\",\"publisher\":{\"@id\":\"https:\/\/dev.eliassen.nl\/de\/#organization\"},\"alternateName\":\"Eliassen.nl\",\"potentialAction\":[{\"@type\":\"SearchAction\",\"target\":{\"@type\":\"EntryPoint\",\"urlTemplate\":\"https:\/\/dev.eliassen.nl\/de\/?s={search_term_string}\"},\"query-input\":{\"@type\":\"PropertyValueSpecification\",\"valueRequired\":true,\"valueName\":\"search_term_string\"}}],\"inLanguage\":\"de\"},{\"@type\":\"Organization\",\"@id\":\"https:\/\/dev.eliassen.nl\/de\/#organization\",\"name\":\"Eliassen Home & Garden Pleasure\",\"url\":\"https:\/\/dev.eliassen.nl\/de\/\",\"logo\":{\"@type\":\"ImageObject\",\"inLanguage\":\"de\",\"@id\":\"https:\/\/dev.eliassen.nl\/de\/#\/schema\/logo\/image\/\",\"url\":\"https:\/\/www.eliassen.nl\/wp-content\/uploads\/2024\/01\/logo_4nd.jpg\",\"contentUrl\":\"https:\/\/www.eliassen.nl\/wp-content\/uploads\/2024\/01\/logo_4nd.jpg\",\"width\":500,\"height\":500,\"caption\":\"Eliassen Home & Garden Pleasure\"},\"image\":{\"@id\":\"https:\/\/dev.eliassen.nl\/de\/#\/schema\/logo\/image\/\"},\"sameAs\":[\"https:\/\/www.facebook.com\/TuincentrumEliassenAmmerzoden\",\"https:\/\/www.instagram.com\/eliassenhomeandgarden\/\",\"https:\/\/nl.pinterest.com\/eliassenhomeandgarden\/\",\"https:\/\/www.youtube.com\/@eliassenhomegardenpleasure4558\"]}]}<\/script>\n<!-- \/ Yoast SEO plugin. -->","yoast_head_json":{"title":"Hohe Vase schmal Hochglanz schwarz | 80cm | Eliassen.nl","description":"Hohe schwarze Hochglanzvase in schmaler Ausf\u00fchrung. \u2705 F\u00fcr den Innen- und Au\u00dfenbereich geeignet \u2705 3 Jahre Garantie \u2705 LIVE in unserem Shop ansehen!","robots":{"index":"noindex","follow":"follow","max-snippet":"max-snippet:-1","max-image-preview":"max-image-preview:large","max-video-preview":"max-video-preview:-1"},"og_locale":"de_DE","og_type":"article","og_title":"Hohe Vase schmal Hochglanz schwarz | 80cm | Eliassen.nl","og_description":"Hohe schwarze Hochglanzvase in schmaler Ausf\u00fchrung. \u2705 F\u00fcr den Innen- und Au\u00dfenbereich geeignet \u2705 3 Jahre Garantie \u2705 LIVE in unserem Shop ansehen!","og_url":"https:\/\/dev.eliassen.nl\/de\/vase-schmal-hochglanz-schwarz-80cm-hoch\/","og_site_name":"Eliassen.nl","article_publisher":"https:\/\/www.facebook.com\/TuincentrumEliassenAmmerzoden","article_modified_time":"2023-05-18T15:17:09+00:00","og_image":[{"width":393,"height":394,"url":"https:\/\/dev.eliassen.nl\/wp-content\/uploads\/2024\/01\/vaassmalhoogglanszwart80cmhoogeliassennl.jpg","type":"image\/jpeg"}],"twitter_card":"summary_large_image","schema":{"@context":"https:\/\/schema.org","@graph":[{"@type":"WebPage","@id":"https:\/\/dev.eliassen.nl\/de\/vase-schmal-hochglanz-schwarz-80cm-hoch\/","url":"https:\/\/dev.eliassen.nl\/de\/vase-schmal-hochglanz-schwarz-80cm-hoch\/","name":"Hohe Vase schmal Hochglanz schwarz | 80cm | Eliassen.nl","isPartOf":{"@id":"https:\/\/dev.eliassen.nl\/de\/#website"},"primaryImageOfPage":{"@id":"https:\/\/dev.eliassen.nl\/de\/vase-schmal-hochglanz-schwarz-80cm-hoch\/#primaryimage"},"image":{"@id":"https:\/\/dev.eliassen.nl\/de\/vase-schmal-hochglanz-schwarz-80cm-hoch\/#primaryimage"},"thumbnailUrl":"https:\/\/dev.eliassen.nl\/wp-content\/uploads\/2024\/01\/vaassmalhoogglanszwart80cmhoogeliassennl.jpg","datePublished":"2022-09-23T14:23:42+00:00","dateModified":"2023-05-18T15:17:09+00:00","description":"Hohe schwarze Hochglanzvase in schmaler Ausf\u00fchrung. \u2705 F\u00fcr den Innen- und Au\u00dfenbereich geeignet \u2705 3 Jahre Garantie \u2705 LIVE in unserem Shop ansehen!","breadcrumb":{"@id":"https:\/\/dev.eliassen.nl\/de\/vase-schmal-hochglanz-schwarz-80cm-hoch\/#breadcrumb"},"inLanguage":"de","potentialAction":[{"@type":"ReadAction","target":["https:\/\/dev.eliassen.nl\/de\/vase-schmal-hochglanz-schwarz-80cm-hoch\/"]}]},{"@type":"ImageObject","inLanguage":"de","@id":"https:\/\/dev.eliassen.nl\/de\/vase-schmal-hochglanz-schwarz-80cm-hoch\/#primaryimage","url":"https:\/\/dev.eliassen.nl\/wp-content\/uploads\/2024\/01\/vaassmalhoogglanszwart80cmhoogeliassennl.jpg","contentUrl":"https:\/\/dev.eliassen.nl\/wp-content\/uploads\/2024\/01\/vaassmalhoogglanszwart80cmhoogeliassennl.jpg","width":393,"height":394,"caption":"Vaas smal hoogglans zwart 80cm hoog - Eliassen.nl"},{"@type":"BreadcrumbList","@id":"https:\/\/dev.eliassen.nl\/de\/vase-schmal-hochglanz-schwarz-80cm-hoch\/#breadcrumb","itemListElement":[{"@type":"ListItem","position":1,"name":"Home","item":"https:\/\/dev.eliassen.nl\/de\/"},{"@type":"ListItem","position":2,"name":"Shop","item":"https:\/\/dev.eliassen.nl\/nl\/winkel\/"},{"@type":"ListItem","position":3,"name":"Blument\u00f6pfe und Pflanzgef\u00e4\u00dfe","item":"https:\/\/dev.eliassen.nl\/de\/blumentoepfe-und-pflanzgefaesse\/"},{"@type":"ListItem","position":4,"name":"Vasen und T\u00f6pfe im modernen Design","item":"https:\/\/dev.eliassen.nl\/de\/blumentoepfe-und-pflanzgefaesse\/vasen-und-toepfe-im-modernen-design\/"},{"@type":"ListItem","position":5,"name":"Vase schmal hochglanz schwarz 80cm hoch"}]},{"@type":"WebSite","@id":"https:\/\/dev.eliassen.nl\/de\/#website","url":"https:\/\/dev.eliassen.nl\/de\/","name":"Eliassen Home & Garden Pleasure","description":"","publisher":{"@id":"https:\/\/dev.eliassen.nl\/de\/#organization"},"alternateName":"Eliassen.nl","potentialAction":[{"@type":"SearchAction","target":{"@type":"EntryPoint","urlTemplate":"https:\/\/dev.eliassen.nl\/de\/?s={search_term_string}"},"query-input":{"@type":"PropertyValueSpecification","valueRequired":true,"valueName":"search_term_string"}}],"inLanguage":"de"},{"@type":"Organization","@id":"https:\/\/dev.eliassen.nl\/de\/#organization","name":"Eliassen Home & Garden Pleasure","url":"https:\/\/dev.eliassen.nl\/de\/","logo":{"@type":"ImageObject","inLanguage":"de","@id":"https:\/\/dev.eliassen.nl\/de\/#\/schema\/logo\/image\/","url":"https:\/\/www.eliassen.nl\/wp-content\/uploads\/2024\/01\/logo_4nd.jpg","contentUrl":"https:\/\/www.eliassen.nl\/wp-content\/uploads\/2024\/01\/logo_4nd.jpg","width":500,"height":500,"caption":"Eliassen Home & Garden Pleasure"},"image":{"@id":"https:\/\/dev.eliassen.nl\/de\/#\/schema\/logo\/image\/"},"sameAs":["https:\/\/www.facebook.com\/TuincentrumEliassenAmmerzoden","https:\/\/www.instagram.com\/eliassenhomeandgarden\/","https:\/\/nl.pinterest.com\/eliassenhomeandgarden\/","https:\/\/www.youtube.com\/@eliassenhomegardenpleasure4558"]}]}},"df_price":215,"df_sale_price":"","df_regular_price":215,"df_image_link":"https:\/\/dev.eliassen.nl\/wp-content\/uploads\/2024\/01\/vaassmalhoogglanszwart80cmhoogeliassennl.jpg","image":"https:\/\/dev.eliassen.nl\/wp-content\/uploads\/2024\/01\/vaassmalhoogglanszwart80cmhoogeliassennl.jpg","price_search":"<span class=\"woocommerce-Price-amount amount\"><bdi><span class=\"woocommerce-Price-currencySymbol\">&euro;<\/span>&nbsp;215,00<\/bdi><\/span>","category":"Blument\u00f6pfe und Pflanzgef\u00e4\u00dfe","_links":{"self":[{"href":"https:\/\/dev.eliassen.nl\/de\/wp-json\/wp\/v2\/product\/75595","targetHints":{"allow":["GET"]}}],"collection":[{"href":"https:\/\/dev.eliassen.nl\/de\/wp-json\/wp\/v2\/product"}],"about":[{"href":"https:\/\/dev.eliassen.nl\/de\/wp-json\/wp\/v2\/types\/product"}],"wp:featuredmedia":[{"embeddable":true,"href":"https:\/\/dev.eliassen.nl\/de\/wp-json\/wp\/v2\/media\/75592"}],"wp:attachment":[{"href":"https:\/\/dev.eliassen.nl\/de\/wp-json\/wp\/v2\/media?parent=75595"}],"wp:term":[{"taxonomy":"product_brand","embeddable":true,"href":"https:\/\/dev.eliassen.nl\/de\/wp-json\/wp\/v2\/product_brand?post=75595"},{"taxonomy":"product_cat","embeddable":true,"href":"https:\/\/dev.eliassen.nl\/de\/wp-json\/wp\/v2\/product_cat?post=75595"},{"taxonomy":"product_tag","embeddable":true,"href":"https:\/\/dev.eliassen.nl\/de\/wp-json\/wp\/v2\/product_tag?post=75595"}],"curies":[{"name":"wp","href":"https:\/\/api.w.org\/{rel}","templated":true}]}}