{"id":75619,"date":"2022-09-24T13:46:43","date_gmt":"2022-09-24T11:46:43","guid":{"rendered":"https:\/\/www.eliassen.nl\/?product=metalen-kraanvogel"},"modified":"2024-12-05T16:07:56","modified_gmt":"2024-12-05T15:07:56","slug":"kran-aus-metall","status":"publish","type":"product","link":"https:\/\/dev.eliassen.nl\/de\/kran-aus-metall\/","title":{"rendered":"Kran aus Metall"},"content":{"rendered":"<p>Sch\u00f6ne Metallfigur eines gro\u00dfen Kranichs.<br \/>Ein Schmuckst\u00fcck im Haus oder Garten und sch\u00f6n zum Verschenken. Komplett handgefertigt und bemalt.<br \/>Da es sich um Handarbeit handelt, kann das Bild leicht von Ihrem bestellten Exemplar abweichen.<\/p>\n<p><strong>Wir haben fast alles aus dieser Serie im Showroom, schauen Sie vorbei.<\/strong><\/p>\n<ul>\n<li>Gr\u00f6\u00dfe 38x20x90cm hoch.<\/li>\n<li>Schnell geliefert.<\/li>\n<li>100 % Handarbeit.<\/li>\n<li>Kann in ein Teelicht gestellt werden.<\/li>\n<li>1 Jahr Garantie.<\/li>\n<\/ul>\n","protected":false},"excerpt":{"rendered":"<p>Sch\u00f6ne Metallfigur eines gro\u00dfen Kranichs.Ein Schmuckst\u00fcck im Haus oder Garten und sch\u00f6n zum Verschenken. Komplett handgefertigt und bemalt.Da es sich um Handarbeit handelt, kann das Bild leicht von Ihrem bestellten Exemplar abweichen. Wir haben fast alles aus dieser Serie im Showroom, schauen Sie vorbei. Gr\u00f6\u00dfe 38x20x90cm hoch. Schnell geliefert. 100 % Handarbeit. Kann in ein &hellip;<\/p>\n","protected":false},"featured_media":75604,"template":"","meta":{"_acf_changed":false},"product_brand":[],"product_cat":[659,662],"product_tag":[],"class_list":{"0":"post-75619","1":"product","2":"type-product","3":"status-publish","4":"has-post-thumbnail","6":"product_cat-dekoration-aus-metall","7":"product_cat-gartenstatuen-aus-metall","9":"first","10":"instock","11":"taxable","12":"shipping-taxable","13":"purchasable","14":"product-type-simple"},"acf":[],"yoast_head":"<!-- This site is optimized with the Yoast SEO plugin v23.8 - https:\/\/yoast.com\/wordpress\/plugins\/seo\/ -->\n<title>Kran aus Metall<\/title>\n<meta name=\"description\" content=\"Einen Metallkran kaufen? Eliassen bietet Ihnen eine gro\u00dfe Auswahl an Metallfiguren in einem gro\u00dfen Showroom und online schnelle Lieferzeiten.\" \/>\n<meta name=\"robots\" content=\"noindex, follow, max-snippet:-1, max-image-preview:large, max-video-preview:-1\" \/>\n<meta property=\"og:locale\" content=\"de_DE\" \/>\n<meta property=\"og:type\" content=\"article\" \/>\n<meta property=\"og:title\" content=\"Kran aus Metall\" \/>\n<meta property=\"og:description\" content=\"Einen Metallkran kaufen? Eliassen bietet Ihnen eine gro\u00dfe Auswahl an Metallfiguren in einem gro\u00dfen Showroom und online schnelle Lieferzeiten.\" \/>\n<meta property=\"og:url\" content=\"https:\/\/dev.eliassen.nl\/de\/kran-aus-metall\/\" \/>\n<meta property=\"og:site_name\" content=\"Eliassen.nl\" \/>\n<meta property=\"article:publisher\" content=\"https:\/\/www.facebook.com\/TuincentrumEliassenAmmerzoden\" \/>\n<meta property=\"article:modified_time\" content=\"2024-12-05T15:07:56+00:00\" \/>\n<meta property=\"og:image\" content=\"https:\/\/dev.eliassen.nl\/wp-content\/uploads\/2024\/01\/mijnproject_205nd.png\" \/>\n\t<meta property=\"og:image:width\" content=\"562\" \/>\n\t<meta property=\"og:image:height\" content=\"796\" \/>\n\t<meta property=\"og:image:type\" content=\"image\/png\" \/>\n<meta name=\"twitter:card\" content=\"summary_large_image\" \/>\n<script type=\"application\/ld+json\" class=\"yoast-schema-graph\">{\"@context\":\"https:\/\/schema.org\",\"@graph\":[{\"@type\":\"WebPage\",\"@id\":\"https:\/\/dev.eliassen.nl\/de\/kran-aus-metall\/\",\"url\":\"https:\/\/dev.eliassen.nl\/de\/kran-aus-metall\/\",\"name\":\"Kran aus Metall\",\"isPartOf\":{\"@id\":\"https:\/\/dev.eliassen.nl\/de\/#website\"},\"primaryImageOfPage\":{\"@id\":\"https:\/\/dev.eliassen.nl\/de\/kran-aus-metall\/#primaryimage\"},\"image\":{\"@id\":\"https:\/\/dev.eliassen.nl\/de\/kran-aus-metall\/#primaryimage\"},\"thumbnailUrl\":\"https:\/\/dev.eliassen.nl\/wp-content\/uploads\/2024\/01\/mijnproject_205nd.png\",\"datePublished\":\"2022-09-24T11:46:43+00:00\",\"dateModified\":\"2024-12-05T15:07:56+00:00\",\"description\":\"Einen Metallkran kaufen? Eliassen bietet Ihnen eine gro\u00dfe Auswahl an Metallfiguren in einem gro\u00dfen Showroom und online schnelle Lieferzeiten.\",\"breadcrumb\":{\"@id\":\"https:\/\/dev.eliassen.nl\/de\/kran-aus-metall\/#breadcrumb\"},\"inLanguage\":\"de\",\"potentialAction\":[{\"@type\":\"ReadAction\",\"target\":[\"https:\/\/dev.eliassen.nl\/de\/kran-aus-metall\/\"]}]},{\"@type\":\"ImageObject\",\"inLanguage\":\"de\",\"@id\":\"https:\/\/dev.eliassen.nl\/de\/kran-aus-metall\/#primaryimage\",\"url\":\"https:\/\/dev.eliassen.nl\/wp-content\/uploads\/2024\/01\/mijnproject_205nd.png\",\"contentUrl\":\"https:\/\/dev.eliassen.nl\/wp-content\/uploads\/2024\/01\/mijnproject_205nd.png\",\"width\":562,\"height\":796,\"caption\":\"Mijn project\"},{\"@type\":\"BreadcrumbList\",\"@id\":\"https:\/\/dev.eliassen.nl\/de\/kran-aus-metall\/#breadcrumb\",\"itemListElement\":[{\"@type\":\"ListItem\",\"position\":1,\"name\":\"Home\",\"item\":\"https:\/\/dev.eliassen.nl\/de\/\"},{\"@type\":\"ListItem\",\"position\":2,\"name\":\"Shop\",\"item\":\"https:\/\/dev.eliassen.nl\/nl\/winkel\/\"},{\"@type\":\"ListItem\",\"position\":3,\"name\":\"Dekoration aus Metall\",\"item\":\"https:\/\/dev.eliassen.nl\/de\/dekoration-aus-metall\/\"},{\"@type\":\"ListItem\",\"position\":4,\"name\":\"Gartenstatuen aus Metall\",\"item\":\"https:\/\/dev.eliassen.nl\/de\/dekoration-aus-metall\/gartenstatuen-aus-metall\/\"},{\"@type\":\"ListItem\",\"position\":5,\"name\":\"Kran aus Metall\"}]},{\"@type\":\"WebSite\",\"@id\":\"https:\/\/dev.eliassen.nl\/de\/#website\",\"url\":\"https:\/\/dev.eliassen.nl\/de\/\",\"name\":\"Eliassen Home & Garden Pleasure\",\"description\":\"\",\"publisher\":{\"@id\":\"https:\/\/dev.eliassen.nl\/de\/#organization\"},\"alternateName\":\"Eliassen.nl\",\"potentialAction\":[{\"@type\":\"SearchAction\",\"target\":{\"@type\":\"EntryPoint\",\"urlTemplate\":\"https:\/\/dev.eliassen.nl\/de\/?s={search_term_string}\"},\"query-input\":{\"@type\":\"PropertyValueSpecification\",\"valueRequired\":true,\"valueName\":\"search_term_string\"}}],\"inLanguage\":\"de\"},{\"@type\":\"Organization\",\"@id\":\"https:\/\/dev.eliassen.nl\/de\/#organization\",\"name\":\"Eliassen Home & Garden Pleasure\",\"url\":\"https:\/\/dev.eliassen.nl\/de\/\",\"logo\":{\"@type\":\"ImageObject\",\"inLanguage\":\"de\",\"@id\":\"https:\/\/dev.eliassen.nl\/de\/#\/schema\/logo\/image\/\",\"url\":\"https:\/\/www.eliassen.nl\/wp-content\/uploads\/2024\/01\/logo_4nd.jpg\",\"contentUrl\":\"https:\/\/www.eliassen.nl\/wp-content\/uploads\/2024\/01\/logo_4nd.jpg\",\"width\":500,\"height\":500,\"caption\":\"Eliassen Home & Garden Pleasure\"},\"image\":{\"@id\":\"https:\/\/dev.eliassen.nl\/de\/#\/schema\/logo\/image\/\"},\"sameAs\":[\"https:\/\/www.facebook.com\/TuincentrumEliassenAmmerzoden\",\"https:\/\/www.instagram.com\/eliassenhomeandgarden\/\",\"https:\/\/nl.pinterest.com\/eliassenhomeandgarden\/\",\"https:\/\/www.youtube.com\/@eliassenhomegardenpleasure4558\"]}]}<\/script>\n<!-- \/ Yoast SEO plugin. -->","yoast_head_json":{"title":"Kran aus Metall","description":"Einen Metallkran kaufen? Eliassen bietet Ihnen eine gro\u00dfe Auswahl an Metallfiguren in einem gro\u00dfen Showroom und online schnelle Lieferzeiten.","robots":{"index":"noindex","follow":"follow","max-snippet":"max-snippet:-1","max-image-preview":"max-image-preview:large","max-video-preview":"max-video-preview:-1"},"og_locale":"de_DE","og_type":"article","og_title":"Kran aus Metall","og_description":"Einen Metallkran kaufen? Eliassen bietet Ihnen eine gro\u00dfe Auswahl an Metallfiguren in einem gro\u00dfen Showroom und online schnelle Lieferzeiten.","og_url":"https:\/\/dev.eliassen.nl\/de\/kran-aus-metall\/","og_site_name":"Eliassen.nl","article_publisher":"https:\/\/www.facebook.com\/TuincentrumEliassenAmmerzoden","article_modified_time":"2024-12-05T15:07:56+00:00","og_image":[{"width":562,"height":796,"url":"https:\/\/dev.eliassen.nl\/wp-content\/uploads\/2024\/01\/mijnproject_205nd.png","type":"image\/png"}],"twitter_card":"summary_large_image","schema":{"@context":"https:\/\/schema.org","@graph":[{"@type":"WebPage","@id":"https:\/\/dev.eliassen.nl\/de\/kran-aus-metall\/","url":"https:\/\/dev.eliassen.nl\/de\/kran-aus-metall\/","name":"Kran aus Metall","isPartOf":{"@id":"https:\/\/dev.eliassen.nl\/de\/#website"},"primaryImageOfPage":{"@id":"https:\/\/dev.eliassen.nl\/de\/kran-aus-metall\/#primaryimage"},"image":{"@id":"https:\/\/dev.eliassen.nl\/de\/kran-aus-metall\/#primaryimage"},"thumbnailUrl":"https:\/\/dev.eliassen.nl\/wp-content\/uploads\/2024\/01\/mijnproject_205nd.png","datePublished":"2022-09-24T11:46:43+00:00","dateModified":"2024-12-05T15:07:56+00:00","description":"Einen Metallkran kaufen? Eliassen bietet Ihnen eine gro\u00dfe Auswahl an Metallfiguren in einem gro\u00dfen Showroom und online schnelle Lieferzeiten.","breadcrumb":{"@id":"https:\/\/dev.eliassen.nl\/de\/kran-aus-metall\/#breadcrumb"},"inLanguage":"de","potentialAction":[{"@type":"ReadAction","target":["https:\/\/dev.eliassen.nl\/de\/kran-aus-metall\/"]}]},{"@type":"ImageObject","inLanguage":"de","@id":"https:\/\/dev.eliassen.nl\/de\/kran-aus-metall\/#primaryimage","url":"https:\/\/dev.eliassen.nl\/wp-content\/uploads\/2024\/01\/mijnproject_205nd.png","contentUrl":"https:\/\/dev.eliassen.nl\/wp-content\/uploads\/2024\/01\/mijnproject_205nd.png","width":562,"height":796,"caption":"Mijn project"},{"@type":"BreadcrumbList","@id":"https:\/\/dev.eliassen.nl\/de\/kran-aus-metall\/#breadcrumb","itemListElement":[{"@type":"ListItem","position":1,"name":"Home","item":"https:\/\/dev.eliassen.nl\/de\/"},{"@type":"ListItem","position":2,"name":"Shop","item":"https:\/\/dev.eliassen.nl\/nl\/winkel\/"},{"@type":"ListItem","position":3,"name":"Dekoration aus Metall","item":"https:\/\/dev.eliassen.nl\/de\/dekoration-aus-metall\/"},{"@type":"ListItem","position":4,"name":"Gartenstatuen aus Metall","item":"https:\/\/dev.eliassen.nl\/de\/dekoration-aus-metall\/gartenstatuen-aus-metall\/"},{"@type":"ListItem","position":5,"name":"Kran aus Metall"}]},{"@type":"WebSite","@id":"https:\/\/dev.eliassen.nl\/de\/#website","url":"https:\/\/dev.eliassen.nl\/de\/","name":"Eliassen Home & Garden Pleasure","description":"","publisher":{"@id":"https:\/\/dev.eliassen.nl\/de\/#organization"},"alternateName":"Eliassen.nl","potentialAction":[{"@type":"SearchAction","target":{"@type":"EntryPoint","urlTemplate":"https:\/\/dev.eliassen.nl\/de\/?s={search_term_string}"},"query-input":{"@type":"PropertyValueSpecification","valueRequired":true,"valueName":"search_term_string"}}],"inLanguage":"de"},{"@type":"Organization","@id":"https:\/\/dev.eliassen.nl\/de\/#organization","name":"Eliassen Home & Garden Pleasure","url":"https:\/\/dev.eliassen.nl\/de\/","logo":{"@type":"ImageObject","inLanguage":"de","@id":"https:\/\/dev.eliassen.nl\/de\/#\/schema\/logo\/image\/","url":"https:\/\/www.eliassen.nl\/wp-content\/uploads\/2024\/01\/logo_4nd.jpg","contentUrl":"https:\/\/www.eliassen.nl\/wp-content\/uploads\/2024\/01\/logo_4nd.jpg","width":500,"height":500,"caption":"Eliassen Home & Garden Pleasure"},"image":{"@id":"https:\/\/dev.eliassen.nl\/de\/#\/schema\/logo\/image\/"},"sameAs":["https:\/\/www.facebook.com\/TuincentrumEliassenAmmerzoden","https:\/\/www.instagram.com\/eliassenhomeandgarden\/","https:\/\/nl.pinterest.com\/eliassenhomeandgarden\/","https:\/\/www.youtube.com\/@eliassenhomegardenpleasure4558"]}]}},"df_price":74.5,"df_sale_price":"","df_regular_price":74.5,"df_image_link":"https:\/\/dev.eliassen.nl\/wp-content\/uploads\/2024\/01\/mijnproject_205nd.png","image":"https:\/\/dev.eliassen.nl\/wp-content\/uploads\/2024\/01\/mijnproject_205nd.png","price_search":"<span class=\"woocommerce-Price-amount amount\"><bdi><span class=\"woocommerce-Price-currencySymbol\">&euro;<\/span>&nbsp;74,50<\/bdi><\/span>","category":"Dekoration aus Metall","_links":{"self":[{"href":"https:\/\/dev.eliassen.nl\/de\/wp-json\/wp\/v2\/product\/75619","targetHints":{"allow":["GET"]}}],"collection":[{"href":"https:\/\/dev.eliassen.nl\/de\/wp-json\/wp\/v2\/product"}],"about":[{"href":"https:\/\/dev.eliassen.nl\/de\/wp-json\/wp\/v2\/types\/product"}],"wp:featuredmedia":[{"embeddable":true,"href":"https:\/\/dev.eliassen.nl\/de\/wp-json\/wp\/v2\/media\/75604"}],"wp:attachment":[{"href":"https:\/\/dev.eliassen.nl\/de\/wp-json\/wp\/v2\/media?parent=75619"}],"wp:term":[{"taxonomy":"product_brand","embeddable":true,"href":"https:\/\/dev.eliassen.nl\/de\/wp-json\/wp\/v2\/product_brand?post=75619"},{"taxonomy":"product_cat","embeddable":true,"href":"https:\/\/dev.eliassen.nl\/de\/wp-json\/wp\/v2\/product_cat?post=75619"},{"taxonomy":"product_tag","embeddable":true,"href":"https:\/\/dev.eliassen.nl\/de\/wp-json\/wp\/v2\/product_tag?post=75619"}],"curies":[{"name":"wp","href":"https:\/\/api.w.org\/{rel}","templated":true}]}}