{"id":75655,"date":"2022-09-29T11:08:43","date_gmt":"2022-09-29T09:08:43","guid":{"rendered":"https:\/\/www.eliassen.nl\/?product=beeld-brons-dikke-dame-ballet-92cm"},"modified":"2024-12-05T16:08:01","modified_gmt":"2024-12-05T15:08:01","slug":"bild-bronze-fat-lady-ballett-92cm","status":"publish","type":"product","link":"https:\/\/dev.eliassen.nl\/de\/bild-bronze-fat-lady-ballett-92cm\/","title":{"rendered":"Bild Bronze Fat Lady Ballett 92cm"},"content":{"rendered":"<p>Diese gro\u00dfe Bronzestatue einer fetten Frau, die Ballett praktiziert, ist ein sch\u00f6nes Dekorationsst\u00fcck f\u00fcr sich selbst oder als Geschenk f\u00fcr eine Party oder einen Jahrestag. Handgefertigt aus Bronze mit einem Kupfergehalt von mindestens 75 %, damit dieses Modell garantiert sch\u00f6n bleibt, drinnen oder drau\u00dfen.<\/p>\n<ul>\n<li>Gr\u00f6\u00dfe: 92 cm breit und hoch.<\/li>\n<li>Kommt mit Zertifikat.<\/li>\n<li>Schnell geliefert <strong>.<\/strong><\/li>\n<li>30 Jahre Garantie.<\/li>\n<li><strong>Viele aus dieser Serie von Bronzestatuen k\u00f6nnen auch live in unserem Gesch\u00e4ft besichtigt werden.<\/strong><\/li>\n<\/ul>\n","protected":false},"excerpt":{"rendered":"<p>Gro\u00dfe Bronzestatue einer dicken Frau, die Ballett praktiziert.<\/p>\n","protected":false},"featured_media":75649,"template":"","meta":{"_acf_changed":false},"product_brand":[],"product_cat":[632,613,629,7239],"product_tag":[],"class_list":{"0":"post-75655","1":"product","2":"type-product","3":"status-publish","4":"has-post-thumbnail","6":"product_cat-bilder-von-dicken-frauen","7":"product_cat-bronzestatuen","8":"product_cat-nackte-bilder","9":"product_cat-statuen-skulpturen","11":"first","12":"instock","13":"taxable","14":"shipping-taxable","15":"purchasable","16":"product-type-simple"},"acf":[],"yoast_head":"<!-- This site is optimized with the Yoast SEO plugin v23.8 - https:\/\/yoast.com\/wordpress\/plugins\/seo\/ -->\n<title>Grote bronzen beeld Beeld Dikke dame ballet | 92cm | Eliassen.nl<\/title>\n<meta name=\"description\" content=\"Grote bronzen beeld van een dikke dame in een ballet uitvoering. \u2705 Minimale kopergehalte 75\u2705 Geschikt voor binnen en buiten \u2705 Met certificaat \u2705 30 jr garantie!\" \/>\n<meta name=\"robots\" content=\"noindex, follow, max-snippet:-1, max-image-preview:large, max-video-preview:-1\" \/>\n<meta property=\"og:locale\" content=\"de_DE\" \/>\n<meta property=\"og:type\" content=\"article\" \/>\n<meta property=\"og:title\" content=\"Grote bronzen beeld Beeld Dikke dame ballet | 92cm | Eliassen.nl\" \/>\n<meta property=\"og:description\" content=\"Grote bronzen beeld van een dikke dame in een ballet uitvoering. \u2705 Minimale kopergehalte 75\u2705 Geschikt voor binnen en buiten \u2705 Met certificaat \u2705 30 jr garantie!\" \/>\n<meta property=\"og:url\" content=\"https:\/\/dev.eliassen.nl\/de\/bild-bronze-fat-lady-ballett-92cm\/\" \/>\n<meta property=\"og:site_name\" content=\"Eliassen.nl\" \/>\n<meta property=\"article:publisher\" content=\"https:\/\/www.facebook.com\/TuincentrumEliassenAmmerzoden\" \/>\n<meta property=\"article:modified_time\" content=\"2024-12-05T15:08:01+00:00\" \/>\n<meta property=\"og:image\" content=\"https:\/\/dev.eliassen.nl\/wp-content\/uploads\/2024\/01\/beeldbronsdikkedameballet92cmeliassennl.png\" \/>\n\t<meta property=\"og:image:width\" content=\"1080\" \/>\n\t<meta property=\"og:image:height\" content=\"1920\" \/>\n\t<meta property=\"og:image:type\" content=\"image\/png\" \/>\n<meta name=\"twitter:card\" content=\"summary_large_image\" \/>\n<script type=\"application\/ld+json\" class=\"yoast-schema-graph\">{\"@context\":\"https:\/\/schema.org\",\"@graph\":[{\"@type\":\"WebPage\",\"@id\":\"https:\/\/dev.eliassen.nl\/de\/bild-bronze-fat-lady-ballett-92cm\/\",\"url\":\"https:\/\/dev.eliassen.nl\/de\/bild-bronze-fat-lady-ballett-92cm\/\",\"name\":\"Grote bronzen beeld Beeld Dikke dame ballet | 92cm | Eliassen.nl\",\"isPartOf\":{\"@id\":\"https:\/\/dev.eliassen.nl\/de\/#website\"},\"primaryImageOfPage\":{\"@id\":\"https:\/\/dev.eliassen.nl\/de\/bild-bronze-fat-lady-ballett-92cm\/#primaryimage\"},\"image\":{\"@id\":\"https:\/\/dev.eliassen.nl\/de\/bild-bronze-fat-lady-ballett-92cm\/#primaryimage\"},\"thumbnailUrl\":\"https:\/\/dev.eliassen.nl\/wp-content\/uploads\/2024\/01\/beeldbronsdikkedameballet92cmeliassennl.png\",\"datePublished\":\"2022-09-29T09:08:43+00:00\",\"dateModified\":\"2024-12-05T15:08:01+00:00\",\"description\":\"Grote bronzen beeld van een dikke dame in een ballet uitvoering. \u2705 Minimale kopergehalte 75\u2705 Geschikt voor binnen en buiten \u2705 Met certificaat \u2705 30 jr garantie!\",\"breadcrumb\":{\"@id\":\"https:\/\/dev.eliassen.nl\/de\/bild-bronze-fat-lady-ballett-92cm\/#breadcrumb\"},\"inLanguage\":\"de\",\"potentialAction\":[{\"@type\":\"ReadAction\",\"target\":[\"https:\/\/dev.eliassen.nl\/de\/bild-bronze-fat-lady-ballett-92cm\/\"]}]},{\"@type\":\"ImageObject\",\"inLanguage\":\"de\",\"@id\":\"https:\/\/dev.eliassen.nl\/de\/bild-bronze-fat-lady-ballett-92cm\/#primaryimage\",\"url\":\"https:\/\/dev.eliassen.nl\/wp-content\/uploads\/2024\/01\/beeldbronsdikkedameballet92cmeliassennl.png\",\"contentUrl\":\"https:\/\/dev.eliassen.nl\/wp-content\/uploads\/2024\/01\/beeldbronsdikkedameballet92cmeliassennl.png\",\"width\":1080,\"height\":1920,\"caption\":\"Beeld brons Dikke dame ballet 92cm - Eliassen.nl\"},{\"@type\":\"BreadcrumbList\",\"@id\":\"https:\/\/dev.eliassen.nl\/de\/bild-bronze-fat-lady-ballett-92cm\/#breadcrumb\",\"itemListElement\":[{\"@type\":\"ListItem\",\"position\":1,\"name\":\"Home\",\"item\":\"https:\/\/dev.eliassen.nl\/de\/\"},{\"@type\":\"ListItem\",\"position\":2,\"name\":\"Shop\",\"item\":\"https:\/\/dev.eliassen.nl\/nl\/winkel\/\"},{\"@type\":\"ListItem\",\"position\":3,\"name\":\"Bronzestatuen\",\"item\":\"https:\/\/dev.eliassen.nl\/de\/bilder\/bronzestatuen\/\"},{\"@type\":\"ListItem\",\"position\":4,\"name\":\"Bilder von dicken Frauen\",\"item\":\"https:\/\/dev.eliassen.nl\/de\/bilder\/bronzestatuen\/bilder-von-dicken-frauen\/\"},{\"@type\":\"ListItem\",\"position\":5,\"name\":\"Bild Bronze Fat Lady Ballett 92cm\"}]},{\"@type\":\"WebSite\",\"@id\":\"https:\/\/dev.eliassen.nl\/de\/#website\",\"url\":\"https:\/\/dev.eliassen.nl\/de\/\",\"name\":\"Eliassen Home & Garden Pleasure\",\"description\":\"\",\"publisher\":{\"@id\":\"https:\/\/dev.eliassen.nl\/de\/#organization\"},\"alternateName\":\"Eliassen.nl\",\"potentialAction\":[{\"@type\":\"SearchAction\",\"target\":{\"@type\":\"EntryPoint\",\"urlTemplate\":\"https:\/\/dev.eliassen.nl\/de\/?s={search_term_string}\"},\"query-input\":{\"@type\":\"PropertyValueSpecification\",\"valueRequired\":true,\"valueName\":\"search_term_string\"}}],\"inLanguage\":\"de\"},{\"@type\":\"Organization\",\"@id\":\"https:\/\/dev.eliassen.nl\/de\/#organization\",\"name\":\"Eliassen Home & Garden Pleasure\",\"url\":\"https:\/\/dev.eliassen.nl\/de\/\",\"logo\":{\"@type\":\"ImageObject\",\"inLanguage\":\"de\",\"@id\":\"https:\/\/dev.eliassen.nl\/de\/#\/schema\/logo\/image\/\",\"url\":\"https:\/\/www.eliassen.nl\/wp-content\/uploads\/2024\/01\/logo_4nd.jpg\",\"contentUrl\":\"https:\/\/www.eliassen.nl\/wp-content\/uploads\/2024\/01\/logo_4nd.jpg\",\"width\":500,\"height\":500,\"caption\":\"Eliassen Home & Garden Pleasure\"},\"image\":{\"@id\":\"https:\/\/dev.eliassen.nl\/de\/#\/schema\/logo\/image\/\"},\"sameAs\":[\"https:\/\/www.facebook.com\/TuincentrumEliassenAmmerzoden\",\"https:\/\/www.instagram.com\/eliassenhomeandgarden\/\",\"https:\/\/nl.pinterest.com\/eliassenhomeandgarden\/\",\"https:\/\/www.youtube.com\/@eliassenhomegardenpleasure4558\"]}]}<\/script>\n<!-- \/ Yoast SEO plugin. -->","yoast_head_json":{"title":"Grote bronzen beeld Beeld Dikke dame ballet | 92cm | Eliassen.nl","description":"Grote bronzen beeld van een dikke dame in een ballet uitvoering. \u2705 Minimale kopergehalte 75\u2705 Geschikt voor binnen en buiten \u2705 Met certificaat \u2705 30 jr garantie!","robots":{"index":"noindex","follow":"follow","max-snippet":"max-snippet:-1","max-image-preview":"max-image-preview:large","max-video-preview":"max-video-preview:-1"},"og_locale":"de_DE","og_type":"article","og_title":"Grote bronzen beeld Beeld Dikke dame ballet | 92cm | Eliassen.nl","og_description":"Grote bronzen beeld van een dikke dame in een ballet uitvoering. \u2705 Minimale kopergehalte 75\u2705 Geschikt voor binnen en buiten \u2705 Met certificaat \u2705 30 jr garantie!","og_url":"https:\/\/dev.eliassen.nl\/de\/bild-bronze-fat-lady-ballett-92cm\/","og_site_name":"Eliassen.nl","article_publisher":"https:\/\/www.facebook.com\/TuincentrumEliassenAmmerzoden","article_modified_time":"2024-12-05T15:08:01+00:00","og_image":[{"width":1080,"height":1920,"url":"https:\/\/dev.eliassen.nl\/wp-content\/uploads\/2024\/01\/beeldbronsdikkedameballet92cmeliassennl.png","type":"image\/png"}],"twitter_card":"summary_large_image","schema":{"@context":"https:\/\/schema.org","@graph":[{"@type":"WebPage","@id":"https:\/\/dev.eliassen.nl\/de\/bild-bronze-fat-lady-ballett-92cm\/","url":"https:\/\/dev.eliassen.nl\/de\/bild-bronze-fat-lady-ballett-92cm\/","name":"Grote bronzen beeld Beeld Dikke dame ballet | 92cm | Eliassen.nl","isPartOf":{"@id":"https:\/\/dev.eliassen.nl\/de\/#website"},"primaryImageOfPage":{"@id":"https:\/\/dev.eliassen.nl\/de\/bild-bronze-fat-lady-ballett-92cm\/#primaryimage"},"image":{"@id":"https:\/\/dev.eliassen.nl\/de\/bild-bronze-fat-lady-ballett-92cm\/#primaryimage"},"thumbnailUrl":"https:\/\/dev.eliassen.nl\/wp-content\/uploads\/2024\/01\/beeldbronsdikkedameballet92cmeliassennl.png","datePublished":"2022-09-29T09:08:43+00:00","dateModified":"2024-12-05T15:08:01+00:00","description":"Grote bronzen beeld van een dikke dame in een ballet uitvoering. \u2705 Minimale kopergehalte 75\u2705 Geschikt voor binnen en buiten \u2705 Met certificaat \u2705 30 jr garantie!","breadcrumb":{"@id":"https:\/\/dev.eliassen.nl\/de\/bild-bronze-fat-lady-ballett-92cm\/#breadcrumb"},"inLanguage":"de","potentialAction":[{"@type":"ReadAction","target":["https:\/\/dev.eliassen.nl\/de\/bild-bronze-fat-lady-ballett-92cm\/"]}]},{"@type":"ImageObject","inLanguage":"de","@id":"https:\/\/dev.eliassen.nl\/de\/bild-bronze-fat-lady-ballett-92cm\/#primaryimage","url":"https:\/\/dev.eliassen.nl\/wp-content\/uploads\/2024\/01\/beeldbronsdikkedameballet92cmeliassennl.png","contentUrl":"https:\/\/dev.eliassen.nl\/wp-content\/uploads\/2024\/01\/beeldbronsdikkedameballet92cmeliassennl.png","width":1080,"height":1920,"caption":"Beeld brons Dikke dame ballet 92cm - Eliassen.nl"},{"@type":"BreadcrumbList","@id":"https:\/\/dev.eliassen.nl\/de\/bild-bronze-fat-lady-ballett-92cm\/#breadcrumb","itemListElement":[{"@type":"ListItem","position":1,"name":"Home","item":"https:\/\/dev.eliassen.nl\/de\/"},{"@type":"ListItem","position":2,"name":"Shop","item":"https:\/\/dev.eliassen.nl\/nl\/winkel\/"},{"@type":"ListItem","position":3,"name":"Bronzestatuen","item":"https:\/\/dev.eliassen.nl\/de\/bilder\/bronzestatuen\/"},{"@type":"ListItem","position":4,"name":"Bilder von dicken Frauen","item":"https:\/\/dev.eliassen.nl\/de\/bilder\/bronzestatuen\/bilder-von-dicken-frauen\/"},{"@type":"ListItem","position":5,"name":"Bild Bronze Fat Lady Ballett 92cm"}]},{"@type":"WebSite","@id":"https:\/\/dev.eliassen.nl\/de\/#website","url":"https:\/\/dev.eliassen.nl\/de\/","name":"Eliassen Home & Garden Pleasure","description":"","publisher":{"@id":"https:\/\/dev.eliassen.nl\/de\/#organization"},"alternateName":"Eliassen.nl","potentialAction":[{"@type":"SearchAction","target":{"@type":"EntryPoint","urlTemplate":"https:\/\/dev.eliassen.nl\/de\/?s={search_term_string}"},"query-input":{"@type":"PropertyValueSpecification","valueRequired":true,"valueName":"search_term_string"}}],"inLanguage":"de"},{"@type":"Organization","@id":"https:\/\/dev.eliassen.nl\/de\/#organization","name":"Eliassen Home & Garden Pleasure","url":"https:\/\/dev.eliassen.nl\/de\/","logo":{"@type":"ImageObject","inLanguage":"de","@id":"https:\/\/dev.eliassen.nl\/de\/#\/schema\/logo\/image\/","url":"https:\/\/www.eliassen.nl\/wp-content\/uploads\/2024\/01\/logo_4nd.jpg","contentUrl":"https:\/\/www.eliassen.nl\/wp-content\/uploads\/2024\/01\/logo_4nd.jpg","width":500,"height":500,"caption":"Eliassen Home & Garden Pleasure"},"image":{"@id":"https:\/\/dev.eliassen.nl\/de\/#\/schema\/logo\/image\/"},"sameAs":["https:\/\/www.facebook.com\/TuincentrumEliassenAmmerzoden","https:\/\/www.instagram.com\/eliassenhomeandgarden\/","https:\/\/nl.pinterest.com\/eliassenhomeandgarden\/","https:\/\/www.youtube.com\/@eliassenhomegardenpleasure4558"]}]}},"df_price":1350,"df_sale_price":"","df_regular_price":1350,"df_image_link":"https:\/\/dev.eliassen.nl\/wp-content\/uploads\/2024\/01\/beeldbronsdikkedameballet92cmeliassennl.png","image":"https:\/\/dev.eliassen.nl\/wp-content\/uploads\/2024\/01\/beeldbronsdikkedameballet92cmeliassennl.png","price_search":"<span class=\"woocommerce-Price-amount amount\"><bdi><span class=\"woocommerce-Price-currencySymbol\">&euro;<\/span>&nbsp;1.350,00<\/bdi><\/span>","category":"Bilder von dicken Frauen","_links":{"self":[{"href":"https:\/\/dev.eliassen.nl\/de\/wp-json\/wp\/v2\/product\/75655","targetHints":{"allow":["GET"]}}],"collection":[{"href":"https:\/\/dev.eliassen.nl\/de\/wp-json\/wp\/v2\/product"}],"about":[{"href":"https:\/\/dev.eliassen.nl\/de\/wp-json\/wp\/v2\/types\/product"}],"wp:featuredmedia":[{"embeddable":true,"href":"https:\/\/dev.eliassen.nl\/de\/wp-json\/wp\/v2\/media\/75649"}],"wp:attachment":[{"href":"https:\/\/dev.eliassen.nl\/de\/wp-json\/wp\/v2\/media?parent=75655"}],"wp:term":[{"taxonomy":"product_brand","embeddable":true,"href":"https:\/\/dev.eliassen.nl\/de\/wp-json\/wp\/v2\/product_brand?post=75655"},{"taxonomy":"product_cat","embeddable":true,"href":"https:\/\/dev.eliassen.nl\/de\/wp-json\/wp\/v2\/product_cat?post=75655"},{"taxonomy":"product_tag","embeddable":true,"href":"https:\/\/dev.eliassen.nl\/de\/wp-json\/wp\/v2\/product_tag?post=75655"}],"curies":[{"name":"wp","href":"https:\/\/api.w.org\/{rel}","templated":true}]}}