{"id":75664,"date":"2022-09-29T11:16:30","date_gmt":"2022-09-29T11:16:30","guid":{"rendered":"https:\/\/www.eliassen.nl\/?product=beeld-brons-koppel-samenzijn-98cm"},"modified":"2023-12-07T14:08:01","modified_gmt":"2023-12-07T14:08:01","slug":"bild-bronze-paar-zusammensein-98cm","status":"publish","type":"product","link":"https:\/\/dev.eliassen.nl\/de\/bild-bronze-paar-zusammensein-98cm\/","title":{"rendered":"Bild Bronze Paar Zusammensein 98cm"},"content":{"rendered":"<p>Wundersch\u00f6ner Satz Bronzestatuen eines Paares, 2 Freunde, die sich die Hand geben. Diese Statuen sollten am Rand einer Erhebung stehen, wie z. B. einem Schrank, Sockel oder \u00e4hnlichem. Dieses Set sieht innen und au\u00dfen wundersch\u00f6n aus. Hergestellt aus hochwertiger Bronze mit einem Kupfergehalt von mindestens 75 %, was eine sehr lange Lebensdauer garantiert.<\/p>\n<ul>\n<li>Gr\u00f6\u00dfe: 17 x 10 x 13 cm.<\/li>\n<li>Kommt mit Zertifikat.<\/li>\n<li>Schnell geliefert <strong>.<\/strong><\/li>\n<li>30 Jahre Garantie.<\/li>\n<li><strong>Viele aus dieser Serie von Bronzestatuen k\u00f6nnen auch live in unserem Gesch\u00e4ft besichtigt werden.<\/strong><\/li>\n<\/ul>\n<p>.<\/p>\n","protected":false},"excerpt":{"rendered":"<p>Set aus 2 Freunden Bronze<\/p>\n","protected":false},"featured_media":75658,"template":"","meta":{"_acf_changed":false},"product_brand":[],"product_cat":[7174],"product_tag":[],"class_list":{"0":"post-75664","1":"product","2":"type-product","3":"status-publish","4":"has-post-thumbnail","6":"product_cat-geen-categorie-de","8":"first","9":"instock","10":"taxable","11":"shipping-taxable","12":"purchasable","13":"product-type-simple"},"acf":[],"yoast_head":"<!-- This site is optimized with the Yoast SEO plugin v23.8 - https:\/\/yoast.com\/wordpress\/plugins\/seo\/ -->\n<title>Bronzen beeld koppel | Hoogwaardig brons | Eliassen.nl<\/title>\n<meta name=\"description\" content=\"Een prachtige bronzen beeld van een koppel. \u2705 Minimale kopergehalte 75 \u2705 Geschikt voor binnen en buiten \u2705 Wordt geleverd met certificaat!\u2705 LIVE te bekijken!\" \/>\n<meta name=\"robots\" content=\"noindex, follow, max-snippet:-1, max-image-preview:large, max-video-preview:-1\" \/>\n<meta property=\"og:locale\" content=\"de_DE\" \/>\n<meta property=\"og:type\" content=\"article\" \/>\n<meta property=\"og:title\" content=\"Bronzen beeld koppel | Hoogwaardig brons | Eliassen.nl\" \/>\n<meta property=\"og:description\" content=\"Een prachtige bronzen beeld van een koppel. \u2705 Minimale kopergehalte 75 \u2705 Geschikt voor binnen en buiten \u2705 Wordt geleverd met certificaat!\u2705 LIVE te bekijken!\" \/>\n<meta property=\"og:url\" content=\"https:\/\/dev.eliassen.nl\/de\/bild-bronze-paar-zusammensein-98cm\/\" \/>\n<meta property=\"og:site_name\" content=\"Eliassen.nl\" \/>\n<meta property=\"article:publisher\" content=\"https:\/\/www.facebook.com\/TuincentrumEliassenAmmerzoden\" \/>\n<meta property=\"article:modified_time\" content=\"2023-12-07T14:08:01+00:00\" \/>\n<meta property=\"og:image\" content=\"https:\/\/dev.eliassen.nl\/wp-content\/uploads\/2024\/01\/beeldbronskoppelsamenzijn98cmeliassennl.jpg\" \/>\n\t<meta property=\"og:image:width\" content=\"1536\" \/>\n\t<meta property=\"og:image:height\" content=\"2048\" \/>\n\t<meta property=\"og:image:type\" content=\"image\/jpeg\" \/>\n<meta name=\"twitter:card\" content=\"summary_large_image\" \/>\n<script type=\"application\/ld+json\" class=\"yoast-schema-graph\">{\"@context\":\"https:\/\/schema.org\",\"@graph\":[{\"@type\":\"WebPage\",\"@id\":\"https:\/\/dev.eliassen.nl\/de\/bild-bronze-paar-zusammensein-98cm\/\",\"url\":\"https:\/\/dev.eliassen.nl\/de\/bild-bronze-paar-zusammensein-98cm\/\",\"name\":\"Bronzen beeld koppel | Hoogwaardig brons | Eliassen.nl\",\"isPartOf\":{\"@id\":\"https:\/\/dev.eliassen.nl\/de\/#website\"},\"primaryImageOfPage\":{\"@id\":\"https:\/\/dev.eliassen.nl\/de\/bild-bronze-paar-zusammensein-98cm\/#primaryimage\"},\"image\":{\"@id\":\"https:\/\/dev.eliassen.nl\/de\/bild-bronze-paar-zusammensein-98cm\/#primaryimage\"},\"thumbnailUrl\":\"https:\/\/dev.eliassen.nl\/wp-content\/uploads\/2024\/01\/beeldbronskoppelsamenzijn98cmeliassennl.jpg\",\"datePublished\":\"2022-09-29T11:16:30+00:00\",\"dateModified\":\"2023-12-07T14:08:01+00:00\",\"description\":\"Een prachtige bronzen beeld van een koppel. \u2705 Minimale kopergehalte 75 \u2705 Geschikt voor binnen en buiten \u2705 Wordt geleverd met certificaat!\u2705 LIVE te bekijken!\",\"breadcrumb\":{\"@id\":\"https:\/\/dev.eliassen.nl\/de\/bild-bronze-paar-zusammensein-98cm\/#breadcrumb\"},\"inLanguage\":\"de\",\"potentialAction\":[{\"@type\":\"ReadAction\",\"target\":[\"https:\/\/dev.eliassen.nl\/de\/bild-bronze-paar-zusammensein-98cm\/\"]}]},{\"@type\":\"ImageObject\",\"inLanguage\":\"de\",\"@id\":\"https:\/\/dev.eliassen.nl\/de\/bild-bronze-paar-zusammensein-98cm\/#primaryimage\",\"url\":\"https:\/\/dev.eliassen.nl\/wp-content\/uploads\/2024\/01\/beeldbronskoppelsamenzijn98cmeliassennl.jpg\",\"contentUrl\":\"https:\/\/dev.eliassen.nl\/wp-content\/uploads\/2024\/01\/beeldbronskoppelsamenzijn98cmeliassennl.jpg\",\"width\":1536,\"height\":2048,\"caption\":\"Beeld brons koppel SamenZijn 98cm - Eliassen.nl\"},{\"@type\":\"BreadcrumbList\",\"@id\":\"https:\/\/dev.eliassen.nl\/de\/bild-bronze-paar-zusammensein-98cm\/#breadcrumb\",\"itemListElement\":[{\"@type\":\"ListItem\",\"position\":1,\"name\":\"Home\",\"item\":\"https:\/\/dev.eliassen.nl\/de\/\"},{\"@type\":\"ListItem\",\"position\":2,\"name\":\"Shop\",\"item\":\"https:\/\/dev.eliassen.nl\/nl\/winkel\/\"},{\"@type\":\"ListItem\",\"position\":3,\"name\":\"Geen categorie\",\"item\":\"https:\/\/dev.eliassen.nl\/de\/geen-categorie-de\/\"},{\"@type\":\"ListItem\",\"position\":4,\"name\":\"Bild Bronze Paar Zusammensein 98cm\"}]},{\"@type\":\"WebSite\",\"@id\":\"https:\/\/dev.eliassen.nl\/de\/#website\",\"url\":\"https:\/\/dev.eliassen.nl\/de\/\",\"name\":\"Eliassen Home & Garden Pleasure\",\"description\":\"\",\"publisher\":{\"@id\":\"https:\/\/dev.eliassen.nl\/de\/#organization\"},\"alternateName\":\"Eliassen.nl\",\"potentialAction\":[{\"@type\":\"SearchAction\",\"target\":{\"@type\":\"EntryPoint\",\"urlTemplate\":\"https:\/\/dev.eliassen.nl\/de\/?s={search_term_string}\"},\"query-input\":{\"@type\":\"PropertyValueSpecification\",\"valueRequired\":true,\"valueName\":\"search_term_string\"}}],\"inLanguage\":\"de\"},{\"@type\":\"Organization\",\"@id\":\"https:\/\/dev.eliassen.nl\/de\/#organization\",\"name\":\"Eliassen Home & Garden Pleasure\",\"url\":\"https:\/\/dev.eliassen.nl\/de\/\",\"logo\":{\"@type\":\"ImageObject\",\"inLanguage\":\"de\",\"@id\":\"https:\/\/dev.eliassen.nl\/de\/#\/schema\/logo\/image\/\",\"url\":\"https:\/\/www.eliassen.nl\/wp-content\/uploads\/2024\/01\/logo_4nd.jpg\",\"contentUrl\":\"https:\/\/www.eliassen.nl\/wp-content\/uploads\/2024\/01\/logo_4nd.jpg\",\"width\":500,\"height\":500,\"caption\":\"Eliassen Home & Garden Pleasure\"},\"image\":{\"@id\":\"https:\/\/dev.eliassen.nl\/de\/#\/schema\/logo\/image\/\"},\"sameAs\":[\"https:\/\/www.facebook.com\/TuincentrumEliassenAmmerzoden\",\"https:\/\/www.instagram.com\/eliassenhomeandgarden\/\",\"https:\/\/nl.pinterest.com\/eliassenhomeandgarden\/\",\"https:\/\/www.youtube.com\/@eliassenhomegardenpleasure4558\"]}]}<\/script>\n<!-- \/ Yoast SEO plugin. -->","yoast_head_json":{"title":"Bronzen beeld koppel | Hoogwaardig brons | Eliassen.nl","description":"Een prachtige bronzen beeld van een koppel. \u2705 Minimale kopergehalte 75 \u2705 Geschikt voor binnen en buiten \u2705 Wordt geleverd met certificaat!\u2705 LIVE te bekijken!","robots":{"index":"noindex","follow":"follow","max-snippet":"max-snippet:-1","max-image-preview":"max-image-preview:large","max-video-preview":"max-video-preview:-1"},"og_locale":"de_DE","og_type":"article","og_title":"Bronzen beeld koppel | Hoogwaardig brons | Eliassen.nl","og_description":"Een prachtige bronzen beeld van een koppel. \u2705 Minimale kopergehalte 75 \u2705 Geschikt voor binnen en buiten \u2705 Wordt geleverd met certificaat!\u2705 LIVE te bekijken!","og_url":"https:\/\/dev.eliassen.nl\/de\/bild-bronze-paar-zusammensein-98cm\/","og_site_name":"Eliassen.nl","article_publisher":"https:\/\/www.facebook.com\/TuincentrumEliassenAmmerzoden","article_modified_time":"2023-12-07T14:08:01+00:00","og_image":[{"width":1536,"height":2048,"url":"https:\/\/dev.eliassen.nl\/wp-content\/uploads\/2024\/01\/beeldbronskoppelsamenzijn98cmeliassennl.jpg","type":"image\/jpeg"}],"twitter_card":"summary_large_image","schema":{"@context":"https:\/\/schema.org","@graph":[{"@type":"WebPage","@id":"https:\/\/dev.eliassen.nl\/de\/bild-bronze-paar-zusammensein-98cm\/","url":"https:\/\/dev.eliassen.nl\/de\/bild-bronze-paar-zusammensein-98cm\/","name":"Bronzen beeld koppel | Hoogwaardig brons | Eliassen.nl","isPartOf":{"@id":"https:\/\/dev.eliassen.nl\/de\/#website"},"primaryImageOfPage":{"@id":"https:\/\/dev.eliassen.nl\/de\/bild-bronze-paar-zusammensein-98cm\/#primaryimage"},"image":{"@id":"https:\/\/dev.eliassen.nl\/de\/bild-bronze-paar-zusammensein-98cm\/#primaryimage"},"thumbnailUrl":"https:\/\/dev.eliassen.nl\/wp-content\/uploads\/2024\/01\/beeldbronskoppelsamenzijn98cmeliassennl.jpg","datePublished":"2022-09-29T11:16:30+00:00","dateModified":"2023-12-07T14:08:01+00:00","description":"Een prachtige bronzen beeld van een koppel. \u2705 Minimale kopergehalte 75 \u2705 Geschikt voor binnen en buiten \u2705 Wordt geleverd met certificaat!\u2705 LIVE te bekijken!","breadcrumb":{"@id":"https:\/\/dev.eliassen.nl\/de\/bild-bronze-paar-zusammensein-98cm\/#breadcrumb"},"inLanguage":"de","potentialAction":[{"@type":"ReadAction","target":["https:\/\/dev.eliassen.nl\/de\/bild-bronze-paar-zusammensein-98cm\/"]}]},{"@type":"ImageObject","inLanguage":"de","@id":"https:\/\/dev.eliassen.nl\/de\/bild-bronze-paar-zusammensein-98cm\/#primaryimage","url":"https:\/\/dev.eliassen.nl\/wp-content\/uploads\/2024\/01\/beeldbronskoppelsamenzijn98cmeliassennl.jpg","contentUrl":"https:\/\/dev.eliassen.nl\/wp-content\/uploads\/2024\/01\/beeldbronskoppelsamenzijn98cmeliassennl.jpg","width":1536,"height":2048,"caption":"Beeld brons koppel SamenZijn 98cm - Eliassen.nl"},{"@type":"BreadcrumbList","@id":"https:\/\/dev.eliassen.nl\/de\/bild-bronze-paar-zusammensein-98cm\/#breadcrumb","itemListElement":[{"@type":"ListItem","position":1,"name":"Home","item":"https:\/\/dev.eliassen.nl\/de\/"},{"@type":"ListItem","position":2,"name":"Shop","item":"https:\/\/dev.eliassen.nl\/nl\/winkel\/"},{"@type":"ListItem","position":3,"name":"Geen categorie","item":"https:\/\/dev.eliassen.nl\/de\/geen-categorie-de\/"},{"@type":"ListItem","position":4,"name":"Bild Bronze Paar Zusammensein 98cm"}]},{"@type":"WebSite","@id":"https:\/\/dev.eliassen.nl\/de\/#website","url":"https:\/\/dev.eliassen.nl\/de\/","name":"Eliassen Home & Garden Pleasure","description":"","publisher":{"@id":"https:\/\/dev.eliassen.nl\/de\/#organization"},"alternateName":"Eliassen.nl","potentialAction":[{"@type":"SearchAction","target":{"@type":"EntryPoint","urlTemplate":"https:\/\/dev.eliassen.nl\/de\/?s={search_term_string}"},"query-input":{"@type":"PropertyValueSpecification","valueRequired":true,"valueName":"search_term_string"}}],"inLanguage":"de"},{"@type":"Organization","@id":"https:\/\/dev.eliassen.nl\/de\/#organization","name":"Eliassen Home & Garden Pleasure","url":"https:\/\/dev.eliassen.nl\/de\/","logo":{"@type":"ImageObject","inLanguage":"de","@id":"https:\/\/dev.eliassen.nl\/de\/#\/schema\/logo\/image\/","url":"https:\/\/www.eliassen.nl\/wp-content\/uploads\/2024\/01\/logo_4nd.jpg","contentUrl":"https:\/\/www.eliassen.nl\/wp-content\/uploads\/2024\/01\/logo_4nd.jpg","width":500,"height":500,"caption":"Eliassen Home & Garden Pleasure"},"image":{"@id":"https:\/\/dev.eliassen.nl\/de\/#\/schema\/logo\/image\/"},"sameAs":["https:\/\/www.facebook.com\/TuincentrumEliassenAmmerzoden","https:\/\/www.instagram.com\/eliassenhomeandgarden\/","https:\/\/nl.pinterest.com\/eliassenhomeandgarden\/","https:\/\/www.youtube.com\/@eliassenhomegardenpleasure4558"]}]}},"df_price":1495,"df_sale_price":"","df_regular_price":1495,"df_image_link":"https:\/\/dev.eliassen.nl\/wp-content\/uploads\/2024\/01\/beeldbronskoppelsamenzijn98cmeliassennl.jpg","image":"https:\/\/dev.eliassen.nl\/wp-content\/uploads\/2024\/01\/beeldbronskoppelsamenzijn98cmeliassennl.jpg","price_search":"<span class=\"woocommerce-Price-amount amount\"><bdi><span class=\"woocommerce-Price-currencySymbol\">&euro;<\/span>&nbsp;1.495,00<\/bdi><\/span>","category":"Geen categorie","_links":{"self":[{"href":"https:\/\/dev.eliassen.nl\/de\/wp-json\/wp\/v2\/product\/75664","targetHints":{"allow":["GET"]}}],"collection":[{"href":"https:\/\/dev.eliassen.nl\/de\/wp-json\/wp\/v2\/product"}],"about":[{"href":"https:\/\/dev.eliassen.nl\/de\/wp-json\/wp\/v2\/types\/product"}],"wp:featuredmedia":[{"embeddable":true,"href":"https:\/\/dev.eliassen.nl\/de\/wp-json\/wp\/v2\/media\/75658"}],"wp:attachment":[{"href":"https:\/\/dev.eliassen.nl\/de\/wp-json\/wp\/v2\/media?parent=75664"}],"wp:term":[{"taxonomy":"product_brand","embeddable":true,"href":"https:\/\/dev.eliassen.nl\/de\/wp-json\/wp\/v2\/product_brand?post=75664"},{"taxonomy":"product_cat","embeddable":true,"href":"https:\/\/dev.eliassen.nl\/de\/wp-json\/wp\/v2\/product_cat?post=75664"},{"taxonomy":"product_tag","embeddable":true,"href":"https:\/\/dev.eliassen.nl\/de\/wp-json\/wp\/v2\/product_tag?post=75664"}],"curies":[{"name":"wp","href":"https:\/\/api.w.org\/{rel}","templated":true}]}}